{"id":1000,"date":"2021-04-16T18:12:42","date_gmt":"2021-04-16T18:12:42","guid":{"rendered":"https:\/\/211md.org\/?page_id=1000"},"modified":"2025-06-09T13:52:06","modified_gmt":"2025-06-09T17:52:06","slug":"mutmaslicher-missbrauch","status":"publish","type":"page","link":"https:\/\/211md.org\/de\/resources\/aging-disability\/suspect-abuse\/","title":{"rendered":"Missbrauch vermuten?"},"content":{"rendered":"<h2>Melden Sie mutma\u00dflichen Missbrauch<\/h2>\n<p>Um mutma\u00dflichen Missbrauch zu melden: Rufen Sie 1-800-917-7383, 24 Stunden am Tag, von \u00fcberall im Bundesstaat MD oder an\u00a0<a href=\"https:\/\/dhr.maryland.gov\/child-protective-services\/reporting-suspected-child-abuse-or-neglect\/local-offices\/\" target=\"_blank\" rel=\"noreferrer noopener\">klicken Sie hier<\/a>\u00a0Um die Nummer zu finden, wenden Sie sich an Ihre \u00f6rtliche Abteilung f\u00fcr Sozialdienste, B\u00fcro f\u00fcr Erwachsenenschutz.<\/p>\n<p>Adult Protective Services (APS) ist ein Programm f\u00fcr Erwachsene ab 18 Jahren, die sich in einer Situation der Verwundbarkeit befinden und entweder von Ausbeutung und Schaden bedroht sind oder diese erfahren. Sie untersuchen F\u00e4lle von mutma\u00dflichem Missbrauch und bieten professionelle Dienstleistungen zum Schutz des Wohlergehens schutzbed\u00fcrftiger Erwachsener an. Es gibt eine Vielzahl von Arten von Missbrauch und Vernachl\u00e4ssigung, die eine Meldung an den Erwachsenenschutzdienst rechtfertigen:<\/p>\n<ul>\n<li><strong>Misshandlungen<\/strong>\u00a0\u2013 einem Senior k\u00f6rperliche Schmerzen oder Verletzungen zuf\u00fcgen, z. B. Ohrfeigen, Quetschungen oder Fesseln mit physischen oder chemischen Mitteln.<\/li>\n<li><strong>Sexueller Missbrauch<\/strong>\u00a0\u2013 nicht einvernehmlicher sexueller Kontakt jeglicher Art.<\/li>\n<li><strong>Vernachl\u00e4ssigung<\/strong>\u00a0\u2013 das Vers\u00e4umnis der Verantwortlichen, einem gef\u00e4hrdeten \u00e4lteren Menschen Nahrung, Unterkunft, Gesundheitsversorgung oder Schutz bereitzustellen.<\/li>\n<li><strong>Ausbeutung<\/strong>\u00a0\u2013 die illegale Entnahme, der Missbrauch oder das Verheimlichen von Geldern, Eigentum oder Verm\u00f6genswerten eines Seniors zum Nutzen einer anderen Person.<\/li>\n<li><strong>Emotionaler Missbrauch<\/strong>\u00a0\u2013 einer \u00e4lteren Person durch verbale oder nonverbale Handlungen, z. B. Dem\u00fctigung, Einsch\u00fcchterung oder Drohung, seelischen Schmerz, Angst oder Bedr\u00e4ngnis zuzuf\u00fcgen.<\/li>\n<li><strong>Aufgabe<\/strong>\u00a0\u2013 Verlassen eines schutzbed\u00fcrftigen \u00e4lteren Menschen durch jemanden, der die Verantwortung f\u00fcr die Pflege oder das Sorgerecht f\u00fcr diese Person \u00fcbernommen hat.<\/li>\n<li><strong>Selbstvernachl\u00e4ssigung<\/strong>\u00a0\u2013 gekennzeichnet durch das Vers\u00e4umnis einer Person, wesentliche Selbstf\u00fcrsorgeaufgaben zu erf\u00fcllen, und dass ein solches Vers\u00e4umnis ihre eigene Gesundheit oder Sicherheit gef\u00e4hrdet.<\/li>\n<\/ul>\n<p><em>(aus dem Administration on Aging-National Center auf der Website von Elder Abuse,\u00a0<a href=\"https:\/\/ncea.acl.gov\/\" target=\"_blank\" rel=\"noreferrer noopener\">F\u00fcr weitere Informationen klicken Sie hier<\/a>)<\/em><\/p>\n\t<h2>Anzeichen von Missbrauch<\/h2>\n<p>So wie es mehrere Arten von Missbrauch gibt, so gibt es auch eine Vielzahl von Anzeichen von Missbrauch. Diese beinhalten:<\/p>\n\t<h3>Misshandlungen<\/h3>\n<ul>\n<li>Schnitte, Prellungen, Striemen oder Wunden<\/li>\n<li>Verbrennungen<\/li>\n<li>wirkt ungepflegt, schmutzig, stinkend<\/li>\n<li>unterern\u00e4hrt<\/li>\n<li>eine unbehandelte Erkrankung<\/li>\n<li>Verletzungen, die ungew\u00f6hnlich erscheinen<\/li>\n<\/ul>\n<h3>Verhalten<\/h3>\n<ul>\n<li>Wut<\/li>\n<li>Depression<\/li>\n<li>Verwirrung<\/li>\n<li>Furcht<\/li>\n<li>Hilflosigkeit<\/li>\n<li>Scham<\/li>\n<\/ul>\n<ul>\n\n<\/ul>\n\t<h3>Sozial<\/h3>\n<ul>\n<li>Isolation, R\u00fcckzug von Freunden, Familie und Aktivit\u00e4ten<\/li>\n<li>Drogenmissbrauch, Ausleben<\/li>\n<li>Schwierigkeiten, frei zu sprechen<\/li>\n<\/ul>\n<p>&nbsp;<\/p>\n<h3>Finanziell<\/h3>\n<ul>\n<li>ungew\u00f6hnliche Ausgabenaktivit\u00e4ten<\/li>\n<li>Bankkonto wechseln<\/li>\n<li>unbezahlte Rechnungen<\/li>\n<li>Unterschriften auf Schecks und anderen Dokumenten stimmen nicht \u00fcberein<\/li>\n\n<\/ul>\n\t<p><a href=\"https:\/\/dhr.maryland.gov\/child-protective-services\/reporting-suspected-child-abuse-or-neglect\/signs-neglect-abuse\/\" target=\"_blank\" rel=\"noreferrer noopener\">Klicken Sie hier, um ein Dokument des MD Department of Human Services mit zus\u00e4tzlichen Informationen zu Anzeichen von Missbrauch anzuzeigen.<\/a><\/p>\n<p>Zwar kann und wird jeder ermutigt, APS einen mutma\u00dflichen Missbrauch zu melden (muss nicht bewiesen werden), es gibt jedoch mehrere Personengruppen, die gesetzlich dazu verpflichtet sind. Dazu geh\u00f6ren: Angeh\u00f6rige der Gesundheitsberufe, Mitarbeiter der Sozialdienste und die Polizei, und sie werden Mandated Reporter genannt.<\/p>\n<p>Eine Meldung kann anonym erfolgen. Jeder, der in gutem Glauben eine Meldung macht, ist rechtlich vor zivilrechtlicher Haftung und strafrechtlichen Konsequenzen gesch\u00fctzt. Sollten Sie jedoch weitere Fragen haben oder sich dabei unsicher f\u00fchlen, w\u00e4hlen Sie bitte die 211 f\u00fcr Beratung und Unterst\u00fctzung.<\/p>\n<p>Bei der Erstellung eines Berichts wird der APS-Mitarbeiter verschiedene Informationen anfordern. Dazu geh\u00f6ren wahrscheinlich: Name, Alter, Adresse und Aufenthaltsort des gef\u00e4hrdeten Erwachsenen, Informationen \u00fcber die Person, die f\u00fcr seine Betreuung verantwortlich ist, eine Beschreibung der \u201eArt und des Ausma\u00dfes\u201c des Missbrauchs sowie andere relevante Informationen. Auch wenn Sie nicht \u00fcber viele detaillierte Informationen verf\u00fcgen und sich \u00fcber bestimmte Aspekte der Situation nicht im Klaren sind, rufen Sie am besten die APS an und teilen Sie ihnen Ihre Informationen mit, damit sie den Bericht bewerten und entscheiden k\u00f6nnen, wie am besten vorzugehen ist.<\/p>\n<p>Es gibt Situationen, in denen APS gemeldet wird und aufgrund der Nichterf\u00fcllung ihrer Definition\/Standards von Missbrauch nicht untersucht oder eingegriffen wird. Wenn in diesen Situationen noch zus\u00e4tzliche Unterst\u00fctzung und Ressourcen ben\u00f6tigt werden, kann es hilfreich sein, sich an einige der folgenden Arten von Agenturen und Diensten zu wenden:<\/p>\n<ul>\n<li>\n<ul>\n<li><em><strong>Fallmanagement \u2013<\/strong><\/em>\u00a0Einige Programme arbeiten mit Senioren und schutzbed\u00fcrftigen Erwachsenen zusammen, um ihre Bed\u00fcrfnisse einzusch\u00e4tzen; Pflegepl\u00e4ne entwickeln; Zugangsdienste; koordinieren die Bereitstellung ben\u00f6tigter Dienste; sicherstellen, dass Leistungen bezogen werden, und den Fortschritt nachverfolgen und \u00fcberwachen.<\/li>\n<li><em><strong>Informationen und Unterst\u00fctzung f\u00fcr Senioren \u2013<\/strong><\/em>\u00a0Jeder Landkreis in Maryland und Baltimore City verf\u00fcgt \u00fcber ein Informations- und Unterst\u00fctzungsb\u00fcro f\u00fcr Senioren, das Senioren dienen und Informationen und Verweise auf kommunale Ressourcen bereitstellen soll. Geschulte Spezialisten werden den Bedarf einsch\u00e4tzen und Anrufer entsprechend weiterleiten.\u00a0<a href=\"http:\/\/www.aging.maryland.gov\/Pages\/ProgramsAndServices.aspx\" target=\"_blank\" rel=\"noreferrer noopener\">Klicken Sie hier, um eine Liste der Informations- und Unterst\u00fctzungsb\u00fcros f\u00fcr Senioren anzuzeigen\u00a0<\/a><\/li>\n<li><em><strong>Maryland Access Point (KARTE) \u2013<\/strong><\/em>\u00a0Viele Bezirke in Maryland und Baltimore City haben ein Maryland Access Point-B\u00fcro. Diese B\u00fcros dienen als zentrale Anlaufstelle f\u00fcr zahlreiche Programme und Ressourcen zur Unterst\u00fctzung von Senioren und Erwachsenen (18+) mit einer Behinderung. Spezialisten werden den Bedarf einsch\u00e4tzen und entsprechende Empfehlungen aussprechen.\u00a0<a href=\"https:\/\/www.marylandaccesspoint.info\/consumer\/connect.php\" target=\"_blank\" rel=\"noreferrer noopener\">Klicken Sie hier, um ein MAP-B\u00fcro in Ihrer N\u00e4he zu finden<\/a><\/li>\n<li><em><strong>211 &#8211;<\/strong><\/em> Wir sind rund um die Uhr erreichbar und vermitteln Anrufer an verschiedene Gesundheits- und Personalberatungen in ihrer Gemeinde. Geschulte Fachkr\u00e4fte ermitteln den Bedarf und vermitteln geeignete Stellen. Sie erreichen uns unter der Nummer 211.<\/li>\n<\/ul>\n<\/li>\n<\/ul>\n<h2>Verwandte Informationen<\/h2>\n<p><a href=\"https:\/\/211md.org\/de\/ressourcen\/alterungsbehinderung\/medizin\/\">Medicare-Leistungen<\/a><\/p>\n<p><a href=\"https:\/\/211md.org\/de\/ressourcen\/alterungsbehinderung\/mutmaslicher-missbrauch\/\">Missbrauch vermuten?<\/a><\/p>\n<p><a href=\"https:\/\/marylandaccesspoint.211md.org\/\" target=\"_blank\" rel=\"noopener\">Zugangspunkt Maryland (KARTE)<\/a><\/p>\n<p><a href=\"https:\/\/211md.org\/de\/ressourcen\/alterungsbehinderung\/senior-housing\/\">Seniorenwohnung<\/a><\/p>\n<h2>\n\t\t\tRessourcen finden\t<\/h2>\n\t\t\t\t<a href=\"\/de\/ressourcen\/alterungsbehinderung\/\"  target=\"_self\" itemprop=\"url\">\n\t\t\t\t<img decoding=\"async\" src=\"https:\/\/211md.org\/wp-content\/uploads\/bb-plugin\/cache\/Mask-Group-41@2x-circle-73eaadba4cad8269faa4720e25cf1c85-.png\" alt=\"Die F\u00fc\u00dfe einer \u00e4lteren Frau und einer j\u00fcngeren Frau, die zusammen gehen\" itemprop=\"image\" height=\"500\" width=\"500\" title=\"Behindertendienste\" onerror=\"this.style.display='none'\" loading='lazy' \/>\n\t\t\t\t<\/a>\n\t\t<h3><a href=\"\/de\/ressourcen\/alterungsbehinderung\/\" target=\"_self\">Alter &amp; Behinderung<\/a><\/h3>\t\n\t\t\t\t<a href=\"\/de\/ressourcen\/kinder-familien\/\"  target=\"_self\" itemprop=\"url\">\n\t\t\t\t<img decoding=\"async\" src=\"https:\/\/211md.org\/wp-content\/uploads\/bb-plugin\/cache\/Mask-Group-38@2x-circle-ac40d46265fbec62083cd27f6dcf23b0-.png\" alt=\"Ein kleiner Junge und ein M\u00e4dchen l\u00e4cheln und schauen in die Kamera\" itemprop=\"image\" height=\"500\" width=\"500\" title=\"Maskengruppe 38@2x\" onerror=\"this.style.display='none'\" loading='lazy' \/>\n\t\t\t\t<\/a>\n\t\t<h3><a href=\"\/de\/ressourcen\/kinder-familien\/\" target=\"_self\">Kinder &amp; Familien<\/a><\/h3>\t\n\t\t\t\t<a href=\"\/de\/ressourcen\/hausliche-familiare-gewalt\/\"  target=\"_self\" itemprop=\"url\">\n\t\t\t\t<img decoding=\"async\" src=\"https:\/\/211md.org\/wp-content\/uploads\/bb-plugin\/cache\/Mask-Group-39@2x-circle-b2589197a13c791d910f46dd10b27a87-.png\" alt=\"Zwei Paar H\u00e4nde, die sich halten\" itemprop=\"image\" height=\"500\" width=\"500\" title=\"Maskengruppe 39@2x\" onerror=\"this.style.display='none'\" loading='lazy' \/>\n\t\t\t\t<\/a>\n\t\t<h3><a href=\"\/de\/ressourcen\/hausliche-familiare-gewalt\/\" target=\"_self\">H\u00e4usliche\/famili\u00e4re Gewalt<\/a><\/h3>\t\n\t\t\t\t<a href=\"\/de\/ressourcen\/arbeitssuche\/\"  target=\"_self\" itemprop=\"url\">\n\t\t\t\t<img decoding=\"async\" src=\"https:\/\/211md.org\/wp-content\/uploads\/bb-plugin\/cache\/Employment-circle-bf72562329e950df948954f5d3f44b2e-.png\" alt=\"Ein Automechaniker\" itemprop=\"image\" height=\"500\" width=\"500\" title=\"Besch\u00e4ftigung\" onerror=\"this.style.display='none'\" loading='lazy' \/>\n\t\t\t\t<\/a>\n\t\t<h3><a href=\"\/de\/ressourcen\/arbeitssuche\/\" target=\"_self\">Besch\u00e4ftigung<\/a><\/h3>\t\n\t\t\t\t<a href=\"\/de\/ressourcen\/gesundheitswesen\/\"  target=\"_self\" itemprop=\"url\">\n\t\t\t\t<img decoding=\"async\" src=\"https:\/\/211md.org\/wp-content\/uploads\/bb-plugin\/cache\/Mask-Group-35@2x-circle-94be10c13e4adae1683b4589dc2f5b2f-.png\" alt=\"Doktor, der Jungenbein betrachtet\" itemprop=\"image\" height=\"500\" width=\"500\" title=\"Maskengruppe 35@2x\" onerror=\"this.style.display='none'\" loading='lazy' \/>\n\t\t\t\t<\/a>\n\t\t<h3><a href=\"\/de\/ressourcen\/gesundheitswesen\/\" target=\"_self\">Gesundheitsvorsorge<\/a><\/h3>\t\n\t\t\t\t<a href=\"\/de\/ressourcen\/lebensmittel\/\"  target=\"_self\" itemprop=\"url\">\n\t\t\t\t<img decoding=\"async\" src=\"https:\/\/211md.org\/wp-content\/uploads\/bb-plugin\/cache\/Mask-Group-32@2x-circle-1c6d647dcaf998fa079d26735cedc92b-.png\" alt=\"Frisches Gem\u00fcse\" itemprop=\"image\" height=\"500\" width=\"500\" title=\"Maskengruppe 32@2x\" onerror=\"this.style.display='none'\" loading='lazy' \/>\n\t\t\t\t<\/a>\n\t\t<h3><a href=\"\/de\/ressourcen\/lebensmittel\/\" target=\"_self\">Essen<\/a><\/h3>\t\n\t\t\t\t<a href=\"\/de\/ressourcen\/gehause-unterkunft\/\"  target=\"_self\" itemprop=\"url\">\n\t\t\t\t<img decoding=\"async\" src=\"https:\/\/211md.org\/wp-content\/uploads\/bb-plugin\/cache\/Mask-Group-34@2x-circle-b99c55fc16ef21f35e2f2a1f7cc37b9a-.png\" alt=\"Apartmentkomplex Balkon\" itemprop=\"image\" height=\"500\" width=\"500\" title=\"Wohnung-Komplex\" onerror=\"this.style.display='none'\" loading='lazy' \/>\n\t\t\t\t<\/a>\n\t\t<h3><a href=\"\/de\/ressourcen\/gehause-unterkunft\/\" target=\"_self\">Wohnen &amp; Obdach<\/a><\/h3>\t\n\t\t\t\t<a href=\"\/de\/ressourcen\/neu-in-den-usa-und-maryland\/\"  target=\"_self\" itemprop=\"url\">\n\t\t\t\t<img decoding=\"async\" src=\"https:\/\/211md.org\/wp-content\/uploads\/bb-plugin\/cache\/American-flag-circle-0016cc327e27ef7aeb080f1da6c6e98b-.jpg\" alt=\"Neu in den Vereinigten Staaten\" itemprop=\"image\" height=\"364\" width=\"1366\" title=\"Amerikanische Flagge\" onerror=\"this.style.display='none'\" loading='lazy' \/>\n\t\t\t\t<\/a>\n\t\t<h3><a href=\"\/de\/ressourcen\/neu-in-den-usa-und-maryland\/\" target=\"_self\">Einwanderung<\/a><\/h3>\t\n\t\t\t\t<a href=\"\/de\/ressourcen\/kinder-familien\/verwandtschaftspflege\/\"  target=\"_self\" itemprop=\"url\">\n\t\t\t\t<img decoding=\"async\" src=\"https:\/\/211md.org\/wp-content\/uploads\/bb-plugin\/cache\/kinship-family-navigating-a-computer-circle-045fee9d587aefb20221bfea41a2cf9b-.png\" alt=\"Verwandtschaftsfamilie, die einen Computer navigiert\" itemprop=\"image\" title=\"Verwandtschaftsfamilie, die einen Computer navigiert\" onerror=\"this.style.display='none'\" loading='lazy' \/>\n\t\t\t\t<\/a>\n\t\t<h3><a href=\"\/de\/ressourcen\/kinder-familien\/verwandtschaftspflege\/\" target=\"_self\">Verwandtschaft<\/a><\/h3>\t\n\t\t\t\t<a href=\"\/de\/ressourcen\/rechtsberatung\/\"  target=\"_self\" itemprop=\"url\">\n\t\t\t\t<img decoding=\"async\" src=\"https:\/\/211md.org\/wp-content\/uploads\/bb-plugin\/cache\/Housing-Legal-circle-9a8f3c1c72c54b6e1ce612d2993c1ad4-.png\" alt=\"Rechtshammer mit einem Plastikmodell eines Hauses daneben\" itemprop=\"image\" height=\"348\" width=\"460\" title=\"Wohnungsrecht\" onerror=\"this.style.display='none'\" loading='lazy' \/>\n\t\t\t\t<\/a>\n\t\t<h3><a href=\"\/de\/ressourcen\/rechtsberatung\/\" target=\"_self\">Rechtsberatung<\/a><\/h3>\t\n\t\t\t\t<a href=\"\/de\/ressourcen\/psychische-gesundheit\/\"  target=\"_self\" itemprop=\"url\">\n\t\t\t\t<img decoding=\"async\" src=\"https:\/\/211md.org\/wp-content\/uploads\/bb-plugin\/cache\/Mask-Group-40@2x-circle-7bd9426367852fb3d841bc4bdc57a550-.png\" alt=\"Die Profile eines Mannes und einer Frau\" itemprop=\"image\" height=\"500\" width=\"500\" title=\"Maskengruppe 40@2x\" onerror=\"this.style.display='none'\" loading='lazy' \/>\n\t\t\t\t<\/a>\n\t\t<h3><a href=\"\/de\/ressourcen\/psychische-gesundheit\/\" target=\"_self\">Psychische Gesundheit<\/a><\/h3>\t\n\t\t\t\t<a href=\"\/de\/ressourcen\/mdreentry\/\"  target=\"_self\" itemprop=\"url\">\n\t\t\t\t<img decoding=\"async\" src=\"https:\/\/211md.org\/wp-content\/uploads\/bb-plugin\/cache\/Diverse-group-of-community-members-circle-4457c114cd48613bc79a0fb50060319c-.jpg\" alt=\"Vielf\u00e4ltige Gruppe von Community-Mitgliedern\" itemprop=\"image\" height=\"800\" width=\"1200\" title=\"Vielf\u00e4ltige Gruppe von Community-Mitgliedern\" onerror=\"this.style.display='none'\" loading='lazy' \/>\n\t\t\t\t<\/a>\n\t\t<h3><a href=\"\/de\/ressourcen\/mdreentry\/\" target=\"_self\">Wiedereintritt<\/a><\/h3>\t\n\t\t\t\t<a href=\"\/de\/stoppen\/\"  target=\"_self\" itemprop=\"url\">\n\t\t\t\t<img decoding=\"async\" src=\"https:\/\/211md.org\/wp-content\/uploads\/bb-plugin\/cache\/Background-section-MDStophate-circle-08e2bae1cf9f2ad6cc83e01e23da8cb9-.jpg\" alt=\"Hintergrund-Abschnitt-MDStophate\" itemprop=\"image\" height=\"768\" width=\"1366\" title=\"Hintergrund-Abschnitt-MDStophate\" onerror=\"this.style.display='none'\" loading='lazy' \/>\n\t\t\t\t<\/a>\n\t\t<h3><a href=\"\/de\/stoppen\/\" target=\"_self\">Stoppen Sie Hass<\/a><\/h3>\t\n\t\t\t\t<a href=\"\/de\/ressourcen\/substanzgebrauch\/\"  target=\"_self\" itemprop=\"url\">\n\t\t\t\t<img decoding=\"async\" src=\"https:\/\/211md.org\/wp-content\/uploads\/bb-plugin\/cache\/Substance-Use-circle-ad2d564932dc31267e0c32a6fb2d915c-.png\" alt=\"Hand zerschlagende Pillen\" itemprop=\"image\" height=\"500\" width=\"500\" title=\"Substanzgebrauch\" onerror=\"this.style.display='none'\" loading='lazy' \/>\n\t\t\t\t<\/a>\n\t\t<h3><a href=\"\/de\/ressourcen\/substanzgebrauch\/\" target=\"_self\">Substanzgebrauch<\/a><\/h3>\t\n\t\t\t\t<a href=\"\/de\/ressourcen\/steuerdienstleistungen\/\"  target=\"_self\" itemprop=\"url\">\n\t\t\t\t<img decoding=\"async\" src=\"https:\/\/211md.org\/wp-content\/uploads\/bb-plugin\/cache\/Mask-Group-34-circle-166a606e37e61188c9a17d5e634cda3c-.png\" alt=\"Person, die Einkommensteuerunterlagen ausf\u00fcllt\" itemprop=\"image\" height=\"500\" width=\"500\" title=\"Maskengruppe 34\" onerror=\"this.style.display='none'\" loading='lazy' \/>\n\t\t\t\t<\/a>\n\t\t<h3><a href=\"\/de\/ressourcen\/steuerdienstleistungen\/\" target=\"_self\">Steuerliche Dienstleistungen<\/a><\/h3>\t\n\t\t\t\t<a href=\"\/de\/ressourcen\/utility-unterstutzung\/\"  target=\"_self\" itemprop=\"url\">\n\t\t\t\t<img decoding=\"async\" src=\"https:\/\/211md.org\/wp-content\/uploads\/bb-plugin\/cache\/Mask-Group-37@2x-circle-9661a11b9c4082079c9a1f06bc539567-.png\" alt=\"Eine leuchtende Gl\u00fchbirne\" itemprop=\"image\" height=\"500\" width=\"500\" title=\"Maskengruppe 37@2x\" onerror=\"this.style.display='none'\" loading='lazy' \/>\n\t\t\t\t<\/a>\n\t\t<h3><a href=\"\/de\/ressourcen\/utility-unterstutzung\/\" target=\"_self\">Utility-Unterst\u00fctzung<\/a><\/h3>\t\n\t\t\t\t<a href=\"\/de\/ressourcen\/veteranen\/\"  target=\"_self\" itemprop=\"url\">\n\t\t\t\t<img decoding=\"async\" src=\"https:\/\/211md.org\/wp-content\/uploads\/bb-plugin\/cache\/Veterans-circle-7c6972a59826c74f1f658f61df785fc3-.png\" alt=\"Ein Soldat, der jemandem die Hand sch\u00fcttelt und l\u00e4chelt\" itemprop=\"image\" title=\"Veteranen\" onerror=\"this.style.display='none'\" loading='lazy' \/>\n\t\t\t\t<\/a>\n\t\t<h3><a href=\"\/de\/ressourcen\/veteranen\/\" target=\"_self\">Veteranen<\/a><\/h3>","protected":false},"excerpt":{"rendered":"<p>Verd\u00e4chtigen Missbrauch melden So melden Sie mutma\u00dflichen Missbrauch: Rufen Sie 1-800-917-7383 24 Stunden am Tag von \u00fcberall im Bundesstaat MD aus an oder klicken Sie hier, um die Nummer Ihres \u00f6rtlichen Department of Social Services, Adult Protective Services, zu finden. Adult Protective Services (APS) ist ein Programm, das Erwachsenen ab 18 Jahren hilft, die sich in einer Situation von\u2026 befinden.<\/p>","protected":false},"author":8,"featured_media":1597,"parent":840,"menu_order":0,"comment_status":"closed","ping_status":"closed","template":"","meta":{"footnotes":""},"class_list":["post-1000","page","type-page","status-publish","has-post-thumbnail","hentry"],"_links":{"self":[{"href":"https:\/\/211md.org\/de\/wp-json\/wp\/v2\/pages\/1000","targetHints":{"allow":["GET"]}}],"collection":[{"href":"https:\/\/211md.org\/de\/wp-json\/wp\/v2\/pages"}],"about":[{"href":"https:\/\/211md.org\/de\/wp-json\/wp\/v2\/types\/page"}],"author":[{"embeddable":true,"href":"https:\/\/211md.org\/de\/wp-json\/wp\/v2\/users\/8"}],"replies":[{"embeddable":true,"href":"https:\/\/211md.org\/de\/wp-json\/wp\/v2\/comments?post=1000"}],"version-history":[{"count":2,"href":"https:\/\/211md.org\/de\/wp-json\/wp\/v2\/pages\/1000\/revisions"}],"predecessor-version":[{"id":4684,"href":"https:\/\/211md.org\/de\/wp-json\/wp\/v2\/pages\/1000\/revisions\/4684"}],"up":[{"embeddable":true,"href":"https:\/\/211md.org\/de\/wp-json\/wp\/v2\/pages\/840"}],"wp:featuredmedia":[{"embeddable":true,"href":"https:\/\/211md.org\/de\/wp-json\/wp\/v2\/media\/1597"}],"wp:attachment":[{"href":"https:\/\/211md.org\/de\/wp-json\/wp\/v2\/media?parent=1000"}],"curies":[{"name":"wp","href":"https:\/\/api.w.org\/{rel}","templated":true}]}}