{"id":1003,"date":"2021-04-16T18:15:08","date_gmt":"2021-04-16T18:15:08","guid":{"rendered":"https:\/\/211md.org\/?page_id=1003"},"modified":"2026-04-27T17:32:50","modified_gmt":"2026-04-27T21:32:50","slug":"fusstapfen","status":"publish","type":"page","link":"https:\/\/211md.org\/de\/resources\/food\/food-stamps\/","title":{"rendered":"Maryland Food Stamps \/ Supplemental Nutrition Assistance Program (SNAP)"},"content":{"rendered":"<figure data-animation-delay=\"0\" data-animation-duration=\"1\" itemscope=\"\" itemtype=\"https:\/\/schema.org\/ImageObject\">\n\t\t\t\t<img decoding=\"async\" src=\"https:\/\/stg-maryland211-staging.kinsta.cloud\/wp-content\/uploads\/2025\/08\/5-1-scaled.png\" alt=\"5\" height=\"692\" width=\"2560\" title=\"5\" onerror=\"this.style.display='none'\" loading=\"lazy\">\n\t<\/figure>\n\t\t<h2><a href=\"#start\" target=\"_self\">Fu\u00dfstapfen<\/a><\/h2><p>Das Supplemental Nutrition Assistance Program (SNAP), fr\u00fcher bekannt als Lebensmittelmarken, bietet einkommensschwachen Haushalten finanzielle Unterst\u00fctzung beim Kauf von Lebensmitteln.<\/p>\n<p>F\u00fcr die meisten Haushalte decken die SNAP-Leistungen nur einen Teil ihrer Lebensmittelkosten.&nbsp;<\/p>\n<p>Informieren Sie sich \u00fcber das Programm.&nbsp;<\/p>\n\t\t\t<a href=\"#start\" target=\"_self\">\n\t\t\t\t\t\tErste Schritte\n\t\t\t\t\t<\/a>\n<figure data-animation-delay=\"0\" data-animation-duration=\"1\" itemscope=\"\" itemtype=\"https:\/\/schema.org\/ImageObject\">\n\t\t\t\t<img decoding=\"async\" src=\"https:\/\/211md.org\/wp-content\/plugins\/bb-plugin\/img\/pixel.png\" alt=\"\" onerror=\"this.style.display='none'\" loading=\"lazy\">\n\t<\/figure>\n<figure data-animation-delay=\"0\" data-animation-duration=\"1\" itemscope=\"\" itemtype=\"https:\/\/schema.org\/ImageObject\">\n\t\t\t\t<img decoding=\"async\" src=\"http:\/\/211md.org\/wp-content\/uploads\/2025\/09\/Girl-unpacking-groceries.jpg\" alt=\"M\u00e4dchen beim Auspacken von Lebensmitteln\" title=\"M\u00e4dchen beim Auspacken von Lebensmitteln\" onerror=\"this.style.display='none'\" loading=\"lazy\">\n\t<\/figure>\n\t\t<h2>Wer hat Anspruch auf Lebensmittelmarken?<\/h2>\n\t\t<p>Sie haben m\u00f6glicherweise Anspruch auf Lebensmittelmarken (SNAP), wenn Sie:<\/p>\n<ul>\n<li>f\u00fcr niedrige L\u00f6hne arbeiten<\/li>\n<li>sind arbeitslos<\/li>\n<li>Teilzeit arbeiten<\/li>\n<li>vor\u00fcbergehende Bargeldhilfe (TCA) oder andere \u00f6ffentliche Unterst\u00fctzung erhalten<\/li>\n<li>sind \u00e4lter oder behindert und leben von einem geringen Einkommen<\/li>\n<li>sind obdachlos<\/li>\n<\/ul>\n<p>Es gibt <a href=\"https:\/\/dhs.maryland.gov\/supplemental-nutrition-assistance-program\/\" target=\"_blank\" rel=\"noopener\">Einkommen<\/a> und die Berechtigungsvoraussetzungen f\u00fcr Lebensmittelmarken oder SNAP-Leistungen in Maryland. M\u00f6glicherweise ist auch ein Vorstellungsgespr\u00e4ch erforderlich.<\/p>\n<p>Beantworten Sie ein paar kurze Fragen, um herauszufinden, ob Sie Anspruch auf das Supplemental Nutrition Assistance Program und andere Leistungsprogramme haben.<\/p>\n<h3>Wie viel Geld bekomme ich?<\/h3>\n<p>Die SNAP-Leistungen basieren auf:<\/p>\n<ul>\n<li>Haushaltsgr\u00f6\u00dfe<\/li>\n<li>Einkommen<\/li>\n<li>besondere Umst\u00e4nde<\/li>\n<\/ul>\n<p>Die Leistungen basieren auf einer bundesstaatlichen Formel, die bestimmt, wie viel der Kauf von Lebensmitteln kostet, um nahrhafte und kosteng\u00fcnstige Mahlzeiten f\u00fcr Ihren Haushalt zuzubereiten.<\/p>\n<p>Die Leistungen \u00e4ndern sich j\u00e4hrlich.<\/p>\n<p>211 steht Ihnen jederzeit zur Verf\u00fcgung, um Ihnen zu helfen, die SNAP-Leistungen zu verstehen und Lebensmittel f\u00fcr Ihre Familie zu finden.<\/p>\n\t\t\t<a href=\"https:\/\/benefits.maryland.gov\/home\/#\/\" target=\"_blank\" rel=\"noopener\">\n\t\t\t\t\t\t\tCheck food stamp eligibility\n\t\t\t<\/a>\n\t<h2>Beliebte Lebensmittelressourcen<\/h2>\n<p>Search the 211 Community Resource Database for nearby organizations that can help with food. These are common searches to get started. Click the button below that fits the need, and then on the results page enter a ZIP code to find nearby locations.<\/p>\n\t\t\t<a href=\"https:\/\/search.211md.org\/search?query=BD-1800.2250&amp;query_label=Food+vouchers&amp;query_type=taxonomy&amp;utm_source=211&amp;utm_medium=Referral&amp;utm_campaign=Foodlink&amp;utm_content=Food%20Vouchers\" target=\"_blank\" rel=\"noopener\">\n\t\t\t\t\t\tEssensgutscheine\n\t\t\t\t\t<\/a>\n\t\t\t<a href=\"https:\/\/search.211md.org\/search?query=Food+Banks+%26+Pantries&amp;query_label=Food+Banks+%26+Pantries&amp;query_type=taxonomy\" target=\"_blank\" rel=\"noopener\">\n\t\t\t\t\t\tNahrungsmittelbank\n\t\t\t\t\t<\/a>\n\t\t\t<a href=\"https:\/\/search.211md.org\/search?query=BD-1800.2250&amp;query_type=taxonomy&amp;query_label=&amp;utm_source=&amp;utm_medium=Referral&amp;utm_campaign=Foodlink&amp;utm_content=Fresh%20Food\" target=\"_blank\" rel=\"noopener\">\n\t\t\t\t\t\tFrisches Essen\n\t\t\t\t\t<\/a>\n\t\t\t<a href=\"https:\/\/search.211md.org\/search?query=BD-1800.8200-250&amp;query_label=Formula%2FBaby+Food&amp;query_type=taxonomy&amp;utm_source=&amp;utm_medium=Referral&amp;utm_campaign=Foodlink&amp;utm_content=Baby%20Formula\" target=\"_blank\" rel=\"noopener\">\n\t\t\t\t\t\tFormel\/Babynahrung\n\t\t\t\t\t<\/a>\n\t\t\t<a href=\"https:\/\/search.211md.org\/search?query=BD-2400.2590&amp;query_type=taxonomy&amp;query_label=&amp;utm_source=&amp;utm_medium=Referral&amp;utm_campaign=Foodlink&amp;utm_content=Grocery%20Delivery\" target=\"_blank\" rel=\"noopener\">\n\t\t\t\t\t\tLebensmittellieferung\n\t\t\t\t\t<\/a>\n\t\t\t<a href=\"https:\/\/search.211md.org\/search?query=food+pantry&amp;query_label=food+pantry&amp;query_type=text\" target=\"_blank\" rel=\"noopener\">\n\t\t\t\t\t\tSpeisekammer\n\t\t\t\t\t<\/a>\n<figure data-animation-delay=\"0\" data-animation-duration=\"1\" itemscope=\"\" itemtype=\"https:\/\/schema.org\/ImageObject\">\n\t\t\t\t<img decoding=\"async\" src=\"http:\/\/211md.org\/wp-content\/uploads\/2025\/09\/Buying-groceries-with-SNAP.jpg\" alt=\"Lebensmittel mit SNAP kaufen\" title=\"Lebensmittel mit SNAP kaufen\" onerror=\"this.style.display='none'\" loading=\"lazy\">\n\t<\/figure>\n\t<h2>Was kann ich kaufen?<\/h2>\n<p>Mit Lebensmittelmarken oder SNAP-Leistungen k\u00f6nnen Einzelpersonen gesunde Lebensmittel kaufen, wie:<\/p>\n<ul>\n<li>frisches, gefrorenes oder konserviertes Obst und Gem\u00fcse<\/li>\n<li>Milch<\/li>\n<li>Fleisch<\/li>\n<li>Eier<\/li>\n<li>Gem\u00fcse- und Kr\u00e4utersetzlinge zum Anbau eigener Lebensmittel<\/li>\n<\/ul>\n<p>Groceries can be purchased at the grocery store, online, or the farmer&#8217;s market.<\/p>\n\t<h3>Online-Shopping<\/h3>\n<p>Sie k\u00f6nnen SNAP-Leistungen nutzen, um frische Produkte und Lebensmittel online bei Einzelh\u00e4ndlern und Online-Marktpl\u00e4tzen wie Amazon, Walmart und ShopRite einzukaufen. Zu den teilnehmenden Gesch\u00e4ften geh\u00f6ren Amazon, ShopRite und Walmart. <\/p>\n<p>Die SNAP-Leistungen decken nur berechtigte Lebensmittel ab und nicht Liefer- oder andere Geb\u00fchren.<\/p>\n<p>On Amazon, the food will have a label &#8220;SNAP EBT eligible.&#8221; However, you will only see this after you add your SNAP EBT card to your Amazon account.<\/p>\n<p>The Department of Human Services, which oversees SNAP benefits in Maryland, explains how to use your SNAP benefits with online grocery stores.&nbsp;<\/p>\n\t\t\t<a href=\"https:\/\/dhs.maryland.gov\/documents\/COVID-19\/SNAP%20Online%20%20%205_28_20.pdf\" target=\"_blank\" rel=\"noopener\">\n\t\t\t\t\t\t\tMehr \u00fcber Snap erfahren\n\t\t\t\t\t<\/a>\n\t<h2>So beantragen Sie SNAP<\/h2>\n<p>Es gibt drei M\u00f6glichkeiten, sich f\u00fcr das Supplemental Nutrition Assistance Program zu bewerben. W\u00e4hlen Sie die Option, die am besten zu Ihnen passt.<\/p>\n<p>Antr\u00e4ge werden noch am selben Tag gepr\u00fcft. Manche Personen haben innerhalb von 7 Tagen nach Antragstellung Anspruch auf eine beschleunigte Auszahlung.<\/p>\n<p>Die meisten Personen, die die Voraussetzungen erf\u00fcllen, k\u00f6nnen innerhalb von 30 Tagen nach Einreichung ihres Antrags SNAP-Leistungen erhalten.<\/p>\n\t\t\t<a href=\"https:\/\/ub.benefits.maryland.gov\/ub\/#\/one-app\/help-benefits\" target=\"_blank\" rel=\"noopener\">\n\t\t\t\t\t\t\tOnline-Bewerbung\n\t\t\t\t\t<\/a>\n\t\t\t<a href=\"https:\/\/ub.benefits.maryland.gov\/ub\/#\/one-app\/help-benefits\" target=\"_blank\" rel=\"noopener\">\n\t\t\t\t\t\t\tKontakt Sozialdienst\n\t\t\t\t\t<\/a>\n\t\t\t<a href=\"https:\/\/dhs.maryland.gov\/documents\/DHS%20Forms\/FIA%20Forms\/English\/To-Apply-for-Assistance\/2--Fill-Out-App-for-Assistance\/9701-DHS-FIA-Application-for-Assistance-7.18.2024.pdf\" target=\"_blank\" rel=\"noopener\">\n\t\t\t\t\t\t\tAnwendung herunterladen\n\t\t\t\t\t<\/a>\n\t<h3>Verteilung von Lebensmittelmarken<\/h3>\n<p>Die Leistungen werden auf eine Electronic Benefits Transfer (EBT)-Karte geladen und monatlich ausgezahlt. Das Geld wird jeden Monat an einem bestimmten Tag ausgezahlt, abh\u00e4ngig von den ersten drei Buchstaben Ihres Nachnamens.&nbsp;<a href=\"https:\/\/dhs.maryland.gov\/food-supplement-program\/food-supplement-benefits-schedule\/\" target=\"_blank\" rel=\"noopener\">\u00dcberpr\u00fcfen Sie, an welchem Tag des Monats Sie Leistungen erhalten<\/a>.&nbsp;&nbsp;<\/p>\n<p>Um Ihr Guthaben auf Ihrer EBT-Karte zu \u00fcberpr\u00fcfen, rufen Sie das Maryland EBT Customer Call Center unter 1-800-997-2222 an oder besuchen Sie uns&nbsp;<a href=\"https:\/\/www.connectebt.com\/\" target=\"_blank\" rel=\"noopener\">Maryland EBT<\/a>.&nbsp;<\/p>\n<h3>Leistungsberechtigung erneut best\u00e4tigen<\/h3>\n<p>Von Zeit zu Zeit m\u00fcssen Sie m\u00f6glicherweise Ihren Anspruch auf Leistungen erneut zertifizieren. W\u00e4hlen Sie Neubestimmung auf der <a href=\"https:\/\/mymdthink.maryland.gov\/home\/#\/\" target=\"_blank\" rel=\"noopener\">meinMDTHINK<\/a>&nbsp;Dashboard und laden Sie die erforderlichen Informationen hoch.&nbsp;<\/p>\n<h3>Kann ich Vorteile \u00fcbertragen?<\/h3>\n<p>Ja. Sie k\u00f6nnen ungenutzte SNAP-Vorteile von einem Monat auf den n\u00e4chsten \u00fcbertragen. Ungenutzte Leistungen verbleiben bis zu neun Monate auf EBT-Karten.<\/p>\n<figure data-animation-delay=\"0\" data-animation-duration=\"1\" itemscope=\"\" itemtype=\"https:\/\/schema.org\/ImageObject\">\n\t\t\t\t<img decoding=\"async\" src=\"https:\/\/211md.org\/wp-content\/uploads\/2024\/07\/woman-shopping-at-farmers-market.jpg\" alt=\"Frau beim Einkaufen am Bauernmarkt\" height=\"800\" width=\"1200\" title=\"Frau beim Einkaufen am Bauernmarkt\" onerror=\"this.style.display='none'\" loading=\"lazy\">\n\t<\/figure>\n<figure itemscope=\"\" itemtype=\"https:\/\/schema.org\/ImageObject\">\n\t\t\t\t<img decoding=\"async\" src=\"http:\/\/211md.org\/wp-content\/uploads\/2022\/01\/Man-chatting-on-computer.jpg\" alt=\"Mann chattet am Computer\" title=\"Mann chattet am Computer\" onerror=\"this.style.display='none'\" loading=\"lazy\">\n\t<\/figure>\n\t<h3>New work requirements<\/h3>\n<p>Starting in 2026, a larger group of SNAP recipients will be subject to work requirements. In Maryland, the new rules require these people to work, volunteer, or participate in a job-training program for at least 80 hours a month:<\/p>\n<ul>\n<li>Adults between the ages of 55 and 64<\/li>\n<li>Adults who have children age 14-17 living at home<\/li>\n<li>Veteranen<\/li>\n<li>Young adults who aged out of out-of-home care under age 24<\/li>\n<li>Unhoused people<\/li>\n<\/ul>\n<p>During your next recertification, you will be screened for these new work requirements. However, the requirements apply immediately.<\/p>\n<h3>Exemptions<\/h3>\n<p>There are exemptions for those who are:<\/p>\n<ul>\n<li>Under 17 or over 64 years old<\/li>\n<li>Medically certified as physically or mentally unable to work<\/li>\n<li>Parent or caregiver of a dependent child under age 14<\/li>\n<li>Enrolled in a Temporary Cash Assistance (TCA) employment program<\/li>\n<\/ul>\n<p>If an individual does not meet these requirements, benefits are limited to three months every three years.<\/p>\n<p>The work requirement has always been part of SNAP benefits, but it now applies to a larger group of recipients. It&#8217;s estimated that up to 80,000 additional Marylanders will be subject to the new requirements.<\/p>\n<p>es gibt auch <a href=\"https:\/\/dhs.maryland.gov\/important-changes-snap-benefits\/\" target=\"_blank\" rel=\"noopener\">impacts on benefits<\/a>.<\/p>\n<p>If you need help, <a href=\"https:\/\/dhs.maryland.gov\/local-offices\/\" target=\"_blank\" rel=\"noopener\">contact your local Department of Social Services<\/a> or call the Customer Service hotline, 1-800-332-6347.<\/p>\n\t<h2>Wie kann ich beim Essen sparen?<\/h2>\n<p>SNAP benefits are only one part of your food budget. Make them go further by doubling your money, up to $10, at farmers&#8217; markets or shopping sales.<\/p>\n<h3>Maryland Marktgeld<\/h3>\n<p><a href=\"https:\/\/www.marylandmarketmoney.org\/howmmmworks\" target=\"_blank\" rel=\"noopener\">Maryland Marktgeld<\/a> ist ein Bauernmarktprogramm, das die SNAP-Ausgaben bis zu $10 Dollar f\u00fcr Dollar aufstockt.<\/p>\n<p>For example, if you spend $5 to buy fresh vegetables and fruits, you&#8217;ll get another $5 to spend.<\/p>\n<p>Suchen Sie auf Ihrem Bauernmarkt nach einem \u201eMarktinfo\u201c-Zelt. <a href=\"https:\/\/www.marylandmarketmoney.org\/mmmlocations\" target=\"_blank\" rel=\"noopener\">Suchen Sie nach teilnehmenden Standorten in Maryland<\/a>.<\/p>\n<p>&nbsp;<\/p>\n<figure data-animation-delay=\"0\" data-animation-duration=\"1\" itemscope=\"\" itemtype=\"https:\/\/schema.org\/ImageObject\">\n\t\t\t\t<img decoding=\"async\" src=\"http:\/\/211md.org\/wp-content\/uploads\/2022\/09\/free-food-box.jpg\" alt=\"kostenlose Lebensmittelbox\" title=\"Gratis-Food-Box\" onerror=\"this.style.display='none'\" loading=\"lazy\">\n\t<\/figure>\n\t<h3>SHARE Food Network<\/h3>\n<p>Die <a href=\"https:\/\/www.catholiccharitiesdc.org\/share\/\" target=\"_blank\" rel=\"noopener\">SHARE Food Network<\/a> offers savings of up to 50% on groceries for families. There&#8217;s a specific menu each month and distribution points throughout the area.<\/p>\n<h3>Weitere Leistungsprogramme<\/h3>\n<p>Sie k\u00f6nnen sich auch f\u00fcr andere Leistungsprogramme wie das Special Supplemental Nutrition Program qualifizieren <a href=\"https:\/\/211md.org\/de\/ressourcen\/lebensmittel\/wic\/\">Frauen, Kleinkinder und Kinder, auch bekannt als WIC<\/a>. Nahrhafte Lebensmittel sowie zus\u00e4tzliche Unterst\u00fctzung sind m\u00f6glicherweise \u00fcber WIC erh\u00e4ltlich, wenn Sie die Voraussetzungen erf\u00fcllen. Es handelt sich um ein Programm f\u00fcr einkommensberechtigte schwangere Frauen, frischgebackene M\u00fctter (bis zu sechs Monate), stillende M\u00fctter (bis zu einem Jahr), S\u00e4uglinge und Kinder unter 5 Jahren.<\/p>\n<h3>Speisekammern<\/h3>\n<p>Auch, <a href=\"https:\/\/211md.org\/de\/ressourcen\/lebensmittel\/\">Tafeln und Speisekammern<\/a> kann eventuelle L\u00fccken vor\u00fcbergehend f\u00fcllen.<\/p>\n<figure itemscope=\"\" itemtype=\"https:\/\/schema.org\/ImageObject\">\n\t\t\t\t<img decoding=\"async\" src=\"https:\/\/211md.org\/wp-content\/plugins\/bb-plugin\/img\/pixel.png\" alt=\"\" onerror=\"this.style.display='none'\" loading=\"lazy\">\n\t<\/figure>\n\t\t<figure itemscope=\"\" itemtype=\"https:\/\/schema.org\/ImageObject\">\n\t\t\t\t<img decoding=\"async\" src=\"https:\/\/211md.org\/wp-content\/uploads\/bb-plugin\/cache\/Call-center-specialst-circle-4e9ecd7b3425be4576416abc911049bb-.jpg\" alt=\"Callcenter-Spezialist\" title=\"Callcenter-Spezialist\" onerror=\"this.style.display='none'\" loading=\"lazy\">\n\t<\/figure>\n<h2>W\u00e4hlen Sie 211<\/h2><p>Sprechen Sie rund um die Uhr mit einer f\u00fcrsorglichen und mitf\u00fchlenden Person. Sie kann Sie auch mit Ressourcen verbinden.&nbsp;<\/p>\n<h2>\n\t\t\tVerwandte Informationen\t<\/h2>\n\t\t<h4><a href=\"\/de\/ressourcen\/alterungsbehinderung\/?utm_source=Home&amp;utm_medium=Referral&amp;utm_campaign=211Resources&amp;utm_content=Aging\" target=\"_self\">Alter &amp; Behinderung<\/a><\/h4><figure itemscope=\"\" itemtype=\"https:\/\/schema.org\/ImageObject\">\n\t\t\t\t<a href=\"\/de\/ressourcen\/alterungsbehinderung\/?utm_source=Home&amp;utm_medium=Referral&amp;utm_campaign=211Resources&amp;utm_content=Aging\" target=\"_self\" itemprop=\"url\">\n\t\t\t\t<img decoding=\"async\" src=\"https:\/\/211md.org\/wp-content\/uploads\/bb-plugin\/cache\/2025_MdInfoNet_Icon-Sets_Aging-disability-square-c466727102cae71e5f27b8539bb51945-.png\" alt=\"\" onerror=\"this.style.display='none'\" loading=\"lazy\">\n\t\t\t\t<\/a>\n\t<\/figure>\n\t\t<h4><a href=\"\/de\/ressourcen\/kinder-familien\/?utm_source=Home&amp;utm_medium=Referral&amp;utm_campaign=211Resources&amp;utm_content=Children\" target=\"_self\">Kinder &amp; Familien<\/a><\/h4><figure itemscope=\"\" itemtype=\"https:\/\/schema.org\/ImageObject\">\n\t\t\t\t<a href=\"\/de\/ressourcen\/kinder-familien\/?utm_source=Home&amp;utm_medium=Referral&amp;utm_campaign=211Resources&amp;utm_content=Children\" target=\"_self\" itemprop=\"url\">\n\t\t\t\t<img decoding=\"async\" src=\"https:\/\/211md.org\/wp-content\/uploads\/bb-plugin\/cache\/2025_211_Icon-Sets_Child-care-square-f3b0d4edab3dcc467fadb5f55f4064c6-.png\" alt=\"parent and child icon for child care\" height=\"417\" width=\"417\" title=\"2025_211_Icon Sets_Kinderbetreuung\" onerror=\"this.style.display='none'\" loading=\"lazy\">\n\t\t\t\t<\/a>\n\t<\/figure>\n\t\t<h4><a href=\"\/de\/ressourcen\/hausliche-familiare-gewalt\/?utm_source=Home&amp;utm_medium=Referral&amp;utm_campaign=211Resources&amp;utm_content=Domestic\" target=\"_self\">H\u00e4usliche Gewalt<\/a><\/h4><figure itemscope=\"\" itemtype=\"https:\/\/schema.org\/ImageObject\">\n\t\t\t\t<a href=\"\/de\/ressourcen\/hausliche-familiare-gewalt\/?utm_source=Home&amp;utm_medium=Referral&amp;utm_campaign=211Resources&amp;utm_content=Domestic\" target=\"_self\" itemprop=\"url\">\n\t\t\t\t<img decoding=\"async\" src=\"https:\/\/211md.org\/wp-content\/uploads\/bb-plugin\/cache\/2025_211_Icon-Sets_Domestic-Violence-square-7b597694a6f05fe90cdc376aa573bc63-.png\" alt=\"House with a heart in the middle icon\" height=\"417\" width=\"417\" title=\"2025_211_Icon Sets_H\u00e4usliche Gewalt\" onerror=\"this.style.display='none'\" loading=\"lazy\">\n\t\t\t\t<\/a>\n\t<\/figure>\n\t\t<h4><a href=\"\/de\/ressourcen\/arbeitssuche\/?utm_source=Home&amp;utm_medium=Referral&amp;utm_campaign=211Resources&amp;utm_content=Employment\" target=\"_self\">Besch\u00e4ftigung<\/a><\/h4><figure itemscope=\"\" itemtype=\"https:\/\/schema.org\/ImageObject\">\n\t\t\t\t<a href=\"\/de\/ressourcen\/arbeitssuche\/?utm_source=Home&amp;utm_medium=Referral&amp;utm_campaign=211Resources&amp;utm_content=Employment\" target=\"_self\" itemprop=\"url\">\n\t\t\t\t<img decoding=\"async\" src=\"https:\/\/211md.org\/wp-content\/uploads\/bb-plugin\/cache\/2025_MdInfoNet_Icon-Sets_Employment-square-44707bd410e4df10a470bf130ebcea86-.png\" alt=\"\" onerror=\"this.style.display='none'\" loading=\"lazy\">\n\t\t\t\t<\/a>\n\t<\/figure>\n\t\t<h4><a href=\"\/de\/ressourcen\/gesundheitswesen\/?utm_source=Home&amp;utm_medium=Referral&amp;utm_campaign=211Resources&amp;utm_content=Health%20Care\" target=\"_self\">Gesundheitsvorsorge<\/a><\/h4><figure itemscope=\"\" itemtype=\"https:\/\/schema.org\/ImageObject\">\n\t\t\t\t<a href=\"\/de\/ressourcen\/gesundheitswesen\/?utm_source=Home&amp;utm_medium=Referral&amp;utm_campaign=211Resources&amp;utm_content=Health%20Care\" target=\"_self\" itemprop=\"url\">\n\t\t\t\t<img decoding=\"async\" src=\"https:\/\/211md.org\/wp-content\/uploads\/bb-plugin\/cache\/2025_MdInfoNet_Icon-Sets_Health-Care-square-dee98a0060cbe0e7f27eda253fc12679-.png\" alt=\"\" onerror=\"this.style.display='none'\" loading=\"lazy\">\n\t\t\t\t<\/a>\n\t<\/figure>\n\t\t<h4><a href=\"\/de\/ressourcen\/neu-in-den-usa-und-maryland\/?utm_source=Home&amp;utm_medium=Referral&amp;utm_campaign=211Resources&amp;utm_content=Immigration\" target=\"_self\">Einwanderung<\/a><\/h4><figure itemscope=\"\" itemtype=\"https:\/\/schema.org\/ImageObject\">\n\t\t\t\t<a href=\"\/de\/ressourcen\/neu-in-den-usa-und-maryland\/?utm_source=Home&amp;utm_medium=Referral&amp;utm_campaign=211Resources&amp;utm_content=Immigration\" target=\"_self\" itemprop=\"url\">\n\t\t\t\t<img decoding=\"async\" src=\"https:\/\/211md.org\/wp-content\/uploads\/bb-plugin\/cache\/2025_MdInfoNet_Icon-Sets_Immigration-square-8b97b7fdfe5e6071405e216855065118-.png\" alt=\"Einwanderungssymbol\" title=\"2025_MdInfoNet_Icon-Sets_Immigration\" onerror=\"this.style.display='none'\" loading=\"lazy\">\n\t\t\t\t<\/a>\n\t<\/figure>\n\t\t<h4><a href=\"\/de\/ressourcen\/kinder-familien\/verwandtschaftspflege\/?utm_source=Home&amp;utm_medium=Referral&amp;utm_campaign=211Resources&amp;utm_content=Kinship\" target=\"_self\">Verwandtschaft<\/a><\/h4><figure itemscope=\"\" itemtype=\"https:\/\/schema.org\/ImageObject\">\n\t\t\t\t<a href=\"\/de\/ressourcen\/kinder-familien\/verwandtschaftspflege\/?utm_source=Home&amp;utm_medium=Referral&amp;utm_campaign=211Resources&amp;utm_content=Kinship\" target=\"_self\" itemprop=\"url\">\n\t\t\t\t<img decoding=\"async\" src=\"https:\/\/211md.org\/wp-content\/uploads\/bb-plugin\/cache\/2025_211_Icon-Sets_Kinship-square-45bdf872866f5735f842c32071109267-.png\" alt=\"Verwandtschaftssymbol\" height=\"417\" width=\"417\" title=\"2025_211_Icon Sets_Verwandtschaft\" onerror=\"this.style.display='none'\" loading=\"lazy\">\n\t\t\t\t<\/a>\n\t<\/figure>\n\t\t<h4><a href=\"\/de\/ressourcen\/rechtsberatung\/?utm_source=Home&amp;utm_medium=Referral&amp;utm_campaign=211Resources&amp;utm_content=Legal\" target=\"_self\">Rechtsberatung<\/a><\/h4><figure itemscope=\"\" itemtype=\"https:\/\/schema.org\/ImageObject\">\n\t\t\t\t<a href=\"\/de\/ressourcen\/rechtsberatung\/?utm_source=Home&amp;utm_medium=Referral&amp;utm_campaign=211Resources&amp;utm_content=Legal\" target=\"_self\" itemprop=\"url\">\n\t\t\t\t<img decoding=\"async\" src=\"https:\/\/211md.org\/wp-content\/uploads\/bb-plugin\/cache\/2025_MdInfoNet_Icon-Sets_Legal-square-18fdf438feb8435588174d9046463257-.png\" alt=\"\" onerror=\"this.style.display='none'\" loading=\"lazy\">\n\t\t\t\t<\/a>\n\t<\/figure>\n\t\t<h4><a href=\"\/de\/ressourcen\/psychische-gesundheit\/?utm_source=Home&amp;utm_medium=Referral&amp;utm_campaign=211Resources&amp;utm_content=Mental\" target=\"_self\">Psychische Gesundheit<\/a><\/h4><figure itemscope=\"\" itemtype=\"https:\/\/schema.org\/ImageObject\">\n\t\t\t\t<a href=\"\/de\/ressourcen\/psychische-gesundheit\/?utm_source=Home&amp;utm_medium=Referral&amp;utm_campaign=211Resources&amp;utm_content=Mental\" target=\"_self\" itemprop=\"url\">\n\t\t\t\t<img decoding=\"async\" src=\"https:\/\/211md.org\/wp-content\/uploads\/bb-plugin\/cache\/2025_MdInfoNet_Icon-Sets_Mental-Health-square-c59b38c4a993a947d4c9280fbe2d2fee-.png\" alt=\"\" onerror=\"this.style.display='none'\" loading=\"lazy\">\n\t\t\t\t<\/a>\n\t<\/figure>\n\t\t<h4><a href=\"\/de\/ressourcen\/mdreentry\/?utm_source=Home&amp;utm_medium=Referral&amp;utm_campaign=211Resources&amp;utm_content=Reentry\" target=\"_self\">Wiedereintritt<\/a><\/h4><figure itemscope=\"\" itemtype=\"https:\/\/schema.org\/ImageObject\">\n\t\t\t\t<a href=\"\/de\/ressourcen\/mdreentry\/?utm_source=Home&amp;utm_medium=Referral&amp;utm_campaign=211Resources&amp;utm_content=Reentry\" target=\"_self\" itemprop=\"url\">\n\t\t\t\t<img decoding=\"async\" src=\"https:\/\/211md.org\/wp-content\/uploads\/bb-plugin\/cache\/2025_211_Icon-Sets_Reentry-square-8676fea38abd920a832f45642fe31cca-.png\" alt=\"Symbol \u201eWiedereintritt\u201c\" height=\"417\" width=\"417\" title=\"2025_211_Icon Sets_Wiedereintritt\" onerror=\"this.style.display='none'\" loading=\"lazy\">\n\t\t\t\t<\/a>\n\t<\/figure>\n\t\t<h4><a href=\"\/de\/ressourcen\/substanzgebrauch\/?utm_source=Home&amp;utm_medium=Referral&amp;utm_campaign=211Resources&amp;utm_content=Substance\" target=\"_self\">Substanzgebrauch<\/a><\/h4><figure itemscope=\"\" itemtype=\"https:\/\/schema.org\/ImageObject\">\n\t\t\t\t<a href=\"\/de\/ressourcen\/substanzgebrauch\/?utm_source=Home&amp;utm_medium=Referral&amp;utm_campaign=211Resources&amp;utm_content=Substance\" target=\"_self\" itemprop=\"url\">\n\t\t\t\t<img decoding=\"async\" src=\"https:\/\/211md.org\/wp-content\/uploads\/bb-plugin\/cache\/2025_MdInfoNet_Icon-Sets_Substance-Abuse-square-4f414f085e657267739c181957754f48-.png\" alt=\"Pills for substance Use icon\" title=\"2025_MdInfoNet_Icon-Sets_Substance-Abuse\" onerror=\"this.style.display='none'\" loading=\"lazy\">\n\t\t\t\t<\/a>\n\t<\/figure>\n\t\t<h4><a href=\"\/de\/ressourcen\/veteranen\/?utm_source=Home&amp;utm_medium=Referral&amp;utm_campaign=211Resources&amp;utm_content=Veterans\" target=\"_self\">Veteranen<\/a><\/h4><figure itemscope=\"\" itemtype=\"https:\/\/schema.org\/ImageObject\">\n\t\t\t\t<a href=\"\/de\/ressourcen\/veteranen\/?utm_source=Home&amp;utm_medium=Referral&amp;utm_campaign=211Resources&amp;utm_content=Veterans\" target=\"_self\" itemprop=\"url\">\n\t\t\t\t<img decoding=\"async\" src=\"https:\/\/211md.org\/wp-content\/uploads\/bb-plugin\/cache\/2025_MdInfoNet_Icon-Sets_Rating-square-6e60d00cce4faa8e0a6d4ad7366aa733-.png\" alt=\"\" onerror=\"this.style.display='none'\" loading=\"lazy\">\n\t\t\t\t<\/a>\n\t<\/figure>","protected":false},"excerpt":{"rendered":"<p>Food Stamps The Supplemental Nutrition Assistance Program (SNAP), formerly known as food stamps, provides financial assistance to low-income households so they can buy food. For most households, SNAP benefits only cover some of their food costs.&nbsp; Learn about the program.&nbsp; Get Started Who is eligible for food stamps? You may be eligible for food stamps&hellip;<\/p>","protected":false},"author":8,"featured_media":2055,"parent":746,"menu_order":0,"comment_status":"closed","ping_status":"closed","template":"","meta":{"footnotes":""},"group":[],"class_list":["post-1003","page","type-page","status-publish","has-post-thumbnail","hentry"],"_links":{"self":[{"href":"https:\/\/211md.org\/de\/wp-json\/wp\/v2\/pages\/1003","targetHints":{"allow":["GET"]}}],"collection":[{"href":"https:\/\/211md.org\/de\/wp-json\/wp\/v2\/pages"}],"about":[{"href":"https:\/\/211md.org\/de\/wp-json\/wp\/v2\/types\/page"}],"author":[{"embeddable":true,"href":"https:\/\/211md.org\/de\/wp-json\/wp\/v2\/users\/8"}],"replies":[{"embeddable":true,"href":"https:\/\/211md.org\/de\/wp-json\/wp\/v2\/comments?post=1003"}],"version-history":[{"count":11,"href":"https:\/\/211md.org\/de\/wp-json\/wp\/v2\/pages\/1003\/revisions"}],"predecessor-version":[{"id":34558,"href":"https:\/\/211md.org\/de\/wp-json\/wp\/v2\/pages\/1003\/revisions\/34558"}],"up":[{"embeddable":true,"href":"https:\/\/211md.org\/de\/wp-json\/wp\/v2\/pages\/746"}],"wp:featuredmedia":[{"embeddable":true,"href":"https:\/\/211md.org\/de\/wp-json\/wp\/v2\/media\/2055"}],"wp:attachment":[{"href":"https:\/\/211md.org\/de\/wp-json\/wp\/v2\/media?parent=1003"}],"wp:term":[{"taxonomy":"group","embeddable":true,"href":"https:\/\/211md.org\/de\/wp-json\/wp\/v2\/group?post=1003"}],"curies":[{"name":"wp","href":"https:\/\/api.w.org\/{rel}","templated":true}]}}