{"id":1014,"date":"2021-04-16T18:37:05","date_gmt":"2021-04-16T18:37:05","guid":{"rendered":"https:\/\/211md.org\/?page_id=1014"},"modified":"2026-04-22T17:31:00","modified_gmt":"2026-04-22T21:31:00","slug":"medizin","status":"publish","type":"page","link":"https:\/\/211md.org\/de\/resources\/health-care\/medicare\/","title":{"rendered":"Medicare-Leistungen"},"content":{"rendered":"<figure data-animation-delay=\"0\" data-animation-duration=\"1\" itemscope itemtype=\"https:\/\/schema.org\/ImageObject\">\n\t\t\t\t<img decoding=\"async\" src=\"https:\/\/stg-maryland211-staging.kinsta.cloud\/wp-content\/uploads\/2025\/08\/5-1-scaled.png\" alt=\"5\" height=\"692\" width=\"2560\" title=\"5\" onerror=\"this.style.display='none'\" loading=\"lazy\" \/>\n\t<\/figure>\n\t\t<p>Medicare ist ein staatliches Krankenversicherungsprogramm, das Menschen ab 65 Jahren, Menschen unter 65 Jahren mit bestimmten Behinderungen sowie Menschen jeden Alters mit terminaler Niereninsuffizienz oder dauerhaftem Nierenversagen, die eine Dialyse oder Nierentransplantation ben\u00f6tigen, Unterst\u00fctzung bietet.<\/p>\n<p>Informieren Sie sich \u00fcber die verschiedenen Medicare-Versicherungsarten und erfahren Sie, wie Sie sich \u00fcber das Programm SHIP darin zurechtfinden.<\/p>\n\t\t\t<a href=\"#start\"  target=\"_self\">\n\t\t\t\t\t\tErste Schritte\n\t\t\t\t\t<\/a>\n<figure data-animation-delay=\"0\" data-animation-duration=\"1\" itemscope itemtype=\"https:\/\/schema.org\/ImageObject\">\n\t\t\t\t<img decoding=\"async\" src=\"https:\/\/211md.org\/wp-content\/plugins\/bb-plugin\/img\/pixel.png\" alt=\"\" onerror=\"this.style.display='none'\" loading=\"lazy\" \/>\n\t<\/figure>\n<figure data-animation-delay=\"0\" data-animation-duration=\"1.3\" itemscope itemtype=\"https:\/\/schema.org\/ImageObject\">\n\t\t\t\t<img decoding=\"async\" src=\"https:\/\/stg-maryland211-staging.kinsta.cloud\/wp-content\/uploads\/2025\/08\/16.png\" alt=\"16\" height=\"1000\" width=\"1000\" title=\"16\" onerror=\"this.style.display='none'\" loading=\"lazy\" \/>\n\t<\/figure>\n<figure data-animation-delay=\"0\" data-animation-duration=\"1\" itemscope itemtype=\"https:\/\/schema.org\/ImageObject\">\n\t\t\t\t<img decoding=\"async\" src=\"http:\/\/211md.org\/wp-content\/uploads\/2023\/11\/Person-on-Medicare-at-the-doctor.jpg\" alt=\"Senior at doctor\" title=\"Medicare-Patienten beim Arzt\" onerror=\"this.style.display='none'\" loading=\"lazy\" \/>\n\t<\/figure>\n\t<h2>Arten der Medicare-Versicherung<\/h2>\n<p>Es gibt drei Arten der Medicare-Abdeckung:<\/p>\n<ul>\n<li>Medicare Teil A: Krankenhausversicherung<\/li>\n<li>Medicare Teil B: Krankenversicherung<\/li>\n<li>Medicare Teil C: Vorteilspl\u00e4ne<\/li>\n<li>Medicare Teil D: Pl\u00e4ne f\u00fcr verschreibungspflichtige Medikamente<\/li>\n<\/ul>\n<h3><strong>Teil A: Krankenhausversicherung<\/strong><\/h3>\n<p>Medicare Teil A deckt Kosten ab wie:<\/p>\n<ul>\n<li>station\u00e4re Krankenhausbehandlung<\/li>\n<li>Pflegeeinrichtungen<\/li>\n<li>station\u00e4re Rehabilitation<\/li>\n<li>Hospizpflege<\/li>\n<li>einige h\u00e4usliche Gesundheitspflegedienste<\/li>\n<\/ul>\n<p>Sehen Sie auf der Medicare-Karte nach, ob die Teil-A-Abdeckung enthalten ist.<\/p>\n<p>Wenn Sie Teil A haben, ist auf der Karte \u201eKRANKENHAUS (TEIL A)\u201c aufgedruckt.<\/p>\n<p>Die meisten Menschen m\u00fcssen f\u00fcr Teil A nichts bezahlen.<\/p>\n<p>Es basiert auf einer von Medicare abgedeckten Besch\u00e4ftigung, wie von der Sozialversicherungsbeh\u00f6rde festgelegt.<\/p>\n\t<h3>Teil B: Krankenversicherung<\/h3>\n<p>Medicare Teil B ist eine Krankenversicherung, die bei der Deckung medizinisch notwendiger Leistungen hilft, wie:<\/p>\n<ul>\n<li>Arztbesuche<\/li>\n<li>ambulante Versorgung<\/li>\n<li>langlebige medizinische Ger\u00e4te (DME)<\/li>\n<li>bestimmte h\u00e4usliche Gesundheitsdienste<\/li>\n<li>andere medizinische Versorgung, die nicht durch Teil A abgedeckt ist<\/li>\n<li>einige pr\u00e4ventive Leistungen<\/li>\n<\/ul>\n<p>Die meisten Menschen zahlen monatlich f\u00fcr Teil B. Es gibt auch eine j\u00e4hrliche Selbstbeteiligung.<\/p>\n<p>Die <a href=\"https:\/\/www.cms.gov\/newsroom\/fact-sheets\/2024-medicare-parts-b-premiums-and-deductibles\" target=\"_blank\" rel=\"noopener\">Zentren f\u00fcr Medicare und Medicaid <\/a>Services f\u00fchrt das Programm aus und gibt Einzelheiten zu den voraussichtlichen Pr\u00e4mien f\u00fcr Teil B an.<\/p>\n<h3>Teil C: Zus\u00e4tzliche Deckung durch private Unternehmen<\/h3>\n<p>Von Medicare zugelassene private Unternehmen bieten Medicare Teil C an und bieten zus\u00e4tzlichen Versicherungsschutz.<\/p>\n<p>Dies kann Folgendes umfassen:<\/p>\n<ul>\n<li>Vision<\/li>\n<li>Anh\u00f6rung<\/li>\n<li>zahnmedizinisch<\/li>\n<li>Gesundheits- und Wellnessprogramme<\/li>\n<\/ul>\n<p>Die meisten beinhalten auch die Medicare-Abdeckung f\u00fcr verschreibungspflichtige Medikamente (Teil D).<\/p>\n<h3>Teil D: Rezepte<\/h3>\n<p>Medicare Teil D bietet allen Medicare-Personen eine Kosten\u00fcbernahme f\u00fcr verschreibungspflichtige Medikamente.<\/p>\n<p>Um die Kosten\u00fcbernahme f\u00fcr verschreibungspflichtige Medikamente durch Medicare zu erhalten, m\u00fcssen Sie einem Plan beitreten, der von einer Versicherungsgesellschaft oder einem anderen von Medicare zugelassenen privaten Unternehmen betrieben wird.<\/p>\n<p>Die Kosten und die abgedeckten Medikamente k\u00f6nnen bei jedem Plan unterschiedlich sein.<\/p>\n\t<h2>Maryland SHIP: Holen Sie sich Hilfe bei der Suche nach dem richtigen Plan<\/h2>\n<p>Geschulte Freiwillige des Maryland State Health Insurance Assistance Program (SHIP) bieten kostenlose Beratung an, um Einzelpersonen bei der Entscheidung zu helfen, welchen Medicare-Plan sie w\u00e4hlen sollen.<\/p>\n<p>SHIP-Berater k\u00f6nnen Einzelpersonen helfen:<\/p>\n<ul>\n<li>Kosten und Deckung verstehen<\/li>\n<li>Optionen vergleichen<\/li>\n<li>Pl\u00e4ne anmelden oder \u00e4ndern<\/li>\n<li>Beheben Sie Abrechnungsfehler oder -probleme<\/li>\n<\/ul>\n<p>Lokale SHIP-Berater k\u00f6nnen bei allen Aspekten von Medicare, AD, helfen.<\/p>\n<p>Dar\u00fcber hinaus k\u00f6nnen sie mit finanzieller Unterst\u00fctzung f\u00fcr Leistungsempf\u00e4nger mit geringem Einkommen sowie bei Medicare-Betrug und -Missbrauch helfen.<\/p>\n<h3>Kontaktieren Sie Maryland SHIP<\/h3>\n<p>Finden Sie einen SHIP-Berater vor Ort:<\/p>\n<ul>\n<li>Allegany County \u2013 301-783-1710<\/li>\n<li>\u200bAnne Arundel County \u2013 410-222-4257\u200b<\/li>\n<li>Baltimore City \u2013 410-396-2273<\/li>\n<li>\u200bBaltimore County \u2013 410-887-2059\u200b<\/li>\n<li>\u200bCalvert County \u2013 410-535-4606<\/li>\n<li>\u200bCarroll County \u2013 410-386-3800<\/li>\n<li>\u200bCaroline County \u2013 410-479-2535<\/li>\n<li>\u200bCecil County \u2013 410-996-8174\u200b<\/li>\n<li>Charles County \u2013 301-934-9305<\/li>\n<li>\u200bDorchester County \u2013 410-376-3662<\/li>\n<li>\u200bFrederick County \u2013 301-600-1234<\/li>\n<li>Garrett County \u2013 301-334-9431<\/li>\n<li>Harford County \u2013 410-638-3025<\/li>\n<li>\u200bHoward County \u2013 410-313-7392<\/li>\n<li>\u200bKent County \u2013 410-778-2564\u200b<\/li>\n<li>\u200bMontgomery County \u2013 301-255-4250<\/li>\n<li>Prince George&#039;s County \u2013 301-265-8471<\/li>\n<li>St. Mary&#039;s County \u2013 301-475-4200 Durchwahl 1064<\/li>\n<li>Somerset County \u2013 410-742-0505<\/li>\n<li>Talbot County \u2013 301-475-4200 Durchwahl 231<\/li>\n<li>Queen Anne&#039;s County \u2013 410-758-0848 Option 3<\/li>\n<li>\u200bWashington County \u2013 301-790-0275<\/li>\n<li>\u200bWicomico County \u2013 410-742-0505<\/li>\n<li>\u200bWorcester County \u2013 410-742-0505<\/li>\n<\/ul>\n\t\t\t<a href=\"https:\/\/aging.maryland.gov\/Pages\/state-health-insurance-program.aspx\" target=\"_blank\" rel=\"noopener\">\n\t\t\t\t\t\t\tKontakt SHIP\n\t\t\t\t\t<\/a>\n<figure itemscope itemtype=\"https:\/\/schema.org\/ImageObject\">\n\t\t\t\t<img decoding=\"async\" src=\"https:\/\/211md.org\/wp-content\/plugins\/bb-plugin\/img\/pixel.png\" alt=\"\" onerror=\"this.style.display='none'\" loading=\"lazy\" \/>\n\t<\/figure>\n\t\t<figure itemscope itemtype=\"https:\/\/schema.org\/ImageObject\">\n\t\t\t\t<img decoding=\"async\" src=\"https:\/\/211md.org\/wp-content\/uploads\/bb-plugin\/cache\/Call-center-specialst-circle-4e9ecd7b3425be4576416abc911049bb-.jpg\" alt=\"Callcenter-Spezialist\" title=\"Callcenter-Spezialist\" onerror=\"this.style.display='none'\" loading=\"lazy\" \/>\n\t<\/figure>\n<h2>W\u00e4hlen Sie 211<\/h2><p>Sprechen Sie rund um die Uhr mit einer f\u00fcrsorglichen und mitf\u00fchlenden Person. Sie kann Sie auch mit Ressourcen verbinden.\u00a0<\/p>\n\t\t\t<a href=\"tel:%20+211\"  target=\"_blank\" rel=\"noopener\">\n\t\t\t\t\t\tW\u00e4hlen Sie 211 (mobil)\n\t\t\t\t\t<\/a>\n<figure data-animation-delay=\"0\" data-animation-duration=\"1\" itemscope itemtype=\"https:\/\/schema.org\/ImageObject\">\n\t\t\t\t<img decoding=\"async\" src=\"http:\/\/211md.org\/wp-content\/uploads\/2025\/09\/Senior-couple-looking-at-Medicare-options-on-tablet.jpg\" alt=\"\u00c4lteres Paar schaut sich Medicare-Optionen auf Tablet an\" title=\"\u00c4lteres Paar schaut sich Medicare-Optionen auf Tablet an\" onerror=\"this.style.display='none'\" loading=\"lazy\" \/>\n\t<\/figure>\n\t<h2>Offene Medicare-Registrierung<\/h2>\n<p>Jedes Jahr sollten die Empf\u00e4nger ihre Medicare-Abdeckung \u00fcberpr\u00fcfen und\u00a0<a href=\"https:\/\/www.medicare.gov\/plan-compare\/#\/?year=2023&amp;lang=en\" target=\"_blank\" rel=\"noopener\">Pl\u00e4ne vergleichen<\/a>\u00a0w\u00e4hrend der angegebenen offenen Immatrikulation im Herbst.<\/p>\n<p>Sie k\u00f6nnen einem neuen Medicare Advantage Plan oder Teil D Plan f\u00fcr verschreibungspflichtige Medikamente beitreten, von Original Medicare zu einem Medicare Advantage Plan wechseln oder von einem Medicare Advantage Plan zu Original Medicare (mit oder ohne Teil D Plan) wechseln.<\/p>\n<p>In Maryland k\u00f6nnen Sie auch einen Medigap-Plan (Medicare Supplement) erhalten.<\/p>\n<h3>So \u00fcberpr\u00fcfen Sie einen Medicare-Plan<\/h3>\n<p>Stellen Sie sich diese Fragen zu Ihrem Medicare Advantage Plan:<\/p>\n<ul>\n<li>Wie hoch sind die monatlichen Pr\u00e4mien, falls vorhanden?<\/li>\n<li>Wie hoch sind der Selbstbehalt und die Mitversicherung\/Zuzahlung f\u00fcr die von mir ben\u00f6tigten Dienstleistungen?<\/li>\n<li>Wie hoch sind die j\u00e4hrlichen Nebenkosten?<\/li>\n<li>Was ist der Leistungsbereich des Plans?<\/li>\n<li>Sind meine \u00c4rzte und Krankenh\u00e4user im Netzwerk?<\/li>\n<li>Welche Regeln muss ich befolgen, um Zugang zu Gesundheitsdiensten und meinen verschreibungspflichtigen Medikamenten zu erhalten?<\/li>\n<li>Deckt der Plan zus\u00e4tzliche Gesundheitsleistungen ab, die nicht von Original Medicare abgedeckt sind?<\/li>\n<li>Wie hoch ist die Sternebewertung des Plans?<\/li>\n<li>Wirkt sich dieser Plan auf die zus\u00e4tzliche Deckung aus, die ich habe?<\/li>\n<\/ul>\n<p>Vergleichen Sie Ihren Plan mit anderen, sch\u00e4tzen Sie die Eigenkosten ab und schauen Sie sich das Sternesystem an, um die Bewertung des Plans f\u00fcr Qualit\u00e4t und Leistung zu verstehen.<\/p>\n\t<h3>Besondere Anmeldefristen<\/h3>\n<p>Neben der offenen Immatrikulation gibt es je nach pers\u00f6nlicher Situation besondere Immatrikulationsfristen. Sie sind berechtigt, sich bei Medicare anzumelden, wenn:<\/p>\n<ul>\n<li>Du bewegst dich.<\/li>\n<li>Sie haben Anspruch auf Medicaid.<\/li>\n<li>Sie haben Anspruch auf Extrahilfe bei Medicare-Medikamentenkosten.<\/li>\n<li>Sie werden in einer Einrichtung wie einer Pflegeeinrichtung oder einem Langzeitpflegekrankenhaus betreut.<\/li>\n<li>Sie m\u00f6chten zu einem Plan mit einer 5-Sterne-Gesamtqualit\u00e4tsbewertung wechseln.<\/li>\n<\/ul>\n\t\t\t<a href=\"https:\/\/www.medicare.gov\/basics\/get-started-with-medicare\" target=\"_blank\" rel=\"noopener\">\n\t\t\t\t\t\t\tGet started with medicare\n\t\t\t<\/a>\n<h2>\n\t\t\tVerwandte Informationen\t<\/h2>\n\t\t<h4><a href=\"\/de\/ressourcen\/alterungsbehinderung\/?utm_source=Home&#038;utm_medium=Referral&#038;utm_campaign=211Resources&#038;utm_content=Aging\" target=\"_self\">Alter &amp; Behinderung<\/a><\/h4><figure itemscope itemtype=\"https:\/\/schema.org\/ImageObject\">\n\t\t\t\t<a href=\"\/de\/ressourcen\/alterungsbehinderung\/?utm_source=Home&#038;utm_medium=Referral&#038;utm_campaign=211Resources&#038;utm_content=Aging\"  target=\"_self\" itemprop=\"url\">\n\t\t\t\t<img decoding=\"async\" src=\"https:\/\/211md.org\/wp-content\/uploads\/bb-plugin\/cache\/2025_MdInfoNet_Icon-Sets_Aging-disability-square-c466727102cae71e5f27b8539bb51945-.png\" alt=\"\" onerror=\"this.style.display='none'\" loading=\"lazy\" \/>\n\t\t\t\t<\/a>\n\t<\/figure>\n\t\t<h4><a href=\"\/de\/ressourcen\/kinder-familien\/?utm_source=Home&#038;utm_medium=Referral&#038;utm_campaign=211Resources&#038;utm_content=Children\" target=\"_self\">Kinder &amp; Familien<\/a><\/h4><figure itemscope itemtype=\"https:\/\/schema.org\/ImageObject\">\n\t\t\t\t<a href=\"\/de\/ressourcen\/kinder-familien\/?utm_source=Home&#038;utm_medium=Referral&#038;utm_campaign=211Resources&#038;utm_content=Children\"  target=\"_self\" itemprop=\"url\">\n\t\t\t\t<img decoding=\"async\" src=\"https:\/\/211md.org\/wp-content\/uploads\/bb-plugin\/cache\/2025_211_Icon-Sets_Child-care-square-f3b0d4edab3dcc467fadb5f55f4064c6-.png\" alt=\"parent and child icon for child care\" height=\"417\" width=\"417\" title=\"2025_211_Icon Sets_Kinderbetreuung\" onerror=\"this.style.display='none'\" loading=\"lazy\" \/>\n\t\t\t\t<\/a>\n\t<\/figure>\n\t\t<h4><a href=\"\/de\/ressourcen\/hausliche-familiare-gewalt\/?utm_source=Home&#038;utm_medium=Referral&#038;utm_campaign=211Resources&#038;utm_content=Domestic\" target=\"_self\">H\u00e4usliche Gewalt<\/a><\/h4><figure itemscope itemtype=\"https:\/\/schema.org\/ImageObject\">\n\t\t\t\t<a href=\"\/de\/ressourcen\/hausliche-familiare-gewalt\/?utm_source=Home&#038;utm_medium=Referral&#038;utm_campaign=211Resources&#038;utm_content=Domestic\"  target=\"_self\" itemprop=\"url\">\n\t\t\t\t<img decoding=\"async\" src=\"https:\/\/211md.org\/wp-content\/uploads\/bb-plugin\/cache\/2025_211_Icon-Sets_Domestic-Violence-square-7b597694a6f05fe90cdc376aa573bc63-.png\" alt=\"House with a heart in the middle icon\" height=\"417\" width=\"417\" title=\"2025_211_Icon Sets_H\u00e4usliche Gewalt\" onerror=\"this.style.display='none'\" loading=\"lazy\" \/>\n\t\t\t\t<\/a>\n\t<\/figure>\n\t\t<h4><a href=\"\/de\/ressourcen\/arbeitssuche\/?utm_source=Home&#038;utm_medium=Referral&#038;utm_campaign=211Resources&#038;utm_content=Employment\" target=\"_self\">Besch\u00e4ftigung<\/a><\/h4><figure itemscope itemtype=\"https:\/\/schema.org\/ImageObject\">\n\t\t\t\t<a href=\"\/de\/ressourcen\/arbeitssuche\/?utm_source=Home&#038;utm_medium=Referral&#038;utm_campaign=211Resources&#038;utm_content=Employment\"  target=\"_self\" itemprop=\"url\">\n\t\t\t\t<img decoding=\"async\" src=\"https:\/\/211md.org\/wp-content\/uploads\/bb-plugin\/cache\/2025_MdInfoNet_Icon-Sets_Employment-square-44707bd410e4df10a470bf130ebcea86-.png\" alt=\"\" onerror=\"this.style.display='none'\" loading=\"lazy\" \/>\n\t\t\t\t<\/a>\n\t<\/figure>\n\t\t<h4><a href=\"\/de\/ressourcen\/gesundheitswesen\/?utm_source=Home&#038;utm_medium=Referral&#038;utm_campaign=211Resources&#038;utm_content=Health%20Care\" target=\"_self\">Gesundheitsvorsorge<\/a><\/h4><figure itemscope itemtype=\"https:\/\/schema.org\/ImageObject\">\n\t\t\t\t<a href=\"\/de\/ressourcen\/gesundheitswesen\/?utm_source=Home&#038;utm_medium=Referral&#038;utm_campaign=211Resources&#038;utm_content=Health%20Care\"  target=\"_self\" itemprop=\"url\">\n\t\t\t\t<img decoding=\"async\" src=\"https:\/\/211md.org\/wp-content\/uploads\/bb-plugin\/cache\/2025_MdInfoNet_Icon-Sets_Health-Care-square-dee98a0060cbe0e7f27eda253fc12679-.png\" alt=\"\" onerror=\"this.style.display='none'\" loading=\"lazy\" \/>\n\t\t\t\t<\/a>\n\t<\/figure>\n\t\t<h4><a href=\"\/de\/ressourcen\/neu-in-den-usa-und-maryland\/?utm_source=Home&#038;utm_medium=Referral&#038;utm_campaign=211Resources&#038;utm_content=Immigration\" target=\"_self\">Einwanderung<\/a><\/h4><figure itemscope itemtype=\"https:\/\/schema.org\/ImageObject\">\n\t\t\t\t<a href=\"\/de\/ressourcen\/neu-in-den-usa-und-maryland\/?utm_source=Home&#038;utm_medium=Referral&#038;utm_campaign=211Resources&#038;utm_content=Immigration\"  target=\"_self\" itemprop=\"url\">\n\t\t\t\t<img decoding=\"async\" src=\"https:\/\/211md.org\/wp-content\/uploads\/bb-plugin\/cache\/2025_MdInfoNet_Icon-Sets_Immigration-square-8b97b7fdfe5e6071405e216855065118-.png\" alt=\"Einwanderungssymbol\" title=\"2025_MdInfoNet_Icon-Sets_Immigration\" onerror=\"this.style.display='none'\" loading=\"lazy\" \/>\n\t\t\t\t<\/a>\n\t<\/figure>\n\t\t<h4><a href=\"\/de\/ressourcen\/kinder-familien\/verwandtschaftspflege\/?utm_source=Home&#038;utm_medium=Referral&#038;utm_campaign=211Resources&#038;utm_content=Kinship\" target=\"_self\">Verwandtschaft<\/a><\/h4><figure itemscope itemtype=\"https:\/\/schema.org\/ImageObject\">\n\t\t\t\t<a href=\"\/de\/ressourcen\/kinder-familien\/verwandtschaftspflege\/?utm_source=Home&#038;utm_medium=Referral&#038;utm_campaign=211Resources&#038;utm_content=Kinship\"  target=\"_self\" itemprop=\"url\">\n\t\t\t\t<img decoding=\"async\" src=\"https:\/\/211md.org\/wp-content\/uploads\/bb-plugin\/cache\/2025_211_Icon-Sets_Kinship-square-45bdf872866f5735f842c32071109267-.png\" alt=\"Verwandtschaftssymbol\" height=\"417\" width=\"417\" title=\"2025_211_Icon Sets_Verwandtschaft\" onerror=\"this.style.display='none'\" loading=\"lazy\" \/>\n\t\t\t\t<\/a>\n\t<\/figure>\n\t\t<h4><a href=\"\/de\/ressourcen\/rechtsberatung\/?utm_source=Home&#038;utm_medium=Referral&#038;utm_campaign=211Resources&#038;utm_content=Legal\" target=\"_self\">Rechtsberatung<\/a><\/h4><figure itemscope itemtype=\"https:\/\/schema.org\/ImageObject\">\n\t\t\t\t<a href=\"\/de\/ressourcen\/rechtsberatung\/?utm_source=Home&#038;utm_medium=Referral&#038;utm_campaign=211Resources&#038;utm_content=Legal\"  target=\"_self\" itemprop=\"url\">\n\t\t\t\t<img decoding=\"async\" src=\"https:\/\/211md.org\/wp-content\/uploads\/bb-plugin\/cache\/2025_MdInfoNet_Icon-Sets_Legal-square-18fdf438feb8435588174d9046463257-.png\" alt=\"\" onerror=\"this.style.display='none'\" loading=\"lazy\" \/>\n\t\t\t\t<\/a>\n\t<\/figure>\n\t\t<h4><a href=\"\/de\/ressourcen\/psychische-gesundheit\/?utm_source=Home&#038;utm_medium=Referral&#038;utm_campaign=211Resources&#038;utm_content=Mental\" target=\"_self\">Psychische Gesundheit<\/a><\/h4><figure itemscope itemtype=\"https:\/\/schema.org\/ImageObject\">\n\t\t\t\t<a href=\"\/de\/ressourcen\/psychische-gesundheit\/?utm_source=Home&#038;utm_medium=Referral&#038;utm_campaign=211Resources&#038;utm_content=Mental\"  target=\"_self\" itemprop=\"url\">\n\t\t\t\t<img decoding=\"async\" src=\"https:\/\/211md.org\/wp-content\/uploads\/bb-plugin\/cache\/2025_MdInfoNet_Icon-Sets_Mental-Health-square-c59b38c4a993a947d4c9280fbe2d2fee-.png\" alt=\"\" onerror=\"this.style.display='none'\" loading=\"lazy\" \/>\n\t\t\t\t<\/a>\n\t<\/figure>\n\t\t<h4><a href=\"\/de\/ressourcen\/mdreentry\/?utm_source=Home&#038;utm_medium=Referral&#038;utm_campaign=211Resources&#038;utm_content=Reentry\" target=\"_self\">Wiedereintritt<\/a><\/h4><figure itemscope itemtype=\"https:\/\/schema.org\/ImageObject\">\n\t\t\t\t<a href=\"\/de\/ressourcen\/mdreentry\/?utm_source=Home&#038;utm_medium=Referral&#038;utm_campaign=211Resources&#038;utm_content=Reentry\"  target=\"_self\" itemprop=\"url\">\n\t\t\t\t<img decoding=\"async\" src=\"https:\/\/211md.org\/wp-content\/uploads\/bb-plugin\/cache\/2025_211_Icon-Sets_Reentry-square-8676fea38abd920a832f45642fe31cca-.png\" alt=\"Symbol \u201eWiedereintritt\u201c\" height=\"417\" width=\"417\" title=\"2025_211_Icon Sets_Wiedereintritt\" onerror=\"this.style.display='none'\" loading=\"lazy\" \/>\n\t\t\t\t<\/a>\n\t<\/figure>\n\t\t<h4><a href=\"\/de\/ressourcen\/substanzgebrauch\/?utm_source=Home&#038;utm_medium=Referral&#038;utm_campaign=211Resources&#038;utm_content=Substance\" target=\"_self\">Substanzgebrauch<\/a><\/h4><figure itemscope itemtype=\"https:\/\/schema.org\/ImageObject\">\n\t\t\t\t<a href=\"\/de\/ressourcen\/substanzgebrauch\/?utm_source=Home&#038;utm_medium=Referral&#038;utm_campaign=211Resources&#038;utm_content=Substance\"  target=\"_self\" itemprop=\"url\">\n\t\t\t\t<img decoding=\"async\" src=\"https:\/\/211md.org\/wp-content\/uploads\/bb-plugin\/cache\/2025_MdInfoNet_Icon-Sets_Substance-Abuse-square-4f414f085e657267739c181957754f48-.png\" alt=\"Pills for substance Use icon\" title=\"2025_MdInfoNet_Icon-Sets_Substance-Abuse\" onerror=\"this.style.display='none'\" loading=\"lazy\" \/>\n\t\t\t\t<\/a>\n\t<\/figure>\n\t\t<h4><a href=\"\/de\/ressourcen\/veteranen\/?utm_source=Home&#038;utm_medium=Referral&#038;utm_campaign=211Resources&#038;utm_content=Veterans\" target=\"_self\">Veteranen<\/a><\/h4><figure itemscope itemtype=\"https:\/\/schema.org\/ImageObject\">\n\t\t\t\t<a href=\"\/de\/ressourcen\/veteranen\/?utm_source=Home&#038;utm_medium=Referral&#038;utm_campaign=211Resources&#038;utm_content=Veterans\"  target=\"_self\" itemprop=\"url\">\n\t\t\t\t<img decoding=\"async\" src=\"https:\/\/211md.org\/wp-content\/uploads\/bb-plugin\/cache\/2025_MdInfoNet_Icon-Sets_Rating-square-6e60d00cce4faa8e0a6d4ad7366aa733-.png\" alt=\"\" onerror=\"this.style.display='none'\" loading=\"lazy\" \/>\n\t\t\t\t<\/a>\n\t<\/figure>","protected":false},"excerpt":{"rendered":"<p>Medicare is a government health insurance program, that provides assistance to people ages 65 and older, people under 65 with certain disabilities, and any age person with End-Stage Renal Disease or permanet kidney failure requiring dialysis or kidney transplant. Learn about the types of Medicare Coverage and how to get help navigating it through a&hellip;<\/p>","protected":false},"author":8,"featured_media":33836,"parent":838,"menu_order":0,"comment_status":"closed","ping_status":"closed","template":"","meta":{"footnotes":""},"class_list":["post-1014","page","type-page","status-publish","has-post-thumbnail","hentry"],"_links":{"self":[{"href":"https:\/\/211md.org\/de\/wp-json\/wp\/v2\/pages\/1014","targetHints":{"allow":["GET"]}}],"collection":[{"href":"https:\/\/211md.org\/de\/wp-json\/wp\/v2\/pages"}],"about":[{"href":"https:\/\/211md.org\/de\/wp-json\/wp\/v2\/types\/page"}],"author":[{"embeddable":true,"href":"https:\/\/211md.org\/de\/wp-json\/wp\/v2\/users\/8"}],"replies":[{"embeddable":true,"href":"https:\/\/211md.org\/de\/wp-json\/wp\/v2\/comments?post=1014"}],"version-history":[{"count":11,"href":"https:\/\/211md.org\/de\/wp-json\/wp\/v2\/pages\/1014\/revisions"}],"predecessor-version":[{"id":34544,"href":"https:\/\/211md.org\/de\/wp-json\/wp\/v2\/pages\/1014\/revisions\/34544"}],"up":[{"embeddable":true,"href":"https:\/\/211md.org\/de\/wp-json\/wp\/v2\/pages\/838"}],"wp:featuredmedia":[{"embeddable":true,"href":"https:\/\/211md.org\/de\/wp-json\/wp\/v2\/media\/33836"}],"wp:attachment":[{"href":"https:\/\/211md.org\/de\/wp-json\/wp\/v2\/media?parent=1014"}],"curies":[{"name":"wp","href":"https:\/\/api.w.org\/{rel}","templated":true}]}}