{"id":1021,"date":"2021-04-16T18:52:14","date_gmt":"2021-04-16T18:52:14","guid":{"rendered":"https:\/\/211md.org\/?page_id=1021"},"modified":"2025-12-10T11:35:32","modified_gmt":"2025-12-10T16:35:32","slug":"kindliche-verhaltensweisen","status":"publish","type":"page","link":"https:\/\/211md.org\/de\/resources\/children-families\/child-behaviors\/","title":{"rendered":"Hilfe bei kindlichem Verhalten bekommen"},"content":{"rendered":"<p>Es kann schwierig sein, zu wissen, wie man reagieren soll, wenn ein Kind \u201eausrastet\u201c. Gl\u00fccklicherweise gibt es wirksame M\u00f6glichkeiten, wie Eltern und Betreuer reagieren k\u00f6nnen, wenn ein Kind schreit, br\u00fcllt, schl\u00e4gt, tritt, bei\u00dft oder Dinge kaputt macht.<\/p>\n<h3>F\u00fcr sofortige Hilfe<\/h3>\n<p>Wenn Sie sich \u00fcber das Verhalten Ihres Kindes unmittelbar Sorgen machen, k\u00f6nnen diese Hotlines Hilfe bieten:<\/p>\n<ul>\n<li><strong>Family Tree 24-Stunden-Helpline f\u00fcr Eltern<\/strong><br \/>\nRufen Sie 1-800-243-7337 an, um kostenlose und vertrauliche Unterst\u00fctzung, Beratung und Community-Ressourcen in Maryland zu erhalten.\u00a0<a href=\"https:\/\/www.familytreemd.org\/programs\/helpline\/\" target=\"_blank\" rel=\"noopener\">Erfahren Sie mehr \u00fcber die Family Tree HelpLine<\/a>.<\/li>\n<li><strong>Rufen Sie 9-8-8 an<\/strong><br \/>\nWenn Sie Bedenken hinsichtlich der psychischen Gesundheit oder des Substanzkonsums von Kindern haben, rufen Sie 9-8-8 an.<\/li>\n<\/ul>\n\t\t\t\t<img loading=\"lazy\" decoding=\"async\" src=\"https:\/\/211md.org\/wp-content\/uploads\/2021\/05\/Child-Holding-Ears.png\" alt=\"Ein verzweifeltes Kind, das ihre H\u00e4nde \u00fcber ihre Ohren h\u00e4lt\" itemprop=\"image\" height=\"348\" width=\"460\" title=\"Kind, das Ohren h\u00e4lt\" onerror=\"this.style.display='none'\"  \/>\n\t<h3>Wenn Sie \u00fcber das Verhalten Ihres Kindes besorgt sind<\/h3>\n<p>Wenn problematisches Verhalten h\u00e4ufig vorkommt, ist es riskant anzunehmen, dass Ihr Kind \u201eda rausw\u00e4chst\u201c. Die beste Art, Ihrem Kind zu helfen, ist, fr\u00fchzeitig auf Probleme zu reagieren.<\/p>\n<p>Die meisten Probleme lassen sich mit dem richtigen Ansatz l\u00f6sen, aber in der Regel ist es einfacher und effektiver, etwas fr\u00fcher zu unternehmen, bevor sich das Problem verschlimmert.<\/p>\n<p>Ein guter erster Schritt ist, mit dem Gesundheitsdienstleister Ihres Kindes zu sprechen, beispielsweise mit dem Kinderarzt oder der Krankenschwester. Schreiben Sie Ihre Fragen, Bedenken und einige Beispiele auf und bringen Sie diese zum Termin mit. Sagen Sie dem Arzt oder der Krankenschwester zu Beginn des Termins, dass Sie Bedenken hinsichtlich des Verhaltens und der Entwicklung Ihres Kindes haben. <a href=\"https:\/\/www.cdc.gov\/ncbddd\/actearly\/pdf\/help_pdfs\/How-Talk-Doctor-English-Spanish-508.pdf\" target=\"_blank\" rel=\"noopener\">Dieses Blatt kann Ihnen bei der Vorbereitung auf das Gespr\u00e4ch helfen<\/a>.<\/p>\n\t<h3>Andere Unterst\u00fctzungsquellen<\/h3>\n<p>F\u00fcr das Kind und die Eltern kann es schwierig sein, mit diesen Verhaltensweisen klarzukommen. Hilfe ist verf\u00fcgbar.<\/p>\n<ul>\n<li><strong>Rufen Sie 2-1-1 an<br \/>\n<\/strong>Wenn Sie Unterst\u00fctzung ben\u00f6tigen, w\u00e4hlen Sie 2-1-1. Wir k\u00f6nnen Ihnen dabei helfen, herauszufinden, welches Programm oder welche Ressource f\u00fcr Sie das Richtige ist.<\/li>\n<li><strong>Peer-Unterst\u00fctzung der Maryland Coalition of Families<\/strong><br \/>\nDie Agentur kann Ihnen dabei helfen, verhaltensbedingte Gesundheitsprobleme als Familie zu bew\u00e4ltigen <a href=\"https:\/\/www.mdcoalition.org\/what-we-do\/family-peer-support\/\" target=\"_blank\" rel=\"noopener\">Familien-Peer-Unterst\u00fctzungsprogramm<\/a>. Sie k\u00f6nnen mit IEPs und anderen Ressourcen helfen, die zur Unterst\u00fctzung der Familie und des Kindes erforderlich sind.<\/li>\n<li><strong>Familien-Ressourcenkit f\u00fcr die psychische Gesundheit von Kindern<\/strong><strong><br \/>\n<\/strong>Laden Sie es herunter\u00a0<a href=\"https:\/\/www.childrensmentalhealthmatters.org\/files\/2021\/03\/CMHM-Family-Resource-Kit-2021.pdf\" target=\"_blank\" rel=\"noopener\">Englisch<\/a>\u00a0oder\u00a0<a href=\"https:\/\/www.childrensmentalhealthmatters.org\/files\/2021\/07\/CMHM-Family-Resource-Kit-2021_ES.pdf\" target=\"_blank\" rel=\"noopener\">Spanisch<\/a>. Sie finden Informationen zu verschiedenen Themen, darunter Essst\u00f6rungen, Aufmerksamkeitsdefizit-Hyperaktivit\u00e4tsst\u00f6rung (ADHS), Angstzust\u00e4nde, Depressionen oder andere psychische Probleme.<\/li>\n<\/ul>\n<p>&nbsp;<\/p>\n\t\t\t\t<img decoding=\"async\" src=\"http:\/\/211md.org\/wp-content\/uploads\/2024\/02\/mother-comforting-child.jpg\" alt=\"Mutter tr\u00f6stet Kind\" itemprop=\"image\" title=\"Mutter tr\u00f6stet Kind\" onerror=\"this.style.display='none'\"  \/>\n<h2>Verwandte Informationen<\/h2>\n<p><a title=\"Eltern sein\" href=\"https:\/\/211md.org\/de\/ressourcen\/kinder-familien\/eltern-sein\/\">Elternunterst\u00fctzung<\/a><\/p>\n<p><a title=\"Asse\" href=\"https:\/\/211md.org\/de\/ressourcen\/kinder-familien\/asse\/\">Asse<\/a><\/p>\n<p><a href=\"https:\/\/211md.org\/de\/ressourcen\/psychische-gesundheit\/teenager-unterstutzung\/\">Psychische Gesundheitsunterst\u00fctzung f\u00fcr Jugendliche<\/a><\/p>\n<p><a href=\"https:\/\/211md.org\/de\/ressourcen\/kinder-familien\/verwandtschaftsnavigation\/\" target=\"_blank\" rel=\"noopener\">Verwandtschaftsnavigation<\/a><\/p>\n<h2>\n\t\tRessourcen finden\n\t<\/h2>\n\t\t\t\t<a href=\"\/de\/ressourcen\/alterungsbehinderung\/\" target=\"_self\" itemprop=\"url\" rel=\"noopener\">\n\t\t\t\t<img loading=\"lazy\" decoding=\"async\" src=\"https:\/\/211md.org\/wp-content\/uploads\/bb-plugin\/cache\/Mask-Group-41@2x-circle-73eaadba4cad8269faa4720e25cf1c85-.png\" alt=\"Die F\u00fc\u00dfe einer \u00e4lteren Frau und einer j\u00fcngeren Frau, die zusammen gehen\" itemprop=\"image\" height=\"500\" width=\"500\" title=\"Behindertendienste\" onerror=\"this.style.display='none'\"  \/>\n\t\t\t\t<\/a>\n\t\t<h3><a href=\"\/de\/ressourcen\/alterungsbehinderung\/\" target=\"_self\" rel=\"noopener\">Alter &amp; Behinderung<\/a><\/h3>\t\n\t\t\t\t<a href=\"\/de\/ressourcen\/kinder-familien\/\" target=\"_self\" itemprop=\"url\" rel=\"noopener\">\n\t\t\t\t<img loading=\"lazy\" decoding=\"async\" src=\"https:\/\/211md.org\/wp-content\/uploads\/bb-plugin\/cache\/Mask-Group-38@2x-circle-ac40d46265fbec62083cd27f6dcf23b0-.png\" alt=\"Ein kleiner Junge und ein M\u00e4dchen l\u00e4cheln und schauen in die Kamera\" itemprop=\"image\" height=\"500\" width=\"500\" title=\"Maskengruppe 38@2x\" onerror=\"this.style.display='none'\"  \/>\n\t\t\t\t<\/a>\n\t\t<h3><a href=\"\/de\/ressourcen\/kinder-familien\/\" target=\"_self\" rel=\"noopener\">Kinder &amp; Familien<\/a><\/h3>\t\n\t\t\t\t<a href=\"\/de\/ressourcen\/covid-19-ressourcenzentrum\/\" target=\"_self\" itemprop=\"url\" rel=\"noopener\">\n\t\t\t\t<img loading=\"lazy\" decoding=\"async\" src=\"https:\/\/211md.org\/wp-content\/uploads\/bb-plugin\/cache\/Mask-Group-35-circle-1d65595bca7a4e0f07d3d14ca4f42835-.png\" alt=\"Ein Mann und eine Frau sto\u00dfen sich mit dem Ellbogen an\" itemprop=\"image\" height=\"500\" width=\"500\" title=\"Maskengruppe 35\" onerror=\"this.style.display='none'\"  \/>\n\t\t\t\t<\/a>\n\t\t<h3><a href=\"\/de\/ressourcen\/covid-19-ressourcenzentrum\/\" target=\"_self\" rel=\"noopener\">COVID-19-Ressourcen<\/a><\/h3>\t\n\t\t\t\t<a href=\"\/de\/ressourcen\/hausliche-familiare-gewalt\/\" target=\"_self\" itemprop=\"url\" rel=\"noopener\">\n\t\t\t\t<img loading=\"lazy\" decoding=\"async\" src=\"https:\/\/211md.org\/wp-content\/uploads\/bb-plugin\/cache\/Mask-Group-39@2x-circle-b2589197a13c791d910f46dd10b27a87-.png\" alt=\"Zwei Paar H\u00e4nde, die sich halten\" itemprop=\"image\" height=\"500\" width=\"500\" title=\"Maskengruppe 39@2x\" onerror=\"this.style.display='none'\"  \/>\n\t\t\t\t<\/a>\n\t\t<h3><a href=\"\/de\/ressourcen\/hausliche-familiare-gewalt\/\" target=\"_self\" rel=\"noopener\">H\u00e4usliche\/famili\u00e4re Gewalt<\/a><\/h3>\t\n\t\t\t\t<a href=\"\/de\/ressourcen\/arbeitssuche\/\" target=\"_self\" itemprop=\"url\" rel=\"noopener\">\n\t\t\t\t<img loading=\"lazy\" decoding=\"async\" src=\"https:\/\/211md.org\/wp-content\/uploads\/bb-plugin\/cache\/Employment-circle-bf72562329e950df948954f5d3f44b2e-.png\" alt=\"Ein Automechaniker\" itemprop=\"image\" height=\"500\" width=\"500\" title=\"Besch\u00e4ftigung\" onerror=\"this.style.display='none'\"  \/>\n\t\t\t\t<\/a>\n\t\t<h3><a href=\"\/de\/ressourcen\/arbeitssuche\/\" target=\"_self\" rel=\"noopener\">Besch\u00e4ftigung<\/a><\/h3>\t\n\t\t\t\t<a href=\"\/de\/ressourcen\/gesundheitswesen\/\" target=\"_self\" itemprop=\"url\" rel=\"noopener\">\n\t\t\t\t<img loading=\"lazy\" decoding=\"async\" src=\"https:\/\/211md.org\/wp-content\/uploads\/bb-plugin\/cache\/Mask-Group-35@2x-circle-94be10c13e4adae1683b4589dc2f5b2f-.png\" alt=\"Doktor, der Jungenbein betrachtet\" itemprop=\"image\" height=\"500\" width=\"500\" title=\"Maskengruppe 35@2x\" onerror=\"this.style.display='none'\"  \/>\n\t\t\t\t<\/a>\n\t\t<h3><a href=\"\/de\/ressourcen\/gesundheitswesen\/\" target=\"_self\" rel=\"noopener\">Gesundheitsvorsorge<\/a><\/h3>\t\n\t\t\t\t<a href=\"\/de\/ressourcen\/lebensmittel\/\" target=\"_self\" itemprop=\"url\" rel=\"noopener\">\n\t\t\t\t<img loading=\"lazy\" decoding=\"async\" src=\"https:\/\/211md.org\/wp-content\/uploads\/bb-plugin\/cache\/Mask-Group-32@2x-circle-1c6d647dcaf998fa079d26735cedc92b-.png\" alt=\"Frisches Gem\u00fcse\" itemprop=\"image\" height=\"500\" width=\"500\" title=\"Maskengruppe 32@2x\" onerror=\"this.style.display='none'\"  \/>\n\t\t\t\t<\/a>\n\t\t<h3><a href=\"\/de\/ressourcen\/lebensmittel\/\" target=\"_self\" rel=\"noopener\">Essen<\/a><\/h3>\t\n\t\t\t\t<a href=\"\/de\/ressourcen\/gehause-unterkunft\/\" target=\"_self\" itemprop=\"url\" rel=\"noopener\">\n\t\t\t\t<img loading=\"lazy\" decoding=\"async\" src=\"https:\/\/211md.org\/wp-content\/uploads\/bb-plugin\/cache\/Mask-Group-34@2x-circle-b99c55fc16ef21f35e2f2a1f7cc37b9a-.png\" alt=\"Apartmentkomplex Balkon\" itemprop=\"image\" height=\"500\" width=\"500\" title=\"Wohnung-Komplex\" onerror=\"this.style.display='none'\"  \/>\n\t\t\t\t<\/a>\n\t\t<h3><a href=\"\/de\/ressourcen\/gehause-unterkunft\/\" target=\"_self\" rel=\"noopener\">Wohnen &amp; Obdach<\/a><\/h3>\t\n\t\t\t\t<a href=\"\/de\/ressourcen\/neu-in-den-usa-und-maryland\/\" target=\"_self\" itemprop=\"url\" rel=\"noopener\">\n\t\t\t\t<img loading=\"lazy\" decoding=\"async\" src=\"https:\/\/211md.org\/wp-content\/uploads\/bb-plugin\/cache\/American-flag-circle-0016cc327e27ef7aeb080f1da6c6e98b-.jpg\" alt=\"Neu in den Vereinigten Staaten\" itemprop=\"image\" height=\"364\" width=\"1366\" title=\"Amerikanische Flagge\" onerror=\"this.style.display='none'\"  \/>\n\t\t\t\t<\/a>\n\t\t<h3><a href=\"\/de\/ressourcen\/neu-in-den-usa-und-maryland\/\" target=\"_self\" rel=\"noopener\">Einwanderung<\/a><\/h3>\t\n\t\t\t\t<a href=\"\/de\/ressourcen\/rechtsberatung\/\" target=\"_self\" itemprop=\"url\" rel=\"noopener\">\n\t\t\t\t<img loading=\"lazy\" decoding=\"async\" src=\"https:\/\/211md.org\/wp-content\/uploads\/bb-plugin\/cache\/Housing-Legal-circle-9a8f3c1c72c54b6e1ce612d2993c1ad4-.png\" alt=\"Rechtshammer mit einem Plastikmodell eines Hauses daneben\" itemprop=\"image\" height=\"348\" width=\"460\" title=\"Wohnungsrecht\" onerror=\"this.style.display='none'\"  \/>\n\t\t\t\t<\/a>\n\t\t<h3><a href=\"\/de\/ressourcen\/rechtsberatung\/\" target=\"_self\" rel=\"noopener\">Rechtsberatung<\/a><\/h3>\t\n\t\t\t\t<a href=\"\/de\/ressourcen\/psychische-gesundheit\/\" target=\"_self\" itemprop=\"url\" rel=\"noopener\">\n\t\t\t\t<img loading=\"lazy\" decoding=\"async\" src=\"https:\/\/211md.org\/wp-content\/uploads\/bb-plugin\/cache\/Mask-Group-40@2x-circle-7bd9426367852fb3d841bc4bdc57a550-.png\" alt=\"Die Profile eines Mannes und einer Frau\" itemprop=\"image\" height=\"500\" width=\"500\" title=\"Maskengruppe 40@2x\" onerror=\"this.style.display='none'\"  \/>\n\t\t\t\t<\/a>\n\t\t<h3><a href=\"\/de\/ressourcen\/psychische-gesundheit\/\" target=\"_self\" rel=\"noopener\">Psychische Gesundheit<\/a><\/h3>\t\n\t\t\t\t<a href=\"\/de\/stoppen\/\" target=\"_self\" itemprop=\"url\" rel=\"noopener\">\n\t\t\t\t<img loading=\"lazy\" decoding=\"async\" src=\"https:\/\/211md.org\/wp-content\/uploads\/bb-plugin\/cache\/Background-section-MDStophate-circle-08e2bae1cf9f2ad6cc83e01e23da8cb9-.jpg\" alt=\"Hintergrund-Abschnitt-MDStophate\" itemprop=\"image\" height=\"768\" width=\"1366\" title=\"Hintergrund-Abschnitt-MDStophate\" onerror=\"this.style.display='none'\"  \/>\n\t\t\t\t<\/a>\n\t\t<h3><a href=\"\/de\/stoppen\/\" target=\"_self\" rel=\"noopener\">Stoppen Sie Hass<\/a><\/h3>\t\n\t\t\t\t<a href=\"\/de\/ressourcen\/substanzgebrauch\/\" target=\"_self\" itemprop=\"url\" rel=\"noopener\">\n\t\t\t\t<img loading=\"lazy\" decoding=\"async\" src=\"https:\/\/211md.org\/wp-content\/uploads\/bb-plugin\/cache\/Substance-Use-circle-ad2d564932dc31267e0c32a6fb2d915c-.png\" alt=\"Hand zerschlagende Pillen\" itemprop=\"image\" height=\"500\" width=\"500\" title=\"Substanzgebrauch\" onerror=\"this.style.display='none'\"  \/>\n\t\t\t\t<\/a>\n\t\t<h3><a href=\"\/de\/ressourcen\/substanzgebrauch\/\" target=\"_self\" rel=\"noopener\">Substanzgebrauch<\/a><\/h3>\t\n\t\t\t\t<a href=\"\/de\/ressourcen\/steuerdienstleistungen\/\" target=\"_self\" itemprop=\"url\" rel=\"noopener\">\n\t\t\t\t<img loading=\"lazy\" decoding=\"async\" src=\"https:\/\/211md.org\/wp-content\/uploads\/bb-plugin\/cache\/Mask-Group-34-circle-166a606e37e61188c9a17d5e634cda3c-.png\" alt=\"Person, die Einkommensteuerunterlagen ausf\u00fcllt\" itemprop=\"image\" height=\"500\" width=\"500\" title=\"Maskengruppe 34\" onerror=\"this.style.display='none'\"  \/>\n\t\t\t\t<\/a>\n\t\t<h3><a href=\"\/de\/ressourcen\/steuerdienstleistungen\/\" target=\"_self\" rel=\"noopener\">Steuerliche Dienstleistungen<\/a><\/h3>\t\n\t\t\t\t<a href=\"\/de\/ressourcen\/utility-unterstutzung\/\" target=\"_self\" itemprop=\"url\" rel=\"noopener\">\n\t\t\t\t<img loading=\"lazy\" decoding=\"async\" src=\"https:\/\/211md.org\/wp-content\/uploads\/bb-plugin\/cache\/Mask-Group-37@2x-circle-9661a11b9c4082079c9a1f06bc539567-.png\" alt=\"Eine leuchtende Gl\u00fchbirne\" itemprop=\"image\" height=\"500\" width=\"500\" title=\"Maskengruppe 37@2x\" onerror=\"this.style.display='none'\"  \/>\n\t\t\t\t<\/a>\n\t\t<h3><a href=\"\/de\/ressourcen\/utility-unterstutzung\/\" target=\"_self\" rel=\"noopener\">Utility-Unterst\u00fctzung<\/a><\/h3>\t\n\t\t\t\t<a href=\"\/de\/ressourcen\/veteranen\/\" target=\"_self\" itemprop=\"url\" rel=\"noopener\">\n\t\t\t\t<img loading=\"lazy\" decoding=\"async\" src=\"https:\/\/211md.org\/wp-content\/uploads\/bb-plugin\/cache\/Veterans-circle-b5b2b017288a5af0f61a41d0f31d0f82-.png\" alt=\"Ein Soldat, der jemandem die Hand sch\u00fcttelt und l\u00e4chelt\" itemprop=\"image\" height=\"500\" width=\"500\" title=\"Veteranen\" onerror=\"this.style.display='none'\"  \/>\n\t\t\t\t<\/a>\n\t\t<h3><a href=\"\/de\/ressourcen\/veteranen\/\" target=\"_self\" rel=\"noopener\">Veteranen<\/a><\/h3>","protected":false},"excerpt":{"rendered":"<p>Es kann schwierig sein, zu wissen, wie man reagieren soll, wenn ein Kind \u201eaufdreht\u201c. Gl\u00fccklicherweise gibt es wirksame M\u00f6glichkeiten, wie Eltern und Betreuer reagieren k\u00f6nnen, wenn ein Kind schreit, br\u00fcllt, schl\u00e4gt, tritt, bei\u00dft oder Dinge kaputt macht. Sofortige Hilfe Wenn Sie sich \u00fcber das Verhalten Ihres Kindes Sorgen machen, k\u00f6nnen diese Hotlines Ihnen helfen \u2026<\/p>","protected":false},"author":8,"featured_media":4025,"parent":839,"menu_order":0,"comment_status":"closed","ping_status":"closed","template":"","meta":{"footnotes":""},"class_list":["post-1021","page","type-page","status-publish","has-post-thumbnail","hentry"],"_links":{"self":[{"href":"https:\/\/211md.org\/de\/wp-json\/wp\/v2\/pages\/1021","targetHints":{"allow":["GET"]}}],"collection":[{"href":"https:\/\/211md.org\/de\/wp-json\/wp\/v2\/pages"}],"about":[{"href":"https:\/\/211md.org\/de\/wp-json\/wp\/v2\/types\/page"}],"author":[{"embeddable":true,"href":"https:\/\/211md.org\/de\/wp-json\/wp\/v2\/users\/8"}],"replies":[{"embeddable":true,"href":"https:\/\/211md.org\/de\/wp-json\/wp\/v2\/comments?post=1021"}],"version-history":[{"count":2,"href":"https:\/\/211md.org\/de\/wp-json\/wp\/v2\/pages\/1021\/revisions"}],"predecessor-version":[{"id":4709,"href":"https:\/\/211md.org\/de\/wp-json\/wp\/v2\/pages\/1021\/revisions\/4709"}],"up":[{"embeddable":true,"href":"https:\/\/211md.org\/de\/wp-json\/wp\/v2\/pages\/839"}],"wp:featuredmedia":[{"embeddable":true,"href":"https:\/\/211md.org\/de\/wp-json\/wp\/v2\/media\/4025"}],"wp:attachment":[{"href":"https:\/\/211md.org\/de\/wp-json\/wp\/v2\/media?parent=1021"}],"curies":[{"name":"wp","href":"https:\/\/api.w.org\/{rel}","templated":true}]}}