{"id":1023,"date":"2021-04-16T18:54:38","date_gmt":"2021-04-16T18:54:38","guid":{"rendered":"https:\/\/211md.org\/?page_id=1023"},"modified":"2025-10-03T16:48:43","modified_gmt":"2025-10-03T20:48:43","slug":"ein-baby-haben","status":"publish","type":"page","link":"https:\/\/211md.org\/de\/resources\/children-families\/having-a-baby\/","title":{"rendered":"Ein Baby haben"},"content":{"rendered":"<img decoding=\"async\" src=\"https:\/\/stg-maryland211-staging.kinsta.cloud\/wp-content\/uploads\/2025\/08\/5-1-scaled.png\" alt=\"5\" itemprop=\"image\" height=\"692\" width=\"2560\" title=\"5\" onerror=\"this.style.display='none'\" loading=\"lazy\" \/>\n\t\t<p>Welcoming a new baby is an exciting time. It&#8217;s also a big change and a lot to navigate. From prenatal care and nutrition to emotional support and baby essentials, 211 connects caregivers and parents to community supports for pregnancy, postpartum, and the early years of the baby&#8217;s life.<\/p>\n<p>Beginnen Sie Ihre Suche, indem Sie zum Telefon greifen oder in unserer landesweiten Ressourcendatenbank nach Ressourcen suchen.<\/p>\n\t\t\t<a href=\"#start\" target=\"_self\">\n\t\t\t\t\t\tErste Schritte\n\t\t\t\t\t<\/a>\n\t\t\t\t<img decoding=\"async\" src=\"https:\/\/211md.org\/wp-content\/plugins\/bb-plugin\/img\/pixel.png\" alt=\"\" itemprop=\"image\" onerror=\"this.style.display='none'\" loading=\"lazy\" \/>\n\t\t\t\t<img decoding=\"async\" src=\"https:\/\/stg-maryland211-staging.kinsta.cloud\/wp-content\/uploads\/2025\/08\/16.png\" alt=\"16\" itemprop=\"image\" height=\"1000\" width=\"1000\" title=\"16\" onerror=\"this.style.display='none'\" loading=\"lazy\" \/>\n\t\t\t\t<img decoding=\"async\" src=\"http:\/\/211md.org\/wp-content\/uploads\/2025\/09\/Prenatal-Health-care-for-pregnant-mom.jpg\" alt=\"Pr\u00e4natale Gesundheitsf\u00fcrsorge f\u00fcr werdende M\u00fctter\" itemprop=\"image\" title=\"Pr\u00e4natale Gesundheitsf\u00fcrsorge f\u00fcr schwangere M\u00fctter\" onerror=\"this.style.display='none'\" loading=\"lazy\" \/>\n\t<h2>Gesundheitsf\u00fcrsorge f\u00fcr Schwangere und Babys<\/h2>\n<p>W\u00e4hrend der Schwangerschaft ist die Gesundheitsvorsorge (Schwangerschaftsvorsorge) wichtig f\u00fcr die Gesundheit der Mutter und des ungeborenen Kindes. Es gibt Krankenversicherungsprogramme, die eine kostenlose und kosteng\u00fcnstige Gesundheitsversorgung w\u00e4hrend der Schwangerschaft anbieten.<\/p>\n<p>If you don&#8217;t qualify for the programs while pregnant, check again once the child is born, as they may qualify even if you don&#8217;t.<\/p>\n\t\t\t<a href=\"https:\/\/search.211md.org\/search?query=YK-6500.6600&#038;query_label=Pregnant+Individuals&#038;query_type=taxonomy\" target=\"_blank\" rel=\"noopener\">\n\t\t\t\t\t\tGesundheitsversorgung f\u00fcr schwangere M\u00fctter\n\t\t\t\t\t<\/a>\n\t\t\t<a href=\"https:\/\/search.211md.org\/search?query=LJ-2000.6750&#038;query_label=Pregnancy+Testing&#038;query_type=taxonomy\" target=\"_self\">\n\t\t\t\t\t\tSchwangerschaftstest\n\t\t\t\t\t<\/a>\n\t<h3>Medicaid<\/h3>\n<p>Medicaid offers coverage during pregnancy and for a few months after the baby is born. Learn <a href=\"https:\/\/health.maryland.gov\/mmcp\/eligibility\/Pages\/generalrequirements.aspx\" target=\"_blank\" rel=\"noopener\">So qualifizieren Sie sich f\u00fcr Medicaid<\/a>. Es gibt auch eine Option f\u00fcr diejenigen, die keine US-B\u00fcrger sind, <a href=\"https:\/\/health.maryland.gov\/mmcp\/medicaid-mch-initiatives\/Pages\/healthybabies.aspx\" target=\"_blank\" rel=\"noopener\">schwanger<\/a>und die anderen Qualifikationen erf\u00fcllen.<\/p>\n<h3>Maryland Children&#8217;s Health Insurance Program<\/h3>\n<p>If you do not meet Medicaid&#8217;s financial eligibility requirements but also aren&#8217;t eligible for private insurance, another option is the Maryland Children&#8217;s Health Insurance Program (MCHP). That program supports <strong>Anspruchsberechtigte Schwangere und Kinder bis 19 Jahre<\/strong>.<\/p>\n<p>Sie k\u00f6nnen Folgendes bereitstellen:<\/p>\n<ul>\n<li>Arztbesuche<\/li>\n<li>Zahnpflege<\/li>\n<li>Laborarbeit<\/li>\n<li>Impfungen<\/li>\n<li>psychiatrische Dienste<\/li>\n<li>Augenpflege<\/li>\n<\/ul>\n<p>Beantragen Sie diesen Versicherungsschutz online \u00fcber\u00a0<a href=\"https:\/\/www.marylandhealthconnection.gov\/\" target=\"_blank\" rel=\"noopener\">Maryland-Gesundheitsverbindung<\/a> oder einer der <a href=\"https:\/\/health.maryland.gov\/mmcp\/eligibility\/Pages\/apply.aspx\" target=\"_blank\" rel=\"noopener\">alternative Methoden<\/a>, beispielsweise Ihr \u00f6rtliches Gesundheitsamt oder Sozialamt.\u00a0<\/p>\n<p>&nbsp;<\/p>\n\t<h2>Community-Ressourcen<\/h2>\n<p>In unserer 211 Community Resource Database finden Sie Hunderte von Ressourcen f\u00fcr schwangere und postpartale M\u00fctter sowie f\u00fcr Babys. Finden Sie die ben\u00f6tigten Ressourcen nach Art der Unterst\u00fctzung.<\/p>\n<h3>Schwangerschaftsbedingt<\/h3>\n<ul>\n<li><a href=\"https:\/\/search.211md.org\/search?query=YK-6500.6600&amp;query_label=Pregnant+Individuals&amp;query_type=taxonomy\" target=\"_blank\" rel=\"noopener\">Allgemeine Schwangerschaftsunterst\u00fctzung<\/a><\/li>\n<li><a href=\"https:\/\/search.211md.org\/search?query=LJ-2000.6750&amp;query_label=Pregnancy+Testing&amp;query_type=taxonomy\" target=\"_blank\" rel=\"noopener\">Schwangerschaftstest<\/a><\/li>\n<\/ul>\n<h3>Beratung\/Unterst\u00fctzung<\/h3>\n<p>Klicken Sie auf die Links, um eine Liste der Beratungs- und Selbsthilfegruppen in unserer Datenbank anzuzeigen. Geben Sie eine Postleitzahl ein, um Eintr\u00e4ge in der N\u00e4he anzuzeigen.<\/p>\n<ul>\n<li><a href=\"https:\/\/search.211md.org\/search?query=Family+Planning+%26+Pregnancy+Counseling&amp;query_label=Family+Planning+%26+Pregnancy+Counseling&amp;query_type=taxonomy\" target=\"_blank\" rel=\"noopener\">Familienplanung\/Schwangerschaftsberatung<\/a><\/li>\n<li><a href=\"https:\/\/search.211md.org\/search?query=PN-8100.6500-680&amp;query_type=taxonomy&amp;query_label=&amp;query_language=en\">Schwangerschafts-\/Geburtshilfegruppen<\/a><\/li>\n<li><a href=\"https:\/\/search.211md.org\/search?query=PH-6100&amp;query_type=taxonomy&amp;query_label=&amp;query_language=en\">Elternbildung<\/a><\/li>\n<\/ul>\n<h3>Sicherer Hafen<\/h3>\n<p>If you&#8217;re unwilling to care for the baby, Safe Haven is a confidential way to safely abandon an unharmed newborn. You don&#8217;t have to answer any questions. Simply say, &#8220;This is a Safe Haven baby&#8221; and drop them off at a designated location in Maryland.<\/p>\n\t\t\t<a href=\"https:\/\/211md.org\/de\/ressourcen\/kinder-familien\/sicherer-hafen\/\" target=\"_blank\" rel=\"noopener\">\n\t\t\t\t\t\tFinden Sie einen sicheren Hafen\n\t\t\t\t\t<\/a>\n\t<h3>Unterbringung eines Kindes<\/h3>\n<p>If a mom can&#8217;t care for the child, programs are available to help.<\/p>\n<p>Dies sind h\u00e4ufige Beratungssuchen in unserer Ressourcendatenbank.<\/p>\n<ul>\n<li><a href=\"https:\/\/search.211md.org\/search?query=PH-0300&amp;query_type=taxonomy&amp;query_label=&amp;query_language=en\">Adoptionsdienste<\/a><\/li>\n<li><a href=\"https:\/\/search.211md.org\/search?query=PH-6300&amp;query_type=taxonomy&amp;query_label=&amp;query_language=en\">Pflegefamilien\/Kindergruppenheime<\/a><\/li>\n<\/ul>\n<p>Kinship may also be an option if there&#8217;s a serious hardship. This is a temporary arrangement with a relative or non-relative, and it can be formal or informal.<\/p>\n<h4>Nach der Geburt<\/h4>\n<p>Finden Sie Unterst\u00fctzung nach der Geburt in unserer Datenbank.<\/p>\n<ul>\n<li><a href=\"https:\/\/search.211md.org\/search?query=Breastfeeding+Support&amp;query_label=Breastfeeding+Support&amp;query_type=taxonomy\" target=\"_blank\" rel=\"noopener\">Unterst\u00fctzung beim Stillen<\/a><\/li>\n<li><a href=\"https:\/\/search.211md.org\/search?query=Diapers+%26+Baby+Supplies&amp;query_label=Diapers+%26+Baby+Supplies&amp;query_type=taxonomy\" target=\"_blank\" rel=\"noopener\">Windeln und Babybedarf<\/a><\/li>\n<li><a href=\"https:\/\/search.211md.org\/search?query=BD-1800.8200-250&amp;query_type=taxonomy&amp;query_label=&amp;query_language=en\" target=\"_blank\" rel=\"noopener\">Formel\/Babynahrung<\/a>\u00a0<\/li>\n<\/ul>\n\t\t\t\t<img decoding=\"async\" src=\"https:\/\/211md.org\/wp-content\/plugins\/bb-plugin\/img\/pixel.png\" alt=\"\" itemprop=\"image\" onerror=\"this.style.display='none'\" loading=\"lazy\" \/>\n\t\t\t\t<img decoding=\"async\" src=\"https:\/\/211md.org\/wp-content\/uploads\/bb-plugin\/cache\/Call-center-specialst-circle-4e9ecd7b3425be4576416abc911049bb-.jpg\" alt=\"Callcenter-Spezialist\" itemprop=\"image\" title=\"Callcenter-Spezialist\" onerror=\"this.style.display='none'\" loading=\"lazy\" \/>\n<h2>W\u00e4hlen Sie 211<\/h2><p>Sprechen Sie rund um die Uhr mit einer f\u00fcrsorglichen und mitf\u00fchlenden Person. Sie kann Sie auch mit Ressourcen verbinden.\u00a0<\/p>\n\t\t\t<a href=\"tel:%20+211\" target=\"_blank\" rel=\"noopener\">\n\t\t\t\t\t\tW\u00e4hlen Sie 211 (mobil)\n\t\t\t\t\t<\/a>\n\t\t<h2>Ern\u00e4hrung w\u00e4hrend der Schwangerschaft: WIC<\/h2>\n\t\t<p>Maryland WIC (Women, Infants and Children) provides access to food, while pregnant and nursing for those who meet eligibility criteria. It&#8217;s also available for children up to age five.<\/p>\n<p>Maryland WIC bietet Lebensmittelgutscheine f\u00fcr gesunde Lebensmittel, N\u00e4hrwertinformationen und Unterst\u00fctzung beim Stillen.<\/p>\n<p>Informieren Sie sich \u00fcber Qualifikationen und Bewerbungsverfahren.<\/p>\n\t\t\t<a href=\"https:\/\/211md.org\/de\/ressourcen\/lebensmittel\/wic\/\" target=\"_self\">\n\t\t\t\t\t\t\tErfahren Sie mehr\n\t\t\t\t\t<\/a>\n\t\t\t\t<img decoding=\"async\" src=\"https:\/\/211md.org\/wp-content\/uploads\/2025\/09\/Kid-feeding-his-mom-healthy-food.jpg\" alt=\"Kind f\u00fcttert seine Mutter mit gesundem Essen\" itemprop=\"image\" height=\"800\" width=\"1200\" title=\"Kind f\u00fcttert seine Mutter mit gesundem Essen\" onerror=\"this.style.display='none'\" loading=\"lazy\" \/>\n\t\t\t\t<img decoding=\"async\" src=\"http:\/\/211md.org\/wp-content\/uploads\/2025\/08\/Infant-Home-visiting-program.jpg\" alt=\"Hausbesuchsprogramm f\u00fcr S\u00e4uglinge\" itemprop=\"image\" title=\"Hausbesuchsprogramm f\u00fcr S\u00e4uglinge\" onerror=\"this.style.display='none'\" loading=\"lazy\" \/>\n\t<h2>Hausbesuchsprogramme<\/h2>\n<p>Hausbesuche w\u00e4hrend der Schwangerschaft und nach der Geburt sind eine gute M\u00f6glichkeit, Antworten auf Ihre Fragen zu erhalten, ganz bequem von zu Hause aus. Ein Hausbesucher kann Ihnen au\u00dferdem dabei helfen, ma\u00dfgeschneiderte Empfehlungen zu erarbeiten, die f\u00fcr Ihre Familie in Ihrem h\u00e4uslichen Umfeld am besten geeignet sind.<\/p>\n<p>Es gibt zwei M\u00f6glichkeiten, in Maryland einen Hausbesuch zu machen.<\/p>\n<p>Eine l\u00e4uft \u00fcber Medicaid und die andere \u00fcber Ihren Landkreis.<\/p>\n<h3>Medicaid-Hausbesuche<\/h3>\n<p>Personen, die Anspruch auf Medicaid haben, haben m\u00f6glicherweise Anspruch auf einen Hausbesuch durch eine Krankenschwester oder eine qualifizierte Fachkraft w\u00e4hrend der Schwangerschaft und nach der Geburt.<\/p>\n\t<p>Bei diesen Hausbesuchen besteht die M\u00f6glichkeit, \u00fcber folgende Themen zu sprechen:<\/p>\n<ul>\n<li>Schwangerschaft<\/li>\n<li>Erziehung<\/li>\n<li>Nachsorge<\/li>\n<li>Ern\u00e4hrung<\/li>\n<li>Herausforderungen im Leben<\/li>\n<\/ul>\n<p>Die Besuche sind individuell auf die pers\u00f6nliche Situation abgestimmt.<\/p>\n<p>Fordern Sie Hausbesuche \u00fcber einen Medicaid-Gesundheitspartner an, der in Maryland als Managed Care Organization (MCO) bezeichnet wird.<\/p>\n<h3>Andere Hausbesuchsprogramme in Maryland<\/h3>\n<p>In bestimmten St\u00e4dten und Landkreisen in Maryland gibt es auch andere Hausbesuchsprogramme f\u00fcr junge Eltern.<\/p>\n<p>Family Connects Maryland ist ein kostenloses und freiwilliges Programm f\u00fcr junge M\u00fctter, das in einigen Regionen Marylands angeboten wird. Eine ausgebildete Krankenschwester kann nach dem Kind und den Eltern sehen.<\/p>\n<p>Auch in anderen Teilen des Staates gibt es die Programme \u201eHealthy Start\u201c und \u201eHealthy Families\u201c.<\/p>\n<p>Nehmen Sie Kontakt mit einem Hausbesuchsprogramm auf:<\/p>\n<ul>\n<li><a href=\"https:\/\/www.aahealth.org\/family-health\/healthy-babies\/healthy-start\" target=\"_blank\" rel=\"noopener\">Anne Arundel County<\/a><\/li>\n<li><a href=\"https:\/\/baltimorehealthystart.org\/programs\/home-visiting-programs\/\" target=\"_blank\" rel=\"noopener\">Baltimore-Stadt<\/a> | <a href=\"https:\/\/www.familytreemd.org\/fcm\/\" target=\"_blank\" rel=\"noopener\">Baltimore-Stadt<\/a> (Patienten des Sinai-Krankenhauses)<\/li>\n<li><a href=\"https:\/\/www.frederickhealth.org\/services\/birth-place\/at-home-newborn-visit\/\" target=\"_blank\" rel=\"noopener\">Friedrich Grafschaft<\/a><\/li>\n<li><a href=\"https:\/\/www.howardcountymd.gov\/children-families\/home-visiting\" target=\"_blank\" rel=\"noopener\">Howard County<\/a><\/li>\n<li><a href=\"https:\/\/www.childresource.org\/how-we-support\/families\/home-visiting-services\/family-connects-prince-georges\/\" target=\"_blank\" rel=\"noopener\">Prince George&#039;s County<\/a><\/li>\n<\/ul>\n<p>H\u00f6ren Sie einer Mutter zu, wie sie dar\u00fcber spricht, wie dieses Programm hilft.<\/p>\n<p><iframe loading=\"lazy\" title=\"H\u00f6ren Sie von Family Connects Frederick County-Patientin Erica Blake, Mutter von zwei Kindern\" src=\"https:\/\/player.vimeo.com\/video\/1028885783?h=44cc67f279&amp;dnt=1&amp;app_id=122963\" width=\"500\" height=\"281\" frameborder=\"0\" allow=\"autoplay; fullscreen; picture-in-picture; clipboard-write; encrypted-media; web-share\"><\/iframe><\/p>\n<p>In\u00a0<a href=\"https:\/\/baltimorehealthystart.org\/programs\/home-visiting-programs\/\" target=\"_blank\" rel=\"noopener\">Baltimore-Stadt<\/a>, Hausbesuche sind \u00fcber das Healthy Start Programm m\u00f6glich. Und in\u00a0<a href=\"https:\/\/www.howardcountymd.gov\/children-families\/home-visiting\" target=\"_blank\" rel=\"noopener\">Howard County,<\/a> Somerset, and Worcester County, it&#8217;s Healthy Families.<\/p>\n\t\t\t\t<a href=\"https:\/\/search.211md.org\/\" target=\"_blank\" rel=\"noopener\" itemprop=\"url\">\n\t\t\t\t<img decoding=\"async\" src=\"https:\/\/stg-maryland211-staging.kinsta.cloud\/wp-content\/uploads\/2025\/08\/2025_MdInfoNet_Icon-Sets-white_Locate.png\" alt=\"\" itemprop=\"image\" onerror=\"this.style.display='none'\" loading=\"lazy\" \/>\n\t\t\t\t<\/a>\n<h2><a href=\"https:\/\/search.211md.org\/\" target=\"_blank\" rel=\"noopener\">Jetzt Ressourcen finden<\/a><\/h2><p>Finden <strong>Community-Ressourcen <\/strong>f\u00fcr Lebensmittel, Gesundheitsversorgung, Unterkunft und mehr in unserer Datenbank. Suche nach Postleitzahl.<\/p>\n\t\t\t<a href=\"https:\/\/search.211md.org\/\" target=\"_blank\" rel=\"noopener\">\n\t\t\t\t\t\t\tJetzt suchen\n\t\t\t<\/a>\n\t\t\t\t<img decoding=\"async\" src=\"http:\/\/211md.org\/wp-content\/uploads\/2025\/09\/babies-at-child-care-center.jpg\" alt=\"Babys in der Kindertagesst\u00e4tte\" itemprop=\"image\" title=\"Babys in der Kindertagesst\u00e4tte\" onerror=\"this.style.display='none'\" loading=\"lazy\" \/>\n\t\t\t\t<img decoding=\"async\" src=\"https:\/\/211md.org\/wp-content\/plugins\/bb-plugin\/img\/pixel.png\" alt=\"\" itemprop=\"image\" onerror=\"this.style.display='none'\" loading=\"lazy\" \/>\n\t<h2>Ressourcen zur Kinderbetreuung<\/h2>\n<p>Es kann schwierig sein, eine Kinderbetreuung zu finden, und schwangere M\u00fctter m\u00fcssen oft auf Wartelisten sto\u00dfen. Planen Sie daher fr\u00fchzeitig, noch bevor das Baby geboren wird.<\/p>\n<p>Es gibt Unterst\u00fctzungsprogramme, die bei der Finanzierung der Kinderbetreuung helfen. Die 211 <a href=\"https:\/\/211md.org\/de\/ressourcen\/kinder-familien\/\">Leitfaden zur Kinderbetreuung<\/a> erkl\u00e4rt Ihre Optionen.<\/p>\n<p>Sie k\u00f6nnen auch in unserer 211 Community Resource Database nach einer Liste von Kindertagesst\u00e4tten und Standorten suchen, um Unterst\u00fctzung bei der Finanzierung zu erhalten.<\/p>\n\t\t\t<a href=\"https:\/\/search.211md.org\/search?query=HD-1800&#038;query_type=taxonomy&#038;query_label=&#038;query_language=en\" target=\"_blank\" rel=\"noopener\">\n\t\t\t\t\t\tfr\u00fchkindliche Bildung <br \/> (Judy Center\/Head Start)\n\t\t\t\t\t<\/a>\n\t\t\t<a href=\"https:\/\/search.211md.org\/search?query=PH-1250.1800&#038;query_type=taxonomy&#038;query_label=&#038;query_language=en\" target=\"_blank\" rel=\"noopener\">\n\t\t\t\t\t\terweiterte Kinderbetreuung\n\t\t\t\t\t<\/a>\n\t\t\t<a href=\"https:\/\/search.211md.org\/search?query=NL-3000.1500&#038;query_type=taxonomy&#038;query_label=&#038;query_language=en\" target=\"_blank\" rel=\"noopener\">\n\t\t\t\t\t\tHilfe bei den Kosten f\u00fcr die Kinderbetreuung\n\t\t\t\t\t<\/a>\n<h2>\n\t\t\tVerwandte Informationen f\u00fcr Familien\t<\/h2>\n\t\t<h4><a href=\"\/de\/ressourcen\/alterungsbehinderung\/?utm_source=Home&#038;utm_medium=Referral&#038;utm_campaign=211Resources&#038;utm_content=Aging\" target=\"_self\">Alter &amp; Behinderung<\/a><\/h4>\n\t\t\t\t<a href=\"\/de\/ressourcen\/alterungsbehinderung\/?utm_source=Home&#038;utm_medium=Referral&#038;utm_campaign=211Resources&#038;utm_content=Aging\"  target=\"_self\" itemprop=\"url\">\n\t\t\t\t<img decoding=\"async\" src=\"https:\/\/211md.org\/wp-content\/uploads\/bb-plugin\/cache\/2025_MdInfoNet_Icon-Sets_Aging-disability-square-c466727102cae71e5f27b8539bb51945-.png\" alt=\"\" itemprop=\"image\" onerror=\"this.style.display='none'\" loading=\"lazy\" \/>\n\t\t\t\t<\/a>\n\t\t<h4><a href=\"\/de\/ressourcen\/kinder-familien\/?utm_source=Home&#038;utm_medium=Referral&#038;utm_campaign=211Resources&#038;utm_content=Children\" target=\"_self\">Kinder &amp; Familien<\/a><\/h4>\n\t\t\t\t<a href=\"\/de\/ressourcen\/kinder-familien\/?utm_source=Home&#038;utm_medium=Referral&#038;utm_campaign=211Resources&#038;utm_content=Children\"  target=\"_self\" itemprop=\"url\">\n\t\t\t\t<img decoding=\"async\" src=\"https:\/\/211md.org\/wp-content\/uploads\/bb-plugin\/cache\/2025_211_Icon-Sets_Child-care-square-f3b0d4edab3dcc467fadb5f55f4064c6-.png\" alt=\"2025_211_Icon Sets_Kinderbetreuung\" itemprop=\"image\" height=\"417\" width=\"417\" title=\"2025_211_Icon Sets_Kinderbetreuung\" onerror=\"this.style.display='none'\" loading=\"lazy\" \/>\n\t\t\t\t<\/a>\n\t\t<h4><a href=\"\/de\/ressourcen\/hausliche-familiare-gewalt\/?utm_source=Home&#038;utm_medium=Referral&#038;utm_campaign=211Resources&#038;utm_content=Domestic\" target=\"_self\">H\u00e4usliche Gewalt<\/a><\/h4>\n\t\t\t\t<a href=\"\/de\/ressourcen\/hausliche-familiare-gewalt\/?utm_source=Home&#038;utm_medium=Referral&#038;utm_campaign=211Resources&#038;utm_content=Domestic\"  target=\"_self\" itemprop=\"url\">\n\t\t\t\t<img decoding=\"async\" src=\"https:\/\/211md.org\/wp-content\/uploads\/bb-plugin\/cache\/2025_211_Icon-Sets_Domestic-Violence-square-7b597694a6f05fe90cdc376aa573bc63-.png\" alt=\"Symbol f\u00fcr h\u00e4usliche Gewalt\" itemprop=\"image\" height=\"417\" width=\"417\" title=\"2025_211_Icon Sets_H\u00e4usliche Gewalt\" onerror=\"this.style.display='none'\" loading=\"lazy\" \/>\n\t\t\t\t<\/a>\n\t\t<h4><a href=\"\/de\/ressourcen\/arbeitssuche\/?utm_source=Home&#038;utm_medium=Referral&#038;utm_campaign=211Resources&#038;utm_content=Employment\" target=\"_self\">Besch\u00e4ftigung<\/a><\/h4>\n\t\t\t\t<a href=\"\/de\/ressourcen\/arbeitssuche\/?utm_source=Home&#038;utm_medium=Referral&#038;utm_campaign=211Resources&#038;utm_content=Employment\"  target=\"_self\" itemprop=\"url\">\n\t\t\t\t<img decoding=\"async\" src=\"https:\/\/211md.org\/wp-content\/uploads\/bb-plugin\/cache\/2025_MdInfoNet_Icon-Sets_Employment-square-44707bd410e4df10a470bf130ebcea86-.png\" alt=\"\" itemprop=\"image\" onerror=\"this.style.display='none'\" loading=\"lazy\" \/>\n\t\t\t\t<\/a>\n\t\t<h4><a href=\"\/de\/ressourcen\/gesundheitswesen\/?utm_source=Home&#038;utm_medium=Referral&#038;utm_campaign=211Resources&#038;utm_content=Health%20Care\" target=\"_self\">Gesundheitsvorsorge<\/a><\/h4>\n\t\t\t\t<a href=\"\/de\/ressourcen\/gesundheitswesen\/?utm_source=Home&#038;utm_medium=Referral&#038;utm_campaign=211Resources&#038;utm_content=Health%20Care\"  target=\"_self\" itemprop=\"url\">\n\t\t\t\t<img decoding=\"async\" src=\"https:\/\/211md.org\/wp-content\/uploads\/bb-plugin\/cache\/2025_MdInfoNet_Icon-Sets_Health-Care-square-dee98a0060cbe0e7f27eda253fc12679-.png\" alt=\"\" itemprop=\"image\" onerror=\"this.style.display='none'\" loading=\"lazy\" \/>\n\t\t\t\t<\/a>\n\t\t<h4><a href=\"\/de\/ressourcen\/kinder-familien\/verwandtschaftspflege\/?utm_source=Home&#038;utm_medium=Referral&#038;utm_campaign=211Resources&#038;utm_content=Kinship\" target=\"_self\">Verwandtschaft<\/a><\/h4>\n\t\t\t\t<a href=\"\/de\/ressourcen\/kinder-familien\/verwandtschaftspflege\/?utm_source=Home&#038;utm_medium=Referral&#038;utm_campaign=211Resources&#038;utm_content=Kinship\"  target=\"_self\" itemprop=\"url\">\n\t\t\t\t<img decoding=\"async\" src=\"https:\/\/211md.org\/wp-content\/uploads\/bb-plugin\/cache\/2025_211_Icon-Sets_Kinship-square-45bdf872866f5735f842c32071109267-.png\" alt=\"Verwandtschaftssymbol\" itemprop=\"image\" height=\"417\" width=\"417\" title=\"2025_211_Icon Sets_Verwandtschaft\" onerror=\"this.style.display='none'\" loading=\"lazy\" \/>\n\t\t\t\t<\/a>\n\t\t<h4><a href=\"\/de\/ressourcen\/rechtsberatung\/?utm_source=Home&#038;utm_medium=Referral&#038;utm_campaign=211Resources&#038;utm_content=Legal\" target=\"_self\">Rechtsberatung<\/a><\/h4>\n\t\t\t\t<a href=\"\/de\/ressourcen\/rechtsberatung\/?utm_source=Home&#038;utm_medium=Referral&#038;utm_campaign=211Resources&#038;utm_content=Legal\"  target=\"_self\" itemprop=\"url\">\n\t\t\t\t<img decoding=\"async\" src=\"https:\/\/211md.org\/wp-content\/uploads\/bb-plugin\/cache\/2025_MdInfoNet_Icon-Sets_Legal-square-18fdf438feb8435588174d9046463257-.png\" alt=\"\" itemprop=\"image\" onerror=\"this.style.display='none'\" loading=\"lazy\" \/>\n\t\t\t\t<\/a>\n\t\t<h4><a href=\"\/de\/ressourcen\/psychische-gesundheit\/?utm_source=Home&#038;utm_medium=Referral&#038;utm_campaign=211Resources&#038;utm_content=Mental\" target=\"_self\">Psychische Gesundheit<\/a><\/h4>\n\t\t\t\t<a href=\"\/de\/ressourcen\/psychische-gesundheit\/?utm_source=Home&#038;utm_medium=Referral&#038;utm_campaign=211Resources&#038;utm_content=Mental\"  target=\"_self\" itemprop=\"url\">\n\t\t\t\t<img decoding=\"async\" src=\"https:\/\/211md.org\/wp-content\/uploads\/bb-plugin\/cache\/2025_MdInfoNet_Icon-Sets_Mental-Health-square-c59b38c4a993a947d4c9280fbe2d2fee-.png\" alt=\"\" itemprop=\"image\" onerror=\"this.style.display='none'\" loading=\"lazy\" \/>\n\t\t\t\t<\/a>\n\t\t<h4><a href=\"\/de\/ressourcen\/mdreentry\/?utm_source=Home&#038;utm_medium=Referral&#038;utm_campaign=211Resources&#038;utm_content=Reentry\" target=\"_self\">Wiedereintritt<\/a><\/h4>\n\t\t\t\t<a href=\"\/de\/ressourcen\/mdreentry\/?utm_source=Home&#038;utm_medium=Referral&#038;utm_campaign=211Resources&#038;utm_content=Reentry\"  target=\"_self\" itemprop=\"url\">\n\t\t\t\t<img decoding=\"async\" src=\"https:\/\/211md.org\/wp-content\/uploads\/bb-plugin\/cache\/2025_211_Icon-Sets_Reentry-square-8676fea38abd920a832f45642fe31cca-.png\" alt=\"Symbol \u201eWiedereintritt\u201c\" itemprop=\"image\" height=\"417\" width=\"417\" title=\"2025_211_Icon Sets_Wiedereintritt\" onerror=\"this.style.display='none'\" loading=\"lazy\" \/>\n\t\t\t\t<\/a>\n\t\t<h4><a href=\"\/de\/ressourcen\/substanzgebrauch\/?utm_source=Home&#038;utm_medium=Referral&#038;utm_campaign=211Resources&#038;utm_content=Substance\" target=\"_self\">Substanzgebrauch<\/a><\/h4>\n\t\t\t\t<a href=\"\/de\/ressourcen\/substanzgebrauch\/?utm_source=Home&#038;utm_medium=Referral&#038;utm_campaign=211Resources&#038;utm_content=Substance\"  target=\"_self\" itemprop=\"url\">\n\t\t\t\t<img decoding=\"async\" src=\"https:\/\/211md.org\/wp-content\/uploads\/bb-plugin\/cache\/2025_MdInfoNet_Icon-Sets_Substance-Abuse-square-9022fec9d18a64118ad685c101885b55-.png\" alt=\"\" itemprop=\"image\" onerror=\"this.style.display='none'\" loading=\"lazy\" \/>\n\t\t\t\t<\/a>\n\t\t<h4><a href=\"\/de\/ressourcen\/veteranen\/?utm_source=Home&#038;utm_medium=Referral&#038;utm_campaign=211Resources&#038;utm_content=Veterans\" target=\"_self\">Veteranen<\/a><\/h4>\n\t\t\t\t<a href=\"\/de\/ressourcen\/veteranen\/?utm_source=Home&#038;utm_medium=Referral&#038;utm_campaign=211Resources&#038;utm_content=Veterans\"  target=\"_self\" itemprop=\"url\">\n\t\t\t\t<img decoding=\"async\" src=\"https:\/\/211md.org\/wp-content\/uploads\/bb-plugin\/cache\/2025_MdInfoNet_Icon-Sets_Rating-square-6e60d00cce4faa8e0a6d4ad7366aa733-.png\" alt=\"\" itemprop=\"image\" onerror=\"this.style.display='none'\" loading=\"lazy\" \/>\n\t\t\t\t<\/a>","protected":false},"excerpt":{"rendered":"<p>Welcoming a new baby is an exciting time. It&#8217;s also a big change and a lot to navigate. From prenatal care and nutrition to emotional support and baby essentials, 211 connects caregivers and parents to community supports for pregnancy, postpartum, and the early years of the baby&#8217;s life. Start your search by picking up the&hellip;<\/p>","protected":false},"author":8,"featured_media":2077,"parent":839,"menu_order":0,"comment_status":"closed","ping_status":"closed","template":"","meta":{"footnotes":""},"class_list":["post-1023","page","type-page","status-publish","has-post-thumbnail","hentry"],"_links":{"self":[{"href":"https:\/\/211md.org\/de\/wp-json\/wp\/v2\/pages\/1023","targetHints":{"allow":["GET"]}}],"collection":[{"href":"https:\/\/211md.org\/de\/wp-json\/wp\/v2\/pages"}],"about":[{"href":"https:\/\/211md.org\/de\/wp-json\/wp\/v2\/types\/page"}],"author":[{"embeddable":true,"href":"https:\/\/211md.org\/de\/wp-json\/wp\/v2\/users\/8"}],"replies":[{"embeddable":true,"href":"https:\/\/211md.org\/de\/wp-json\/wp\/v2\/comments?post=1023"}],"version-history":[{"count":10,"href":"https:\/\/211md.org\/de\/wp-json\/wp\/v2\/pages\/1023\/revisions"}],"predecessor-version":[{"id":33891,"href":"https:\/\/211md.org\/de\/wp-json\/wp\/v2\/pages\/1023\/revisions\/33891"}],"up":[{"embeddable":true,"href":"https:\/\/211md.org\/de\/wp-json\/wp\/v2\/pages\/839"}],"wp:featuredmedia":[{"embeddable":true,"href":"https:\/\/211md.org\/de\/wp-json\/wp\/v2\/media\/2077"}],"wp:attachment":[{"href":"https:\/\/211md.org\/de\/wp-json\/wp\/v2\/media?parent=1023"}],"curies":[{"name":"wp","href":"https:\/\/api.w.org\/{rel}","templated":true}]}}