{"id":1060,"date":"2021-04-16T22:07:54","date_gmt":"2021-04-16T22:07:54","guid":{"rendered":"https:\/\/211md.org\/?page_id=1060"},"modified":"2025-06-19T17:32:26","modified_gmt":"2025-06-19T21:32:26","slug":"wasserrechnungen","status":"publish","type":"page","link":"https:\/\/211md.org\/de\/resources\/utility-assistance\/water-bills\/","title":{"rendered":"Wasserrechnungen"},"content":{"rendered":"<p>Wenn Sie eine Sperrmitteilung haben, haben Sie m\u00f6glicherweise Anspruch auf Unterst\u00fctzung durch \u00f6rtliche Wohlt\u00e4tigkeitsorganisationen und religi\u00f6se Organisationen. Erfahren Sie mehr von\u00a0<a href=\"https:\/\/search.211md.org\/\" target=\"_blank\" rel=\"noopener\">Durchsuchen der 211-Ressourcendatenbank nach Wasserrechnungsunterst\u00fctzung<\/a> um lokale Organisationen zu finden, die helfen k\u00f6nnen. Sie k\u00f6nnen auch die 211 w\u00e4hlen oder sich \u00fcber die Unterst\u00fctzungsprogramme f\u00fcr Wasserrechnungen in Maryland informieren.<\/p>\n\t<h2>Hilfe bei Wasserrechnungen<\/h2>\n<p>Wenn Sie Hilfe bei der Begleichung Ihrer Wasserrechnung ben\u00f6tigen, ist es wichtig, sich Hilfe zu holen, sobald Sie die finanzielle Notlage erkennen, um zu vermeiden, dass Ihr Wasser abgestellt wird.<\/p>\n<p>Hilfe erhalten Sie durch lokale Wasserhilfeprogramme, das Wasserrechnungsprogramm f\u00fcr niedrige Einkommen des Bundesstaates Maryland, lokale Organisationen oder Zahlungsprogramme Ihres Wasserversorgungsunternehmens.<\/p>\n<p>Besprechen Sie zun\u00e4chst Ihre finanzielle Situation mit Ihrem Versorgungsunternehmen, um eine Wasserabstellung zu vermeiden.<\/p>\n<p>M\u00f6glicherweise k\u00f6nnen Sie das F\u00e4lligkeitsdatum verl\u00e4ngern oder eine andere Zahlungsvereinbarung treffen.<\/p>\n<p>Hier sind einige Beispiele f\u00fcr Wasserhilfsprogramme von Wasserunternehmen und -versorgern in Maryland.<\/p>\n\t\t\t\t<img decoding=\"async\" src=\"https:\/\/211md.org\/wp-content\/uploads\/2022\/09\/children-drinking-water.jpg\" alt=\"Kinder-Trinkwasser\" itemprop=\"image\" height=\"667\" width=\"1000\" title=\"Kinder-Trinkwasser\" onerror=\"this.style.display='none'\" loading='lazy' \/>\n\t<h3>WSSC-Wasserhilfeprogramme<\/h3>\n<p>Wenn beispielsweise WSSC Water (Montgomery und Prince George&#039;s County) Ihr Wasserversorger ist, haben Sie m\u00f6glicherweise Anspruch auf mehrere Hilfsprogramme.<\/p>\n<p>Zuerst die\u00a0<a href=\"https:\/\/www.wsscwater.com\/waterfund\" target=\"_blank\" rel=\"noopener\">Wasserfonds<\/a>\u00a0stellt berechtigten Kunden bis zu $500 pro Jahr zur Verf\u00fcgung. Die Heilsarmee f\u00fchrt dieses Programm durch.<\/p>\n<p>Der Wasserfonds ist ein einkommensberechtigtes Programm f\u00fcr Familien innerhalb der 200% der f\u00f6deralen Armutsgrenze. Die Mittel sind nach dem Prinzip \u201eWer zuerst kommt, mahlt zuerst\u201c verf\u00fcgbar. Wenn die Kapazit\u00e4t f\u00fcr einen Monat erreicht ist, ist der n\u00e4chste Termin der erste Montag des Folgemonats.<\/p>\n<p>Zweite,\u00a0<a href=\"https:\/\/www.wsscwater.com\/payplans\" target=\"_blank\" rel=\"noopener\">WSSC Water bietet auch verl\u00e4ngerte F\u00e4lligkeitstermine und bequeme Zahlungspl\u00e4ne<\/a>. Die Zahlungspl\u00e4ne k\u00f6nnen zwischen 36 und 48 Monaten verl\u00e4ngert werden, je nachdem, ob Sie ein (Customer Assistance Program) CAP-anerkannter Kunde sind.<\/p>\n<p>Wenn Sie Mieter sind, ben\u00f6tigen Sie die Zustimmung des Eigent\u00fcmers, um einen Zahlungsplan f\u00fcr Ihre Wasserrechnung aufzustellen.<\/p>\n<p>Drittens kann es in Ihrem Bezirk auch spezielle Programme geben, die bei Zahlungen helfen.<\/p>\n<p>Zum Beispiel in Montgomery County, der\u00a0<a href=\"https:\/\/www.montgomerycountymd.gov\/HHS-Program\/SNHS\/rent-relief.html\" target=\"_blank\" rel=\"noopener\">Das COVID-19-Mietentlastungsprogramm umfasst auch die Unterst\u00fctzung von Versorgungsunternehmen<\/a>, einschlie\u00dflich\u00a0<a href=\"https:\/\/www.wsscwater.com\/assistance\" target=\"_blank\" rel=\"noopener\">WSSC-Wasserrechnungen<\/a>\u00a0f\u00fcr berechtigte Haushalte mit einer finanziellen Notlage aufgrund von COVID-19.<\/p>\n<p>Dies sind nur Beispiele f\u00fcr WSSC Water, aber andere Wasserunternehmen k\u00f6nnen \u00e4hnliche oder zus\u00e4tzliche Hilfsprogramme f\u00fcr Wasser anbieten.<\/p>\n<p>211 kann Ihnen helfen, Programme zu identifizieren, die Ihnen helfen, Wasserrechnungen in Ihrer Gemeinde zu bezahlen.<\/p>\n<h3>Wasserrechnungen der Stadt Baltimore<\/h3>\n<p>Wenn Sie in wohnen\u00a0<a href=\"https:\/\/211md.org\/de\/ressourcen-nach-landkreis\/baltimore-stadt\/\" target=\"_blank\" rel=\"noopener\">Baltimore-Stadt<\/a>, tr\u00e4gt das Water4All-Rabattprogramm dazu bei, einen gerechteren Zugang zu Wasserversorgung zu schaffen.<\/p>\n<p><a href=\"https:\/\/cityservices.baltimorecity.gov\/water\/\" target=\"_blank\" rel=\"noopener\">Water4All<\/a>\u00a0ist ein einkommensberechtigtes Programm f\u00fcr Haushalte, deren Einkommen unter 200% der f\u00f6deralen Armutsgrenze liegt. W\u00e4hrend sich die Einkommensrichtlinien \u00e4ndern k\u00f6nnen, w\u00fcrde sich k\u00fcrzlich eine vierk\u00f6pfige Familie in Baltimore City qualifizieren, die weniger als $55.500 pro Jahr verdient.<\/p>\n<p>Sind Sie sich nicht sicher, wie viel Sie schulden?\u00a0<a href=\"https:\/\/cityservices.baltimorecity.gov\/water\/\" target=\"_blank\" rel=\"noopener\">Finden Sie eine Wasserrechnung in Baltimore City<\/a>\u00a0mit Kontonummer oder Serviceadresse.<\/p>\n<p>M\u00f6glicherweise haben Sie auch Anspruch auf Hilfe durch ein anderes Wasserhilfsprogramm oder eine Gemeinschaftsorganisation.<\/p>\n<h3>211 Hilfe<\/h3>\n<p>Wenn Sie in einem anderen Landkreis wohnen, k\u00f6nnen Sie jederzeit die 211 w\u00e4hlen. Die Spezialisten der 211 k\u00f6nnen Ihnen lokale Wasserhilfeprogramme in Ihrer N\u00e4he nennen, sowie <a href=\"https:\/\/211md.org\/de\/ressourcen\/utility-unterstutzung\/\">Programme f\u00fcr andere Versorgungsrechnungen<\/a>.<\/p>\n<p><a href=\"https:\/\/211md.org\/de\/ressourcen-nach-landkreis\/\">Sie k\u00f6nnen auch die Ressourcenseite Ihres Landkreises durchsuchen<\/a>.<\/p>\n<h2>Verwandte Informationen<\/h2>\n<p><a title=\"Holen Sie sich finanzielle Hilfe bei Ihrer Heizungsrechnung in Maryland\" href=\"https:\/\/211md.org\/de\/ressourcen\/utility-unterstutzung\/heizkosten\/\">Heizkostenabrechnung<\/a><\/p>\n<p><a href=\"https:\/\/211md.org\/de\/ressourcen\/utility-unterstutzung\/stromrechnungen\/\">Stromrechnung<\/a><\/p>\n<p><a title=\"Telefondienste\" href=\"https:\/\/211md.org\/de\/ressourcen\/utility-unterstutzung\/telefondienste\/\">Telefon- und Internetdienste<\/a><\/p>\n<p><a href=\"https:\/\/211md.org\/de\/ressourcen\/utility-unterstutzung\/\">Alle Stromrechnungen<\/a><\/p>\n<h2>\n\t\t\tRessourcen finden\t<\/h2>\n\t\t\t\t<a href=\"\/de\/ressourcen\/alterungsbehinderung\/\"  target=\"_self\" itemprop=\"url\">\n\t\t\t\t<img decoding=\"async\" src=\"https:\/\/211md.org\/wp-content\/uploads\/bb-plugin\/cache\/Mask-Group-41@2x-circle-73eaadba4cad8269faa4720e25cf1c85-.png\" alt=\"Die F\u00fc\u00dfe einer \u00e4lteren Frau und einer j\u00fcngeren Frau, die zusammen gehen\" itemprop=\"image\" height=\"500\" width=\"500\" title=\"Behindertendienste\" onerror=\"this.style.display='none'\" loading='lazy' \/>\n\t\t\t\t<\/a>\n\t\t<h3><a href=\"\/de\/ressourcen\/alterungsbehinderung\/\" target=\"_self\">Alter &amp; Behinderung<\/a><\/h3>\t\n\t\t\t\t<a href=\"\/de\/ressourcen\/kinder-familien\/\"  target=\"_self\" itemprop=\"url\">\n\t\t\t\t<img decoding=\"async\" src=\"https:\/\/211md.org\/wp-content\/uploads\/bb-plugin\/cache\/Mask-Group-38@2x-circle-ac40d46265fbec62083cd27f6dcf23b0-.png\" alt=\"Ein kleiner Junge und ein M\u00e4dchen l\u00e4cheln und schauen in die Kamera\" itemprop=\"image\" height=\"500\" width=\"500\" title=\"Maskengruppe 38@2x\" onerror=\"this.style.display='none'\" loading='lazy' \/>\n\t\t\t\t<\/a>\n\t\t<h3><a href=\"\/de\/ressourcen\/kinder-familien\/\" target=\"_self\">Kinder &amp; Familien<\/a><\/h3>\t\n\t\t\t\t<a href=\"\/de\/ressourcen\/hausliche-familiare-gewalt\/\"  target=\"_self\" itemprop=\"url\">\n\t\t\t\t<img decoding=\"async\" src=\"https:\/\/211md.org\/wp-content\/uploads\/bb-plugin\/cache\/Mask-Group-39@2x-circle-b2589197a13c791d910f46dd10b27a87-.png\" alt=\"Zwei Paar H\u00e4nde, die sich halten\" itemprop=\"image\" height=\"500\" width=\"500\" title=\"Maskengruppe 39@2x\" onerror=\"this.style.display='none'\" loading='lazy' \/>\n\t\t\t\t<\/a>\n\t\t<h3><a href=\"\/de\/ressourcen\/hausliche-familiare-gewalt\/\" target=\"_self\">H\u00e4usliche\/famili\u00e4re Gewalt<\/a><\/h3>\t\n\t\t\t\t<a href=\"\/de\/ressourcen\/arbeitssuche\/\"  target=\"_self\" itemprop=\"url\">\n\t\t\t\t<img decoding=\"async\" src=\"https:\/\/211md.org\/wp-content\/uploads\/bb-plugin\/cache\/Employment-circle-bf72562329e950df948954f5d3f44b2e-.png\" alt=\"Ein Automechaniker\" itemprop=\"image\" height=\"500\" width=\"500\" title=\"Besch\u00e4ftigung\" onerror=\"this.style.display='none'\" loading='lazy' \/>\n\t\t\t\t<\/a>\n\t\t<h3><a href=\"\/de\/ressourcen\/arbeitssuche\/\" target=\"_self\">Besch\u00e4ftigung<\/a><\/h3>\t\n\t\t\t\t<a href=\"\/de\/ressourcen\/gesundheitswesen\/\"  target=\"_self\" itemprop=\"url\">\n\t\t\t\t<img decoding=\"async\" src=\"https:\/\/211md.org\/wp-content\/uploads\/bb-plugin\/cache\/Mask-Group-35@2x-circle-94be10c13e4adae1683b4589dc2f5b2f-.png\" alt=\"Doktor, der Jungenbein betrachtet\" itemprop=\"image\" height=\"500\" width=\"500\" title=\"Maskengruppe 35@2x\" onerror=\"this.style.display='none'\" loading='lazy' \/>\n\t\t\t\t<\/a>\n\t\t<h3><a href=\"\/de\/ressourcen\/gesundheitswesen\/\" target=\"_self\">Gesundheitsvorsorge<\/a><\/h3>\t\n\t\t\t\t<a href=\"\/de\/ressourcen\/lebensmittel\/\"  target=\"_self\" itemprop=\"url\">\n\t\t\t\t<img decoding=\"async\" src=\"https:\/\/211md.org\/wp-content\/uploads\/bb-plugin\/cache\/Mask-Group-32@2x-circle-1c6d647dcaf998fa079d26735cedc92b-.png\" alt=\"Frisches Gem\u00fcse\" itemprop=\"image\" height=\"500\" width=\"500\" title=\"Maskengruppe 32@2x\" onerror=\"this.style.display='none'\" loading='lazy' \/>\n\t\t\t\t<\/a>\n\t\t<h3><a href=\"\/de\/ressourcen\/lebensmittel\/\" target=\"_self\">Essen<\/a><\/h3>\t\n\t\t\t\t<a href=\"\/de\/ressourcen\/gehause-unterkunft\/\"  target=\"_self\" itemprop=\"url\">\n\t\t\t\t<img decoding=\"async\" src=\"https:\/\/211md.org\/wp-content\/uploads\/bb-plugin\/cache\/Mask-Group-34@2x-circle-b99c55fc16ef21f35e2f2a1f7cc37b9a-.png\" alt=\"Apartmentkomplex Balkon\" itemprop=\"image\" height=\"500\" width=\"500\" title=\"Wohnung-Komplex\" onerror=\"this.style.display='none'\" loading='lazy' \/>\n\t\t\t\t<\/a>\n\t\t<h3><a href=\"\/de\/ressourcen\/gehause-unterkunft\/\" target=\"_self\">Wohnen &amp; Obdach<\/a><\/h3>\t\n\t\t\t\t<a href=\"\/de\/ressourcen\/neu-in-den-usa-und-maryland\/\"  target=\"_self\" itemprop=\"url\">\n\t\t\t\t<img decoding=\"async\" src=\"https:\/\/211md.org\/wp-content\/uploads\/bb-plugin\/cache\/American-flag-circle-0016cc327e27ef7aeb080f1da6c6e98b-.jpg\" alt=\"Neu in den Vereinigten Staaten\" itemprop=\"image\" height=\"364\" width=\"1366\" title=\"Amerikanische Flagge\" onerror=\"this.style.display='none'\" loading='lazy' \/>\n\t\t\t\t<\/a>\n\t\t<h3><a href=\"\/de\/ressourcen\/neu-in-den-usa-und-maryland\/\" target=\"_self\">Einwanderung<\/a><\/h3>\t\n\t\t\t\t<a href=\"\/de\/ressourcen\/kinder-familien\/verwandtschaftspflege\/\"  target=\"_self\" itemprop=\"url\">\n\t\t\t\t<img decoding=\"async\" src=\"https:\/\/211md.org\/wp-content\/uploads\/bb-plugin\/cache\/kinship-family-navigating-a-computer-circle-045fee9d587aefb20221bfea41a2cf9b-.png\" alt=\"Verwandtschaftsfamilie, die einen Computer navigiert\" itemprop=\"image\" title=\"Verwandtschaftsfamilie, die einen Computer navigiert\" onerror=\"this.style.display='none'\" loading='lazy' \/>\n\t\t\t\t<\/a>\n\t\t<h3><a href=\"\/de\/ressourcen\/kinder-familien\/verwandtschaftspflege\/\" target=\"_self\">Verwandtschaft<\/a><\/h3>\t\n\t\t\t\t<a href=\"\/de\/ressourcen\/rechtsberatung\/\"  target=\"_self\" itemprop=\"url\">\n\t\t\t\t<img decoding=\"async\" src=\"https:\/\/211md.org\/wp-content\/uploads\/bb-plugin\/cache\/Housing-Legal-circle-9a8f3c1c72c54b6e1ce612d2993c1ad4-.png\" alt=\"Rechtshammer mit einem Plastikmodell eines Hauses daneben\" itemprop=\"image\" height=\"348\" width=\"460\" title=\"Wohnungsrecht\" onerror=\"this.style.display='none'\" loading='lazy' \/>\n\t\t\t\t<\/a>\n\t\t<h3><a href=\"\/de\/ressourcen\/rechtsberatung\/\" target=\"_self\">Rechtsberatung<\/a><\/h3>\t\n\t\t\t\t<a href=\"\/de\/ressourcen\/psychische-gesundheit\/\"  target=\"_self\" itemprop=\"url\">\n\t\t\t\t<img decoding=\"async\" src=\"https:\/\/211md.org\/wp-content\/uploads\/bb-plugin\/cache\/Mask-Group-40@2x-circle-7bd9426367852fb3d841bc4bdc57a550-.png\" alt=\"Die Profile eines Mannes und einer Frau\" itemprop=\"image\" height=\"500\" width=\"500\" title=\"Maskengruppe 40@2x\" onerror=\"this.style.display='none'\" loading='lazy' \/>\n\t\t\t\t<\/a>\n\t\t<h3><a href=\"\/de\/ressourcen\/psychische-gesundheit\/\" target=\"_self\">Psychische Gesundheit<\/a><\/h3>\t\n\t\t\t\t<a href=\"\/de\/ressourcen\/mdreentry\/\"  target=\"_self\" itemprop=\"url\">\n\t\t\t\t<img decoding=\"async\" src=\"https:\/\/211md.org\/wp-content\/uploads\/bb-plugin\/cache\/Diverse-group-of-community-members-circle-4457c114cd48613bc79a0fb50060319c-.jpg\" alt=\"Vielf\u00e4ltige Gruppe von Community-Mitgliedern\" itemprop=\"image\" height=\"800\" width=\"1200\" title=\"Vielf\u00e4ltige Gruppe von Community-Mitgliedern\" onerror=\"this.style.display='none'\" loading='lazy' \/>\n\t\t\t\t<\/a>\n\t\t<h3><a href=\"\/de\/ressourcen\/mdreentry\/\" target=\"_self\">Wiedereintritt<\/a><\/h3>\t\n\t\t\t\t<a href=\"\/de\/stoppen\/\"  target=\"_self\" itemprop=\"url\">\n\t\t\t\t<img decoding=\"async\" src=\"https:\/\/211md.org\/wp-content\/uploads\/bb-plugin\/cache\/Background-section-MDStophate-circle-08e2bae1cf9f2ad6cc83e01e23da8cb9-.jpg\" alt=\"Hintergrund-Abschnitt-MDStophate\" itemprop=\"image\" height=\"768\" width=\"1366\" title=\"Hintergrund-Abschnitt-MDStophate\" onerror=\"this.style.display='none'\" loading='lazy' \/>\n\t\t\t\t<\/a>\n\t\t<h3><a href=\"\/de\/stoppen\/\" target=\"_self\">Stoppen Sie Hass<\/a><\/h3>\t\n\t\t\t\t<a href=\"\/de\/ressourcen\/substanzgebrauch\/\"  target=\"_self\" itemprop=\"url\">\n\t\t\t\t<img decoding=\"async\" src=\"https:\/\/211md.org\/wp-content\/uploads\/bb-plugin\/cache\/Substance-Use-circle-ad2d564932dc31267e0c32a6fb2d915c-.png\" alt=\"Hand zerschlagende Pillen\" itemprop=\"image\" height=\"500\" width=\"500\" title=\"Substanzgebrauch\" onerror=\"this.style.display='none'\" loading='lazy' \/>\n\t\t\t\t<\/a>\n\t\t<h3><a href=\"\/de\/ressourcen\/substanzgebrauch\/\" target=\"_self\">Substanzgebrauch<\/a><\/h3>\t\n\t\t\t\t<a href=\"\/de\/ressourcen\/steuerdienstleistungen\/\"  target=\"_self\" itemprop=\"url\">\n\t\t\t\t<img decoding=\"async\" src=\"https:\/\/211md.org\/wp-content\/uploads\/bb-plugin\/cache\/Mask-Group-34-circle-166a606e37e61188c9a17d5e634cda3c-.png\" alt=\"Person, die Einkommensteuerunterlagen ausf\u00fcllt\" itemprop=\"image\" height=\"500\" width=\"500\" title=\"Maskengruppe 34\" onerror=\"this.style.display='none'\" loading='lazy' \/>\n\t\t\t\t<\/a>\n\t\t<h3><a href=\"\/de\/ressourcen\/steuerdienstleistungen\/\" target=\"_self\">Steuerliche Dienstleistungen<\/a><\/h3>\t\n\t\t\t\t<a href=\"\/de\/ressourcen\/utility-unterstutzung\/\"  target=\"_self\" itemprop=\"url\">\n\t\t\t\t<img decoding=\"async\" src=\"https:\/\/211md.org\/wp-content\/uploads\/bb-plugin\/cache\/Mask-Group-37@2x-circle-9661a11b9c4082079c9a1f06bc539567-.png\" alt=\"Eine leuchtende Gl\u00fchbirne\" itemprop=\"image\" height=\"500\" width=\"500\" title=\"Maskengruppe 37@2x\" onerror=\"this.style.display='none'\" loading='lazy' \/>\n\t\t\t\t<\/a>\n\t\t<h3><a href=\"\/de\/ressourcen\/utility-unterstutzung\/\" target=\"_self\">Utility-Unterst\u00fctzung<\/a><\/h3>\t\n\t\t\t\t<a href=\"\/de\/ressourcen\/veteranen\/\"  target=\"_self\" itemprop=\"url\">\n\t\t\t\t<img decoding=\"async\" src=\"https:\/\/211md.org\/wp-content\/uploads\/bb-plugin\/cache\/Veterans-circle-7c6972a59826c74f1f658f61df785fc3-.png\" alt=\"Ein Soldat, der jemandem die Hand sch\u00fcttelt und l\u00e4chelt\" itemprop=\"image\" title=\"Veteranen\" onerror=\"this.style.display='none'\" loading='lazy' \/>\n\t\t\t\t<\/a>\n\t\t<h3><a href=\"\/de\/ressourcen\/veteranen\/\" target=\"_self\">Veteranen<\/a><\/h3>","protected":false},"excerpt":{"rendered":"<p>Wenn Sie eine Wassersperrung erhalten haben, haben Sie m\u00f6glicherweise Anspruch auf Unterst\u00fctzung von lokalen Wohlt\u00e4tigkeitsorganisationen und religi\u00f6sen Organisationen. Weitere Informationen finden Sie in der 211-Ressourcendatenbank \u201eHilfe bei Wasserrechnungen\u201c. Sie k\u00f6nnen auch die 211 w\u00e4hlen oder sich \u00fcber die Wasserrechnungshilfeprogramme in Maryland informieren. Hilfe bei Wasserrechnungen Wenn Sie\u2026<\/p>","protected":false},"author":8,"featured_media":3287,"parent":932,"menu_order":0,"comment_status":"closed","ping_status":"closed","template":"","meta":{"footnotes":""},"class_list":["post-1060","page","type-page","status-publish","has-post-thumbnail","hentry"],"_links":{"self":[{"href":"https:\/\/211md.org\/de\/wp-json\/wp\/v2\/pages\/1060","targetHints":{"allow":["GET"]}}],"collection":[{"href":"https:\/\/211md.org\/de\/wp-json\/wp\/v2\/pages"}],"about":[{"href":"https:\/\/211md.org\/de\/wp-json\/wp\/v2\/types\/page"}],"author":[{"embeddable":true,"href":"https:\/\/211md.org\/de\/wp-json\/wp\/v2\/users\/8"}],"replies":[{"embeddable":true,"href":"https:\/\/211md.org\/de\/wp-json\/wp\/v2\/comments?post=1060"}],"version-history":[{"count":2,"href":"https:\/\/211md.org\/de\/wp-json\/wp\/v2\/pages\/1060\/revisions"}],"predecessor-version":[{"id":4787,"href":"https:\/\/211md.org\/de\/wp-json\/wp\/v2\/pages\/1060\/revisions\/4787"}],"up":[{"embeddable":true,"href":"https:\/\/211md.org\/de\/wp-json\/wp\/v2\/pages\/932"}],"wp:featuredmedia":[{"embeddable":true,"href":"https:\/\/211md.org\/de\/wp-json\/wp\/v2\/media\/3287"}],"wp:attachment":[{"href":"https:\/\/211md.org\/de\/wp-json\/wp\/v2\/media?parent=1060"}],"curies":[{"name":"wp","href":"https:\/\/api.w.org\/{rel}","templated":true}]}}