{"id":1061,"date":"2021-04-19T13:03:24","date_gmt":"2021-04-19T13:03:24","guid":{"rendered":"https:\/\/211md.org\/?page_id=1061"},"modified":"2025-06-09T12:58:58","modified_gmt":"2025-06-09T16:58:58","slug":"telefondienste","status":"publish","type":"page","link":"https:\/\/211md.org\/de\/resources\/utility-assistance\/phone-services\/","title":{"rendered":"Telefon- und Internetrechnungshilfe"},"content":{"rendered":"<h2><a href=\"https:\/\/search.211md.org\/\" target=\"_blank\"  rel=\"noopener\">Finden Sie Ressourcen in meiner N\u00e4he<\/a><\/h2>\n\t\t\t<a href=\"https:\/\/search.211md.org\/\" target=\"_blank\" rel=\"noopener\">\n\t\t\t\t\t\t\tJetzt suchen\n\t\t\t<\/a>\n\t<p><strong><a href=\"\/de\/treten-sie-unserer-datenbank-bei\/\">F\u00fcgen Sie Ihre Agentur oder Organisation zu unserer Ressourcendatenbank hinzu.<\/a><\/strong><\/p>\n\t<p>Brauchen Sie Hilfe beim Bezahlen Ihrer Telefon- oder Internetrechnung? F\u00fcr diejenigen, die die Voraussetzungen erf\u00fcllen, steht Hilfe zur Verf\u00fcgung.<\/p>\n<p>Das Programm bietet Rabatte und stellt keine kostenlosen Mobiltelefone zur Verf\u00fcgung. Anbieter k\u00f6nnen jedoch die Kosten f\u00fcr ein Mobiltelefon f\u00fcr den Verbraucher \u00fcbernehmen. Lesen Sie die Gesch\u00e4ftsbedingungen sorgf\u00e4ltig durch und w\u00e4hlen Sie einen autorisierten Lifeline-Anbieter.<\/p>\n<h2>Lifeline-Rabatte f\u00fcr Telefon und Internet<\/h2>\n<p>Wenn Sie staatliche Leistungen aus einem staatlichen Hilfsprogramm erhalten, haben Sie m\u00f6glicherweise Anspruch auf einen Telefonrechnungsrabatt durch die <a href=\"https:\/\/www.psc.state.md.us\/telecommunications\/lifeline-availability-maryland\/\" target=\"_blank\" rel=\"noopener\">Lifeline-Programm<\/a>.<\/p>\n<blockquote><p>Berechtigte Kunden erhalten bis zu $9,25 pro Monat Rabatt auf die Kosten f\u00fcr Telefon, Internet oder geb\u00fcndelte Dienste. F\u00fcr Bewohner von Stammesgebieten ist der Rabatt h\u00f6her.<\/p><\/blockquote>\n<p>Dies ist das einzige staatliche Programm, das bei Internetrechnungen hilft, da das Affordable Connectivity Program beendet wurde. Wenn Sie diesen Rabatt in der Vergangenheit erhalten haben, fragen Sie Ihren Anbieter, ob er andere kosteng\u00fcnstige Internettarife anbietet.<\/p>\n<h3>Teilnahmeberechtigung<\/h3>\n<p>Sie sind berechtigt, wenn Sie Leistungen aus einem dieser Programme in Maryland erhalten:<\/p>\n<ul>\n<li>Lebensmittelmarken\/Supplemental Nutrition Assistance Program (SNAP)<\/li>\n<li>Energiehilfeprogramm f\u00fcr Haushalte mit niedrigem Einkommen<\/li>\n<li>Medicaid<\/li>\n<li>F\u00f6derale Sozialwohnungsbeihilfe<\/li>\n<li>Zus\u00e4tzliches Sicherheitseinkommen (SSI)<\/li>\n<li>Veteranenrenten- und Hinterbliebenenleistungsprogramm<\/li>\n<\/ul>\n<p>Sie k\u00f6nnen sich auch qualifizieren, wenn Ihr gesamtes Haushaltseinkommen bei oder unter 135% der Federal Poverty Guidelines liegt.<\/p>\n\t<h3>So bewerben Sie sich<\/h3>\n<p>So beantragen Sie Lifeline online:<\/p>\n<ol>\n<li><a href=\"https:\/\/getinternet.gov\/apply?id=nv_home&amp;ln=RW5nbGlzaA%3D%3D\" target=\"_blank\" rel=\"noopener\">Ein Konto erstellen<\/a> und pr\u00fcfen Sie, ob Sie berechtigt sind. Sie ben\u00f6tigen die letzten vier Ziffern Ihrer Sozialversicherungsnummer oder Ihres amtlichen Ausweises.<\/li>\n<li>Wenn Sie die Voraussetzungen erf\u00fcllen, haben Sie 90 Tage Zeit, um Ihren Telefon- oder Internetanbieter zu kontaktieren und Ihren Antrag einzureichen.\u00a0 <a href=\"https:\/\/cnm.universalservice.org\/\" target=\"_blank\" rel=\"noopener\">Finden Sie einen Telefon- oder Internetanbieter<\/a> das Lifeline in Maryland anbietet.<\/li>\n<\/ol>\n<p>Sie k\u00f6nnen auch eine Anwendung herunterladen in <a href=\"https:\/\/www.lifelinesupport.org\/wp-content\/uploads\/documents\/get-lifeline\/LI_Application_NVstates.pdf\" target=\"_blank\" rel=\"noopener\">Englisch<\/a> und <a href=\"https:\/\/www.lifelinesupport.org\/wp-content\/uploads\/documents\/get-lifeline\/LI-SP_Application_NVstates.pdf\" target=\"_blank\" rel=\"noopener\">Spanisch<\/a>.<\/p>\n<p>M\u00f6glicherweise sehen Sie auch Werbung f\u00fcr kostenlose Mobiltelefone, aber stellen Sie sicher, dass Sie einen autorisierten Lifeline-Anbieter verwenden. Sie finden sie <a href=\"https:\/\/cnm.universalservice.org\/\" target=\"_blank\" rel=\"noopener\">Hier<\/a>. Lesen Sie auch die Allgemeinen Gesch\u00e4ftsbedingungen, um sicherzustellen, dass keine weiteren Geb\u00fchren anfallen. Informieren Sie sich au\u00dferdem \u00fcber die Regeln des Lifeline-Programms.<\/p>\n<p>Pro Haushalt ist nur eine Lifeline-Leistung zul\u00e4ssig und der Rabatt betr\u00e4gt $9,25 pro Monat. Sie m\u00fcssen Ihren Rabatt jedes Jahr erneut best\u00e4tigen.<\/p>\n<p>Wenn Sie Hilfe ben\u00f6tigen, w\u00e4hlen Sie 211.<\/p>\n\t\t\t\t<img decoding=\"async\" src=\"http:\/\/211md.org\/wp-content\/uploads\/2023\/03\/person-going-over-phone-bill.png\" alt=\"Person geht die Telefonrechnung durch\" itemprop=\"image\" title=\"Person geht die Telefonrechnung durch\" onerror=\"this.style.display='none'\" loading='lazy' \/>\n<h2>Verwandte Informationen<\/h2>\n<a title=\"Holen Sie sich finanzielle Hilfe bei Ihrer Heizungsrechnung in Maryland\" href=\"https:\/\/211md.org\/de\/ressourcen\/utility-unterstutzung\/heizkosten\/\">Maryland-Heizungsgesetz<\/a>\n<a title=\"Wasserrechnungen\" href=\"https:\/\/211md.org\/de\/ressourcen\/utility-unterstutzung\/wasserrechnungen\/\">Wasserrechnungen<\/a>\n<p><a href=\"https:\/\/211md.org\/de\/ressourcen\/utility-unterstutzung\/stromrechnungen\/\">Stromrechnung<\/a><\/p>\n<h2>\n\t\t\tRessourcen finden\t<\/h2>\n\t\t\t\t<a href=\"\/de\/ressourcen\/alterungsbehinderung\/\"  target=\"_self\" itemprop=\"url\">\n\t\t\t\t<img decoding=\"async\" src=\"https:\/\/211md.org\/wp-content\/uploads\/bb-plugin\/cache\/Mask-Group-41@2x-circle-73eaadba4cad8269faa4720e25cf1c85-.png\" alt=\"Die F\u00fc\u00dfe einer \u00e4lteren Frau und einer j\u00fcngeren Frau, die zusammen gehen\" itemprop=\"image\" height=\"500\" width=\"500\" title=\"Behindertendienste\" onerror=\"this.style.display='none'\" loading='lazy' \/>\n\t\t\t\t<\/a>\n\t\t<h3><a href=\"\/de\/ressourcen\/alterungsbehinderung\/\" target=\"_self\">Alter &amp; Behinderung<\/a><\/h3>\t\n\t\t\t\t<a href=\"\/de\/ressourcen\/kinder-familien\/\"  target=\"_self\" itemprop=\"url\">\n\t\t\t\t<img decoding=\"async\" src=\"https:\/\/211md.org\/wp-content\/uploads\/bb-plugin\/cache\/Mask-Group-38@2x-circle-ac40d46265fbec62083cd27f6dcf23b0-.png\" alt=\"Ein kleiner Junge und ein M\u00e4dchen l\u00e4cheln und schauen in die Kamera\" itemprop=\"image\" height=\"500\" width=\"500\" title=\"Maskengruppe 38@2x\" onerror=\"this.style.display='none'\" loading='lazy' \/>\n\t\t\t\t<\/a>\n\t\t<h3><a href=\"\/de\/ressourcen\/kinder-familien\/\" target=\"_self\">Kinder &amp; Familien<\/a><\/h3>\t\n\t\t\t\t<a href=\"\/de\/ressourcen\/hausliche-familiare-gewalt\/\"  target=\"_self\" itemprop=\"url\">\n\t\t\t\t<img decoding=\"async\" src=\"https:\/\/211md.org\/wp-content\/uploads\/bb-plugin\/cache\/Mask-Group-39@2x-circle-b2589197a13c791d910f46dd10b27a87-.png\" alt=\"Zwei Paar H\u00e4nde, die sich halten\" itemprop=\"image\" height=\"500\" width=\"500\" title=\"Maskengruppe 39@2x\" onerror=\"this.style.display='none'\" loading='lazy' \/>\n\t\t\t\t<\/a>\n\t\t<h3><a href=\"\/de\/ressourcen\/hausliche-familiare-gewalt\/\" target=\"_self\">H\u00e4usliche\/famili\u00e4re Gewalt<\/a><\/h3>\t\n\t\t\t\t<a href=\"\/de\/ressourcen\/arbeitssuche\/\"  target=\"_self\" itemprop=\"url\">\n\t\t\t\t<img decoding=\"async\" src=\"https:\/\/211md.org\/wp-content\/uploads\/bb-plugin\/cache\/Employment-circle-bf72562329e950df948954f5d3f44b2e-.png\" alt=\"Ein Automechaniker\" itemprop=\"image\" height=\"500\" width=\"500\" title=\"Besch\u00e4ftigung\" onerror=\"this.style.display='none'\" loading='lazy' \/>\n\t\t\t\t<\/a>\n\t\t<h3><a href=\"\/de\/ressourcen\/arbeitssuche\/\" target=\"_self\">Besch\u00e4ftigung<\/a><\/h3>\t\n\t\t\t\t<a href=\"\/de\/ressourcen\/gesundheitswesen\/\"  target=\"_self\" itemprop=\"url\">\n\t\t\t\t<img decoding=\"async\" src=\"https:\/\/211md.org\/wp-content\/uploads\/bb-plugin\/cache\/Mask-Group-35@2x-circle-94be10c13e4adae1683b4589dc2f5b2f-.png\" alt=\"Doktor, der Jungenbein betrachtet\" itemprop=\"image\" height=\"500\" width=\"500\" title=\"Maskengruppe 35@2x\" onerror=\"this.style.display='none'\" loading='lazy' \/>\n\t\t\t\t<\/a>\n\t\t<h3><a href=\"\/de\/ressourcen\/gesundheitswesen\/\" target=\"_self\">Gesundheitsvorsorge<\/a><\/h3>\t\n\t\t\t\t<a href=\"\/de\/ressourcen\/lebensmittel\/\"  target=\"_self\" itemprop=\"url\">\n\t\t\t\t<img decoding=\"async\" src=\"https:\/\/211md.org\/wp-content\/uploads\/bb-plugin\/cache\/Mask-Group-32@2x-circle-1c6d647dcaf998fa079d26735cedc92b-.png\" alt=\"Frisches Gem\u00fcse\" itemprop=\"image\" height=\"500\" width=\"500\" title=\"Maskengruppe 32@2x\" onerror=\"this.style.display='none'\" loading='lazy' \/>\n\t\t\t\t<\/a>\n\t\t<h3><a href=\"\/de\/ressourcen\/lebensmittel\/\" target=\"_self\">Essen<\/a><\/h3>\t\n\t\t\t\t<a href=\"\/de\/ressourcen\/gehause-unterkunft\/\"  target=\"_self\" itemprop=\"url\">\n\t\t\t\t<img decoding=\"async\" src=\"https:\/\/211md.org\/wp-content\/uploads\/bb-plugin\/cache\/Mask-Group-34@2x-circle-b99c55fc16ef21f35e2f2a1f7cc37b9a-.png\" alt=\"Apartmentkomplex Balkon\" itemprop=\"image\" height=\"500\" width=\"500\" title=\"Wohnung-Komplex\" onerror=\"this.style.display='none'\" loading='lazy' \/>\n\t\t\t\t<\/a>\n\t\t<h3><a href=\"\/de\/ressourcen\/gehause-unterkunft\/\" target=\"_self\">Wohnen &amp; Obdach<\/a><\/h3>\t\n\t\t\t\t<a href=\"\/de\/ressourcen\/neu-in-den-usa-und-maryland\/\"  target=\"_self\" itemprop=\"url\">\n\t\t\t\t<img decoding=\"async\" src=\"https:\/\/211md.org\/wp-content\/uploads\/bb-plugin\/cache\/American-flag-circle-0016cc327e27ef7aeb080f1da6c6e98b-.jpg\" alt=\"Neu in den Vereinigten Staaten\" itemprop=\"image\" height=\"364\" width=\"1366\" title=\"Amerikanische Flagge\" onerror=\"this.style.display='none'\" loading='lazy' \/>\n\t\t\t\t<\/a>\n\t\t<h3><a href=\"\/de\/ressourcen\/neu-in-den-usa-und-maryland\/\" target=\"_self\">Einwanderung<\/a><\/h3>\t\n\t\t\t\t<a href=\"\/de\/ressourcen\/kinder-familien\/verwandtschaftspflege\/\"  target=\"_self\" itemprop=\"url\">\n\t\t\t\t<img decoding=\"async\" src=\"https:\/\/211md.org\/wp-content\/uploads\/bb-plugin\/cache\/kinship-family-navigating-a-computer-circle-045fee9d587aefb20221bfea41a2cf9b-.png\" alt=\"Verwandtschaftsfamilie, die einen Computer navigiert\" itemprop=\"image\" title=\"Verwandtschaftsfamilie, die einen Computer navigiert\" onerror=\"this.style.display='none'\" loading='lazy' \/>\n\t\t\t\t<\/a>\n\t\t<h3><a href=\"\/de\/ressourcen\/kinder-familien\/verwandtschaftspflege\/\" target=\"_self\">Verwandtschaft<\/a><\/h3>\t\n\t\t\t\t<a href=\"\/de\/ressourcen\/rechtsberatung\/\"  target=\"_self\" itemprop=\"url\">\n\t\t\t\t<img decoding=\"async\" src=\"https:\/\/211md.org\/wp-content\/uploads\/bb-plugin\/cache\/Housing-Legal-circle-9a8f3c1c72c54b6e1ce612d2993c1ad4-.png\" alt=\"Rechtshammer mit einem Plastikmodell eines Hauses daneben\" itemprop=\"image\" height=\"348\" width=\"460\" title=\"Wohnungsrecht\" onerror=\"this.style.display='none'\" loading='lazy' \/>\n\t\t\t\t<\/a>\n\t\t<h3><a href=\"\/de\/ressourcen\/rechtsberatung\/\" target=\"_self\">Rechtsberatung<\/a><\/h3>\t\n\t\t\t\t<a href=\"\/de\/ressourcen\/psychische-gesundheit\/\"  target=\"_self\" itemprop=\"url\">\n\t\t\t\t<img decoding=\"async\" src=\"https:\/\/211md.org\/wp-content\/uploads\/bb-plugin\/cache\/Mask-Group-40@2x-circle-7bd9426367852fb3d841bc4bdc57a550-.png\" alt=\"Die Profile eines Mannes und einer Frau\" itemprop=\"image\" height=\"500\" width=\"500\" title=\"Maskengruppe 40@2x\" onerror=\"this.style.display='none'\" loading='lazy' \/>\n\t\t\t\t<\/a>\n\t\t<h3><a href=\"\/de\/ressourcen\/psychische-gesundheit\/\" target=\"_self\">Psychische Gesundheit<\/a><\/h3>\t\n\t\t\t\t<a href=\"\/de\/ressourcen\/mdreentry\/\"  target=\"_self\" itemprop=\"url\">\n\t\t\t\t<img decoding=\"async\" src=\"https:\/\/211md.org\/wp-content\/uploads\/bb-plugin\/cache\/Diverse-group-of-community-members-circle-4457c114cd48613bc79a0fb50060319c-.jpg\" alt=\"Vielf\u00e4ltige Gruppe von Community-Mitgliedern\" itemprop=\"image\" height=\"800\" width=\"1200\" title=\"Vielf\u00e4ltige Gruppe von Community-Mitgliedern\" onerror=\"this.style.display='none'\" loading='lazy' \/>\n\t\t\t\t<\/a>\n\t\t<h3><a href=\"\/de\/ressourcen\/mdreentry\/\" target=\"_self\">Wiedereintritt<\/a><\/h3>\t\n\t\t\t\t<a href=\"\/de\/stoppen\/\"  target=\"_self\" itemprop=\"url\">\n\t\t\t\t<img decoding=\"async\" src=\"https:\/\/211md.org\/wp-content\/uploads\/bb-plugin\/cache\/Background-section-MDStophate-circle-08e2bae1cf9f2ad6cc83e01e23da8cb9-.jpg\" alt=\"Hintergrund-Abschnitt-MDStophate\" itemprop=\"image\" height=\"768\" width=\"1366\" title=\"Hintergrund-Abschnitt-MDStophate\" onerror=\"this.style.display='none'\" loading='lazy' \/>\n\t\t\t\t<\/a>\n\t\t<h3><a href=\"\/de\/stoppen\/\" target=\"_self\">Stoppen Sie Hass<\/a><\/h3>\t\n\t\t\t\t<a href=\"\/de\/ressourcen\/substanzgebrauch\/\"  target=\"_self\" itemprop=\"url\">\n\t\t\t\t<img decoding=\"async\" src=\"https:\/\/211md.org\/wp-content\/uploads\/bb-plugin\/cache\/Substance-Use-circle-ad2d564932dc31267e0c32a6fb2d915c-.png\" alt=\"Hand zerschlagende Pillen\" itemprop=\"image\" height=\"500\" width=\"500\" title=\"Substanzgebrauch\" onerror=\"this.style.display='none'\" loading='lazy' \/>\n\t\t\t\t<\/a>\n\t\t<h3><a href=\"\/de\/ressourcen\/substanzgebrauch\/\" target=\"_self\">Substanzgebrauch<\/a><\/h3>\t\n\t\t\t\t<a href=\"\/de\/ressourcen\/steuerdienstleistungen\/\"  target=\"_self\" itemprop=\"url\">\n\t\t\t\t<img decoding=\"async\" src=\"https:\/\/211md.org\/wp-content\/uploads\/bb-plugin\/cache\/Mask-Group-34-circle-166a606e37e61188c9a17d5e634cda3c-.png\" alt=\"Person, die Einkommensteuerunterlagen ausf\u00fcllt\" itemprop=\"image\" height=\"500\" width=\"500\" title=\"Maskengruppe 34\" onerror=\"this.style.display='none'\" loading='lazy' \/>\n\t\t\t\t<\/a>\n\t\t<h3><a href=\"\/de\/ressourcen\/steuerdienstleistungen\/\" target=\"_self\">Steuerliche Dienstleistungen<\/a><\/h3>\t\n\t\t\t\t<a href=\"\/de\/ressourcen\/utility-unterstutzung\/\"  target=\"_self\" itemprop=\"url\">\n\t\t\t\t<img decoding=\"async\" src=\"https:\/\/211md.org\/wp-content\/uploads\/bb-plugin\/cache\/Mask-Group-37@2x-circle-9661a11b9c4082079c9a1f06bc539567-.png\" alt=\"Eine leuchtende Gl\u00fchbirne\" itemprop=\"image\" height=\"500\" width=\"500\" title=\"Maskengruppe 37@2x\" onerror=\"this.style.display='none'\" loading='lazy' \/>\n\t\t\t\t<\/a>\n\t\t<h3><a href=\"\/de\/ressourcen\/utility-unterstutzung\/\" target=\"_self\">Utility-Unterst\u00fctzung<\/a><\/h3>\t\n\t\t\t\t<a href=\"\/de\/ressourcen\/veteranen\/\"  target=\"_self\" itemprop=\"url\">\n\t\t\t\t<img decoding=\"async\" src=\"https:\/\/211md.org\/wp-content\/uploads\/bb-plugin\/cache\/Veterans-circle-7c6972a59826c74f1f658f61df785fc3-.png\" alt=\"Ein Soldat, der jemandem die Hand sch\u00fcttelt und l\u00e4chelt\" itemprop=\"image\" title=\"Veteranen\" onerror=\"this.style.display='none'\" loading='lazy' \/>\n\t\t\t\t<\/a>\n\t\t<h3><a href=\"\/de\/ressourcen\/veteranen\/\" target=\"_self\">Veteranen<\/a><\/h3>","protected":false},"excerpt":{"rendered":"<p>Ressourcen in meiner N\u00e4he finden Jetzt suchen F\u00fcgen Sie Ihre Agentur oder Organisation zu unserer Ressourcendatenbank hinzu. Ben\u00f6tigen Sie Hilfe beim Bezahlen Ihrer Telefon- oder Internetrechnung? F\u00fcr diejenigen, die sich qualifizieren, ist Hilfe verf\u00fcgbar. Das Programm bietet Rabatte und stellt keine kostenlosen Mobiltelefone zur Verf\u00fcgung. Anbieter k\u00f6nnen jedoch die Kosten f\u00fcr ein Mobiltelefon f\u00fcr die \u2026 \u00fcbernehmen.<\/p>","protected":false},"author":8,"featured_media":3746,"parent":932,"menu_order":0,"comment_status":"closed","ping_status":"closed","template":"","meta":{"footnotes":""},"class_list":["post-1061","page","type-page","status-publish","has-post-thumbnail","hentry"],"_links":{"self":[{"href":"https:\/\/211md.org\/de\/wp-json\/wp\/v2\/pages\/1061","targetHints":{"allow":["GET"]}}],"collection":[{"href":"https:\/\/211md.org\/de\/wp-json\/wp\/v2\/pages"}],"about":[{"href":"https:\/\/211md.org\/de\/wp-json\/wp\/v2\/types\/page"}],"author":[{"embeddable":true,"href":"https:\/\/211md.org\/de\/wp-json\/wp\/v2\/users\/8"}],"replies":[{"embeddable":true,"href":"https:\/\/211md.org\/de\/wp-json\/wp\/v2\/comments?post=1061"}],"version-history":[{"count":2,"href":"https:\/\/211md.org\/de\/wp-json\/wp\/v2\/pages\/1061\/revisions"}],"predecessor-version":[{"id":4676,"href":"https:\/\/211md.org\/de\/wp-json\/wp\/v2\/pages\/1061\/revisions\/4676"}],"up":[{"embeddable":true,"href":"https:\/\/211md.org\/de\/wp-json\/wp\/v2\/pages\/932"}],"wp:featuredmedia":[{"embeddable":true,"href":"https:\/\/211md.org\/de\/wp-json\/wp\/v2\/media\/3746"}],"wp:attachment":[{"href":"https:\/\/211md.org\/de\/wp-json\/wp\/v2\/media?parent=1061"}],"curies":[{"name":"wp","href":"https:\/\/api.w.org\/{rel}","templated":true}]}}