{"id":1092,"date":"2021-04-19T13:26:39","date_gmt":"2021-04-19T13:26:39","guid":{"rendered":"https:\/\/211md.org\/?page_id=1092"},"modified":"2025-10-09T11:21:56","modified_gmt":"2025-10-09T15:21:56","slug":"veteran-finanzielle-hilfe","status":"publish","type":"page","link":"https:\/\/211md.org\/de\/resources\/veterans\/veteran-financial-help\/","title":{"rendered":"Finanzielle Hilfe f\u00fcr Veteranen"},"content":{"rendered":"<img decoding=\"async\" src=\"https:\/\/stg-maryland211-staging.kinsta.cloud\/wp-content\/uploads\/2025\/08\/5-1-scaled.png\" alt=\"5\" itemprop=\"image\" height=\"692\" width=\"2560\" title=\"5\" onerror=\"this.style.display='none'\" loading=\"lazy\" \/>\n\t\t<p>Veteranenorganisationen k\u00f6nnen Bed\u00fcrftigen finanzielle Unterst\u00fctzung leisten. <\/p>\n<p>W\u00e4hlen Sie 211, um rund um die Uhr mit einem Informations- und Empfehlungsspezialisten zu sprechen. <\/p>\n<p>Lesen Sie weiter \u00fcber Veteranen-Unterst\u00fctzungsorganisationen, die mit Darlehen, Zusch\u00fcssen und finanziellen Zahlungen helfen k\u00f6nnen.<\/p>\n\t\t\t<a href=\"#start\" target=\"_self\">\n\t\t\t\t\t\tErste Schritte\n\t\t\t\t\t<\/a>\n\t\t\t\t<img decoding=\"async\" src=\"https:\/\/211md.org\/wp-content\/plugins\/bb-plugin\/img\/pixel.png\" alt=\"\" itemprop=\"image\" onerror=\"this.style.display='none'\" loading=\"lazy\" \/>\n\t\t\t\t<img decoding=\"async\" src=\"https:\/\/stg-maryland211-staging.kinsta.cloud\/wp-content\/uploads\/2025\/08\/16.png\" alt=\"16\" itemprop=\"image\" height=\"1000\" width=\"1000\" title=\"16\" onerror=\"this.style.display='none'\" loading=\"lazy\" \/>\n\t<h2 aria-level=\"3\"><b>Darlehen und Zusch\u00fcsse\u00a0<\/b>\u00a0<\/h2>\n<p>Die\u00a0<b><a href=\"https:\/\/veterans.maryland.gov\/maryland-department-of-veterans-affairs-veterans-trust-fund\/\" target=\"_blank\" rel=\"noopener\">Maryland Veterans Trust<\/a>\u202f\u00a0<\/b>stellt Zusch\u00fcsse und Darlehen f\u00fcr Veteranen in Not bereit. Ziel ist es, Veteranen zu helfen, die nach Erhalt der Hilfe selbst\u00e4ndig sind. \u00a0<\/p>\n<p>Veterans of Foreign Wars (VFW) bietet Unterst\u00fctzung bei unerwarteten finanziellen Situationen, die sich aus dem Einsatz oder anderen milit\u00e4rbezogenen Aktivit\u00e4ten oder Verletzungen ergeben. Zusch\u00fcsse bis zu $1.500 sind verf\u00fcgbar, um bei grundlegenden Lebensbed\u00fcrfnissen zu helfen. Eine R\u00fcckzahlung ist nicht erforderlich.\u00a0<\/p>\n<p>Zu den f\u00f6rderf\u00e4higen Ausgaben geh\u00f6ren Miete, Hypothek, Hausreparaturen, Versicherungen, Fahrzeugkosten, Nebenkosten, Lebensmittel, Kleidung, Ausgaben f\u00fcr Kinder und medizinische Notfallversorgung. Erfahren Sie mehr \u00fcber die\u00a0<a href=\"https:\/\/www.vfw.org\/assistance\/financial-grants\" target=\"_blank\" rel=\"noopener\">VFWs Unmet Needs-Programm<\/a>.\u00a0<\/p>\n<h3>Kurzfristige Kredite durch das Milit\u00e4r<\/h3>\n<p>Die meisten Zweigstellen des Milit\u00e4rs bieten auch Unterst\u00fctzung durch kurzfristige zinslose Darlehen, finanzielle Zusch\u00fcsse, Empfehlungen und andere damit verbundene Ma\u00dfnahmen an. Diese Darlehen und Zusch\u00fcsse sind in der Regel f\u00fcr unvorhergesehene Notf\u00e4lle gedacht. Sie werden im Einzelfall vergeben. Wenden Sie sich an Ihre Zweigstelle, um zu erfahren, ob Sie sich qualifizieren.\u00a0<\/p>\n<ul>\n<li><b>Luftwaffe: <\/b>800-769-8951\u00a0<\/li>\n<li><b>Stiftung der Streitkr\u00e4fte: <\/b>202-547-4713\u00a0<\/li>\n<li><b>Nothilfe der Armee: <\/b>1-866-878-6378<\/li>\n<li><b>Gegenseitige Unterst\u00fctzung der K\u00fcstenwache: <\/b>410-636-4078\u00a0<\/li>\n<li><b>Hilfsverein der Marine und des Marinekorps: <\/b>703-696-4904\u00a0<\/li>\n<\/ul>\n\t\t\t\t<img decoding=\"async\" src=\"http:\/\/211md.org\/wp-content\/uploads\/2025\/06\/Hopeful-looking-Veteran.jpg\" alt=\"Hoffnungsvoller Veteran\" itemprop=\"image\" title=\"Hoffnungsvoller Veteran\" onerror=\"this.style.display='none'\" loading=\"lazy\" \/>\n\t<h2 aria-level=\"3\">Aushilfskraft der American Legion<\/h2>\n<p>Die American Legion kann minderj\u00e4hrigen Kindern im aktiven Dienst oder Mitgliedern der American Legion Temporary Financial Assistance (TFA) gew\u00e4hren. Mit dem Geld werden Grundbed\u00fcrfnisse wie Unterkunft, Nahrung, Versorgungsleistungen und Gesundheitsausgaben unterst\u00fctzt.\u00a0<a href=\"https:\/\/www.legion.org\/financialassistance\/about\" target=\"_blank\" rel=\"noopener\">Erfahren Sie mehr \u00fcber die F\u00f6rderrichtlinien<\/a>. Kontaktieren Sie ihren\u00a0<a href=\"http:\/\/www.mdlegion.org\/\" target=\"_blank\" rel=\"noopener\"><b>lokalen American Legion Post<\/b><\/a>\u00a0um Hilfe zu beantragen.\u00a0\u00a0<\/p>\n<p>Operation Homefront hat auch ein Critical Financial Assistance-Programm. Es unterst\u00fctzt berechtigte aktive, eingesetzte, Veteranen oder verwundete, kranke oder verletzte Servicemitglieder oder Veteranen mit einer dienstbezogenen Wunde, Krankheit oder Verletzung.\u00a0<a href=\"https:\/\/operationhomefront.org\/critical-financial-assistance\/\" target=\"_blank\" rel=\"noopener\">Pr\u00fcfen Sie, ob Sie Anspruch auf Hilfe haben.<\/a>\u00a0<\/p>\n\t\t\t\t<a href=\"https:\/\/search.211md.org\/\" target=\"_blank\" rel=\"noopener\" itemprop=\"url\">\n\t\t\t\t<img decoding=\"async\" src=\"https:\/\/stg-maryland211-staging.kinsta.cloud\/wp-content\/uploads\/2025\/08\/2025_MdInfoNet_Icon-Sets-white_Locate.png\" alt=\"\" itemprop=\"image\" onerror=\"this.style.display='none'\" loading=\"lazy\" \/>\n\t\t\t\t<\/a>\n<h2><a href=\"https:\/\/search.211md.org\/\" target=\"_blank\" rel=\"noopener\">Jetzt Ressourcen finden<\/a><\/h2><p>Finden <strong>Community-Ressourcen <\/strong>f\u00fcr Lebensmittel, Gesundheitsversorgung, Unterkunft und mehr in unserer Datenbank. Suche nach Postleitzahl.<\/p>\n\t\t\t<a href=\"https:\/\/search.211md.org\/\" target=\"_blank\" rel=\"noopener\">\n\t\t\t\t\t\t\tJetzt suchen\n\t\t\t<\/a>\n<h2>\n\t\t\tVerwandte Veteraneninformationen\t<\/h2>\n\t\t\t\t<img decoding=\"async\" src=\"https:\/\/211md.org\/wp-content\/plugins\/bb-plugin\/img\/pixel.png\" alt=\"\" itemprop=\"image\" onerror=\"this.style.display='none'\" loading=\"lazy\" \/>\n\t\t\t\t<img decoding=\"async\" src=\"https:\/\/211md.org\/wp-content\/uploads\/bb-plugin\/cache\/Call-center-specialst-circle-eeffe277a2415307db9e1df3ed658a58-.jpg\" alt=\"Callcenter-Spezialist\" itemprop=\"image\" height=\"800\" width=\"1200\" title=\"Callcenter-Spezialist\" onerror=\"this.style.display='none'\" loading=\"lazy\" \/>\n<h2>W\u00e4hlen Sie 211<\/h2><p>Auch lokale gemeinn\u00fctzige Organisationen und Gemeindegruppen helfen Veteranen. W\u00e4hlen Sie 211 und lassen Sie sich mit der n\u00e4chstgelegenen Veteranen-Ressource verbinden.<\/p>\n\t\t\t<a href=\"tel:%20+211\" target=\"_blank\" rel=\"noopener\">\n\t\t\t\t\t\tW\u00e4hlen Sie 211 (mobil)\n\t\t\t\t\t<\/a>\n\t\t<h4><a href=\"\/de\/ressourcen\/alterungsbehinderung\/?utm_source=Home&#038;utm_medium=Referral&#038;utm_campaign=211Resources&#038;utm_content=Aging\" target=\"_self\">Alter &amp; Behinderung<\/a><\/h4>\n\t\t\t\t<a href=\"\/de\/ressourcen\/alterungsbehinderung\/?utm_source=Home&#038;utm_medium=Referral&#038;utm_campaign=211Resources&#038;utm_content=Aging\"  target=\"_self\" itemprop=\"url\">\n\t\t\t\t<img decoding=\"async\" src=\"https:\/\/211md.org\/wp-content\/uploads\/bb-plugin\/cache\/2025_MdInfoNet_Icon-Sets_Aging-disability-square-c466727102cae71e5f27b8539bb51945-.png\" alt=\"\" itemprop=\"image\" onerror=\"this.style.display='none'\" loading=\"lazy\" \/>\n\t\t\t\t<\/a>\n\t\t<h4><a href=\"\/de\/ressourcen\/kinder-familien\/?utm_source=Home&#038;utm_medium=Referral&#038;utm_campaign=211Resources&#038;utm_content=Children\" target=\"_self\">Kinder &amp; Familien<\/a><\/h4>\n\t\t\t\t<a href=\"\/de\/ressourcen\/kinder-familien\/?utm_source=Home&#038;utm_medium=Referral&#038;utm_campaign=211Resources&#038;utm_content=Children\"  target=\"_self\" itemprop=\"url\">\n\t\t\t\t<img decoding=\"async\" src=\"https:\/\/211md.org\/wp-content\/uploads\/bb-plugin\/cache\/2025_211_Icon-Sets_Child-care-square-f3b0d4edab3dcc467fadb5f55f4064c6-.png\" alt=\"2025_211_Icon Sets_Kinderbetreuung\" itemprop=\"image\" height=\"417\" width=\"417\" title=\"2025_211_Icon Sets_Kinderbetreuung\" onerror=\"this.style.display='none'\" loading=\"lazy\" \/>\n\t\t\t\t<\/a>\n\t\t<h4><a href=\"\/de\/ressourcen\/hausliche-familiare-gewalt\/?utm_source=Home&#038;utm_medium=Referral&#038;utm_campaign=211Resources&#038;utm_content=Domestic\" target=\"_self\">H\u00e4usliche Gewalt<\/a><\/h4>\n\t\t\t\t<a href=\"\/de\/ressourcen\/hausliche-familiare-gewalt\/?utm_source=Home&#038;utm_medium=Referral&#038;utm_campaign=211Resources&#038;utm_content=Domestic\"  target=\"_self\" itemprop=\"url\">\n\t\t\t\t<img decoding=\"async\" src=\"https:\/\/211md.org\/wp-content\/uploads\/bb-plugin\/cache\/2025_211_Icon-Sets_Domestic-Violence-square-7b597694a6f05fe90cdc376aa573bc63-.png\" alt=\"Symbol f\u00fcr h\u00e4usliche Gewalt\" itemprop=\"image\" height=\"417\" width=\"417\" title=\"2025_211_Icon Sets_H\u00e4usliche Gewalt\" onerror=\"this.style.display='none'\" loading=\"lazy\" \/>\n\t\t\t\t<\/a>\n\t\t<h4><a href=\"\/de\/ressourcen\/arbeitssuche\/?utm_source=Home&#038;utm_medium=Referral&#038;utm_campaign=211Resources&#038;utm_content=Employment\" target=\"_self\">Besch\u00e4ftigung<\/a><\/h4>\n\t\t\t\t<a href=\"\/de\/ressourcen\/arbeitssuche\/?utm_source=Home&#038;utm_medium=Referral&#038;utm_campaign=211Resources&#038;utm_content=Employment\"  target=\"_self\" itemprop=\"url\">\n\t\t\t\t<img decoding=\"async\" src=\"https:\/\/211md.org\/wp-content\/uploads\/bb-plugin\/cache\/2025_MdInfoNet_Icon-Sets_Employment-square-44707bd410e4df10a470bf130ebcea86-.png\" alt=\"\" itemprop=\"image\" onerror=\"this.style.display='none'\" loading=\"lazy\" \/>\n\t\t\t\t<\/a>\n\t\t<h4><a href=\"\/de\/ressourcen\/gesundheitswesen\/?utm_source=Home&#038;utm_medium=Referral&#038;utm_campaign=211Resources&#038;utm_content=Health%20Care\" target=\"_self\">Gesundheitsvorsorge<\/a><\/h4>\n\t\t\t\t<a href=\"\/de\/ressourcen\/gesundheitswesen\/?utm_source=Home&#038;utm_medium=Referral&#038;utm_campaign=211Resources&#038;utm_content=Health%20Care\"  target=\"_self\" itemprop=\"url\">\n\t\t\t\t<img decoding=\"async\" src=\"https:\/\/211md.org\/wp-content\/uploads\/bb-plugin\/cache\/2025_MdInfoNet_Icon-Sets_Health-Care-square-dee98a0060cbe0e7f27eda253fc12679-.png\" alt=\"\" itemprop=\"image\" onerror=\"this.style.display='none'\" loading=\"lazy\" \/>\n\t\t\t\t<\/a>\n\t\t<h4><a href=\"\/de\/ressourcen\/kinder-familien\/verwandtschaftspflege\/?utm_source=Home&#038;utm_medium=Referral&#038;utm_campaign=211Resources&#038;utm_content=Kinship\" target=\"_self\">Verwandtschaft<\/a><\/h4>\n\t\t\t\t<a href=\"\/de\/ressourcen\/kinder-familien\/verwandtschaftspflege\/?utm_source=Home&#038;utm_medium=Referral&#038;utm_campaign=211Resources&#038;utm_content=Kinship\"  target=\"_self\" itemprop=\"url\">\n\t\t\t\t<img decoding=\"async\" src=\"https:\/\/211md.org\/wp-content\/uploads\/bb-plugin\/cache\/2025_211_Icon-Sets_Kinship-square-45bdf872866f5735f842c32071109267-.png\" alt=\"Verwandtschaftssymbol\" itemprop=\"image\" height=\"417\" width=\"417\" title=\"2025_211_Icon Sets_Verwandtschaft\" onerror=\"this.style.display='none'\" loading=\"lazy\" \/>\n\t\t\t\t<\/a>\n\t\t<h4><a href=\"\/de\/ressourcen\/rechtsberatung\/?utm_source=Home&#038;utm_medium=Referral&#038;utm_campaign=211Resources&#038;utm_content=Legal\" target=\"_self\">Rechtsberatung<\/a><\/h4>\n\t\t\t\t<a href=\"\/de\/ressourcen\/rechtsberatung\/?utm_source=Home&#038;utm_medium=Referral&#038;utm_campaign=211Resources&#038;utm_content=Legal\"  target=\"_self\" itemprop=\"url\">\n\t\t\t\t<img decoding=\"async\" src=\"https:\/\/211md.org\/wp-content\/uploads\/bb-plugin\/cache\/2025_MdInfoNet_Icon-Sets_Legal-square-18fdf438feb8435588174d9046463257-.png\" alt=\"\" itemprop=\"image\" onerror=\"this.style.display='none'\" loading=\"lazy\" \/>\n\t\t\t\t<\/a>\n\t\t<h4><a href=\"\/de\/ressourcen\/psychische-gesundheit\/?utm_source=Home&#038;utm_medium=Referral&#038;utm_campaign=211Resources&#038;utm_content=Mental\" target=\"_self\">Psychische Gesundheit<\/a><\/h4>\n\t\t\t\t<a href=\"\/de\/ressourcen\/psychische-gesundheit\/?utm_source=Home&#038;utm_medium=Referral&#038;utm_campaign=211Resources&#038;utm_content=Mental\"  target=\"_self\" itemprop=\"url\">\n\t\t\t\t<img decoding=\"async\" src=\"https:\/\/211md.org\/wp-content\/uploads\/bb-plugin\/cache\/2025_MdInfoNet_Icon-Sets_Mental-Health-square-c59b38c4a993a947d4c9280fbe2d2fee-.png\" alt=\"\" itemprop=\"image\" onerror=\"this.style.display='none'\" loading=\"lazy\" \/>\n\t\t\t\t<\/a>\n\t\t<h4><a href=\"\/de\/ressourcen\/mdreentry\/?utm_source=Home&#038;utm_medium=Referral&#038;utm_campaign=211Resources&#038;utm_content=Reentry\" target=\"_self\">Wiedereintritt<\/a><\/h4>\n\t\t\t\t<a href=\"\/de\/ressourcen\/mdreentry\/?utm_source=Home&#038;utm_medium=Referral&#038;utm_campaign=211Resources&#038;utm_content=Reentry\"  target=\"_self\" itemprop=\"url\">\n\t\t\t\t<img decoding=\"async\" src=\"https:\/\/211md.org\/wp-content\/uploads\/bb-plugin\/cache\/2025_211_Icon-Sets_Reentry-square-8676fea38abd920a832f45642fe31cca-.png\" alt=\"Symbol \u201eWiedereintritt\u201c\" itemprop=\"image\" height=\"417\" width=\"417\" title=\"2025_211_Icon Sets_Wiedereintritt\" onerror=\"this.style.display='none'\" loading=\"lazy\" \/>\n\t\t\t\t<\/a>\n\t\t<h4><a href=\"\/de\/ressourcen\/substanzgebrauch\/?utm_source=Home&#038;utm_medium=Referral&#038;utm_campaign=211Resources&#038;utm_content=Substance\" target=\"_self\">Substanzgebrauch<\/a><\/h4>\n\t\t\t\t<a href=\"\/de\/ressourcen\/substanzgebrauch\/?utm_source=Home&#038;utm_medium=Referral&#038;utm_campaign=211Resources&#038;utm_content=Substance\"  target=\"_self\" itemprop=\"url\">\n\t\t\t\t<img decoding=\"async\" src=\"https:\/\/211md.org\/wp-content\/uploads\/bb-plugin\/cache\/2025_MdInfoNet_Icon-Sets_Substance-Abuse-square-9022fec9d18a64118ad685c101885b55-.png\" alt=\"\" itemprop=\"image\" onerror=\"this.style.display='none'\" loading=\"lazy\" \/>\n\t\t\t\t<\/a>\n\t\t<h4><a href=\"\/de\/ressourcen\/veteranen\/?utm_source=Home&#038;utm_medium=Referral&#038;utm_campaign=211Resources&#038;utm_content=Veterans\" target=\"_self\">Veteranen<\/a><\/h4>\n\t\t\t\t<a href=\"\/de\/ressourcen\/veteranen\/?utm_source=Home&#038;utm_medium=Referral&#038;utm_campaign=211Resources&#038;utm_content=Veterans\"  target=\"_self\" itemprop=\"url\">\n\t\t\t\t<img decoding=\"async\" src=\"https:\/\/211md.org\/wp-content\/uploads\/bb-plugin\/cache\/2025_MdInfoNet_Icon-Sets_Rating-square-6e60d00cce4faa8e0a6d4ad7366aa733-.png\" alt=\"\" itemprop=\"image\" onerror=\"this.style.display='none'\" loading=\"lazy\" \/>\n\t\t\t\t<\/a>","protected":false},"excerpt":{"rendered":"<p>Veteranenorganisationen bieten finanzielle Unterst\u00fctzung f\u00fcr Bed\u00fcrftige. W\u00e4hlen Sie 211 und sprechen Sie rund um die Uhr mit einem unserer Spezialisten. Informieren Sie sich \u00fcber Veteranenorganisationen, die mit Darlehen, Zusch\u00fcssen und finanziellen Leistungen helfen. Erste Schritte Darlehen und Zusch\u00fcsse Der Maryland Veterans Trust vergibt Zusch\u00fcsse und Darlehen an Veteranen in Not. Ziel ist es,\u2026<\/p>","protected":false},"author":8,"featured_media":2063,"parent":958,"menu_order":0,"comment_status":"closed","ping_status":"closed","template":"","meta":{"footnotes":""},"class_list":["post-1092","page","type-page","status-publish","has-post-thumbnail","hentry"],"_links":{"self":[{"href":"https:\/\/211md.org\/de\/wp-json\/wp\/v2\/pages\/1092","targetHints":{"allow":["GET"]}}],"collection":[{"href":"https:\/\/211md.org\/de\/wp-json\/wp\/v2\/pages"}],"about":[{"href":"https:\/\/211md.org\/de\/wp-json\/wp\/v2\/types\/page"}],"author":[{"embeddable":true,"href":"https:\/\/211md.org\/de\/wp-json\/wp\/v2\/users\/8"}],"replies":[{"embeddable":true,"href":"https:\/\/211md.org\/de\/wp-json\/wp\/v2\/comments?post=1092"}],"version-history":[{"count":5,"href":"https:\/\/211md.org\/de\/wp-json\/wp\/v2\/pages\/1092\/revisions"}],"predecessor-version":[{"id":33949,"href":"https:\/\/211md.org\/de\/wp-json\/wp\/v2\/pages\/1092\/revisions\/33949"}],"up":[{"embeddable":true,"href":"https:\/\/211md.org\/de\/wp-json\/wp\/v2\/pages\/958"}],"wp:featuredmedia":[{"embeddable":true,"href":"https:\/\/211md.org\/de\/wp-json\/wp\/v2\/media\/2063"}],"wp:attachment":[{"href":"https:\/\/211md.org\/de\/wp-json\/wp\/v2\/media?parent=1092"}],"curies":[{"name":"wp","href":"https:\/\/api.w.org\/{rel}","templated":true}]}}