{"id":1093,"date":"2021-04-19T13:31:59","date_gmt":"2021-04-19T13:31:59","guid":{"rendered":"https:\/\/211md.org\/?page_id=1093"},"modified":"2026-03-04T10:43:49","modified_gmt":"2026-03-04T15:43:49","slug":"mentale-gesundheit-fur-veteranen","status":"publish","type":"page","link":"https:\/\/211md.org\/de\/resources\/veterans\/mental-health-for-veterans\/","title":{"rendered":"Psychische Gesundheit f\u00fcr Veteranen"},"content":{"rendered":"<figure data-animation-delay=\"0\" data-animation-duration=\"1\" itemscope itemtype=\"https:\/\/schema.org\/ImageObject\">\n\t\t\t\t<img decoding=\"async\" src=\"https:\/\/stg-maryland211-staging.kinsta.cloud\/wp-content\/uploads\/2025\/08\/5-1-scaled.png\" alt=\"5\" height=\"692\" width=\"2560\" title=\"5\" onerror=\"this.style.display='none'\" loading=\"lazy\" \/>\n\t<\/figure>\n\t\t<p>F\u00fcr Veteranen, die mit einer posttraumatischen Belastungsst\u00f6rung (PTBS), Depressionen, Angstzust\u00e4nden, Selbstmordgedanken, Drogenmissbrauch oder anderen psychischen Problemen oder Problemen im Zusammenhang mit Drogenkonsum zu k\u00e4mpfen haben, steht kostenlose und vertrauliche Hilfe zur Verf\u00fcgung.<\/p>\n<p>Get connected to resources, specifically for Maryland Veterans.<\/p>\n<p>&nbsp;<\/p>\n\t\t\t<a href=\"#start\"  target=\"_self\">\n\t\t\t\t\t\tErste Schritte\n\t\t\t\t\t<\/a>\n<figure data-animation-delay=\"0\" data-animation-duration=\"1\" itemscope itemtype=\"https:\/\/schema.org\/ImageObject\">\n\t\t\t\t<img decoding=\"async\" src=\"https:\/\/211md.org\/wp-content\/plugins\/bb-plugin\/img\/pixel.png\" alt=\"\" onerror=\"this.style.display='none'\" loading=\"lazy\" \/>\n\t<\/figure>\n<figure data-animation-delay=\"0\" data-animation-duration=\"1.3\" itemscope itemtype=\"https:\/\/schema.org\/ImageObject\">\n\t\t\t\t<img decoding=\"async\" src=\"https:\/\/stg-maryland211-staging.kinsta.cloud\/wp-content\/uploads\/2025\/08\/16.png\" alt=\"16\" height=\"1000\" width=\"1000\" title=\"16\" onerror=\"this.style.display='none'\" loading=\"lazy\" \/>\n\t<\/figure>\n\t\t<h2><a href=\"https:\/\/www.veteranscrisisline.net\/get-help-now\/chat\/\" target=\"_self\" rel=\"noopener\">Veteranen-Support-Hotlines<\/a><\/h2><p>There are several ways for Veterans to get connected to help.<\/p>\n<p>Mehrere dieser Linien unterst\u00fctzen Veteranen bei der Eingew\u00f6hnung in das zivile Leben, das Milit\u00e4rleben und in ihre Familien.<\/p>\n<h3>Veteranen-Krisenlinie<\/h3>\n<p>There&#8217;s also the Veterans Crisis Line, which offers confidential help for anyone in crisis and needing to talk now.<\/p>\n<p>Es ist \u00fcber 988 verf\u00fcgbar, indem Sie die 1 dr\u00fccken.<\/p>\n<p>Erfahren Sie mehr \u00fcber die <a href=\"https:\/\/www.veteranscrisisline.net\/\" target=\"_blank\" rel=\"noopener\">Veteranen-Krisenlinie<\/a>.<\/p>\n\t\t\t<a href=\"https:\/\/www.veteranscrisisline.net\/get-help-now\/chat\/\" target=\"_self\" rel=\"noopener\">\n\t\t\t\t\t\t\tChat-Support f\u00fcr Veteranen\n\t\t\t\t\t<\/a>\n<figure data-animation-delay=\"0\" data-animation-duration=\"1\" itemscope itemtype=\"https:\/\/schema.org\/ImageObject\">\n\t\t\t\t<img decoding=\"async\" src=\"http:\/\/211md.org\/wp-content\/uploads\/2025\/10\/Veteran-talking-to-the-crisis-line-on-his-computer.jpg\" alt=\"Veteran spricht \u00fcber seinen Computer mit der Krisen-Hotline\" title=\"Veteran spricht \u00fcber seinen Computer mit der Krisen-Hotline\" onerror=\"this.style.display='none'\" loading=\"lazy\" \/>\n\t<\/figure>\n\t<h3>Sprechen Sie mit einem Veteranen<\/h3>\n<p>Veteranen und Familienangeh\u00f6rige k\u00f6nnen ebenfalls anrufen\u00a0<a href=\"https:\/\/www.vetcenter.va.gov\/media\/Call-Center-PSA.asp\" target=\"_blank\" rel=\"noopener\">Kampfruflinie<\/a>. <\/p>\n<p>Combat Veterans and their family members answer the phone and can talk about military concerns or adjusting to civilian life.<\/p>\n<p>Rufen Sie 1-877-WAR-VETS an, um rund um die Uhr vertrauliche Unterst\u00fctzung zu erhalten.\u00a0<\/p>\n<h3>Betreuungsunterst\u00fctzung<\/h3>\n<p>Die <a href=\"https:\/\/www.caregiver.va.gov\/Care_Caregivers.asp\" target=\"_blank\" rel=\"noopener\">Betreuungstelefon<\/a> understands the strain that caring for a Veteran can place on families, both mentally and physically. <\/p>\n<p>Familienmitglieder k\u00f6nnen pl\u00f6tzlich zu Pflegekr\u00e4ften werden und Unterst\u00fctzung ben\u00f6tigen. <\/p>\n<p>Rufen Sie 855-260-3274 an, um mit jemandem zu sprechen und L\u00f6sungen zu finden.\u00a0<\/p>\n\t\t<figure itemscope itemtype=\"https:\/\/schema.org\/ImageObject\">\n\t\t\t\t<img decoding=\"async\" src=\"https:\/\/stg-maryland211-staging.kinsta.cloud\/wp-content\/uploads\/2025\/08\/2025_MdInfoNet_Icon-Sets-white_Locate.png\" alt=\"\" onerror=\"this.style.display='none'\" loading=\"lazy\" \/>\n\t<\/figure>\n<h2>Verwenden Sie diese Veteranensuchen<\/h2><p>The 211 Community Resource Database has Veteran resources. Use these common searches to find resources in your community.<\/p>\n<p>&nbsp;<\/p>\n\t\t\t<a href=\"https:\/\/search.211md.org\/search?query=LN-9000&#038;query_type=taxonomy&#038;query_label=\" target=\"_blank\" rel=\"noopener\">\n\t\t\t\t\t\t\tVeteranenambulanzen\n\t\t\t\t\t<\/a>\n\t\t\t<a href=\"https:\/\/search.211md.org\/search?query=RP-1400.8000-900&#038;query_type=taxonomy&#038;query_label=\" target=\"_blank\" rel=\"noopener\">\n\t\t\t\t\t\t\tReintegrationsunterst\u00fctzung\n\t\t\t\t\t<\/a>\n\t\t\t<a href=\"https:\/\/search.211md.org\/search?query=PN-8100.4500-850&#038;query_type=taxonomy&#038;query_label=\" target=\"_blank\" rel=\"noopener\">\n\t\t\t\t\t\t\tSelbsthilfegruppen\n\t\t\t\t\t<\/a>\n<figure data-animation-delay=\"0\" data-animation-duration=\"1\" itemscope itemtype=\"https:\/\/schema.org\/ImageObject\">\n\t\t\t\t<img decoding=\"async\" src=\"http:\/\/211md.org\/wp-content\/uploads\/2025\/10\/Veteran-receiving-health-care.jpg\" alt=\"Veteran erh\u00e4lt medizinische Versorgung\" title=\"Veteran erh\u00e4lt medizinische Versorgung\" onerror=\"this.style.display='none'\" loading=\"lazy\" \/>\n\t<\/figure>\n\t<h2 aria-level=\"3\">VA-Veteranenberatung<\/h2>\n<p>Veteran Centers provide mental health services through the Veterans Affairs to Veterans and their families. <\/p>\n<p>Each center provides mental health services, including:<\/p>\n<ul>\n<li>Wiedereingliederungsberatung<\/li>\n<li>Familien- &amp; Gruppenberatung<\/li>\n<li>Beratung bei sexuellen Traumata<\/li>\n<li>PTBS-Beratung <\/li>\n<\/ul>\n<p>If you were in combat or experienced any sexual trauma during your military service, bring your DD214 to your local Veteran Center and speak with a counselor or therapist for free, without an appointment, regardless of your enrollment status with VA. Many of the therapists understand, as they are also Veterans. <\/p>\n<p>Diese Zentren befinden sich im gesamten Bundesstaat Maryland. In einigen F\u00e4llen kann der Transport \u00fcber Ihre VA-Leistungen erfolgen. \u00a0<\/p>\n\t\t\t<a href=\"https:\/\/va.gov\/directory\/guide\/vetcenter.asp\" target=\"_blank\" rel=\"noopener\">\n\t\t\t\t\t\t\tFinden Sie ein Veteranenzentrum\n\t\t\t\t\t<\/a>\n\t\t<h2>Sheppard Pratt Suizidpr\u00e4ventionsprogramm<\/h2>\nSheppard Pratt arbeitet mit dem Veteranenministerium zusammen, um gemeindenahe Suizidpr\u00e4ventionsprogramme im Rahmen des Staff Sergeant Parker Gordon Fox Suicide Prevention Grant Program anzubieten. Das Programm bietet:\n<ul>\n<li aria-level=\"3\">Untersuchungen zur psychischen Gesundheit<\/li>\n<li aria-level=\"3\">Bereitstellung klinischer Dienstleistungen f\u00fcr die Notfallbehandlung<\/li>\n<li aria-level=\"3\">Fallmanagement<\/li>\n<li aria-level=\"3\">VA-Leistungen f\u00fcr berechtigte Einzelpersonen und Familien<\/li>\n<li aria-level=\"3\">Hilfe bei der Inanspruchnahme staatlicher (staatlicher, kommunaler oder bundesstaatlicher) Leistungen oder eines f\u00f6rderf\u00e4higen Programms.<\/li>\n<li aria-level=\"3\">Hilfe bei akuten Bed\u00fcrfnissen, die das Suizidrisiko erh\u00f6hen k\u00f6nnen. Dazu geh\u00f6ren Gesundheitsversorgung, Alltagsleben, Wohnen, Arbeit, pers\u00f6nliche Finanzplanung, Beratung, Transport, vor\u00fcbergehende Einkommensunterst\u00fctzung, Treuhand- und Zahlungsbevollm\u00e4chtigte sowie rechtliche Fragen.<\/li>\n<li aria-level=\"3\">Aufkl\u00e4rungsarbeit zur Identifizierung suizidgef\u00e4hrdeter Personen<\/li>\n<\/ul>\nRufen Sie 410-938-4357 an, um mit dem Programm verbunden zu werden.\n<p>&nbsp;<\/p>\n\t\t\t<a href=\"https:\/\/www.mentalhealth.va.gov\/ssgfox-grants\/\" target=\"_blank\" rel=\"noopener\">\n\t\t\t\t\t\t\tVerbinden Sie sich mit Sheppard Pratt\n\t\t\t\t\t<\/a>\n<figure data-animation-delay=\"0\" data-animation-duration=\"1\" itemscope itemtype=\"https:\/\/schema.org\/ImageObject\">\n\t\t\t\t<img decoding=\"async\" src=\"http:\/\/211md.org\/wp-content\/uploads\/2025\/10\/Marylands-Commitment-to-Veterans.jpg\" alt=\"Erfahrene Mutter macht Hausaufgaben mit Sohn\" title=\"Marylands Engagement f\u00fcr Veteranen\" onerror=\"this.style.display='none'\" loading=\"lazy\" \/>\n\t<\/figure>\n\t<h3 aria-level=\"3\">Marylands Engagement f\u00fcr Veteranen (MVC)<\/h3>\n<p>Veterans can also get support\u00a0through\u00a0Maryland&#8217;s\u00a0Commitment to Veterans (MCV). Resource coordinators work with Veterans and family members to access essential services through the VA system or private providers. These services can include crisis intervention, emergency services, substance misuse, family &amp; group counseling, and other behavioral health services.\u00a0\u00a0<\/p>\n<p>Additionally, the program supports Veterans who are ineligible for VA services, helping them address their behavioral health needs.\u00a0<\/p>\n<p>Rufen Sie die geb\u00fchrenfreie Nummer unter 1-877-770-4801 an.\u00a0<\/p>\n\t\t\t<a href=\"https:\/\/veterans.health.maryland.gov\/Pages\/home.aspx\" target=\"_blank\" rel=\"noopener\">\n\t\t\t\t\t\t\tVerbinden Sie sich mit Mcv\n\t\t\t\t\t<\/a>\n\t<h3>Selbstbewertungstool<\/h3>\n<p>Veteranen wissen m\u00f6glicherweise nicht einmal, wo sie anfangen sollen, und das ist in Ordnung.<\/p>\n<p>Nehmen Sie Kontakt mit dem VA auf, um die besten Ressourcen f\u00fcr Ihre Situation zu finden.<\/p>\n<p>The self-assessment tool helps Veterans find the right support.<\/p>\n\t\t\t<a href=\"https:\/\/www.va.gov\/REACH\/\" target=\"_self\" rel=\"noopener\">\n\t\t\t\t\t\t\tSelbsteinsch\u00e4tzung f\u00fcr Veteranen\n\t\t\t\t\t<\/a>\n<figure itemscope itemtype=\"https:\/\/schema.org\/ImageObject\">\n\t\t\t\t<img decoding=\"async\" src=\"https:\/\/211md.org\/wp-content\/plugins\/bb-plugin\/img\/pixel.png\" alt=\"\" onerror=\"this.style.display='none'\" loading=\"lazy\" \/>\n\t<\/figure>\n\t\t<figure itemscope itemtype=\"https:\/\/schema.org\/ImageObject\">\n\t\t\t\t<img decoding=\"async\" src=\"https:\/\/211md.org\/wp-content\/uploads\/bb-plugin\/cache\/Call-center-specialst-circle-4e9ecd7b3425be4576416abc911049bb-.jpg\" alt=\"Callcenter-Spezialist\" title=\"Callcenter-Spezialist\" onerror=\"this.style.display='none'\" loading=\"lazy\" \/>\n\t<\/figure>\n<h2>W\u00e4hlen Sie 211<\/h2><p>Sprechen Sie rund um die Uhr mit einer f\u00fcrsorglichen und mitf\u00fchlenden Person. Sie kann Sie auch mit Ressourcen verbinden.\u00a0<\/p>\n\t\t\t<a href=\"tel:%20+211\"  target=\"_blank\" rel=\"noopener\">\n\t\t\t\t\t\tW\u00e4hlen Sie 211 (mobil)\n\t\t\t\t\t<\/a>\n<h2>\n\t\t\tZus\u00e4tzliche Informationen f\u00fcr Veteranen\t<\/h2>\n\t\t<h4><a href=\"\/de\/ressourcen\/alterungsbehinderung\/?utm_source=Home&#038;utm_medium=Referral&#038;utm_campaign=211Resources&#038;utm_content=Aging\" target=\"_self\">Alter &amp; Behinderung<\/a><\/h4><figure itemscope itemtype=\"https:\/\/schema.org\/ImageObject\">\n\t\t\t\t<a href=\"\/de\/ressourcen\/alterungsbehinderung\/?utm_source=Home&#038;utm_medium=Referral&#038;utm_campaign=211Resources&#038;utm_content=Aging\"  target=\"_self\" itemprop=\"url\">\n\t\t\t\t<img decoding=\"async\" src=\"https:\/\/211md.org\/wp-content\/uploads\/bb-plugin\/cache\/2025_MdInfoNet_Icon-Sets_Aging-disability-square-c466727102cae71e5f27b8539bb51945-.png\" alt=\"\" onerror=\"this.style.display='none'\" loading=\"lazy\" \/>\n\t\t\t\t<\/a>\n\t<\/figure>\n\t\t<h4><a href=\"\/de\/ressourcen\/kinder-familien\/?utm_source=Home&#038;utm_medium=Referral&#038;utm_campaign=211Resources&#038;utm_content=Children\" target=\"_self\">Kinder &amp; Familien<\/a><\/h4><figure itemscope itemtype=\"https:\/\/schema.org\/ImageObject\">\n\t\t\t\t<a href=\"\/de\/ressourcen\/kinder-familien\/?utm_source=Home&#038;utm_medium=Referral&#038;utm_campaign=211Resources&#038;utm_content=Children\"  target=\"_self\" itemprop=\"url\">\n\t\t\t\t<img decoding=\"async\" src=\"https:\/\/211md.org\/wp-content\/uploads\/bb-plugin\/cache\/2025_211_Icon-Sets_Child-care-square-f3b0d4edab3dcc467fadb5f55f4064c6-.png\" alt=\"parent and child icon for child care\" height=\"417\" width=\"417\" title=\"2025_211_Icon Sets_Kinderbetreuung\" onerror=\"this.style.display='none'\" loading=\"lazy\" \/>\n\t\t\t\t<\/a>\n\t<\/figure>\n\t\t<h4><a href=\"\/de\/ressourcen\/hausliche-familiare-gewalt\/?utm_source=Home&#038;utm_medium=Referral&#038;utm_campaign=211Resources&#038;utm_content=Domestic\" target=\"_self\">H\u00e4usliche Gewalt<\/a><\/h4><figure itemscope itemtype=\"https:\/\/schema.org\/ImageObject\">\n\t\t\t\t<a href=\"\/de\/ressourcen\/hausliche-familiare-gewalt\/?utm_source=Home&#038;utm_medium=Referral&#038;utm_campaign=211Resources&#038;utm_content=Domestic\"  target=\"_self\" itemprop=\"url\">\n\t\t\t\t<img decoding=\"async\" src=\"https:\/\/211md.org\/wp-content\/uploads\/bb-plugin\/cache\/2025_211_Icon-Sets_Domestic-Violence-square-7b597694a6f05fe90cdc376aa573bc63-.png\" alt=\"House with a heart in the middle icon\" height=\"417\" width=\"417\" title=\"2025_211_Icon Sets_H\u00e4usliche Gewalt\" onerror=\"this.style.display='none'\" loading=\"lazy\" \/>\n\t\t\t\t<\/a>\n\t<\/figure>\n\t\t<h4><a href=\"\/de\/ressourcen\/arbeitssuche\/?utm_source=Home&#038;utm_medium=Referral&#038;utm_campaign=211Resources&#038;utm_content=Employment\" target=\"_self\">Besch\u00e4ftigung<\/a><\/h4><figure itemscope itemtype=\"https:\/\/schema.org\/ImageObject\">\n\t\t\t\t<a href=\"\/de\/ressourcen\/arbeitssuche\/?utm_source=Home&#038;utm_medium=Referral&#038;utm_campaign=211Resources&#038;utm_content=Employment\"  target=\"_self\" itemprop=\"url\">\n\t\t\t\t<img decoding=\"async\" src=\"https:\/\/211md.org\/wp-content\/uploads\/bb-plugin\/cache\/2025_MdInfoNet_Icon-Sets_Employment-square-44707bd410e4df10a470bf130ebcea86-.png\" alt=\"\" onerror=\"this.style.display='none'\" loading=\"lazy\" \/>\n\t\t\t\t<\/a>\n\t<\/figure>\n\t\t<h4><a href=\"\/de\/ressourcen\/gesundheitswesen\/?utm_source=Home&#038;utm_medium=Referral&#038;utm_campaign=211Resources&#038;utm_content=Health%20Care\" target=\"_self\">Gesundheitsvorsorge<\/a><\/h4><figure itemscope itemtype=\"https:\/\/schema.org\/ImageObject\">\n\t\t\t\t<a href=\"\/de\/ressourcen\/gesundheitswesen\/?utm_source=Home&#038;utm_medium=Referral&#038;utm_campaign=211Resources&#038;utm_content=Health%20Care\"  target=\"_self\" itemprop=\"url\">\n\t\t\t\t<img decoding=\"async\" src=\"https:\/\/211md.org\/wp-content\/uploads\/bb-plugin\/cache\/2025_MdInfoNet_Icon-Sets_Health-Care-square-dee98a0060cbe0e7f27eda253fc12679-.png\" alt=\"\" onerror=\"this.style.display='none'\" loading=\"lazy\" \/>\n\t\t\t\t<\/a>\n\t<\/figure>\n\t\t<h4><a href=\"\/de\/ressourcen\/neu-in-den-usa-und-maryland\/?utm_source=Home&#038;utm_medium=Referral&#038;utm_campaign=211Resources&#038;utm_content=Immigration\" target=\"_self\">Einwanderung<\/a><\/h4><figure itemscope itemtype=\"https:\/\/schema.org\/ImageObject\">\n\t\t\t\t<a href=\"\/de\/ressourcen\/neu-in-den-usa-und-maryland\/?utm_source=Home&#038;utm_medium=Referral&#038;utm_campaign=211Resources&#038;utm_content=Immigration\"  target=\"_self\" itemprop=\"url\">\n\t\t\t\t<img decoding=\"async\" src=\"https:\/\/211md.org\/wp-content\/uploads\/bb-plugin\/cache\/2025_MdInfoNet_Icon-Sets_Immigration-square-8b97b7fdfe5e6071405e216855065118-.png\" alt=\"Einwanderungssymbol\" title=\"2025_MdInfoNet_Icon-Sets_Immigration\" onerror=\"this.style.display='none'\" loading=\"lazy\" \/>\n\t\t\t\t<\/a>\n\t<\/figure>\n\t\t<h4><a href=\"\/de\/ressourcen\/kinder-familien\/verwandtschaftspflege\/?utm_source=Home&#038;utm_medium=Referral&#038;utm_campaign=211Resources&#038;utm_content=Kinship\" target=\"_self\">Verwandtschaft<\/a><\/h4><figure itemscope itemtype=\"https:\/\/schema.org\/ImageObject\">\n\t\t\t\t<a href=\"\/de\/ressourcen\/kinder-familien\/verwandtschaftspflege\/?utm_source=Home&#038;utm_medium=Referral&#038;utm_campaign=211Resources&#038;utm_content=Kinship\"  target=\"_self\" itemprop=\"url\">\n\t\t\t\t<img decoding=\"async\" src=\"https:\/\/211md.org\/wp-content\/uploads\/bb-plugin\/cache\/2025_211_Icon-Sets_Kinship-square-45bdf872866f5735f842c32071109267-.png\" alt=\"Verwandtschaftssymbol\" height=\"417\" width=\"417\" title=\"2025_211_Icon Sets_Verwandtschaft\" onerror=\"this.style.display='none'\" loading=\"lazy\" \/>\n\t\t\t\t<\/a>\n\t<\/figure>\n\t\t<h4><a href=\"\/de\/ressourcen\/rechtsberatung\/?utm_source=Home&#038;utm_medium=Referral&#038;utm_campaign=211Resources&#038;utm_content=Legal\" target=\"_self\">Rechtsberatung<\/a><\/h4><figure itemscope itemtype=\"https:\/\/schema.org\/ImageObject\">\n\t\t\t\t<a href=\"\/de\/ressourcen\/rechtsberatung\/?utm_source=Home&#038;utm_medium=Referral&#038;utm_campaign=211Resources&#038;utm_content=Legal\"  target=\"_self\" itemprop=\"url\">\n\t\t\t\t<img decoding=\"async\" src=\"https:\/\/211md.org\/wp-content\/uploads\/bb-plugin\/cache\/2025_MdInfoNet_Icon-Sets_Legal-square-18fdf438feb8435588174d9046463257-.png\" alt=\"\" onerror=\"this.style.display='none'\" loading=\"lazy\" \/>\n\t\t\t\t<\/a>\n\t<\/figure>\n\t\t<h4><a href=\"\/de\/ressourcen\/psychische-gesundheit\/?utm_source=Home&#038;utm_medium=Referral&#038;utm_campaign=211Resources&#038;utm_content=Mental\" target=\"_self\">Psychische Gesundheit<\/a><\/h4><figure itemscope itemtype=\"https:\/\/schema.org\/ImageObject\">\n\t\t\t\t<a href=\"\/de\/ressourcen\/psychische-gesundheit\/?utm_source=Home&#038;utm_medium=Referral&#038;utm_campaign=211Resources&#038;utm_content=Mental\"  target=\"_self\" itemprop=\"url\">\n\t\t\t\t<img decoding=\"async\" src=\"https:\/\/211md.org\/wp-content\/uploads\/bb-plugin\/cache\/2025_MdInfoNet_Icon-Sets_Mental-Health-square-c59b38c4a993a947d4c9280fbe2d2fee-.png\" alt=\"\" onerror=\"this.style.display='none'\" loading=\"lazy\" \/>\n\t\t\t\t<\/a>\n\t<\/figure>\n\t\t<h4><a href=\"\/de\/ressourcen\/mdreentry\/?utm_source=Home&#038;utm_medium=Referral&#038;utm_campaign=211Resources&#038;utm_content=Reentry\" target=\"_self\">Wiedereintritt<\/a><\/h4><figure itemscope itemtype=\"https:\/\/schema.org\/ImageObject\">\n\t\t\t\t<a href=\"\/de\/ressourcen\/mdreentry\/?utm_source=Home&#038;utm_medium=Referral&#038;utm_campaign=211Resources&#038;utm_content=Reentry\"  target=\"_self\" itemprop=\"url\">\n\t\t\t\t<img decoding=\"async\" src=\"https:\/\/211md.org\/wp-content\/uploads\/bb-plugin\/cache\/2025_211_Icon-Sets_Reentry-square-8676fea38abd920a832f45642fe31cca-.png\" alt=\"Symbol \u201eWiedereintritt\u201c\" height=\"417\" width=\"417\" title=\"2025_211_Icon Sets_Wiedereintritt\" onerror=\"this.style.display='none'\" loading=\"lazy\" \/>\n\t\t\t\t<\/a>\n\t<\/figure>\n\t\t<h4><a href=\"\/de\/ressourcen\/substanzgebrauch\/?utm_source=Home&#038;utm_medium=Referral&#038;utm_campaign=211Resources&#038;utm_content=Substance\" target=\"_self\">Substanzgebrauch<\/a><\/h4><figure itemscope itemtype=\"https:\/\/schema.org\/ImageObject\">\n\t\t\t\t<a href=\"\/de\/ressourcen\/substanzgebrauch\/?utm_source=Home&#038;utm_medium=Referral&#038;utm_campaign=211Resources&#038;utm_content=Substance\"  target=\"_self\" itemprop=\"url\">\n\t\t\t\t<img decoding=\"async\" src=\"https:\/\/211md.org\/wp-content\/uploads\/bb-plugin\/cache\/2025_MdInfoNet_Icon-Sets_Substance-Abuse-square-4f414f085e657267739c181957754f48-.png\" alt=\"Pills for substance Use icon\" title=\"2025_MdInfoNet_Icon-Sets_Substance-Abuse\" onerror=\"this.style.display='none'\" loading=\"lazy\" \/>\n\t\t\t\t<\/a>\n\t<\/figure>\n\t\t<h4><a href=\"\/de\/ressourcen\/veteranen\/?utm_source=Home&#038;utm_medium=Referral&#038;utm_campaign=211Resources&#038;utm_content=Veterans\" target=\"_self\">Veteranen<\/a><\/h4><figure itemscope itemtype=\"https:\/\/schema.org\/ImageObject\">\n\t\t\t\t<a href=\"\/de\/ressourcen\/veteranen\/?utm_source=Home&#038;utm_medium=Referral&#038;utm_campaign=211Resources&#038;utm_content=Veterans\"  target=\"_self\" itemprop=\"url\">\n\t\t\t\t<img decoding=\"async\" src=\"https:\/\/211md.org\/wp-content\/uploads\/bb-plugin\/cache\/2025_MdInfoNet_Icon-Sets_Rating-square-6e60d00cce4faa8e0a6d4ad7366aa733-.png\" alt=\"\" onerror=\"this.style.display='none'\" loading=\"lazy\" \/>\n\t\t\t\t<\/a>\n\t<\/figure>","protected":false},"excerpt":{"rendered":"<p>Free and confidential help is available for veterans struggling with Post Traumatic Stress Disorder (PTSD), depression, anxiety, thoughts of suicide, substance misuse or any other mental or substance use concerns. Get connected to resources, specifically for Maryland Veterans. &nbsp; Get Started Veteran Support Lines There are several ways for Veterans to get connected to help.&hellip;<\/p>","protected":false},"author":8,"featured_media":4756,"parent":958,"menu_order":0,"comment_status":"closed","ping_status":"closed","template":"","meta":{"footnotes":""},"class_list":["post-1093","page","type-page","status-publish","has-post-thumbnail","hentry"],"_links":{"self":[{"href":"https:\/\/211md.org\/de\/wp-json\/wp\/v2\/pages\/1093","targetHints":{"allow":["GET"]}}],"collection":[{"href":"https:\/\/211md.org\/de\/wp-json\/wp\/v2\/pages"}],"about":[{"href":"https:\/\/211md.org\/de\/wp-json\/wp\/v2\/types\/page"}],"author":[{"embeddable":true,"href":"https:\/\/211md.org\/de\/wp-json\/wp\/v2\/users\/8"}],"replies":[{"embeddable":true,"href":"https:\/\/211md.org\/de\/wp-json\/wp\/v2\/comments?post=1093"}],"version-history":[{"count":7,"href":"https:\/\/211md.org\/de\/wp-json\/wp\/v2\/pages\/1093\/revisions"}],"predecessor-version":[{"id":34408,"href":"https:\/\/211md.org\/de\/wp-json\/wp\/v2\/pages\/1093\/revisions\/34408"}],"up":[{"embeddable":true,"href":"https:\/\/211md.org\/de\/wp-json\/wp\/v2\/pages\/958"}],"wp:featuredmedia":[{"embeddable":true,"href":"https:\/\/211md.org\/de\/wp-json\/wp\/v2\/media\/4756"}],"wp:attachment":[{"href":"https:\/\/211md.org\/de\/wp-json\/wp\/v2\/media?parent=1093"}],"curies":[{"name":"wp","href":"https:\/\/api.w.org\/{rel}","templated":true}]}}