{"id":1103,"date":"2021-04-19T14:37:20","date_gmt":"2021-04-19T14:37:20","guid":{"rendered":"https:\/\/211md.org\/?page_id=1103"},"modified":"2025-11-11T13:49:26","modified_gmt":"2025-11-11T18:49:26","slug":"zahnpflege","status":"publish","type":"page","link":"https:\/\/211md.org\/de\/resources\/health-care\/dental-care\/","title":{"rendered":"Find Dental Clinics in Maryland"},"content":{"rendered":"<img decoding=\"async\" src=\"https:\/\/stg-maryland211-staging.kinsta.cloud\/wp-content\/uploads\/2025\/08\/5-1-scaled.png\" alt=\"5\" itemprop=\"image\" height=\"692\" width=\"2560\" title=\"5\" onerror=\"this.style.display='none'\" loading=\"lazy\" \/>\n\t\t<p>Brauchen Sie Zahnpflege? Kostenlose und kosteng\u00fcnstige Zahnkliniken k\u00f6nnen eine Option sein, wenn Sie Zahnpflege ben\u00f6tigen und nicht versichert sind. M\u00f6glicherweise sind auch Gutscheine erh\u00e4ltlich, um die Kosten f\u00fcr die Behandlung in einer privaten Zahnarztpraxis zu senken.<\/p>\n\t\t\t<a href=\"#start\" target=\"_self\">\n\t\t\t\t\t\tErste Schritte\n\t\t\t\t\t<\/a>\n\t\t\t\t<img decoding=\"async\" src=\"https:\/\/211md.org\/wp-content\/plugins\/bb-plugin\/img\/pixel.png\" alt=\"\" itemprop=\"image\" onerror=\"this.style.display='none'\" loading=\"lazy\" \/>\n\t\t\t\t<img decoding=\"async\" src=\"https:\/\/stg-maryland211-staging.kinsta.cloud\/wp-content\/uploads\/2025\/08\/16.png\" alt=\"16\" itemprop=\"image\" height=\"1000\" width=\"1000\" title=\"16\" onerror=\"this.style.display='none'\" loading=\"lazy\" \/>\n\t\t\t\t<img decoding=\"async\" src=\"http:\/\/211md.org\/wp-content\/uploads\/2025\/11\/Dentist-showing-patient-xrays-of-tooth-at-dental-clinic.jpg\" alt=\"Dentist showing patient xrays of tooth at dental clinic\" itemprop=\"image\" title=\"Dentist showing patient xrays of tooth at dental clinic\" onerror=\"this.style.display='none'\" loading=\"lazy\" \/>\n\t<h2>Maryland Medicaid Dental Program<\/h2>\n<p>Eligible full-time Medicaid beneficiaries may be eligible for dental services through the Maryland Healthy Smiles Dental Program.<\/p>\n<p>This program helps eligible Medicaid recipients:<\/p>\n<ul>\n<li>adults aged 21 to 64<\/li>\n<li>children under age 21<\/li>\n<li>former foster care children through age 25<\/li>\n<li>pregnant and postpartum adults through age 21<\/li>\n<\/ul>\n<p>The Maryland Healthy Smiles Dental Program covers:<\/p>\n<ul>\n<li>routine dental checkups and cleaning<\/li>\n<li>fluoride treatments<\/li>\n<li>X-rays<\/li>\n<li>root canals<\/li>\n<li>crowns<\/li>\n<li>extractions<\/li>\n<li>anesthesia<\/li>\n<li>denture adjustments (adults only)<\/li>\n<\/ul>\n<p>For children under 21 years old, the program also covers orthodontics, fluoride, and sealants.<\/p>\n<p>Get more information on the <a href=\"https:\/\/mmcp.health.maryland.gov\/Pages\/maryland-healthy-smiles-dental-program.aspx\" target=\"_blank\" rel=\"noopener\">Maryland Healthy Smiles Dental Programm<\/a> or find a <a href=\"https:\/\/mdmwp.sciondental.com\/MWP\/Landing\" target=\"_blank\" rel=\"noopener\">participating Medicaid dentist<\/a>.<\/p>\n\t<h2>Free and low-cost Clinics<\/h2>\n<p>Dental colleges and some health departments offer free and low-cost dental clinics throughout Maryland.<\/p>\n<p>The Dental Hygiene Center at Howard Community College provides affordable dental services, including screenings, X-rays, sealants, non-surgical periodontal treatment, deep cleaning, fluoride treatment, and follow-up care.<\/p>\n<p>The cost is $20 for adults in the community and $10 for children.<\/p>\n<p>The clinic does not provide fillings, extractions, root canals, orthodontics, or other dental treatments. Connect with the <a href=\"https:\/\/www.howardcc.edu\/programs-courses\/academics\/academic-divisions\/health-sciences\/dental-hygiene\/dental-hygiene-center.html\" target=\"_blank\" rel=\"noopener\">Dental Hygiene Center<\/a>.<\/p>\n<p><a href=\"https:\/\/www.allegany.edu\/health-clinics\/dental-hygiene-clinic\/index.html\" target=\"_blank\" rel=\"noopener\">Allegany College von Maryland<\/a> bietet \u00fcber seine Dentalhygieneklinik auch kosteng\u00fcnstige zahn\u00e4rztliche Leistungen in der Gemeinde an. Ihr Schwerpunkt liegt auf der Vorsorge und ist w\u00e4hrend des Herbst- und Fr\u00fchjahrssemesters verf\u00fcgbar.<\/p>\n<p>There are also community dental programs at <a href=\"https:\/\/www.ccbcmd.edu\/Programs-and-Courses\/Schools-and-Academic-Departments\/School-of-Health-Professions\/Dental-Hygiene.aspx\" target=\"_blank\" rel=\"noopener\">Volkshochschule des Baltimore County<\/a>, Die <a href=\"https:\/\/www.dental.umaryland.edu\/\" target=\"_blank\" rel=\"noopener\">Zahnmedizinische Fakult\u00e4t der Universit\u00e4t von Maryland<\/a>, und das <a href=\"https:\/\/www.ccbcmd.edu\/Programs-and-Courses\/Schools-and-Academic-Departments\/School-of-Health-Professions\/Dental-Hygiene.aspx\" target=\"_blank\" rel=\"noopener\">Volkshochschule des Baltimore County<\/a>. Wenden Sie sich f\u00fcr Programmdetails an das College in Ihrer N\u00e4he.<\/p>\n<h3>Zahn\u00e4rztliche Programme des Gesundheitsamtes<\/h3>\n<p>Es gibt auch Zahnkliniken in einigen Kreisgesundheits\u00e4mtern.<\/p>\n<p>In Berlin ist die <a href=\"https:\/\/www.worcesterhealth.org\/dental-sidebar\" target=\"_blank\" rel=\"noopener\">Gesundheitsamt des Landkreises Worcester<\/a> bietet Betreuung f\u00fcr Kinder unter 21 Jahren oder schwangere Kinder, die nicht oder unterversichert sind oder am Maryland Health Smiles-Programm teilnehmen.<\/p>\n<p>Die <a href=\"https:\/\/health.baltimorecity.gov\/node\/89\" target=\"_blank\" rel=\"noopener\">Gesundheitsamt der Stadt Baltimore<\/a> bietet grundlegende und dringende zahn\u00e4rztliche Versorgung in der Druid Dental Clinic und der Eastern Dental Clinic. Mit der Pflege sind Geb\u00fchren verbunden, und die Kliniken akzeptieren Maryland Health Smiles, die meisten medizinischen\/medizinischen Hilfspl\u00e4ne und einige andere Pl\u00e4ne, die sich \u00e4ndern k\u00f6nnen.<\/p>\n<p>Auch eine Kinderzahnklinik ist vorhanden <a href=\"https:\/\/health.frederickcountymd.gov\/DocumentCenter\/View\/3560\/DENTAL-BrochureEnglish?bidId=\" target=\"_blank\" rel=\"noopener\">Frederick County Gesundheitsamt<\/a> f\u00fcr nicht versicherte Kinder und solche mit medizinischer Hilfe. Das Gesundheitsamt hat auch Zahngutscheine f\u00fcr Erwachsene, die eine orale Operation bei einem privaten Kieferchirurgen ben\u00f6tigen.<\/p>\n<p>Dies sind nur einige der Programme der Gesundheitsbeh\u00f6rden in ganz Maryland. Wenden Sie sich an Ihre \u00f6rtliche Abteilung, um weitere Informationen zu Zahnkliniken und kosteng\u00fcnstigen Dienstleistungen zu erhalten, sofern in der Gemeinde verf\u00fcgbar.<\/p>\n<h3>Zahnpflege f\u00fcr Senioren<\/h3>\n<p>In Frederick County gibt es ein zahn\u00e4rztliches Nothilfeprogramm f\u00fcr routinem\u00e4\u00dfige Notf\u00e4lle wie Zahnextraktionen und F\u00fcllungen durch das <a href=\"https:\/\/thereligiouscoalition.org\/need-help\/healthcare-programs\/\" target=\"_blank\" rel=\"noopener\">Religi\u00f6se Koalition f\u00fcr menschliche Notbed\u00fcrfnisse<\/a>. Es steht nur Einwohnern des Frederick County ab 51 Jahren zur Verf\u00fcgung.<\/p>\n\t\t\t\t<a href=\"https:\/\/search.211md.org\/\" target=\"_blank\" rel=\"noopener\" itemprop=\"url\">\n\t\t\t\t<img decoding=\"async\" src=\"https:\/\/stg-maryland211-staging.kinsta.cloud\/wp-content\/uploads\/2025\/08\/2025_MdInfoNet_Icon-Sets-white_Locate.png\" alt=\"\" itemprop=\"image\" onerror=\"this.style.display='none'\" loading=\"lazy\" \/>\n\t\t\t\t<\/a>\n<h2><a href=\"https:\/\/search.211md.org\/\" target=\"_blank\" rel=\"noopener\">Jetzt Ressourcen finden<\/a><\/h2><p>Finden <strong>Community-Ressourcen <\/strong>f\u00fcr Lebensmittel, Gesundheitsversorgung, Unterkunft und mehr in unserer Datenbank. Suche nach Postleitzahl.<\/p>\n\t\t\t<a href=\"https:\/\/search.211md.org\/\" target=\"_blank\" rel=\"noopener\">\n\t\t\t\t\t\t\tJetzt suchen\n\t\t\t<\/a>\n\t\t\t\t<img decoding=\"async\" src=\"http:\/\/211md.org\/wp-content\/uploads\/2025\/11\/dad-and-daughter-brushing-teeth.jpg\" alt=\"dad and daughter brushing teeth\" itemprop=\"image\" title=\"dad and daughter brushing teeth\" onerror=\"this.style.display='none'\" loading=\"lazy\" \/>\n\t<h3><b>Zahnversicherung<\/b><\/h3>\n<p>Um die grundlegende zahn\u00e4rztliche Versorgung und Behandlung abzudecken, k\u00f6nnen Sie w\u00e4hrend eines qualifizierenden Lebensereignisses oder w\u00e4hrend der offenen Einschreibung vom 1. November bis 15. Dezember eine Zahnversicherung abschlie\u00dfen. Der Versicherungsschutz beginnt am 1. Januar.<\/p>\n<p>Sie fragen sich, wie viel eine Zahnzusatzversicherung kosten wird?\u00a0<a href=\"https:\/\/secure.marylandhealthconnection.gov\/hixui\/public\/home.html#\/getEstimate?lang=en_US&amp;firstTime=1\" target=\"_blank\" rel=\"noopener\">Holen Sie sich einen Kostenvoranschlag von Maryland Health Connection<\/a>, und finden Sie dann einen Plan, der zu Ihnen und Ihrer Familie passt.<\/p>\n<p>Einige Krankenkassen k\u00f6nnen auch Zahnbehandlungen anbieten.<\/p>\n<p>Es gibt auch zahn\u00e4rztliche Programme im gesamten Bundesstaat Maryland, die Versorgung durch Colleges, das Gesundheitsamt und Gemeindekliniken anbieten.<\/p>\n\t<h2>Connect with other Health-Related Resources<\/h2>\n\t\t<h4><a href=\"\/de\/ressourcen\/alterungsbehinderung\/?utm_source=Home&#038;utm_medium=Referral&#038;utm_campaign=211Resources&#038;utm_content=Aging\" target=\"_self\">Alter &amp; Behinderung<\/a><\/h4>\n\t\t\t\t<a href=\"\/de\/ressourcen\/alterungsbehinderung\/?utm_source=Home&#038;utm_medium=Referral&#038;utm_campaign=211Resources&#038;utm_content=Aging\"  target=\"_self\" itemprop=\"url\">\n\t\t\t\t<img decoding=\"async\" src=\"https:\/\/211md.org\/wp-content\/uploads\/bb-plugin\/cache\/2025_MdInfoNet_Icon-Sets_Aging-disability-square-c466727102cae71e5f27b8539bb51945-.png\" alt=\"\" itemprop=\"image\" onerror=\"this.style.display='none'\" loading=\"lazy\" \/>\n\t\t\t\t<\/a>\n\t\t<h4><a href=\"\/de\/ressourcen\/kinder-familien\/?utm_source=Home&#038;utm_medium=Referral&#038;utm_campaign=211Resources&#038;utm_content=Children\" target=\"_self\">Kinder &amp; Familien<\/a><\/h4>\n\t\t\t\t<a href=\"\/de\/ressourcen\/kinder-familien\/?utm_source=Home&#038;utm_medium=Referral&#038;utm_campaign=211Resources&#038;utm_content=Children\"  target=\"_self\" itemprop=\"url\">\n\t\t\t\t<img decoding=\"async\" src=\"https:\/\/211md.org\/wp-content\/uploads\/bb-plugin\/cache\/2025_211_Icon-Sets_Child-care-square-f3b0d4edab3dcc467fadb5f55f4064c6-.png\" alt=\"2025_211_Icon Sets_Kinderbetreuung\" itemprop=\"image\" height=\"417\" width=\"417\" title=\"2025_211_Icon Sets_Kinderbetreuung\" onerror=\"this.style.display='none'\" loading=\"lazy\" \/>\n\t\t\t\t<\/a>\n\t\t<h4><a href=\"\/de\/ressourcen\/hausliche-familiare-gewalt\/?utm_source=Home&#038;utm_medium=Referral&#038;utm_campaign=211Resources&#038;utm_content=Domestic\" target=\"_self\">H\u00e4usliche Gewalt<\/a><\/h4>\n\t\t\t\t<a href=\"\/de\/ressourcen\/hausliche-familiare-gewalt\/?utm_source=Home&#038;utm_medium=Referral&#038;utm_campaign=211Resources&#038;utm_content=Domestic\"  target=\"_self\" itemprop=\"url\">\n\t\t\t\t<img decoding=\"async\" src=\"https:\/\/211md.org\/wp-content\/uploads\/bb-plugin\/cache\/2025_211_Icon-Sets_Domestic-Violence-square-7b597694a6f05fe90cdc376aa573bc63-.png\" alt=\"Symbol f\u00fcr h\u00e4usliche Gewalt\" itemprop=\"image\" height=\"417\" width=\"417\" title=\"2025_211_Icon Sets_H\u00e4usliche Gewalt\" onerror=\"this.style.display='none'\" loading=\"lazy\" \/>\n\t\t\t\t<\/a>\n\t\t<h4><a href=\"\/de\/ressourcen\/arbeitssuche\/?utm_source=Home&#038;utm_medium=Referral&#038;utm_campaign=211Resources&#038;utm_content=Employment\" target=\"_self\">Besch\u00e4ftigung<\/a><\/h4>\n\t\t\t\t<a href=\"\/de\/ressourcen\/arbeitssuche\/?utm_source=Home&#038;utm_medium=Referral&#038;utm_campaign=211Resources&#038;utm_content=Employment\"  target=\"_self\" itemprop=\"url\">\n\t\t\t\t<img decoding=\"async\" src=\"https:\/\/211md.org\/wp-content\/uploads\/bb-plugin\/cache\/2025_MdInfoNet_Icon-Sets_Employment-square-44707bd410e4df10a470bf130ebcea86-.png\" alt=\"\" itemprop=\"image\" onerror=\"this.style.display='none'\" loading=\"lazy\" \/>\n\t\t\t\t<\/a>\n\t\t<h4><a href=\"\/de\/ressourcen\/gesundheitswesen\/?utm_source=Home&#038;utm_medium=Referral&#038;utm_campaign=211Resources&#038;utm_content=Health%20Care\" target=\"_self\">Gesundheitsvorsorge<\/a><\/h4>\n\t\t\t\t<a href=\"\/de\/ressourcen\/gesundheitswesen\/?utm_source=Home&#038;utm_medium=Referral&#038;utm_campaign=211Resources&#038;utm_content=Health%20Care\"  target=\"_self\" itemprop=\"url\">\n\t\t\t\t<img decoding=\"async\" src=\"https:\/\/211md.org\/wp-content\/uploads\/bb-plugin\/cache\/2025_MdInfoNet_Icon-Sets_Health-Care-square-dee98a0060cbe0e7f27eda253fc12679-.png\" alt=\"\" itemprop=\"image\" onerror=\"this.style.display='none'\" loading=\"lazy\" \/>\n\t\t\t\t<\/a>\n\t\t<h4><a href=\"\/de\/ressourcen\/kinder-familien\/verwandtschaftspflege\/?utm_source=Home&#038;utm_medium=Referral&#038;utm_campaign=211Resources&#038;utm_content=Kinship\" target=\"_self\">Verwandtschaft<\/a><\/h4>\n\t\t\t\t<a href=\"\/de\/ressourcen\/kinder-familien\/verwandtschaftspflege\/?utm_source=Home&#038;utm_medium=Referral&#038;utm_campaign=211Resources&#038;utm_content=Kinship\"  target=\"_self\" itemprop=\"url\">\n\t\t\t\t<img decoding=\"async\" src=\"https:\/\/211md.org\/wp-content\/uploads\/bb-plugin\/cache\/2025_211_Icon-Sets_Kinship-square-45bdf872866f5735f842c32071109267-.png\" alt=\"Verwandtschaftssymbol\" itemprop=\"image\" height=\"417\" width=\"417\" title=\"2025_211_Icon Sets_Verwandtschaft\" onerror=\"this.style.display='none'\" loading=\"lazy\" \/>\n\t\t\t\t<\/a>\n\t\t<h4><a href=\"\/de\/ressourcen\/rechtsberatung\/?utm_source=Home&#038;utm_medium=Referral&#038;utm_campaign=211Resources&#038;utm_content=Legal\" target=\"_self\">Rechtsberatung<\/a><\/h4>\n\t\t\t\t<a href=\"\/de\/ressourcen\/rechtsberatung\/?utm_source=Home&#038;utm_medium=Referral&#038;utm_campaign=211Resources&#038;utm_content=Legal\"  target=\"_self\" itemprop=\"url\">\n\t\t\t\t<img decoding=\"async\" src=\"https:\/\/211md.org\/wp-content\/uploads\/bb-plugin\/cache\/2025_MdInfoNet_Icon-Sets_Legal-square-18fdf438feb8435588174d9046463257-.png\" alt=\"\" itemprop=\"image\" onerror=\"this.style.display='none'\" loading=\"lazy\" \/>\n\t\t\t\t<\/a>\n\t\t<h4><a href=\"\/de\/ressourcen\/psychische-gesundheit\/?utm_source=Home&#038;utm_medium=Referral&#038;utm_campaign=211Resources&#038;utm_content=Mental\" target=\"_self\">Psychische Gesundheit<\/a><\/h4>\n\t\t\t\t<a href=\"\/de\/ressourcen\/psychische-gesundheit\/?utm_source=Home&#038;utm_medium=Referral&#038;utm_campaign=211Resources&#038;utm_content=Mental\"  target=\"_self\" itemprop=\"url\">\n\t\t\t\t<img decoding=\"async\" src=\"https:\/\/211md.org\/wp-content\/uploads\/bb-plugin\/cache\/2025_MdInfoNet_Icon-Sets_Mental-Health-square-c59b38c4a993a947d4c9280fbe2d2fee-.png\" alt=\"\" itemprop=\"image\" onerror=\"this.style.display='none'\" loading=\"lazy\" \/>\n\t\t\t\t<\/a>\n\t\t<h4><a href=\"\/de\/ressourcen\/mdreentry\/?utm_source=Home&#038;utm_medium=Referral&#038;utm_campaign=211Resources&#038;utm_content=Reentry\" target=\"_self\">Wiedereintritt<\/a><\/h4>\n\t\t\t\t<a href=\"\/de\/ressourcen\/mdreentry\/?utm_source=Home&#038;utm_medium=Referral&#038;utm_campaign=211Resources&#038;utm_content=Reentry\"  target=\"_self\" itemprop=\"url\">\n\t\t\t\t<img decoding=\"async\" src=\"https:\/\/211md.org\/wp-content\/uploads\/bb-plugin\/cache\/2025_211_Icon-Sets_Reentry-square-8676fea38abd920a832f45642fe31cca-.png\" alt=\"Symbol \u201eWiedereintritt\u201c\" itemprop=\"image\" height=\"417\" width=\"417\" title=\"2025_211_Icon Sets_Wiedereintritt\" onerror=\"this.style.display='none'\" loading=\"lazy\" \/>\n\t\t\t\t<\/a>\n\t\t<h4><a href=\"\/de\/ressourcen\/substanzgebrauch\/?utm_source=Home&#038;utm_medium=Referral&#038;utm_campaign=211Resources&#038;utm_content=Substance\" target=\"_self\">Substanzgebrauch<\/a><\/h4>\n\t\t\t\t<a href=\"\/de\/ressourcen\/substanzgebrauch\/?utm_source=Home&#038;utm_medium=Referral&#038;utm_campaign=211Resources&#038;utm_content=Substance\"  target=\"_self\" itemprop=\"url\">\n\t\t\t\t<img decoding=\"async\" src=\"https:\/\/211md.org\/wp-content\/uploads\/bb-plugin\/cache\/2025_MdInfoNet_Icon-Sets_Substance-Abuse-square-9022fec9d18a64118ad685c101885b55-.png\" alt=\"\" itemprop=\"image\" onerror=\"this.style.display='none'\" loading=\"lazy\" \/>\n\t\t\t\t<\/a>\n\t\t<h4><a href=\"\/de\/ressourcen\/veteranen\/?utm_source=Home&#038;utm_medium=Referral&#038;utm_campaign=211Resources&#038;utm_content=Veterans\" target=\"_self\">Veteranen<\/a><\/h4>\n\t\t\t\t<a href=\"\/de\/ressourcen\/veteranen\/?utm_source=Home&#038;utm_medium=Referral&#038;utm_campaign=211Resources&#038;utm_content=Veterans\"  target=\"_self\" itemprop=\"url\">\n\t\t\t\t<img decoding=\"async\" src=\"https:\/\/211md.org\/wp-content\/uploads\/bb-plugin\/cache\/2025_MdInfoNet_Icon-Sets_Rating-square-6e60d00cce4faa8e0a6d4ad7366aa733-.png\" alt=\"\" itemprop=\"image\" onerror=\"this.style.display='none'\" loading=\"lazy\" \/>\n\t\t\t\t<\/a>","protected":false},"excerpt":{"rendered":"<p>Do you need dental care? Free and low-cost dental clinics may be an option if you need dental care and do not have insurance. Vouchers may also be available to reduce the cost of care at a private dentist&#8217;s office. Get Started Maryland Medicaid Dental Program Eligible full-time Medicaid beneficiaries may be eligible for dental&hellip;<\/p>","protected":false},"author":8,"featured_media":2081,"parent":838,"menu_order":0,"comment_status":"closed","ping_status":"closed","template":"","meta":{"footnotes":""},"class_list":["post-1103","page","type-page","status-publish","has-post-thumbnail","hentry"],"_links":{"self":[{"href":"https:\/\/211md.org\/de\/wp-json\/wp\/v2\/pages\/1103","targetHints":{"allow":["GET"]}}],"collection":[{"href":"https:\/\/211md.org\/de\/wp-json\/wp\/v2\/pages"}],"about":[{"href":"https:\/\/211md.org\/de\/wp-json\/wp\/v2\/types\/page"}],"author":[{"embeddable":true,"href":"https:\/\/211md.org\/de\/wp-json\/wp\/v2\/users\/8"}],"replies":[{"embeddable":true,"href":"https:\/\/211md.org\/de\/wp-json\/wp\/v2\/comments?post=1103"}],"version-history":[{"count":4,"href":"https:\/\/211md.org\/de\/wp-json\/wp\/v2\/pages\/1103\/revisions"}],"predecessor-version":[{"id":34235,"href":"https:\/\/211md.org\/de\/wp-json\/wp\/v2\/pages\/1103\/revisions\/34235"}],"up":[{"embeddable":true,"href":"https:\/\/211md.org\/de\/wp-json\/wp\/v2\/pages\/838"}],"wp:featuredmedia":[{"embeddable":true,"href":"https:\/\/211md.org\/de\/wp-json\/wp\/v2\/media\/2081"}],"wp:attachment":[{"href":"https:\/\/211md.org\/de\/wp-json\/wp\/v2\/media?parent=1103"}],"curies":[{"name":"wp","href":"https:\/\/api.w.org\/{rel}","templated":true}]}}