{"id":1104,"date":"2021-04-19T14:40:22","date_gmt":"2021-04-19T14:40:22","guid":{"rendered":"https:\/\/211md.org\/?page_id=1104"},"modified":"2026-04-28T11:44:08","modified_gmt":"2026-04-28T15:44:08","slug":"arztkostenhilfe","status":"publish","type":"page","link":"https:\/\/211md.org\/de\/resources\/health-care\/medical-expense-assistance\/","title":{"rendered":"Holen Sie sich Hilfe bei Arztrechnungen und -kosten"},"content":{"rendered":"<figure data-animation-delay=\"0\" data-animation-duration=\"1\" itemscope itemtype=\"https:\/\/schema.org\/ImageObject\">\n\t\t\t\t<img decoding=\"async\" src=\"https:\/\/stg-maryland211-staging.kinsta.cloud\/wp-content\/uploads\/2025\/08\/5-1-scaled.png\" alt=\"5\" height=\"692\" width=\"2560\" title=\"5\" onerror=\"this.style.display='none'\" loading=\"lazy\" \/>\n\t<\/figure>\n\t\t<p>Haben Sie medizinische Ausgaben, die Sie sich nicht leisten k\u00f6nnen? Sie sind nicht allein. Maryland und nationale Organisationen k\u00f6nnen m\u00f6glicherweise dabei helfen, einen Teil Ihrer medizinischen Kosten auszugleichen, Abrechnungsstreitigkeiten oder die Verweigerung der Pflege zu schlichten oder kostenlose medizinische Ausr\u00fcstung bereitzustellen.<\/p>\n\t\t\t<a href=\"#start\"  target=\"_self\">\n\t\t\t\t\t\tErste Schritte\n\t\t\t\t\t<\/a>\n<figure data-animation-delay=\"0\" data-animation-duration=\"1\" itemscope itemtype=\"https:\/\/schema.org\/ImageObject\">\n\t\t\t\t<img decoding=\"async\" src=\"https:\/\/211md.org\/wp-content\/plugins\/bb-plugin\/img\/pixel.png\" alt=\"\" onerror=\"this.style.display='none'\" loading=\"lazy\" \/>\n\t<\/figure>\n<figure data-animation-delay=\"0\" data-animation-duration=\"1.3\" itemscope itemtype=\"https:\/\/schema.org\/ImageObject\">\n\t\t\t\t<img decoding=\"async\" src=\"https:\/\/stg-maryland211-staging.kinsta.cloud\/wp-content\/uploads\/2025\/08\/16.png\" alt=\"16\" height=\"1000\" width=\"1000\" title=\"16\" onerror=\"this.style.display='none'\" loading=\"lazy\" \/>\n\t<\/figure>\n\t<h3>Talk to Your Provider about Your Bill<\/h3>\n<p>Talk with your healthcare provider about financial assistance programs. Many hospitals have patient programs to help reduce medical bills. Ask about the provider&#8217;s financial assistance policy to learn about the details and eligibility requirements for care.<\/p>\n<p>Zum Beispiel die <a href=\"https:\/\/www.umms.org\/ummc\/patients-visitors\/for-patients\/financial-assistance\" target=\"_blank\" rel=\"noopener\">Medizinisches Zentrum der Universit\u00e4t von Maryland<\/a> kann Patienten dabei helfen, kostenlose oder kosteng\u00fcnstigere Leistungen zu erhalten, wenn sie ihre Krankenhausbehandlung nicht ganz oder teilweise bezahlen k\u00f6nnen.<\/p>\n<p>The hospital considers your ability to pay for care, including household income and family size. Also, the provider may also be able to help you apply for coverage through Medicaid or <a href=\"https:\/\/211md.org\/de\/ressourcen\/gesundheitswesen\/krankenversicherung\/\">Maryland-Gesundheitsverbindung.<\/a><\/p>\n<figure itemscope itemtype=\"https:\/\/schema.org\/ImageObject\">\n\t\t\t\t<img decoding=\"async\" src=\"http:\/\/211md.org\/wp-content\/uploads\/2026\/04\/patient-at-doctors-office-paying-bill-with-receptionist.jpg\" alt=\"patient paying doctor\" title=\"patient at doctors office paying bill with receptionist\" onerror=\"this.style.display='none'\" loading=\"lazy\" \/>\n\t<\/figure>\n\t<h3>Rezepte<\/h3>\n<p>Neben Arztrechnungen k\u00f6nnen auch verschreibungspflichtige Medikamente kostspielig sein. Wenn Ihr Arzt Ihnen ein Medikament verschreibt, das Sie sich nicht leisten k\u00f6nnen, gibt es welche <a href=\"https:\/\/211md.org\/de\/ressourcen\/gesundheitswesen\/rezepte\/\">prescription drug programs <\/a>available at participating Maryland pharmacies.<\/p>\n<p>Sie k\u00f6nnen auch die 211-Ressourcendatenbank nach Programmen und lokalen Organisationen durchsuchen, die helfen k\u00f6nnen.<\/p>\n\t\t\t<a href=\"https:\/\/search.211md.org\/search?query=Medical%20Bill%20Assistance&#038;query_type=text\" target=\"_blank\" rel=\"noopener\">\n\t\t\t\t\t\tMedical bill help\n\t\t\t\t\t<\/a>\n\t\t\t<a href=\"https:\/\/search.211md.org\/search?query=LH-5100.6500&#038;query_type=taxonomy&#038;query_label=\" target=\"_blank\" rel=\"noopener\">\n\t\t\t\t\t\tPrescription drug help\n\t\t\t\t\t<\/a>\n<figure itemscope itemtype=\"https:\/\/schema.org\/ImageObject\">\n\t\t\t\t<img decoding=\"async\" src=\"https:\/\/211md.org\/wp-content\/uploads\/2026\/04\/someone-with-a-broken-arm-signing-legal-papers.jpg\" alt=\"injured person signing legal papers\" height=\"1500\" width=\"2000\" title=\"someone with a broken arm signing legal papers\" onerror=\"this.style.display='none'\" loading=\"lazy\" \/>\n\t<\/figure>\n\t\t<h2>Mediate a Medical Bill<\/h2>\n\t\t<p>Wenn Sie die Arztrechnung nicht mit Ihrem Arzt kl\u00e4ren k\u00f6nnen oder ein anderes medizinisches Problem haben, kann die Health Education and Advocacy Unit (HEAU) des Maryland Attorney General in der Situation m\u00f6glicherweise kostenlos vermitteln. Sie k\u00f6nnen helfen bei:<\/p>\n<ul>\n<li>Abrechnungsstreitigkeiten bei \u00c4rzten<\/li>\n<li>\u00dcberraschende Arztrechnung von einer Notfallversorgungseinrichtung au\u00dferhalb des Netzwerks oder einem Anbieter in einem Krankenhaus oder Operationszentrum innerhalb des Netzwerks<\/li>\n<li>eine Rechnung erhalten hat, die h\u00f6her ist als die Sch\u00e4tzung nach Treu und Glauben<\/li>\n<li>Mir wurde von einem Krankenhaus in Maryland eine Geb\u00fchr f\u00fcr eine ambulante Behandlung in Rechnung gestellt, ich habe jedoch vor dem Arzttermin keine Auskunft \u00fcber die Geb\u00fchr erhalten<\/li>\n<li>Streitigkeiten \u00fcber medizinische Ger\u00e4te<\/li>\n<li>Unf\u00e4higkeit, medizinische Aufzeichnungen oder Kopien davon zu erhalten<\/li>\n<li>Verweigerung der privaten Krankenversicherung f\u00fcr die gesamte oder einen Teil der Versorgung<\/li>\n<li>Orientierung im Finanzhilfeprogramm eines Krankenhauses<\/li>\n<li>verweigerte finanzielle Unterst\u00fctzung oder angemessene Zahlungsoptionen von einem Krankenhaus in Maryland<\/li>\n<li>Beendigung der privaten Krankenversicherung<\/li>\n<li>Verweigerung der Anmeldung zu einem qualifizierten Gesundheitsplan oder Verweigerung von Advanced Premium Tax Credits oder Cost-Sharing-Reduktionen durch Maryland Health Connection<\/li>\n<\/ul>\n\t\t\t<a href=\"https:\/\/www.marylandattorneygeneral.gov\/Pages\/CPD\/HEAU\/default.aspx\" target=\"_blank\" rel=\"noopener\">\n\t\t\t\t\t\tLearn about mediation\n\t\t\t\t\t<\/a>\n\t<h3>Finanzielle Hilfe bei chronischen und seltenen Krankheiten<\/h3>\n<p>Wenn Sie aufgrund einer chronischen oder seltenen Krankheit mit laufenden medizinischen Kosten rechnen, k\u00f6nnen Sie \u00fcber Ihren Anbieter Unterst\u00fctzung beantragen und sich auch an nationale gemeinn\u00fctzige Organisationen wenden, die Ihnen helfen k\u00f6nnen.<\/p>\n<p>Die <a href=\"https:\/\/www.panfoundation.org\/about-pan\/\" target=\"_blank\" rel=\"noopener\">PAN-Stiftung<\/a> hilft staatlich und kommerziell versicherten Patienten, die Medikamente und Pflege zu erhalten, die sie f\u00fcr lebensbedrohliche, chronische und seltene Krankheiten ben\u00f6tigen. Die Organisation hilft bei den Kosten f\u00fcr verschreibungspflichtige Medikamente und auch bei Behandlungen.<\/p>\n<p>Seit 2004 haben sie mehr als einer Million unterversicherten Patienten finanzielle Unterst\u00fctzung in H\u00f6he von $4 Milliarden bereitgestellt.<\/p>\n<p>Die <a href=\"https:\/\/www.healthwellfoundation.org\/patients\/\" target=\"_blank\" rel=\"noopener\">HealthWell-Stiftung<\/a> kann berechtigten Personen auch mit Zuzahlungen, Pr\u00e4mien, Selbstbehalten und anderen Auslagen f\u00fcr Operationen, Erg\u00e4nzungen und Verbrauchsmaterialien helfen. Die Organisation hat eine Reihe von <a href=\"https:\/\/www.healthwellfoundation.org\/disease-funds\/\" target=\"_blank\" rel=\"noopener\">Krankheitsfonds<\/a> die Menschen mit bestimmten Krankheiten unterst\u00fctzen.<\/p>\n<p><a href=\"https:\/\/www.cancercare.org\/financial_assistance\" target=\"_blank\" rel=\"noopener\">Krebs<em>Pflege<\/em><\/a> bietet auch finanzielle Unterst\u00fctzung und arbeitet mit Organisationen im ganzen Land zusammen, die bei den Kosten der Krebsbehandlung helfen k\u00f6nnen. <a href=\"https:\/\/www.cancercare.org\/financial\" target=\"_blank\" rel=\"noopener\">Finanzprogramme<\/a> variieren je nach Art des Krebses, den Sie haben, und je nach Region. Der <a href=\"https:\/\/www.cancercare.org\/copayfoundation\" target=\"_blank\" rel=\"noopener\">Zuzahlungshilfeprogramm<\/a> deckt bestimmte Krebsdiagnosen ab.<\/p>\n<p>Sie k\u00f6nnen Ihren Anbieter auch fragen, ob er eine Richtlinie zur finanziellen Unterst\u00fctzung zur Deckung laufender Pflegekosten hat.<\/p>\n\t\t<h2>Kostenlose medizinische Ger\u00e4te<\/h2>\n\t\t<p>Durable medical equipment can be expensive if you have to buy it.\u00a0When medical equipment is needed long-term, Medicare, Medicaid, or your insurer should help offset the cost.<\/p>\n<p>Ist dies nicht der Fall, k\u00f6nnen Sie \u00fcber den gebrauchte und general\u00fcberholte medizinische Ger\u00e4te erhalten <a href=\"https:\/\/aging.maryland.gov\/pages\/DME.aspx\" target=\"_blank\" rel=\"noopener\">Maryland Programm zur Wiederverwendung langlebiger medizinischer Ger\u00e4te<\/a> (DME). Es wird vom Department of Aging betrieben, steht aber jedem in Maryland zur Verf\u00fcgung, unabh\u00e4ngig vom Alter.<\/p>\n<p>You can request equipment such as canes, crutches, walkers, bed rails, shower chairs, wheelchairs, mechanical lifts, power scooters, and hospital beds. Inventory varies, so you have to submit a request.<\/p>\n<p>The agency said it uses occupational and physical therapists to properly match equipment to an individual. They ensure the size is proper for an individual based on their need, height, weight, and any other factors. That helps ensure safety.<\/p>\n<p>Das Maryland Department of Aging diskutierte, wie dieses Programm funktioniert <a href=\"https:\/\/211md.org\/de\/episode-16-md-abteilung-des-alterns\/\">Folge 16 von What&#039;s the 211? Podcast<\/a>.<\/p>\n\t\t\t<a href=\"\"  target=\"_blank\" rel=\"noopener\">\n\t\t\t\t\t\tFind a DME location\n\t\t\t\t\t<\/a>\n\t<h3>Maryland Leihschr\u00e4nke<\/h3>\n<p>Sie k\u00f6nnen auch vor\u00fcbergehend medizinische Ger\u00e4te oder technische Hilfsmittel \u00fcber einen kommunalen Leihschrank erhalten.<\/p>\n<p>Hier finden Sie Rollst\u00fchle, Krankenhausbetten, Duschst\u00fchle, Toilettenlifte, Bettgitter, Gehhilfen, Kr\u00fccken, Gehst\u00f6cke und andere langlebige medizinische Ger\u00e4te, die Sie m\u00f6glicherweise ben\u00f6tigen.<\/p>\n<p>Die Artikel variieren, und die meisten werden kostenlos zur Verf\u00fcgung gestellt oder mit einer r\u00fcckzahlbaren Kaution ausgeliehen.<\/p>\n<p>Zum Beispiel im\u00a0<a href=\"https:\/\/www.charlescountymd.gov\/services\/aging-and-senior-services\/loan-closet-for-durable-medical-equipment\" target=\"_blank\" rel=\"noopener\">Charles Grafschaft<\/a>, der Leihschrank erm\u00f6glicht es Einzelpersonen, Ger\u00e4te f\u00fcr 90 Tage auszuleihen. Verl\u00e4ngerungen werden von Fall zu Fall gew\u00e4hrt, abh\u00e4ngig vom Bestand der Ausleihschr\u00e4nke.<\/p>\n<p>In\u00a0<a href=\"https:\/\/www.howardcountymd.gov\/disability-services\" target=\"_blank\" rel=\"noopener\">Howard County<\/a>, the Maryland Department of Aging is providing hospital beds and motorized chairs through the Howard County loan closet. The equipment is also accessible to residents of other counties, including Anne Arundel, Baltimore, Carroll, Frederick, Montgomery, and Prince George&#8217;s County.<\/p>\n<p>Wenn Sie die Ausr\u00fcstung nicht abholen k\u00f6nnen, ist eine kostenlose Lieferung \u00fcber m\u00f6glich\u00a0<a href=\"https:\/\/www.howardcountymd.gov\/News051822d\" target=\"_blank\" rel=\"noopener\">Nachbarfahrt<\/a> im Howard County.<\/p>\n<p>Seit der Er\u00f6ffnung des Howard County Loan Closet im Jahr 2004 wurden mehr als 35.000 Ausr\u00fcstungsgegenst\u00e4nde verteilt.\u00a0<a href=\"https:\/\/www.howardcountymd.gov\/disability-services\/loan-closet-equipment\" target=\"_blank\" rel=\"noopener\">View the current medical equipment<\/a> in the Howard County Loan Closet.<\/p>\n<p>Find a local provider by searching the 211 database.<\/p>\n\t\t\t<a href=\"https:\/\/search.211md.org\/search?query=Medical%20Equipment%20Supplies&#038;query_type=text\" target=\"_blank\" rel=\"noopener\">\n\t\t\t\t\t\tMedical equipment\/supplies\n\t\t\t\t\t<\/a>\n\t\t\t<a href=\"https:\/\/search.211md.org\/search?query=Loan%20Closet&#038;query_type=text\" target=\"_blank\" rel=\"noopener\">\n\t\t\t\t\t\tBorrow equipment\n\t\t\t\t\t<\/a>\n\t<h3>Spenden Sie medizinische Ger\u00e4te<\/h3>\n<p>Wenn ein Familienmitglied keine dauerhafte medizinische Ausr\u00fcstung wie Gehstock, Kr\u00fccken oder Rollator mehr ben\u00f6tigt, k\u00f6nnen Sie diese spenden, um einer anderen bed\u00fcrftigen Person zu helfen. Spenden Sie \u00fcber das Department of Aging an einen Gemeinschaftskreditschrank oder das Maryland Durable Medical Equipment Re-Use Program (DME).<\/p>\n<p>Once the Department of Aging receives a donation, the equipment is sanitized, repaired, and redistributed.<\/p>\n\t\t<figure itemscope itemtype=\"https:\/\/schema.org\/ImageObject\">\n\t\t\t\t<a href=\"https:\/\/search.211md.org\/\" target=\"_blank\" rel=\"noopener\" itemprop=\"url\">\n\t\t\t\t<img decoding=\"async\" src=\"https:\/\/stg-maryland211-staging.kinsta.cloud\/wp-content\/uploads\/2025\/08\/2025_MdInfoNet_Icon-Sets-white_Locate.png\" alt=\"\" onerror=\"this.style.display='none'\" loading=\"lazy\" \/>\n\t\t\t\t<\/a>\n\t<\/figure>\n<h2><a href=\"https:\/\/search.211md.org\/\" target=\"_blank\" rel=\"noopener\">Jetzt Ressourcen finden<\/a><\/h2><p>Finden <strong>Community-Ressourcen <\/strong>f\u00fcr Lebensmittel, Gesundheitsversorgung, Unterkunft und mehr in unserer Datenbank. Suche nach Postleitzahl.<\/p>\n\t\t\t<a href=\"https:\/\/search.211md.org\/\" target=\"_blank\" rel=\"noopener\">\n\t\t\t\t\t\t\tJetzt suchen\n\t\t\t<\/a>\n<h2>\n\t\t\tOther health related information\t<\/h2>\n\t\t<h4><a href=\"\/de\/ressourcen\/alterungsbehinderung\/?utm_source=Home&#038;utm_medium=Referral&#038;utm_campaign=211Resources&#038;utm_content=Aging\" target=\"_self\">Alter &amp; Behinderung<\/a><\/h4><figure itemscope itemtype=\"https:\/\/schema.org\/ImageObject\">\n\t\t\t\t<a href=\"\/de\/ressourcen\/alterungsbehinderung\/?utm_source=Home&#038;utm_medium=Referral&#038;utm_campaign=211Resources&#038;utm_content=Aging\"  target=\"_self\" itemprop=\"url\">\n\t\t\t\t<img decoding=\"async\" src=\"https:\/\/211md.org\/wp-content\/uploads\/bb-plugin\/cache\/2025_MdInfoNet_Icon-Sets_Aging-disability-square-c466727102cae71e5f27b8539bb51945-.png\" alt=\"\" onerror=\"this.style.display='none'\" loading=\"lazy\" \/>\n\t\t\t\t<\/a>\n\t<\/figure>\n\t\t<h4><a href=\"\/de\/ressourcen\/kinder-familien\/?utm_source=Home&#038;utm_medium=Referral&#038;utm_campaign=211Resources&#038;utm_content=Children\" target=\"_self\">Kinder &amp; Familien<\/a><\/h4><figure itemscope itemtype=\"https:\/\/schema.org\/ImageObject\">\n\t\t\t\t<a href=\"\/de\/ressourcen\/kinder-familien\/?utm_source=Home&#038;utm_medium=Referral&#038;utm_campaign=211Resources&#038;utm_content=Children\"  target=\"_self\" itemprop=\"url\">\n\t\t\t\t<img decoding=\"async\" src=\"https:\/\/211md.org\/wp-content\/uploads\/bb-plugin\/cache\/2025_211_Icon-Sets_Child-care-square-f3b0d4edab3dcc467fadb5f55f4064c6-.png\" alt=\"parent and child icon for child care\" height=\"417\" width=\"417\" title=\"2025_211_Icon Sets_Kinderbetreuung\" onerror=\"this.style.display='none'\" loading=\"lazy\" \/>\n\t\t\t\t<\/a>\n\t<\/figure>\n\t\t<h4><a href=\"\/de\/ressourcen\/hausliche-familiare-gewalt\/?utm_source=Home&#038;utm_medium=Referral&#038;utm_campaign=211Resources&#038;utm_content=Domestic\" target=\"_self\">H\u00e4usliche Gewalt<\/a><\/h4><figure itemscope itemtype=\"https:\/\/schema.org\/ImageObject\">\n\t\t\t\t<a href=\"\/de\/ressourcen\/hausliche-familiare-gewalt\/?utm_source=Home&#038;utm_medium=Referral&#038;utm_campaign=211Resources&#038;utm_content=Domestic\"  target=\"_self\" itemprop=\"url\">\n\t\t\t\t<img decoding=\"async\" src=\"https:\/\/211md.org\/wp-content\/uploads\/bb-plugin\/cache\/2025_211_Icon-Sets_Domestic-Violence-square-7b597694a6f05fe90cdc376aa573bc63-.png\" alt=\"House with a heart in the middle icon\" height=\"417\" width=\"417\" title=\"2025_211_Icon Sets_H\u00e4usliche Gewalt\" onerror=\"this.style.display='none'\" loading=\"lazy\" \/>\n\t\t\t\t<\/a>\n\t<\/figure>\n\t\t<h4><a href=\"\/de\/ressourcen\/arbeitssuche\/?utm_source=Home&#038;utm_medium=Referral&#038;utm_campaign=211Resources&#038;utm_content=Employment\" target=\"_self\">Besch\u00e4ftigung<\/a><\/h4><figure itemscope itemtype=\"https:\/\/schema.org\/ImageObject\">\n\t\t\t\t<a href=\"\/de\/ressourcen\/arbeitssuche\/?utm_source=Home&#038;utm_medium=Referral&#038;utm_campaign=211Resources&#038;utm_content=Employment\"  target=\"_self\" itemprop=\"url\">\n\t\t\t\t<img decoding=\"async\" src=\"https:\/\/211md.org\/wp-content\/uploads\/bb-plugin\/cache\/2025_MdInfoNet_Icon-Sets_Employment-square-44707bd410e4df10a470bf130ebcea86-.png\" alt=\"\" onerror=\"this.style.display='none'\" loading=\"lazy\" \/>\n\t\t\t\t<\/a>\n\t<\/figure>\n\t\t<h4><a href=\"\/de\/ressourcen\/gesundheitswesen\/?utm_source=Home&#038;utm_medium=Referral&#038;utm_campaign=211Resources&#038;utm_content=Health%20Care\" target=\"_self\">Gesundheitsvorsorge<\/a><\/h4><figure itemscope itemtype=\"https:\/\/schema.org\/ImageObject\">\n\t\t\t\t<a href=\"\/de\/ressourcen\/gesundheitswesen\/?utm_source=Home&#038;utm_medium=Referral&#038;utm_campaign=211Resources&#038;utm_content=Health%20Care\"  target=\"_self\" itemprop=\"url\">\n\t\t\t\t<img decoding=\"async\" src=\"https:\/\/211md.org\/wp-content\/uploads\/bb-plugin\/cache\/2025_MdInfoNet_Icon-Sets_Health-Care-square-dee98a0060cbe0e7f27eda253fc12679-.png\" alt=\"\" onerror=\"this.style.display='none'\" loading=\"lazy\" \/>\n\t\t\t\t<\/a>\n\t<\/figure>\n\t\t<h4><a href=\"\/de\/ressourcen\/neu-in-den-usa-und-maryland\/?utm_source=Home&#038;utm_medium=Referral&#038;utm_campaign=211Resources&#038;utm_content=Immigration\" target=\"_self\">Einwanderung<\/a><\/h4><figure itemscope itemtype=\"https:\/\/schema.org\/ImageObject\">\n\t\t\t\t<a href=\"\/de\/ressourcen\/neu-in-den-usa-und-maryland\/?utm_source=Home&#038;utm_medium=Referral&#038;utm_campaign=211Resources&#038;utm_content=Immigration\"  target=\"_self\" itemprop=\"url\">\n\t\t\t\t<img decoding=\"async\" src=\"https:\/\/211md.org\/wp-content\/uploads\/bb-plugin\/cache\/2025_MdInfoNet_Icon-Sets_Immigration-square-8b97b7fdfe5e6071405e216855065118-.png\" alt=\"Einwanderungssymbol\" title=\"2025_MdInfoNet_Icon-Sets_Immigration\" onerror=\"this.style.display='none'\" loading=\"lazy\" \/>\n\t\t\t\t<\/a>\n\t<\/figure>\n\t\t<h4><a href=\"\/de\/ressourcen\/kinder-familien\/verwandtschaftspflege\/?utm_source=Home&#038;utm_medium=Referral&#038;utm_campaign=211Resources&#038;utm_content=Kinship\" target=\"_self\">Verwandtschaft<\/a><\/h4><figure itemscope itemtype=\"https:\/\/schema.org\/ImageObject\">\n\t\t\t\t<a href=\"\/de\/ressourcen\/kinder-familien\/verwandtschaftspflege\/?utm_source=Home&#038;utm_medium=Referral&#038;utm_campaign=211Resources&#038;utm_content=Kinship\"  target=\"_self\" itemprop=\"url\">\n\t\t\t\t<img decoding=\"async\" src=\"https:\/\/211md.org\/wp-content\/uploads\/bb-plugin\/cache\/2025_211_Icon-Sets_Kinship-square-45bdf872866f5735f842c32071109267-.png\" alt=\"Verwandtschaftssymbol\" height=\"417\" width=\"417\" title=\"2025_211_Icon Sets_Verwandtschaft\" onerror=\"this.style.display='none'\" loading=\"lazy\" \/>\n\t\t\t\t<\/a>\n\t<\/figure>\n\t\t<h4><a href=\"\/de\/ressourcen\/rechtsberatung\/?utm_source=Home&#038;utm_medium=Referral&#038;utm_campaign=211Resources&#038;utm_content=Legal\" target=\"_self\">Rechtsberatung<\/a><\/h4><figure itemscope itemtype=\"https:\/\/schema.org\/ImageObject\">\n\t\t\t\t<a href=\"\/de\/ressourcen\/rechtsberatung\/?utm_source=Home&#038;utm_medium=Referral&#038;utm_campaign=211Resources&#038;utm_content=Legal\"  target=\"_self\" itemprop=\"url\">\n\t\t\t\t<img decoding=\"async\" src=\"https:\/\/211md.org\/wp-content\/uploads\/bb-plugin\/cache\/2025_MdInfoNet_Icon-Sets_Legal-square-18fdf438feb8435588174d9046463257-.png\" alt=\"\" onerror=\"this.style.display='none'\" loading=\"lazy\" \/>\n\t\t\t\t<\/a>\n\t<\/figure>\n\t\t<h4><a href=\"\/de\/ressourcen\/psychische-gesundheit\/?utm_source=Home&#038;utm_medium=Referral&#038;utm_campaign=211Resources&#038;utm_content=Mental\" target=\"_self\">Psychische Gesundheit<\/a><\/h4><figure itemscope itemtype=\"https:\/\/schema.org\/ImageObject\">\n\t\t\t\t<a href=\"\/de\/ressourcen\/psychische-gesundheit\/?utm_source=Home&#038;utm_medium=Referral&#038;utm_campaign=211Resources&#038;utm_content=Mental\"  target=\"_self\" itemprop=\"url\">\n\t\t\t\t<img decoding=\"async\" src=\"https:\/\/211md.org\/wp-content\/uploads\/bb-plugin\/cache\/2025_MdInfoNet_Icon-Sets_Mental-Health-square-c59b38c4a993a947d4c9280fbe2d2fee-.png\" alt=\"\" onerror=\"this.style.display='none'\" loading=\"lazy\" \/>\n\t\t\t\t<\/a>\n\t<\/figure>\n\t\t<h4><a href=\"\/de\/ressourcen\/mdreentry\/?utm_source=Home&#038;utm_medium=Referral&#038;utm_campaign=211Resources&#038;utm_content=Reentry\" target=\"_self\">Wiedereintritt<\/a><\/h4><figure itemscope itemtype=\"https:\/\/schema.org\/ImageObject\">\n\t\t\t\t<a href=\"\/de\/ressourcen\/mdreentry\/?utm_source=Home&#038;utm_medium=Referral&#038;utm_campaign=211Resources&#038;utm_content=Reentry\"  target=\"_self\" itemprop=\"url\">\n\t\t\t\t<img decoding=\"async\" src=\"https:\/\/211md.org\/wp-content\/uploads\/bb-plugin\/cache\/2025_211_Icon-Sets_Reentry-square-8676fea38abd920a832f45642fe31cca-.png\" alt=\"Symbol \u201eWiedereintritt\u201c\" height=\"417\" width=\"417\" title=\"2025_211_Icon Sets_Wiedereintritt\" onerror=\"this.style.display='none'\" loading=\"lazy\" \/>\n\t\t\t\t<\/a>\n\t<\/figure>\n\t\t<h4><a href=\"\/de\/ressourcen\/substanzgebrauch\/?utm_source=Home&#038;utm_medium=Referral&#038;utm_campaign=211Resources&#038;utm_content=Substance\" target=\"_self\">Substanzgebrauch<\/a><\/h4><figure itemscope itemtype=\"https:\/\/schema.org\/ImageObject\">\n\t\t\t\t<a href=\"\/de\/ressourcen\/substanzgebrauch\/?utm_source=Home&#038;utm_medium=Referral&#038;utm_campaign=211Resources&#038;utm_content=Substance\"  target=\"_self\" itemprop=\"url\">\n\t\t\t\t<img decoding=\"async\" src=\"https:\/\/211md.org\/wp-content\/uploads\/bb-plugin\/cache\/2025_MdInfoNet_Icon-Sets_Substance-Abuse-square-4f414f085e657267739c181957754f48-.png\" alt=\"Pills for substance Use icon\" title=\"2025_MdInfoNet_Icon-Sets_Substance-Abuse\" onerror=\"this.style.display='none'\" loading=\"lazy\" \/>\n\t\t\t\t<\/a>\n\t<\/figure>\n\t\t<h4><a href=\"\/de\/ressourcen\/veteranen\/?utm_source=Home&#038;utm_medium=Referral&#038;utm_campaign=211Resources&#038;utm_content=Veterans\" target=\"_self\">Veteranen<\/a><\/h4><figure itemscope itemtype=\"https:\/\/schema.org\/ImageObject\">\n\t\t\t\t<a href=\"\/de\/ressourcen\/veteranen\/?utm_source=Home&#038;utm_medium=Referral&#038;utm_campaign=211Resources&#038;utm_content=Veterans\"  target=\"_self\" itemprop=\"url\">\n\t\t\t\t<img decoding=\"async\" src=\"https:\/\/211md.org\/wp-content\/uploads\/bb-plugin\/cache\/2025_MdInfoNet_Icon-Sets_Rating-square-6e60d00cce4faa8e0a6d4ad7366aa733-.png\" alt=\"\" onerror=\"this.style.display='none'\" loading=\"lazy\" \/>\n\t\t\t\t<\/a>\n\t<\/figure>\n\t<h2>Finden Sie die richtigen Ressourcen<\/h2>\n<p>Wie k\u00f6nnen wir Ihnen heute helfen?<\/p>\n\t<meta name=\"algolia-site-verification\"  content=\"577A0FE2E1B79863\" \/>","protected":false},"excerpt":{"rendered":"<p>Do you have a medical expense that you can&#8217;t afford? You are not alone. Maryland and national organizations may be able to help offset some of your medical costs, mediate billing disputes or care denial, or provide free medical equipment. Get Started Talk to Your Provider about Your Bill Talk with your healthcare provider about&hellip;<\/p>","protected":false},"author":8,"featured_media":2079,"parent":838,"menu_order":0,"comment_status":"closed","ping_status":"closed","template":"","meta":{"footnotes":""},"class_list":["post-1104","page","type-page","status-publish","has-post-thumbnail","hentry"],"_links":{"self":[{"href":"https:\/\/211md.org\/de\/wp-json\/wp\/v2\/pages\/1104","targetHints":{"allow":["GET"]}}],"collection":[{"href":"https:\/\/211md.org\/de\/wp-json\/wp\/v2\/pages"}],"about":[{"href":"https:\/\/211md.org\/de\/wp-json\/wp\/v2\/types\/page"}],"author":[{"embeddable":true,"href":"https:\/\/211md.org\/de\/wp-json\/wp\/v2\/users\/8"}],"replies":[{"embeddable":true,"href":"https:\/\/211md.org\/de\/wp-json\/wp\/v2\/comments?post=1104"}],"version-history":[{"count":11,"href":"https:\/\/211md.org\/de\/wp-json\/wp\/v2\/pages\/1104\/revisions"}],"predecessor-version":[{"id":34610,"href":"https:\/\/211md.org\/de\/wp-json\/wp\/v2\/pages\/1104\/revisions\/34610"}],"up":[{"embeddable":true,"href":"https:\/\/211md.org\/de\/wp-json\/wp\/v2\/pages\/838"}],"wp:featuredmedia":[{"embeddable":true,"href":"https:\/\/211md.org\/de\/wp-json\/wp\/v2\/media\/2079"}],"wp:attachment":[{"href":"https:\/\/211md.org\/de\/wp-json\/wp\/v2\/media?parent=1104"}],"curies":[{"name":"wp","href":"https:\/\/api.w.org\/{rel}","templated":true}]}}