{"id":1105,"date":"2021-04-19T14:42:46","date_gmt":"2021-04-19T14:42:46","guid":{"rendered":"https:\/\/211md.org\/?page_id=1105"},"modified":"2025-10-03T22:52:11","modified_gmt":"2025-10-04T02:52:11","slug":"rezepte","status":"publish","type":"page","link":"https:\/\/211md.org\/de\/resources\/health-care\/prescriptions\/","title":{"rendered":"Rezepte"},"content":{"rendered":"<p>Wenn Sie Hilfe beim Ausf\u00fcllen eines Rezepts ben\u00f6tigen, gibt es staatliche, pharmazeutische Patientenhilfsprogramme und lokale gemeinn\u00fctzige Gruppen, die die Kosten f\u00fcr Medikamente senken k\u00f6nnen. W\u00e4hlen Sie 211, um die beste Ressource f\u00fcr Ihre Situation zu finden.<\/p>\n<p>Du kannst auch&nbsp;<a href=\"https:\/\/search.211md.org\/search?query=prescription+medication&amp;query_type=text&amp;query_language=en\" target=\"_blank\" rel=\"noopener\">Finden Sie Hilfsprogramme f\u00fcr verschreibungspflichtige Medikamente in der 211-Datenbank<\/a>.<\/p>\n\t<h3><b>Rabatte auf Medikamente<\/b><\/h3>\n<p>Die Maryland Rx Card ist ein kostenloses Rabattprogramm, das Medikamentenrabatte in teilnehmenden Apotheken bietet.<\/p>\n<p>Es gibt keine Einschreibegeb\u00fchren, Zulassungsvoraussetzungen und keine Formulare zum Ausf\u00fcllen. Drucken, texten oder mailen Sie die Karten an sich selbst.&nbsp;<a href=\"https:\/\/marylandrxcard.com\/create\" target=\"_blank\" rel=\"noopener\">Holen Sie sich eine Maryland-Rx-Karte<\/a>.<\/p>\n<p>Es gibt auch andere Sparkarten f\u00fcr verschreibungspflichtige Medikamente, die in ganz Maryland erh\u00e4ltlich sind. Sprechen Sie mit Ihrem Arzt, Apotheker bzw&nbsp;<a href=\"https:\/\/search.211md.org\/search?query=prescription+medication&amp;query_type=text&amp;query_language=en\" target=\"_blank\" rel=\"noopener\">Suchen Sie in der 211 Maryland-Datenbank nach anderen Programmen<\/a>.<\/p>\n<p>Wenn Sie ein Senior sind, ist das Senior Prescription Drug Assistance Program (SPDAP) eine Subvention, die Einwohnern Marylands mit mittlerem Einkommen angeboten wird, die Anspruch auf Medicare haben und in einen Plan f\u00fcr verschreibungspflichtige Medikamente eingeschrieben sind.&nbsp;<a href=\"http:\/\/marylandspdap.com\/\" target=\"_blank\" rel=\"noopener\">Erfahren Sie mehr<\/a>&nbsp;\u00fcber die Qualifikationsrichtlinien f\u00fcr dieses Programm.<\/p>\n\t\t\t\t<img loading=\"lazy\" decoding=\"async\" src=\"https:\/\/211md.org\/wp-content\/uploads\/2021\/05\/Pharmacist.png\" alt=\"Apotheker, der Medikamente und ein Telefon h\u00e4lt\" itemprop=\"image\" height=\"348\" width=\"460\" title=\"Apotheker\" onerror=\"this.style.display='none'\">\n\t<h3><b>Patientenunterst\u00fctzungsprogramme finden&nbsp;<\/b><\/h3>\n<p>Weitere \u00f6ffentliche und private Hilfsprogramme finden Sie unter&nbsp;<a href=\"https:\/\/medicineassistancetool.org\/\" target=\"_blank\" rel=\"noopener\">Medizin-Assistenz-Tool<\/a>&nbsp;(MATTE). Das Tool bringt Patienten mit Ressourcen und Kostenteilungsprogrammen zusammen, die die Auslagen senken k\u00f6nnen, selbst wenn Sie versichert sind.<\/p>\n<p>Viele Pharmaunternehmen bieten nicht versicherten Personen, die sich ihre Medikamente nicht leisten k\u00f6nnen, kostenlose oder kosteng\u00fcnstige Medikamente an. F\u00fcr Qualifikationsrichtlinien m\u00fcssen Sie sich an jedes Patientenhilfsprogramm wenden.<\/p>\n<p>&nbsp;<\/p>\n<h3><b>Finanzielle Hilfe f\u00fcr Rezepte<\/b><\/h3>\n<p>Lokale Kirchen und gemeinn\u00fctzige Gruppen k\u00f6nnen m\u00f6glicherweise auch finanzielle Unterst\u00fctzung zur Deckung der Medikamentenkosten leisten. W\u00e4hlen Sie 211, um ein lokales Programm zu finden oder <a href=\"https:\/\/search.211md.org\/search?query=Financial%20Assistance%20Health%20Conditions&amp;query_type=text&amp;query_language=en\" target=\"_blank\" rel=\"noopener\">die Datenbank durchsuchen.<\/a><\/p>\n<h2>Verwandte Informationen<\/h2>\n<p><a href=\"\/de\/ressourcen\/gesundheitswesen\/medizin\/\">Medicare<\/a><\/p>\n<p><a href=\"\/de\/ressourcen\/gesundheitswesen\/drogenentsorgung\/\">Entsorgung verschreibungspflichtiger Medikamente in Maryland<\/a><\/p>\n<p><a title=\"Zahnpflege\" href=\"\/de\/ressourcen\/gesundheitswesen\/zahnpflege\/\">Zahnpflege<\/a><\/p>\n<p><a title=\"Rezepte\" href=\"\/de\/ressourcen\/gesundheitswesen\/rezepte\/\">Rezepte<\/a><\/p>\n<p><a href=\"\/de\/ressourcen\/gesundheitswesen\/medizin-2\/\">Medicaid<\/a><\/p>\n<p><a title=\"Krankenversicherung\" href=\"\/de\/ressourcen\/gesundheitswesen\/krankenversicherung\/\">Krankenversicherung<\/a><\/p>\n<p><a title=\"Unterst\u00fctzung bei medizinischen Kosten\" href=\"\/de\/ressourcen\/gesundheitswesen\/arztkostenhilfe\/\">Unterst\u00fctzung bei medizinischen Kosten<\/a><\/p>\n<h2>\n\t\tRessourcen finden\n\t<\/h2>\n\t\t\t\t<a href=\"\/de\/ressourcen\/alterungsbehinderung\/\" target=\"_self\" itemprop=\"url\" rel=\"noopener\">\n\t\t\t\t<img loading=\"lazy\" decoding=\"async\" src=\"https:\/\/211md.org\/wp-content\/uploads\/bb-plugin\/cache\/Mask-Group-41@2x-circle-73eaadba4cad8269faa4720e25cf1c85-.png\" alt=\"Die F\u00fc\u00dfe einer \u00e4lteren Frau und einer j\u00fcngeren Frau, die zusammen gehen\" itemprop=\"image\" height=\"500\" width=\"500\" title=\"Behindertendienste\" onerror=\"this.style.display='none'\">\n\t\t\t\t<\/a>\n\t\t<h3><a href=\"\/de\/ressourcen\/alterungsbehinderung\/\" target=\"_self\" rel=\"noopener\">Alter &amp; Behinderung<\/a><\/h3>\t\t\n\t\t\t\t<a href=\"\/de\/ressourcen\/kinder-familien\/\" target=\"_self\" itemprop=\"url\" rel=\"noopener\">\n\t\t\t\t<img loading=\"lazy\" decoding=\"async\" src=\"https:\/\/211md.org\/wp-content\/uploads\/bb-plugin\/cache\/Mask-Group-38@2x-circle-ac40d46265fbec62083cd27f6dcf23b0-.png\" alt=\"Ein kleiner Junge und ein M\u00e4dchen l\u00e4cheln und schauen in die Kamera\" itemprop=\"image\" height=\"500\" width=\"500\" title=\"Maskengruppe 38@2x\" onerror=\"this.style.display='none'\">\n\t\t\t\t<\/a>\n\t\t<h3><a href=\"\/de\/ressourcen\/kinder-familien\/\" target=\"_self\" rel=\"noopener\">Kinder &amp; Familien<\/a><\/h3>\t\t\n\t\t\t\t<a href=\"\/de\/ressourcen\/covid-19-ressourcenzentrum\/\" target=\"_self\" itemprop=\"url\" rel=\"noopener\">\n\t\t\t\t<img loading=\"lazy\" decoding=\"async\" src=\"https:\/\/211md.org\/wp-content\/uploads\/bb-plugin\/cache\/Mask-Group-35-circle-1d65595bca7a4e0f07d3d14ca4f42835-.png\" alt=\"Ein Mann und eine Frau sto\u00dfen sich mit dem Ellbogen an\" itemprop=\"image\" height=\"500\" width=\"500\" title=\"Maskengruppe 35\" onerror=\"this.style.display='none'\">\n\t\t\t\t<\/a>\n\t\t<h3><a href=\"\/de\/ressourcen\/covid-19-ressourcenzentrum\/\" target=\"_self\" rel=\"noopener\">COVID-19-Ressourcen<\/a><\/h3>\t\t\n\t\t\t\t<a href=\"\/de\/ressourcen\/hausliche-familiare-gewalt\/\" target=\"_self\" itemprop=\"url\" rel=\"noopener\">\n\t\t\t\t<img loading=\"lazy\" decoding=\"async\" src=\"https:\/\/211md.org\/wp-content\/uploads\/bb-plugin\/cache\/Mask-Group-39@2x-circle-b2589197a13c791d910f46dd10b27a87-.png\" alt=\"Zwei Paar H\u00e4nde, die sich halten\" itemprop=\"image\" height=\"500\" width=\"500\" title=\"Maskengruppe 39@2x\" onerror=\"this.style.display='none'\">\n\t\t\t\t<\/a>\n\t\t<h3><a href=\"\/de\/ressourcen\/hausliche-familiare-gewalt\/\" target=\"_self\" rel=\"noopener\">H\u00e4usliche\/famili\u00e4re Gewalt<\/a><\/h3>\t\t\n\t\t\t\t<a href=\"\/de\/ressourcen\/arbeitssuche\/\" target=\"_self\" itemprop=\"url\" rel=\"noopener\">\n\t\t\t\t<img loading=\"lazy\" decoding=\"async\" src=\"https:\/\/211md.org\/wp-content\/uploads\/bb-plugin\/cache\/Employment-circle-bf72562329e950df948954f5d3f44b2e-.png\" alt=\"Ein Automechaniker\" itemprop=\"image\" height=\"500\" width=\"500\" title=\"Besch\u00e4ftigung\" onerror=\"this.style.display='none'\">\n\t\t\t\t<\/a>\n\t\t<h3><a href=\"\/de\/ressourcen\/arbeitssuche\/\" target=\"_self\" rel=\"noopener\">Besch\u00e4ftigung<\/a><\/h3>\t\t\n\t\t\t\t<a href=\"\/de\/ressourcen\/gesundheitswesen\/\" target=\"_self\" itemprop=\"url\" rel=\"noopener\">\n\t\t\t\t<img loading=\"lazy\" decoding=\"async\" src=\"https:\/\/211md.org\/wp-content\/uploads\/bb-plugin\/cache\/Mask-Group-35@2x-circle-94be10c13e4adae1683b4589dc2f5b2f-.png\" alt=\"Doktor, der Jungenbein betrachtet\" itemprop=\"image\" height=\"500\" width=\"500\" title=\"Maskengruppe 35@2x\" onerror=\"this.style.display='none'\">\n\t\t\t\t<\/a>\n\t\t<h3><a href=\"\/de\/ressourcen\/gesundheitswesen\/\" target=\"_self\" rel=\"noopener\">Gesundheitsvorsorge<\/a><\/h3>\t\t\n\t\t\t\t<a href=\"\/de\/ressourcen\/lebensmittel\/\" target=\"_self\" itemprop=\"url\" rel=\"noopener\">\n\t\t\t\t<img loading=\"lazy\" decoding=\"async\" src=\"https:\/\/211md.org\/wp-content\/uploads\/bb-plugin\/cache\/Mask-Group-32@2x-circle-1c6d647dcaf998fa079d26735cedc92b-.png\" alt=\"Frisches Gem\u00fcse\" itemprop=\"image\" height=\"500\" width=\"500\" title=\"Maskengruppe 32@2x\" onerror=\"this.style.display='none'\">\n\t\t\t\t<\/a>\n\t\t<h3><a href=\"\/de\/ressourcen\/lebensmittel\/\" target=\"_self\" rel=\"noopener\">Essen<\/a><\/h3>\t\t\n\t\t\t\t<a href=\"\/de\/ressourcen\/gehause-unterkunft\/\" target=\"_self\" itemprop=\"url\" rel=\"noopener\">\n\t\t\t\t<img loading=\"lazy\" decoding=\"async\" src=\"https:\/\/211md.org\/wp-content\/uploads\/bb-plugin\/cache\/Mask-Group-34@2x-circle-b99c55fc16ef21f35e2f2a1f7cc37b9a-.png\" alt=\"Apartmentkomplex Balkon\" itemprop=\"image\" height=\"500\" width=\"500\" title=\"Wohnung-Komplex\" onerror=\"this.style.display='none'\">\n\t\t\t\t<\/a>\n\t\t<h3><a href=\"\/de\/ressourcen\/gehause-unterkunft\/\" target=\"_self\" rel=\"noopener\">Wohnen &amp; Obdach<\/a><\/h3>\t\t\n\t\t\t\t<a href=\"\/de\/neu-in-den-usa-und-maryland\/\" target=\"_self\" itemprop=\"url\" rel=\"noopener\">\n\t\t\t\t<img loading=\"lazy\" decoding=\"async\" src=\"https:\/\/211md.org\/wp-content\/uploads\/bb-plugin\/cache\/American-flag-circle-0016cc327e27ef7aeb080f1da6c6e98b-.jpg\" alt=\"amerikanische Flagge\" itemprop=\"image\" height=\"364\" width=\"1366\" title=\"Amerikanische Flagge\" onerror=\"this.style.display='none'\">\n\t\t\t\t<\/a>\n\t\t<h3><a href=\"\/de\/neu-in-den-usa-und-maryland\/\" target=\"_self\" rel=\"noopener\">Einwanderung<\/a><\/h3>\t\t\n\t\t\t\t<a href=\"\/de\/ressourcen\/rechtsberatung\/\" target=\"_self\" itemprop=\"url\" rel=\"noopener\">\n\t\t\t\t<img loading=\"lazy\" decoding=\"async\" src=\"https:\/\/211md.org\/wp-content\/uploads\/bb-plugin\/cache\/Housing-Legal-circle-9a8f3c1c72c54b6e1ce612d2993c1ad4-.png\" alt=\"Rechtshammer mit einem Plastikmodell eines Hauses daneben\" itemprop=\"image\" height=\"348\" width=\"460\" title=\"Wohnungsrecht\" onerror=\"this.style.display='none'\">\n\t\t\t\t<\/a>\n\t\t<h3><a href=\"\/de\/ressourcen\/rechtsberatung\/\" target=\"_self\" rel=\"noopener\">Rechtsberatung<\/a><\/h3>\t\t\n\t\t\t\t<a href=\"\/de\/ressourcen\/psychische-gesundheit\/\" target=\"_self\" itemprop=\"url\" rel=\"noopener\">\n\t\t\t\t<img loading=\"lazy\" decoding=\"async\" src=\"https:\/\/211md.org\/wp-content\/uploads\/bb-plugin\/cache\/Mask-Group-40@2x-circle-7bd9426367852fb3d841bc4bdc57a550-.png\" alt=\"Die Profile eines Mannes und einer Frau\" itemprop=\"image\" height=\"500\" width=\"500\" title=\"Maskengruppe 40@2x\" onerror=\"this.style.display='none'\">\n\t\t\t\t<\/a>\n\t\t<h3><a href=\"\/de\/ressourcen\/psychische-gesundheit\/\" target=\"_self\" rel=\"noopener\">Psychische Gesundheit<\/a><\/h3>\t\t\n\t\t\t\t<a href=\"\/de\/stoppen\/\" target=\"_self\" itemprop=\"url\" rel=\"noopener\">\n\t\t\t\t<img loading=\"lazy\" decoding=\"async\" src=\"https:\/\/211md.org\/wp-content\/uploads\/bb-plugin\/cache\/Background-section-MDStophate-circle-08e2bae1cf9f2ad6cc83e01e23da8cb9-.jpg\" alt=\"Hintergrund-Abschnitt-MDStophate\" itemprop=\"image\" height=\"768\" width=\"1366\" title=\"Hintergrund-Abschnitt-MDStophate\" onerror=\"this.style.display='none'\">\n\t\t\t\t<\/a>\n\t\t<h3><a href=\"\/de\/stoppen\/\" target=\"_self\" rel=\"noopener\">Stoppen Sie Hass<\/a><\/h3>\t\t\n\t\t\t\t<a href=\"\/de\/ressourcen\/substanzgebrauch\/\" target=\"_self\" itemprop=\"url\" rel=\"noopener\">\n\t\t\t\t<img loading=\"lazy\" decoding=\"async\" src=\"https:\/\/211md.org\/wp-content\/uploads\/bb-plugin\/cache\/Substance-Use-circle-ad2d564932dc31267e0c32a6fb2d915c-.png\" alt=\"Hand zerschlagende Pillen\" itemprop=\"image\" height=\"500\" width=\"500\" title=\"Substanzgebrauch\" onerror=\"this.style.display='none'\">\n\t\t\t\t<\/a>\n\t\t<h3><a href=\"\/de\/ressourcen\/substanzgebrauch\/\" target=\"_self\" rel=\"noopener\">Substanzgebrauch<\/a><\/h3>\t\t\n\t\t\t\t<a href=\"\/de\/ressourcen\/steuerdienstleistungen\/\" target=\"_self\" itemprop=\"url\" rel=\"noopener\">\n\t\t\t\t<img loading=\"lazy\" decoding=\"async\" src=\"https:\/\/211md.org\/wp-content\/uploads\/bb-plugin\/cache\/Mask-Group-34-circle-166a606e37e61188c9a17d5e634cda3c-.png\" alt=\"Person, die Einkommensteuerunterlagen ausf\u00fcllt\" itemprop=\"image\" height=\"500\" width=\"500\" title=\"Maskengruppe 34\" onerror=\"this.style.display='none'\">\n\t\t\t\t<\/a>\n\t\t<h3><a href=\"\/de\/ressourcen\/steuerdienstleistungen\/\" target=\"_self\" rel=\"noopener\">Steuerliche Dienstleistungen<\/a><\/h3>\t\t\n\t\t\t\t<a href=\"\/de\/ressourcen\/utility-unterstutzung\/\" target=\"_self\" itemprop=\"url\" rel=\"noopener\">\n\t\t\t\t<img loading=\"lazy\" decoding=\"async\" src=\"https:\/\/211md.org\/wp-content\/uploads\/bb-plugin\/cache\/Mask-Group-37@2x-circle-9661a11b9c4082079c9a1f06bc539567-.png\" alt=\"Eine leuchtende Gl\u00fchbirne\" itemprop=\"image\" height=\"500\" width=\"500\" title=\"Maskengruppe 37@2x\" onerror=\"this.style.display='none'\">\n\t\t\t\t<\/a>\n\t\t<h3><a href=\"\/de\/ressourcen\/utility-unterstutzung\/\" target=\"_self\" rel=\"noopener\">Utility-Unterst\u00fctzung<\/a><\/h3>\t\t\n\t\t\t\t<a href=\"\/de\/ressourcen\/veteranen\/\" target=\"_self\" itemprop=\"url\" rel=\"noopener\">\n\t\t\t\t<img loading=\"lazy\" decoding=\"async\" src=\"https:\/\/211md.org\/wp-content\/uploads\/bb-plugin\/cache\/Veterans-circle-b5b2b017288a5af0f61a41d0f31d0f82-.png\" alt=\"Ein Soldat, der jemandem die Hand sch\u00fcttelt und l\u00e4chelt\" itemprop=\"image\" height=\"500\" width=\"500\" title=\"Veteranen\" onerror=\"this.style.display='none'\">\n\t\t\t\t<\/a>\n\t\t<h3><a href=\"\/de\/ressourcen\/veteranen\/\" target=\"_self\" rel=\"noopener\">Veteranen<\/a><\/h3>","protected":false},"excerpt":{"rendered":"<p>Wenn Sie Hilfe beim Ausf\u00fcllen eines Rezepts ben\u00f6tigen, gibt es staatliche, pharmazeutische Patientenhilfsprogramme und lokale gemeinn\u00fctzige Gruppen, die die Kosten f\u00fcr Medikamente senken k\u00f6nnen. W\u00e4hlen Sie 211, um die beste Ressource f\u00fcr Ihre Situation zu finden. In der 211-Datenbank finden Sie auch Hilfsprogramme f\u00fcr verschreibungspflichtige Medikamente. Erm\u00e4\u00dfigungen auf Medikamente Die Maryland Rx Card ist eine kostenlose\u2026<\/p>","protected":false},"author":8,"featured_media":1119,"parent":838,"menu_order":0,"comment_status":"closed","ping_status":"closed","template":"","meta":{"footnotes":""},"class_list":["post-1105","page","type-page","status-publish","has-post-thumbnail","hentry"],"_links":{"self":[{"href":"https:\/\/211md.org\/de\/wp-json\/wp\/v2\/pages\/1105","targetHints":{"allow":["GET"]}}],"collection":[{"href":"https:\/\/211md.org\/de\/wp-json\/wp\/v2\/pages"}],"about":[{"href":"https:\/\/211md.org\/de\/wp-json\/wp\/v2\/types\/page"}],"author":[{"embeddable":true,"href":"https:\/\/211md.org\/de\/wp-json\/wp\/v2\/users\/8"}],"replies":[{"embeddable":true,"href":"https:\/\/211md.org\/de\/wp-json\/wp\/v2\/comments?post=1105"}],"version-history":[{"count":1,"href":"https:\/\/211md.org\/de\/wp-json\/wp\/v2\/pages\/1105\/revisions"}],"predecessor-version":[{"id":33910,"href":"https:\/\/211md.org\/de\/wp-json\/wp\/v2\/pages\/1105\/revisions\/33910"}],"up":[{"embeddable":true,"href":"https:\/\/211md.org\/de\/wp-json\/wp\/v2\/pages\/838"}],"wp:featuredmedia":[{"embeddable":true,"href":"https:\/\/211md.org\/de\/wp-json\/wp\/v2\/media\/1119"}],"wp:attachment":[{"href":"https:\/\/211md.org\/de\/wp-json\/wp\/v2\/media?parent=1105"}],"curies":[{"name":"wp","href":"https:\/\/api.w.org\/{rel}","templated":true}]}}