{"id":1115,"date":"2021-04-19T16:17:02","date_gmt":"2021-04-19T16:17:02","guid":{"rendered":"https:\/\/211md.org\/?page_id=1115"},"modified":"2024-12-20T12:32:06","modified_gmt":"2024-12-20T17:32:06","slug":"mieterrechte","status":"publish","type":"page","link":"https:\/\/211md.org\/de\/resources\/legal-services\/tenants-rights\/","title":{"rendered":"Wie Mieter\/Mieter Hilfe bei Vermieterstreitigkeiten erhalten k\u00f6nnen"},"content":{"rendered":"<img loading=\"lazy\" decoding=\"async\" src=\"https:\/\/211md.org\/wp-content\/uploads\/2021\/05\/Key-Handoff.png\" alt=\"Schl\u00fcssel\u00fcbergabe durch den Vermieter an den Mieter\" itemprop=\"image\" height=\"348\" width=\"460\" title=\"Schl\u00fcssel\u00fcbergabe\" onerror=\"this.style.display='none'\"  \/>\n\t<p>Streitigkeiten zwischen Vermieter und Mieter geh\u00f6ren zu den h\u00e4ufigsten Beschwerden bei der Generalstaatsanwaltschaft von Maryland. Als Mieter stehen Ihnen nach dem Gesetz von Maryland bestimmte Rechte, Pflichten und Rechtsmittel zur Verf\u00fcgung. M\u00f6glicherweise gibt es auch \u00f6rtliche Schutzma\u00dfnahmen oder leicht unterschiedliche Verfahren zur Beilegung eines Vermieterstreits.<\/p>\n<h2>Typische Vermieter-Mieter-Streitigkeiten<\/h2>\n<p>Mieter und Vermieter k\u00f6nnen unterschiedlicher Meinung sein \u00fcber:<\/p>\n<ul>\n<li>Anmeldegeb\u00fchren<\/li>\n<li>Mietvertr\u00e4ge<\/li>\n<li>mieten<\/li>\n<li>Kautionen<\/li>\n<li>das Recht auf Besitz<\/li>\n<li>Mietvertragsverl\u00e4ngerungen<\/li>\n<li>einen Mietvertrag k\u00fcndigen<\/li>\n<li>Miet-Treuhandkonto<\/li>\n<li>Unterlassene Reparaturen<\/li>\n<li>Vergeltungsma\u00dfnahmen des Vermieters<\/li>\n<li>Gefahren durch bleihaltige Farbe<\/li>\n<li>Vertreibung<\/li>\n<\/ul>\n<p><a href=\"https:\/\/www.marylandattorneygeneral.gov\/CPD%20Documents\/Tips-Publications\/landlordTenantPDF.pdf\" target=\"_blank\" rel=\"noopener\"><strong>Dieser Leitfaden f\u00fcr Generalstaatsanw\u00e4lte<\/strong><\/a> bietet Tipps zur Vermeidung und Bew\u00e4ltigung h\u00e4ufiger Streitigkeiten. Es enth\u00e4lt g\u00e4ngige Szenarien und bietet m\u00f6gliche M\u00f6glichkeiten, mit der Situation umzugehen.<\/p>\n<h2>So gehen Sie bei unsicheren Wohnungs- und Mietreparaturen vor<\/h2>\n<p>Liegt in der Wohnung oder im Mietshaus ein schwerwiegender oder gef\u00e4hrlicher Mangel vor, stehen dem Mieter bestimmte Rechte zu, denn dem Vermieter obliegen gesetzliche Pflichten.<\/p>\n<p>M\u00f6glicherweise k\u00f6nnen Sie:<\/p>\n<ul>\n<li>Verwenden Sie ein Treuhandkonto, wenn dies vom Bezirksgericht eingerichtet wurde.<\/li>\n<li>Erwirken Sie eine einstweilige Verf\u00fcgung.<\/li>\n<\/ul>\n<h4>Treuhandkonto<\/h4>\n<p>Wenn das Bezirksgericht ein Treuhandkonto einrichtet, hinterlegen Sie Mietgeld, anstatt jeden Monat Miete an den Vermieter zu zahlen. Es gibt jedoch bestimmte Bedingungen und K\u00fcndigungsfristen, unter denen Sie das Treuhandkonto nutzen k\u00f6nnen.<\/p>\n<p>W\u00e4hrend das Gericht entscheidet, ob eine Situation ein Treuhandkonto rechtfertigt, wird es normalerweise bei schwerwiegenden und gef\u00e4hrlichen M\u00e4ngeln verwendet. Dies kann unter anderem Folgendes umfassen:<\/p>\n<ul>\n<li>Nagetierbefall in zwei oder mehr Einheiten<\/li>\n<li>Gefahr durch bleihaltige Farbe<\/li>\n<li>Mangel an ausreichender Abwasserentsorgung<\/li>\n<li>Mangel an W\u00e4rme, Licht, Strom oder Wasser, wenn der Vermieter f\u00fcr die Aufrechterhaltung verantwortlich ist.<\/li>\n<\/ul>\n<p>Nicht abgedeckt sind fehlende Klimaanlage, normaler Verschlei\u00df oder andere ungef\u00e4hrliche Verst\u00f6\u00dfe gegen die Wohnordnung.<\/p>\n<h4>Einstweilige Verf\u00fcgung<\/h4>\n<p>Eine einstweilige Verf\u00fcgung kann eine weitere M\u00f6glichkeit sein. Das ist ein Antrag auf gerichtliche Anordnung des Vermieters, die betreffenden Zust\u00e4nde zu reparieren oder zu beheben.<\/p>\n<p>Weitere Informationen, einschlie\u00dflich des detaillierten Verfahrens zur Mitteilung und Einreichung beim Gericht, finden Sie unter\u00a0<a href=\"https:\/\/mvlslaw.org\/wp-content\/uploads\/2018\/09\/Unsafe-Housing-Conditions-Remedies.pdf\" target=\"_blank\" rel=\"noopener\">Freiwilliger Anwaltsdienst in Maryland<\/a>\u00a0Datenblatt.<\/p>\n<h2><b>Hilfe bekommen<\/b><\/h2>\n<p>Halten Sie Streitigkeiten grunds\u00e4tzlich schriftlich fest und machen Sie, wenn m\u00f6glich, Fotos, damit Sie eine Papierspur haben.<\/p>\n<p>Die\u00a0<a href=\"https:\/\/www.peoples-law.org\/cat\/landlord-tenant\" target=\"_blank\" rel=\"noopener\">Volksrechtsbibliothek von Maryland<\/a>\u00a0hat auch mehrere Vermieter\/Mieter-Leitf\u00e4den und Informationen \u00fcber Kautionen, R\u00e4umungen und Nichtzahlung von Miete, Nebenkosten und Wohnungsschutz f\u00fcr <a href=\"https:\/\/211md.org\/de\/ressourcen\/hausliche-familiare-gewalt\/\">Opfer h\u00e4uslicher Gewalt<\/a>.<\/p>\n<p>\u00dcber das Maryland Court Help Center k\u00f6nnen Sie auch kostenlos mit einem Anwalt \u00fcber Ihre zivilrechtliche Angelegenheit sprechen. Rufen Sie w\u00e4hrend der Gesch\u00e4ftszeiten 410-260-1392 an. Weitere Informationen zu dieser Ressource finden Sie unter\u00a0<a href=\"https:\/\/www.peoples-law.org\/\" target=\"_blank\" rel=\"noopener\">Die Volksrechtsbibliothek von Maryland<\/a>.<\/p>\n<p>Wenn Sie einen Streit haben, k\u00f6nnen Sie m\u00f6glicherweise Unterst\u00fctzung von der Mediation Unit des Maryland Office of the Attorney General erhalten. Sie helfen bei der L\u00f6sung von Streitigkeiten zwischen Vermieter und Mieter. Sie k\u00f6nnen eine einreichen\u00a0<a href=\"https:\/\/web.oag.state.md.us\/editor\/customer\/onlineformhelpers\/formviewer.aspx?filename=landlordtenant.htm\" target=\"_blank\" rel=\"noopener\">Vermieter-\/Mieterbeschwerde online<\/a>\u00a0oder\u00a0<a href=\"https:\/\/www.marylandattorneygeneral.gov\/Pages\/contactus.aspx\" target=\"_blank\" rel=\"noopener\">Rufen Sie den Generalstaatsanwalt von Maryland an.<\/a><\/p>\n<p>Das Vorstehende ist keine Rechtsberatung, und Sie sollten einen Anwalt um Hilfe in Bezug auf Ihren konkreten Vermieter-\/Mieterstreit bitten.<\/p>\n<h2>Verwandte Informationen<\/h2>\n<p><a title=\"Vermieter sein\" href=\"https:\/\/211md.org\/de\/ressourcen\/rechtsberatung\/vermieter-sein\/\">Vermieter sein<\/a><\/p>\n<p><a title=\"Kindesunterhalt\" href=\"https:\/\/211md.org\/de\/ressourcen\/rechtsberatung\/kindergeld\/\">Kindesunterhalt<\/a><\/p>\n<p><a title=\"Mieterrechte\" href=\"https:\/\/211md.org\/de\/ressourcen\/rechtsberatung\/mieterrechte\/\">Mieterrechte<\/a><\/p>\n<h2>\n\t\tRessourcen finden\n\t<\/h2>\n\t\t\t\t<a href=\"\/de\/ressourcen\/alterungsbehinderung\/\" target=\"_self\" itemprop=\"url\">\n\t\t\t\t<img loading=\"lazy\" decoding=\"async\" src=\"https:\/\/211md.org\/wp-content\/uploads\/bb-plugin\/cache\/Mask-Group-41@2x-circle-73eaadba4cad8269faa4720e25cf1c85-.png\" alt=\"Die F\u00fc\u00dfe einer \u00e4lteren Frau und einer j\u00fcngeren Frau, die zusammen gehen\" itemprop=\"image\" height=\"500\" width=\"500\" title=\"Behindertendienste\" onerror=\"this.style.display='none'\"  \/>\n\t\t\t\t<\/a>\n\t\t<h3><a href=\"\/de\/ressourcen\/alterungsbehinderung\/\" target=\"_self\">Alter &amp; Behinderung<\/a><\/h3>\t\n\t\t\t\t<a href=\"\/de\/ressourcen\/kinder-familien\/\" target=\"_self\" itemprop=\"url\">\n\t\t\t\t<img loading=\"lazy\" decoding=\"async\" src=\"https:\/\/211md.org\/wp-content\/uploads\/bb-plugin\/cache\/Mask-Group-38@2x-circle-ac40d46265fbec62083cd27f6dcf23b0-.png\" alt=\"Ein kleiner Junge und ein M\u00e4dchen l\u00e4cheln und schauen in die Kamera\" itemprop=\"image\" height=\"500\" width=\"500\" title=\"Maskengruppe 38@2x\" onerror=\"this.style.display='none'\"  \/>\n\t\t\t\t<\/a>\n\t\t<h3><a href=\"\/de\/ressourcen\/kinder-familien\/\" target=\"_self\">Kinder &amp; Familien<\/a><\/h3>\t\n\t\t\t\t<a href=\"\/de\/ressourcen\/covid-19-ressourcenzentrum\/\" target=\"_self\" itemprop=\"url\">\n\t\t\t\t<img decoding=\"async\" src=\"https:\/\/211md.org\/wp-content\/uploads\/bb-plugin\/cache\/Data-Post-Image-COVID-circle-abdf7e097c6f7781a4f84df775b7857e-.png\" alt=\"Eine COVID-19-Zelle\" itemprop=\"image\" title=\"Datenbeitragsbild \u2013 COVID\" onerror=\"this.style.display='none'\"  \/>\n\t\t\t\t<\/a>\n\t\t<h3><a href=\"\/de\/ressourcen\/covid-19-ressourcenzentrum\/\" target=\"_self\">COVID<\/a><\/h3>\t\n\t\t\t\t<a href=\"\/de\/ressourcen\/hausliche-familiare-gewalt\/\" target=\"_self\" itemprop=\"url\">\n\t\t\t\t<img loading=\"lazy\" decoding=\"async\" src=\"https:\/\/211md.org\/wp-content\/uploads\/bb-plugin\/cache\/Mask-Group-39@2x-circle-b2589197a13c791d910f46dd10b27a87-.png\" alt=\"Zwei Paar H\u00e4nde, die sich halten\" itemprop=\"image\" height=\"500\" width=\"500\" title=\"Maskengruppe 39@2x\" onerror=\"this.style.display='none'\"  \/>\n\t\t\t\t<\/a>\n\t\t<h3><a href=\"\/de\/ressourcen\/hausliche-familiare-gewalt\/\" target=\"_self\">H\u00e4usliche\/famili\u00e4re Gewalt<\/a><\/h3>\t\n\t\t\t\t<a href=\"\/de\/ressourcen\/arbeitssuche\/\" target=\"_self\" itemprop=\"url\">\n\t\t\t\t<img loading=\"lazy\" decoding=\"async\" src=\"https:\/\/211md.org\/wp-content\/uploads\/bb-plugin\/cache\/Employment-circle-bf72562329e950df948954f5d3f44b2e-.png\" alt=\"Ein Automechaniker\" itemprop=\"image\" height=\"500\" width=\"500\" title=\"Besch\u00e4ftigung\" onerror=\"this.style.display='none'\"  \/>\n\t\t\t\t<\/a>\n\t\t<h3><a href=\"\/de\/ressourcen\/arbeitssuche\/\" target=\"_self\">Besch\u00e4ftigung<\/a><\/h3>\t\n\t\t\t\t<a href=\"\/de\/ressourcen\/gesundheitswesen\/\" target=\"_self\" itemprop=\"url\">\n\t\t\t\t<img loading=\"lazy\" decoding=\"async\" src=\"https:\/\/211md.org\/wp-content\/uploads\/bb-plugin\/cache\/Mask-Group-35@2x-circle-94be10c13e4adae1683b4589dc2f5b2f-.png\" alt=\"Doktor, der Jungenbein betrachtet\" itemprop=\"image\" height=\"500\" width=\"500\" title=\"Maskengruppe 35@2x\" onerror=\"this.style.display='none'\"  \/>\n\t\t\t\t<\/a>\n\t\t<h3><a href=\"\/de\/ressourcen\/gesundheitswesen\/\" target=\"_self\">Gesundheitsvorsorge<\/a><\/h3>\t\n\t\t\t\t<a href=\"\/de\/ressourcen\/lebensmittel\/\" target=\"_self\" itemprop=\"url\">\n\t\t\t\t<img loading=\"lazy\" decoding=\"async\" src=\"https:\/\/211md.org\/wp-content\/uploads\/bb-plugin\/cache\/Mask-Group-32@2x-circle-1c6d647dcaf998fa079d26735cedc92b-.png\" alt=\"Frisches Gem\u00fcse\" itemprop=\"image\" height=\"500\" width=\"500\" title=\"Maskengruppe 32@2x\" onerror=\"this.style.display='none'\"  \/>\n\t\t\t\t<\/a>\n\t\t<h3><a href=\"\/de\/ressourcen\/lebensmittel\/\" target=\"_self\">Essen<\/a><\/h3>\t\n\t\t\t\t<a href=\"\/de\/ressourcen\/gehause-unterkunft\/\" target=\"_self\" itemprop=\"url\">\n\t\t\t\t<img loading=\"lazy\" decoding=\"async\" src=\"https:\/\/211md.org\/wp-content\/uploads\/bb-plugin\/cache\/Mask-Group-34@2x-circle-b99c55fc16ef21f35e2f2a1f7cc37b9a-.png\" alt=\"Apartmentkomplex Balkon\" itemprop=\"image\" height=\"500\" width=\"500\" title=\"Wohnung-Komplex\" onerror=\"this.style.display='none'\"  \/>\n\t\t\t\t<\/a>\n\t\t<h3><a href=\"\/de\/ressourcen\/gehause-unterkunft\/\" target=\"_self\">Wohnen &amp; Obdach<\/a><\/h3>\t\n\t\t\t\t<a href=\"\/de\/ressourcen\/neu-in-den-usa-und-maryland\/\" target=\"_self\" itemprop=\"url\">\n\t\t\t\t<img loading=\"lazy\" decoding=\"async\" src=\"https:\/\/211md.org\/wp-content\/uploads\/bb-plugin\/cache\/American-flag-circle-0016cc327e27ef7aeb080f1da6c6e98b-.jpg\" alt=\"Neu in den Vereinigten Staaten\" itemprop=\"image\" height=\"364\" width=\"1366\" title=\"Amerikanische Flagge\" onerror=\"this.style.display='none'\"  \/>\n\t\t\t\t<\/a>\n\t\t<h3><a href=\"\/de\/ressourcen\/neu-in-den-usa-und-maryland\/\" target=\"_self\">Einwanderung<\/a><\/h3>\t\n\t\t\t\t<a href=\"\/de\/ressourcen\/kinder-familien\/verwandtschaftspflege\/\" target=\"_self\" itemprop=\"url\">\n\t\t\t\t<img decoding=\"async\" src=\"https:\/\/211md.org\/wp-content\/uploads\/bb-plugin\/cache\/kinship-family-navigating-a-computer-circle-045fee9d587aefb20221bfea41a2cf9b-.png\" alt=\"Verwandtschaftsfamilie, die einen Computer navigiert\" itemprop=\"image\" title=\"Verwandtschaftsfamilie, die einen Computer navigiert\" onerror=\"this.style.display='none'\"  \/>\n\t\t\t\t<\/a>\n\t\t<h3><a href=\"\/de\/ressourcen\/kinder-familien\/verwandtschaftspflege\/\" target=\"_self\">Verwandtschaft<\/a><\/h3>\t\n\t\t\t\t<a href=\"\/de\/ressourcen\/rechtsberatung\/\" target=\"_self\" itemprop=\"url\">\n\t\t\t\t<img loading=\"lazy\" decoding=\"async\" src=\"https:\/\/211md.org\/wp-content\/uploads\/bb-plugin\/cache\/Housing-Legal-circle-9a8f3c1c72c54b6e1ce612d2993c1ad4-.png\" alt=\"Rechtshammer mit einem Plastikmodell eines Hauses daneben\" itemprop=\"image\" height=\"348\" width=\"460\" title=\"Wohnungsrecht\" onerror=\"this.style.display='none'\"  \/>\n\t\t\t\t<\/a>\n\t\t<h3><a href=\"\/de\/ressourcen\/rechtsberatung\/\" target=\"_self\">Rechtsberatung<\/a><\/h3>\t\n\t\t\t\t<a href=\"\/de\/ressourcen\/psychische-gesundheit\/\" target=\"_self\" itemprop=\"url\">\n\t\t\t\t<img loading=\"lazy\" decoding=\"async\" src=\"https:\/\/211md.org\/wp-content\/uploads\/bb-plugin\/cache\/Mask-Group-40@2x-circle-7bd9426367852fb3d841bc4bdc57a550-.png\" alt=\"Die Profile eines Mannes und einer Frau\" itemprop=\"image\" height=\"500\" width=\"500\" title=\"Maskengruppe 40@2x\" onerror=\"this.style.display='none'\"  \/>\n\t\t\t\t<\/a>\n\t\t<h3><a href=\"\/de\/ressourcen\/psychische-gesundheit\/\" target=\"_self\">Psychische Gesundheit<\/a><\/h3>\t\n\t\t\t\t<a href=\"\/de\/ressourcen\/mdreentry\/\" target=\"_self\" itemprop=\"url\">\n\t\t\t\t<img loading=\"lazy\" decoding=\"async\" src=\"https:\/\/211md.org\/wp-content\/uploads\/bb-plugin\/cache\/Diverse-group-of-community-members-circle-4457c114cd48613bc79a0fb50060319c-.jpg\" alt=\"Vielf\u00e4ltige Gruppe von Community-Mitgliedern\" itemprop=\"image\" height=\"800\" width=\"1200\" title=\"Vielf\u00e4ltige Gruppe von Community-Mitgliedern\" onerror=\"this.style.display='none'\"  \/>\n\t\t\t\t<\/a>\n\t\t<h3><a href=\"\/de\/ressourcen\/mdreentry\/\" target=\"_self\">Wiedereintritt<\/a><\/h3>\t\n\t\t\t\t<a href=\"\/de\/stoppen\/\" target=\"_self\" itemprop=\"url\">\n\t\t\t\t<img loading=\"lazy\" decoding=\"async\" src=\"https:\/\/211md.org\/wp-content\/uploads\/bb-plugin\/cache\/Background-section-MDStophate-circle-08e2bae1cf9f2ad6cc83e01e23da8cb9-.jpg\" alt=\"Hintergrund-Abschnitt-MDStophate\" itemprop=\"image\" height=\"768\" width=\"1366\" title=\"Hintergrund-Abschnitt-MDStophate\" onerror=\"this.style.display='none'\"  \/>\n\t\t\t\t<\/a>\n\t\t<h3><a href=\"\/de\/stoppen\/\" target=\"_self\">Stoppen Sie Hass<\/a><\/h3>\t\n\t\t\t\t<a href=\"\/de\/ressourcen\/substanzgebrauch\/\" target=\"_self\" itemprop=\"url\">\n\t\t\t\t<img loading=\"lazy\" decoding=\"async\" src=\"https:\/\/211md.org\/wp-content\/uploads\/bb-plugin\/cache\/Substance-Use-circle-ad2d564932dc31267e0c32a6fb2d915c-.png\" alt=\"Hand zerschlagende Pillen\" itemprop=\"image\" height=\"500\" width=\"500\" title=\"Substanzgebrauch\" onerror=\"this.style.display='none'\"  \/>\n\t\t\t\t<\/a>\n\t\t<h3><a href=\"\/de\/ressourcen\/substanzgebrauch\/\" target=\"_self\">Substanzgebrauch<\/a><\/h3>\t\n\t\t\t\t<a href=\"\/de\/ressourcen\/steuerdienstleistungen\/\" target=\"_self\" itemprop=\"url\">\n\t\t\t\t<img loading=\"lazy\" decoding=\"async\" src=\"https:\/\/211md.org\/wp-content\/uploads\/bb-plugin\/cache\/Mask-Group-34-circle-166a606e37e61188c9a17d5e634cda3c-.png\" alt=\"Person, die Einkommensteuerunterlagen ausf\u00fcllt\" itemprop=\"image\" height=\"500\" width=\"500\" title=\"Maskengruppe 34\" onerror=\"this.style.display='none'\"  \/>\n\t\t\t\t<\/a>\n\t\t<h3><a href=\"\/de\/ressourcen\/steuerdienstleistungen\/\" target=\"_self\">Steuerliche Dienstleistungen<\/a><\/h3>\t\n\t\t\t\t<a href=\"\/de\/ressourcen\/utility-unterstutzung\/\" target=\"_self\" itemprop=\"url\">\n\t\t\t\t<img loading=\"lazy\" decoding=\"async\" src=\"https:\/\/211md.org\/wp-content\/uploads\/bb-plugin\/cache\/Mask-Group-37@2x-circle-9661a11b9c4082079c9a1f06bc539567-.png\" alt=\"Eine leuchtende Gl\u00fchbirne\" itemprop=\"image\" height=\"500\" width=\"500\" title=\"Maskengruppe 37@2x\" onerror=\"this.style.display='none'\"  \/>\n\t\t\t\t<\/a>\n\t\t<h3><a href=\"\/de\/ressourcen\/utility-unterstutzung\/\" target=\"_self\">Utility-Unterst\u00fctzung<\/a><\/h3>\t\n\t\t\t\t<a href=\"\/de\/ressourcen\/veteranen\/\" target=\"_self\" itemprop=\"url\">\n\t\t\t\t<img decoding=\"async\" src=\"https:\/\/211md.org\/wp-content\/uploads\/bb-plugin\/cache\/Veterans-circle-7c6972a59826c74f1f658f61df785fc3-.png\" alt=\"Ein Soldat, der jemandem die Hand sch\u00fcttelt und l\u00e4chelt\" itemprop=\"image\" title=\"Veteranen\" onerror=\"this.style.display='none'\"  \/>\n\t\t\t\t<\/a>\n\t\t<h3><a href=\"\/de\/ressourcen\/veteranen\/\" target=\"_self\">Veteranen<\/a><\/h3>","protected":false},"excerpt":{"rendered":"<p>Streitigkeiten zwischen Vermieter und Mieter sind eine der h\u00e4ufigsten Beschwerden bei der Generalstaatsanwaltschaft von Maryland. Als Mieter haben Sie nach dem Recht von Maryland bestimmte Rechte, Pflichten und Rechtsmittel. M\u00f6glicherweise gibt es auch lokale Schutzma\u00dfnahmen oder leicht unterschiedliche Verfahren zur Beilegung eines Vermieterstreits. H\u00e4ufige Streitigkeiten zwischen Vermieter und Mieter Mieter und Vermieter k\u00f6nnen sich \u00fcber Folgendes nicht einig sein: Anwendung\u2026<\/p>","protected":false},"author":8,"featured_media":1905,"parent":928,"menu_order":0,"comment_status":"closed","ping_status":"closed","template":"","meta":{"footnotes":""},"class_list":["post-1115","page","type-page","status-publish","has-post-thumbnail","hentry"],"_links":{"self":[{"href":"https:\/\/211md.org\/de\/wp-json\/wp\/v2\/pages\/1115","targetHints":{"allow":["GET"]}}],"collection":[{"href":"https:\/\/211md.org\/de\/wp-json\/wp\/v2\/pages"}],"about":[{"href":"https:\/\/211md.org\/de\/wp-json\/wp\/v2\/types\/page"}],"author":[{"embeddable":true,"href":"https:\/\/211md.org\/de\/wp-json\/wp\/v2\/users\/8"}],"replies":[{"embeddable":true,"href":"https:\/\/211md.org\/de\/wp-json\/wp\/v2\/comments?post=1115"}],"version-history":[{"count":0,"href":"https:\/\/211md.org\/de\/wp-json\/wp\/v2\/pages\/1115\/revisions"}],"up":[{"embeddable":true,"href":"https:\/\/211md.org\/de\/wp-json\/wp\/v2\/pages\/928"}],"wp:featuredmedia":[{"embeddable":true,"href":"https:\/\/211md.org\/de\/wp-json\/wp\/v2\/media\/1905"}],"wp:attachment":[{"href":"https:\/\/211md.org\/de\/wp-json\/wp\/v2\/media?parent=1115"}],"curies":[{"name":"wp","href":"https:\/\/api.w.org\/{rel}","templated":true}]}}