{"id":1116,"date":"2021-04-19T16:19:54","date_gmt":"2021-04-19T16:19:54","guid":{"rendered":"https:\/\/211md.org\/?page_id=1116"},"modified":"2025-09-09T11:30:22","modified_gmt":"2025-09-09T15:30:22","slug":"drogenentsorgung","status":"publish","type":"page","link":"https:\/\/211md.org\/de\/resources\/substance-use\/drug-disposal\/","title":{"rendered":"Was tun mit alten verschreibungspflichtigen Medikamenten?"},"content":{"rendered":"<img decoding=\"async\" src=\"https:\/\/stg-maryland211-staging.kinsta.cloud\/wp-content\/uploads\/2025\/08\/5-1-scaled.png\" alt=\"5\" itemprop=\"image\" height=\"692\" width=\"2560\" title=\"5\" onerror=\"this.style.display='none'\" loading=\"lazy\" \/>\n\t\t<h1><a href=\"#start\" target=\"_self\">Standard-Seiten\u00fcberschrift<\/a><\/h1><p>Haben Sie alte, abgelaufene, unerw\u00fcnschte oder nicht verwendete verschreibungspflichtige oder rezeptfreie Medikamente in Ihrem Medikamentenschrank?<\/p>\n<p>Die sichere Entsorgung von Medikamenten kann dazu beitragen, den Opioidkonsum zu verhindern.<\/p>\n<p>9,9 Millionen Amerikaner missbrauchen verschreibungspflichtige Medikamente\u00a0<a href=\"https:\/\/www.samhsa.gov\/data\/release\/2018-national-survey-drug-use-and-health-nsduh-releases\" target=\"_blank\" rel=\"noopener\">2018 National Survey on Drug Use and Health<\/a>, wobei die Mehrheit von Familie, Freunden und dem Hausapotheke kommt.<\/p>\n<p>Medikamente k\u00f6nnen auch Umweltprobleme verursachen, wenn sie unsachgem\u00e4\u00df im M\u00fcll entsorgt oder in der Toilette heruntergesp\u00fclt werden.<\/p>\n<p>Informieren Sie sich \u00fcber die ordnungsgem\u00e4\u00dfe Entsorgung von Medikamenten.<\/p>\n\t\t\t<a href=\"#start\" target=\"_self\">\n\t\t\t\t\t\tErste Schritte\n\t\t\t\t\t<\/a>\n\t\t\t\t<img decoding=\"async\" src=\"https:\/\/211md.org\/wp-content\/plugins\/bb-plugin\/img\/pixel.png\" alt=\"\" itemprop=\"image\" onerror=\"this.style.display='none'\" loading=\"lazy\" \/>\n\t\t\t\t<img decoding=\"async\" src=\"https:\/\/stg-maryland211-staging.kinsta.cloud\/wp-content\/uploads\/2025\/08\/16.png\" alt=\"16\" itemprop=\"image\" height=\"1000\" width=\"1000\" title=\"16\" onerror=\"this.style.display='none'\" loading=\"lazy\" \/>\n\t\t\t\t<img decoding=\"async\" src=\"http:\/\/211md.org\/wp-content\/uploads\/2021\/04\/safely-get-rid-of-prescription-medicine-in-maryland.jpg\" alt=\"Rosa, blaue und gr\u00fcne Pillen, die aus Tablettenfl\u00e4schchen versch\u00fcttet werden\" itemprop=\"image\" title=\"verschreibungspflichtige Medikamente in Maryland sicher loswerden\" onerror=\"this.style.display='none'\" loading=\"lazy\" \/>\n\t<h2>Warum m\u00fcssen Medikamente entsorgt werden?<\/h2>\n<p>211 Maryland verzeichnete in den letzten drei Jahren einen 57-prozentigen Anstieg der opioidbezogenen Anrufe. Von allen Drogenmissbrauchsanrufen suchen die meisten nach Beratung und station\u00e4ren Behandlungen.<\/p>\n<p>Unsere Anrufspezialisten verwenden unsere umfangreiche Datenbank mit wichtigen Ressourcen, um Anrufer mit den besten Programmen f\u00fcr ihre unerf\u00fcllten Bed\u00fcrfnisse zu verbinden.<\/p>\n<p>Das Verhindern von Drogenmissbrauch ist eine der besten M\u00f6glichkeiten, wie Sie in der Opioid-Epidemie etwas bewirken k\u00f6nnen.<\/p>\nWarum Drogen sicher loswerden?<br \/>\n1. H\u00e4lt Drogen von Teenagern oder Erwachsenen fern.<br \/>\n2. Verhindert, dass sie gestohlen oder illegal verkauft werden.<br \/>\n2. Verhindert die Vergiftung von Kindern und Haustieren.<br \/>\n3. Sch\u00fctzt die Umwelt\n\t<p>Sommermahlzeiten k\u00f6nnen sich jedes Jahr \u00e4ndern, also \u00fcberpr\u00fcfen Sie die\u00a0<a href=\"https:\/\/mars.msde.maryland.gov\/mars_sitesearch\/\" target=\"_blank\" rel=\"noopener\">Maryland Meal Site<\/a>\u00a0jedes Jahr f\u00fcr die neuesten Informationen. Oder wenden Sie sich an Ihren \u00f6rtlichen Schulbezirk, um die Organisationen zu finden, die kostenlose Sommermahlzeiten f\u00fcr Kinder anbieten.<\/p>\n<p>Familien haben m\u00f6glicherweise auch Anspruch auf Maryland SUN Bucks. Wenn Sie andere Leistungen erhalten, werden Sie m\u00f6glicherweise automatisch f\u00fcr den Erhalt von $40 pro Monat im Juni, Juli und August angemeldet (insgesamt $120). <a href=\"https:\/\/stg-maryland211-staging.kinsta.cloud\/resources\/children-families\/summer-programs\/\" target=\"_blank\" rel=\"noopener\">Erfahren Sie mehr \u00fcber Maryland SUN Bucks<\/a>.<\/p>\n<h2>Wie man verschreibungspflichtige Medikamente in Maryland loswird<\/h2>\n<p>Ob Sie alte Medikamente (verschreibungspflichtig oder rezeptfrei) in Ihrem Haus haben oder ein verstorbenes Familienmitglied Medikamente in seinem Haus hat, es gibt kostenlose M\u00f6glichkeiten, sie zu entsorgen, ohne sie in den M\u00fcll zu werfen.<\/p>\n<h3>Holen Sie sich einen kostenlosen Medikamenten-Entsorgungsbeutel<\/h3>\n<p>Sie k\u00f6nnen verschreibungspflichtige Medikamente unter Beachtung bestimmter Vorsichtsma\u00dfnahmen zu Hause, \u00fcber ein R\u00fccknahmeprogramm der Apotheke oder mit einem Entsorgungsbeutel entsorgen.<\/p>\n<p>Sie f\u00fcllen den verschlie\u00dfbaren Beutel mit Medikamenten, geben etwas Wasser hinzu, sch\u00fctteln ihn und werfen den Beutel weg.<\/p>\n<p>Der Beutel enth\u00e4lt Kohlenstoff, der das Medikament deaktiviert, sodass es gefahrlos in den M\u00fcll geworfen werden kann.<\/p>\n<p><strong>LISTE<\/strong><\/p>\n<h3>Tag der Arzneimittelr\u00fccknahme<\/h3>\n<p>Jedes Jahr finden Arzneimittelr\u00fccknahmeveranstaltungen statt, bei denen Sie Ihre verschreibungspflichtigen Medikamente zur sicheren Entsorgung abgeben k\u00f6nnen. Sie finden jeden Herbst und Fr\u00fchling statt.<\/p>\n<p><a href=\"https:\/\/apps2.deadiversion.usdoj.gov\/NTBI\/NTBI-PUB.pub;jsessionid=eok_7496ISLHX1XN6KwiBJs1LFug_LlU3VoWHx7U.web1?_flowExecutionKey=_c8710170A-AC86-0E50-1E2F-F12DE4152607_k050F69E5-77E8-5CE1-21C4-8AF29D72BB29\" target=\"_blank\" rel=\"noopener\">Durchsuchen Sie die Datenbank der Drug Enforcement Agency<\/a>\u00a0nach Postleitzahl, um eine lokale Drogenr\u00fccknahmestelle in Maryland zu finden.<\/p>\n<p>Einige Drogerien und Polizeidienststellen haben Pillenentsorgungsboxen, die Sie das ganze Jahr \u00fcber verwenden k\u00f6nnen.<\/p>\n<p>Die\u00a0<a href=\"https:\/\/safe.pharmacy\/drug-disposal\/results\/?address=21601&amp;distance=100\" target=\"_blank\" rel=\"noopener\">Nationale Vereinigung der Apothekerkammern<\/a>\u00a0verf\u00fcgt \u00fcber eine Postleitzahlensuche, um eine lokale Entsorgungsbox zu finden, die immer verf\u00fcgbar ist.<\/p>\n<p><a href=\"https:\/\/www.walgreens.com\/storelocator\/find.jsp?RxDisposal=true\" target=\"_blank\" rel=\"noopener\">Walgreens hat auch eine eigene Suche nach Drogenkiosken<\/a>\u00a0die w\u00e4hrend der Apotheken\u00f6ffnungszeiten erh\u00e4ltlich sind.<\/p>\n<p>Mehrere Polizeidienststellen von Maryland haben Medikamentenboxen, die es einer Person erm\u00f6glichen, jederzeit hineinzugehen und Medikamente zu entsorgen.\u00a0<a href=\"https:\/\/www.rxdrugdropbox.org\/loc\/maryland\/page\/2\/\" target=\"_blank\" rel=\"noopener\">Suchen Sie nach einer Drogenkiste in Maryland<\/a>.<\/p>\n<p>Du kannst auch\u00a0<a href=\"https:\/\/apps.deadiversion.usdoj.gov\/pubdispsearch\/spring\/main;jsessionid=fq7vl3mOzhqOw4Y5iIIJPgoCw7tEg_83X0rygMp5.web1?execution=e1s1\" target=\"_blank\" rel=\"noopener\">Suchen Sie in der \u00f6ffentlichen Entsorgungsdatenbank f\u00fcr kontrollierte Substanzen<\/a>\u00a0um einen Ort in Ihrer N\u00e4he zu finden, der verschreibungspflichtige Medikamente akzeptiert.<\/p>\n\t\t\t\t<img decoding=\"async\" src=\"http:\/\/211md.org\/wp-content\/uploads\/2025\/09\/Closeup-of-pills-to-throw-away.jpg\" alt=\"Nahaufnahme von Pillen zum Wegwerfen\" itemprop=\"image\" title=\"Nahaufnahme von Pillen zum Wegwerfen\" onerror=\"this.style.display='none'\" loading=\"lazy\" \/>\n\t<h3>Wie man alte Medikamente wegwirft<\/h3>\n<p>Wenn Sie in Ihrer N\u00e4he keine st\u00e4ndige Entsorgungsstelle f\u00fcr Medikamente finden, nicht auf den n\u00e4chsten R\u00fccknahmetag warten k\u00f6nnen und keinen Zugang zu einem Entsorgungsbeutel f\u00fcr Medikamente haben, k\u00f6nnen Sie einige Medikamente in die Toilette sp\u00fclen oder in die Toilette werfen M\u00fcll.<\/p>\n<p>Auch hier ist es am besten, sie nach M\u00f6glichkeit ordnungsgem\u00e4\u00df zu entsorgen.<\/p>\n<p>Die Medikamente gelangen in eine Kl\u00e4ranlage, wenn sie ins Waschbecken gesch\u00fcttet oder in die Toilette gesp\u00fclt werden. Diese Pflanzen sind nicht daf\u00fcr ausgelegt, Medikamente routinem\u00e4\u00dfig zu entfernen. Infolgedessen k\u00f6nnen Medikamente in Grundwasser, Fl\u00fcsse und B\u00e4che eindringen und in Trinkwasserquellen gelangen.<\/p>\n<h3>FDA-Flush-Liste<\/h3>\n<p>Einige Medikamente sind in den falschen H\u00e4nden so gef\u00e4hrlich und werden so h\u00e4ufig missbraucht, dass die Food and Drug Administration eine erstellt hat\u00a0<a href=\"https:\/\/www.fda.gov\/drugs\/disposal-unused-medicines-what-you-should-know\/drug-disposal-fdas-flush-list-certain-medicines#FlushList\" target=\"_blank\" rel=\"noopener\">zugelassene Sp\u00fclliste<\/a>. Sp\u00fclen Sie Medikamente auf dieser Liste nur, wenn keine anderen Optionen verf\u00fcgbar sind.<\/p>\n<p>Diese Medikamente k\u00f6nnen bei unsachgem\u00e4\u00dfer Einnahme bereits ab einer einzigen Dosis zum Tod f\u00fchren. Die FDA geht davon aus, dass das Risiko einer versehentlichen Exposition bei bestimmten Arzneimitteln die Umweltbedenken bei weitem \u00fcberwiegt. Daher ist es besser, diese Medikamente auszusp\u00fclen, als auf einen R\u00fccknahmetag zu warten.<\/p>\n<p>Die andere M\u00f6glichkeit besteht darin, das Medikament mit Katzenstreu oder Kaffeesatz zu mischen und in einem Einwegbeh\u00e4lter zu versiegeln. Das kann ein leerer Joghurtbeh\u00e4lter oder ein verschlie\u00dfbarer Beutel sein. Entfernen Sie den Aufkleber auf der Medikamentenflasche oder verwenden Sie einen Permanentmarker, um identifizierbare Informationen zu entfernen, und entsorgen Sie die leere Flasche separat.<\/p>\n<p>&nbsp;<\/p>\n<p>&nbsp;<\/p>\n<h2>Brauchen Sie noch etwas?<\/h2>\n<p>211 bietet Tausende von Ressourcen f\u00fcr andere wichtige Bed\u00fcrfnisse. Erhalten Sie Hilfe bei Lebensmitteln, Unterkunft, Versorgungsleistungen und vielem mehr!<\/p>\n<p>&nbsp;<\/p>\n\t\t\t<a href=\"\/de\/ressourcen\/lebensmittel\/\" target=\"_self\">\n\t\t\t\t\t\tNahrung finden\n\t\t\t\t\t<\/a>\n\t\t\t<a href=\"\/de\/ressourcen\/gehause-unterkunft\/\" target=\"_self\">\n\t\t\t\t\t\tWohnung finden\n\t\t\t\t\t<\/a>\n\t\t\t<a href=\"\/de\/ressourcen\/utilities\/\" target=\"_self\">\n\t\t\t\t\t\tUnterst\u00fctzung bei den Nebenkosten erhalten\n\t\t\t\t\t<\/a>\n\t\t\t<a href=\"\/de\/ressourcen-nach-landkreis\/\" target=\"_self\">\n\t\t\t\t\t\tRessourcen nach Landkreis\n\t\t\t\t\t<\/a>\n<h2>\n\t\t\tVerwandte Informationen \t<\/h2>\n\t<h2>Hilfsprogramme erkunden<\/h2>\n<p>Informieren Sie sich \u00fcber Leistungsprogramme und wie Sie mit dem Support in Kontakt treten k\u00f6nnen.<\/p>\n\t\t<h3><a href=\"\/de\/ressourcen\/lebensmittel\/\" target=\"_self\">Essen<\/a><\/h3><p>Kostenloses Essen in meiner N\u00e4he, Vorratskammern, SNAP, WIC, Lebensmitteleinsparungen<\/p>\n<a href=\"\/de\/ressourcen\/lebensmittel\/\"  target=\"_self\">Erfahren Sie mehr<\/a>\t\n\t\t\t\t<a href=\"\/de\/ressourcen\/lebensmittel\/\"  target=\"_self\" itemprop=\"url\">\n\t\t\t\t<img decoding=\"async\" src=\"https:\/\/211md.org\/wp-content\/uploads\/bb-plugin\/cache\/2025_MdInfoNet_Icon-Sets-white_food-square-dfa1c607bcdb6b34735ae61e84e21386-.png\" alt=\"2025_MdInfoNet_Icon Sets-wei\u00df_Essen\" itemprop=\"image\" title=\"2025_MdInfoNet_Icon Sets-wei\u00df_Essen\" onerror=\"this.style.display='none'\" loading=\"lazy\" \/>\n\t\t\t\t<\/a>\n\t\t<h3><a href=\"\/de\/ressourcen\/utility-unterstutzung\/\" target=\"_self\">Dienstprogramme<\/a><\/h3><p>Unterst\u00fctzungsprogramme f\u00fcr Strom-, Gas- und Wasserrechnungen<\/p>\n<a href=\"\/de\/ressourcen\/utility-unterstutzung\/\"  target=\"_self\">Erfahren Sie mehr<\/a>\t\n\t\t\t\t<a href=\"\/de\/ressourcen\/utility-unterstutzung\/\"  target=\"_self\" itemprop=\"url\">\n\t\t\t\t<img decoding=\"async\" src=\"https:\/\/211md.org\/wp-content\/uploads\/bb-plugin\/cache\/2025_MdInfoNet_Icon-Sets-white_Utilities-square-485aa1950491235898117da61fd0a70a-.png\" alt=\"2025_MdInfoNet_Icon Sets-white_Utilities\" itemprop=\"image\" title=\"2025_MdInfoNet_Icon Sets-white_Utilities\" onerror=\"this.style.display='none'\" loading=\"lazy\" \/>\n\t\t\t\t<\/a>\n\t\t\t\t<a href=\"\/de\/ressourcen\/gehause-unterkunft\/\"  target=\"_self\" itemprop=\"url\">\n\t\t\t\t<img decoding=\"async\" src=\"https:\/\/211md.org\/wp-content\/uploads\/bb-plugin\/cache\/2025_MdInfoNet_Icon-Sets-white_Housing-square-5b4ab26c33cdf5bd88fd6164be4cc0b8-.png\" alt=\"2025_MdInfoNet_Icon Sets-white_Housing\" itemprop=\"image\" title=\"2025_MdInfoNet_Icon Sets-white_Housing\" onerror=\"this.style.display='none'\" loading=\"lazy\" \/>\n\t\t\t\t<\/a>\n\t\t<h3><a href=\"\/de\/ressourcen\/gehause-unterkunft\/\" target=\"_self\">Geh\u00e4use<\/a><\/h3><p>Mietzahlungen, R\u00e4umungsschutz, Obdachlosenunterk\u00fcnfte<\/p>\n<a href=\"\/de\/ressourcen\/gehause-unterkunft\/\"  target=\"_self\">Erfahren Sie mehr<\/a>\t\n\t\t\t\t<a href=\"\/de\/ressourcen\/neu-in-den-usa-und-maryland\/\"  target=\"_self\" itemprop=\"url\">\n\t\t\t\t<img decoding=\"async\" src=\"https:\/\/211md.org\/wp-content\/uploads\/bb-plugin\/cache\/2025_MdInfoNet_Icon-Sets-white_Immigration-square-71ef90812193ac6d0e3edc3e61891f7f-.png\" alt=\"2025_MdInfoNet_Icon Sets-white_Einwanderung\" itemprop=\"image\" title=\"2025_MdInfoNet_Icon Sets-white_Einwanderung\" onerror=\"this.style.display='none'\" loading=\"lazy\" \/>\n\t\t\t\t<\/a>\n\t\t<h3><a href=\"\/de\/ressourcen\/neu-in-den-usa-und-maryland\/\" target=\"_self\">Einwanderung<\/a><\/h3><p>Einwanderungshilfe f\u00fcr neue Amerikaner und Fl\u00fcchtlinge<\/p>\n<a href=\"\/de\/ressourcen\/neu-in-den-usa-und-maryland\/\"  target=\"_self\">Erfahren Sie mehr<\/a>\t\n\t\t<h4><a href=\"\/de\/ressourcen\/alterungsbehinderung\/\" target=\"_self\">Alter &amp; Behinderung<\/a><\/h4>\n\t\t\t\t<a href=\"\/de\/ressourcen\/alterungsbehinderung\/\"  target=\"_self\" itemprop=\"url\">\n\t\t\t\t<img decoding=\"async\" src=\"https:\/\/211md.org\/wp-content\/uploads\/bb-plugin\/cache\/2025_MdInfoNet_Icon-Sets_Aging-disability-square-c466727102cae71e5f27b8539bb51945-.png\" alt=\"2025_MdInfoNet_Icon Sets_Altern-Behinderung\" itemprop=\"image\" title=\"2025_MdInfoNet_Icon Sets_Altern-Behinderung\" onerror=\"this.style.display='none'\" loading=\"lazy\" \/>\n\t\t\t\t<\/a>\n\t\t<h4><a href=\"https:\/\/211md.org\/de\/ressourcen\/kinder-familien\/\" target=\"_blank\" rel=\"noopener\">Kinder &amp; Familien<\/a><\/h4>\n\t\t\t\t<a href=\"https:\/\/211md.org\/de\/ressourcen\/kinder-familien\/\" target=\"_blank\" rel=\"noopener\" itemprop=\"url\">\n\t\t\t\t<img decoding=\"async\" src=\"https:\/\/211md.org\/wp-content\/uploads\/bb-plugin\/cache\/2025_211_Icon-Sets_Child-care-square-a8953c7678f51ed443764342b64ee948-.png\" alt=\"2025_211_Icon Sets_Kinderbetreuung\" itemprop=\"image\" title=\"2025_211_Icon Sets_Kinderbetreuung\" onerror=\"this.style.display='none'\" loading=\"lazy\" \/>\n\t\t\t\t<\/a>\n\t\t<h4><a href=\"\/de\/ressourcen\/hausliche-familiare-gewalt\/\" target=\"_self\">H\u00e4usliche Gewalt<\/a><\/h4>\n\t\t\t\t<a href=\"\/de\/ressourcen\/hausliche-familiare-gewalt\/\"  target=\"_self\" itemprop=\"url\">\n\t\t\t\t<img decoding=\"async\" src=\"https:\/\/211md.org\/wp-content\/uploads\/bb-plugin\/cache\/2025_211_Icon-Sets_Domestic-Violence-square-e6e48b12d9d44dadd394e0d40debfd96-.png\" alt=\"Symbol f\u00fcr h\u00e4usliche Gewalt\" itemprop=\"image\" title=\"2025_211_Icon Sets_H\u00e4usliche Gewalt\" onerror=\"this.style.display='none'\" loading=\"lazy\" \/>\n\t\t\t\t<\/a>\n\t\t<h4><a href=\"\/de\/ressourcen\/arbeitssuche\/\" target=\"_self\">Besch\u00e4ftigung<\/a><\/h4>\n\t\t\t\t<a href=\"\/de\/ressourcen\/arbeitssuche\/\"  target=\"_self\" itemprop=\"url\">\n\t\t\t\t<img decoding=\"async\" src=\"https:\/\/211md.org\/wp-content\/uploads\/bb-plugin\/cache\/2025_MdInfoNet_Icon-Sets_Employment-square-44707bd410e4df10a470bf130ebcea86-.png\" alt=\"2025_MdInfoNet_Icon Sets_Besch\u00e4ftigung\" itemprop=\"image\" title=\"2025_MdInfoNet_Icon Sets_Besch\u00e4ftigung\" onerror=\"this.style.display='none'\" loading=\"lazy\" \/>\n\t\t\t\t<\/a>\n\t\t<h4><a href=\"\/de\/ressourcen\/gesundheitswesen\/\" target=\"_self\">Gesundheitsvorsorge<\/a><\/h4>\n\t\t\t\t<a href=\"\/de\/ressourcen\/gesundheitswesen\/\"  target=\"_self\" itemprop=\"url\">\n\t\t\t\t<img decoding=\"async\" src=\"https:\/\/211md.org\/wp-content\/uploads\/bb-plugin\/cache\/2025_MdInfoNet_Icon-Sets_Health-Care-square-dee98a0060cbe0e7f27eda253fc12679-.png\" alt=\"2025_MdInfoNet_Icon Sets_Gesundheitswesen\" itemprop=\"image\" title=\"2025_MdInfoNet_Icon Sets_Gesundheitswesen\" onerror=\"this.style.display='none'\" loading=\"lazy\" \/>\n\t\t\t\t<\/a>\n\t\t<h4><a href=\"\/de\/ressourcen\/kinder-familien\/verwandtschaftspflege\/\" target=\"_self\">Verwandtschaft<\/a><\/h4>\n\t\t\t\t<a href=\"\/de\/ressourcen\/kinder-familien\/verwandtschaftspflege\/\"  target=\"_self\" itemprop=\"url\">\n\t\t\t\t<img decoding=\"async\" src=\"https:\/\/211md.org\/wp-content\/uploads\/bb-plugin\/cache\/2025_211_Icon-Sets_Kinship-square-21d4c353354c53c083c80118abb066f2-.png\" alt=\"Verwandtschaftssymbol\" itemprop=\"image\" title=\"2025_211_Icon Sets_Verwandtschaft\" onerror=\"this.style.display='none'\" loading=\"lazy\" \/>\n\t\t\t\t<\/a>\n\t\t<h4><a href=\"\/de\/ressourcen\/rechtsberatung\/\" target=\"_self\">Rechtsberatung<\/a><\/h4>\n\t\t\t\t<a href=\"\/de\/ressourcen\/rechtsberatung\/\"  target=\"_self\" itemprop=\"url\">\n\t\t\t\t<img decoding=\"async\" src=\"https:\/\/211md.org\/wp-content\/uploads\/bb-plugin\/cache\/2025_MdInfoNet_Icon-Sets_Legal-square-18fdf438feb8435588174d9046463257-.png\" alt=\"2025_MdInfoNet_Icon Sets_Legal\" itemprop=\"image\" title=\"2025_MdInfoNet_Icon Sets_Legal\" onerror=\"this.style.display='none'\" loading=\"lazy\" \/>\n\t\t\t\t<\/a>\n\t\t<h4><a href=\"\/de\/ressourcen\/psychische-gesundheit\/\" target=\"_self\">Psychische Gesundheit<\/a><\/h4>\n\t\t\t\t<a href=\"\/de\/ressourcen\/psychische-gesundheit\/\"  target=\"_self\" itemprop=\"url\">\n\t\t\t\t<img decoding=\"async\" src=\"https:\/\/211md.org\/wp-content\/uploads\/bb-plugin\/cache\/2025_MdInfoNet_Icon-Sets_Mental-Health-square-c59b38c4a993a947d4c9280fbe2d2fee-.png\" alt=\"2025_MdInfoNet_Icon Sets_Psychische Gesundheit\" itemprop=\"image\" title=\"2025_MdInfoNet_Icon Sets_Psychische Gesundheit\" onerror=\"this.style.display='none'\" loading=\"lazy\" \/>\n\t\t\t\t<\/a>\n\t\t<h4><a href=\"\/de\/ressourcen\/mdreentry\/\" target=\"_self\">Wiedereintritt<\/a><\/h4>\n\t\t\t\t<a href=\"\/de\/ressourcen\/mdreentry\/\"  target=\"_self\" itemprop=\"url\">\n\t\t\t\t<img decoding=\"async\" src=\"https:\/\/211md.org\/wp-content\/uploads\/bb-plugin\/cache\/2025_211_Icon-Sets_Reentry-square-f36b65d903a62fd4c3819ff05988ca60-.png\" alt=\"Symbol \u201eWiedereintritt\u201c\" itemprop=\"image\" title=\"2025_211_Icon Sets_Wiedereintritt\" onerror=\"this.style.display='none'\" loading=\"lazy\" \/>\n\t\t\t\t<\/a>\n\t\t<h4><a href=\"\/de\/ressourcen\/substanzgebrauch\/\" target=\"_self\">Substanzgebrauch<\/a><\/h4>\n\t\t\t\t<a href=\"\/de\/ressourcen\/substanzgebrauch\/\"  target=\"_self\" itemprop=\"url\">\n\t\t\t\t<img decoding=\"async\" src=\"https:\/\/211md.org\/wp-content\/uploads\/bb-plugin\/cache\/2025_MdInfoNet_Icon-Sets_Substance-Abuse-square-9022fec9d18a64118ad685c101885b55-.png\" alt=\"2025_MdInfoNet_Icon Sets_Substance Abuse\" itemprop=\"image\" title=\"2025_MdInfoNet_Icon Sets_Substance Abuse\" onerror=\"this.style.display='none'\" loading=\"lazy\" \/>\n\t\t\t\t<\/a>\n\t\t<h4><a href=\"\/de\/ressourcen\/veteranen\/\" target=\"_self\">Veteranen<\/a><\/h4>\n\t\t\t\t<a href=\"\/de\/ressourcen\/veteranen\/\"  target=\"_self\" itemprop=\"url\">\n\t\t\t\t<img decoding=\"async\" src=\"https:\/\/211md.org\/wp-content\/uploads\/bb-plugin\/cache\/2025_MdInfoNet_Icon-Sets_Rating-square-6e60d00cce4faa8e0a6d4ad7366aa733-.png\" alt=\"2025_MdInfoNet_Icon Sets_Bewertung\" itemprop=\"image\" title=\"2025_MdInfoNet_Icon Sets_Bewertung\" onerror=\"this.style.display='none'\" loading=\"lazy\" \/>\n\t\t\t\t<\/a>","protected":false},"excerpt":{"rendered":"<p>Standard\u00fcberschrift der Seite: Haben Sie alte, abgelaufene, unerw\u00fcnschte oder ungenutzte verschreibungspflichtige oder rezeptfreie Medikamente in Ihrem Medikamentenschrank? Die sichere Entsorgung von Medikamenten kann dazu beitragen, Opioidkonsum zu verhindern. Laut der National Survey on Drug Use and Health von 2018 missbrauchen 9,9 Millionen Amerikaner verschreibungspflichtige Medikamente, wobei der Gro\u00dfteil von ihnen von Familie, Freunden und der Hausapotheke missbraucht wird\u2026<\/p>","protected":false},"author":8,"featured_media":2105,"parent":837,"menu_order":0,"comment_status":"closed","ping_status":"closed","template":"","meta":{"footnotes":""},"class_list":["post-1116","page","type-page","status-publish","has-post-thumbnail","hentry"],"_links":{"self":[{"href":"https:\/\/211md.org\/de\/wp-json\/wp\/v2\/pages\/1116","targetHints":{"allow":["GET"]}}],"collection":[{"href":"https:\/\/211md.org\/de\/wp-json\/wp\/v2\/pages"}],"about":[{"href":"https:\/\/211md.org\/de\/wp-json\/wp\/v2\/types\/page"}],"author":[{"embeddable":true,"href":"https:\/\/211md.org\/de\/wp-json\/wp\/v2\/users\/8"}],"replies":[{"embeddable":true,"href":"https:\/\/211md.org\/de\/wp-json\/wp\/v2\/comments?post=1116"}],"version-history":[{"count":6,"href":"https:\/\/211md.org\/de\/wp-json\/wp\/v2\/pages\/1116\/revisions"}],"predecessor-version":[{"id":33798,"href":"https:\/\/211md.org\/de\/wp-json\/wp\/v2\/pages\/1116\/revisions\/33798"}],"up":[{"embeddable":true,"href":"https:\/\/211md.org\/de\/wp-json\/wp\/v2\/pages\/837"}],"wp:featuredmedia":[{"embeddable":true,"href":"https:\/\/211md.org\/de\/wp-json\/wp\/v2\/media\/2105"}],"wp:attachment":[{"href":"https:\/\/211md.org\/de\/wp-json\/wp\/v2\/media?parent=1116"}],"curies":[{"name":"wp","href":"https:\/\/api.w.org\/{rel}","templated":true}]}}