{"id":1120,"date":"2021-04-19T16:31:34","date_gmt":"2021-04-19T16:31:34","guid":{"rendered":"https:\/\/211md.org\/?page_id=1120"},"modified":"2023-10-31T16:07:47","modified_gmt":"2023-10-31T20:07:47","slug":"vermieter-sein","status":"publish","type":"page","link":"https:\/\/211md.org\/de\/resources\/legal-services\/being-a-landlord\/","title":{"rendered":"Vermieter sein"},"content":{"rendered":"<p>Das Gesch\u00e4ft mit dem Besitz und der Verwaltung von Mietwohnungen ist wie jedes andere Gesch\u00e4ft. Es braucht Forschung, Planung und Wissen. Als Vermieter in Maryland ist es wichtig, dass Sie die bundesstaatlichen, staatlichen und lokalen Gesetze kennen, die das Vermieter-Mieter-Verh\u00e4ltnis regeln. Hier sind einige Ressourcen, die Ihnen als Vermieter helfen k\u00f6nnen.<\/p>\n<p>Die&nbsp;<a href=\"https:\/\/peoples-law.org\/being-landlord\" target=\"_blank\" rel=\"noreferrer noopener\">Die People&#039;s Law Library of Maryland verf\u00fcgt \u00fcber Ressourcen und Dokumente<\/a>&nbsp;Das kann Sie \u00fcber Ihre Rechte und Pflichten als Vermieter informieren.<\/p>\n<h2>Verwandte Informationen<\/h2>\n<p><a title=\"Mieterrechte\" href=\"https:\/\/211md.org\/de\/ressourcen\/rechtsberatung\/mieterrechte\/\">Mieterrechte<\/a><\/p>\n<p><a href=\"https:\/\/211md.org\/de\/ressourcen\/gehause-unterkunft\/\">Geh\u00e4use<\/a><\/p>\n<h2>\n\t\tRessourcen finden\n\t<\/h2>\n\t\t\t\t<a href=\"\/de\/ressourcen\/alterungsbehinderung\/\" target=\"_self\" itemprop=\"url\" rel=\"noopener\">\n\t\t\t\t<img loading=\"lazy\" decoding=\"async\" src=\"https:\/\/211md.org\/wp-content\/uploads\/bb-plugin\/cache\/Mask-Group-41@2x-circle.png\" alt=\"Die F\u00fc\u00dfe einer \u00e4lteren Frau und einer j\u00fcngeren Frau, die zusammen gehen\" itemprop=\"image\" height=\"500\" width=\"500\" title=\"Behindertendienste\" onerror=\"this.style.display='none'\">\n\t\t\t\t<\/a>\n\t\t<h3><a href=\"\/de\/ressourcen\/alterungsbehinderung\/\" target=\"_self\" rel=\"noopener\">Alter &amp; Behinderung<\/a><\/h3>\t\t\n\t\t\t\t<a href=\"\/de\/ressourcen\/kinder-familien\/\" target=\"_self\" itemprop=\"url\" rel=\"noopener\">\n\t\t\t\t<img loading=\"lazy\" decoding=\"async\" src=\"https:\/\/211md.org\/wp-content\/uploads\/bb-plugin\/cache\/Mask-Group-38@2x-circle.png\" alt=\"Ein kleiner Junge und ein M\u00e4dchen l\u00e4cheln und schauen in die Kamera\" itemprop=\"image\" height=\"500\" width=\"500\" title=\"Maskengruppe 38@2x\" onerror=\"this.style.display='none'\">\n\t\t\t\t<\/a>\n\t\t<h3><a href=\"\/de\/ressourcen\/kinder-familien\/\" target=\"_self\" rel=\"noopener\">Kinder &amp; Familien<\/a><\/h3>\t\t\n\t\t\t\t<a href=\"\/de\/ressourcen\/covid-19-ressourcenzentrum\/\" target=\"_self\" itemprop=\"url\" rel=\"noopener\">\n\t\t\t\t<img loading=\"lazy\" decoding=\"async\" src=\"https:\/\/211md.org\/wp-content\/uploads\/bb-plugin\/cache\/Mask-Group-35-circle.png\" alt=\"Ein Mann und eine Frau sto\u00dfen sich mit dem Ellbogen an\" itemprop=\"image\" height=\"500\" width=\"500\" title=\"Maskengruppe 35\" onerror=\"this.style.display='none'\">\n\t\t\t\t<\/a>\n\t\t<h3><a href=\"\/de\/ressourcen\/covid-19-ressourcenzentrum\/\" target=\"_self\" rel=\"noopener\">COVID-19-Ressourcen<\/a><\/h3>\t\t\n\t\t\t\t<a href=\"\/de\/ressourcen\/hausliche-familiare-gewalt\/\" target=\"_self\" itemprop=\"url\" rel=\"noopener\">\n\t\t\t\t<img loading=\"lazy\" decoding=\"async\" src=\"https:\/\/211md.org\/wp-content\/uploads\/bb-plugin\/cache\/Mask-Group-39@2x-circle.png\" alt=\"Zwei Paar H\u00e4nde, die sich halten\" itemprop=\"image\" height=\"500\" width=\"500\" title=\"Maskengruppe 39@2x\" onerror=\"this.style.display='none'\">\n\t\t\t\t<\/a>\n\t\t<h3><a href=\"\/de\/ressourcen\/hausliche-familiare-gewalt\/\" target=\"_self\" rel=\"noopener\">H\u00e4usliche\/famili\u00e4re Gewalt<\/a><\/h3>\t\t\n\t\t\t\t<a href=\"\/de\/ressourcen\/arbeitssuche\/\" target=\"_self\" itemprop=\"url\" rel=\"noopener\">\n\t\t\t\t<img loading=\"lazy\" decoding=\"async\" src=\"https:\/\/211md.org\/wp-content\/uploads\/bb-plugin\/cache\/Employment-circle.png\" alt=\"Ein Automechaniker\" itemprop=\"image\" height=\"500\" width=\"500\" title=\"Besch\u00e4ftigung\" onerror=\"this.style.display='none'\">\n\t\t\t\t<\/a>\n\t\t<h3><a href=\"\/de\/ressourcen\/arbeitssuche\/\" target=\"_self\" rel=\"noopener\">Besch\u00e4ftigung<\/a><\/h3>\t\t\n\t\t\t\t<a href=\"\/de\/ressourcen\/gesundheitswesen\/\" target=\"_self\" itemprop=\"url\" rel=\"noopener\">\n\t\t\t\t<img loading=\"lazy\" decoding=\"async\" src=\"https:\/\/211md.org\/wp-content\/uploads\/bb-plugin\/cache\/Mask-Group-35@2x-circle.png\" alt=\"Doktor, der Jungenbein betrachtet\" itemprop=\"image\" height=\"500\" width=\"500\" title=\"Maskengruppe 35@2x\" onerror=\"this.style.display='none'\">\n\t\t\t\t<\/a>\n\t\t<h3><a href=\"\/de\/ressourcen\/gesundheitswesen\/\" target=\"_self\" rel=\"noopener\">Gesundheitsvorsorge<\/a><\/h3>\t\t\n\t\t\t\t<a href=\"\/de\/ressourcen\/lebensmittel\/\" target=\"_self\" itemprop=\"url\" rel=\"noopener\">\n\t\t\t\t<img loading=\"lazy\" decoding=\"async\" src=\"https:\/\/211md.org\/wp-content\/uploads\/bb-plugin\/cache\/Mask-Group-32@2x-circle.png\" alt=\"Frisches Gem\u00fcse\" itemprop=\"image\" height=\"500\" width=\"500\" title=\"Maskengruppe 32@2x\" onerror=\"this.style.display='none'\">\n\t\t\t\t<\/a>\n\t\t<h3><a href=\"\/de\/ressourcen\/lebensmittel\/\" target=\"_self\" rel=\"noopener\">Essen<\/a><\/h3>\t\t\n\t\t\t\t<a href=\"\/de\/ressourcen\/gehause-unterkunft\/\" target=\"_self\" itemprop=\"url\" rel=\"noopener\">\n\t\t\t\t<img loading=\"lazy\" decoding=\"async\" src=\"https:\/\/211md.org\/wp-content\/uploads\/bb-plugin\/cache\/Mask-Group-34@2x-circle.png\" alt=\"Apartmentkomplex Balkon\" itemprop=\"image\" height=\"500\" width=\"500\" title=\"Wohnung-Komplex\" onerror=\"this.style.display='none'\">\n\t\t\t\t<\/a>\n\t\t<h3><a href=\"\/de\/ressourcen\/gehause-unterkunft\/\" target=\"_self\" rel=\"noopener\">Wohnen &amp; Obdach<\/a><\/h3>\t\t\n\t\t\t\t<a href=\"\/de\/neu-in-den-usa-und-maryland\/\" target=\"_self\" itemprop=\"url\" rel=\"noopener\">\n\t\t\t\t<img loading=\"lazy\" decoding=\"async\" src=\"https:\/\/211md.org\/wp-content\/uploads\/bb-plugin\/cache\/American-flag-circle.jpg\" alt=\"amerikanische Flagge\" itemprop=\"image\" height=\"364\" width=\"1366\" title=\"Amerikanische Flagge\" onerror=\"this.style.display='none'\">\n\t\t\t\t<\/a>\n\t\t<h3><a href=\"\/de\/neu-in-den-usa-und-maryland\/\" target=\"_self\" rel=\"noopener\">Einwanderung<\/a><\/h3>\t\t\n\t\t\t\t<a href=\"\/de\/ressourcen\/rechtsberatung\/\" target=\"_self\" itemprop=\"url\" rel=\"noopener\">\n\t\t\t\t<img loading=\"lazy\" decoding=\"async\" src=\"https:\/\/211md.org\/wp-content\/uploads\/bb-plugin\/cache\/Housing-Legal-circle.png\" alt=\"Rechtshammer mit einem Plastikmodell eines Hauses daneben\" itemprop=\"image\" height=\"348\" width=\"460\" title=\"Wohnungsrecht\" onerror=\"this.style.display='none'\">\n\t\t\t\t<\/a>\n\t\t<h3><a href=\"\/de\/ressourcen\/rechtsberatung\/\" target=\"_self\" rel=\"noopener\">Rechtsberatung<\/a><\/h3>\t\t\n\t\t\t\t<a href=\"\/de\/ressourcen\/psychische-gesundheit\/\" target=\"_self\" itemprop=\"url\" rel=\"noopener\">\n\t\t\t\t<img loading=\"lazy\" decoding=\"async\" src=\"https:\/\/211md.org\/wp-content\/uploads\/bb-plugin\/cache\/Mask-Group-40@2x-circle.png\" alt=\"Die Profile eines Mannes und einer Frau\" itemprop=\"image\" height=\"500\" width=\"500\" title=\"Maskengruppe 40@2x\" onerror=\"this.style.display='none'\">\n\t\t\t\t<\/a>\n\t\t<h3><a href=\"\/de\/ressourcen\/psychische-gesundheit\/\" target=\"_self\" rel=\"noopener\">Psychische Gesundheit<\/a><\/h3>\t\t\n\t\t\t\t<a href=\"\/de\/stoppen\/\" target=\"_self\" itemprop=\"url\" rel=\"noopener\">\n\t\t\t\t<img loading=\"lazy\" decoding=\"async\" src=\"https:\/\/211md.org\/wp-content\/uploads\/bb-plugin\/cache\/Background-section-MDStophate-circle.jpg\" alt=\"Hintergrund-Abschnitt-MDStophate\" itemprop=\"image\" height=\"768\" width=\"1366\" title=\"Hintergrund-Abschnitt-MDStophate\" onerror=\"this.style.display='none'\">\n\t\t\t\t<\/a>\n\t\t<h3><a href=\"\/de\/stoppen\/\" target=\"_self\" rel=\"noopener\">Stoppen Sie Hass<\/a><\/h3>\t\t\n\t\t\t\t<a href=\"\/de\/ressourcen\/substanzgebrauch\/\" target=\"_self\" itemprop=\"url\" rel=\"noopener\">\n\t\t\t\t<img loading=\"lazy\" decoding=\"async\" src=\"https:\/\/211md.org\/wp-content\/uploads\/bb-plugin\/cache\/Substance-Use-circle.png\" alt=\"Hand zerschlagende Pillen\" itemprop=\"image\" height=\"500\" width=\"500\" title=\"Substanzgebrauch\" onerror=\"this.style.display='none'\">\n\t\t\t\t<\/a>\n\t\t<h3><a href=\"\/de\/ressourcen\/substanzgebrauch\/\" target=\"_self\" rel=\"noopener\">Substanzgebrauch<\/a><\/h3>\t\t\n\t\t\t\t<a href=\"\/de\/ressourcen\/steuerdienstleistungen\/\" target=\"_self\" itemprop=\"url\" rel=\"noopener\">\n\t\t\t\t<img loading=\"lazy\" decoding=\"async\" src=\"https:\/\/211md.org\/wp-content\/uploads\/bb-plugin\/cache\/Mask-Group-34-circle.png\" alt=\"Person, die Einkommensteuerunterlagen ausf\u00fcllt\" itemprop=\"image\" height=\"500\" width=\"500\" title=\"Maskengruppe 34\" onerror=\"this.style.display='none'\">\n\t\t\t\t<\/a>\n\t\t<h3><a href=\"\/de\/ressourcen\/steuerdienstleistungen\/\" target=\"_self\" rel=\"noopener\">Steuerliche Dienstleistungen<\/a><\/h3>\t\t\n\t\t\t\t<a href=\"\/de\/ressourcen\/utility-unterstutzung\/\" target=\"_self\" itemprop=\"url\" rel=\"noopener\">\n\t\t\t\t<img loading=\"lazy\" decoding=\"async\" src=\"https:\/\/211md.org\/wp-content\/uploads\/bb-plugin\/cache\/Mask-Group-37@2x-circle.png\" alt=\"Eine leuchtende Gl\u00fchbirne\" itemprop=\"image\" height=\"500\" width=\"500\" title=\"Maskengruppe 37@2x\" onerror=\"this.style.display='none'\">\n\t\t\t\t<\/a>\n\t\t<h3><a href=\"\/de\/ressourcen\/utility-unterstutzung\/\" target=\"_self\" rel=\"noopener\">Utility-Unterst\u00fctzung<\/a><\/h3>\t\t\n\t\t\t\t<a href=\"\/de\/ressourcen\/veteranen\/\" target=\"_self\" itemprop=\"url\" rel=\"noopener\">\n\t\t\t\t<img loading=\"lazy\" decoding=\"async\" src=\"https:\/\/211md.org\/wp-content\/uploads\/bb-plugin\/cache\/Veterans-circle.png\" alt=\"Ein Soldat, der jemandem die Hand sch\u00fcttelt und l\u00e4chelt\" itemprop=\"image\" height=\"500\" width=\"500\" title=\"Veteranen\" onerror=\"this.style.display='none'\">\n\t\t\t\t<\/a>\n\t\t<h3><a href=\"\/de\/ressourcen\/veteranen\/\" target=\"_self\" rel=\"noopener\">Veteranen<\/a><\/h3>","protected":false},"excerpt":{"rendered":"<p>Das Gesch\u00e4ft mit dem Besitz und der Verwaltung von Mietwohnungen \u00e4hnelt jedem anderen Unternehmen. Es erfordert Recherche, Planung und Wissen. Als Vermieter in Maryland ist es wichtig, dass Sie die Bundes-, Landes- und \u00f6rtlichen Gesetze kennen, die das Verh\u00e4ltnis zwischen Vermieter und Mieter regeln. Hier sind einige Ressourcen, die Ihnen als Vermieter helfen k\u00f6nnen. Die Volksrechtsbibliothek\u2026<\/p>","protected":false},"author":8,"featured_media":1905,"parent":928,"menu_order":0,"comment_status":"closed","ping_status":"closed","template":"","meta":{"footnotes":""},"class_list":["post-1120","page","type-page","status-publish","has-post-thumbnail","hentry"],"_links":{"self":[{"href":"https:\/\/211md.org\/de\/wp-json\/wp\/v2\/pages\/1120","targetHints":{"allow":["GET"]}}],"collection":[{"href":"https:\/\/211md.org\/de\/wp-json\/wp\/v2\/pages"}],"about":[{"href":"https:\/\/211md.org\/de\/wp-json\/wp\/v2\/types\/page"}],"author":[{"embeddable":true,"href":"https:\/\/211md.org\/de\/wp-json\/wp\/v2\/users\/8"}],"replies":[{"embeddable":true,"href":"https:\/\/211md.org\/de\/wp-json\/wp\/v2\/comments?post=1120"}],"version-history":[{"count":0,"href":"https:\/\/211md.org\/de\/wp-json\/wp\/v2\/pages\/1120\/revisions"}],"up":[{"embeddable":true,"href":"https:\/\/211md.org\/de\/wp-json\/wp\/v2\/pages\/928"}],"wp:featuredmedia":[{"embeddable":true,"href":"https:\/\/211md.org\/de\/wp-json\/wp\/v2\/media\/1905"}],"wp:attachment":[{"href":"https:\/\/211md.org\/de\/wp-json\/wp\/v2\/media?parent=1120"}],"curies":[{"name":"wp","href":"https:\/\/api.w.org\/{rel}","templated":true}]}}