{"id":1130,"date":"2021-04-19T16:48:43","date_gmt":"2021-04-19T16:48:43","guid":{"rendered":"https:\/\/211md.org\/?page_id=1130"},"modified":"2025-09-10T12:47:04","modified_gmt":"2025-09-10T16:47:04","slug":"suizid-pravention","status":"publish","type":"page","link":"https:\/\/211md.org\/de\/resources\/mental-health\/suicide-prevention\/","title":{"rendered":"Wie man Selbstmord verhindert, indem man mit Teenagern und Erwachsenen dar\u00fcber spricht"},"content":{"rendered":"<img decoding=\"async\" src=\"https:\/\/stg-maryland211-staging.kinsta.cloud\/wp-content\/uploads\/2025\/08\/5-1-scaled.png\" alt=\"5\" itemprop=\"image\" height=\"692\" width=\"2560\" title=\"5\" onerror=\"this.style.display='none'\" loading=\"lazy\" \/>\n\t\t<h1><a href=\"#start\" target=\"_self\">Standard-Seiten\u00fcberschrift<\/a><\/h1><p>Offene Gespr\u00e4che k\u00f6nnen helfen, Selbstmord zu verhindern. Dar\u00fcber zu sprechen hilft, Stigmata und Barrieren im Zusammenhang mit psychischen Erkrankungen abzubauen.<\/p>\n<p>Informieren Sie sich \u00fcber die zu stellenden Fragen. Wenn jemand sofort Hilfe ben\u00f6tigt, rufen Sie die Nummer 988 an, um rund um die Uhr mit jemandem zu sprechen.<\/p>\n\t\t\t<a href=\"#start\" target=\"_self\">\n\t\t\t\t\t\tErste Schritte\n\t\t\t\t\t<\/a>\n\t\t\t\t<img decoding=\"async\" src=\"https:\/\/211md.org\/wp-content\/plugins\/bb-plugin\/img\/pixel.png\" alt=\"\" itemprop=\"image\" onerror=\"this.style.display='none'\" loading=\"lazy\" \/>\n\t\t\t\t<img decoding=\"async\" src=\"https:\/\/stg-maryland211-staging.kinsta.cloud\/wp-content\/uploads\/2025\/08\/16.png\" alt=\"16\" itemprop=\"image\" height=\"1000\" width=\"1000\" title=\"16\" onerror=\"this.style.display='none'\" loading=\"lazy\" \/>\n\t\t\t\t<img decoding=\"async\" src=\"http:\/\/211md.org\/wp-content\/uploads\/2023\/09\/Mom-comforting-daughter-struggling-with-mental-health.jpg\" alt=\"Mutter tr\u00f6stet Tochter, die mit ihrer Metallgesundheit zu k\u00e4mpfen hat\" itemprop=\"image\" title=\"Mutter tr\u00f6stet Tochter mit psychischen Problemen\" onerror=\"this.style.display='none'\" loading=\"lazy\" \/>\n\t<h2>\u00dcber Selbstmord sprechen<\/h2>\n<p>Es mag schwer sein, \u00fcber Selbstmord zu sprechen, aber Reden kann ihn verhindern.<\/p>\n<p>Beginnen Sie ein Gespr\u00e4ch mit jedem, der scheinbar:<\/p>\n<ul>\n<li>runter<\/li>\n<li>traurig<\/li>\n<li>einsam<\/li>\n<li>kein Interesse an normalen Aktivit\u00e4ten oder Zusammenk\u00fcnften<\/li>\n<\/ul>\n<p>Nehmen Sie Kontakt mit ihnen auf und fragen Sie sie, wie es ihnen geht.<\/p>\n<p>Bei \u201eWas ist die 211?\u201c Podcast, Brandon Johnson, MSH,\u00a0<a href=\"https:\/\/211md.org\/de\/podcast\/black-mental-wellness-lounge\/\" target=\"_blank\" rel=\"noopener\">Gastgeber der Black Mental Wellness Lounge auf YouTube<\/a>, sprach \u00fcber die Zur\u00fcckhaltung, \u00fcber Selbstmord zu sprechen.<\/p>\n<blockquote><p>\u201eSelbstmord ist ein so schweres Thema. Ich verstehe das vollkommen, aber da die Selbstmordraten in bestimmten Gemeinden weiter steigen, ist es wichtig, dass wir verstehen, dass Suizidgedanken real sind.\u201c<\/p><\/blockquote>\n\t<p>Wenn Sie \u00fcber Selbstmord sprechen, w\u00e4hlen Sie Ihre Worte sorgf\u00e4ltig. Durch eine andere Sprache k\u00f6nnen wir daf\u00fcr sorgen, dass sich die Menschen beim Gespr\u00e4ch \u00fcber das Thema wohlf\u00fchlen und Hoffnung sch\u00f6pfen.<\/p>\n<blockquote><p>\u201e\u2026 wir wollen die Sprache \u00e4ndern. So k\u00f6nnen die Menschen das Gef\u00fchl haben, dass sie Gespr\u00e4che in einem sicheren Raum f\u00fchren k\u00f6nnen, ohne Schaden zu nehmen \u2013 zun\u00e4chst nur durch die Sprache, bevor sie \u00fcberhaupt die Chance haben, Hoffnung und Genesung zu erfahren\u201c, erkl\u00e4rte Johnson.<\/p><\/blockquote>\n<p>Vermeiden Sie au\u00dferdem allgemeine Charakterisierungen von Personen und Slang. Johnson erkl\u00e4rte:<\/p>\n<blockquote><p>Wir sagen vielleicht, diese Person habe eine Zwangsst\u00f6rung, verhalte sich bipolar oder sei schizophren, ohne zu ber\u00fccksichtigen, was das wirklich bedeutet und wie stigmatisierend das f\u00fcr eine Person ist, die m\u00f6glicherweise bipolar ist. Wer schizophren ist, wer m\u00f6glicherweise eine Zwangsst\u00f6rung hat. Die Verharmlosung ihrer Erfahrungen zu einem umgangssprachlichen Begriff, der normalerweise als Fragezeichen gegen\u00fcber anderen verwendet wird, kann sch\u00e4dlich sein und sogar zu Suizidgedanken f\u00fchren.<\/p><\/blockquote>\n\t<h2>M\u00fcssen reden?\u00a0<\/h2>\n<p>&nbsp;<\/p>\n\t<h3><img loading=\"lazy\" decoding=\"async\" src=\"http:\/\/211md.org\/wp-content\/uploads\/2025\/08\/2025_MdInfoNet_Icon-Sets-white_Phone-150x150.png\" alt=\"\" width=\"150\" height=\"150\" \/>Rufen Sie an oder schreiben Sie eine SMS an 988<\/h3>\n\t\t\t<a href=\"https:\/\/988lifeline.org\/chat\/\" target=\"_blank\" rel=\"noopener\">\n\t\t\t\t\t\t\tJetzt chatten (Englisch)\n\t\t\t\t\t<\/a>\n\t\t\t<a href=\"https:\/\/988lifeline.org\/es\/chat\/\" target=\"_blank\" rel=\"noopener\">\n\t\t\t\t\t\t\tChatea Ahora (Spanisch)\n\t\t\t\t\t<\/a>\n\t<p>Jeder, der Hilfe bei der psychischen Gesundheit oder im Zusammenhang mit Substanzgebrauch ben\u00f6tigt, kann 988 anrufen. <a href=\"https:\/\/health.maryland.gov\/bha\/Pages\/988md.aspx\" target=\"_blank\" rel=\"noopener\">Erfahren Sie mehr \u00fcber 988 in Maryland<\/a>.<\/p>\n\t<h2>Mit Teenagern reden<\/h2>\n<p>Es kann eine Herausforderung sein, mit einem Teenager zu sprechen, da dieser sozial, emotional und mental eine Menge durchmacht.<\/p>\n<p>Wenn sie mit ihren Selbstgef\u00fchlen zu k\u00e4mpfen haben, kann es noch schwieriger sein, diese Gespr\u00e4che zu f\u00fchren.<\/p>\n<p><a href=\"https:\/\/211md.org\/de\/blog\/episode-11-selbstmordpravention-mit-der-liveforthomas-stiftung\/\" target=\"_blank\" rel=\"noopener\">Amy Ocasio von der LIVEFORTHOMAS Foundation<\/a> sprach dar\u00fcber, wie schwierig es war, mit ihren Kindern zu sprechen.<\/p>\n<blockquote><p>Es fiel mir wirklich schwer, diese Balance zu finden, denn ich habe bei meinen beiden Kindern gelernt: Wenn ich sie zu mir kommen lasse, reden sie. Wenn ich anfange, Fragen zu stellen, verschlie\u00dfen sie sich einfach.<\/p>\n<p>Es ging also darum, die Balance zu finden: Wie sehr dr\u00e4nge ich? Wann ziehe ich mich zur\u00fcck?\u201c<\/p><\/blockquote>\n<p>Sie betonte die Bedeutung von Sprache und Empathie als Eltern. Sie sagte, es sei wichtig, die Aussagen ihres Kindes nicht abzutun, herunterzuspielen oder zu verharmlosen. Was f\u00fcr einen Erwachsenen trivial erscheint, ist f\u00fcr ein Kind manchmal enorm.<\/p>\n<blockquote><p>\u201eWei\u00dft du, h\u00f6r einfach zu. Sie m\u00fcssen es nicht einmal verstehen, okay, ich verstehe nicht, warum das eine gro\u00dfe Sache ist, aber Sie wissen, dass es f\u00fcr mein Kind eine gro\u00dfe Sache ist. Lassen Sie mich also mehr dar\u00fcber herausfinden, was vor sich geht, und fragen Sie sie: Wissen Sie, was brauchen Sie von mir? Was k\u00f6nnte Ihnen in dieser Situation hilfreich sein?\u201c Ocasio erkl\u00e4rte.<\/p><\/blockquote>\n<p>Die Pubert\u00e4t ist eine Zeit voller Risiken und Chancen. Selbstmord ist eines dieser Risiken. Laut den Centers for Disease Control and Prevention ist er die zweith\u00e4ufigste Todesursache bei jungen Menschen zwischen 10 und 24 Jahren.<\/p>\n<p>Ein Kind, das sich noch nie mit seiner psychischen Gesundheit auseinandergesetzt hat, kann als Jugendlicher vor Herausforderungen stehen. Sozialer Druck, Mobbing und sexuelle Orientierung sind alles Gr\u00fcnde daf\u00fcr.<\/p>\n<p>Sprechen Sie mit Ihren Teenagern \u00fcber ihre psychische Gesundheit und achten Sie auf Warnsignale f\u00fcr ein Verhaltensproblem.<\/p>\n<p>Wenn sie Hilfe brauchen, verbinden Sie sie mit 988.<\/p>\n\t\t\t\t<a href=\"https:\/\/search.988.mdinfonet.org\/\" target=\"_blank\" rel=\"noopener\" itemprop=\"url\">\n\t\t\t\t<img decoding=\"async\" src=\"https:\/\/stg-maryland211-staging.kinsta.cloud\/wp-content\/uploads\/2025\/08\/2025_MdInfoNet_Icon-Sets-white_Locate.png\" alt=\"\" itemprop=\"image\" onerror=\"this.style.display='none'\" loading=\"lazy\" \/>\n\t\t\t\t<\/a>\n<h2><a href=\"https:\/\/search.988.mdinfonet.org\/\" target=\"_blank\" rel=\"noopener\">Finden Sie Ressourcen zur psychischen Gesundheit<\/a><\/h2><p>Durchsuchen Sie die umfassendste Datenbank des Staates mit Ressourcen zur Verhaltensgesundheit. Sie bietet Filter nach Zahlungsart, Alter, Art der Unterst\u00fctzung und Sprache.<\/p>\n\t\t\t<a href=\"https:\/\/search.988.mdinfonet.org\/\" target=\"_blank\" rel=\"noopener\">\n\t\t\t\t\t\t\tJetzt suchen\n\t\t\t<\/a>\n<h2>Fragen zur psychischen Gesundheit<\/h2>\n<p>Schaffen Sie vor Beginn des Gespr\u00e4chs einen sicheren Raum f\u00fcr die Diskussion und seien Sie bereit zuzuh\u00f6ren.<\/p>\n<p>Stellen Sie offene Fragen und beginnen Sie das Gespr\u00e4ch mit einem Satz wie \u201eMir ist aufgefallen.\u201c<\/p>\n<p>Das Maryland Department of Health und das Maryland Office of Suicide Prevention empfehlen S\u00e4tze wie diese:<\/p>\n<ul>\n<li>Wir haben eine Weile nicht geredet. Wie geht es dir?<\/li>\n<li>Du scheinst in letzter Zeit niedergeschlagen zu sein. Was ist los?<\/li>\n<li>Ich mache mir Sorgen um dich. Ist etwas falsch? Ich m\u00f6chte f\u00fcr dich da sein.<\/li>\n<li>Du warst in letzter Zeit nicht du selbst. Geht es dir gut?<\/li>\n<li>Gibt es etwas, wor\u00fcber Sie sprechen m\u00f6chten?<\/li>\n<\/ul>\n<p>Es ist wichtig, zuzuh\u00f6ren und zu zeigen, dass man sich um die Person k\u00fcmmert. Unterst\u00fctzen Sie Ihr Familienmitglied oder Ihren Freund, indem Sie sich mit ihm treffen oder bei ihm vorbeischauen.<\/p>\n<p>Es wird nicht von Ihnen erwartet, dass Sie Ratschl\u00e4ge erteilen, aber Sie k\u00f6nnen Ihre Kunden an Fachleute oder kostenlose und vertrauliche Ressourcen wie 988 verweisen.<\/p>\n<p>&nbsp;<\/p>\n\t\t\t\t<img decoding=\"async\" src=\"http:\/\/211md.org\/wp-content\/uploads\/2025\/06\/Dad-talking-and-supporting-his-teen.jpg\" alt=\"Vater spricht mit seinem Teenager und unterst\u00fctzt ihn\" itemprop=\"image\" title=\"Vater spricht mit seinem Teenager und unterst\u00fctzt ihn\" onerror=\"this.style.display='none'\" loading=\"lazy\" \/>\n\t\t\t\t<img decoding=\"async\" src=\"http:\/\/211md.org\/wp-content\/uploads\/2025\/09\/Diverse-and-LGBTQ-teens.jpg\" alt=\"Diverse und LGBTQ-Teenager\" itemprop=\"image\" title=\"Diverse und LGBTQ-Teenager\" onerror=\"this.style.display='none'\" loading=\"lazy\" \/>\n\t<h3>Wie man mit LGBTQ+-Jugendlichen spricht<\/h3>\n<p>In den Vereinigten Staaten begeht alle 45 Sekunden mindestens ein LGBTQ+-Jugendlicher zwischen 13 und 24 Jahren einen Selbstmordversuch.<\/p>\n<p>Wenn sich jemand zu dir outet, unterst\u00fctze die Person, zeige Liebe und sei pr\u00e4sent.<\/p>\n<p>Das Maryland Department of Health, Office of Suicide Prevention schl\u00e4gt unterst\u00fctzende S\u00e4tze vor wie:<\/p>\n<ul>\n<li>\u201eVielen Dank, dass Sie es mit mir geteilt haben. Was bedeutet Ihre Identit\u00e4t f\u00fcr Sie?<\/li>\n<li>\u201eIch bin so froh, dass du es mir gesagt hast, und ich m\u00f6chte, dass du wei\u00dft, dass dies unsere Beziehung in keiner Weise ver\u00e4ndern wird.\u201c<\/li>\n<li>\u201eIch freue mich wirklich f\u00fcr dich.\u201c<\/li>\n<\/ul>\n<p>Stellen Sie sicher, dass Sie Unterst\u00fctzung senden, anstatt zu leugnen, was die Person zu Ihnen gesagt hat. Beziehen Sie sich nicht auf eine Phase. Zeigen Sie Unterst\u00fctzung und h\u00f6ren Sie zu.<\/p>\n<p>Verwenden Sie im Gespr\u00e4ch mit anderen au\u00dferdem eine LGBTQ+-bejahende Sprache. Eliminieren Sie geschlechtsspezifische Ausdr\u00fccke wie \u201eIhr alle\u201c und ersetzen Sie sie durch \u201eIhr alle\u201c.<\/p>\n\t<h3>Holen Sie sich Hilfe von professionellen Gespr\u00e4chstherapeuten<\/h3>\n<p>Obwohl es wichtig ist, mit Freunden in Kontakt zu bleiben und sich nach ihrer psychischen Gesundheit zu erkundigen, sollten Sie bei Bedenken einen Experten konsultieren.<\/p>\n<p>Psychotherapie oder \u201eGespr\u00e4chstherapie\u201c kann das Suizidrisiko wirksam verringern. Eine Art hei\u00dft kognitive Verhaltenstherapie (CBT). CBT kann Menschen dabei helfen, neue Wege im Umgang mit belastenden Erlebnissen zu erlernen, indem sie darin trainiert wird, alternative Ma\u00dfnahmen in Betracht zu ziehen, wenn Selbstmordgedanken aufkommen.<\/p>\n<p>Eine andere Art der Psychotherapie, die sogenannte Dialektisch-Behaviorale Therapie (DBT), senkt nachweislich die Selbstmordrate bei Menschen mit Borderline-Pers\u00f6nlichkeitsst\u00f6rung, einer schweren psychischen Erkrankung, die durch instabile Stimmungen, Beziehungen, Selbstbild und Verhalten gekennzeichnet ist.<\/p>\n<p>Ein in DBT ausgebildeter Therapeut hilft einer Person zu erkennen, wann ihre Gef\u00fchle oder Handlungen st\u00f6rend oder ungesund sind, und vermittelt die erforderlichen F\u00e4higkeiten, um mit belastenden Situationen besser umzugehen.<\/p>\n<p>&nbsp;<\/p>\n<h2>Haben Sie ein anderes Anliegen?<\/h2>\n<p>211 bietet Informationen und Empfehlungen zu anderen psychischen Problemen und Grundbed\u00fcrfnissen. Informieren Sie sich \u00fcber diese weiteren Hilfsprogramme.<\/p>\n<p>&nbsp;<\/p>\n\t\t\t<a href=\"\/de\/ressourcen\/substanzgebrauch\/\" target=\"_self\">\n\t\t\t\t\t\tSubstanzgebrauch\n\t\t\t\t\t<\/a>\n\t\t\t<a href=\"\/de\/ressourcen\/psychische-gesundheit\/depression\/\" target=\"_self\">\n\t\t\t\t\t\tInformationen zu Depressionen\n\t\t\t\t\t<\/a>\n\t\t\t<a href=\"\/de\/ressourcen\/veteranen\/mentale-gesundheit-fur-veteranen\/\" target=\"_self\">\n\t\t\t\t\t\tPsychische Gesundheit von Veteranen \n\t\t\t\t\t<\/a>\n\t\t\t<a href=\"\/de\/ressourcen\/lebensmittel\/\" target=\"_self\">\n\t\t\t\t\t\tEssen\n\t\t\t\t\t<\/a>\n\t\t\t<a href=\"\/de\/ressourcen\/gehause-unterkunft\/\" target=\"_self\">\n\t\t\t\t\t\tGeh\u00e4use\n\t\t\t\t\t<\/a>\n<h2>Unterst\u00fctzung bei psychischen Problemen finden<\/h2>\n<p>Rufen Sie 988 an oder senden Sie eine SMS, um sofortige Unterst\u00fctzung zu erhalten.<\/p>\n<p>Sie k\u00f6nnen auch professionelle Unterst\u00fctzung f\u00fcr psychische Gesundheit in Ihrer N\u00e4he finden, indem Sie die Datenbank 988 f\u00fcr Verhaltensgesundheitsressourcen durchsuchen, die vom Maryland Information Network bereitgestellt wird.<\/p>\n\t\t\t<a href=\"https:\/\/search.988.mdinfonet.org\/\" target=\"_blank\" rel=\"noopener\">\n\t\t\t\t\t\tSuchen Sie nach Ressourcen f\u00fcr psychische Gesundheit\n\t\t\t\t\t<\/a>\n\t\t\t\t<img decoding=\"async\" src=\"http:\/\/211md.org\/wp-content\/uploads\/2023\/07\/Black-man-talking-to-a-mental-health-counselor.jpg\" alt=\"Schwarzer Mann im Gespr\u00e4ch mit einem Psychologen\" itemprop=\"image\" title=\"Schwarzer Mann im Gespr\u00e4ch mit einem Psychologen\" onerror=\"this.style.display='none'\" loading=\"lazy\" \/>\n\t\t\t\t<img decoding=\"async\" src=\"http:\/\/211md.org\/wp-content\/uploads\/2025\/09\/Teen-texting.jpg\" alt=\"Teenager schreiben SMS\" itemprop=\"image\" title=\"Teenager schreiben SMS\" onerror=\"this.style.display='none'\" loading=\"lazy\" \/>\n<h3>Laufende Unterst\u00fctzung<\/h3>\n<p>Jugendliche k\u00f6nnen Unterst\u00fctzung in einem allgemeinen Gesundheits- oder Verhaltenstraining finden <a href=\"https:\/\/211md.org\/de\/healthcheck\/\">Programm zur Suizidpr\u00e4vention<\/a>\u00a0oder durch ein auf Jugendliche ausgerichtetes Programm wie MDYoungMinds oder Taking Flight.<\/p>\n<h3>Jugend<\/h3>\n<p><a href=\"https:\/\/211md.org\/de\/about\/textnachrichten\/mdyoungminds\/\">MDYoungMinds<\/a> ist ein Textunterst\u00fctzungsprogramm durch 211 und das Maryland Department of Health, Office of Suicide Prevention. Es sendet unterst\u00fctzende Textnachrichten, die sich auf psychische Probleme und Stressoren von Teenagern und Jugendlichen konzentrieren.<\/p>\n<p><a href=\"https:\/\/www.mdcoalition.org\/who-we-help\/youth-helping-youth\/\" target=\"_blank\" rel=\"noopener\">Flug nehmen<\/a> ist ein Peer-Support-Programm mit jungen erwachsenen F\u00fchrungskr\u00e4ften (im Alter von 18 bis 26 Jahren), die pers\u00f6nliche Erfahrungen mit verhaltensbedingten Gesundheitsproblemen oder Traumata haben. Sie st\u00e4rken junge Erwachsene mit w\u00f6chentlichen virtuellen Treffen und <a href=\"https:\/\/www.facebook.com\/TakingFlightMD\/\" target=\"_blank\" rel=\"noopener\">Social-Media-Peer-Unterst\u00fctzung<\/a>.<\/p>\n<h3>Erwachsene<\/h3>\n<p><a href=\"https:\/\/211md.org\/de\/about\/textnachrichten\/md-geistesgesundheit\/\">MDMindHealth<\/a> sendet motivierende Nachrichten und Ressourcen f\u00fcr psychiatrische Dienste. Die Textnachrichten sind bei MDSaludMental auch auf Spanisch verf\u00fcgbar.<\/p>\n<p>Auf dem Handy k\u00f6nnen Sie auf die Schaltfl\u00e4chen unten klicken, um sich anzumelden.<\/p>\n<p><em>Indem Sie MDMindHealth per SMS an 898-211 senden, stimmen Sie dem Erhalt regelm\u00e4\u00dfiger automatisierter Nachrichten zu.<\/em><\/p>\n\t\t\t<a href=\"sms:\/\/898-211;?&#038;body=MDMINDHEALTH\" target=\"_blank\" rel=\"noopener\">\n\t\t\t\t\t\t\tSMS MDMindHealth\n\t\t\t\t\t<\/a>\n\t\t\t<a href=\"sms:\/\/898-211;?&#038;body=MDSALUDMENTAL\" target=\"_blank\" rel=\"noopener\">\n\t\t\t\t\t\t\tText MDSALUDMENTAL\n\t\t\t\t\t<\/a>\n<h3>Von Experten lernen<\/h3>\n<p>Konsultieren Sie auch andere Ressourcen f\u00fcr Ideen, wie Sie \u00fcber psychische Gesundheit und Selbstmord sprechen k\u00f6nnen, wie z. B. Diskussionen von Experten f\u00fcr psychische Gesundheit wie Johnson. Er hat ein<a href=\"https:\/\/www.youtube.com\/watch?v=TFt9EvzgB_4&amp;list=PLtVQyUpVKidoX87oH35VxHwUqOH5X6aeY\" target=\"_blank\" rel=\"noopener\">\u00a0Gespr\u00e4chsreihe mit Schulberatern<\/a>, ein Kinderpsychiater und andere Experten behandeln Themen wie die Unterst\u00fctzung eines Familienmitglieds bei seiner psychischen Gesundheit, die Verwendung von Achtsamkeitsmeditation zur Unterst\u00fctzung Ihres psychischen Wohlbefindens, rassistische Traumata und die Umwandlung Ihres Schmerzes in Leidenschaft.<\/p>\n\t\t<iframe loading=\"lazy\" width=\"560\" height=\"315\" src=\"https:\/\/www.youtube.com\/embed\/TFt9EvzgB_4\" title=\"YouTube-Videoplayer\" frameborder=\"0\" allow=\"accelerometer; autoplay; clipboard-write; encrypted-media; gyroscope; picture-in-picture\" allowfullscreen><\/iframe>\t\n<h2>\n\t\t\tVerwandte Informationen\t<\/h2>\n\t\t<h4><a href=\"\/de\/ressourcen\/alterungsbehinderung\/\" target=\"_self\">Alter &amp; Behinderung<\/a><\/h4>\n\t\t\t\t<a href=\"\/de\/ressourcen\/alterungsbehinderung\/\"  target=\"_self\" itemprop=\"url\">\n\t\t\t\t<img decoding=\"async\" src=\"https:\/\/211md.org\/wp-content\/uploads\/bb-plugin\/cache\/2025_MdInfoNet_Icon-Sets_Aging-disability-square-c466727102cae71e5f27b8539bb51945-.png\" alt=\"2025_MdInfoNet_Icon Sets_Altern-Behinderung\" itemprop=\"image\" title=\"2025_MdInfoNet_Icon Sets_Altern-Behinderung\" onerror=\"this.style.display='none'\" loading=\"lazy\" \/>\n\t\t\t\t<\/a>\n\t\t<h4><a href=\"https:\/\/211md.org\/de\/ressourcen\/kinder-familien\/\" target=\"_blank\" rel=\"noopener\">Kinder &amp; Familien<\/a><\/h4>\n\t\t\t\t<a href=\"https:\/\/211md.org\/de\/ressourcen\/kinder-familien\/\" target=\"_blank\" rel=\"noopener\" itemprop=\"url\">\n\t\t\t\t<img decoding=\"async\" src=\"https:\/\/211md.org\/wp-content\/uploads\/bb-plugin\/cache\/2025_211_Icon-Sets_Child-care-square-a8953c7678f51ed443764342b64ee948-.png\" alt=\"2025_211_Icon Sets_Kinderbetreuung\" itemprop=\"image\" title=\"2025_211_Icon Sets_Kinderbetreuung\" onerror=\"this.style.display='none'\" loading=\"lazy\" \/>\n\t\t\t\t<\/a>\n\t\t<h4><a href=\"\/de\/ressourcen\/hausliche-familiare-gewalt\/\" target=\"_self\">H\u00e4usliche Gewalt<\/a><\/h4>\n\t\t\t\t<a href=\"\/de\/ressourcen\/hausliche-familiare-gewalt\/\"  target=\"_self\" itemprop=\"url\">\n\t\t\t\t<img decoding=\"async\" src=\"https:\/\/211md.org\/wp-content\/uploads\/bb-plugin\/cache\/2025_211_Icon-Sets_Domestic-Violence-square-e6e48b12d9d44dadd394e0d40debfd96-.png\" alt=\"Symbol f\u00fcr h\u00e4usliche Gewalt\" itemprop=\"image\" title=\"2025_211_Icon Sets_H\u00e4usliche Gewalt\" onerror=\"this.style.display='none'\" loading=\"lazy\" \/>\n\t\t\t\t<\/a>\n\t\t<h4><a href=\"\/de\/ressourcen\/arbeitssuche\/\" target=\"_self\">Besch\u00e4ftigung<\/a><\/h4>\n\t\t\t\t<a href=\"\/de\/ressourcen\/arbeitssuche\/\"  target=\"_self\" itemprop=\"url\">\n\t\t\t\t<img decoding=\"async\" src=\"https:\/\/211md.org\/wp-content\/uploads\/bb-plugin\/cache\/2025_MdInfoNet_Icon-Sets_Employment-square-44707bd410e4df10a470bf130ebcea86-.png\" alt=\"2025_MdInfoNet_Icon Sets_Besch\u00e4ftigung\" itemprop=\"image\" title=\"2025_MdInfoNet_Icon Sets_Besch\u00e4ftigung\" onerror=\"this.style.display='none'\" loading=\"lazy\" \/>\n\t\t\t\t<\/a>\n\t\t<h4><a href=\"\/de\/ressourcen\/gesundheitswesen\/\" target=\"_self\">Gesundheitsvorsorge<\/a><\/h4>\n\t\t\t\t<a href=\"\/de\/ressourcen\/gesundheitswesen\/\"  target=\"_self\" itemprop=\"url\">\n\t\t\t\t<img decoding=\"async\" src=\"https:\/\/211md.org\/wp-content\/uploads\/bb-plugin\/cache\/2025_MdInfoNet_Icon-Sets_Health-Care-square-dee98a0060cbe0e7f27eda253fc12679-.png\" alt=\"2025_MdInfoNet_Icon Sets_Gesundheitswesen\" itemprop=\"image\" title=\"2025_MdInfoNet_Icon Sets_Gesundheitswesen\" onerror=\"this.style.display='none'\" loading=\"lazy\" \/>\n\t\t\t\t<\/a>\n\t\t<h4><a href=\"\/de\/ressourcen\/kinder-familien\/verwandtschaftspflege\/\" target=\"_self\">Verwandtschaft<\/a><\/h4>\n\t\t\t\t<a href=\"\/de\/ressourcen\/kinder-familien\/verwandtschaftspflege\/\"  target=\"_self\" itemprop=\"url\">\n\t\t\t\t<img decoding=\"async\" src=\"https:\/\/211md.org\/wp-content\/uploads\/bb-plugin\/cache\/2025_211_Icon-Sets_Kinship-square-21d4c353354c53c083c80118abb066f2-.png\" alt=\"Verwandtschaftssymbol\" itemprop=\"image\" title=\"2025_211_Icon Sets_Verwandtschaft\" onerror=\"this.style.display='none'\" loading=\"lazy\" \/>\n\t\t\t\t<\/a>\n\t\t<h4><a href=\"\/de\/ressourcen\/rechtsberatung\/\" target=\"_self\">Rechtsberatung<\/a><\/h4>\n\t\t\t\t<a href=\"\/de\/ressourcen\/rechtsberatung\/\"  target=\"_self\" itemprop=\"url\">\n\t\t\t\t<img decoding=\"async\" src=\"https:\/\/211md.org\/wp-content\/uploads\/bb-plugin\/cache\/2025_MdInfoNet_Icon-Sets_Legal-square-18fdf438feb8435588174d9046463257-.png\" alt=\"2025_MdInfoNet_Icon Sets_Legal\" itemprop=\"image\" title=\"2025_MdInfoNet_Icon Sets_Legal\" onerror=\"this.style.display='none'\" loading=\"lazy\" \/>\n\t\t\t\t<\/a>\n\t\t<h4><a href=\"\/de\/ressourcen\/psychische-gesundheit\/\" target=\"_self\">Psychische Gesundheit<\/a><\/h4>\n\t\t\t\t<a href=\"\/de\/ressourcen\/psychische-gesundheit\/\"  target=\"_self\" itemprop=\"url\">\n\t\t\t\t<img decoding=\"async\" src=\"https:\/\/211md.org\/wp-content\/uploads\/bb-plugin\/cache\/2025_MdInfoNet_Icon-Sets_Mental-Health-square-c59b38c4a993a947d4c9280fbe2d2fee-.png\" alt=\"2025_MdInfoNet_Icon Sets_Psychische Gesundheit\" itemprop=\"image\" title=\"2025_MdInfoNet_Icon Sets_Psychische Gesundheit\" onerror=\"this.style.display='none'\" loading=\"lazy\" \/>\n\t\t\t\t<\/a>\n\t\t<h4><a href=\"\/de\/ressourcen\/mdreentry\/\" target=\"_self\">Wiedereintritt<\/a><\/h4>\n\t\t\t\t<a href=\"\/de\/ressourcen\/mdreentry\/\"  target=\"_self\" itemprop=\"url\">\n\t\t\t\t<img decoding=\"async\" src=\"https:\/\/211md.org\/wp-content\/uploads\/bb-plugin\/cache\/2025_211_Icon-Sets_Reentry-square-f36b65d903a62fd4c3819ff05988ca60-.png\" alt=\"Symbol \u201eWiedereintritt\u201c\" itemprop=\"image\" title=\"2025_211_Icon Sets_Wiedereintritt\" onerror=\"this.style.display='none'\" loading=\"lazy\" \/>\n\t\t\t\t<\/a>\n\t\t<h4><a href=\"\/de\/ressourcen\/substanzgebrauch\/\" target=\"_self\">Substanzgebrauch<\/a><\/h4>\n\t\t\t\t<a href=\"\/de\/ressourcen\/substanzgebrauch\/\"  target=\"_self\" itemprop=\"url\">\n\t\t\t\t<img decoding=\"async\" src=\"https:\/\/211md.org\/wp-content\/uploads\/bb-plugin\/cache\/2025_MdInfoNet_Icon-Sets_Substance-Abuse-square-9022fec9d18a64118ad685c101885b55-.png\" alt=\"2025_MdInfoNet_Icon Sets_Substance Abuse\" itemprop=\"image\" title=\"2025_MdInfoNet_Icon Sets_Substance Abuse\" onerror=\"this.style.display='none'\" loading=\"lazy\" \/>\n\t\t\t\t<\/a>\n\t\t<h4><a href=\"\/de\/ressourcen\/veteranen\/\" target=\"_self\">Veteranen<\/a><\/h4>\n\t\t\t\t<a href=\"\/de\/ressourcen\/veteranen\/\"  target=\"_self\" itemprop=\"url\">\n\t\t\t\t<img decoding=\"async\" src=\"https:\/\/211md.org\/wp-content\/uploads\/bb-plugin\/cache\/2025_MdInfoNet_Icon-Sets_Rating-square-6e60d00cce4faa8e0a6d4ad7366aa733-.png\" alt=\"2025_MdInfoNet_Icon Sets_Bewertung\" itemprop=\"image\" title=\"2025_MdInfoNet_Icon Sets_Bewertung\" onerror=\"this.style.display='none'\" loading=\"lazy\" \/>\n\t\t\t\t<\/a>","protected":false},"excerpt":{"rendered":"<p>Standard\u00fcberschrift der Seite: Offene Gespr\u00e4che k\u00f6nnen Suizid verhindern. Dar\u00fcber zu sprechen hilft, Stigmata und Barrieren im Zusammenhang mit psychischen Erkrankungen abzubauen. Lernen Sie, welche Fragen Sie stellen sollten. Wenn Sie sofortige Hilfe ben\u00f6tigen, rufen Sie 988 an, um rund um die Uhr mit jemandem zu sprechen. Erste Schritte \u00dcber Suizid sprechen Es mag schwer erscheinen, \u00fcber Suizid zu sprechen, aber Reden kann Suizid verhindern\u2026<\/p>","protected":false},"author":8,"featured_media":4020,"parent":836,"menu_order":0,"comment_status":"closed","ping_status":"closed","template":"","meta":{"footnotes":""},"class_list":["post-1130","page","type-page","status-publish","has-post-thumbnail","hentry"],"_links":{"self":[{"href":"https:\/\/211md.org\/de\/wp-json\/wp\/v2\/pages\/1130","targetHints":{"allow":["GET"]}}],"collection":[{"href":"https:\/\/211md.org\/de\/wp-json\/wp\/v2\/pages"}],"about":[{"href":"https:\/\/211md.org\/de\/wp-json\/wp\/v2\/types\/page"}],"author":[{"embeddable":true,"href":"https:\/\/211md.org\/de\/wp-json\/wp\/v2\/users\/8"}],"replies":[{"embeddable":true,"href":"https:\/\/211md.org\/de\/wp-json\/wp\/v2\/comments?post=1130"}],"version-history":[{"count":9,"href":"https:\/\/211md.org\/de\/wp-json\/wp\/v2\/pages\/1130\/revisions"}],"predecessor-version":[{"id":33825,"href":"https:\/\/211md.org\/de\/wp-json\/wp\/v2\/pages\/1130\/revisions\/33825"}],"up":[{"embeddable":true,"href":"https:\/\/211md.org\/de\/wp-json\/wp\/v2\/pages\/836"}],"wp:featuredmedia":[{"embeddable":true,"href":"https:\/\/211md.org\/de\/wp-json\/wp\/v2\/media\/4020"}],"wp:attachment":[{"href":"https:\/\/211md.org\/de\/wp-json\/wp\/v2\/media?parent=1130"}],"curies":[{"name":"wp","href":"https:\/\/api.w.org\/{rel}","templated":true}]}}