{"id":1133,"date":"2021-04-19T16:54:37","date_gmt":"2021-04-19T16:54:37","guid":{"rendered":"https:\/\/211md.org\/?page_id=1133"},"modified":"2025-09-11T08:50:21","modified_gmt":"2025-09-11T12:50:21","slug":"depression","status":"publish","type":"page","link":"https:\/\/211md.org\/de\/resources\/mental-health\/depression\/","title":{"rendered":"Depressionen bei Erwachsenen und Teenagern: Anzeichen, Symptome und Unterst\u00fctzung"},"content":{"rendered":"<img decoding=\"async\" src=\"https:\/\/stg-maryland211-staging.kinsta.cloud\/wp-content\/uploads\/2025\/08\/5-1-scaled.png\" alt=\"5\" itemprop=\"image\" height=\"692\" width=\"2560\" title=\"5\" onerror=\"this.style.display='none'\" loading=\"lazy\" \/>\n\t\t<h1><a href=\"#start\" target=\"_self\">Standard-Seiten\u00fcberschrift<\/a><\/h1><p>Wie f\u00fchlen Sie sich? Sei ehrlich zu dir selbst. F\u00fchlen Sie sich manchmal \u201edeprimiert\u201c, niedergeschlagen oder traurig? Es ist normal, eine Reihe von Emotionen zu empfinden, aber wenn diese Gef\u00fchle Ihr t\u00e4gliches Leben beeintr\u00e4chtigen, k\u00f6nnte dies ein Zeichen f\u00fcr eine ernstere Erkrankung sein, die als Depression bezeichnet wird.<\/p>\n<p>Informieren Sie sich \u00fcber die Warnsignale und holen Sie sich Hilfe.<\/p>\n<p>Rufen Sie 988 f\u00fcr sofortige Unterst\u00fctzung an.<\/p>\n\t\t\t<a href=\"#start\" target=\"_self\">\n\t\t\t\t\t\tErste Schritte\n\t\t\t\t\t<\/a>\n\t\t\t\t<img decoding=\"async\" src=\"https:\/\/211md.org\/wp-content\/plugins\/bb-plugin\/img\/pixel.png\" alt=\"\" itemprop=\"image\" onerror=\"this.style.display='none'\" loading=\"lazy\" \/>\n\t\t\t\t<img decoding=\"async\" src=\"https:\/\/stg-maryland211-staging.kinsta.cloud\/wp-content\/uploads\/2025\/08\/16.png\" alt=\"16\" itemprop=\"image\" height=\"1000\" width=\"1000\" title=\"16\" onerror=\"this.style.display='none'\" loading=\"lazy\" \/>\n\t\t\t\t<img decoding=\"async\" src=\"http:\/\/211md.org\/wp-content\/uploads\/2025\/09\/Man-looking-out-window-thinking.jpg\" alt=\"Mann schaut aus dem Fenster und denkt nach\" itemprop=\"image\" title=\"Mann schaut aus dem Fenster und denkt nach\" onerror=\"this.style.display='none'\" loading=\"lazy\" \/>\n\t<h2>Depressionen 101<\/h2>\n<p>Depressionen k\u00f6nnen jeden treffen und bei Kindern, Jugendlichen, jungen Erwachsenen und Erwachsenen unterschiedlich aussehen. Sie kann allein oder in Kombination mit anderen psychischen Erkrankungen und chronischen Erkrankungen auftreten. Beispielsweise kann eine Diagnose oder ein Kampf gegen Krebs, Diabetes oder Herzerkrankungen eine Depression ausl\u00f6sen.<\/p>\n<p>Auch Lebensereignisse k\u00f6nnen Symptome ausl\u00f6sen. Beispielsweise kann eine Schwangerschaft sowohl w\u00e4hrend als auch nach der Schwangerschaft Symptome einer Depression hervorrufen.<\/p>\n<p>Die Jahreszeiten k\u00f6nnen dazu f\u00fchren, dass Sie sich blau f\u00fchlen, besonders w\u00e4hrend eines langen, kalten Winters. Es kann auch zu jeder Jahreszeit passieren.<\/p>\n\t<h3>Habe ich Depressionen?<\/h3>\n<p>Es gibt verschiedene Anzeichen und Symptome einer Depression, die je nach Alter variieren k\u00f6nnen. Obwohl Traurigkeit ein Symptom einer Depression ist, ist es mehr als das. Es ist auch ein Gef\u00fchl der Hoffnungslosigkeit und Wertlosigkeit \u00fcber mehr als zwei Wochen hinweg, verbunden mit einer Abwechslung bei Dingen, die Ihnen fr\u00fcher Spa\u00df gemacht haben.<\/p>\n<p>Die\u00a0<a href=\"https:\/\/www.nimh.nih.gov\/health\/publications\/depression\" target=\"_blank\" rel=\"noopener\">Nationales Institut f\u00fcr psychische Gesundheit<\/a>\u00a0schl\u00e4gt vor, sich diese Fragen zu stellen.<\/p>\n<p>F\u00fchle ich ...?<\/p>\n<ul>\n<li>St\u00e4ndig traurig, \u00e4ngstlich, wertlos oder \u201eleer\u201c?<\/li>\n<li>Hoffnungslos oder pessimistisch?<\/li>\n<li>Leicht frustriert, w\u00fctend, gereizt oder unruhig?<\/li>\n<li>Kein Interesse an Hobbys oder Aktivit\u00e4ten, die ich fr\u00fcher genossen habe?<\/li>\n<li>Ich ziehe mich von Freunden und Familie zur\u00fcck?<\/li>\n<li>F\u00fchlen Sie sich schuldig, wertlos oder hilflos?<\/li>\n<li>F\u00e4llt es Ihnen schwerer, Entscheidungen zu treffen, sich zu erinnern oder sich zu konzentrieren?<\/li>\n<li>Meine t\u00e4glichen Ess- und Schlafgewohnheiten haben sich ge\u00e4ndert?<\/li>\n<li>M\u00fcde, ersch\u00f6pft oder haben Sie Ged\u00e4chtnisverlust erlebt?<\/li>\n<li>Schmerzen, Kopfschmerzen, Kr\u00e4mpfe oder Verdauungsprobleme, die keine Ursache haben oder mit der Behandlung nicht verschwinden.<\/li>\n<li>Als w\u00fcrde ich mir selbst Schaden zuf\u00fcgen oder Selbstmord begehen?<\/li>\n<\/ul>\n<p>Erwachsene k\u00f6nnen auch andere Symptome wie Schlaflosigkeit mitten in der Nacht, verminderte Libido, gastrointestinale Symptome, Traurigkeit oder Trauer erfahren.<\/p>\n<p>Ihre Symptome k\u00f6nnen von denen eines Freundes oder Familienmitglieds abweichen.<\/p>\n<p>Jugendliche\/Jugendliche sollten sich auch fragen, ob sie das Gef\u00fchl haben ...?<\/p>\n<ul>\n<li>Dass es ihnen in der Schule nicht so gut geht?<\/li>\n<\/ul>\n<p>W\u00e4hrend die Symptome einer Depression bei Teenagern und Erwachsenen \u00e4hnlich sind, gibt es einige Unterschiede. Kennen Sie die Warnzeichen von Depressionen und anderen psychischen Erkrankungen bei Teenagern und <a href=\"https:\/\/211md.org\/de\/ressourcen\/psychische-gesundheit\/teenager-unterstutzung\/\" rel=\"noopener\">wie bekommt man jugendliche unterst\u00fctzung<\/a>. Sie sind nicht allein. Hilfe ist verf\u00fcgbar.<\/p>\n<h3>Wie wird eine Depression diagnostiziert?<\/h3>\n<p>Eine Depression wird anhand der Anzahl der Symptome diagnostiziert, die Sie jeden Tag haben. Wenn Sie t\u00e4glich, fast den ganzen Tag, f\u00fcnf Depressionssymptome haben und dieses Muster mindestens zwei Wochen lang anh\u00e4lt, haben Sie m\u00f6glicherweise eine Depression. Das National Institute of Mental Health sagt, dass eines der Symptome eine depressive Stimmung oder ein Verlust des Interesses an fast allen Aktivit\u00e4ten sein muss.<\/p>\n<p>Ein Verhaltensmediziner kann Ihren Zustand diagnostizieren und Unterst\u00fctzung und Behandlung anbieten. Wenn Sie keinen Termin bekommen, k\u00f6nnen Sie auch Hilfe und Unterst\u00fctzung von Ihrem Hausarzt erhalten.<\/p>\n\t<h2>M\u00fcssen reden?\u00a0<\/h2>\n<p><strong>Rufen Sie an oder schreiben Sie eine SMS an 988<\/strong><\/p>\n<p>&nbsp;<\/p>\n\t\t\t<a href=\"https:\/\/988lifeline.org\/chat\/\" target=\"_blank\" rel=\"noopener\">\n\t\t\t\t\t\t\tJetzt chatten (Englisch)\n\t\t\t\t\t<\/a>\n\t\t\t<a href=\"https:\/\/988lifeline.org\/es\/chat\/\" target=\"_blank\" rel=\"noopener\">\n\t\t\t\t\t\t\tChatea Ahora (Spanisch)\n\t\t\t\t\t<\/a>\n\t<p>Jeder, der Hilfe bei der psychischen Gesundheit oder im Zusammenhang mit Substanzgebrauch ben\u00f6tigt, kann 988 anrufen. <a href=\"https:\/\/health.maryland.gov\/bha\/Pages\/988md.aspx\" target=\"_blank\" rel=\"noopener\">Erfahren Sie mehr \u00fcber 988 in Maryland<\/a>.<\/p>\n<h2>Hilfe bei psychischen Problemen<\/h2>\n<p>Wenn Sie sich niedergeschlagen f\u00fchlen und dies Auswirkungen auf Ihr t\u00e4gliches Leben hat, sollten Sie die Hilfe eines Verhaltensmediziners in Anspruch nehmen. Wenn Sie Hilfe bei der Suche ben\u00f6tigen:<\/p>\n<ul>\n<li>W\u00e4hlen Sie 211<\/li>\n<li>Suchen Sie in Marylands umfassendster Datenbank mit lokalen Ressourcen f\u00fcr die psychische Gesundheit, die vom Maryland Information Network bereitgestellt wird, nach einer Ressource f\u00fcr psychische Gesundheit in Ihrer N\u00e4he.<\/li>\n<\/ul>\n\t\t\t<a href=\"https:\/\/search.988.mdinfonet.org\/\" target=\"_blank\" rel=\"noopener\">\n\t\t\t\t\t\t\tSuchen Sie nach Anbietern f\u00fcr psychische Gesundheit\n\t\t\t\t\t<\/a>\n\t<p>Wenn Sie Eltern oder Betreuer sind, informieren Sie sich <a href=\"https:\/\/211md.org\/de\/ressourcen\/psychische-gesundheit\/teenager-unterstutzung\/\">Programme f\u00fcr psychische Gesundheit, die speziell f\u00fcr Teenager entwickelt wurden<\/a>.<\/p>\n<p>Wenn Sie sofortige Unterst\u00fctzung ben\u00f6tigen, rufen Sie 988 an und sprechen Sie mit einem ausgebildeten Fachmann.<\/p>\n\t\t\t\t<img decoding=\"async\" src=\"https:\/\/211md.org\/wp-content\/uploads\/2023\/04\/Woman-in-wheelchair-getting-mental-health-support.jpg\" alt=\"Frau im Rollstuhl, die psychische Unterst\u00fctzung erh\u00e4lt\" itemprop=\"image\" height=\"800\" width=\"1200\" title=\"Frau im Rollstuhl, die psychische Unterst\u00fctzung erh\u00e4lt\" onerror=\"this.style.display='none'\" loading=\"lazy\" \/>\n<h3>Einen Therapeuten finden<\/h3>\n<p>211 ist sich dar\u00fcber im Klaren, dass es schwierig ist, einen Termin f\u00fcr eine Verhaltenstherapie zu bekommen, und manchmal, wenn man einen Termin bekommt, dann nicht bei einer Person, mit der man in Kontakt kommt oder die man gerne mitteilen m\u00f6chte, wie man sich wirklich f\u00fchlt.<\/p>\n<p>W\u00e4hrend eines <a href=\"https:\/\/211md.org\/de\/mentale-gesundheitsziele\/\" target=\"_blank\" rel=\"noopener\">Diskussion<\/a> 92Q und Psychologen diskutierten \u00fcber die Festlegung psychischer Gesundheitsziele. 211 und andere Diskussionsteilnehmer sprachen dar\u00fcber, wie schwierig es sei, einen Therapeuten zu finden, der eine farbige Person ist oder jemanden, der einen versteht. Wenn man sich mit der Person nicht wohlf\u00fchlt, ist man m\u00f6glicherweise weniger geneigt, alles zu erz\u00e4hlen.<\/p>\n<p>Warten Sie jedoch nicht, bis Sie den perfekten Therapeuten gefunden haben.<\/p>\n<p>Wenn Sie bei Ihrem bevorzugten Therapeuten keinen Termin bekommen, sollten Sie sich auf die Warteliste setzen lassen und einen Termin mit jemand anderem vereinbaren. Beginnen Sie das Gespr\u00e4ch mit jemandem, und irgendwann finden Sie den Therapeuten, mit dem Sie wirklich eine Verbindung haben.<\/p>\n<p>Neben der Herausforderung, einen Termin zu bekommen, kann es auch ein Versuch und Irrtum sein, eine Verbindung zu finden. Wenn Sie jemanden finden, mit dem Sie keine Verbindung haben, ist das in Ordnung. Suchen Sie nach jemand anderem.<\/p>\n<p>211 ist immer f\u00fcr Sie da. Unsere Programme sind kostenlos und vertraulich und verbinden Sie mit einem ausgebildeten, f\u00fcrsorglichen und mitf\u00fchlenden Experten.<\/p>\n<h3>Freitextunterst\u00fctzung<\/h3>\n<p>MDMindHealth\/MDSaludMental bieten inspirierende und motivierende SMS-Unterst\u00fctzung f\u00fcr Erwachsene. Verf\u00fcgbar auf Englisch und Spanisch.<\/p>\n<p>Beide Programme sind verf\u00fcgbar, wenn Sie sie ben\u00f6tigen.<\/p>\n<p>Sie sind nicht allein! Kostenlose und vertrauliche Hilfe ist verf\u00fcgbar.<\/p>\n\t\t\t<a href=\"https:\/\/211md.org\/de\/about\/textnachrichten\/md-geistesgesundheit\/\" target=\"_blank\" rel=\"noopener\">\n\t\t\t\t\t\t\tErfahren Sie mehr\n\t\t\t\t\t<\/a>\n\t<h3>Psychische Gesundheitsunterst\u00fctzung f\u00fcr Jugendliche<\/h3>\n<p>Denken Sie daran, dass die psychische Gesundheit bei Kindern, Jugendlichen und jungen Erwachsenen unterschiedlich aussehen kann. Achten Sie auf die Warnzeichen und holen Sie sich Hilfe von speziellen Programmen f\u00fcr die psychische Gesundheit von Jugendlichen in Maryland.<\/p>\n<p>211 bietet ein kostenloses SMS-Supportsystem f\u00fcr Jugendliche. Jugendliche k\u00f6nnen sich bei MDYoungMinds anmelden. Es bietet unterst\u00fctzende SMS. Diese k\u00f6nnen Ressourcen zu Depressionen, psychischer Gesundheit von Teenagern und Jugendlichen sowie Unterst\u00fctzungsprogramme enthalten.<\/p>\n\t\t\t<a href=\"https:\/\/211md.org\/de\/about\/textnachrichten\/mdyoungminds\/\" target=\"_self\">\n\t\t\t\t\t\t\tErfahren Sie mehr \u00fcber mdyoungminds\n\t\t\t\t\t<\/a>\n\t<p>Jugendliche k\u00f6nnen sich auch mit Gleichaltrigen vernetzen, die dadurch ein psychisches Problem oder Trauma erlebt haben\u00a0<a href=\"https:\/\/www.mdcoalition.org\/who-we-help\/youth-helping-youth\/\" target=\"_blank\" rel=\"noopener\">Take-Flight-Programm<\/a>.<\/p>\n<p>Du kannst auch\u00a0<a href=\"https:\/\/www.childrensmentalhealthmatters.org\/files\/2021\/03\/CMHM-Family-Resource-Kit-2021.pdf\" target=\"_blank\" rel=\"noopener\">Laden Sie das Family Resource Kit \u201eChildren&#039;s Health Matters\u201c herunter<\/a>. Es handelt sich um einen umfassenden Leitfaden zu Symptomen und Anzeichen der psychischen Gesundheit und bietet gleichzeitig Behandlungsoptionen und Unterst\u00fctzung in Maryland.<\/p>\n\t\t\t\t<img decoding=\"async\" src=\"http:\/\/211md.org\/wp-content\/uploads\/2025\/09\/teenage-skateboarder-thinking.jpg\" alt=\"Teenager Skateboard denken\" itemprop=\"image\" title=\"Teenager Skateboard denken\" onerror=\"this.style.display='none'\" loading=\"lazy\" \/>\n<h2>M\u00f6glichkeiten zur Verbesserung der psychischen Gesundheit<\/h2>\n<p>Zus\u00e4tzlich zu diesen kostenlosen und vertraulichen Programmen k\u00f6nnen Sie Ihre psychische Gesundheit unterst\u00fctzen, indem Sie mit einem Erwachsenen Ihres Vertrauens sprechen. Dies kann eine ausgebildete Fachkraft, ein Elternteil, ein Familienmitglied, ein Vormund, ein Lehrer, ein Schulberater oder ein Arzt, einschlie\u00dflich Kinder\u00e4rzte, sein.<\/p>\n<p>Neben der Hilfe von Fachleuten ist es wichtig, Zeit mit Freunden und Familienmitgliedern zu verbringen, aktiv zu bleiben, eine regelm\u00e4\u00dfige Schlafroutine einzuhalten und sich gesund zu ern\u00e4hren.<\/p>\n<h3><strong>Selbstmord verhindern mit Achtsamkeit<\/strong><\/h3>\n<p>Sie k\u00f6nnen auch K\u00f6rper-Geist-\u00dcbungen wie Achtsamkeit ausprobieren, um Unterst\u00fctzung und Hilfe zu finden, wenn Sie an Selbstmord denken oder sich niedergeschlagen f\u00fchlen. Dies sind lehrreiche Achtsamkeitsvideos von\u00a0<a href=\"https:\/\/nowmattersnow.org\/skill\/mindfulness\" target=\"_blank\" rel=\"noopener\">Jetzt z\u00e4hlt jetzt<\/a>, eine Sammlung von Ressourcen, die sich mit Forschung, Ressourcen und Berichten aus erster Hand \u00fcber Selbstmordgedanken auf die Verhinderung von Selbstmord konzentrieren.<\/p>\n<p>Now Matters Now bietet Achtsamkeitskompetenzen und weist darauf hin, dass eine Achtsamkeitspraxis \u201eIhr schlimmster Feind\u201c ist, wenn Sie Selbstmordgedanken haben.<\/p>\n<p>Denken Sie daran, dass auch pers\u00f6nliche Unterst\u00fctzung im Bereich der psychischen Gesundheit immer verf\u00fcgbar ist, indem Sie 988 anrufen oder eine SMS senden.<\/p>\n\t\t<iframe loading=\"lazy\" src=\"https:\/\/player.vimeo.com\/video\/101372253?h=961480ee68&#038;title=0&#038;byline=0\" width=\"640\" height=\"360\" frameborder=\"0\" allow=\"autoplay; fullscreen; picture-in-picture\" allowfullscreen><\/iframe>\t\n<h2>\n\t\t\tVerwandte Informationen\t<\/h2>\n\t\t<h4><a href=\"\/de\/ressourcen\/alterungsbehinderung\/\" target=\"_self\">Alter &amp; Behinderung<\/a><\/h4>\n\t\t\t\t<a href=\"\/de\/ressourcen\/alterungsbehinderung\/\"  target=\"_self\" itemprop=\"url\">\n\t\t\t\t<img decoding=\"async\" src=\"https:\/\/211md.org\/wp-content\/uploads\/bb-plugin\/cache\/2025_MdInfoNet_Icon-Sets_Aging-disability-square-c466727102cae71e5f27b8539bb51945-.png\" alt=\"2025_MdInfoNet_Icon Sets_Altern-Behinderung\" itemprop=\"image\" title=\"2025_MdInfoNet_Icon Sets_Altern-Behinderung\" onerror=\"this.style.display='none'\" loading=\"lazy\" \/>\n\t\t\t\t<\/a>\n\t\t<h4><a href=\"https:\/\/211md.org\/de\/ressourcen\/kinder-familien\/\" target=\"_blank\" rel=\"noopener\">Kinder &amp; Familien<\/a><\/h4>\n\t\t\t\t<a href=\"https:\/\/211md.org\/de\/ressourcen\/kinder-familien\/\" target=\"_blank\" rel=\"noopener\" itemprop=\"url\">\n\t\t\t\t<img decoding=\"async\" src=\"https:\/\/211md.org\/wp-content\/uploads\/bb-plugin\/cache\/2025_211_Icon-Sets_Child-care-square-a8953c7678f51ed443764342b64ee948-.png\" alt=\"2025_211_Icon Sets_Kinderbetreuung\" itemprop=\"image\" title=\"2025_211_Icon Sets_Kinderbetreuung\" onerror=\"this.style.display='none'\" loading=\"lazy\" \/>\n\t\t\t\t<\/a>\n\t\t<h4><a href=\"\/de\/ressourcen\/hausliche-familiare-gewalt\/\" target=\"_self\">H\u00e4usliche Gewalt<\/a><\/h4>\n\t\t\t\t<a href=\"\/de\/ressourcen\/hausliche-familiare-gewalt\/\"  target=\"_self\" itemprop=\"url\">\n\t\t\t\t<img decoding=\"async\" src=\"https:\/\/211md.org\/wp-content\/uploads\/bb-plugin\/cache\/2025_211_Icon-Sets_Domestic-Violence-square-e6e48b12d9d44dadd394e0d40debfd96-.png\" alt=\"Symbol f\u00fcr h\u00e4usliche Gewalt\" itemprop=\"image\" title=\"2025_211_Icon Sets_H\u00e4usliche Gewalt\" onerror=\"this.style.display='none'\" loading=\"lazy\" \/>\n\t\t\t\t<\/a>\n\t\t<h4><a href=\"\/de\/ressourcen\/arbeitssuche\/\" target=\"_self\">Besch\u00e4ftigung<\/a><\/h4>\n\t\t\t\t<a href=\"\/de\/ressourcen\/arbeitssuche\/\"  target=\"_self\" itemprop=\"url\">\n\t\t\t\t<img decoding=\"async\" src=\"https:\/\/211md.org\/wp-content\/uploads\/bb-plugin\/cache\/2025_MdInfoNet_Icon-Sets_Employment-square-44707bd410e4df10a470bf130ebcea86-.png\" alt=\"2025_MdInfoNet_Icon Sets_Besch\u00e4ftigung\" itemprop=\"image\" title=\"2025_MdInfoNet_Icon Sets_Besch\u00e4ftigung\" onerror=\"this.style.display='none'\" loading=\"lazy\" \/>\n\t\t\t\t<\/a>\n\t\t<h4><a href=\"\/de\/ressourcen\/gesundheitswesen\/\" target=\"_self\">Gesundheitsvorsorge<\/a><\/h4>\n\t\t\t\t<a href=\"\/de\/ressourcen\/gesundheitswesen\/\"  target=\"_self\" itemprop=\"url\">\n\t\t\t\t<img decoding=\"async\" src=\"https:\/\/211md.org\/wp-content\/uploads\/bb-plugin\/cache\/2025_MdInfoNet_Icon-Sets_Health-Care-square-dee98a0060cbe0e7f27eda253fc12679-.png\" alt=\"2025_MdInfoNet_Icon Sets_Gesundheitswesen\" itemprop=\"image\" title=\"2025_MdInfoNet_Icon Sets_Gesundheitswesen\" onerror=\"this.style.display='none'\" loading=\"lazy\" \/>\n\t\t\t\t<\/a>\n\t\t<h4><a href=\"\/de\/ressourcen\/kinder-familien\/verwandtschaftspflege\/\" target=\"_self\">Verwandtschaft<\/a><\/h4>\n\t\t\t\t<a href=\"\/de\/ressourcen\/kinder-familien\/verwandtschaftspflege\/\"  target=\"_self\" itemprop=\"url\">\n\t\t\t\t<img decoding=\"async\" src=\"https:\/\/211md.org\/wp-content\/uploads\/bb-plugin\/cache\/2025_211_Icon-Sets_Kinship-square-21d4c353354c53c083c80118abb066f2-.png\" alt=\"Verwandtschaftssymbol\" itemprop=\"image\" title=\"2025_211_Icon Sets_Verwandtschaft\" onerror=\"this.style.display='none'\" loading=\"lazy\" \/>\n\t\t\t\t<\/a>\n\t\t<h4><a href=\"\/de\/ressourcen\/rechtsberatung\/\" target=\"_self\">Rechtsberatung<\/a><\/h4>\n\t\t\t\t<a href=\"\/de\/ressourcen\/rechtsberatung\/\"  target=\"_self\" itemprop=\"url\">\n\t\t\t\t<img decoding=\"async\" src=\"https:\/\/211md.org\/wp-content\/uploads\/bb-plugin\/cache\/2025_MdInfoNet_Icon-Sets_Legal-square-18fdf438feb8435588174d9046463257-.png\" alt=\"2025_MdInfoNet_Icon Sets_Legal\" itemprop=\"image\" title=\"2025_MdInfoNet_Icon Sets_Legal\" onerror=\"this.style.display='none'\" loading=\"lazy\" \/>\n\t\t\t\t<\/a>\n\t\t<h4><a href=\"\/de\/ressourcen\/psychische-gesundheit\/\" target=\"_self\">Psychische Gesundheit<\/a><\/h4>\n\t\t\t\t<a href=\"\/de\/ressourcen\/psychische-gesundheit\/\"  target=\"_self\" itemprop=\"url\">\n\t\t\t\t<img decoding=\"async\" src=\"https:\/\/211md.org\/wp-content\/uploads\/bb-plugin\/cache\/2025_MdInfoNet_Icon-Sets_Mental-Health-square-c59b38c4a993a947d4c9280fbe2d2fee-.png\" alt=\"2025_MdInfoNet_Icon Sets_Psychische Gesundheit\" itemprop=\"image\" title=\"2025_MdInfoNet_Icon Sets_Psychische Gesundheit\" onerror=\"this.style.display='none'\" loading=\"lazy\" \/>\n\t\t\t\t<\/a>\n\t\t<h4><a href=\"\/de\/ressourcen\/mdreentry\/\" target=\"_self\">Wiedereintritt<\/a><\/h4>\n\t\t\t\t<a href=\"\/de\/ressourcen\/mdreentry\/\"  target=\"_self\" itemprop=\"url\">\n\t\t\t\t<img decoding=\"async\" src=\"https:\/\/211md.org\/wp-content\/uploads\/bb-plugin\/cache\/2025_211_Icon-Sets_Reentry-square-f36b65d903a62fd4c3819ff05988ca60-.png\" alt=\"Symbol \u201eWiedereintritt\u201c\" itemprop=\"image\" title=\"2025_211_Icon Sets_Wiedereintritt\" onerror=\"this.style.display='none'\" loading=\"lazy\" \/>\n\t\t\t\t<\/a>\n\t\t<h4><a href=\"\/de\/ressourcen\/substanzgebrauch\/\" target=\"_self\">Substanzgebrauch<\/a><\/h4>\n\t\t\t\t<a href=\"\/de\/ressourcen\/substanzgebrauch\/\"  target=\"_self\" itemprop=\"url\">\n\t\t\t\t<img decoding=\"async\" src=\"https:\/\/211md.org\/wp-content\/uploads\/bb-plugin\/cache\/2025_MdInfoNet_Icon-Sets_Substance-Abuse-square-9022fec9d18a64118ad685c101885b55-.png\" alt=\"2025_MdInfoNet_Icon Sets_Substance Abuse\" itemprop=\"image\" title=\"2025_MdInfoNet_Icon Sets_Substance Abuse\" onerror=\"this.style.display='none'\" loading=\"lazy\" \/>\n\t\t\t\t<\/a>\n\t\t<h4><a href=\"\/de\/ressourcen\/veteranen\/\" target=\"_self\">Veteranen<\/a><\/h4>\n\t\t\t\t<a href=\"\/de\/ressourcen\/veteranen\/\"  target=\"_self\" itemprop=\"url\">\n\t\t\t\t<img decoding=\"async\" src=\"https:\/\/211md.org\/wp-content\/uploads\/bb-plugin\/cache\/2025_MdInfoNet_Icon-Sets_Rating-square-6e60d00cce4faa8e0a6d4ad7366aa733-.png\" alt=\"2025_MdInfoNet_Icon Sets_Bewertung\" itemprop=\"image\" title=\"2025_MdInfoNet_Icon Sets_Bewertung\" onerror=\"this.style.display='none'\" loading=\"lazy\" \/>\n\t\t\t\t<\/a>","protected":false},"excerpt":{"rendered":"<p>Standard-Seiten\u00fcberschrift: Wie f\u00fchlen Sie sich? Seien Sie ehrlich zu sich selbst. F\u00fchlen Sie sich manchmal niedergeschlagen, deprimiert oder traurig? Es ist normal, verschiedene Emotionen zu empfinden, aber wenn diese Gef\u00fchle Ihren Alltag beeintr\u00e4chtigen, kann dies ein Anzeichen f\u00fcr eine ernstere Erkrankung sein: Depression. Erfahren Sie mehr \u00fcber die Warnzeichen und\u2026<\/p>","protected":false},"author":8,"featured_media":3766,"parent":836,"menu_order":0,"comment_status":"closed","ping_status":"closed","template":"","meta":{"footnotes":""},"class_list":["post-1133","page","type-page","status-publish","has-post-thumbnail","hentry"],"_links":{"self":[{"href":"https:\/\/211md.org\/de\/wp-json\/wp\/v2\/pages\/1133","targetHints":{"allow":["GET"]}}],"collection":[{"href":"https:\/\/211md.org\/de\/wp-json\/wp\/v2\/pages"}],"about":[{"href":"https:\/\/211md.org\/de\/wp-json\/wp\/v2\/types\/page"}],"author":[{"embeddable":true,"href":"https:\/\/211md.org\/de\/wp-json\/wp\/v2\/users\/8"}],"replies":[{"embeddable":true,"href":"https:\/\/211md.org\/de\/wp-json\/wp\/v2\/comments?post=1133"}],"version-history":[{"count":9,"href":"https:\/\/211md.org\/de\/wp-json\/wp\/v2\/pages\/1133\/revisions"}],"predecessor-version":[{"id":33830,"href":"https:\/\/211md.org\/de\/wp-json\/wp\/v2\/pages\/1133\/revisions\/33830"}],"up":[{"embeddable":true,"href":"https:\/\/211md.org\/de\/wp-json\/wp\/v2\/pages\/836"}],"wp:featuredmedia":[{"embeddable":true,"href":"https:\/\/211md.org\/de\/wp-json\/wp\/v2\/media\/3766"}],"wp:attachment":[{"href":"https:\/\/211md.org\/de\/wp-json\/wp\/v2\/media?parent=1133"}],"curies":[{"name":"wp","href":"https:\/\/api.w.org\/{rel}","templated":true}]}}