{"id":1163,"date":"2021-04-19T21:28:21","date_gmt":"2021-04-19T21:28:21","guid":{"rendered":"https:\/\/211md.org\/?page_id=1163"},"modified":"2025-10-09T09:08:52","modified_gmt":"2025-10-09T13:08:52","slug":"md-geistesgesundheit","status":"publish","type":"page","link":"https:\/\/211md.org\/de\/about\/text-messages\/md-mindhealth\/","title":{"rendered":"MDMindHealth: SMS-Unterst\u00fctzung f\u00fcr psychische Gesundheit in Maryland"},"content":{"rendered":"<h2>MDMindHealth<\/h2>\n<p>Unterst\u00fctzen Sie Ihre geistige Gesundheit mit unterst\u00fctzenden und ermutigenden Textnachrichten von\u00a0<a href=\"https:\/\/211md.org\/de\/flucht-aus-der-traurigkeit\/\" target=\"_blank\" rel=\"noopener\">MDSindHealth und MDSaludMental<\/a>, ein Programm in Partnerschaft mit dem Gesundheitsministerium von Maryland, Behavioral Health Administration.<\/p>\n<p>Die Textnachrichten konzentrieren sich auf Themen wie:<\/p>\n<ul>\n<li>Vermeiden Sie negative Selbstgespr\u00e4che<\/li>\n<li>Selbstliebe zeigen<\/li>\n<li>Selbstmitgef\u00fchl \u00fcben<\/li>\n<li>Konzentration auf die Gegenwart<\/li>\n<\/ul>\n<p>Holen Sie sich praktische Tipps, die Ihr Leben ver\u00e4ndern k\u00f6nnen. Lassen Sie sich jederzeit mit zus\u00e4tzlichem Support und Ressourcen verbinden.<\/p>\n<p><em>*211 Maryland bietet SMS-Warnprogramme an, die regionalspezifische Ressourceninformationen oder Katastrophenwarnungen bereitstellen. Es k\u00f6nnen Nachrichten- und Datengeb\u00fchren anfallen und die Nachrichtenh\u00e4ufigkeit kann variieren. Um Hilfe zu erhalten, senden Sie eine SMS mit dem Text HELP. Um sich abzumelden, senden Sie eine SMS mit dem Text STOP an dieselbe Nummer. Vollst\u00e4ndige SMS-Bedingungen unter\u00a0<a href=\"https:\/\/211md.org\/de\/sms\/\">https:\/\/211md.org\/sms\/<\/a>\u00a0wird auch gelten.<\/em><\/p>\n\t<h2>Sofortige Unterst\u00fctzung der psychischen Gesundheit<\/h2>\n<p>Wenn Sie mit jemandem \u00fcber Depressionen, Angstzust\u00e4nde, Selbstmord oder Substanzkonsum sprechen m\u00fcssen, rufen Sie 988 an. Sie sprechen mit einem ausgebildeten Fachmann der Suicide &amp; Crisis Lifeline. Sie k\u00f6nnen auch chatten <a href=\"https:\/\/988lifeline.org\/chat\/\" target=\"_blank\" rel=\"noopener\">Englisch<\/a> oder <a href=\"https:\/\/988lifeline.org\/es\/chat\/\" target=\"_blank\" rel=\"noopener\">Spanisch<\/a>.<\/p>\n<p>Du kannst auch <a href=\"https:\/\/search.988.mdinfonet.org\/\" target=\"_blank\" rel=\"noopener\">Durchsuchen Sie die staatlichen Ressourcen zur Verhaltensgesundheit<\/a> bereitgestellt vom Maryland Information Network.<\/p>\n<p>&nbsp;<\/p>","protected":false},"excerpt":{"rendered":"<p>MDMindHealth Unterst\u00fctzen Sie Ihre psychische Gesundheit mit unterst\u00fctzenden und ermutigenden Textnachrichten von MDMindHealth und MDSaludMental, einem Programm in Zusammenarbeit mit dem Gesundheitsministerium von Maryland, Behavioral Health Administration. Die Textnachrichten behandeln Themen wie: Vermeidung negativer Selbstgespr\u00e4che, Selbstfreundlichkeit, Selbstmitgef\u00fchl, Konzentration auf die Gegenwart. Erhalten Sie praktische Tipps, die Ihr Wohlbefinden verbessern k\u00f6nnen\u2026<\/p>","protected":false},"author":8,"featured_media":33928,"parent":962,"menu_order":0,"comment_status":"closed","ping_status":"closed","template":"","meta":{"footnotes":""},"class_list":["post-1163","page","type-page","status-publish","has-post-thumbnail","hentry"],"_links":{"self":[{"href":"https:\/\/211md.org\/de\/wp-json\/wp\/v2\/pages\/1163","targetHints":{"allow":["GET"]}}],"collection":[{"href":"https:\/\/211md.org\/de\/wp-json\/wp\/v2\/pages"}],"about":[{"href":"https:\/\/211md.org\/de\/wp-json\/wp\/v2\/types\/page"}],"author":[{"embeddable":true,"href":"https:\/\/211md.org\/de\/wp-json\/wp\/v2\/users\/8"}],"replies":[{"embeddable":true,"href":"https:\/\/211md.org\/de\/wp-json\/wp\/v2\/comments?post=1163"}],"version-history":[{"count":3,"href":"https:\/\/211md.org\/de\/wp-json\/wp\/v2\/pages\/1163\/revisions"}],"predecessor-version":[{"id":4455,"href":"https:\/\/211md.org\/de\/wp-json\/wp\/v2\/pages\/1163\/revisions\/4455"}],"up":[{"embeddable":true,"href":"https:\/\/211md.org\/de\/wp-json\/wp\/v2\/pages\/962"}],"wp:featuredmedia":[{"embeddable":true,"href":"https:\/\/211md.org\/de\/wp-json\/wp\/v2\/media\/33928"}],"wp:attachment":[{"href":"https:\/\/211md.org\/de\/wp-json\/wp\/v2\/media?parent=1163"}],"curies":[{"name":"wp","href":"https:\/\/api.w.org\/{rel}","templated":true}]}}