{"id":1168,"date":"2021-04-19T21:42:40","date_gmt":"2021-04-19T21:42:40","guid":{"rendered":"https:\/\/211md.org\/?page_id=1168"},"modified":"2025-10-03T16:21:59","modified_gmt":"2025-10-03T20:21:59","slug":"kindergeld","status":"publish","type":"page","link":"https:\/\/211md.org\/de\/resources\/legal-services\/child-support\/","title":{"rendered":"Kindesunterhalt"},"content":{"rendered":"<p>In Maryland sind beide Elternteile gesetzlich verpflichtet, ihr Kind entsprechend ihrer F\u00e4higkeit, diesen Unterhalt zu leisten, zu unterst\u00fctzen.<\/p>\n<h3><b>Unterhaltsrechner f\u00fcr Kinder\u00a0<\/b><\/h3>\n<p>Die Unterhaltsrichtlinien f\u00fcr Kinder in Maryland basieren auf einem Anteil des Bruttoeinkommens jedes Elternteils.<\/p>\n<p>Die Personalabteilung verf\u00fcgt \u00fcber eine\u00a0<a href=\"https:\/\/mydhrbenefits.dhr.state.md.us\/dashboardclient\/#\/csocDisclaimer\" target=\"_blank\" rel=\"noopener\">kostenloser Kindergeldrechner<\/a>\u00a0um die H\u00f6he des Kindesunterhalts abzusch\u00e4tzen, den ein Gericht genehmigen kann.<\/p>\n<p>&nbsp;<\/p>\n<h3><b>Rechtshilfe\u00a0<\/b><\/h3>\n<p>Die\u00a0<a href=\"https:\/\/peoples-law.org\/\" target=\"_blank\" rel=\"noopener\">Volksrechtsbibliothek von Maryland<\/a>\u00a0bietet auch eine\u00a0<a href=\"https:\/\/peoples-law.org\/node\/258\" target=\"_blank\" rel=\"noopener\">Rechtlicher \u00dcberblick \u00fcber das Unterhaltsrecht f\u00fcr Kinder in Maryland<\/a>.<\/p>\n<p>Wenn Sie eine bereits bestehende Bestellung \u00e4ndern m\u00fcssen,\u00a0<a href=\"https:\/\/mvlslaw.org\/wp-content\/uploads\/2021\/03\/Child-Support.pdf\" target=\"_blank\" rel=\"noopener\">Freiwilliger Anwaltsdienst in Maryland<\/a> bietet allgemeine Informationen zum Kindesunterhaltsverfahren.<\/p>\n<p>Um mit einem Anwalt \u00fcber Ihre Situation zu sprechen, rufen Sie die Familienrechts-Hotline unter 1-800-845-8550 an.<\/p>\n<p>Wenn Sie einen Pro Bono- oder kosteng\u00fcnstigen Anwalt ben\u00f6tigen,\u00a0<a href=\"https:\/\/search.211md.org\/search?query=FT-3200&amp;query_type=taxonomy&amp;query_label=&amp;query_language=en\" target=\"_blank\" rel=\"noopener\">Organisationen, die Rechtsdienstleistungen anbieten, finden Sie in der Datenbank 211<\/a>. Es k\u00f6nnen Einkommens-, geografische und fallspezifische Zulassungsvoraussetzungen bestehen.<\/p>\n<p>Weitere Informationen zu diesen Programmen erhalten Sie unter 211.<\/p>\n\t\t\t\t<img decoding=\"async\" src=\"https:\/\/211md.org\/wp-content\/uploads\/2021\/05\/Children-With-Rainbow.png\" alt=\"Zwei Kinder schauen aus einem Fenster, \u00fcber ihnen ist ein Regenbogen auf das Fenster gemalt\" itemprop=\"image\" height=\"348\" width=\"460\" title=\"Kinder mit Regenbogen\" onerror=\"this.style.display='none'\" loading=\"lazy\" \/>\n<h2>Verwandte Informationen<\/h2>\n<a href=\"https:\/\/211md.org\/de\/ressourcen\/rechtsberatung\/\">Rechtshilfe<\/a>\n<p><a href=\"https:\/\/211md.org\/de\/ressourcen\/rechtsberatung\/mieterrechte\/\">Vermieterstreitigkeiten<\/a><\/p>\n<a href=\"https:\/\/211md.org\/de\/ressourcen\/kinder-familien\/\">Unterst\u00fctzung f\u00fcr Kinder und Familien<\/a>","protected":false},"excerpt":{"rendered":"<p>In Maryland sind beide Elternteile gesetzlich verpflichtet, ihr Kind entsprechend ihrer F\u00e4higkeit, diesen Unterhalt zu leisten, zu unterst\u00fctzen. Unterhaltsrechner f\u00fcr Kinder Die Richtlinien f\u00fcr den Unterhalt von Kindern in Maryland basieren auf einem Anteil des Bruttoeinkommens jedes Elternteils. Die Personalabteilung verf\u00fcgt \u00fcber einen kostenlosen Kindergeldrechner, mit dem Sie die H\u00f6he des Kindergeldes absch\u00e4tzen k\u00f6nnen.<\/p>","protected":false},"author":8,"featured_media":1905,"parent":928,"menu_order":0,"comment_status":"closed","ping_status":"closed","template":"","meta":{"footnotes":""},"class_list":["post-1168","page","type-page","status-publish","has-post-thumbnail","hentry"],"_links":{"self":[{"href":"https:\/\/211md.org\/de\/wp-json\/wp\/v2\/pages\/1168","targetHints":{"allow":["GET"]}}],"collection":[{"href":"https:\/\/211md.org\/de\/wp-json\/wp\/v2\/pages"}],"about":[{"href":"https:\/\/211md.org\/de\/wp-json\/wp\/v2\/types\/page"}],"author":[{"embeddable":true,"href":"https:\/\/211md.org\/de\/wp-json\/wp\/v2\/users\/8"}],"replies":[{"embeddable":true,"href":"https:\/\/211md.org\/de\/wp-json\/wp\/v2\/comments?post=1168"}],"version-history":[{"count":3,"href":"https:\/\/211md.org\/de\/wp-json\/wp\/v2\/pages\/1168\/revisions"}],"predecessor-version":[{"id":33887,"href":"https:\/\/211md.org\/de\/wp-json\/wp\/v2\/pages\/1168\/revisions\/33887"}],"up":[{"embeddable":true,"href":"https:\/\/211md.org\/de\/wp-json\/wp\/v2\/pages\/928"}],"wp:featuredmedia":[{"embeddable":true,"href":"https:\/\/211md.org\/de\/wp-json\/wp\/v2\/media\/1905"}],"wp:attachment":[{"href":"https:\/\/211md.org\/de\/wp-json\/wp\/v2\/media?parent=1168"}],"curies":[{"name":"wp","href":"https:\/\/api.w.org\/{rel}","templated":true}]}}