{"id":1176,"date":"2021-04-19T22:49:37","date_gmt":"2021-04-19T22:49:37","guid":{"rendered":"https:\/\/211md.org\/?page_id=1176"},"modified":"2025-05-01T10:01:31","modified_gmt":"2025-05-01T14:01:31","slug":"md-hoffnung","status":"publish","type":"page","link":"https:\/\/211md.org\/de\/about\/text-messages\/md-hope\/","title":{"rendered":"MDHope: Unterst\u00fctzung f\u00fcr opioidbezogene Textnachrichten"},"content":{"rendered":"<h2><strong>Was ist MDHope?<\/strong><\/h2>\n<p>MDHope ist ein neues Opioid-SMS-Programm, das Familien in Maryland mit wichtigen opioidbezogenen Ressourcen verbindet, darunter Behandlungsanbieter, sichere Entsorgung von Medikamenten und Unterst\u00fctzungsbotschaften. Einzelpersonen, Familienmitglieder, Freunde und Berufst\u00e4tige k\u00f6nnen das SMS-Programm verwenden, um Informationen auf Abruf zu erhalten. Es werden auch fortlaufende, unterst\u00fctzende Affirmationen angeboten, um eine Person auf dem Weg der Genesung zu unterst\u00fctzen.<\/p>\n<p><strong>Senden Sie eine SMS mit MDHope an 898-211<\/strong><\/p>\n<p><em>211 Maryland bietet SMS-Warnprogramme an, die regionsspezifische Ressourceninformationen oder Katastrophenwarnungen liefern. Senden Sie eine SMS mit STOP an dieselbe Nummer, um sich abzumelden. Vollst\u00e4ndige SMS-Bedingungen unter <a href=\"https:\/\/211md.org\/de\/sms\/\">https:\/\/211md.org\/sms\/<\/a> wird auch gelten.<\/em><\/p>\n<h3>Wie MDHope beim Opioidkonsum hilft<\/h3>\n<p>Beim Senden einer SMS an MDHope an 898-211 werden der Person Fragen gestellt, um sie zu den besten Ressourcen f\u00fcr eine bestimmte Situation zu f\u00fchren.<\/p>\n<p>Informationen werden jedem in Maryland angeboten, der Bedenken hinsichtlich des Opioidkonsums hat, einschlie\u00dflich Familie, Freunde, Fachleute und Dienstleister.<\/p>\n<p>Die Textnachrichten k\u00f6nnen Folgendes beinhalten:<\/p>\n<ul>\n<li>Informationen zu Medikamenten zur Umkehrung der \u00dcberdosierung.<\/li>\n<li>Tipps zur \u00dcberdosierung.<\/li>\n<li>Allgemeine Informationen zum Opioidkonsum.<\/li>\n<li>Behandlungsm\u00f6glichkeiten.<\/li>\n<li>Anzeichen einer \u00dcberdosierung.<\/li>\n<li>Sichere Entsorgung verschreibungspflichtiger Medikamente.<\/li>\n<li>Zweiw\u00f6chentliche Unterst\u00fctzung und Affirmationen.<\/li>\n<\/ul>\n<p>Die Person kann jederzeit sofort mit einem ausgebildeten Fachmann sprechen, indem sie 988 anruft. Sie sprechen mit der Suicide &amp; Crisis Lifeline, die Unterst\u00fctzung bei der psychischen Gesundheit und beim Substanzkonsum bietet. <a href=\"https:\/\/health.maryland.gov\/bha\/Pages\/988md.aspx\" target=\"_blank\" rel=\"noopener\">Erfahren Sie mehr \u00fcber 988 in Maryland<\/a>.<\/p>\n<p>Sie k\u00f6nnen mehr dar\u00fcber erfahren, wie 211 Maryland hilft\u00a0<a href=\"https:\/\/211md.org\/de\/stoppt-das-stigma\/\" target=\"_blank\" rel=\"noopener\">Stoppen Sie das Stigma<\/a>.<\/p>\n\t<h2>Sichere Entsorgung verschreibungspflichtiger Medikamente<\/h2>\n<p>Sie m\u00fcssen niemanden kennen, der mit einer Sucht zu k\u00e4mpfen hat, um in Ihrer Gemeinde etwas zu bewirken. Die sichere Entsorgung verschreibungspflichtiger Medikamente verhindert Missbrauch und schont die Umwelt. Zweimal im Jahr k\u00f6nnen Marylander an der Initiative zur R\u00fccknahme verschreibungspflichtiger Medikamente teilnehmen. Sie finden im Fr\u00fchjahr und Herbst statt. Diese eint\u00e4gige Veranstaltung erm\u00f6glicht es den Bewohnern von Maryland, unerw\u00fcnschte Medikamente sicher zu entsorgen.<\/p>\n<p>RALI Maryland spendete\u00a0<a href=\"https:\/\/www.ralimd.org\/safedisposal\" target=\"_blank\" rel=\"noopener\">Entsorgungssets f\u00fcr Medikamente<\/a>\u00a0die es einfach machen, alte Medikamente loszuwerden. Sie f\u00fcllen einfach Ihr Medikament in den Beutel, f\u00fcgen Wasser hinzu, verschlie\u00dfen ihn und werfen ihn weg.<\/p>\n<p>Finde einen\u00a0<a href=\"https:\/\/211md.org\/de\/drogenentsorgung\/\">Drogenr\u00fccknahmestelle in Ihrer N\u00e4he oder suchen Sie nach einer 24\/7\/365-Medikamentenentsorgungsstelle<\/a>.<\/p>\n<p>&nbsp;<\/p>\n<h2>Wie Sie dazu beitragen k\u00f6nnen, den Opioidkonsum zu stoppen<\/h2>\n<p>Teilen Sie die Programmdetails mit Familie, Freunden oder jemandem in Ihrer Obhut. Laden Sie den unten stehenden Flyer herunter oder teilen Sie die Videos bekannter Landesgesetzgeber.<\/p>\n<p>Mehrere Gesetzgeber des Bundesstaates Maryland teilen diese Botschaft der Hoffnung. Delegierte\u00a0<a href=\"https:\/\/msa.maryland.gov\/msa\/mdmanual\/06hse\/html\/msa14629.html\" target=\"_blank\" rel=\"noopener\">Joseline Pe\u00f1a-Melnyk<\/a>,\u00a0<a href=\"https:\/\/msa.maryland.gov\/msa\/mdmanual\/06hse\/html\/msa15452.html\" target=\"_blank\" rel=\"noopener\">Bonnie Cullison<\/a>,\u00a0<a href=\"https:\/\/msa.maryland.gov\/msa\/mdmanual\/06hse\/html\/msa18109.html\" target=\"_blank\" rel=\"noopener\">Shaneka Henson<\/a>, Und\u00a0<a href=\"https:\/\/msa.maryland.gov\/msa\/mdmanual\/06hse\/html\/msa18011.html\" target=\"_blank\" rel=\"noopener\">Ken Kerr<\/a>\u00a0ebenso gut wie\u00a0<a href=\"https:\/\/msa.maryland.gov\/msa\/mdmanual\/05sen\/html\/msa12255.html\" target=\"_blank\" rel=\"noopener\">Senatorin Kathy Klausmeier<\/a>\u00a0ermutigen Marylander, MDHope an 898-211 zu senden.<\/p>\n<p>Hilfe ist nur einen Text entfernt.<\/p>\n\t<iframe loading=\"lazy\" frameborder=\"0\" width=\"560\" height=\"314\" scrolling=\"no\" src=\"https:\/\/video.wixstatic.com\/video\/a0c76e_6223838a57fd4401a54771ed041a8f95\/720p\/mp4\/file.mp4\" sandbox><\/iframe>","protected":false},"excerpt":{"rendered":"<p>Was ist MDHope? MDHope ist ein neues Opioid-SMS-Programm, das Familien in Maryland mit wichtigen Opioid-bezogenen Ressourcen verbindet, darunter Behandlungsanbieter, sichere Drogenentsorgung und Unterst\u00fctzungsbotschaften. Einzelpersonen, Familienmitglieder, Freunde und Berufst\u00e4tige k\u00f6nnen das SMS-Programm nutzen, um Informationen auf Abruf zu erhalten. Es werden auch fortlaufende, unterst\u00fctzende Affirmationen angeboten, um eine Person auf dem Weg der Genesung zu unterst\u00fctzen.\u2026<\/p>","protected":false},"author":8,"featured_media":1925,"parent":962,"menu_order":0,"comment_status":"closed","ping_status":"closed","template":"","meta":{"footnotes":""},"class_list":["post-1176","page","type-page","status-publish","has-post-thumbnail","hentry"],"_links":{"self":[{"href":"https:\/\/211md.org\/de\/wp-json\/wp\/v2\/pages\/1176","targetHints":{"allow":["GET"]}}],"collection":[{"href":"https:\/\/211md.org\/de\/wp-json\/wp\/v2\/pages"}],"about":[{"href":"https:\/\/211md.org\/de\/wp-json\/wp\/v2\/types\/page"}],"author":[{"embeddable":true,"href":"https:\/\/211md.org\/de\/wp-json\/wp\/v2\/users\/8"}],"replies":[{"embeddable":true,"href":"https:\/\/211md.org\/de\/wp-json\/wp\/v2\/comments?post=1176"}],"version-history":[{"count":2,"href":"https:\/\/211md.org\/de\/wp-json\/wp\/v2\/pages\/1176\/revisions"}],"predecessor-version":[{"id":4426,"href":"https:\/\/211md.org\/de\/wp-json\/wp\/v2\/pages\/1176\/revisions\/4426"}],"up":[{"embeddable":true,"href":"https:\/\/211md.org\/de\/wp-json\/wp\/v2\/pages\/962"}],"wp:featuredmedia":[{"embeddable":true,"href":"https:\/\/211md.org\/de\/wp-json\/wp\/v2\/media\/1925"}],"wp:attachment":[{"href":"https:\/\/211md.org\/de\/wp-json\/wp\/v2\/media?parent=1176"}],"curies":[{"name":"wp","href":"https:\/\/api.w.org\/{rel}","templated":true}]}}