{"id":1178,"date":"2021-04-19T23:08:12","date_gmt":"2021-04-20T03:08:12","guid":{"rendered":"https:\/\/211md.org\/?page_id=1178"},"modified":"2024-07-26T12:02:07","modified_gmt":"2024-07-26T16:02:07","slug":"opioid-sms-programm-2","status":"publish","type":"page","link":"https:\/\/211md.org\/de\/newsroom\/opioid-texting-program\/","title":{"rendered":"Neues SMS-Programm hilft bei Opioidabh\u00e4ngigkeit"},"content":{"rendered":"<strong>211 Maryland und RALI Maryland starten neues SMS-Programm f\u00fcr Marylander, die unter Opioidabh\u00e4ngigkeit leiden<\/strong>\n<strong><em>Schneller Zugriff auf lokale Ressourcen und Hilfe ist jetzt verf\u00fcgbar von<br \/>\nSenden Sie eine SMS mit dem Text \u201eMDHope\u201c an 898-211<\/em><\/strong>\n\t<p><strong>BALTIMORE (20. Oktober 2020)<\/strong>\u00a0&#8211;\u00a0<a href=\"https:\/\/211md.org\/de\/\" target=\"_blank\" rel=\"noreferrer noopener\">211 Maryland<\/a>, eine gemeinn\u00fctzige Organisation, die sich der Verbindung von Gesundheits- und Sozialdiensten f\u00fcr Einwohner im gesamten Bundesstaat Maryland verschrieben hat, arbeitet mit der Rx Abuse Leadership Initiative zusammen (<a href=\"https:\/\/www.ralimd.org\/\" target=\"_blank\" rel=\"noreferrer noopener\">RALI Maryland<\/a>), eine Organisation, die sich der Suche nach L\u00f6sungen zur Beendigung der Opioidkrise in Maryland verschrieben hat, hat das MDHope-Texting-Programm gestartet, um Menschen mit Opioidabh\u00e4ngigkeit zu unterst\u00fctzen. Einwohner Marylands, die an Opioidabh\u00e4ngigkeit leiden, sowie ihre Familien und Freunde k\u00f6nnen jetzt \u201eMDHope\u201c an 898-211 senden, um Informationen \u00fcber Opioidmissbrauch und die Dienste zu erhalten, die sie am dringendsten ben\u00f6tigen.<\/p>\n<p>\u201eIn meiner Rolle als Gesetzgeber habe ich aus erster Hand von den schrecklichen Auswirkungen der Opioidkrise auf unsere Einwohner und Familien in Maryland erfahren. Daher bin ich begeistert und dankbar, dass RALI und 211Maryland zusammenarbeiten, um es den Opioidabh\u00e4ngigen zu erleichtern, die ben\u00f6tigte Hilfe zu bekommen\u201c, sagte Delegierte Bonnie Cullison, Bezirk 19 Montgomery County. \u201eIch bin optimistisch, dass das neue MDHope-Texting-Programm Dienstleister und Ressourcen im gesamten Bundesstaat unter einer einzigen Textnachrichtenplattform 898-2-1-1 vereinen wird. Ich freue mich darauf, das neue MDHope-Texting-Programm auf jede erdenkliche Weise zu unterst\u00fctzen und das Bewusstsein f\u00fcr diese lebensrettende Ressource zu verbreiten.\u201c<\/p>\n<p>Die\u00a0<a href=\"https:\/\/211md.org\/de\/md-hoffnung\/\" target=\"_blank\" rel=\"noreferrer noopener\">MDHope SMS-Programm<\/a>\u00a0erm\u00f6glicht es jemandem, anonym nach Informationen und Ressourcen zu suchen, indem er \u201eMDHope\u201c an 898-211 sendet. Zu den Serviceoptionen geh\u00f6ren:<\/p>\n<ul>\n<li>Allgemeine Informationen zum Opioidkonsum<\/li>\n<li>Ressourcen f\u00fcr eine Person, die sich Sorgen um jemanden macht, der Opioide verwendet<\/li>\n<li>Ressourcen f\u00fcr jemanden, der von Opioiden abh\u00e4ngig ist<\/li>\n<li>Option f\u00fcr Profis und Dienstleister<\/li>\n<\/ul>\n<p>\u201eW\u00e4hrend der aktuellen Pandemie haben wir in Maryland einen Anstieg der Zahl der Opioid-Todesf\u00e4lle erlebt. Dies ist also eine M\u00f6glichkeit, schnell und einfach Hilfe f\u00fcr diejenigen bereitzustellen, die an einer Opioid-Abh\u00e4ngigkeit leiden, sowie f\u00fcr die Familien und Freunde, die diese Menschen betreuen\u201c, sagte Quinton Askew, Pr\u00e4sident und CEO von 211 Maryland. \u201eWir freuen uns auf unsere neue Partnerschaft mit RALI Maryland, um sicherzustellen, dass Opioid-Dienste zug\u00e4nglich sind und die Menschen wissen, wo sie Hilfe suchen k\u00f6nnen. Wir werden die Opioid-Krise in Maryland weiterhin bek\u00e4mpfen, mit dem Ziel, Leben zu retten.\u201c<\/p>\n<p>\u00dcber das Senden wichtiger Informationen hinaus bietet das MDHope-SMS-Programm Einzelpersonen 130 Tage lang fortlaufende Unterst\u00fctzung und Best\u00e4tigungen, w\u00e4hrend sie Fortschritte in Richtung Genesung machen.<\/p>\n<p>\u201eJede Gemeinde sp\u00fcrt die Auswirkungen der Opioid-Epidemie. Jetzt, wo COVID-19 unseren Staat verw\u00fcstet, erleben unsere Gemeinden einen ungew\u00f6hnlichen Anstieg von \u00dcberdosierungen und Todesf\u00e4llen aufgrund von Drogenmissbrauch\u201c, sagte Virgil Boysaw, Gesch\u00e4ftsf\u00fchrer von Drug Free Cecil und Partner von RALI Maryland. \u201eDieses SMS-Programm ist eine neue und einzigartige Gelegenheit, Hilfe und Informationen f\u00fcr diejenigen bereitzustellen, die sich sonst m\u00f6glicherweise nicht gemeldet h\u00e4tten. Bed\u00fcrftige Einwohner Marylands sowie Freunde und Familie sollten nicht z\u00f6gern, dieses Tool zu nutzen.\u201c<\/p>\n<h2>\n\t\tUnterst\u00fctzung des Gesetzgebers\n\t<\/h2>\n\t<p>Mehrere Abgeordnete des Bundesstaates Maryland ermutigen Menschen, die Hilfe bei ihrer Opioidabh\u00e4ngigkeit ben\u00f6tigen, \u201eMDHope\u201c per SMS an 898-211 zu senden. Dies geschieht in Form von \u00f6ffentlichen Bekanntmachungen (PSAs), die in sozialen Medien und im Radio im ganzen Bundesstaat zu sehen sein werden. Zu den Abgeordneten, die das Bewusstsein f\u00fcr das neue MDHope-SMS-Programm sch\u00e4rfen, geh\u00f6ren die Abgeordneten Joseline Pe\u00f1a-Melnyk, Bonnie Cullison, Shaneka Henson und Ken Kerr sowie Senatorin Kathy Klausmeier.<\/p>\n<p>\u201eDie Hilfe, die Marylands B\u00fcrgern von Maryland 211 geboten wird, ist eine entscheidende Unterst\u00fctzung. Die \u00d6ffnung der Hotline f\u00fcr Textkommunikation ist ein Schritt nach vorne, der mit Sicherheit Leben retten wird\u201c, kommentierte Del. Shaneka Henson, Bezirk 30A Anne Arundel County.<\/p>\n<p>Um mehr \u00fcber das SMS-Programm von MDHope zu erfahren und die PSAs anzuzeigen, besuchen Sie bitte\u00a0<a href=\"https:\/\/211md.org\/de\/md-hoffnung\/\" target=\"_blank\" rel=\"noreferrer noopener\">www.211md.org\/md-hope<\/a>\u00a0oder\u00a0<a href=\"http:\/\/www.ralimd.org\/\" target=\"_blank\" rel=\"noreferrer noopener\">www.RALImd.org<\/a>.<\/p>\n<h2>\n\t\t211 Maryland\n\t<\/h2>\n\t<p><a href=\"https:\/\/www.ralimd.org\/\" target=\"_blank\" rel=\"noreferrer noopener\">211 Maryland<\/a> ist die zentrale Schnittstelle zu Gesundheits- und Sozialdiensten im Bundesstaat Maryland. Sie unterst\u00fctzt Einzelpersonen und Gemeinschaften, indem sie Menschen mit unerf\u00fcllten Bed\u00fcrfnissen mit lebenswichtigen Ressourcen verbindet. Als rund um die Uhr an 365 Tagen im Jahr verf\u00fcgbarer Zugangspunkt zu lebenswichtigen Ressourcen, die Einzelpersonen und Gemeinschaften helfen, zu gedeihen, verbindet 211 Maryland Menschen in Not \u00fcber Callcenter, Internet, SMS und Chat mit Hilfsdiensten f\u00fcr Natur- und von Menschen verursachte Katastrophen, Wohnraum, Lebensmittel, h\u00e4usliche Gewalt, Alter und Behinderungen, Steuern und Versorgungsleistungen, Besch\u00e4ftigung, Zugang zur Gesundheitsversorgung und Veteranenangelegenheiten.<\/p>\n<p>Das Maryland Information Network ist eine eingetragene gemeinn\u00fctzige Organisation nach 501(c)(3), die 211 betreibt. Um sich zu verbinden oder zu spenden, besuchen Sie <a href=\"https:\/\/211md.org\/de\/\" target=\"_blank\" rel=\"noreferrer noopener\">www.211md.org<\/a>.<\/p>\n<h2>\n\t\tRALI Maryland\n\t<\/h2>\n\t<p><a href=\"https:\/\/www.ralimd.org\/\" target=\"_blank\" rel=\"noreferrer noopener\">Die Rx Abuse Leadership Initiative (RALI) von Maryland<\/a>\u00a0ist eine vielf\u00e4ltige Allianz von mehr als zwei Dutzend lokalen, staatlichen und nationalen Organisationen, die sich der Suche nach L\u00f6sungen zur Beendigung der Opioidkrise in Maryland verschrieben haben. Die Organisation bringt Menschen und Organisationen zusammen, um \u00fcber Gemeindegrenzen hinweg auszutauschen, zu lernen und zu arbeiten, um Leben zu retten, Interessengruppen zu mobilisieren und Ressourcen bereitzustellen. Weitere Informationen finden Sie unter\u00a0<a href=\"http:\/\/www.ralimd.org\/\" target=\"_blank\" rel=\"noreferrer noopener\">www.RALImd.org<\/a>. Zu den Partnern von RALI Maryland geh\u00f6ren:<\/p>\n<ul>\n<li>Geliebte Community Services Corporation<\/li>\n<li>Gemeinschaftliche Drogenkoalition von Cecil County<\/li>\n<li>Gemeinschaftliche Anti-Drogen-Koalitionen von Amerika<\/li>\n<li>Hospiz- und Palliativversorgungsnetz von Maryland<\/li>\n<li>Maryland Association of Chain Drug Stores<\/li>\n<li>Handelskammer von Maryland<\/li>\n<li>Br\u00fcderlicher Polizeiorden von Maryland<\/li>\n<li>Maryland Hospital Association<\/li>\n<li>Patientensicherheitszentrum Maryland<\/li>\n<li>Verband der Apotheker von Maryland<\/li>\n<li>Makler aus Maryland<\/li>\n<li>Maryland Rural Health Association<\/li>\n<li>Maryland Sheriffs&#039; Association\/Maryland Polizeichefs<\/li>\n<li>Staatliche Grange von Maryland<\/li>\n<li>MedChi, der Maryland State Medical Society<\/li>\n<li>Nationale Allianz f\u00fcr psychische Erkrankungen Maryland<\/li>\n<li>Nationale Vereinigung schwarzer Krankenschwestern<\/li>\n<li>Nationale Verbraucherliga<\/li>\n<li>Nationale Sheriffs-Vereinigung<\/li>\n<li>Pharmazeutische Forschung und Hersteller von Amerika<\/li>\n<li>Berufsfeuerwehrleute von Maryland<\/li>\n<li>Union-Baptist-Kirche<\/li>\n<li>Zentrum f\u00fcr Gesundheit und innere Sicherheit der Universit\u00e4t von Maryland<\/li>\n<li>Veteranen-Gesundheitsrat<\/li>\n<li>Tier\u00e4rzte gegen Drogen<\/li>\n<li>Vietnam-Veteranen von Amerika<\/li>\n<li>Worcester wird lila<\/li>\n<\/ul>","protected":false},"excerpt":{"rendered":"<p>211 Maryland und RALI Maryland starten neues SMS-Programm f\u00fcr Einwohner Marylands, die unter Opioidabh\u00e4ngigkeit leiden. Schneller Zugriff auf lokale Ressourcen und Hilfe ist jetzt m\u00f6glich, indem Sie \u201eMDHope\u201c an 898-211 senden. BALTIMORE (20. Oktober 2020) \u2013 211 Maryland, eine gemeinn\u00fctzige Organisation, die sich der Vernetzung von Gesundheits- und Sozialdiensten mit Einwohnern im gesamten Bundesstaat Maryland widmet, arbeitet mit der\u2026 zusammen.<\/p>","protected":false},"author":8,"featured_media":0,"parent":813,"menu_order":0,"comment_status":"closed","ping_status":"closed","template":"","meta":{"footnotes":""},"class_list":["post-1178","page","type-page","status-publish","hentry"],"_links":{"self":[{"href":"https:\/\/211md.org\/de\/wp-json\/wp\/v2\/pages\/1178","targetHints":{"allow":["GET"]}}],"collection":[{"href":"https:\/\/211md.org\/de\/wp-json\/wp\/v2\/pages"}],"about":[{"href":"https:\/\/211md.org\/de\/wp-json\/wp\/v2\/types\/page"}],"author":[{"embeddable":true,"href":"https:\/\/211md.org\/de\/wp-json\/wp\/v2\/users\/8"}],"replies":[{"embeddable":true,"href":"https:\/\/211md.org\/de\/wp-json\/wp\/v2\/comments?post=1178"}],"version-history":[{"count":0,"href":"https:\/\/211md.org\/de\/wp-json\/wp\/v2\/pages\/1178\/revisions"}],"up":[{"embeddable":true,"href":"https:\/\/211md.org\/de\/wp-json\/wp\/v2\/pages\/813"}],"wp:attachment":[{"href":"https:\/\/211md.org\/de\/wp-json\/wp\/v2\/media?parent=1178"}],"curies":[{"name":"wp","href":"https:\/\/api.w.org\/{rel}","templated":true}]}}