{"id":1481,"date":"2021-05-03T12:27:26","date_gmt":"2021-05-03T16:27:26","guid":{"rendered":"https:\/\/211md.org\/?page_id=1481"},"modified":"2026-02-02T08:36:05","modified_gmt":"2026-02-02T13:36:05","slug":"datenschutz-bestimmungen","status":"publish","type":"page","link":"https:\/\/211md.org\/de\/privacy-policy\/","title":{"rendered":"Datenschutz-Bestimmungen"},"content":{"rendered":"<p><a href=\"\/de\/sms\/\">Sehen Sie sich die Allgemeinen Gesch\u00e4ftsbedingungen f\u00fcr Textnachrichten an.<\/a><\/p>\n<p><strong>G\u00fcltig ab 29. April 2022<\/strong><\/p>\n<p>211 Maryland respektiert Ihre Privatsph\u00e4re. 211 Maryland kann Informationen von Benutzern seiner Website (\u201eWebsite\u201c) sammeln. Diese Richtlinie beschreibt:<\/p>\n<ul>\n<li>Die Arten von Informationen, die wir m\u00f6glicherweise sammeln oder die Sie m\u00f6glicherweise \u00fcber die Website bereitstellen.<\/li>\n<li>Unsere Praktiken zum Sammeln, Verwenden und Offenlegen dieser Informationen.<\/li>\n<\/ul>\n<p>Diese Richtlinie gilt nur f\u00fcr Informationen, die wir von Ihnen \u00fcber unsere Website und in anderen elektronischen Mitteilungen sammeln, die \u00fcber oder in Verbindung mit unserer Website gesendet werden. Diese Richtlinie gilt nicht f\u00fcr Informationen, die:<\/p>\n<ul>\n<li>Werden auf oder von Websites oder Anwendungen Dritter erfasst, auf die Sie \u00fcber unsere Website oder anderweitig zugreifen k\u00f6nnen.<\/li>\n<li>Sie Dritten zur Verf\u00fcgung stellen oder von Dritten erhoben werden. Diese Drittparteien haben m\u00f6glicherweise ihre eigenen Datenschutzrichtlinien, die wir Ihnen empfehlen, zu lesen, bevor Sie ihnen Informationen zur Verf\u00fcgung stellen.<\/li>\n<\/ul>\n<p>Bitte lesen Sie diese Richtlinie sorgf\u00e4ltig durch, um unsere Richtlinien und Praktiken in Bezug auf Ihre Informationen und wie wir damit umgehen, zu verstehen. Wenn Sie Fragen zu dieser Richtlinie oder damit zusammenh\u00e4ngenden Angelegenheiten haben, k\u00f6nnen Sie uns unter kontaktieren\u00a0<a href=\"mailto:info@211md.org\">info@211md.org<\/a>.<\/p>\n<h3><strong>Informationen, die wir sammeln und wie wir sie sammeln<\/strong><\/h3>\n<p>Wir k\u00f6nnen Informationen von und \u00fcber Sie sammeln, wenn Sie unsere Website nutzen:<\/p>\n<ul>\n<li>Direkt von Ihnen, wenn Sie es uns zur Verf\u00fcgung stellen.<\/li>\n<li>Von anderen Dritten; zum Beispiel unsere Gesch\u00e4ftspartner.<\/li>\n<li>Automatisch, wenn Sie bestimmte Funktionen unserer Website nutzen.<\/li>\n<\/ul>\n\n<h3><strong>Informationen, die Sie uns zur Verf\u00fcgung stellen<\/strong><\/h3>\n<p>Sie k\u00f6nnen personenbezogene Daten angeben:<\/p>\n<ul>\n<li>Das identifiziert Sie, einschlie\u00dflich, aber nicht beschr\u00e4nkt auf Ihren Namen, Postanschrift, E-Mail-Adresse, Telefonnummer, jede andere Kennung, mit der Sie online oder offline kontaktiert werden k\u00f6nnen, Wohnstaat, Alter, Geschlecht, Schule, gesprochene Sprachen, Social-Media-Konten , Kreditkarteninformationen und Fotos.<\/li>\n<li>Das identifiziert andere, einschlie\u00dflich, aber nicht beschr\u00e4nkt auf die Namen von Opfern, Zeugen oder T\u00e4tern von Hassverbrechen oder \u00e4hnlichen Vorf\u00e4llen und Details von Vorf\u00e4llen, die diese Personen betreffen.<\/li>\n<\/ul>\n<p>Diese Informationen umfassen:<\/p>\n<ul>\n<li>Informationen, die Sie beim Ausf\u00fcllen von Formularen bereitstellen. Dazu geh\u00f6ren Informationen, die zum Zeitpunkt der Registrierung angegeben werden, Informationen, die auf Bewerbungen geschrieben werden, Informationen, die w\u00e4hrend eines Vorstellungsgespr\u00e4chs bereitgestellt werden, Informationen, die Sie bereitstellen, wenn Sie einen Vorfall oder ein Hassverbrechen melden, und\/oder Informationen, die Sie bereitstellen, wenn Sie weitere Dienstleistungen anfordern.<\/li>\n<li>Informationen, die Ihre Identit\u00e4t, Autorit\u00e4t oder andere Merkmale best\u00e4tigen.<\/li>\n<li>Ihre Antworten auf Umfragen oder Frageb\u00f6gen, um deren Ausf\u00fcllen wir Sie m\u00f6glicherweise bitten.<\/li>\n<li>Einzelheiten zu Transaktionen, die Sie \u00fcber unsere Website durchf\u00fchren.<\/li>\n<li>Informationen, die sich auf Ihr Benutzerprofil beziehen, einschlie\u00dflich Ihres Benutzernamens, Passworts, Fragen und Antworten zur Passworterinnerung, Interessen, Kommunikationspr\u00e4ferenzen und jeglicher Korrespondenz, die Sie uns senden.<\/li>\n<li>Optionale Informationen, die Sie angeben k\u00f6nnen, um Ihnen ein personalisiertes Erlebnis mit unserer Website zu erm\u00f6glichen und damit wir Ihnen die gew\u00fcnschten Informationen geben k\u00f6nnen.<\/li>\n<\/ul>\n<p>Sie und andere k\u00f6nnen auch Informationen bereitstellen, die in \u00f6ffentlichen Bereichen der Website ver\u00f6ffentlicht oder an andere Benutzer der Website oder Dritte \u00fcbermittelt werden (zusammen \u201eBenutzerbeitr\u00e4ge\u201c). Wenn Sie in einem Benutzerbeitrag Informationen preisgeben, k\u00f6nnen diese Informationen von anderen eingesehen, gesammelt und verwendet werden.<\/p>\n\n<h3><strong>Automatische Informationserfassung und -verfolgung<\/strong><\/h3>\n<p>Wenn Sie auf unsere Website zugreifen oder sie nutzen, k\u00f6nnen wir Technologien verwenden, um automatisch Informationen zu sammeln, einschlie\u00dflich:<\/p>\n<ul>\n<li><strong>Nutzungsdetails.<\/strong>\u00a0Wenn Sie auf die Website zugreifen und sie nutzen, erfassen wir m\u00f6glicherweise automatisch bestimmte Details Ihres Zugriffs und Ihrer Nutzung der Website, einschlie\u00dflich Standortdaten, Dauer Ihres Besuchs auf unserer Website, Seitenaufrufe, Click-Stream-Informationen, verweisende URL, Protokolle und andere Kommunikationsdaten und die Ressourcen, auf die Sie zugreifen und die Sie auf oder \u00fcber die Website nutzen.<\/li>\n<li><strong>Ger\u00e4teinformation.<\/strong>\u00a0Wir erfassen m\u00f6glicherweise Informationen \u00fcber Ihr Ger\u00e4t und Ihre Internetverbindung, einschlie\u00dflich der eindeutigen Ger\u00e4tekennung des Ger\u00e4ts, der IP-Adresse, des Betriebssystems, des Browsertyps und der Netzwerkinformationen.<\/li>\n<\/ul>\n\n<h3><strong>Informationserfassungs- und Tracking-Technologien<\/strong><\/h3>\n<p>Wir arbeiten m\u00f6glicherweise mit Werbenetzwerken und anderen Adserving-Anbietern (\u201eWerbeanbieter\u201c) zusammen, die in unserem Namen und im Namen anderer auf nicht verbundenen Plattformen Anzeigen schalten. Einige dieser Anzeigen k\u00f6nnen personalisiert sein, d. h. sie sollen f\u00fcr Sie relevant sein, basierend auf Informationen, die die Werbeanbieter im Laufe der Zeit \u00fcber Ihre Nutzung der Website und anderer Websites oder Apps sammeln, einschlie\u00dflich Informationen \u00fcber die Beziehungen zwischen verschiedenen Browsern und Ger\u00e4ten. Diese Art der Werbung wird als interessenbasierte Werbung bezeichnet.<\/p>\n<p>Wir k\u00f6nnen auch mit Dritten zusammenarbeiten, die Daten \u00fcber Ihre Nutzung der Website und anderer Websites oder Apps im Laufe der Zeit f\u00fcr Nicht-Werbezwecke sammeln. Die Technologien, die wir f\u00fcr die automatische Informationserfassung auf unserer Website verwenden, k\u00f6nnen Folgendes umfassen:<\/p>\n<ul>\n<li><strong>Kekse.<\/strong>\u00a0Wie die meisten Websites k\u00f6nnen 211 Maryland und unsere externen Analyseanbieter Cookies auf der Website verwenden. Ein Cookie ist eine kleine Datei, die auf Ihrem Ger\u00e4t abgelegt wird, um eine Analyse Ihrer Nutzung der Website zu erm\u00f6glichen. Beispielsweise k\u00f6nnen Cookies verwendet werden, um benutzerdefinierte personalisierte Inhalte bereitzustellen oder die Effektivit\u00e4t der Website zu \u00fcberwachen.<\/li>\n<li><strong>Flash-Cookies.<\/strong>\u00a0Bestimmte Funktionen der Website k\u00f6nnen lokal gespeicherte Objekte (oder Flash-Cookies) verwenden, um Informationen \u00fcber Ihre Pr\u00e4ferenzen und Ihre Navigation zu, von und auf der Website zu sammeln und zu speichern.<\/li>\n<li><strong>Web Beacons und andere Technologien.<\/strong>\u00a0Wir k\u00f6nnen Standard-Internettechnologien wie Web-Beacons (auch als Clear Gifs, Pixel-Tags und Single-Pixel-Gifs bezeichnet) und andere \u00e4hnliche Technologien verwenden, um Ihre Nutzung der Website zu verfolgen, Benutzer zu z\u00e4hlen, die bestimmte Seiten besucht haben, und zu \u00fcberpr\u00fcfen System- und Serverintegrit\u00e4t.<\/li>\n<li><strong>Google.<\/strong>\u00a0211 Maryland verwendet Google Analytics und andere Dienste von Drittanbietern, um die Leistung der Website zu verbessern und f\u00fcr Analyse- und Marketingzwecke. Weitere Informationen dar\u00fcber, wie Google Analytics Daten erfasst und verwendet, wenn Sie unsere Website nutzen, finden Sie unter\u00a0<a href=\"https:\/\/policies.google.com\/technologies\/partner-sites\" target=\"_blank\" rel=\"noopener\">www.google.com\/policies\/privacy\/partners<\/a>, und um sich von Google Analytics abzumelden, besuchen Sie\u00a0<a href=\"https:\/\/tools.google.com\/dlpage\/gaoptout\" target=\"_blank\" rel=\"noopener\">tools.google.com\/dlpage\/gaoptout<\/a>\u00a0Wir k\u00f6nnen Google Analytics verwenden, einen Webanalysedienst, der von einem Drittanbieter bereitgestellt wird.<\/li>\n<\/ul>\n<p>Ihr Browser kann Tools anbieten, um die Verwendung von Cookies einzuschr\u00e4nken oder Cookies zu l\u00f6schen, aber wenn Sie diese Tools verwenden, funktioniert unsere Website m\u00f6glicherweise nicht wie vorgesehen.<\/p>\n\n<h3><strong>Wie wir Ihre Informationen verwenden<\/strong><\/h3>\n<p>Die Informationen zur Nutzung der Website und Informationen, die wir automatisch sammeln, helfen uns, die Website zu verbessern und ein besseres und pers\u00f6nlicheres Erlebnis zu bieten, indem sie uns erm\u00f6glichen:<\/p>\n<ul>\n<li>Sch\u00e4tzen Sie unsere Nutzungsmuster.<\/li>\n<li>Speichern Sie Informationen \u00fcber Ihre Pr\u00e4ferenzen, damit wir die Website anpassen k\u00f6nnen.<\/li>\n<li>Sammeln Sie Informationen \u00fcber Hassverbrechen und \u00e4hnliche Vorf\u00e4lle.<\/li>\n<li>Beschleunigen Sie Ihre Suche und helfen Sie beim effizienten Zugriff auf Informationen.<\/li>\n<li>Erkennen Sie, wenn Sie die Website nutzen.<\/li>\n<li>Helfen Sie bei der Diagnose von Problemen mit unseren Servern und bei der Verwaltung der Website.<\/li>\n<li>Verfolgen Sie Eintr\u00e4ge, \u00dcbermittlungen und den Status in allen interaktiven Teilen der Website.<\/li>\n<li>\u00dcberwachen Sie die Effektivit\u00e4t der Website und aggregieren Sie Metriken.<\/li>\n<\/ul>\n<p>Wir verwenden Informationen, die wir \u00fcber Sie sammeln oder die Sie uns zur Verf\u00fcgung stellen, einschlie\u00dflich personenbezogener Daten, um:<\/p>\n<ul>\n<li>Bereitstellung der Website und aller anderen Informationen, Produkte oder Dienstleistungen, die Sie von uns anfordern.<\/li>\n<li>Bereitstellung der Website-Inhalte und ihrer interaktiven Funktionen.<\/li>\n<li>Kontaktaufnahme zu Hassverbrechen und \u00e4hnlichen Vorf\u00e4llen, die Sie uns melden.<\/li>\n<li>Es Ihnen erm\u00f6glichen, f\u00fcr uns zu arbeiten, zu beraten oder sich ehrenamtlich zu engagieren.<\/li>\n<li>Bearbeiten Sie Ihre Spende.<\/li>\n<li>Statistiken entwickeln.<\/li>\n<li>Bewerten Sie Ihre Bewerbung oder Registrierung, um Programme und Dienstleistungen von uns zu erhalten.<\/li>\n<li>Ihnen Mitteilungen \u00fcber Ihr Konto oder Ihre Registrierung zu geben.<\/li>\n<li>Bereitstellung von Marketingmitteilungen oder Newslettern f\u00fcr Sie.<\/li>\n<li>Erf\u00fcllung unserer Verpflichtungen und Durchsetzung unserer Rechte aus Vertr\u00e4gen, die zwischen Ihnen und uns geschlossen wurden.<\/li>\n<li>Benachrichtigen Sie, wenn Aktualisierungen unserer Website verf\u00fcgbar sind, und benachrichtigen Sie Sie \u00fcber \u00c4nderungen an von uns angebotenen oder bereitgestellten Diensten.<\/li>\n<li>Um den Zweck zu erf\u00fcllen, f\u00fcr den Sie es bereitstellen. Zum Beispiel, wenn Sie uns eine E-Mail-Adresse geben, um eine E-Mail-Funktion der Website zu nutzen.<\/li>\n<li>F\u00fcr interne Zwecke ggf.<\/li>\n<li>Zur Einhaltung geltender Gesetze.<\/li>\n<li>F\u00fcr jeden anderen Zweck mit Ihrer Zustimmung.<\/li>\n<\/ul>\n\n<h3><strong>Offenlegung Ihrer Informationen<\/strong><\/h3>\n<p>Wir k\u00f6nnen aggregierte Informationen \u00fcber unsere Benutzer und Informationen, die keine Person oder kein Ger\u00e4t identifizieren, ohne Einschr\u00e4nkung offenlegen.<\/p>\n<p>Dar\u00fcber hinaus k\u00f6nnen wir Informationen offenlegen, die wir sammeln oder die Sie bereitstellen:<\/p>\n<ul>\n<li>An unsere Tochtergesellschaften, verbundenen Unternehmen und Vertreter.<\/li>\n<li>An Auftragnehmer, Dienstleister und andere Dritte, die wir zur Unterst\u00fctzung unseres Gesch\u00e4fts einsetzen.<\/li>\n<li>An das Amt f\u00fcr Einwanderungsangelegenheiten, \u00f6rtliche Strafverfolgungsbeh\u00f6rden oder andere Beh\u00f6rden, um Vorf\u00e4lle wie Hassverbrechen zu melden, oder an das B\u00fcro des Gouverneurs f\u00fcr Gemeinschaftsinitiativen, das Maryland Coordination and Analysis Center (MCAC) oder \u00e4hnliche Einrichtungen zum Datenaustausch und zur Sensibilisierung der \u00d6ffentlichkeit.<\/li>\n<li>An einen K\u00e4ufer oder anderen Nachfolger im Falle einer Fusion, Ver\u00e4u\u00dferung, Umstrukturierung, Umstrukturierung, Aufl\u00f6sung oder eines anderen Verkaufs oder einer \u00dcbertragung einiger oder aller Verm\u00f6genswerte von 211 Maryland, sei es als Unternehmensfortf\u00fchrung oder im Rahmen eines Konkurses, einer Liquidation oder \u00c4hnlichem Verfahren, bei dem personenbezogene Daten, die 211 Maryland \u00fcber Benutzer unserer Website besitzt, zu den \u00fcbertragenen Verm\u00f6genswerten geh\u00f6ren.<\/li>\n<li>Um gerichtlichen Anordnungen, Gesetzen oder Gerichtsverfahren nachzukommen, einschlie\u00dflich um auf Anfragen von Strafverfolgungs-, Regulierungs- oder anderen Regierungsbeh\u00f6rden zur Zusammenarbeit zu reagieren, oder um unsere Nutzungsbedingungen oder unsere Rechte oder Rechtsbehelfe, die sich daraus ergeben, festzulegen, durchzusetzen oder anzuwenden zwischen Ihnen und uns geschlossene Vertr\u00e4ge und andere Vereinbarungen, einschlie\u00dflich Rechnungsstellung und Inkasso. In solchen F\u00e4llen k\u00f6nnen wir nach unserem alleinigen Ermessen rechtliche Einw\u00e4nde oder uns zur Verf\u00fcgung stehende Rechte erheben oder darauf verzichten.<\/li>\n<li>Wenn wir glauben, dass eine Offenlegung notwendig oder angemessen ist im Zusammenhang mit Bem\u00fchungen, illegale Aktivit\u00e4ten, mutma\u00dflichen Betrug oder andere Fehlverhalten zu untersuchen, zu verhindern, zu melden oder andere Ma\u00dfnahmen zu ergreifen; um die Rechte, das Eigentum oder die Sicherheit von 211 Maryland oder anderen zu sch\u00fctzen oder zu verteidigen. Dies beinhaltet den Austausch von Informationen mit anderen Unternehmen und Organisationen zum Zwecke des Betrugsschutzes und der Reduzierung des Kreditrisikos.<\/li>\n<li>Um den Verdacht auf Gewalt gegen \u00e4ltere Menschen, Vernachl\u00e4ssigung, Kindesmissbrauch, Hassverbrechen oder \u00e4hnliche Vorf\u00e4lle zu melden.<\/li>\n<li>An Personen, die von uns bekannt gegeben werden, wenn Sie die Informationen bereitstellen.<\/li>\n<li>An andere Personen oder Organisationen mit Ihrer Zustimmung oder wie anderweitig zum Zeitpunkt der Erhebung offengelegt.<\/li>\n<\/ul>\n\n<h3><strong>Deine Entscheidungen<\/strong><\/h3>\n<p>Wenn Sie sich \u00fcber die Website anmelden oder uns kontaktieren, werden Sie m\u00f6glicherweise so eingerichtet, dass Sie E-Mail-Nachrichten erhalten, es sei denn, Sie geben an, dass Sie keine E-Mails erhalten m\u00f6chten. Sie k\u00f6nnen sich jederzeit daf\u00fcr entscheiden, solche E-Mails nicht mehr zu erhalten, indem Sie den Anweisungen in den E-Mails folgen oder uns eine E-Mail mit Ihrer Anfrage an senden\u00a0<u>info@211md.org<\/u><\/p>\n<p>Wenn Sie nicht m\u00f6chten, dass Ihre Kontaktinformationen von 211 Maryland verwendet werden, um f\u00fcr unsere Programme oder Dienstleistungen zu werben, k\u00f6nnen Sie sich abmelden, indem Sie uns einen Brief oder eine E-Mail mit Ihrer Anfrage senden.<\/p>\n<p>Informationen zu Auswahlm\u00f6glichkeiten in Bezug auf interessenbezogene Werbeaktivit\u00e4ten und Analysen Dritter finden Sie oben im Abschnitt \u201eTechnologien zur Informationserfassung und -verfolgung\u201c.<\/p>\n\n<h3><strong>Links zu Drittanbietern<\/strong><\/h3>\n<p>Die Website kann Links zu Websites oder Apps von Drittanbietern enthalten. Wir haben keine Kontrolle \u00fcber die Datenschutzpraktiken dieser Websites oder Apps und sie fallen nicht unter diese Datenschutzrichtlinie. Sie sollten die Datenschutzrichtlinien anderer Websites oder Apps, die Sie verwenden, \u00fcberpr\u00fcfen, um mehr \u00fcber deren Datenpraktiken zu erfahren.<\/p>\n\n<h3><strong>Zugriff auf und Korrektur Ihrer personenbezogenen Daten<\/strong><\/h3>\n<p>Sie k\u00f6nnen uns anrufen, eine E-Mail senden oder uns anderweitig kontaktieren, um den Zugriff auf, die Korrektur oder L\u00f6schung personenbezogener Daten, die Sie uns zur Verf\u00fcgung gestellt haben, anzufordern. In einigen F\u00e4llen k\u00f6nnen wir Ihre personenbezogenen Daten nicht l\u00f6schen, au\u00dfer indem wir auch Ihr Benutzerkonto l\u00f6schen oder alle Dienste beenden, die Sie derzeit nutzen oder von 211 Maryland erhalten. Wir k\u00f6nnen einer Anfrage zur \u00c4nderung von Informationen nicht nachkommen, wenn wir glauben, dass die \u00c4nderung gegen Gesetze oder gesetzliche Anforderungen versto\u00dfen oder dazu f\u00fchren w\u00fcrde, dass die Informationen falsch sind.<\/p>\n\n<h3><strong>Informationssammlung f\u00fcr Kinder\u00a0<\/strong><\/h3>\n<p>Wir sammeln nur mit Zustimmung der Eltern Informationen \u00fcber Personen unter 13 Jahren. Wenn wir erfahren, dass wir personenbezogene Daten von einem Kind unter 13 Jahren gesammelt oder erhalten haben, werden wir diese Daten auf Anfrage der Eltern l\u00f6schen.<\/p>\n\n<h3><strong>\u00c4nderungen an unserer Datenschutzrichtlinie<\/strong><\/h3>\n<p>Wir k\u00f6nnen unsere Datenschutzrichtlinie von Zeit zu Zeit aktualisieren. Wir empfehlen Ihnen, diese Seite regelm\u00e4\u00dfig zu besuchen, um sich \u00fcber Aktualisierungen zu informieren.<\/p>\n\n<h3><strong>Kontaktinformationen<\/strong><\/h3>\n<p>Um Fragen zu stellen oder weitere Informationen zu dieser Datenschutzrichtlinie und unseren Datenschutzpraktiken zu erhalten, kontaktieren Sie uns bitte unter:<\/p>\n211 Maryland<br \/>\n9770 Patuxent Woods Drive<br \/>\nFolge 334<br \/>\nKolumbien, MD 21046<br \/>\nTelefon: 301-970-9888<br \/>\nEmail:\u00a0<a href=\"mailto:info@211md.org\">info@211md.org<\/a>\n<p>Zuletzt \u00fcberarbeitet am 02.05.2022<\/p>\n\t<h2><strong>211 Maryland Solicitations and Voluntary Giving Policy<\/strong><\/h2>\n<p>Die reaktionsschnellsten Beitragenden sind diejenigen, die die M\u00f6glichkeit haben, sich zu informieren und zu beteiligen. Wir f\u00f6rdern daher das freiwillige Geben im Umgang mit Spendern, Mitarbeitern, Freiwilligen und Lieferanten.<\/p>\n<p>Wir respektieren die Rechte der Spender auf:<\/p>\n<ul>\n<li>Informieren Sie sich \u00fcber die Mission von 211 Maryland, dar\u00fcber, wie die Ressourcen verwendet werden und dass Spenden effektiv f\u00fcr den vorgesehenen Zweck eingesetzt werden.<\/li>\n<li>Informieren Sie sich \u00fcber die Mitglieder des Board of Directors und erwarten Sie, dass das Board seine F\u00fchrungsverantwortung mit umsichtigem Urteilsverm\u00f6gen wahrnimmt.<\/li>\n<li>Erhalten Sie Zugriff auf die neuesten Finanzberichte von 211 Maryland.<\/li>\n<li>Erhalten Sie angemessene Best\u00e4tigung und Anerkennung.<\/li>\n<li>Seien Sie versichert, dass Informationen \u00fcber ihre Geschenke im gesetzlich vorgeschriebenen Umfang mit Respekt und Vertraulichkeit behandelt werden.<\/li>\n<li>Erwarten Sie, dass alle Beziehungen zu Personen, die von 211 Maryland f\u00fcr den Spender angestellt sind, professioneller Natur sind.<\/li>\n<li>Haben Sie die M\u00f6glichkeit, dass ihre Namen aus Verteilerlisten gel\u00f6scht werden.<\/li>\n<li>F\u00fchlen Sie sich frei, Fragen zu stellen, wenn Sie spenden, und erhalten Sie prompte und wahrheitsgem\u00e4\u00dfe Antworten.<\/li>\n<\/ul>\n<p>Spender mit Bedenken wenden sich bitte per E-Mail an unsere Spender-Helpline\u00a0<a href=\"mailto:info@211md.org\">info@211md.org<\/a>.<\/p>","protected":false},"excerpt":{"rendered":"<p>Sehen Sie sich die Gesch\u00e4ftsbedingungen f\u00fcr Textnachrichten an. G\u00fcltig ab 29. April 2022. 211 Maryland respektiert Ihre Privatsph\u00e4re. 211 Maryland kann Informationen von Benutzern seiner Website (\u201eWebsite\u201c) sammeln. Diese Richtlinie beschreibt: Die Arten von Informationen, die wir m\u00f6glicherweise sammeln oder die Sie m\u00f6glicherweise \u00fcber die Website bereitstellen. Unsere Praktiken zum Sammeln, Verwenden und Offenlegen dieser\u2026<\/p>","protected":false},"author":8,"featured_media":0,"parent":0,"menu_order":0,"comment_status":"closed","ping_status":"closed","template":"","meta":{"footnotes":""},"class_list":["post-1481","page","type-page","status-publish","hentry"],"_links":{"self":[{"href":"https:\/\/211md.org\/de\/wp-json\/wp\/v2\/pages\/1481","targetHints":{"allow":["GET"]}}],"collection":[{"href":"https:\/\/211md.org\/de\/wp-json\/wp\/v2\/pages"}],"about":[{"href":"https:\/\/211md.org\/de\/wp-json\/wp\/v2\/types\/page"}],"author":[{"embeddable":true,"href":"https:\/\/211md.org\/de\/wp-json\/wp\/v2\/users\/8"}],"replies":[{"embeddable":true,"href":"https:\/\/211md.org\/de\/wp-json\/wp\/v2\/comments?post=1481"}],"version-history":[{"count":0,"href":"https:\/\/211md.org\/de\/wp-json\/wp\/v2\/pages\/1481\/revisions"}],"wp:attachment":[{"href":"https:\/\/211md.org\/de\/wp-json\/wp\/v2\/media?parent=1481"}],"curies":[{"name":"wp","href":"https:\/\/api.w.org\/{rel}","templated":true}]}}