{"id":1515,"date":"2021-05-04T16:18:58","date_gmt":"2021-05-04T16:18:58","guid":{"rendered":"https:\/\/211md.org\/?page_id=1515"},"modified":"2025-07-11T17:27:14","modified_gmt":"2025-07-11T21:27:14","slug":"inklusionspolitik","status":"publish","type":"page","link":"https:\/\/211md.org\/de\/inclusion-policy\/","title":{"rendered":"Inklusionsrichtlinie"},"content":{"rendered":"<h2>\n\t\t\t211 Community-Ressourcendatenbank\t<\/h2>\n\t<p>Diese Einschluss-\/Ausschlussrichtlinie enth\u00e4lt Richtlinien f\u00fcr die Arten von Organisationen und Diensten, die f\u00fcr die Aufnahme in die 211 Community Resource Database des Maryland Information Network (MdInfoNet) in Frage kommen. In \u00dcbereinstimmung mit <a href=\"https:\/\/www.informusa.org\/standards\" target=\"_blank\" rel=\"noopener\">Informieren Sie sich \u00fcber die Standards der USA<\/a>Diese Richtlinie ist einheitlich und fair anzuwenden. Sie wird ver\u00f6ffentlicht, damit alle Benutzer \u00fcber den Umfang und die Einschr\u00e4nkungen des Verzeichnisses informiert sind.<\/p>\n<h3>Aufnahmeberechtigt<\/h3>\n<p>Maryland Information Network, die staatlich verwaltete gemeinn\u00fctzige Organisation des 211-Systems in Maryland, bedient den gesamten Staat Maryland und versucht, Gesundheits- und Sozialdienstorganisationen und -programme einzubeziehen, die Dienstleistungen f\u00fcr die Einwohner Marylands anbieten, unabh\u00e4ngig vom physischen Standort des Dienstanbieters.<\/p>\n<p><strong>Im Allgemeinen kommen f\u00fcr die Aufnahme folgende Personen infrage:<\/strong><\/p>\n<ul>\n<li>Gemeinn\u00fctzige und gewinnorientierte Organisationen, religi\u00f6se Gruppen, Clubs und Gesellschaften, Genossenschaften, einzelne \u00c4rzte sowie Regierungsbeh\u00f6rden und -beamte, die der breiten \u00d6ffentlichkeit Gesundheits-, Sozial-, Bildungs-, Bibliotheks-, Arbeits-, Rechts-, Freizeit- und andere menschliche Dienste anbieten.<\/li>\n<li>Organisationen mit einem eher informellen Status, die \u00fcberwiegend von Freiwilligen betrieben werden, wie beispielsweise Selbsthilfegruppen.<\/li>\n<li>Geb\u00fchrenfreie Krisen-Hotlines, Hotlines, Hilfe-Hotlines, Suchtools und Websites, die direkte Hilfe oder spezielle Informationen sowie die Vermittlung an Gesundheits- und Sozialdienste anbieten.<\/li>\n<li>Organisationen, die sich f\u00fcr soziale Hilfsprogramme und -richtlinien einsetzen, darunter auch solche, die Einzelpersonen und Gruppen die M\u00f6glichkeit bieten, sich an Gemeindeverbesserungs- oder Hilfsprojekten zu beteiligen oder im politischen Prozess mitzureden.<\/li>\n<li>Kommerzielle und gewinnorientierte Organisationen, die kostenlose, subventionierte oder geb\u00fchrenpflichtige Dienste oder auf andere Weise einzigartige oder wichtige Dienste anbieten, die im gemeinn\u00fctzigen Sektor nicht ausreichend abgedeckt sind.<\/li>\n<li>Lizenzierte Krankenh\u00e4user, Gesundheitskliniken, Pflegeheime und h\u00e4usliche Pflegedienste.<\/li>\n<li>Tempor\u00e4re Dienste, die als Reaktion auf besondere Umst\u00e4nde wie Naturkatastrophen oder von Menschen verursachte Katastrophen sowie Saison- und Feiertagsprogramme aktiviert werden.<\/li>\n<li>Organisationen, die Programme und Dienste bereitstellen, die f\u00fcr eine Partnerschaft oder einen Vertrag mit Maryland Information Network\/211 relevant sind.<\/li>\n<\/ul>\n<p>Maryland Information Network 211 Maryland Inc. verbietet nicht die Aufnahme von Programmen, die auf Dienstleistungen basierend auf Alter, Rasse, Religion, Geschlecht, sexueller Orientierung, Behinderung oder anderen Merkmalen ausgerichtet sind, die den besonderen Bed\u00fcrfnissen der Zielgruppe gerecht werden sollen, sofern sie allen Menschen dieser spezifischen Bev\u00f6lkerungsgruppen offen stehen.<\/p>\n<h3>Nicht zur Aufnahme berechtigt<\/h3>\n<p><strong>Zu den Organisationen, die normalerweise nicht f\u00fcr die Aufnahme infrage kommen, z\u00e4hlen unter anderem:<\/strong><\/p>\n<ul>\n<li>Organisationen, die seit weniger als einem Jahr bestehen, es sei denn, sie dienen einem kritischen Bedarf.<\/li>\n<li>Organisationen, die aufgrund von Hautfarbe, Rasse, Religion, Geschlecht, sexueller Orientierung, Abstammung, Geschlechtsidentit\u00e4t, nationaler Herkunft oder einer anderen gesetzlich gesch\u00fctzten Kategorie diskriminieren.<\/li>\n<li>Religi\u00f6se Gruppen, soziale Clubs und Gemeindeverb\u00e4nde, die nur Dienstleistungen f\u00fcr Mitglieder anbieten.<\/li>\n<li>Organisationen, die Dienste anbieten, die nach Gesetzen, Verordnungen, Vorschriften oder Anordnungen des Staates Maryland, auf Bundes- oder lokaler Ebene rechtswidrig sind.<\/li>\n<li>Organisationen, die \u00f6ffentlich angeklagt oder verurteilt wurden, weil sie Handlungen vorgenommen haben, die nicht im besten Interesse der Menschen waren, denen sie dienen.<\/li>\n<li>Kommerzielle und private Praxen f\u00fcr Medizin, Sozialarbeit, Krankenpflege, Beratung, Psychiatrie, Psychologie, Physio- oder Ergotherapie usw., die Medicare oder Medicaid nicht akzeptieren oder f\u00fcr kostenpflichtige Leistungen keine gestaffelte Geb\u00fchrenskala anbieten, damit sie auch f\u00fcr Personen mit geringem Einkommen zug\u00e4nglich bleiben.<\/li>\n<li>Organisationen, die sich selbst oder ihre Dienste in irgendeiner Weise falsch darstellen.<\/li>\n<\/ul>\n<p>Das 211-System ist bestrebt, eine ausgewogene Repr\u00e4sentation der Ressourcen zu gew\u00e4hrleisten, einschlie\u00dflich der Ressourcen politischer und themenorientierter Aktionsgruppen. Wird eine Organisation oder ein Programm nach diesen Kriterien jedoch als sch\u00e4dlich f\u00fcr die Gemeinschaft erachtet, wird es ausgeschlossen.<\/p>\n<p><strong>Qualit\u00e4tskontrolle<\/strong><\/p>\n<p>Um sicherzustellen, dass es den sich \u00e4ndernden Bed\u00fcrfnissen der Community gerecht wird, \u00fcberpr\u00fcft MdInfoNet, das 211 Dienste betreibt, j\u00e4hrlich die Einschluss-\/Ausschlussrichtlinie und f\u00fchrt regelm\u00e4\u00dfige Verzeichnis\u00fcberpr\u00fcfungen durch, um sicherzustellen, dass alle Organisationen und Dienste die Vorschriften einhalten.<\/p>\n<p>Um ihren guten Ruf zu wahren und eine Entfernung aus dem Verzeichnis zu verhindern, m\u00fcssen die eingetragenen Organisationen sich bereit erkl\u00e4ren, an der j\u00e4hrlichen \u00dcberpr\u00fcfung ihrer Informationen teilzunehmen und bei auftretenden \u00c4nderungen regelm\u00e4\u00dfige Aktualisierungen vorzunehmen.<\/p>\n<p><strong>Ausschluss und Entfernung<\/strong><\/p>\n<p>MdInfoNet beh\u00e4lt sich das Recht vor, Organisationen und Dienste, die die Aufnahmekriterien nicht erf\u00fcllen, aus beliebigen Gr\u00fcnden nicht zu listen. We211 kann au\u00dferdem zuvor zur Aufnahme zugelassene Organisationen oder Dienste entfernen, wenn diese nicht mehr in den Geltungsbereich fallen, ihre Angaben nach der letzten Aufforderung nicht best\u00e4tigen oder schwerwiegende Beschwerden von Aufsichtsbeh\u00f6rden, der \u00d6ffentlichkeit, dem 211-System oder MdInfoNet gegen sie vorliegen.<\/p>\n<p><strong>Beschwerden und Einspr\u00fcche<\/strong><\/p>\n<p>MdInfoNet betrachtet Beschwerden als wertvolles Feedback, das die Qualit\u00e4t des Ressourcenverzeichnisses und der damit verbundenen Dienste verbessern kann. Beschwerden und Einspr\u00fcche \u00fcber die Aufnahme oder den Ausschluss k\u00f6nnen an folgende Adresse gerichtet werden: <strong>resources@211md.org<\/strong> und werden nach Eingang bearbeitet.<\/p>\n<p><strong>Zus\u00e4tzliche Haftungsausschl\u00fcsse<\/strong><\/p>\n<ul>\n<li>Die 211 Community Resource Database ist nicht als kostenlose Marketing-Plattform f\u00fcr Unternehmen gedacht. Die Aufnahme in die Datenbank stellt keine Empfehlung dar. Der Ausschluss bedeutet weder Ablehnung noch spiegelt er den Wert oder Beitrag einer Organisation f\u00fcr die Gemeinschaft wider.<\/li>\n<li>F\u00fcr die Aufnahme in das Verzeichnis verlangen, erhalten oder akzeptieren wir von keiner Organisation Zahlungen.<\/li>\n<li>Die \u00fcbermittelten Organisationsinformationen k\u00f6nnen hinsichtlich Format, Stil, K\u00fcrze oder Klarheit bearbeitet und f\u00fcr Empfehlungs- und Ver\u00f6ffentlichungszwecke verwendet werden.<\/li>\n<\/ul>\n<p><strong>Zuletzt aktualisiert:<\/strong>\u00a0 Juli 2025<\/p>","protected":false},"excerpt":{"rendered":"<p>211 Community Resource Database Diese Einschluss-\/Ausschlussrichtlinie enth\u00e4lt Richtlinien f\u00fcr die Arten von Organisationen und Diensten, die in die 211 Community Resource Database des Maryland Information Network (MdInfoNet) aufgenommen werden k\u00f6nnen. Gem\u00e4\u00df den Standards von Inform USA ist diese Richtlinie einheitlich und fair anzuwenden. Sie wird ver\u00f6ffentlicht, damit alle Benutzer\u2026<\/p>","protected":false},"author":8,"featured_media":0,"parent":0,"menu_order":0,"comment_status":"closed","ping_status":"closed","template":"","meta":{"footnotes":""},"class_list":["post-1515","page","type-page","status-publish","hentry"],"_links":{"self":[{"href":"https:\/\/211md.org\/de\/wp-json\/wp\/v2\/pages\/1515","targetHints":{"allow":["GET"]}}],"collection":[{"href":"https:\/\/211md.org\/de\/wp-json\/wp\/v2\/pages"}],"about":[{"href":"https:\/\/211md.org\/de\/wp-json\/wp\/v2\/types\/page"}],"author":[{"embeddable":true,"href":"https:\/\/211md.org\/de\/wp-json\/wp\/v2\/users\/8"}],"replies":[{"embeddable":true,"href":"https:\/\/211md.org\/de\/wp-json\/wp\/v2\/comments?post=1515"}],"version-history":[{"count":2,"href":"https:\/\/211md.org\/de\/wp-json\/wp\/v2\/pages\/1515\/revisions"}],"predecessor-version":[{"id":4914,"href":"https:\/\/211md.org\/de\/wp-json\/wp\/v2\/pages\/1515\/revisions\/4914"}],"wp:attachment":[{"href":"https:\/\/211md.org\/de\/wp-json\/wp\/v2\/media?parent=1515"}],"curies":[{"name":"wp","href":"https:\/\/api.w.org\/{rel}","templated":true}]}}