{"id":1684,"date":"2021-05-12T00:22:30","date_gmt":"2021-05-12T00:22:30","guid":{"rendered":"https:\/\/211md.org\/?page_id=1684"},"modified":"2025-10-29T07:02:09","modified_gmt":"2025-10-29T11:02:09","slug":"worcester-county","status":"publish","type":"page","link":"https:\/\/211md.org\/de\/resources-by-county\/worcester-county\/","title":{"rendered":"Finden Sie Hilfe in Worcester County"},"content":{"rendered":"<p>Suchen Sie Hilfe in Ocean City, Berlin, Ocean Pines, Sinepuxent, Newark, Whiteburg, Newark, Pocomoke City oder einer anderen Gemeinde im Worcester County? Nehmen Sie Kontakt zu Hilfsorganisationen auf, indem Sie die 211-Datenbank durchsuchen oder anrufen und mit einer f\u00fcrsorglichen und mitf\u00fchlenden Person sprechen, die Ihre Bed\u00fcrfnisse erkennt und Sie mit Hilfsorganisationen in Verbindung bringt.<\/p>\n\t\t<h2>\t\n\tW\u00e4hlen Sie 211<\/h2><p>Einwohner von Worcester County: W\u00e4hlen Sie die 211, wenn Sie Hilfe bei der Suche nach Lebensmitteln, Versorgungsleistungen oder anderen finanziellen Mitteln ben\u00f6tigen. Wir vermitteln Ihnen hilfreiche Community-Ressourcen. Die 211 ist erreichbar, wenn Sie Hilfe am dringendsten ben\u00f6tigen. Sie erreichen uns rund um die Uhr.<\/p>\n<p>&nbsp;<\/p>\n\t\t\t\t<img decoding=\"async\" src=\"http:\/\/211md.org\/wp-content\/uploads\/2022\/09\/Woman-holding-utility-bill-and-needing-help-paying-it.jpg\" alt=\"Frau h\u00e4lt Stromrechnung in der Hand und addiert Kosten\" itemprop=\"image\" title=\"Frau h\u00e4lt eine Stromrechnung in der Hand und braucht Hilfe beim Bezahlen\" onerror=\"this.style.display='none'\" loading=\"lazy\" \/>\n\t\t\t\t<img decoding=\"async\" src=\"https:\/\/211md.org\/wp-content\/plugins\/bb-plugin\/img\/pixel.png\" alt=\"\" itemprop=\"image\" onerror=\"this.style.display='none'\" loading=\"lazy\" \/>\n\t<h2>Utility-Unterst\u00fctzung<\/h2>\n<p>Wenn Sie Hilfe beim Bezahlen Ihrer Stromrechnung ben\u00f6tigen, wenden Sie sich an <a href=\"https:\/\/search.211md.org\/search\/c4973704d435d8a3a48d69c75180c661\" target=\"_blank\" rel=\"noopener\">ST\u00dcTZEN! Worcester County<\/a>Die Organisation unterst\u00fctzt Sie bei der Beantragung staatlicher Energiezusch\u00fcsse. <\/p>\n<p>Es gibt mehrere Programme, die bei der Bezahlung von Nebenkosten helfen k\u00f6nnen, darunter:<\/p>\n<ul>\n<li>Heizung f\u00fcr den Hausgebrauch \u2013 Maryland Energy Assistance Program (MEAP)<\/li>\n<li>Verhinderung der Abschaltung von Strom bei geringem Einkommen w\u00e4hrend der Heizperiode \u2013 Utility Service Protection Program (USPP)<\/li>\n<li>Strom \u2013 Electric Universal Service Program (EUSP)<\/li>\n<li>\u00dcberf\u00e4llige Rechnungen \u2013 Altersvorsorger\u00fcckst\u00e4nde<\/li>\n<\/ul>\n<p>Dar\u00fcber hinaus finden Sie in der Rubrik 211 auch Einzelheiten zu den Voraussetzungen und zur richtigen Ausf\u00fcllung der Formulare, damit es bei Ihrer Bewerbung nicht zu Verz\u00f6gerungen kommt. <a href=\"https:\/\/211md.org\/de\/ressourcen\/utility-unterstutzung\/\" target=\"_blank\" rel=\"noopener\">Erfahren Sie mehr \u00fcber Hilfsprogramme f\u00fcr Versorgungsunternehmen<\/a>.<\/p>\n<p>Sie k\u00f6nnen Bewerbungen bei SHORE UP! in Newark, Maryland, oder an Standorten in nahegelegenen Landkreisen abgeben, darunter Salisbury im Wicomico County und Princess Anne im Somerset County. <a href=\"https:\/\/shoreup.org\/housing\/energy-assistance\/\" target=\"_blank\" rel=\"noopener\">Finden Sie einen Standort in Ihrer N\u00e4he<\/a>.<\/p>\n<p>Sie m\u00fcssen sich jedes Gesch\u00e4ftsjahr (Juli bis Juni) erneut bewerben.<\/p>\n<h3>Energieeffiziente Hausverbesserungen<\/h3>\n<p>Shore UP! kann auch helfen <a href=\"https:\/\/shoreup.org\/housing\/energy-efficiency-improvement\/\" target=\"_blank\" rel=\"noopener\">verweisen<\/a> berechtigte Eigenheimbesitzer mit niedrigem bis mittlerem Einkommen erhalten \u00fcber das Maryland Department of Housing and Community Development Zugang zu Programmen zur Energieeffizienz ihres Eigenheims.<\/p>\n<p>Diese Verbesserungen k\u00f6nnen Ihren Energieverbrauch, Ihre Energieverluste und Ihre Energieeffizienz senken.<\/p>\n\t<h2><strong>Finanzielle Nothilfe<\/strong> <\/h2>\n<p>Finanzielle Notfallhilfe erhalten Sie im Worcester County von der <a href=\"https:\/\/worcestergold.org\/\" target=\"_blank\" rel=\"noopener\">Anderen Leben W\u00fcrde geben (GOLD)<\/a> gemeinn\u00fctzig. Sie m\u00fcssen diesen Support jedoch \u00fcber 211 oder einen Community-Partner erhalten, da das GOLD-Programm nicht \u00f6ffentlich zug\u00e4nglich ist.<\/p>\n<p>Zu den verf\u00fcgbaren Programmen geh\u00f6ren:<\/p>\n<ul>\n<li>R\u00e4umungspr\u00e4vention<\/li>\n<li>erste Monatsmiete f\u00fcr Personen ohne feste Unterkunft, die in eine langfristige Unterkunft umziehen.<\/li>\n<li>Versorgungshilfe<\/li>\n<li>Bedarf an medizinischer Notfallversorgung<\/li>\n<li>Lebensmittel<\/li>\n<li>Haushaltsgegenst\u00e4nde<\/li>\n<li>Kleidung<\/li>\n<li>Arbeitsvermittlung im Notfall (Telefonminuten, Kleidung\/Ausr\u00fcstung, Lizenzgeb\u00fchren)<\/li>\n<\/ul>\n<p>Wenn Sie bei einem dieser grundlegenden Bed\u00fcrfnisse Hilfe ben\u00f6tigen, wenden Sie sich an 2-1-1 oder einen Community-Partner in Worcester County.<\/p>\n<p>&nbsp;<\/p>\n<h2>Sozialdienste des Worcester County<\/h2>\n<p>Kontaktieren Sie die <a href=\"https:\/\/dhs.maryland.gov\/local-offices\/worcester-county\/\" target=\"_blank\" rel=\"noopener\">Sozialamt des Worcester County<\/a> wenn Sie Hilfe bei der Beantragung staatlicher Leistungen wie Lebensmittelmarken oder SNAP, dem Kinderbetreuungsstipendium oder einem anderen Programm ben\u00f6tigen<\/p>\n<h2><b><br \/>\nRechtshilfe<\/b><\/h2>\n<p>Wenn Sie ein rechtliches Problem haben und nicht vertreten sind und Hilfe ben\u00f6tigen, k\u00f6nnen Sie sich f\u00fcr die Familiendienste qualifizieren <a href=\"https:\/\/mdcourts.gov\/circuit\/worcester\/family#prose\" target=\"_blank\" rel=\"noopener\">Profi<\/a><a href=\"https:\/\/mdcourts.gov\/circuit\/worcester\/family#prose\" target=\"_blank\" rel=\"noopener\"> Se<\/a><a href=\"https:\/\/mdcourts.gov\/circuit\/worcester\/family#prose\" target=\"_blank\" rel=\"noopener\"> Assistent<\/a><a href=\"https:\/\/mdcourts.gov\/circuit\/worcester\/family#prose\" target=\"_blank\" rel=\"noopener\">ce<\/a><a href=\"https:\/\/mdcourts.gov\/circuit\/worcester\/family#prose\" target=\"_blank\" rel=\"noopener\"> Klinik<\/a>.<\/p>\n<p>Das Pro Se Family Law Project bietet rechtliche Hilfe und Beratung, damit es einfacher ist, Formulare zur Selbstvertretung bei Scheidung, h\u00e4uslicher Gewalt, Sorgerecht, Namens\u00e4nderung, Besuch und \u00c4nderung des Kindesunterhalts auszuf\u00fcllen. Rufen Sie 410-632-5638 an.<\/p>\n<p><a href=\"https:\/\/www.mdlab.org\/contact-us\/\" target=\"_blank\" rel=\"noopener\">Rechtshilfe<\/a> bietet auch Hilfe bei zivilrechtlichen Fragen, einschlie\u00dflich Wohnungs-, Familien-, Arbeits-, Sozialleistungs- und Verbraucher-\/Finanzfragen. Das B\u00fcro in Salisbury betreut die Lower Eastern Shore, einschlie\u00dflich Worcester County.<\/p>\n<p>&nbsp;<\/p>\n<h3><b>Suche nach Hilfe nach Kategorie\u00a0<\/b><\/h3>\n<p>Sie k\u00f6nnen auch Ressourcen f\u00fcr andere wichtige Bed\u00fcrfnisse finden, indem Sie unten eine Kategorie ausw\u00e4hlen. <\/p>\n<p>Sie k\u00f6nnen auch rund um die Uhr die Nummer 211 w\u00e4hlen, um von einem Informations- und Vermittlungsspezialisten mit der besten Ressource in Worcester County und Umgebung verbunden zu werden.<\/p>\n\t\t<h4><a href=\"\/de\/ressourcen\/alterungsbehinderung\/?utm_source=Home&#038;utm_medium=Referral&#038;utm_campaign=211Resources&#038;utm_content=Aging\" target=\"_self\">Alter &amp; Behinderung<\/a><\/h4>\n\t\t\t\t<a href=\"\/de\/ressourcen\/alterungsbehinderung\/?utm_source=Home&#038;utm_medium=Referral&#038;utm_campaign=211Resources&#038;utm_content=Aging\"  target=\"_self\" itemprop=\"url\">\n\t\t\t\t<img decoding=\"async\" src=\"https:\/\/211md.org\/wp-content\/uploads\/bb-plugin\/cache\/2025_MdInfoNet_Icon-Sets_Aging-disability-square-c466727102cae71e5f27b8539bb51945-.png\" alt=\"\" itemprop=\"image\" onerror=\"this.style.display='none'\" loading=\"lazy\" \/>\n\t\t\t\t<\/a>\n\t\t<h4><a href=\"\/de\/ressourcen\/kinder-familien\/?utm_source=Home&#038;utm_medium=Referral&#038;utm_campaign=211Resources&#038;utm_content=Children\" target=\"_self\">Kinder &amp; Familien<\/a><\/h4>\n\t\t\t\t<a href=\"\/de\/ressourcen\/kinder-familien\/?utm_source=Home&#038;utm_medium=Referral&#038;utm_campaign=211Resources&#038;utm_content=Children\"  target=\"_self\" itemprop=\"url\">\n\t\t\t\t<img decoding=\"async\" src=\"https:\/\/211md.org\/wp-content\/uploads\/bb-plugin\/cache\/2025_211_Icon-Sets_Child-care-square-f3b0d4edab3dcc467fadb5f55f4064c6-.png\" alt=\"2025_211_Icon Sets_Kinderbetreuung\" itemprop=\"image\" height=\"417\" width=\"417\" title=\"2025_211_Icon Sets_Kinderbetreuung\" onerror=\"this.style.display='none'\" loading=\"lazy\" \/>\n\t\t\t\t<\/a>\n\t\t<h4><a href=\"\/de\/ressourcen\/hausliche-familiare-gewalt\/?utm_source=Home&#038;utm_medium=Referral&#038;utm_campaign=211Resources&#038;utm_content=Domestic\" target=\"_self\">H\u00e4usliche Gewalt<\/a><\/h4>\n\t\t\t\t<a href=\"\/de\/ressourcen\/hausliche-familiare-gewalt\/?utm_source=Home&#038;utm_medium=Referral&#038;utm_campaign=211Resources&#038;utm_content=Domestic\"  target=\"_self\" itemprop=\"url\">\n\t\t\t\t<img decoding=\"async\" src=\"https:\/\/211md.org\/wp-content\/uploads\/bb-plugin\/cache\/2025_211_Icon-Sets_Domestic-Violence-square-7b597694a6f05fe90cdc376aa573bc63-.png\" alt=\"Symbol f\u00fcr h\u00e4usliche Gewalt\" itemprop=\"image\" height=\"417\" width=\"417\" title=\"2025_211_Icon Sets_H\u00e4usliche Gewalt\" onerror=\"this.style.display='none'\" loading=\"lazy\" \/>\n\t\t\t\t<\/a>\n\t\t<h4><a href=\"\/de\/ressourcen\/arbeitssuche\/?utm_source=Home&#038;utm_medium=Referral&#038;utm_campaign=211Resources&#038;utm_content=Employment\" target=\"_self\">Besch\u00e4ftigung<\/a><\/h4>\n\t\t\t\t<a href=\"\/de\/ressourcen\/arbeitssuche\/?utm_source=Home&#038;utm_medium=Referral&#038;utm_campaign=211Resources&#038;utm_content=Employment\"  target=\"_self\" itemprop=\"url\">\n\t\t\t\t<img decoding=\"async\" src=\"https:\/\/211md.org\/wp-content\/uploads\/bb-plugin\/cache\/2025_MdInfoNet_Icon-Sets_Employment-square-44707bd410e4df10a470bf130ebcea86-.png\" alt=\"\" itemprop=\"image\" onerror=\"this.style.display='none'\" loading=\"lazy\" \/>\n\t\t\t\t<\/a>\n\t\t<h4><a href=\"\/de\/ressourcen\/gesundheitswesen\/?utm_source=Home&#038;utm_medium=Referral&#038;utm_campaign=211Resources&#038;utm_content=Health%20Care\" target=\"_self\">Gesundheitsvorsorge<\/a><\/h4>\n\t\t\t\t<a href=\"\/de\/ressourcen\/gesundheitswesen\/?utm_source=Home&#038;utm_medium=Referral&#038;utm_campaign=211Resources&#038;utm_content=Health%20Care\"  target=\"_self\" itemprop=\"url\">\n\t\t\t\t<img decoding=\"async\" src=\"https:\/\/211md.org\/wp-content\/uploads\/bb-plugin\/cache\/2025_MdInfoNet_Icon-Sets_Health-Care-square-dee98a0060cbe0e7f27eda253fc12679-.png\" alt=\"\" itemprop=\"image\" onerror=\"this.style.display='none'\" loading=\"lazy\" \/>\n\t\t\t\t<\/a>\n\t\t<h4><a href=\"\/de\/ressourcen\/kinder-familien\/verwandtschaftspflege\/?utm_source=Home&#038;utm_medium=Referral&#038;utm_campaign=211Resources&#038;utm_content=Kinship\" target=\"_self\">Verwandtschaft<\/a><\/h4>\n\t\t\t\t<a href=\"\/de\/ressourcen\/kinder-familien\/verwandtschaftspflege\/?utm_source=Home&#038;utm_medium=Referral&#038;utm_campaign=211Resources&#038;utm_content=Kinship\"  target=\"_self\" itemprop=\"url\">\n\t\t\t\t<img decoding=\"async\" src=\"https:\/\/211md.org\/wp-content\/uploads\/bb-plugin\/cache\/2025_211_Icon-Sets_Kinship-square-45bdf872866f5735f842c32071109267-.png\" alt=\"Verwandtschaftssymbol\" itemprop=\"image\" height=\"417\" width=\"417\" title=\"2025_211_Icon Sets_Verwandtschaft\" onerror=\"this.style.display='none'\" loading=\"lazy\" \/>\n\t\t\t\t<\/a>\n\t\t<h4><a href=\"\/de\/ressourcen\/rechtsberatung\/?utm_source=Home&#038;utm_medium=Referral&#038;utm_campaign=211Resources&#038;utm_content=Legal\" target=\"_self\">Rechtsberatung<\/a><\/h4>\n\t\t\t\t<a href=\"\/de\/ressourcen\/rechtsberatung\/?utm_source=Home&#038;utm_medium=Referral&#038;utm_campaign=211Resources&#038;utm_content=Legal\"  target=\"_self\" itemprop=\"url\">\n\t\t\t\t<img decoding=\"async\" src=\"https:\/\/211md.org\/wp-content\/uploads\/bb-plugin\/cache\/2025_MdInfoNet_Icon-Sets_Legal-square-18fdf438feb8435588174d9046463257-.png\" alt=\"\" itemprop=\"image\" onerror=\"this.style.display='none'\" loading=\"lazy\" \/>\n\t\t\t\t<\/a>\n\t\t<h4><a href=\"\/de\/ressourcen\/psychische-gesundheit\/?utm_source=Home&#038;utm_medium=Referral&#038;utm_campaign=211Resources&#038;utm_content=Mental\" target=\"_self\">Psychische Gesundheit<\/a><\/h4>\n\t\t\t\t<a href=\"\/de\/ressourcen\/psychische-gesundheit\/?utm_source=Home&#038;utm_medium=Referral&#038;utm_campaign=211Resources&#038;utm_content=Mental\"  target=\"_self\" itemprop=\"url\">\n\t\t\t\t<img decoding=\"async\" src=\"https:\/\/211md.org\/wp-content\/uploads\/bb-plugin\/cache\/2025_MdInfoNet_Icon-Sets_Mental-Health-square-c59b38c4a993a947d4c9280fbe2d2fee-.png\" alt=\"\" itemprop=\"image\" onerror=\"this.style.display='none'\" loading=\"lazy\" \/>\n\t\t\t\t<\/a>\n\t\t<h4><a href=\"\/de\/ressourcen\/mdreentry\/?utm_source=Home&#038;utm_medium=Referral&#038;utm_campaign=211Resources&#038;utm_content=Reentry\" target=\"_self\">Wiedereintritt<\/a><\/h4>\n\t\t\t\t<a href=\"\/de\/ressourcen\/mdreentry\/?utm_source=Home&#038;utm_medium=Referral&#038;utm_campaign=211Resources&#038;utm_content=Reentry\"  target=\"_self\" itemprop=\"url\">\n\t\t\t\t<img decoding=\"async\" src=\"https:\/\/211md.org\/wp-content\/uploads\/bb-plugin\/cache\/2025_211_Icon-Sets_Reentry-square-8676fea38abd920a832f45642fe31cca-.png\" alt=\"Symbol \u201eWiedereintritt\u201c\" itemprop=\"image\" height=\"417\" width=\"417\" title=\"2025_211_Icon Sets_Wiedereintritt\" onerror=\"this.style.display='none'\" loading=\"lazy\" \/>\n\t\t\t\t<\/a>\n\t\t<h4><a href=\"\/de\/ressourcen\/substanzgebrauch\/?utm_source=Home&#038;utm_medium=Referral&#038;utm_campaign=211Resources&#038;utm_content=Substance\" target=\"_self\">Substanzgebrauch<\/a><\/h4>\n\t\t\t\t<a href=\"\/de\/ressourcen\/substanzgebrauch\/?utm_source=Home&#038;utm_medium=Referral&#038;utm_campaign=211Resources&#038;utm_content=Substance\"  target=\"_self\" itemprop=\"url\">\n\t\t\t\t<img decoding=\"async\" src=\"https:\/\/211md.org\/wp-content\/uploads\/bb-plugin\/cache\/2025_MdInfoNet_Icon-Sets_Substance-Abuse-square-9022fec9d18a64118ad685c101885b55-.png\" alt=\"\" itemprop=\"image\" onerror=\"this.style.display='none'\" loading=\"lazy\" \/>\n\t\t\t\t<\/a>\n\t\t<h4><a href=\"\/de\/ressourcen\/veteranen\/?utm_source=Home&#038;utm_medium=Referral&#038;utm_campaign=211Resources&#038;utm_content=Veterans\" target=\"_self\">Veteranen<\/a><\/h4>\n\t\t\t\t<a href=\"\/de\/ressourcen\/veteranen\/?utm_source=Home&#038;utm_medium=Referral&#038;utm_campaign=211Resources&#038;utm_content=Veterans\"  target=\"_self\" itemprop=\"url\">\n\t\t\t\t<img decoding=\"async\" src=\"https:\/\/211md.org\/wp-content\/uploads\/bb-plugin\/cache\/2025_MdInfoNet_Icon-Sets_Rating-square-6e60d00cce4faa8e0a6d4ad7366aa733-.png\" alt=\"\" itemprop=\"image\" onerror=\"this.style.display='none'\" loading=\"lazy\" \/>\n\t\t\t\t<\/a>","protected":false},"excerpt":{"rendered":"<p>Are you looking for help in Ocean City, Berlin, Ocean Pines, Sinepuxent, Newark, Whiteburg, Newark, Pocomoke City or another Worcester County community? Get connected to community supporting by searching the 211 database or calling and speaking to a caring and compassionate person who can identify your needs and connect you to community support. Dial 211&hellip;<\/p>","protected":false},"author":8,"featured_media":4096,"parent":750,"menu_order":0,"comment_status":"closed","ping_status":"closed","template":"","meta":{"footnotes":""},"class_list":["post-1684","page","type-page","status-publish","has-post-thumbnail","hentry"],"_links":{"self":[{"href":"https:\/\/211md.org\/de\/wp-json\/wp\/v2\/pages\/1684","targetHints":{"allow":["GET"]}}],"collection":[{"href":"https:\/\/211md.org\/de\/wp-json\/wp\/v2\/pages"}],"about":[{"href":"https:\/\/211md.org\/de\/wp-json\/wp\/v2\/types\/page"}],"author":[{"embeddable":true,"href":"https:\/\/211md.org\/de\/wp-json\/wp\/v2\/users\/8"}],"replies":[{"embeddable":true,"href":"https:\/\/211md.org\/de\/wp-json\/wp\/v2\/comments?post=1684"}],"version-history":[{"count":3,"href":"https:\/\/211md.org\/de\/wp-json\/wp\/v2\/pages\/1684\/revisions"}],"predecessor-version":[{"id":34079,"href":"https:\/\/211md.org\/de\/wp-json\/wp\/v2\/pages\/1684\/revisions\/34079"}],"up":[{"embeddable":true,"href":"https:\/\/211md.org\/de\/wp-json\/wp\/v2\/pages\/750"}],"wp:featuredmedia":[{"embeddable":true,"href":"https:\/\/211md.org\/de\/wp-json\/wp\/v2\/media\/4096"}],"wp:attachment":[{"href":"https:\/\/211md.org\/de\/wp-json\/wp\/v2\/media?parent=1684"}],"curies":[{"name":"wp","href":"https:\/\/api.w.org\/{rel}","templated":true}]}}