{"id":1687,"date":"2021-05-12T00:23:01","date_gmt":"2021-05-12T00:23:01","guid":{"rendered":"https:\/\/211md.org\/?page_id=1687"},"modified":"2025-11-07T06:50:29","modified_gmt":"2025-11-07T11:50:29","slug":"dorchester-county","status":"publish","type":"page","link":"https:\/\/211md.org\/de\/resources-by-county\/dorchester-county\/","title":{"rendered":"Dorchester County"},"content":{"rendered":"<h2><a href=\"https:\/\/search.211md.org\/\" target=\"_blank\"  rel=\"noopener\">Finden Sie Ressourcen in meiner N\u00e4he<\/a><\/h2>\n\t\t\t<a href=\"https:\/\/search.211md.org\/\" target=\"_blank\" rel=\"noopener\">\n\t\t\t\t\t\t\tJetzt suchen\n\t\t\t<\/a>\n\t<p><strong><a href=\"\/de\/treten-sie-unserer-datenbank-bei\/\">F\u00fcgen Sie Ihre Agentur oder Organisation zu unserer Ressourcendatenbank hinzu.<\/a><\/strong><\/p>\n\t<p>Hilfe ist verf\u00fcgbar, wenn Sie in Cambridge, Algonquin, Cannon Acres, Williamsburg, Waddells Corner, Hurlock, Woodland Acres, Toddville, West Haven oder einem anderen Gebiet im Dorchester County leben.<\/p>\n<p>W\u00e4hlen Sie 211 und ein Informations- und \u00dcberweisungsspezialist wird Sie mit der Hilfe verbinden, die Sie brauchen, um erfolgreich zu sein.<\/p>\n<p>Sie k\u00f6nnen auch die oben stehende Datenbank durchsuchen, um lokale Ressourcen zu finden.<\/p>\n\t\t<h2>\t\n\tW\u00e4hlen Sie 211<\/h2><p>Erhalten Sie Zugang zu Community-Ressourcen und unterst\u00fctzen Sie rund um die Uhr.<\/p>\n\t\t\t\t<img decoding=\"async\" src=\"http:\/\/211md.org\/wp-content\/uploads\/2023\/12\/Lighthouse-in-Cambridge-Maryland-in-Dorchester-County-.jpg\" alt=\"Leuchtturm in Cambridge, Maryland\" itemprop=\"image\" title=\"Leuchtturm in Cambridge Maryland im Dorchester County\" onerror=\"this.style.display='none'\" loading=\"lazy\" \/>\n<h2>Utility-Hilfe<\/h2>\n<p>Versorgungsleistungen sind die h\u00e4ufigste Hilfeanfrage in Dorchester County. Einwohner k\u00f6nnen einen staatlichen Zuschuss beantragen, beispielsweise das Maryland Energy Assistance Program (MEAP). Es gibt verschiedene M\u00f6glichkeiten, bei Strom-, Gas- und Heizkostenabrechnungen zu helfen.\u00a0<a href=\"\/de\/ressourcen\/utility-unterstutzung\/\" rel=\"noopener\">Erhalten Sie die neuesten Informationen zu den Programmen, Einkommensrichtlinien und zur Bewerbung<\/a>.<\/p>\n<p>Wenn Sie Hilfe beim Ausf\u00fcllen des Formulars ben\u00f6tigen oder Fragen zum Programm haben, rufen Sie an\u00a0<a href=\"https:\/\/dhs.maryland.gov\/office-of-home-energy-programs\/local-home-energy-program-office\/\" target=\"_blank\" rel=\"noopener\">Abteilung f\u00fcr soziale Dienste des Dorchester County<\/a>. Die Nummer ist 410-901-4100. Sie k\u00f6nnen auch eine E-Mail senden\u00a0<a href=\"mailto:Dorchester.ohep@maryland.gov\">Dorchester.ohep@maryland.gov<\/a><\/p>\n<p>Community-Gruppen k\u00f6nnen eine weitere Option sein, wenn Sie mit einer Stromrechnung zu k\u00e4mpfen haben. Der\u00a0<a href=\"https:\/\/search.211md.org\/search\/59585dc7655c06310cb4ffcb82beab02\" target=\"_blank\" rel=\"noopener\">Heilsarmee, Good Neighbor Fund,<\/a>\u00a0Bietet finanzielle Unterst\u00fctzung bei der Abschaltung und R\u00e4umung von Versorgungseinrichtungen. Es handelt sich um einen Fonds der letzten Instanz.<\/p>\n<p>Wenn Sie Hilfe beim Bezahlen Ihrer Stromrechnung ben\u00f6tigen, rufen Sie Ihren Anbieter an.\u00a0<a href=\"https:\/\/www.delmarva.com\/MyAccount\/CustomerSupport\/Pages\/DE\/AssistancePrograms%20(DE).aspx\" target=\"_blank\" rel=\"noopener\">Delmarva-Macht<\/a>,\u00a0<a href=\"https:\/\/www.choptankelectric.coop\/energy-assistance\" target=\"_blank\" rel=\"noopener\">Choptank elektrisch<\/a>\u00a0oder\u00a0<a href=\"https:\/\/chpkgas.com\/business-billing\/public-assistance-programs-maryland\/\" target=\"_blank\" rel=\"noopener\">Chesapeake-Dienstprogramme<\/a>\u00a0und fragen Sie nach Zahlungsmodalit\u00e4ten. Delmarva verf\u00fcgt \u00fcber Programme wie die Verl\u00e4ngerung des F\u00e4lligkeitsdatums Ihrer Rechnung, Zahlungsvereinbarungen und Budgetabrechnungen. F\u00fcr Gas rufen Sie Cambridge Gas Co. an.<\/p>\n<h3>Holen Sie sich Hilfe bei anderen Bed\u00fcrfnissen<\/h3>\n<p><a href=\"https:\/\/www.dcsdct.org\/community-action--poverty-services.html\" target=\"_blank\" rel=\"noopener\">Delmarva Community Action Agency<\/a>\u00a0bietet Bewohnern eine Vorratskammer, einkommensunabh\u00e4ngige Hilfe bei der Zwangsvollstreckung, kostenlose Einkommenssteuervorbereitung und kurzfristige Mietunterst\u00fctzung zur Verhinderung von Obdachlosigkeit.<\/p>\n<h2>Essen<\/h2>\n<p>Wenn Sie Hilfe beim Essen ben\u00f6tigen, k\u00f6nnen Sie herausfinden, ob Sie daf\u00fcr in Frage kommen <a href=\"https:\/\/211md.org\/de\/ressourcen\/lebensmittel\/fusstapfen\/\">Lebensmittelmarken\/SNAP<\/a>\/, <a href=\"https:\/\/211md.org\/de\/ressourcen\/lebensmittel\/wic\/\">WIC<\/a> oder gehen Sie zu einer Lebensmittelausgabe oder einer Lebensmittelverteilungsveranstaltung.<\/p>\n<p>Dies sind die Vorratskammern in Dorchester County. Sie k\u00f6nnen auch einen Kalender mit Lebensmittelvorr\u00e4ten nach Tag, Woche oder Monat anzeigen <a href=\"https:\/\/www.midshorehealth.org\/food\" target=\"_blank\" rel=\"noopener\">Speisekammerkalender der Mid Shore Health Improvement Coalition<\/a>.<\/p>\n<p>There&#8217;s also the ShoGo Mobile food service, which delivers fresh, low-cost groceries in Dorchester, Talbot, and Caroline counties. The curbside market has fresh produce and prepared meals at locations in the county. <a href=\"https:\/\/www.carolineculinaryarts.org\/shogo-mobile\" target=\"_blank\" rel=\"noopener\">Find out when the van<\/a> will be near you.<\/p>\n\t\t<h3>Hurlock United Methodist Church<\/h3><p>502 South Main Street<\/p>\n<p>Hurlock, MD 21643<\/p>\n<p>443-988-9855<\/p>\n<p>&nbsp;<\/p>\n<p><strong>Montag-Freitag 8:00 \u2013 20:00 Uhr<\/strong><\/p>\n\t<iframe src=\"https:\/\/www.google.com\/maps\/embed\/v1\/place?q=502+South+Main+Street%0AHurlock%2C+MD+21643&#038;key=AIzaSyD09zQ9PNDNNy9TadMuzRV_UsPUoWKntt8\" aria-hidden=\"true\" title=\"Hurlock United Methodist Church\"><\/iframe>\n\t\t<h3>Heilsarmee von Cambridge<\/h3><p>200 Washington Street<\/p>\n<p>Cambridge, MD 21613<\/p>\n<p>410-228-2442<\/p>\n<p>&nbsp;<\/p>\n<p><strong>Montag, Dienstag, Mittwoch, Freitag 8:00 \u2013 16:00 Uhr<\/strong><\/p>\n<p><strong>Donnerstag 8 \u2013 17 Uhr<\/strong><\/p>\n\t<iframe src=\"https:\/\/www.google.com\/maps\/embed\/v1\/place?q=200+Washington+Street%0ACambridge%2C+MD+21613&#038;key=AIzaSyD09zQ9PNDNNy9TadMuzRV_UsPUoWKntt8\" aria-hidden=\"true\" title=\"Heilsarmee von Cambridge\"><\/iframe>\n\t\t<h3>Delmarva Community Services, Inc. \u2013 Delmarva Community Action Center<\/h3><p>1000 Goodwill Avenue<\/p>\n<p>Cambridge, MD 21613<\/p>\n<p>410-901-2991<\/p>\n<p>&nbsp;<\/p>\n<p><strong>Montag, Mittwoch, Donnerstag 9:00 \u2013 16:00 Uhr<\/strong><\/p>\n\t<iframe src=\"https:\/\/www.google.com\/maps\/embed\/v1\/place?q=1000+Goodwill+Avenue%0ACambridge%2C+MD+21613&#038;key=AIzaSyD09zQ9PNDNNy9TadMuzRV_UsPUoWKntt8\" aria-hidden=\"true\" title=\"Delmarva Community Services\"><\/iframe>\n\t\t<h3>Die Gesellschaft des Hl. Vinzenz von Paul \u2013 Zuflucht der S\u00fcnder der Heiligen Maria<\/h3><p>2000 Hambrooks Boulevard<\/p>\n<p>Cambridge, MD 21613<\/p>\n<p>410-228-4770 x6<\/p>\n<p>&nbsp;<\/p>\n<p><strong>Donnerstag 10 \u2013 12 Uhr<\/strong><\/p>\n\t<iframe src=\"https:\/\/www.google.com\/maps\/embed\/v1\/place?q=2000+Hambrooks+Boulevard%0ACambridge%2C+MD+21613&#038;key=AIzaSyD09zQ9PNDNNy9TadMuzRV_UsPUoWKntt8\" aria-hidden=\"true\" title=\"Die Gesellschaft des Heiligen Vinzenz von Paul\"><\/iframe>\n\t\t<h3>Dorchester Community Development Corporation<\/h3><p>435 Hauptstra\u00dfe. (Postfach 549)<\/p>\n<p>Cambridge, MD 21613<\/p>\n<p>&nbsp;<\/p>\n<p>&nbsp;<\/p>\n<p><strong>Montag \u2013 Freitag 9 \u2013 16 Uhr<\/strong><\/p>\n\t<iframe src=\"https:\/\/www.google.com\/maps\/embed\/v1\/place?q=435+High+Street%0ACambridge%2C+MD+21613&#038;key=AIzaSyD09zQ9PNDNNy9TadMuzRV_UsPUoWKntt8\" aria-hidden=\"true\" title=\"Dorchester Community Development Corporation\"><\/iframe>\n<h2>Gesundheit und Wohlbefinden<\/h2>\n<p>Die <a href=\"https:\/\/dorchesterhealth.org\/health-services\/\" target=\"_blank\" rel=\"noopener\">Gesundheitsamt des Dorchester County<\/a> hilft Familien bei Vorsorgeuntersuchungen, Impfungen, Gesundheitserziehung und Wellness. Sie haben auch <a href=\"https:\/\/dorchesterhealth.org\/behavioral-health\/\" target=\"_blank\" rel=\"noopener\">Ressourcen zur Verhaltensgesundheit<\/a>. Wenn Sie Ihre Suche nach Anbietern f\u00fcr psychische Gesundheit und Substanzkonsum in der Region erweitern m\u00fcssen, <a href=\"https:\/\/search.988.mdinfonet.org\/\" target=\"_blank\" rel=\"noopener\">Durchsuchen Sie die umfassendste Verhaltensressourcendatenbank des Staates<\/a> bereitgestellt vom Maryland Information Network.<\/p>\n<p>Diabetes ist in der gesamten Mid Shore ein Problem. Jeder dritte Erwachsene leidet an Pr\u00e4diabetes, aber 80% der Menschen wissen das nicht. Sind Sie gef\u00e4hrdet? <a href=\"https:\/\/www.midshorehealth.org\/diabetesrisk\" target=\"_blank\" rel=\"noopener\">Das Quiz machen<\/a> von der Mid Shore Health Improvement Coalition, die sich f\u00fcr die Sensibilisierung einsetzt.<\/p>\n<p>Dar\u00fcber hinaus k\u00f6nnen Sie in der gesamten Region an einer Veranstaltung zum Thema Gesundheit teilnehmen. Sicht <a href=\"https:\/\/www.midshorehealth.org\/events\" target=\"_blank\" rel=\"noopener\">Der Veranstaltungskalender der Mid Shore Health Improvement Coalition<\/a>.<\/p>\n\t\t\t\t<img decoding=\"async\" src=\"http:\/\/211md.org\/wp-content\/uploads\/2024\/01\/Whats-the-211-hon.jpg\" alt=\"Was ist die 211 Hon SMS-Erinnerung?\" itemprop=\"image\" title=\"Was ist der 211 Hon\" onerror=\"this.style.display='none'\" loading=\"lazy\" \/>\n\t<h2>Veranstaltungen an der Mittelk\u00fcste<\/h2>\n<p>Lernen <a href=\"https:\/\/211md.org\/de\/whats-the-211\/\">Was ist die 211, Schatz?<\/a> \u2013 eine Basisinitiative, um das Bewusstsein daf\u00fcr zu sch\u00e4rfen, wie 211 den Einwohnern von Dorchester County dabei helfen kann, lokale Gesundheits- und Sozialressourcen zu finden. 211 ist an 365 Tagen im Jahr rund um die Uhr erreichbar.<\/p>\n\t\t<h3>\t\n\tErhalten Sie MidShore-Textbenachrichtigungen<\/h3><p>Erhalten Sie SMS-Updates mit Community-Ressourcen. Melden Sie sich an, indem Sie MidShore eine SMS an 898-211 senden.<\/p>\n\t\t<h4><a href=\"\/de\/ressourcen\/alterungsbehinderung\/?utm_source=Home&#038;utm_medium=Referral&#038;utm_campaign=211Resources&#038;utm_content=Aging\" target=\"_self\">Alter &amp; Behinderung<\/a><\/h4>\n\t\t\t\t<a href=\"\/de\/ressourcen\/alterungsbehinderung\/?utm_source=Home&#038;utm_medium=Referral&#038;utm_campaign=211Resources&#038;utm_content=Aging\"  target=\"_self\" itemprop=\"url\">\n\t\t\t\t<img decoding=\"async\" src=\"https:\/\/211md.org\/wp-content\/uploads\/bb-plugin\/cache\/2025_MdInfoNet_Icon-Sets_Aging-disability-square-c466727102cae71e5f27b8539bb51945-.png\" alt=\"\" itemprop=\"image\" onerror=\"this.style.display='none'\" loading=\"lazy\" \/>\n\t\t\t\t<\/a>\n\t\t<h4><a href=\"\/de\/ressourcen\/kinder-familien\/?utm_source=Home&#038;utm_medium=Referral&#038;utm_campaign=211Resources&#038;utm_content=Children\" target=\"_self\">Kinder &amp; Familien<\/a><\/h4>\n\t\t\t\t<a href=\"\/de\/ressourcen\/kinder-familien\/?utm_source=Home&#038;utm_medium=Referral&#038;utm_campaign=211Resources&#038;utm_content=Children\"  target=\"_self\" itemprop=\"url\">\n\t\t\t\t<img decoding=\"async\" src=\"https:\/\/211md.org\/wp-content\/uploads\/bb-plugin\/cache\/2025_211_Icon-Sets_Child-care-square-f3b0d4edab3dcc467fadb5f55f4064c6-.png\" alt=\"2025_211_Icon Sets_Kinderbetreuung\" itemprop=\"image\" height=\"417\" width=\"417\" title=\"2025_211_Icon Sets_Kinderbetreuung\" onerror=\"this.style.display='none'\" loading=\"lazy\" \/>\n\t\t\t\t<\/a>\n\t\t<h4><a href=\"\/de\/ressourcen\/hausliche-familiare-gewalt\/?utm_source=Home&#038;utm_medium=Referral&#038;utm_campaign=211Resources&#038;utm_content=Domestic\" target=\"_self\">H\u00e4usliche Gewalt<\/a><\/h4>\n\t\t\t\t<a href=\"\/de\/ressourcen\/hausliche-familiare-gewalt\/?utm_source=Home&#038;utm_medium=Referral&#038;utm_campaign=211Resources&#038;utm_content=Domestic\"  target=\"_self\" itemprop=\"url\">\n\t\t\t\t<img decoding=\"async\" src=\"https:\/\/211md.org\/wp-content\/uploads\/bb-plugin\/cache\/2025_211_Icon-Sets_Domestic-Violence-square-7b597694a6f05fe90cdc376aa573bc63-.png\" alt=\"Symbol f\u00fcr h\u00e4usliche Gewalt\" itemprop=\"image\" height=\"417\" width=\"417\" title=\"2025_211_Icon Sets_H\u00e4usliche Gewalt\" onerror=\"this.style.display='none'\" loading=\"lazy\" \/>\n\t\t\t\t<\/a>\n\t\t<h4><a href=\"\/de\/ressourcen\/arbeitssuche\/?utm_source=Home&#038;utm_medium=Referral&#038;utm_campaign=211Resources&#038;utm_content=Employment\" target=\"_self\">Besch\u00e4ftigung<\/a><\/h4>\n\t\t\t\t<a href=\"\/de\/ressourcen\/arbeitssuche\/?utm_source=Home&#038;utm_medium=Referral&#038;utm_campaign=211Resources&#038;utm_content=Employment\"  target=\"_self\" itemprop=\"url\">\n\t\t\t\t<img decoding=\"async\" src=\"https:\/\/211md.org\/wp-content\/uploads\/bb-plugin\/cache\/2025_MdInfoNet_Icon-Sets_Employment-square-44707bd410e4df10a470bf130ebcea86-.png\" alt=\"\" itemprop=\"image\" onerror=\"this.style.display='none'\" loading=\"lazy\" \/>\n\t\t\t\t<\/a>\n\t\t<h4><a href=\"\/de\/ressourcen\/gesundheitswesen\/?utm_source=Home&#038;utm_medium=Referral&#038;utm_campaign=211Resources&#038;utm_content=Health%20Care\" target=\"_self\">Gesundheitsvorsorge<\/a><\/h4>\n\t\t\t\t<a href=\"\/de\/ressourcen\/gesundheitswesen\/?utm_source=Home&#038;utm_medium=Referral&#038;utm_campaign=211Resources&#038;utm_content=Health%20Care\"  target=\"_self\" itemprop=\"url\">\n\t\t\t\t<img decoding=\"async\" src=\"https:\/\/211md.org\/wp-content\/uploads\/bb-plugin\/cache\/2025_MdInfoNet_Icon-Sets_Health-Care-square-dee98a0060cbe0e7f27eda253fc12679-.png\" alt=\"\" itemprop=\"image\" onerror=\"this.style.display='none'\" loading=\"lazy\" \/>\n\t\t\t\t<\/a>\n\t\t<h4><a href=\"\/de\/ressourcen\/kinder-familien\/verwandtschaftspflege\/?utm_source=Home&#038;utm_medium=Referral&#038;utm_campaign=211Resources&#038;utm_content=Kinship\" target=\"_self\">Verwandtschaft<\/a><\/h4>\n\t\t\t\t<a href=\"\/de\/ressourcen\/kinder-familien\/verwandtschaftspflege\/?utm_source=Home&#038;utm_medium=Referral&#038;utm_campaign=211Resources&#038;utm_content=Kinship\"  target=\"_self\" itemprop=\"url\">\n\t\t\t\t<img decoding=\"async\" src=\"https:\/\/211md.org\/wp-content\/uploads\/bb-plugin\/cache\/2025_211_Icon-Sets_Kinship-square-45bdf872866f5735f842c32071109267-.png\" alt=\"Verwandtschaftssymbol\" itemprop=\"image\" height=\"417\" width=\"417\" title=\"2025_211_Icon Sets_Verwandtschaft\" onerror=\"this.style.display='none'\" loading=\"lazy\" \/>\n\t\t\t\t<\/a>\n\t\t<h4><a href=\"\/de\/ressourcen\/rechtsberatung\/?utm_source=Home&#038;utm_medium=Referral&#038;utm_campaign=211Resources&#038;utm_content=Legal\" target=\"_self\">Rechtsberatung<\/a><\/h4>\n\t\t\t\t<a href=\"\/de\/ressourcen\/rechtsberatung\/?utm_source=Home&#038;utm_medium=Referral&#038;utm_campaign=211Resources&#038;utm_content=Legal\"  target=\"_self\" itemprop=\"url\">\n\t\t\t\t<img decoding=\"async\" src=\"https:\/\/211md.org\/wp-content\/uploads\/bb-plugin\/cache\/2025_MdInfoNet_Icon-Sets_Legal-square-18fdf438feb8435588174d9046463257-.png\" alt=\"\" itemprop=\"image\" onerror=\"this.style.display='none'\" loading=\"lazy\" \/>\n\t\t\t\t<\/a>\n\t\t<h4><a href=\"\/de\/ressourcen\/psychische-gesundheit\/?utm_source=Home&#038;utm_medium=Referral&#038;utm_campaign=211Resources&#038;utm_content=Mental\" target=\"_self\">Psychische Gesundheit<\/a><\/h4>\n\t\t\t\t<a href=\"\/de\/ressourcen\/psychische-gesundheit\/?utm_source=Home&#038;utm_medium=Referral&#038;utm_campaign=211Resources&#038;utm_content=Mental\"  target=\"_self\" itemprop=\"url\">\n\t\t\t\t<img decoding=\"async\" src=\"https:\/\/211md.org\/wp-content\/uploads\/bb-plugin\/cache\/2025_MdInfoNet_Icon-Sets_Mental-Health-square-c59b38c4a993a947d4c9280fbe2d2fee-.png\" alt=\"\" itemprop=\"image\" onerror=\"this.style.display='none'\" loading=\"lazy\" \/>\n\t\t\t\t<\/a>\n\t\t<h4><a href=\"\/de\/ressourcen\/mdreentry\/?utm_source=Home&#038;utm_medium=Referral&#038;utm_campaign=211Resources&#038;utm_content=Reentry\" target=\"_self\">Wiedereintritt<\/a><\/h4>\n\t\t\t\t<a href=\"\/de\/ressourcen\/mdreentry\/?utm_source=Home&#038;utm_medium=Referral&#038;utm_campaign=211Resources&#038;utm_content=Reentry\"  target=\"_self\" itemprop=\"url\">\n\t\t\t\t<img decoding=\"async\" src=\"https:\/\/211md.org\/wp-content\/uploads\/bb-plugin\/cache\/2025_211_Icon-Sets_Reentry-square-8676fea38abd920a832f45642fe31cca-.png\" alt=\"Symbol \u201eWiedereintritt\u201c\" itemprop=\"image\" height=\"417\" width=\"417\" title=\"2025_211_Icon Sets_Wiedereintritt\" onerror=\"this.style.display='none'\" loading=\"lazy\" \/>\n\t\t\t\t<\/a>\n\t\t<h4><a href=\"\/de\/ressourcen\/substanzgebrauch\/?utm_source=Home&#038;utm_medium=Referral&#038;utm_campaign=211Resources&#038;utm_content=Substance\" target=\"_self\">Substanzgebrauch<\/a><\/h4>\n\t\t\t\t<a href=\"\/de\/ressourcen\/substanzgebrauch\/?utm_source=Home&#038;utm_medium=Referral&#038;utm_campaign=211Resources&#038;utm_content=Substance\"  target=\"_self\" itemprop=\"url\">\n\t\t\t\t<img decoding=\"async\" src=\"https:\/\/211md.org\/wp-content\/uploads\/bb-plugin\/cache\/2025_MdInfoNet_Icon-Sets_Substance-Abuse-square-9022fec9d18a64118ad685c101885b55-.png\" alt=\"\" itemprop=\"image\" onerror=\"this.style.display='none'\" loading=\"lazy\" \/>\n\t\t\t\t<\/a>\n\t\t<h4><a href=\"\/de\/ressourcen\/veteranen\/?utm_source=Home&#038;utm_medium=Referral&#038;utm_campaign=211Resources&#038;utm_content=Veterans\" target=\"_self\">Veteranen<\/a><\/h4>\n\t\t\t\t<a href=\"\/de\/ressourcen\/veteranen\/?utm_source=Home&#038;utm_medium=Referral&#038;utm_campaign=211Resources&#038;utm_content=Veterans\"  target=\"_self\" itemprop=\"url\">\n\t\t\t\t<img decoding=\"async\" src=\"https:\/\/211md.org\/wp-content\/uploads\/bb-plugin\/cache\/2025_MdInfoNet_Icon-Sets_Rating-square-6e60d00cce4faa8e0a6d4ad7366aa733-.png\" alt=\"\" itemprop=\"image\" onerror=\"this.style.display='none'\" loading=\"lazy\" \/>\n\t\t\t\t<\/a>","protected":false},"excerpt":{"rendered":"<p>Finden Sie Ressourcen in Ihrer N\u00e4he. Jetzt suchen. F\u00fcgen Sie Ihre Agentur oder Organisation unserer Ressourcendatenbank hinzu. Wir bieten Ihnen Hilfe, egal ob Sie in Cambridge, Algonquin, Cannon Acres, Williamsburg, Waddells Corner, Hurlock, Woodland Acres, Toddville, West Haven oder einer anderen Region in Dorchester County wohnen. W\u00e4hlen Sie die 211, und ein Informations- und Vermittlungsspezialist verbindet Sie mit der Hilfe\u2026<\/p>","protected":false},"author":8,"featured_media":3962,"parent":750,"menu_order":0,"comment_status":"closed","ping_status":"closed","template":"","meta":{"footnotes":""},"class_list":["post-1687","page","type-page","status-publish","has-post-thumbnail","hentry"],"_links":{"self":[{"href":"https:\/\/211md.org\/de\/wp-json\/wp\/v2\/pages\/1687","targetHints":{"allow":["GET"]}}],"collection":[{"href":"https:\/\/211md.org\/de\/wp-json\/wp\/v2\/pages"}],"about":[{"href":"https:\/\/211md.org\/de\/wp-json\/wp\/v2\/types\/page"}],"author":[{"embeddable":true,"href":"https:\/\/211md.org\/de\/wp-json\/wp\/v2\/users\/8"}],"replies":[{"embeddable":true,"href":"https:\/\/211md.org\/de\/wp-json\/wp\/v2\/comments?post=1687"}],"version-history":[{"count":5,"href":"https:\/\/211md.org\/de\/wp-json\/wp\/v2\/pages\/1687\/revisions"}],"predecessor-version":[{"id":34192,"href":"https:\/\/211md.org\/de\/wp-json\/wp\/v2\/pages\/1687\/revisions\/34192"}],"up":[{"embeddable":true,"href":"https:\/\/211md.org\/de\/wp-json\/wp\/v2\/pages\/750"}],"wp:featuredmedia":[{"embeddable":true,"href":"https:\/\/211md.org\/de\/wp-json\/wp\/v2\/media\/3962"}],"wp:attachment":[{"href":"https:\/\/211md.org\/de\/wp-json\/wp\/v2\/media?parent=1687"}],"curies":[{"name":"wp","href":"https:\/\/api.w.org\/{rel}","templated":true}]}}