{"id":1688,"date":"2021-05-12T00:23:17","date_gmt":"2021-05-12T00:23:17","guid":{"rendered":"https:\/\/211md.org\/?page_id=1688"},"modified":"2025-11-07T06:55:17","modified_gmt":"2025-11-07T11:55:17","slug":"talbot-county","status":"publish","type":"page","link":"https:\/\/211md.org\/de\/resources-by-county\/talbot-county\/","title":{"rendered":"Talbot County"},"content":{"rendered":"<h2><a href=\"https:\/\/search.211md.org\/\" target=\"_blank\"  rel=\"noopener\">Finden Sie Ressourcen in meiner N\u00e4he<\/a><\/h2>\n\t\t\t<a href=\"https:\/\/search.211md.org\/\" target=\"_blank\" rel=\"noopener\">\n\t\t\t\t\t\t\tJetzt suchen\n\t\t\t<\/a>\n\t<p><strong><a href=\"\/de\/treten-sie-unserer-datenbank-bei\/\">F\u00fcgen Sie Ihre Agentur oder Organisation zu unserer Ressourcendatenbank hinzu.<\/a><\/strong><\/p>\n<p>211 kann Sie mit Ressourcen in Talbot County verbinden. Unabh\u00e4ngig davon, ob Sie in Easton, Trappe, Wye Mills, Wye Landing, Saint Michaels oder einer anderen Gemeinde leben, steht Ihnen Hilfe zur Verf\u00fcgung.<\/p>\n<p>Suchen Sie oben nach Ressourcen oder w\u00e4hlen Sie 211, um mit einem f\u00fcrsorglichen und mitf\u00fchlenden Informations- und \u00dcberweisungsspezialisten zu sprechen.<\/p>\n\t\t<h2>\t\n\tW\u00e4hlen Sie 211<\/h2><p>Erhalten Sie Zugang zu Community-Ressourcen und unterst\u00fctzen Sie rund um die Uhr.<\/p>\n\t<h2>Talbot County Food<\/h2>\n<p>In Talbot County, there&#8217;s a mobile mini grocery store that brings low-cost groceries like fresh produce and prepared meals to <a href=\"https:\/\/www.carolineculinaryarts.org\/shogo-mobile\" target=\"_blank\" rel=\"noopener\">planned stops<\/a> throughout Talbot, Caroline, and Dorchester Counties.<\/p>\n<h3>Vorratskammern<\/h3>\n<p>Wenn Sie Essen brauchen,\u00a0<a href=\"https:\/\/search.211md.org\/search?query=BD-1800.2000&amp;query_type=taxonomy&amp;query_label=&amp;query_language=en\" target=\"_blank\" rel=\"noopener\">Suche nach einer Speisekammer<\/a> in Ihrer N\u00e4he in Talbot County. Unsere landesweite Ressourcendatenbank enth\u00e4lt mehrere lokale Ressourcen.<\/p>\n<p><a href=\"https:\/\/healthytalbot.org\/about\/talbot-county-hunger-coalition\/\" target=\"_blank\" rel=\"noopener\">Hungerkoalition des Talbot County<\/a> verf\u00fcgt au\u00dferdem \u00fcber lokale Speisekammern in Easton, Royal Oak, St. Michaels, Wittman und Tilghman. Es gibt auch eine Support-Hotline f\u00fcr diejenigen, die nicht die notwendigen Nahrungsmittelressourcen finden k\u00f6nnen.<\/p>\n<p>In welcher Gegend wohnen Sie? Klicken Sie auf die Stadt, um die Speisekammern in Ihrer N\u00e4he zu finden.<\/p>\n<ul>\n<li><a href=\"#Easton\">Easton<\/a><\/li>\n<li><a href=\"#Trappe\">Trappe<\/a><\/li>\n<li><a href=\"#Bay\">Bay-Hundert-Gebiet<\/a><\/li>\n<li><a href=\"#Wye\">Wye Mills<\/a><\/li>\n<\/ul>\n\t\t\t\t<img decoding=\"async\" src=\"http:\/\/211md.org\/wp-content\/uploads\/2023\/11\/food-pantry-distribution.jpg\" alt=\"Kiste mit Lebensmitteln aus der Speisekammerverteilung\" itemprop=\"image\" title=\"Verteilung von Lebensmitteln in der Vorratskammer\" onerror=\"this.style.display='none'\" loading=\"lazy\" \/>\n\t<h3>Easton<\/h3>\n\t\t<h3>Nachbarschafts-Service-Center<\/h3><p>126 Port Street<\/p>\n<p>410-822-5015<\/p>\n<p>Gehen Sie in die Lobby, um ein Formular zu erhalten.<\/p>\n<p>&nbsp;<\/p>\n<p><strong>Mo-Fr 9.00-12.00 Uhr &amp; 13.30-16.00 Uhr<\/strong><\/p>\n\t<iframe src=\"https:\/\/www.google.com\/maps\/embed\/v1\/place?q=126+Port+Street%0AEaston%2C+MD+21601&#038;key=AIzaSyD09zQ9PNDNNy9TadMuzRV_UsPUoWKntt8\" aria-hidden=\"true\" title=\"Neighborhood Service Center Food Pantry in Easton\"><\/iframe>\n\t\t<h3>St. Vinzenz von Paul<\/h3><p>29533 Canvasback Drive<\/p>\n<p>410-770-4505<\/p>\n<p><a href=\"https:\/\/svdpeastonmd.org\/\" target=\"_blank\" rel=\"noopener\">Erfahren Sie mehr<\/a><\/p>\n<p>&nbsp;<\/p>\n<p><strong>Dienstag 13-16 Uhr, Samstag 9-12 Uhr<\/strong><\/p>\n\t<iframe src=\"https:\/\/www.google.com\/maps\/embed\/v1\/place?q=29533+Canvasback+Drive%0AEaston%2C+MD+21601&#038;key=AIzaSyD09zQ9PNDNNy9TadMuzRV_UsPUoWKntt8\" aria-hidden=\"true\" title=\"St. Vinzenz von Paul\"><\/iframe>\n\t\t<h3>Ernte der Hoffnung \u2013 Kirche Gottes<\/h3><p>1009 N. Washington Street<\/p>\n<p>410-822-3088<\/p>\n<p>&nbsp;<\/p>\n<strong>Donnerstag 12-13:30 Uhr<br \/>\nRufen Sie li an, wenn Sie an einem anderen Tag einen dringenden Bedarf haben.<\/strong>\n<p>&nbsp;<\/p>\n\t<iframe src=\"https:\/\/www.google.com\/maps\/embed\/v1\/place?q=1009+N.+Washington+Street%0AEaston%2C+MD+21601&#038;key=AIzaSyD09zQ9PNDNNy9TadMuzRV_UsPUoWKntt8\" aria-hidden=\"true\" title=\"Ernte der Hoffnung\"><\/iframe>\n\t\t<h3>St. Mark&#039;s Pantry im Brookletts Senior Center<\/h3><p>400 Brookletts Avenue<\/p>\n<p>410-822-2869<\/p>\n<p>&nbsp;<\/p>\n<b>Freitag 9-11 Uhr<br \/>\nMahlzeiten sind Montag, Mittwoch und Freitag verf\u00fcgbar<\/b>\n<p>&nbsp;<\/p>\n\t<iframe src=\"https:\/\/www.google.com\/maps\/embed\/v1\/place?q=400+Brookletts+Avenue%0AEaston%2C+MD+21601&#038;key=AIzaSyD09zQ9PNDNNy9TadMuzRV_UsPUoWKntt8\" aria-hidden=\"true\" title=\"St. Markus Speisekammer\"><\/iframe>\n\t<h3>Trappe, MD<\/h3>\n\t\t<h3>Scotts United Methodist Church<\/h3><p>3748 Hauptstra\u00dfe<\/p>\n<p>410-476-3980<\/p>\n<p>&nbsp;<\/p>\n<b>4. Donnerstag im Monat um 8:30 Uhr<br \/>\n(Daten k\u00f6nnen variieren)<\/b>\n<p>&nbsp;<\/p>\n\t<iframe src=\"https:\/\/www.google.com\/maps\/embed\/v1\/place?q=3748+Main+Street%0ATrappe%2C+MD+21673%0A&#038;key=AIzaSyD09zQ9PNDNNy9TadMuzRV_UsPUoWKntt8\" aria-hidden=\"true\" title=\"Scotts United Methodist Church\"><\/iframe>\n\t<h3>Bay-Hundert-Gebiet<\/h3>\n\t\t<h3>Royal Oak United Methodist<\/h3><p>6968 Bellevue Road<\/p>\n<p>Royal Oak, MD<\/p>\n<p>&nbsp;<\/p>\n<p>&nbsp;<\/p>\n<b>24\/7<br \/>\n<\/b><b>Unbemannt drinnen<\/b>\n\t<iframe src=\"https:\/\/www.google.com\/maps\/embed\/v1\/place?q=6968+Bellevue+Road%0ARoyal+Oak%2C+MD+21662&#038;key=AIzaSyD09zQ9PNDNNy9TadMuzRV_UsPUoWKntt8\" aria-hidden=\"true\" title=\"Royal Oak United Methodist\"><\/iframe>\n\t\t<h3>St. Michaels Gemeindezentrum<\/h3><p>207 N. Talbot Street<\/p>\n<p>St. Michaels, MD<\/p>\n<p>&nbsp;<\/p>\n<p><b>Montag 15-17 Uhr | Mittwoch 13:30-15:30 Uhr | Freitag 12-15 Uhr<\/b><\/p>\n<p><strong>An diesen Tagen sind auch Mahlzeiten erh\u00e4ltlich<\/strong><\/p>\n\t<iframe src=\"https:\/\/www.google.com\/maps\/embed\/v1\/place?q=207+N.+Talbot+Street%0ASt.+Michael%27s%2C+MD+21663&#038;key=AIzaSyD09zQ9PNDNNy9TadMuzRV_UsPUoWKntt8\" aria-hidden=\"true\" title=\"St. Michaels Gemeindezentrum\"><\/iframe>\n\t\t<h3>Tilghman Food Pantry<\/h3><p>5731 Tilghman Island Road<\/p>\n<p>Tilghman, MD<\/p>\n<p>410-886-9863<\/p>\n<p>&nbsp;<\/p>\n<p><b>Mittwoch 15-16:30 Uhr<\/b><\/p>\n<p><strong>Rufen Sie an, wenn Sie zu einem anderen Zeitpunkt Zugang ben\u00f6tigen.<\/strong><\/p>\n\t<iframe src=\"https:\/\/www.google.com\/maps\/embed\/v1\/place?q=5731+Tilghman+Island+Road%0ATilghman%2C+MD+21671&#038;key=AIzaSyD09zQ9PNDNNy9TadMuzRV_UsPUoWKntt8\" aria-hidden=\"true\" title=\"Tilghman Food Pantry\"><\/iframe>\n\t<h3>Wye Mills<\/h3>\n\t\t<h3>Ecke der Pflege \u2013 Chesapeake College<\/h3><p>1000 College-Kreis<\/p>\n<p>Wye Mills, MD<\/p>\n<p>Caroline Center-Geb\u00e4ude<\/p>\n<p>&nbsp;<\/p>\n<p><b>Montag-Freitag, 8:30 \u2013 16:30 Uhr<\/b><\/p>\n\t<iframe src=\"https:\/\/www.google.com\/maps\/embed\/v1\/place?q=1000+College+Circle%0AWye+Mills%2C+MD+21678&#038;key=AIzaSyD09zQ9PNDNNy9TadMuzRV_UsPUoWKntt8\" aria-hidden=\"true\" title=\"Corner of Care Food Pantry\"><\/iframe>\n\t<p>Wenn Sie andere Ressourcen im Zusammenhang mit Lebensmitteln ben\u00f6tigen, z <a href=\"https:\/\/211md.org\/de\/ressourcen\/lebensmittel\/fusstapfen\/\">So beantragen Sie Lebensmittelmarken<\/a> oder andere Lebensmittelressourcen, informieren Sie sich \u00fcber <a href=\"https:\/\/211md.org\/de\/ressourcen\/lebensmittel\/\">211s Essensseite<\/a>.<\/p>\n<h2>Wesentliche Bed\u00fcrfnisse<\/h2>\n<p>Neben Lebensmitteln ist die <strong><a href=\"https:\/\/www.nsctalbotmd.org\/programs\" target=\"_blank\" rel=\"noopener\">Nachbarschafts-Service-Center<\/a><\/strong> in Easton bietet ein Mietzuschussprogramm (RAP), eine \u00dcbergangsunterkunft f\u00fcr Obdachlose, Haushaltswaren und Kleidung sowie Notfalldienste f\u00fcr diejenigen an, die in Talbot County von der Zwangsr\u00e4umung oder der Schlie\u00dfung der Versorgungseinrichtungen bedroht sind.<\/p>\n<p>Wenn Mittel verf\u00fcgbar sind, kann das Notfalldienstprogramm auch bei verschreibungspflichtigen Medikamenten und anderen Notf\u00e4llen helfen.<\/p>\n<h2>Gesundheitsuntersuchungen<\/h2>\n<p>Das Gesundheitsamt des Talbot County kann Einzelpersonen und Familien mit Gesundheitsuntersuchungen, Impfungen und mehr helfen. Erfahren Sie mehr \u00fcber die <a href=\"https:\/\/talbothealth.org\/\" target=\"_blank\" rel=\"noopener\">verf\u00fcgbare Gesundheitsprogramme<\/a>.<\/p>\n<p>Die Mid Shore Health Improvement Coalition setzt sich f\u00fcr die Pr\u00e4vention von Diabetes und Pr\u00e4diabetes ein. Jeder dritte Erwachsene leidet an Pr\u00e4diabetes, aber die meisten wissen es nicht. <a href=\"https:\/\/www.midshorehealth.org\/diabetesrisk\" target=\"_blank\" rel=\"noopener\">Nimm den Test<\/a> Wenden Sie sich an die Mid Shore Health Improvement Coalition, um herauszufinden, ob bei Ihnen ein Risiko besteht.<\/p>\n<h2>Mediation und rechtliche Unterst\u00fctzung<\/h2>\n<p>Wenn Sie ein Problem mit einem Vermieter, Mitbewohner oder Nachbarn, einen Erziehungsplan\/eine Sorgerechtsvereinbarung, eine Altenpflege, ein Besch\u00e4ftigungsproblem, einen Bagatellfall oder eine andere Situation haben, die von einer Mediation profitieren k\u00f6nnte, wenden Sie sich an den\u00a0<strong><a href=\"https:\/\/midshoremediation.org\/mediation\/\" target=\"_blank\" rel=\"noopener\">Mid Shore Mediationszentrum<\/a>.\u00a0<\/strong><\/p>\n<p>Die freiwillige, vertrauliche und nicht wertende Mediation kann zur L\u00f6sung von Konflikten beitragen. Der Service ist an seinen Standorten in den Landkreisen Dorchester, Talbot und Caroline kostenlos.<\/p>\n<p>F\u00fcr rechtliche Hilfe,\u00a0<strong><a href=\"https:\/\/midshoreprobono.org\/how-we-help\/\" target=\"_blank\" rel=\"noopener\">Mid-Shore Pro Bono<\/a><\/strong>\u00a0bietet vielleicht eine L\u00f6sung. Sie helfen Bewohnern der Eastern Shore bei Vormundschaft f\u00fcr Erwachsene, Scheidung, Zwangsvollstreckung, Trennung ohne Aufl\u00f6sung des Ehebandes, Vollmachten, Sorgerecht f\u00fcr Kinder, Insolvenz und anderen Rechtsstreitigkeiten. Sie erheben eine einmalige Geb\u00fchr von $25 f\u00fcr die Bearbeitung von Antr\u00e4gen. Sie k\u00f6nnen einen Erlass dieser Geb\u00fchr beantragen. Sie haben ihren Sitz in Easton und Niederlassungen in Chestertown und Salisbury.<\/p>\n\t\t\t\t<img decoding=\"async\" src=\"http:\/\/211md.org\/wp-content\/uploads\/2024\/01\/Whats-the-211-hon.jpg\" alt=\"Was ist die 211 Hon SMS-Erinnerung?\" itemprop=\"image\" title=\"Was ist der 211 Hon\" onerror=\"this.style.display='none'\" loading=\"lazy\" \/>\n\t<h2>Ressourcen von Talbot County<\/h2>\n<p>Lernen <a href=\"https:\/\/211md.org\/de\/whats-the-211\/\">Was ist die 211, Schatz?<\/a> \u2013 eine Basisinitiative, um das Bewusstsein daf\u00fcr zu sch\u00e4rfen, wie die Nummer 211 den Einwohnern von Talbot County dabei helfen kann, lokale Gesundheits- und Sozialressourcen zu finden. Die Nummer 211 ist an 365 Tagen im Jahr rund um die Uhr erreichbar.<\/p>\n<p>Sie k\u00f6nnen auch SMS-Updates mit Mid Shore-Gesundheitsressourcen erhalten. Melden Sie sich an, indem Sie MidShore eine SMS an 898-211 senden.<\/p>\n\t\t<h3>\t\n\tErhalten Sie MidShore-Textbenachrichtigungen<\/h3><p>Erhalten Sie SMS-Updates mit Community-Ressourcen. Melden Sie sich an, indem Sie MidShore eine SMS an 898-211 senden.<\/p>\n\t\t<h4><a href=\"\/de\/ressourcen\/alterungsbehinderung\/?utm_source=Home&#038;utm_medium=Referral&#038;utm_campaign=211Resources&#038;utm_content=Aging\" target=\"_self\">Alter &amp; Behinderung<\/a><\/h4>\n\t\t\t\t<a href=\"\/de\/ressourcen\/alterungsbehinderung\/?utm_source=Home&#038;utm_medium=Referral&#038;utm_campaign=211Resources&#038;utm_content=Aging\"  target=\"_self\" itemprop=\"url\">\n\t\t\t\t<img decoding=\"async\" src=\"https:\/\/211md.org\/wp-content\/uploads\/bb-plugin\/cache\/2025_MdInfoNet_Icon-Sets_Aging-disability-square-c466727102cae71e5f27b8539bb51945-.png\" alt=\"\" itemprop=\"image\" onerror=\"this.style.display='none'\" loading=\"lazy\" \/>\n\t\t\t\t<\/a>\n\t\t<h4><a href=\"\/de\/ressourcen\/kinder-familien\/?utm_source=Home&#038;utm_medium=Referral&#038;utm_campaign=211Resources&#038;utm_content=Children\" target=\"_self\">Kinder &amp; Familien<\/a><\/h4>\n\t\t\t\t<a href=\"\/de\/ressourcen\/kinder-familien\/?utm_source=Home&#038;utm_medium=Referral&#038;utm_campaign=211Resources&#038;utm_content=Children\"  target=\"_self\" itemprop=\"url\">\n\t\t\t\t<img decoding=\"async\" src=\"https:\/\/211md.org\/wp-content\/uploads\/bb-plugin\/cache\/2025_211_Icon-Sets_Child-care-square-f3b0d4edab3dcc467fadb5f55f4064c6-.png\" alt=\"2025_211_Icon Sets_Kinderbetreuung\" itemprop=\"image\" height=\"417\" width=\"417\" title=\"2025_211_Icon Sets_Kinderbetreuung\" onerror=\"this.style.display='none'\" loading=\"lazy\" \/>\n\t\t\t\t<\/a>\n\t\t<h4><a href=\"\/de\/ressourcen\/hausliche-familiare-gewalt\/?utm_source=Home&#038;utm_medium=Referral&#038;utm_campaign=211Resources&#038;utm_content=Domestic\" target=\"_self\">H\u00e4usliche Gewalt<\/a><\/h4>\n\t\t\t\t<a href=\"\/de\/ressourcen\/hausliche-familiare-gewalt\/?utm_source=Home&#038;utm_medium=Referral&#038;utm_campaign=211Resources&#038;utm_content=Domestic\"  target=\"_self\" itemprop=\"url\">\n\t\t\t\t<img decoding=\"async\" src=\"https:\/\/211md.org\/wp-content\/uploads\/bb-plugin\/cache\/2025_211_Icon-Sets_Domestic-Violence-square-7b597694a6f05fe90cdc376aa573bc63-.png\" alt=\"Symbol f\u00fcr h\u00e4usliche Gewalt\" itemprop=\"image\" height=\"417\" width=\"417\" title=\"2025_211_Icon Sets_H\u00e4usliche Gewalt\" onerror=\"this.style.display='none'\" loading=\"lazy\" \/>\n\t\t\t\t<\/a>\n\t\t<h4><a href=\"\/de\/ressourcen\/arbeitssuche\/?utm_source=Home&#038;utm_medium=Referral&#038;utm_campaign=211Resources&#038;utm_content=Employment\" target=\"_self\">Besch\u00e4ftigung<\/a><\/h4>\n\t\t\t\t<a href=\"\/de\/ressourcen\/arbeitssuche\/?utm_source=Home&#038;utm_medium=Referral&#038;utm_campaign=211Resources&#038;utm_content=Employment\"  target=\"_self\" itemprop=\"url\">\n\t\t\t\t<img decoding=\"async\" src=\"https:\/\/211md.org\/wp-content\/uploads\/bb-plugin\/cache\/2025_MdInfoNet_Icon-Sets_Employment-square-44707bd410e4df10a470bf130ebcea86-.png\" alt=\"\" itemprop=\"image\" onerror=\"this.style.display='none'\" loading=\"lazy\" \/>\n\t\t\t\t<\/a>\n\t\t<h4><a href=\"\/de\/ressourcen\/gesundheitswesen\/?utm_source=Home&#038;utm_medium=Referral&#038;utm_campaign=211Resources&#038;utm_content=Health%20Care\" target=\"_self\">Gesundheitsvorsorge<\/a><\/h4>\n\t\t\t\t<a href=\"\/de\/ressourcen\/gesundheitswesen\/?utm_source=Home&#038;utm_medium=Referral&#038;utm_campaign=211Resources&#038;utm_content=Health%20Care\"  target=\"_self\" itemprop=\"url\">\n\t\t\t\t<img decoding=\"async\" src=\"https:\/\/211md.org\/wp-content\/uploads\/bb-plugin\/cache\/2025_MdInfoNet_Icon-Sets_Health-Care-square-dee98a0060cbe0e7f27eda253fc12679-.png\" alt=\"\" itemprop=\"image\" onerror=\"this.style.display='none'\" loading=\"lazy\" \/>\n\t\t\t\t<\/a>\n\t\t<h4><a href=\"\/de\/ressourcen\/kinder-familien\/verwandtschaftspflege\/?utm_source=Home&#038;utm_medium=Referral&#038;utm_campaign=211Resources&#038;utm_content=Kinship\" target=\"_self\">Verwandtschaft<\/a><\/h4>\n\t\t\t\t<a href=\"\/de\/ressourcen\/kinder-familien\/verwandtschaftspflege\/?utm_source=Home&#038;utm_medium=Referral&#038;utm_campaign=211Resources&#038;utm_content=Kinship\"  target=\"_self\" itemprop=\"url\">\n\t\t\t\t<img decoding=\"async\" src=\"https:\/\/211md.org\/wp-content\/uploads\/bb-plugin\/cache\/2025_211_Icon-Sets_Kinship-square-45bdf872866f5735f842c32071109267-.png\" alt=\"Verwandtschaftssymbol\" itemprop=\"image\" height=\"417\" width=\"417\" title=\"2025_211_Icon Sets_Verwandtschaft\" onerror=\"this.style.display='none'\" loading=\"lazy\" \/>\n\t\t\t\t<\/a>\n\t\t<h4><a href=\"\/de\/ressourcen\/rechtsberatung\/?utm_source=Home&#038;utm_medium=Referral&#038;utm_campaign=211Resources&#038;utm_content=Legal\" target=\"_self\">Rechtsberatung<\/a><\/h4>\n\t\t\t\t<a href=\"\/de\/ressourcen\/rechtsberatung\/?utm_source=Home&#038;utm_medium=Referral&#038;utm_campaign=211Resources&#038;utm_content=Legal\"  target=\"_self\" itemprop=\"url\">\n\t\t\t\t<img decoding=\"async\" src=\"https:\/\/211md.org\/wp-content\/uploads\/bb-plugin\/cache\/2025_MdInfoNet_Icon-Sets_Legal-square-18fdf438feb8435588174d9046463257-.png\" alt=\"\" itemprop=\"image\" onerror=\"this.style.display='none'\" loading=\"lazy\" \/>\n\t\t\t\t<\/a>\n\t\t<h4><a href=\"\/de\/ressourcen\/psychische-gesundheit\/?utm_source=Home&#038;utm_medium=Referral&#038;utm_campaign=211Resources&#038;utm_content=Mental\" target=\"_self\">Psychische Gesundheit<\/a><\/h4>\n\t\t\t\t<a href=\"\/de\/ressourcen\/psychische-gesundheit\/?utm_source=Home&#038;utm_medium=Referral&#038;utm_campaign=211Resources&#038;utm_content=Mental\"  target=\"_self\" itemprop=\"url\">\n\t\t\t\t<img decoding=\"async\" src=\"https:\/\/211md.org\/wp-content\/uploads\/bb-plugin\/cache\/2025_MdInfoNet_Icon-Sets_Mental-Health-square-c59b38c4a993a947d4c9280fbe2d2fee-.png\" alt=\"\" itemprop=\"image\" onerror=\"this.style.display='none'\" loading=\"lazy\" \/>\n\t\t\t\t<\/a>\n\t\t<h4><a href=\"\/de\/ressourcen\/mdreentry\/?utm_source=Home&#038;utm_medium=Referral&#038;utm_campaign=211Resources&#038;utm_content=Reentry\" target=\"_self\">Wiedereintritt<\/a><\/h4>\n\t\t\t\t<a href=\"\/de\/ressourcen\/mdreentry\/?utm_source=Home&#038;utm_medium=Referral&#038;utm_campaign=211Resources&#038;utm_content=Reentry\"  target=\"_self\" itemprop=\"url\">\n\t\t\t\t<img decoding=\"async\" src=\"https:\/\/211md.org\/wp-content\/uploads\/bb-plugin\/cache\/2025_211_Icon-Sets_Reentry-square-8676fea38abd920a832f45642fe31cca-.png\" alt=\"Symbol \u201eWiedereintritt\u201c\" itemprop=\"image\" height=\"417\" width=\"417\" title=\"2025_211_Icon Sets_Wiedereintritt\" onerror=\"this.style.display='none'\" loading=\"lazy\" \/>\n\t\t\t\t<\/a>\n\t\t<h4><a href=\"\/de\/ressourcen\/substanzgebrauch\/?utm_source=Home&#038;utm_medium=Referral&#038;utm_campaign=211Resources&#038;utm_content=Substance\" target=\"_self\">Substanzgebrauch<\/a><\/h4>\n\t\t\t\t<a href=\"\/de\/ressourcen\/substanzgebrauch\/?utm_source=Home&#038;utm_medium=Referral&#038;utm_campaign=211Resources&#038;utm_content=Substance\"  target=\"_self\" itemprop=\"url\">\n\t\t\t\t<img decoding=\"async\" src=\"https:\/\/211md.org\/wp-content\/uploads\/bb-plugin\/cache\/2025_MdInfoNet_Icon-Sets_Substance-Abuse-square-9022fec9d18a64118ad685c101885b55-.png\" alt=\"\" itemprop=\"image\" onerror=\"this.style.display='none'\" loading=\"lazy\" \/>\n\t\t\t\t<\/a>\n\t\t<h4><a href=\"\/de\/ressourcen\/veteranen\/?utm_source=Home&#038;utm_medium=Referral&#038;utm_campaign=211Resources&#038;utm_content=Veterans\" target=\"_self\">Veteranen<\/a><\/h4>\n\t\t\t\t<a href=\"\/de\/ressourcen\/veteranen\/?utm_source=Home&#038;utm_medium=Referral&#038;utm_campaign=211Resources&#038;utm_content=Veterans\"  target=\"_self\" itemprop=\"url\">\n\t\t\t\t<img decoding=\"async\" src=\"https:\/\/211md.org\/wp-content\/uploads\/bb-plugin\/cache\/2025_MdInfoNet_Icon-Sets_Rating-square-6e60d00cce4faa8e0a6d4ad7366aa733-.png\" alt=\"\" itemprop=\"image\" onerror=\"this.style.display='none'\" loading=\"lazy\" \/>\n\t\t\t\t<\/a>","protected":false},"excerpt":{"rendered":"<p>Ressourcen in meiner N\u00e4he finden. Jetzt suchen. F\u00fcgen Sie Ihre Agentur oder Organisation zu unserer Ressourcendatenbank hinzu. 211 verbindet Sie mit Ressourcen in Talbot County. Egal, ob Sie in Easton, Trappe, Wye Mills, Wye Landing, Saint Michaels oder einer anderen Gemeinde wohnen, Hilfe ist verf\u00fcgbar. Suchen Sie oben nach Ressourcen oder w\u00e4hlen Sie 211, um mit einem f\u00fcrsorglichen und\u2026 zu sprechen.<\/p>","protected":false},"author":8,"featured_media":3918,"parent":750,"menu_order":0,"comment_status":"closed","ping_status":"closed","template":"","meta":{"footnotes":""},"class_list":["post-1688","page","type-page","status-publish","has-post-thumbnail","hentry"],"_links":{"self":[{"href":"https:\/\/211md.org\/de\/wp-json\/wp\/v2\/pages\/1688","targetHints":{"allow":["GET"]}}],"collection":[{"href":"https:\/\/211md.org\/de\/wp-json\/wp\/v2\/pages"}],"about":[{"href":"https:\/\/211md.org\/de\/wp-json\/wp\/v2\/types\/page"}],"author":[{"embeddable":true,"href":"https:\/\/211md.org\/de\/wp-json\/wp\/v2\/users\/8"}],"replies":[{"embeddable":true,"href":"https:\/\/211md.org\/de\/wp-json\/wp\/v2\/comments?post=1688"}],"version-history":[{"count":5,"href":"https:\/\/211md.org\/de\/wp-json\/wp\/v2\/pages\/1688\/revisions"}],"predecessor-version":[{"id":34195,"href":"https:\/\/211md.org\/de\/wp-json\/wp\/v2\/pages\/1688\/revisions\/34195"}],"up":[{"embeddable":true,"href":"https:\/\/211md.org\/de\/wp-json\/wp\/v2\/pages\/750"}],"wp:featuredmedia":[{"embeddable":true,"href":"https:\/\/211md.org\/de\/wp-json\/wp\/v2\/media\/3918"}],"wp:attachment":[{"href":"https:\/\/211md.org\/de\/wp-json\/wp\/v2\/media?parent=1688"}],"curies":[{"name":"wp","href":"https:\/\/api.w.org\/{rel}","templated":true}]}}