{"id":1689,"date":"2021-05-12T00:23:27","date_gmt":"2021-05-12T00:23:27","guid":{"rendered":"https:\/\/211md.org\/?page_id=1689"},"modified":"2025-11-07T06:52:19","modified_gmt":"2025-11-07T11:52:19","slug":"caroline-county","status":"publish","type":"page","link":"https:\/\/211md.org\/de\/resources-by-county\/caroline-county\/","title":{"rendered":"Caroline County"},"content":{"rendered":"<h2><a href=\"https:\/\/search.211md.org\/\" target=\"_blank\"  rel=\"noopener\">Finden Sie Ressourcen in meiner N\u00e4he<\/a><\/h2>\n\t\t\t<a href=\"https:\/\/search.211md.org\/\" target=\"_blank\" rel=\"noopener\">\n\t\t\t\t\t\t\tJetzt suchen\n\t\t\t<\/a>\n\t<p><strong><a href=\"\/de\/treten-sie-unserer-datenbank-bei\/\">F\u00fcgen Sie Ihre Agentur oder Organisation zu unserer Ressourcendatenbank hinzu.<\/a><\/strong><\/p>\n\t<p>Hilfe ist verf\u00fcgbar, wenn Sie in Denton, Ridgely, Greensboro, Federalsburg, Hobbs, Asbury, Anthony, Agner, White Oak Manor, Reliance oder einer anderen Stadt in Caroline County leben.<\/p>\n<p>W\u00e4hlen Sie 211, um mit einem Informations- und Vermittlungsspezialisten zu sprechen. Sie k\u00f6nnen auch die Datenbank durchsuchen.<\/p>\n\t\t<h2>\t\n\tW\u00e4hlen Sie 211<\/h2><p>Erhalten Sie Zugang zu Community-Ressourcen und unterst\u00fctzen Sie rund um die Uhr.<\/p>\n<h2>Stromrechnungen<\/h2>\n<p>Wenn Sie Hilfe beim Bezahlen Ihrer Stromrechnung ben\u00f6tigen, wenden Sie sich an <strong><a href=\"https:\/\/choptankelectric.coop\/energy-assistance\" target=\"_blank\" rel=\"noopener\">Choptank Electric Genossenschaft<\/a><\/strong> und fragen Sie nach einem Zahlungsplan, um eine Unterbrechung der Verbindung zu vermeiden. Rufen Sie Montag bis Freitag zwischen 8:00 und 16:30 Uhr unter 1-877-892-0001 an<\/p>\n<p>Einkommensberechtigte Einwohner k\u00f6nnen auch Energieunterst\u00fctzung beim Maryland Office of Home Energy Programs beantragen. Der <strong><a href=\"https:\/\/dhs.maryland.gov\/local-offices\/caroline-county\/\" target=\"_blank\" rel=\"noopener\">Abteilung f\u00fcr Soziale Dienste<\/a><\/strong> kann beim Bewerbungsprozess helfen.<\/p>\n<p>Erfahren Sie mehr \u00fcber den Bewerbungsprozess, m\u00f6glicherweise ben\u00f6tigte Dokumente, Qualifikationsrichtlinien und verf\u00fcgbare Hilfsprogramme <a href=\"https:\/\/211md.org\/de\/ressourcen\/utility-unterstutzung\/\">211&#039;s Hilfsleitfaden f\u00fcr Versorgungsunternehmen<\/a>.<\/p>\n<h2>Essen<\/h2>\n<p>The ShoGo Mobile food service brings the market to you, with <a href=\"https:\/\/www.carolineculinaryarts.org\/shogo-mobile\" target=\"_blank\" rel=\"noopener\">planned stops<\/a> throughout Caroline, Talbot, and Dorchester Counties. Get fresh, low-cost groceries including produce and prepared meals.<\/p>\n<p>Im gesamten Caroline County gibt es Vorratskammern. Dar\u00fcber hinaus unterst\u00fctzen einige der Vorratskammern auch Einzelpersonen und Familien mit anderen lebenswichtigen Bed\u00fcrfnissen.<\/p>\n<p><a href=\"https:\/\/www.martinshouseandbarn.org\/\" target=\"_blank\" rel=\"noopener\">Martins Haus und Scheune<\/a> (St. Martin&#039;s Barn) in Ridgely, Maryland, verf\u00fcgt \u00fcber eine Lebensmittelkammer, einen Secondhand-Laden f\u00fcr preiswerte Kleidung und Haushaltsgegenst\u00e4nde sowie eine Familienunterkunft.<\/p>\n<p><a href=\"http:\/\/aaronsplaceinc.org\/\" target=\"_blank\" rel=\"noopener\">Aarons Platz<\/a> in Denton, Maryland, bietet au\u00dferdem Essen, Kleidung, Musikkurse f\u00fcr Mama und mich und Obdachlosenhilfe an.<\/p>\n<p>Dies sind die Vorratskammern in Caroline County. Die \u00d6ffnungszeiten k\u00f6nnen variieren. Rufen Sie zur Best\u00e4tigung die Speisekammer an.<\/p>\n\t\t<h3>Gnade schenken<\/h3><p>302 Kirchengasse<\/p>\n<p>Goldsboro, MD 21636<\/p>\n<p>410-829-3158<\/p>\n<p>&nbsp;<\/p>\n<p><strong>Zweiter Samstag im Monat<\/strong><\/p>\n\t<iframe src=\"https:\/\/www.google.com\/maps\/embed\/v1\/place?q=302+Church+Lane%0AGoldsboro%2C+MD%C2%A021636&#038;key=AIzaSyD09zQ9PNDNNy9TadMuzRV_UsPUoWKntt8\" aria-hidden=\"true\" title=\"Gnade schenken\"><\/iframe>\n\t\t<h3>Aarons Platz<\/h3><p>401 Aldersgate Drive<\/p>\n<p>Denton, MD 21629<\/p>\n<p>443-243-5906<\/p>\n<p>&nbsp;<\/p>\n<p><strong>Dienstag und Mittwoch 9-14 Uhr<\/strong><\/p>\n<p><strong>Donnerstag 9-13 Uhr<\/strong><\/p>\n\t<iframe src=\"https:\/\/www.google.com\/maps\/embed\/v1\/place?q=401+Aldersgate+Drive%0ADenton%2C+MD+21629&#038;key=AIzaSyD09zQ9PNDNNy9TadMuzRV_UsPUoWKntt8\" aria-hidden=\"true\" title=\"Aarons Platz\"><\/iframe>\n\t\t<h3>Aarons Platz 2<\/h3><p>435 Hauptstra\u00dfe<\/p>\n<p>Goldsboro, MD 21636<\/p>\n<p>443-243-5906<\/p>\n<p>&nbsp;<\/p>\n<p><b>Sonntag 16-17 Uhr<\/b><\/p>\n<p><strong>Montag 9 \u2013 14 Uhr<\/strong><\/p>\n\t<iframe src=\"https:\/\/www.google.com\/maps\/embed\/v1\/place?q=435+Main+Street%0AGoldsboro%2C+MD+21636&#038;key=AIzaSyD09zQ9PNDNNy9TadMuzRV_UsPUoWKntt8\" aria-hidden=\"true\" title=\"Aarons Platz 2\"><\/iframe>\n\t\t<h3>Ridgely United Methodist Church<\/h3><p>109 Central Avenue<\/p>\n<p>Ridgely, MD 21660<\/p>\n<p>410-634-2527<\/p>\n<p>&nbsp;<\/p>\n<p><b>Mittwoch 16:15-17:00 Uhr<\/b><\/p>\n\t<iframe src=\"https:\/\/www.google.com\/maps\/embed\/v1\/place?q=109+Central+Avenue%0ARidgely%2C+MD+21660&#038;key=AIzaSyD09zQ9PNDNNy9TadMuzRV_UsPUoWKntt8\" aria-hidden=\"true\" title=\"Ridgely United Methodist Church\"><\/iframe>\n\t\t<h3>Trinity AME<\/h3><p>12100 Schulstra\u00dfe<\/p>\n<p>Ridgely, MD 21660<\/p>\n<p>302-270-7083<\/p>\n<p>&nbsp;<\/p>\n<p><b>Nach Vereinbarung<\/b><\/p>\n\t<iframe src=\"https:\/\/www.google.com\/maps\/embed\/v1\/place?q=12100+School+Street%0ARidgely%2C+MD+21660&#038;key=AIzaSyD09zQ9PNDNNy9TadMuzRV_UsPUoWKntt8\" aria-hidden=\"true\" title=\"Trinity AME\"><\/iframe>\n\t\t<h3>St. Paul&#039;s United Methodist Church<\/h3><p>300 Sunset Avenue<\/p>\n<p>Greensboro, MD 21639<\/p>\n<p>410-482-8170<\/p>\n<p>&nbsp;<\/p>\n<p><b>Jeden Samstag 10-12 Uhr<\/b><\/p>\n\t<iframe src=\"https:\/\/www.google.com\/maps\/embed\/v1\/place?q=300+Sunset+Avenue%0AGreensboro%2C+MD+21639&#038;key=AIzaSyD09zQ9PNDNNy9TadMuzRV_UsPUoWKntt8\" aria-hidden=\"true\" title=\"St. Paul&#039;s United Methodist Church\"><\/iframe>\n\t\t<h3>Denton Christian Church<\/h3><p>8680 Mitchell Road<\/p>\n<p>Denton, MD 21629<\/p>\n<p>410-479-9519<\/p>\n<p>&nbsp;<\/p>\n<p><b>Jeden zweiten Monat, 3. Donnerstag 15-16 Uhr<\/b><\/p>\n\t<iframe src=\"https:\/\/www.google.com\/maps\/embed\/v1\/place?q=8680+Mitchell+Road%0ADenton%2C+MD+21629&#038;key=AIzaSyD09zQ9PNDNNy9TadMuzRV_UsPUoWKntt8\" aria-hidden=\"true\" title=\"Denton Christian Church\"><\/iframe>\n\t\t<h3>St. Martins Scheune<\/h3><p>14376 Benedictine Lane<\/p>\n<p>Ridgely, MD 21660<\/p>\n<p>410-634-1140<\/p>\n<p>&nbsp;<\/p>\n<p><b>Dienstag, Donnerstag und Freitag<\/b><\/p>\n<p><strong>8:30 \u2013 11:30 Uhr\u00a0<\/strong><\/p>\n\t<iframe src=\"https:\/\/www.google.com\/maps\/embed\/v1\/place?q=14376+Benedictine+Lane%0ARidgely%2C+MD+21660&#038;key=AIzaSyD09zQ9PNDNNy9TadMuzRV_UsPUoWKntt8\" aria-hidden=\"true\" title=\"St. Martins Scheune\"><\/iframe>\n\t\t<h3>Ich denke an dich, Speisekammer<\/h3><p>9058 Double Hills Road<\/p>\n<p>Denton, MD 21629<\/p>\n<p>443-243-5906<\/p>\n<p>&nbsp;<\/p>\n<p><strong>Donnerstag 18-19 Uhr<\/strong><\/p>\n\t<iframe src=\"https:\/\/www.google.com\/maps\/embed\/v1\/place?q=9058+Double+Hills+Road%0ADenton%2C+MD+21629&#038;key=AIzaSyD09zQ9PNDNNy9TadMuzRV_UsPUoWKntt8\" aria-hidden=\"true\" title=\"Ich denke an dich, Speisekammer\"><\/iframe>\n\t\t<h3>Abrams-Ged\u00e4chtniskirche<\/h3><p>300 N. 4th Street<\/p>\n<p>Denton, MD 21629<\/p>\n<p>&nbsp;<\/p>\n<p><b>1. Samstag im Monat 9-11 Uhr<\/b><\/p>\n\t<iframe src=\"https:\/\/www.google.com\/maps\/embed\/v1\/place?q=300+N.+4th+Street%0ADenton%2C+MD+21629&#038;key=AIzaSyD09zQ9PNDNNy9TadMuzRV_UsPUoWKntt8\" aria-hidden=\"true\" title=\"Abrams-Ged\u00e4chtniskirche\"><\/iframe>\n\t\t<h3>Samariterhaus<\/h3><p>12 N. Fifth Street<\/p>\n<p>Denton, MD 21629<\/p>\n<p>410-479-1251<\/p>\n<p>&nbsp;<\/p>\n<p><b>Mittwoch, Donnerstag, Freitag 10-14 Uhr<\/b><\/p>\n<p><strong>Samstag 9-12 Uhr<\/strong><\/p>\n\t<iframe src=\"https:\/\/www.google.com\/maps\/embed\/v1\/place?q=12+N.+Fifth+Street%0ADenton%2C+MD+21629&#038;key=AIzaSyD09zQ9PNDNNy9TadMuzRV_UsPUoWKntt8\" aria-hidden=\"true\" title=\"Samariterhaus\"><\/iframe>\n\t\t<h3>Calvary Baptist Church<\/h3><p>120 Marktstra\u00dfe<\/p>\n<p>Denton, MD 21629<\/p>\n<p>410-924-6404<\/p>\n<p>&nbsp;<\/p>\n<p><b>Mittwoch und Sonntag 19 Uhr<\/b><\/p>\n\t<iframe src=\"https:\/\/www.google.com\/maps\/embed\/v1\/place?q=120+Market+Street%0ADenton%2C+MD+21629&#038;key=AIzaSyD09zQ9PNDNNy9TadMuzRV_UsPUoWKntt8\" aria-hidden=\"true\" title=\"Calvary Baptist Church\"><\/iframe>\n\t\t<h3>Wort des Lebens<\/h3><p>3835 Old Denton Road<\/p>\n<p>Federalsburg, MD 21632<\/p>\n<p>410-690-2001<\/p>\n<p>&nbsp;<\/p>\n<p><b>Dienstag und Freitag 9-11 Uhr<\/b><\/p>\n\t<iframe src=\"https:\/\/www.google.com\/maps\/embed\/v1\/place?q=3835+Old+Denton+Road%0AFederalsburg%2C+MD+21632&#038;key=AIzaSyD09zQ9PNDNNy9TadMuzRV_UsPUoWKntt8\" aria-hidden=\"true\" title=\"Wort des Lebens\"><\/iframe>\n\t\t<h3>Neue Zion UMC<\/h3><p>12496 Newtown Village Road<\/p>\n<p>Cordova, MD 21625<\/p>\n<p>443-534-3905<\/p>\n<p>&nbsp;<\/p>\n<p><b>1. Freitag jeden 3. Monat 15:30-18:30 Uhr<\/b><\/p>\n\t<iframe src=\"https:\/\/www.google.com\/maps\/embed\/v1\/place?q=3835+Old+Denton+Road%0AFederalsburg%2C+MD+21632&#038;key=AIzaSyD09zQ9PNDNNy9TadMuzRV_UsPUoWKntt8\" aria-hidden=\"true\" title=\"Wort des Lebens\"><\/iframe>\n\t\t<h3>Ross-Kapelle AME<\/h3><p>6830 Statum Road<\/p>\n<p>Preston, MD 21655<\/p>\n<p>410-673-1079<\/p>\n<p>&nbsp;<\/p>\n<p><b>4. Mittwoch zweimonatlich 15\u201317 Uhr<\/b><\/p>\n\t<iframe src=\"https:\/\/www.google.com\/maps\/embed\/v1\/place?q=6830+Statum+Road%0APreston%2C+MD+21655&#038;key=AIzaSyD09zQ9PNDNNy9TadMuzRV_UsPUoWKntt8\" aria-hidden=\"true\" title=\"Ross-Kapelle AME\"><\/iframe>\n<h2>Rechtshilfe<\/h2>\n<p>Wenn Sie Hilfe in einer zivilrechtlichen Angelegenheit ben\u00f6tigen, k\u00f6nnen Sie sich an Mid-Shore Pro Bono wenden. Die Agentur arbeitet mit ehrenamtlichen Anw\u00e4lten an der gesamten Ostk\u00fcste zusammen, einschlie\u00dflich Caroline County.<\/p>\n<p>Die Organisation kann helfen bei:<\/p>\n<ul>\n<li>Konkurs<\/li>\n<li>Sorgerecht oder Besuch<\/li>\n<li>Verbraucherschulden<\/li>\n<li>Vertragsstreitigkeiten<\/li>\n<li>Scheidung<\/li>\n<li>Zwangsvollstreckung<\/li>\n<li>Vermieter-\/Mieterangelegenheiten<\/li>\n<\/ul>\n<p>Sie k\u00f6nnen m\u00f6glicherweise bei anderen rechtlichen Fragen weiterhelfen, k\u00f6nnen aber nicht bei jeder Art von Problem helfen. Stellen Sie also sicher, dass dies der Fall ist <a href=\"https:\/\/midshoreprobono.org\/how-we-help\/\" target=\"_blank\" rel=\"noopener\">Sie unterst\u00fctzen Sie in Ihrer Rechtsangelegenheit<\/a> bevor Sie Hilfe beantragen.<\/p>\n<p>Beginnen Sie mit dem Ausf\u00fcllen des Formulars <a href=\"https:\/\/www.legal-trak.com\/CaseManagement\/OnlineInTake\/OnlineInTake\/2?skipPayment=true\" target=\"_blank\" rel=\"noopener\">Mid-Shore Pro Bono-Einnahmeformular<\/a>.<\/p>\n<h2>Gesundheitsbezogene Bed\u00fcrfnisse<\/h2>\n<p>Wenn Sie Impfungen, Vorsorgeuntersuchungen oder Verhaltensunterst\u00fctzung ben\u00f6tigen oder andere gesundheitliche Bedenken haben, wenden Sie sich an die <a href=\"https:\/\/www.carolinehd.org\/health-services\/\" target=\"_blank\" rel=\"noopener\">Caroline County Gesundheitsamt<\/a>.<\/p>\n<p>Die Mid Shore Health Improvement Coalition sch\u00e4rft au\u00dferdem das Bewusstsein f\u00fcr Pr\u00e4diabetes, von dem jeder dritte Erwachsene in der gesamten Mid Shore betroffen ist. <a href=\"https:\/\/www.midshorehealth.org\/diabetesrisk\" target=\"_blank\" rel=\"noopener\">Machen Sie diesen schnellen Diabetestest<\/a> um zu sehen, ob Sie gef\u00e4hrdet sind.<\/p>\n<p>Sie k\u00f6nnen auch Kontakte kn\u00fcpfen, indem Sie an einer Veranstaltung zum Thema Gesundheit teilnehmen. <a href=\"https:\/\/www.midshorehealth.org\/events\" target=\"_blank\" rel=\"noopener\">Schauen Sie sich den Veranstaltungskalender an<\/a>\u00a0von der Mid Shore Health Improvement Coalition.<\/p>\n\t\t\t\t<img decoding=\"async\" src=\"http:\/\/211md.org\/wp-content\/uploads\/2024\/01\/Whats-the-211-hon.jpg\" alt=\"Was ist die 211 Hon SMS-Erinnerung?\" itemprop=\"image\" title=\"Was ist der 211 Hon\" onerror=\"this.style.display='none'\" loading=\"lazy\" \/>\n\t<h2>Ressourcen von Caroline County<\/h2>\n<p>Lernen <a href=\"https:\/\/211md.org\/de\/whats-the-211\/\">Was ist die 211, Schatz?<\/a> \u2013 eine Basisinitiative, um das Bewusstsein daf\u00fcr zu sch\u00e4rfen, wie die Nummer 211 den Einwohnern von Caroline County dabei helfen kann, lokale Gesundheits- und Sozialressourcen zu finden. Die Nummer 211 ist an 365 Tagen im Jahr rund um die Uhr erreichbar.<\/p>\n<p>Sie k\u00f6nnen auch SMS-Updates mit Mid Shore-Gesundheitsressourcen erhalten. Melden Sie sich an, indem Sie MidShore eine SMS an 898-211 senden.<\/p>\n\t\t<h3>\t\n\tErhalten Sie MidShore-Textbenachrichtigungen<\/h3><p>Erhalten Sie SMS-Updates mit Community-Ressourcen. Melden Sie sich an, indem Sie MidShore eine SMS an 898-211 senden.<\/p>\n\t\t<h4><a href=\"\/de\/ressourcen\/alterungsbehinderung\/?utm_source=Home&#038;utm_medium=Referral&#038;utm_campaign=211Resources&#038;utm_content=Aging\" target=\"_self\">Alter &amp; Behinderung<\/a><\/h4>\n\t\t\t\t<a href=\"\/de\/ressourcen\/alterungsbehinderung\/?utm_source=Home&#038;utm_medium=Referral&#038;utm_campaign=211Resources&#038;utm_content=Aging\"  target=\"_self\" itemprop=\"url\">\n\t\t\t\t<img decoding=\"async\" src=\"https:\/\/211md.org\/wp-content\/uploads\/bb-plugin\/cache\/2025_MdInfoNet_Icon-Sets_Aging-disability-square-c466727102cae71e5f27b8539bb51945-.png\" alt=\"\" itemprop=\"image\" onerror=\"this.style.display='none'\" loading=\"lazy\" \/>\n\t\t\t\t<\/a>\n\t\t<h4><a href=\"\/de\/ressourcen\/kinder-familien\/?utm_source=Home&#038;utm_medium=Referral&#038;utm_campaign=211Resources&#038;utm_content=Children\" target=\"_self\">Kinder &amp; Familien<\/a><\/h4>\n\t\t\t\t<a href=\"\/de\/ressourcen\/kinder-familien\/?utm_source=Home&#038;utm_medium=Referral&#038;utm_campaign=211Resources&#038;utm_content=Children\"  target=\"_self\" itemprop=\"url\">\n\t\t\t\t<img decoding=\"async\" src=\"https:\/\/211md.org\/wp-content\/uploads\/bb-plugin\/cache\/2025_211_Icon-Sets_Child-care-square-f3b0d4edab3dcc467fadb5f55f4064c6-.png\" alt=\"2025_211_Icon Sets_Kinderbetreuung\" itemprop=\"image\" height=\"417\" width=\"417\" title=\"2025_211_Icon Sets_Kinderbetreuung\" onerror=\"this.style.display='none'\" loading=\"lazy\" \/>\n\t\t\t\t<\/a>\n\t\t<h4><a href=\"\/de\/ressourcen\/hausliche-familiare-gewalt\/?utm_source=Home&#038;utm_medium=Referral&#038;utm_campaign=211Resources&#038;utm_content=Domestic\" target=\"_self\">H\u00e4usliche Gewalt<\/a><\/h4>\n\t\t\t\t<a href=\"\/de\/ressourcen\/hausliche-familiare-gewalt\/?utm_source=Home&#038;utm_medium=Referral&#038;utm_campaign=211Resources&#038;utm_content=Domestic\"  target=\"_self\" itemprop=\"url\">\n\t\t\t\t<img decoding=\"async\" src=\"https:\/\/211md.org\/wp-content\/uploads\/bb-plugin\/cache\/2025_211_Icon-Sets_Domestic-Violence-square-7b597694a6f05fe90cdc376aa573bc63-.png\" alt=\"Symbol f\u00fcr h\u00e4usliche Gewalt\" itemprop=\"image\" height=\"417\" width=\"417\" title=\"2025_211_Icon Sets_H\u00e4usliche Gewalt\" onerror=\"this.style.display='none'\" loading=\"lazy\" \/>\n\t\t\t\t<\/a>\n\t\t<h4><a href=\"\/de\/ressourcen\/arbeitssuche\/?utm_source=Home&#038;utm_medium=Referral&#038;utm_campaign=211Resources&#038;utm_content=Employment\" target=\"_self\">Besch\u00e4ftigung<\/a><\/h4>\n\t\t\t\t<a href=\"\/de\/ressourcen\/arbeitssuche\/?utm_source=Home&#038;utm_medium=Referral&#038;utm_campaign=211Resources&#038;utm_content=Employment\"  target=\"_self\" itemprop=\"url\">\n\t\t\t\t<img decoding=\"async\" src=\"https:\/\/211md.org\/wp-content\/uploads\/bb-plugin\/cache\/2025_MdInfoNet_Icon-Sets_Employment-square-44707bd410e4df10a470bf130ebcea86-.png\" alt=\"\" itemprop=\"image\" onerror=\"this.style.display='none'\" loading=\"lazy\" \/>\n\t\t\t\t<\/a>\n\t\t<h4><a href=\"\/de\/ressourcen\/gesundheitswesen\/?utm_source=Home&#038;utm_medium=Referral&#038;utm_campaign=211Resources&#038;utm_content=Health%20Care\" target=\"_self\">Gesundheitsvorsorge<\/a><\/h4>\n\t\t\t\t<a href=\"\/de\/ressourcen\/gesundheitswesen\/?utm_source=Home&#038;utm_medium=Referral&#038;utm_campaign=211Resources&#038;utm_content=Health%20Care\"  target=\"_self\" itemprop=\"url\">\n\t\t\t\t<img decoding=\"async\" src=\"https:\/\/211md.org\/wp-content\/uploads\/bb-plugin\/cache\/2025_MdInfoNet_Icon-Sets_Health-Care-square-dee98a0060cbe0e7f27eda253fc12679-.png\" alt=\"\" itemprop=\"image\" onerror=\"this.style.display='none'\" loading=\"lazy\" \/>\n\t\t\t\t<\/a>\n\t\t<h4><a href=\"\/de\/ressourcen\/kinder-familien\/verwandtschaftspflege\/?utm_source=Home&#038;utm_medium=Referral&#038;utm_campaign=211Resources&#038;utm_content=Kinship\" target=\"_self\">Verwandtschaft<\/a><\/h4>\n\t\t\t\t<a href=\"\/de\/ressourcen\/kinder-familien\/verwandtschaftspflege\/?utm_source=Home&#038;utm_medium=Referral&#038;utm_campaign=211Resources&#038;utm_content=Kinship\"  target=\"_self\" itemprop=\"url\">\n\t\t\t\t<img decoding=\"async\" src=\"https:\/\/211md.org\/wp-content\/uploads\/bb-plugin\/cache\/2025_211_Icon-Sets_Kinship-square-45bdf872866f5735f842c32071109267-.png\" alt=\"Verwandtschaftssymbol\" itemprop=\"image\" height=\"417\" width=\"417\" title=\"2025_211_Icon Sets_Verwandtschaft\" onerror=\"this.style.display='none'\" loading=\"lazy\" \/>\n\t\t\t\t<\/a>\n\t\t<h4><a href=\"\/de\/ressourcen\/rechtsberatung\/?utm_source=Home&#038;utm_medium=Referral&#038;utm_campaign=211Resources&#038;utm_content=Legal\" target=\"_self\">Rechtsberatung<\/a><\/h4>\n\t\t\t\t<a href=\"\/de\/ressourcen\/rechtsberatung\/?utm_source=Home&#038;utm_medium=Referral&#038;utm_campaign=211Resources&#038;utm_content=Legal\"  target=\"_self\" itemprop=\"url\">\n\t\t\t\t<img decoding=\"async\" src=\"https:\/\/211md.org\/wp-content\/uploads\/bb-plugin\/cache\/2025_MdInfoNet_Icon-Sets_Legal-square-18fdf438feb8435588174d9046463257-.png\" alt=\"\" itemprop=\"image\" onerror=\"this.style.display='none'\" loading=\"lazy\" \/>\n\t\t\t\t<\/a>\n\t\t<h4><a href=\"\/de\/ressourcen\/psychische-gesundheit\/?utm_source=Home&#038;utm_medium=Referral&#038;utm_campaign=211Resources&#038;utm_content=Mental\" target=\"_self\">Psychische Gesundheit<\/a><\/h4>\n\t\t\t\t<a href=\"\/de\/ressourcen\/psychische-gesundheit\/?utm_source=Home&#038;utm_medium=Referral&#038;utm_campaign=211Resources&#038;utm_content=Mental\"  target=\"_self\" itemprop=\"url\">\n\t\t\t\t<img decoding=\"async\" src=\"https:\/\/211md.org\/wp-content\/uploads\/bb-plugin\/cache\/2025_MdInfoNet_Icon-Sets_Mental-Health-square-c59b38c4a993a947d4c9280fbe2d2fee-.png\" alt=\"\" itemprop=\"image\" onerror=\"this.style.display='none'\" loading=\"lazy\" \/>\n\t\t\t\t<\/a>\n\t\t<h4><a href=\"\/de\/ressourcen\/mdreentry\/?utm_source=Home&#038;utm_medium=Referral&#038;utm_campaign=211Resources&#038;utm_content=Reentry\" target=\"_self\">Wiedereintritt<\/a><\/h4>\n\t\t\t\t<a href=\"\/de\/ressourcen\/mdreentry\/?utm_source=Home&#038;utm_medium=Referral&#038;utm_campaign=211Resources&#038;utm_content=Reentry\"  target=\"_self\" itemprop=\"url\">\n\t\t\t\t<img decoding=\"async\" src=\"https:\/\/211md.org\/wp-content\/uploads\/bb-plugin\/cache\/2025_211_Icon-Sets_Reentry-square-8676fea38abd920a832f45642fe31cca-.png\" alt=\"Symbol \u201eWiedereintritt\u201c\" itemprop=\"image\" height=\"417\" width=\"417\" title=\"2025_211_Icon Sets_Wiedereintritt\" onerror=\"this.style.display='none'\" loading=\"lazy\" \/>\n\t\t\t\t<\/a>\n\t\t<h4><a href=\"\/de\/ressourcen\/substanzgebrauch\/?utm_source=Home&#038;utm_medium=Referral&#038;utm_campaign=211Resources&#038;utm_content=Substance\" target=\"_self\">Substanzgebrauch<\/a><\/h4>\n\t\t\t\t<a href=\"\/de\/ressourcen\/substanzgebrauch\/?utm_source=Home&#038;utm_medium=Referral&#038;utm_campaign=211Resources&#038;utm_content=Substance\"  target=\"_self\" itemprop=\"url\">\n\t\t\t\t<img decoding=\"async\" src=\"https:\/\/211md.org\/wp-content\/uploads\/bb-plugin\/cache\/2025_MdInfoNet_Icon-Sets_Substance-Abuse-square-9022fec9d18a64118ad685c101885b55-.png\" alt=\"\" itemprop=\"image\" onerror=\"this.style.display='none'\" loading=\"lazy\" \/>\n\t\t\t\t<\/a>\n\t\t<h4><a href=\"\/de\/ressourcen\/veteranen\/?utm_source=Home&#038;utm_medium=Referral&#038;utm_campaign=211Resources&#038;utm_content=Veterans\" target=\"_self\">Veteranen<\/a><\/h4>\n\t\t\t\t<a href=\"\/de\/ressourcen\/veteranen\/?utm_source=Home&#038;utm_medium=Referral&#038;utm_campaign=211Resources&#038;utm_content=Veterans\"  target=\"_self\" itemprop=\"url\">\n\t\t\t\t<img decoding=\"async\" src=\"https:\/\/211md.org\/wp-content\/uploads\/bb-plugin\/cache\/2025_MdInfoNet_Icon-Sets_Rating-square-6e60d00cce4faa8e0a6d4ad7366aa733-.png\" alt=\"\" itemprop=\"image\" onerror=\"this.style.display='none'\" loading=\"lazy\" \/>\n\t\t\t\t<\/a>","protected":false},"excerpt":{"rendered":"<p>Ressourcen in meiner N\u00e4he finden. Jetzt suchen. F\u00fcgen Sie Ihre Agentur oder Organisation zu unserer Ressourcendatenbank hinzu. Wir bieten Hilfe an, wenn Sie in Denton, Ridgely, Greensboro, Federalsburg, Hobbs, Asbury, Anthony, Agner, White Oak Manor, Reliance oder einer anderen Stadt im Caroline County wohnen. W\u00e4hlen Sie 211, um mit einem Informations- und Vermittlungsspezialisten zu sprechen. Sie k\u00f6nnen auch die Datenbank durchsuchen.<\/p>","protected":false},"author":8,"featured_media":0,"parent":750,"menu_order":0,"comment_status":"closed","ping_status":"closed","template":"","meta":{"footnotes":""},"class_list":["post-1689","page","type-page","status-publish","hentry"],"_links":{"self":[{"href":"https:\/\/211md.org\/de\/wp-json\/wp\/v2\/pages\/1689","targetHints":{"allow":["GET"]}}],"collection":[{"href":"https:\/\/211md.org\/de\/wp-json\/wp\/v2\/pages"}],"about":[{"href":"https:\/\/211md.org\/de\/wp-json\/wp\/v2\/types\/page"}],"author":[{"embeddable":true,"href":"https:\/\/211md.org\/de\/wp-json\/wp\/v2\/users\/8"}],"replies":[{"embeddable":true,"href":"https:\/\/211md.org\/de\/wp-json\/wp\/v2\/comments?post=1689"}],"version-history":[{"count":4,"href":"https:\/\/211md.org\/de\/wp-json\/wp\/v2\/pages\/1689\/revisions"}],"predecessor-version":[{"id":34193,"href":"https:\/\/211md.org\/de\/wp-json\/wp\/v2\/pages\/1689\/revisions\/34193"}],"up":[{"embeddable":true,"href":"https:\/\/211md.org\/de\/wp-json\/wp\/v2\/pages\/750"}],"wp:attachment":[{"href":"https:\/\/211md.org\/de\/wp-json\/wp\/v2\/media?parent=1689"}],"curies":[{"name":"wp","href":"https:\/\/api.w.org\/{rel}","templated":true}]}}