{"id":1690,"date":"2021-05-12T00:23:36","date_gmt":"2021-05-12T00:23:36","guid":{"rendered":"https:\/\/211md.org\/?page_id=1690"},"modified":"2025-10-29T07:08:26","modified_gmt":"2025-10-29T11:08:26","slug":"queen-annes-county","status":"publish","type":"page","link":"https:\/\/211md.org\/de\/resources-by-county\/queen-annes-county\/","title":{"rendered":"Queen Anne&#039;s County"},"content":{"rendered":"<h2><a href=\"https:\/\/search.211md.org\/\" target=\"_blank\"  rel=\"noopener\">Finden Sie Ressourcen in meiner N\u00e4he<\/a><\/h2>\n\t\t\t<a href=\"https:\/\/search.211md.org\/\" target=\"_blank\" rel=\"noopener\">\n\t\t\t\t\t\t\tJetzt suchen\n\t\t\t<\/a>\n\t<p><strong><a href=\"\/de\/treten-sie-unserer-datenbank-bei\/\">F\u00fcgen Sie Ihre Agentur oder Organisation zu unserer Ressourcendatenbank hinzu.<\/a><\/strong><\/p>\n\t<p>Ben\u00f6tigen Sie Lebensmittel oder finanzielle Unterst\u00fctzung f\u00fcr Ihre Wohnung oder Nebenkosten? 211 kann Ihnen dabei helfen. Durchsuchen Sie \u00fcber 7.000 Ressourcen in ganz Maryland oder w\u00e4hlen Sie 211, um mit einem unserer Informations- und Vermittlungsspezialisten zu sprechen und die besten lokalen Ressourcen zu finden.<\/p>\n<p>Hilfe ist verf\u00fcgbar, wenn Sie in Sudlersville, Church Hill, Queenstown, Grasonville, Stevensville oder Centerville oder einer der anderen Gemeinden in Queen Anne&#039;s leben.<\/p>\n\t\t<h2>\t\n\tW\u00e4hlen Sie 211<\/h2><p>Erhalten Sie Zugang zu Community-Ressourcen und unterst\u00fctzen Sie rund um die Uhr.<\/p>\n<h2>Haven-Ministerien<\/h2>\n<p><a href=\"https:\/\/haven-ministries.org\/\" target=\"_blank\" rel=\"noopener\">Haven-Ministerien<\/a>, ein Zusammenschluss christlicher Kirchen im Queen Anne&#039;s County, bietet bed\u00fcrftigen Familien Wohnhilfe, Nahrung, Kleidung und Unterkunft.<\/p>\n<p>In Queenstown gibt es hinter Royal Farms ein Ressourcenzentrum und eine Lebensmittelausgabe. Die Bewohner von Queen Anne k\u00f6nnen die Speisekammer einmal im Monat mit einem g\u00fcltigen Lichtbildausweis nutzen. Sie k\u00f6nnen einen Termin unter der Rufnummer 410-827-7194 vereinbaren.<\/p>\n<p>Es gibt auch einen mobilen Speisewagen in Sudlersville, Maryland. Der Imbisswagen bietet ungekochtes Essen f\u00fcr Menschen mit Notnahrungsbedarf im n\u00f6rdlichen Queen Anne&#039;s County.<\/p>\n<p>Haven Ministries kann auch bei der Suche nach bezahlbarem Wohnraum helfen, der im Queen Anne&#039;s County fehlt. Sie bieten eine Notunterkunft f\u00fcr den Winter und\u00a0<a href=\"https:\/\/haven-ministries.org\/2020\/11\/haven-ministries-expands-housing-assistance-program-2\/\" target=\"_blank\" rel=\"noopener\">Wohnhilfeprogramm<\/a>.<\/p>\n<p>Die Finanzierung kann \u00fcber die St. Christopher&#039;s Catholic Church, Haven Ministries und die Kent Island United Methodist Church f\u00fcr Miete und Nebenkosten erfolgen, sofern verf\u00fcgbar.<\/p>\n<p>Sie k\u00f6nnen sich an diese Agenturen wenden oder die Nummer 211 anrufen, um Ressourcen im Queen Anne\u2019s County zu finden, die Ihnen bei der Bezahlung Ihrer Stromrechnungen und der Verhinderung von Zwangsr\u00e4umungen helfen k\u00f6nnen.<\/p>\n<h2><b>Wohnhilfe\u00a0<\/b><\/h2>\n<p>Wenn Sie Hilfe bei der Unterbringung ben\u00f6tigen, bietet Queen Anne&#039;s Housing &amp; Community Services eine Reihe von Programmen an, die bei der R\u00e4umungspr\u00e4vention, bei Obdachlosigkeit, bei Erstk\u00e4ufern von Eigenheimen und bei Notreparaturen von Wohnungen helfen. Sie k\u00f6nnen auch deren \u00fcberpr\u00fcfen <a href=\"https:\/\/www.qac.org\/1210\/Homeless-Assistance\" target=\"_blank\" rel=\"noopener\">Ressourcenseite<\/a> Informationen zu Wohnstandorten im gesamten Landkreis, Seniorenunterk\u00fcnften, Einrichtungen f\u00fcr betreutes Wohnen und Notunterk\u00fcnften.<\/p>\n<h2><b>Utility-Hilfe<\/b><\/h2>\n<p>Wenn Sie Hilfe beim Bezahlen Ihrer Stromrechnung ben\u00f6tigen, wenden Sie sich an die\u00a0<a href=\"https:\/\/search.211md.org\/search\/6308c2bd4994ec149dfa74324ebccfde\" target=\"_blank\" rel=\"noopener\">Abteilung f\u00fcr soziale Dienste des Queen Anne&#039;s County<\/a>\u00a0kann bei staatlichen Energiezusch\u00fcssen wie dem Maryland Energy Assistance Program (MEAP) f\u00fcr Heizkosten, dem Electric Universal Service Program (EUSP) f\u00fcr Stromrechnungen und anderen Zusch\u00fcssen \u00fcber das Office of Home Energy Programs (OHEP) behilflich sein.<\/p>\n<p><a href=\"\/de\/ressourcen\/utility-unterstutzung\/\" rel=\"noopener\">211 verf\u00fcgt \u00fcber einen Leitfaden zur Energieunterst\u00fctzung<\/a>\u00a0mit detaillierten Informationen zu den Einkommensrichtlinien und zum korrekten Ausf\u00fcllen des Formulars.<\/p>\n<p>Sie k\u00f6nnen sich auch an uns wenden <a href=\"https:\/\/www.delmarva.com\/MyAccount\/CustomerSupport\/Pages\/MD\/BillPaymentAssistance.aspx\" target=\"_blank\" rel=\"noopener\">Delmarva-Macht<\/a> oder <a href=\"https:\/\/www.choptankelectric.coop\/energy-assistance\" target=\"_blank\" rel=\"noopener\">Choptank elektrisch<\/a> um einen Zahlungsplan aufzustellen.<\/p>\n<h2>Vorratskammern<\/h2>\n<p>Bevor Sie eine Speisekammer besuchen, pr\u00fcfen Sie die Teilnahmebedingungen und best\u00e4tigen Sie die Zeiten, da sich diese \u00e4ndern k\u00f6nnen.<\/p>\n<p>F\u00fcr einige Vorratskammern ben\u00f6tigen Sie m\u00f6glicherweise einen Termin und\/oder einen g\u00fcltigen Lichtbildausweis<\/p>\n\t\t<h3>Haven Ministries, Inc.<\/h3>206 Del Rhodes Avenue<br \/>\nQueenstown, MD 21658<br \/>\n(hinter Royal Farms)<br \/>\nTelefon: (410) 827-7194\n<p>Muss ein QAC-Bewohner mit Lichtbildausweis sein. Bewohner sind einmal im Monat willkommen.<\/p>\n<p>&nbsp;<\/p>\n<strong>Speisekammer | M, W, Do, F von 8:30 \u2013 16:30 Uhr<br \/>\nT von 7 bis 19 Uhr\u00a0<\/strong>\n\t<iframe src=\"https:\/\/www.google.com\/maps\/embed\/v1\/place?q=Haven+Ministries%0A206+Del+Rhodes+Avenue%0AQueenstown%2C+MD+21658&#038;key=AIzaSyD09zQ9PNDNNy9TadMuzRV_UsPUoWKntt8\" aria-hidden=\"true\" title=\"Haven-Ministerien\"><\/iframe>\n\t\t<h3>Haven Ministries, Inc. Mobiler Imbisswagen<\/h3>407 Dudley Corner Road<br \/>\nSudlersville, MD 21668<br \/>\n410-827-7194\n<p>&nbsp;<\/p>\n<p>Bewohner des n\u00f6rdlichen QAC mit dringendem Lebensmittelbedarf, einem Termin und einem Lichtbildausweis<\/p>\n<p>&nbsp;<\/p>\n<p><b>Mobiler Imbisswagen | Nach Vereinbarung am Dienstag 12 \u2013 19 Uhr und\u00a0<\/b><strong>Freitag 9.00 \u2013 19.00 Uhr<\/strong><\/p>\n\t<iframe src=\"https:\/\/www.google.com\/maps\/embed\/v1\/place?q=407+Dudley+Corner+Road%0ASudersville%2C+MD+21668&#038;key=AIzaSyD09zQ9PNDNNy9TadMuzRV_UsPUoWKntt8\" aria-hidden=\"true\" title=\"Haven Ministries Imbisswagen\"><\/iframe>\n\t\t<h3>Centerville United Methodist Church<\/h3>608 Church Hill Road<br \/>\nCentreville, MD 21617<br \/>\n410-758-0868\n<p>&nbsp;<\/p>\n<p><strong>Speisekammer | Jeden 1. und 3. Mittwoch im Monat von 10 \u2013 12 Uhr<\/strong><\/p>\n\t<iframe src=\"https:\/\/www.google.com\/maps\/embed\/v1\/place?q=Centreville+United+Methodist+Church+%0A608+Church+Hill+Road%0ACentreville%2C+MD+21617&#038;key=AIzaSyD09zQ9PNDNNy9TadMuzRV_UsPUoWKntt8\" aria-hidden=\"true\" title=\"Centerville United Methodist Church \"><\/iframe>\n\t\t<h3>Katholische Kirche St. Christophorus<\/h3>1861 Harbour Drive<br \/>\nChester, MD 21619<br \/>\n410-643-6220\n<p>Die Speisekammer ist geschlossen, wenn die Schulen wetterbedingt geschlossen sind.<\/p>\n<strong><br \/>\nSpeisekammer | MWF 9:30 bis 12 Uhr<\/strong>\n\t<iframe src=\"https:\/\/www.google.com\/maps\/embed\/v1\/place?q=St.+Christopher%27s+Catholic+Church%0A1861+Harbor+Drive%0AChester%2C+MD+21619&#038;key=AIzaSyD09zQ9PNDNNy9TadMuzRV_UsPUoWKntt8\" aria-hidden=\"true\" title=\"Katholische Kirche St. Christophorus\"><\/iframe>\n\t\t<h3>Bethel AME Kirche<\/h3>102 Washington Street<br \/>\nCentreville, MD 21617<br \/>\n410-758-3748\n<p>&nbsp;<\/p>\n<p><strong>Speisekammer | Rufen Sie f\u00fcr Informationen an<\/strong><\/p>\n\t<iframe src=\"https:\/\/www.google.com\/maps\/embed\/v1\/place?q=Bethel+AME+Church+%0A102+Washington+Street%0ACentreville%2C+MD+21617&#038;key=AIzaSyD09zQ9PNDNNy9TadMuzRV_UsPUoWKntt8\" aria-hidden=\"true\" title=\"Bethel AME Kirche\"><\/iframe>\n\t\t<h3>Grasonville Gemeindezentrum<\/h3>5601 Hauptstra\u00dfe<br \/>\nGrasonville, MD 21638<br \/>\n410-827-9215\n<p>&nbsp;<\/p>\n<p><strong>Speisekammer | Dienstag 11:30 \u2013 16:00 Uhr und Freitag 10:00 \u2013 16:00 Uhr<\/strong><\/p>\n\t<iframe src=\"https:\/\/www.google.com\/maps\/embed\/v1\/place?q=Grasonville+Community+Center%0A5601+Main+Street%0AGrasonville%2C+MD+21638&#038;key=AIzaSyD09zQ9PNDNNy9TadMuzRV_UsPUoWKntt8\" aria-hidden=\"true\" title=\"Grasonville Gemeindezentrum\"><\/iframe>\n\t\t<h3>Kirche der Siebenten-Tags-Adventisten in Grasonville<\/h3>208 Medical Center Drive<br \/>\nGrasonville, MD 21638<br \/>\n410-827-8461\n<p>&nbsp;<\/p>\n<p>Muss ein QAC-Bewohner mit einem Lichtbildausweis sein<\/p>\n<p>&nbsp;<\/p>\n<p><strong>Speisekammer | Jeden Montag 10 \u2013 13 Uhr\u00a0<\/strong><\/p>\n\t<iframe src=\"https:\/\/www.google.com\/maps\/embed\/v1\/place?q=Grasonville+Seventh+Day+Adventist+Church+%0A208+Medical+Center+Drive%0AGrasonville%2C+MD+21638&#038;key=AIzaSyD09zQ9PNDNNy9TadMuzRV_UsPUoWKntt8\" aria-hidden=\"true\" title=\"Kirche der Siebenten-Tags-Adventisten in Grasonville \"><\/iframe>\n\t\t<h3>Sudlersville UM Kirche<\/h3>103 North Church Street<br \/>\nSudlersville, MD 21668<br \/>\n410-438-3816<br \/>\n<a href=\"http:\/\/www.sudlersvilleumc.org\/sudlersville-charge-food-pantry.html\" target=\"_blank\" rel=\"noopener\">Erfahren Sie mehr \u00fcber die Speisekammer<\/a>.\n<p>Muss QAC-Bewohner sein. Einkommensvoraussetzung.<\/p>\n<strong><br \/>\nSpeisekammer | Termine telefonisch erfragen<\/strong>\n\t<iframe src=\"https:\/\/www.google.com\/maps\/embed\/v1\/place?q=Sudlersville+UM+Church%0A103+North+Church+Street%0ASudlersville%2C+MD+21668&#038;key=AIzaSyD09zQ9PNDNNy9TadMuzRV_UsPUoWKntt8\" aria-hidden=\"true\" title=\"Speisekammer der Kirche von Sudlersville UM\"><\/iframe>\n\t\t<h3>Unser Outreach-Dienst zur Mutter der Schmerzen<\/h3>301 Homewood Avenue<br \/>\nCentreville, MD 21617<br \/>\n410-758-6833<br \/>\n<a href=\"https:\/\/sorrowsparish.org\/outreach\" target=\"_blank\" rel=\"noopener\">Erfahren Sie mehr \u00fcber die Speisekammer<\/a>.\n<p>Terminvereinbarung erforderlich.<\/p>\n<p>&nbsp;<\/p>\n<p><strong>Speisekammer | Zweiter und vierter Donnerstag im Monat von 16:00 \u2013 18:00 Uhr nach Verf\u00fcgbarkeit und nach Vereinbarung.<\/strong><\/p>\n\t<iframe src=\"https:\/\/www.google.com\/maps\/embed\/v1\/place?q=Our+Mother+of+Sorrows+Outreach+Ministry%0A301+Homewood+Avenue%0ACentreville%2C+MD+21617&#038;key=AIzaSyD09zQ9PNDNNy9TadMuzRV_UsPUoWKntt8\" aria-hidden=\"true\" title=\"Unser Outreach-Dienst zur Mutter der Schmerzen\"><\/iframe>\n\t<p>Wenn Sie in einem anderen Landkreis an der Ostk\u00fcste wohnen, k\u00f6nnen Sie weitere Vorratskammern finden <a href=\"https:\/\/211md.org\/de\/ressourcen-nach-landkreis\/\">Auswahl des Landkreises.<\/a><\/p>\n<p>Erfahren Sie mehr \u00fcber andere Nahrungsressourcen wie <a href=\"https:\/\/211md.org\/de\/ressourcen\/lebensmittel\/\">SNAP-Vorteile und wie Sie beim Essen sparen k\u00f6nnen<\/a>.<\/p>\n\t\t\t\t<img decoding=\"async\" src=\"http:\/\/211md.org\/wp-content\/uploads\/2024\/01\/Whats-the-211-hon.jpg\" alt=\"Was ist die 211 Hon SMS-Erinnerung?\" itemprop=\"image\" title=\"Was ist der 211 Hon\" onerror=\"this.style.display='none'\" loading=\"lazy\" \/>\n\t<h2>Ressourcen f\u00fcr Queen Anne&#039;s County<\/h2>\n<p>Lernen <a href=\"https:\/\/211md.org\/de\/whats-the-211\/\">Was ist die 211, Schatz?<\/a> \u2013 eine Basisinitiative, um das Bewusstsein daf\u00fcr zu sch\u00e4rfen, wie die Nummer 211 den Einwohnern von Queen Anne&#039;s County dabei helfen kann, lokale Gesundheits- und Sozialressourcen zu finden. Die Nummer 211 ist an 365 Tagen im Jahr rund um die Uhr erreichbar.<\/p>\n<p>Sie k\u00f6nnen auch SMS-Updates mit Mid Shore-Gesundheitsressourcen erhalten. Melden Sie sich an, indem Sie MidShore eine SMS an 898-211 senden.<\/p>\n\t\t<h3>\t\n\tErhalten Sie MidShore-Textbenachrichtigungen<\/h3><p>Erhalten Sie SMS-Updates mit Community-Ressourcen. Melden Sie sich an, indem Sie MidShore eine SMS an 898-211 senden.<\/p>\n\t\t<h4><a href=\"\/de\/ressourcen\/alterungsbehinderung\/?utm_source=Home&#038;utm_medium=Referral&#038;utm_campaign=211Resources&#038;utm_content=Aging\" target=\"_self\">Alter &amp; Behinderung<\/a><\/h4>\n\t\t\t\t<a href=\"\/de\/ressourcen\/alterungsbehinderung\/?utm_source=Home&#038;utm_medium=Referral&#038;utm_campaign=211Resources&#038;utm_content=Aging\"  target=\"_self\" itemprop=\"url\">\n\t\t\t\t<img decoding=\"async\" src=\"https:\/\/211md.org\/wp-content\/uploads\/bb-plugin\/cache\/2025_MdInfoNet_Icon-Sets_Aging-disability-square-c466727102cae71e5f27b8539bb51945-.png\" alt=\"\" itemprop=\"image\" onerror=\"this.style.display='none'\" loading=\"lazy\" \/>\n\t\t\t\t<\/a>\n\t\t<h4><a href=\"\/de\/ressourcen\/kinder-familien\/?utm_source=Home&#038;utm_medium=Referral&#038;utm_campaign=211Resources&#038;utm_content=Children\" target=\"_self\">Kinder &amp; Familien<\/a><\/h4>\n\t\t\t\t<a href=\"\/de\/ressourcen\/kinder-familien\/?utm_source=Home&#038;utm_medium=Referral&#038;utm_campaign=211Resources&#038;utm_content=Children\"  target=\"_self\" itemprop=\"url\">\n\t\t\t\t<img decoding=\"async\" src=\"https:\/\/211md.org\/wp-content\/uploads\/bb-plugin\/cache\/2025_211_Icon-Sets_Child-care-square-f3b0d4edab3dcc467fadb5f55f4064c6-.png\" alt=\"2025_211_Icon Sets_Kinderbetreuung\" itemprop=\"image\" height=\"417\" width=\"417\" title=\"2025_211_Icon Sets_Kinderbetreuung\" onerror=\"this.style.display='none'\" loading=\"lazy\" \/>\n\t\t\t\t<\/a>\n\t\t<h4><a href=\"\/de\/ressourcen\/hausliche-familiare-gewalt\/?utm_source=Home&#038;utm_medium=Referral&#038;utm_campaign=211Resources&#038;utm_content=Domestic\" target=\"_self\">H\u00e4usliche Gewalt<\/a><\/h4>\n\t\t\t\t<a href=\"\/de\/ressourcen\/hausliche-familiare-gewalt\/?utm_source=Home&#038;utm_medium=Referral&#038;utm_campaign=211Resources&#038;utm_content=Domestic\"  target=\"_self\" itemprop=\"url\">\n\t\t\t\t<img decoding=\"async\" src=\"https:\/\/211md.org\/wp-content\/uploads\/bb-plugin\/cache\/2025_211_Icon-Sets_Domestic-Violence-square-7b597694a6f05fe90cdc376aa573bc63-.png\" alt=\"Symbol f\u00fcr h\u00e4usliche Gewalt\" itemprop=\"image\" height=\"417\" width=\"417\" title=\"2025_211_Icon Sets_H\u00e4usliche Gewalt\" onerror=\"this.style.display='none'\" loading=\"lazy\" \/>\n\t\t\t\t<\/a>\n\t\t<h4><a href=\"\/de\/ressourcen\/arbeitssuche\/?utm_source=Home&#038;utm_medium=Referral&#038;utm_campaign=211Resources&#038;utm_content=Employment\" target=\"_self\">Besch\u00e4ftigung<\/a><\/h4>\n\t\t\t\t<a href=\"\/de\/ressourcen\/arbeitssuche\/?utm_source=Home&#038;utm_medium=Referral&#038;utm_campaign=211Resources&#038;utm_content=Employment\"  target=\"_self\" itemprop=\"url\">\n\t\t\t\t<img decoding=\"async\" src=\"https:\/\/211md.org\/wp-content\/uploads\/bb-plugin\/cache\/2025_MdInfoNet_Icon-Sets_Employment-square-44707bd410e4df10a470bf130ebcea86-.png\" alt=\"\" itemprop=\"image\" onerror=\"this.style.display='none'\" loading=\"lazy\" \/>\n\t\t\t\t<\/a>\n\t\t<h4><a href=\"\/de\/ressourcen\/gesundheitswesen\/?utm_source=Home&#038;utm_medium=Referral&#038;utm_campaign=211Resources&#038;utm_content=Health%20Care\" target=\"_self\">Gesundheitsvorsorge<\/a><\/h4>\n\t\t\t\t<a href=\"\/de\/ressourcen\/gesundheitswesen\/?utm_source=Home&#038;utm_medium=Referral&#038;utm_campaign=211Resources&#038;utm_content=Health%20Care\"  target=\"_self\" itemprop=\"url\">\n\t\t\t\t<img decoding=\"async\" src=\"https:\/\/211md.org\/wp-content\/uploads\/bb-plugin\/cache\/2025_MdInfoNet_Icon-Sets_Health-Care-square-dee98a0060cbe0e7f27eda253fc12679-.png\" alt=\"\" itemprop=\"image\" onerror=\"this.style.display='none'\" loading=\"lazy\" \/>\n\t\t\t\t<\/a>\n\t\t<h4><a href=\"\/de\/ressourcen\/kinder-familien\/verwandtschaftspflege\/?utm_source=Home&#038;utm_medium=Referral&#038;utm_campaign=211Resources&#038;utm_content=Kinship\" target=\"_self\">Verwandtschaft<\/a><\/h4>\n\t\t\t\t<a href=\"\/de\/ressourcen\/kinder-familien\/verwandtschaftspflege\/?utm_source=Home&#038;utm_medium=Referral&#038;utm_campaign=211Resources&#038;utm_content=Kinship\"  target=\"_self\" itemprop=\"url\">\n\t\t\t\t<img decoding=\"async\" src=\"https:\/\/211md.org\/wp-content\/uploads\/bb-plugin\/cache\/2025_211_Icon-Sets_Kinship-square-45bdf872866f5735f842c32071109267-.png\" alt=\"Verwandtschaftssymbol\" itemprop=\"image\" height=\"417\" width=\"417\" title=\"2025_211_Icon Sets_Verwandtschaft\" onerror=\"this.style.display='none'\" loading=\"lazy\" \/>\n\t\t\t\t<\/a>\n\t\t<h4><a href=\"\/de\/ressourcen\/rechtsberatung\/?utm_source=Home&#038;utm_medium=Referral&#038;utm_campaign=211Resources&#038;utm_content=Legal\" target=\"_self\">Rechtsberatung<\/a><\/h4>\n\t\t\t\t<a href=\"\/de\/ressourcen\/rechtsberatung\/?utm_source=Home&#038;utm_medium=Referral&#038;utm_campaign=211Resources&#038;utm_content=Legal\"  target=\"_self\" itemprop=\"url\">\n\t\t\t\t<img decoding=\"async\" src=\"https:\/\/211md.org\/wp-content\/uploads\/bb-plugin\/cache\/2025_MdInfoNet_Icon-Sets_Legal-square-18fdf438feb8435588174d9046463257-.png\" alt=\"\" itemprop=\"image\" onerror=\"this.style.display='none'\" loading=\"lazy\" \/>\n\t\t\t\t<\/a>\n\t\t<h4><a href=\"\/de\/ressourcen\/psychische-gesundheit\/?utm_source=Home&#038;utm_medium=Referral&#038;utm_campaign=211Resources&#038;utm_content=Mental\" target=\"_self\">Psychische Gesundheit<\/a><\/h4>\n\t\t\t\t<a href=\"\/de\/ressourcen\/psychische-gesundheit\/?utm_source=Home&#038;utm_medium=Referral&#038;utm_campaign=211Resources&#038;utm_content=Mental\"  target=\"_self\" itemprop=\"url\">\n\t\t\t\t<img decoding=\"async\" src=\"https:\/\/211md.org\/wp-content\/uploads\/bb-plugin\/cache\/2025_MdInfoNet_Icon-Sets_Mental-Health-square-c59b38c4a993a947d4c9280fbe2d2fee-.png\" alt=\"\" itemprop=\"image\" onerror=\"this.style.display='none'\" loading=\"lazy\" \/>\n\t\t\t\t<\/a>\n\t\t<h4><a href=\"\/de\/ressourcen\/mdreentry\/?utm_source=Home&#038;utm_medium=Referral&#038;utm_campaign=211Resources&#038;utm_content=Reentry\" target=\"_self\">Wiedereintritt<\/a><\/h4>\n\t\t\t\t<a href=\"\/de\/ressourcen\/mdreentry\/?utm_source=Home&#038;utm_medium=Referral&#038;utm_campaign=211Resources&#038;utm_content=Reentry\"  target=\"_self\" itemprop=\"url\">\n\t\t\t\t<img decoding=\"async\" src=\"https:\/\/211md.org\/wp-content\/uploads\/bb-plugin\/cache\/2025_211_Icon-Sets_Reentry-square-8676fea38abd920a832f45642fe31cca-.png\" alt=\"Symbol \u201eWiedereintritt\u201c\" itemprop=\"image\" height=\"417\" width=\"417\" title=\"2025_211_Icon Sets_Wiedereintritt\" onerror=\"this.style.display='none'\" loading=\"lazy\" \/>\n\t\t\t\t<\/a>\n\t\t<h4><a href=\"\/de\/ressourcen\/substanzgebrauch\/?utm_source=Home&#038;utm_medium=Referral&#038;utm_campaign=211Resources&#038;utm_content=Substance\" target=\"_self\">Substanzgebrauch<\/a><\/h4>\n\t\t\t\t<a href=\"\/de\/ressourcen\/substanzgebrauch\/?utm_source=Home&#038;utm_medium=Referral&#038;utm_campaign=211Resources&#038;utm_content=Substance\"  target=\"_self\" itemprop=\"url\">\n\t\t\t\t<img decoding=\"async\" src=\"https:\/\/211md.org\/wp-content\/uploads\/bb-plugin\/cache\/2025_MdInfoNet_Icon-Sets_Substance-Abuse-square-9022fec9d18a64118ad685c101885b55-.png\" alt=\"\" itemprop=\"image\" onerror=\"this.style.display='none'\" loading=\"lazy\" \/>\n\t\t\t\t<\/a>\n\t\t<h4><a href=\"\/de\/ressourcen\/veteranen\/?utm_source=Home&#038;utm_medium=Referral&#038;utm_campaign=211Resources&#038;utm_content=Veterans\" target=\"_self\">Veteranen<\/a><\/h4>\n\t\t\t\t<a href=\"\/de\/ressourcen\/veteranen\/?utm_source=Home&#038;utm_medium=Referral&#038;utm_campaign=211Resources&#038;utm_content=Veterans\"  target=\"_self\" itemprop=\"url\">\n\t\t\t\t<img decoding=\"async\" src=\"https:\/\/211md.org\/wp-content\/uploads\/bb-plugin\/cache\/2025_MdInfoNet_Icon-Sets_Rating-square-6e60d00cce4faa8e0a6d4ad7366aa733-.png\" alt=\"\" itemprop=\"image\" onerror=\"this.style.display='none'\" loading=\"lazy\" \/>\n\t\t\t\t<\/a>","protected":false},"excerpt":{"rendered":"<p>Ressourcen in meiner N\u00e4he finden Jetzt suchen F\u00fcgen Sie Ihre Agentur oder Organisation zu unserer Ressourcendatenbank hinzu. Ben\u00f6tigen Sie Lebensmittel oder finanzielle Unterst\u00fctzung f\u00fcr Ihre Wohnung oder Ihre Nebenkosten? 211 hilft Ihnen dabei. Durchsuchen Sie \u00fcber 7.000 Ressourcen in ganz Maryland oder w\u00e4hlen Sie 211, um mit einem unserer Informations- und Vermittlungsspezialisten zu sprechen und die\u2026<\/p>","protected":false},"author":8,"featured_media":0,"parent":750,"menu_order":0,"comment_status":"closed","ping_status":"closed","template":"","meta":{"footnotes":""},"class_list":["post-1690","page","type-page","status-publish","hentry"],"_links":{"self":[{"href":"https:\/\/211md.org\/de\/wp-json\/wp\/v2\/pages\/1690","targetHints":{"allow":["GET"]}}],"collection":[{"href":"https:\/\/211md.org\/de\/wp-json\/wp\/v2\/pages"}],"about":[{"href":"https:\/\/211md.org\/de\/wp-json\/wp\/v2\/types\/page"}],"author":[{"embeddable":true,"href":"https:\/\/211md.org\/de\/wp-json\/wp\/v2\/users\/8"}],"replies":[{"embeddable":true,"href":"https:\/\/211md.org\/de\/wp-json\/wp\/v2\/comments?post=1690"}],"version-history":[{"count":3,"href":"https:\/\/211md.org\/de\/wp-json\/wp\/v2\/pages\/1690\/revisions"}],"predecessor-version":[{"id":34088,"href":"https:\/\/211md.org\/de\/wp-json\/wp\/v2\/pages\/1690\/revisions\/34088"}],"up":[{"embeddable":true,"href":"https:\/\/211md.org\/de\/wp-json\/wp\/v2\/pages\/750"}],"wp:attachment":[{"href":"https:\/\/211md.org\/de\/wp-json\/wp\/v2\/media?parent=1690"}],"curies":[{"name":"wp","href":"https:\/\/api.w.org\/{rel}","templated":true}]}}