{"id":1693,"date":"2021-05-12T00:24:06","date_gmt":"2021-05-12T00:24:06","guid":{"rendered":"https:\/\/211md.org\/?page_id=1693"},"modified":"2025-10-29T07:00:11","modified_gmt":"2025-10-29T11:00:11","slug":"charles-county","status":"publish","type":"page","link":"https:\/\/211md.org\/de\/resources-by-county\/charles-county\/","title":{"rendered":"Charles Grafschaft"},"content":{"rendered":"<h2><a href=\"https:\/\/search.211md.org\/\" target=\"_blank\"  rel=\"noopener\">Finden Sie Ressourcen in meiner N\u00e4he<\/a><\/h2>\n\t\t\t<a href=\"https:\/\/search.211md.org\/\" target=\"_blank\" rel=\"noopener\">\n\t\t\t\t\t\t\tJetzt suchen\n\t\t\t<\/a>\n\t<p><strong><a href=\"\/de\/treten-sie-unserer-datenbank-bei\/\">F\u00fcgen Sie Ihre Agentur oder Organisation zu unserer Ressourcendatenbank hinzu.<\/a><\/strong><\/p>\n<p>211 steht Ihnen im Charles County zur Seite, f\u00fcr Gemeinden wie Waldorf, Saint Charles, Bennsville, Accokeek, Hughesville, Indian Head, Potomac Heights, Pisgah, Holly Haven und andere nahe gelegene St\u00e4dte.<\/p>\n\t\t<h2>\t\n\tW\u00e4hlen Sie 211<\/h2><p>Erhalten Sie Zugang zu Community-Ressourcen und unterst\u00fctzen Sie rund um die Uhr.<\/p>\n\t<h2>Finden Sie Lebensmittel in Charles County<\/h2>\n<p>Die Charles County Food Connection ist ein Zusammenschluss lokaler Organisationen, die sich daf\u00fcr einsetzen, die Suche nach Lebensmittelvorr\u00e4ten in der Region zu erleichtern. Durch den One-Stop-Lebensmittelzugang ist es einfach, Drive-up-Verteilungsveranstaltungen und Speisekammerstandorte in Charles County zu finden.<\/p>\n<p>Sie k\u00f6nnen die Liste von 40 Vorratskammern in St\u00e4dten im gesamten Charles County einsehen, darunter Waldorf, Nanjemoy, La Plata, White Plains, Hughesville, Port Tobacco, Bryans Road, Indian Head und Pomfret. W\u00e4hlen Sie den besten Weg, um Lebensmittel in Ihrer N\u00e4he zu finden:<\/p>\n<ul>\n<li><a href=\"https:\/\/charlescountyfoodconnection.org\/about\/\" target=\"_blank\" rel=\"noopener\">Finden Sie Vorratskammern nach Ihrer Postleitzahl<\/a> Code.<\/li>\n<li>Schau den <a href=\"https:\/\/charlescountyfoodconnection.org\/events\/\" target=\"_blank\" rel=\"noopener\">Kalender der bevorstehenden Food-Events.<\/a><\/li>\n<li>W\u00e4hlen Sie 211<\/li>\n<li>Laden Sie eine Liste mit \u00fcber 40 Vorratskammern herunter.<\/li>\n<\/ul>\n\t\t<h3><a href=\"http:\/\/211md.org\/wp-content\/uploads\/2023\/12\/Charles_County_Food_Connection_Pantry_list_-_English.pdf\" target=\"_blank\" rel=\"noopener\">Speisekammerliste der Charles County Food Connection (Englisch)<\/a><\/h3>\n\t\t\t\t<a href=\"http:\/\/211md.org\/wp-content\/uploads\/2023\/12\/Charles_County_Food_Connection_Pantry_list_-_English.pdf\" target=\"_blank\" rel=\"noopener\" itemprop=\"url\">\n\t\t\t\t<img decoding=\"async\" src=\"http:\/\/211md.org\/wp-content\/uploads\/2023\/12\/Charles_County_Food_Connection_Pantry_list_-_English.jpg\" alt=\"Charles_County_Food_Connection_Pantry_list_-_Englisch\" itemprop=\"image\" title=\"Charles_County_Food_Connection_Pantry_list_-_Englisch\" onerror=\"this.style.display='none'\" loading=\"lazy\" \/>\n\t\t\t\t<\/a>\n\t\t\t<a href=\"http:\/\/211md.org\/wp-content\/uploads\/2023\/12\/Charles_County_Food_Connection_Pantry_list_-_English.pdf\" target=\"_blank\" rel=\"noopener\">\n\t\t\t\t\t\t\tHerunterladen\n\t\t\t\t\t<\/a>\n\t\t<h3><a href=\"http:\/\/211md.org\/wp-content\/uploads\/2023\/12\/Charles_County_Food_Connection_Pantry_list_-Spanish.pdf\" target=\"_blank\" rel=\"noopener\">Speisekammerliste der Charles County Food Connection (Spanisch)<\/a><\/h3>\n\t\t\t\t<a href=\"http:\/\/211md.org\/wp-content\/uploads\/2023\/12\/Charles_County_Food_Connection_Pantry_list_-Spanish.pdf\" target=\"_blank\" rel=\"noopener\" itemprop=\"url\">\n\t\t\t\t<img decoding=\"async\" src=\"http:\/\/211md.org\/wp-content\/uploads\/2023\/12\/Charles_County_Food_Connection_Pantry_list_-Spanish.jpg\" alt=\"Charles_County_Food_Connection_Pantry_list_-Spanisch\" itemprop=\"image\" title=\"Charles_County_Food_Connection_Pantry_list_-Spanisch\" onerror=\"this.style.display='none'\" loading=\"lazy\" \/>\n\t\t\t\t<\/a>\n\t\t\t<a href=\"http:\/\/211md.org\/wp-content\/uploads\/2023\/12\/Charles_County_Food_Connection_Pantry_list_-Spanish.pdf\" target=\"_blank\" rel=\"noopener\">\n\t\t\t\t\t\t\tHerunterladen\n\t\t\t\t\t<\/a>\n\t<h3>Sommermahlzeiten: Mittagessen auf uns<\/h3>\n<p>Wenn Sie im Sommer Hilfe beim Mittagessen ben\u00f6tigen, bieten die Charles County Public Schools allen Kindern zwischen 2 und 18 Jahren kostenlose warme Mahlzeiten an. Sie m\u00fcssen nicht im County ans\u00e4ssig sein.<\/p>\n<p>Das Programm \u201eLunch on Us\u201c ist im Sommer verf\u00fcgbar und das Essen muss vor Ort verzehrt werden. <a href=\"https:\/\/www.ccboe.com\/\" target=\"_blank\" rel=\"noopener\">Erkundigen Sie sich beim Schulbezirk<\/a> f\u00fcr die Termine und Orte.<\/p>\n<h2>Hilfe bei staatlichen Hilfsprogrammen (DSS)<\/h2>\n<p>Das Charles County Department of Social Services kann Ihnen dabei helfen, Kontakte zu staatlichen Programmen herzustellen, die Ihrer Familie helfen k\u00f6nnen, sowie zu speziellen Programmen, darunter:<\/p>\n<ul>\n<li><a href=\"https:\/\/211md.org\/de\/ressourcen\/lebensmittel\/fusstapfen\/\">SCHNAPP<\/a> (Fu\u00dfstapfen)<\/li>\n<li>TCA (Temporary Cash Assistance) und TANF (Temporary Assistance to Needy Families)<\/li>\n<li>Notfall-Bargeldhilfe (EAFC)<\/li>\n<li>Pflegeelternschaft<\/li>\n<li>Vaterschaft<\/li>\n<li>Medizinisch<\/li>\n<li>Kinderschutzdienste<\/li>\n<\/ul>\n<p>Wenn Sie eine Frage zu Kindergeld, Lebensmittelmarken oder einer anderen individuellen Angelegenheit haben, rufen Sie das Kunden-Callcenter unter 1-800-332-6347 an.<\/p>\n<p>Die Abteilung f\u00fcr Soziale Dienste befindet sich unter:<\/p>\n<p>200 Kent Avenue<\/p>\n<p>La Plata, Maryland 20646<\/p>\n<p>Montag \u2013 Freitag, 8 \u2013 16 Uhr<\/p>\n<p>Hauptnummer: 301-392-6400<\/p>\n<p>Callcenter f\u00fcr Einzelf\u00e4lle: 1-800-332-6347<\/p>\n<h2>V\u00e4ter unterst\u00fctzen<\/h2>\n<p>Das Charles County Fatherhood-Programm hilft M\u00e4nnern, die sich am Leben ihres Kindes beteiligen m\u00f6chten. Sie k\u00f6nnen sich freiwillig zur Teilnahme melden oder sich von einem lokalen Partner, den Gerichten oder der Haftanstalt \u00fcberweisen lassen.<\/p>\n<p>Das Programm hilft V\u00e4tern mit einem sechsw\u00f6chigen Programmangebot, H\u00fcrden zu \u00fcberwinden:<\/p>\n<ul>\n<li>Lebenskompetenzen<\/li>\n<li>Unterst\u00fctzung<\/li>\n<li>Berufsausbildung<\/li>\n<li>Informationen und Ressourcen<\/li>\n<\/ul>\n<p>Zu den Themen geh\u00f6ren:<\/p>\n<ul>\n<li>die Rolle eines Vaters verstehen<\/li>\n<li>Stressbew\u00e4ltigung<\/li>\n<li>Als alleinerziehender Vater zurechtkommen<\/li>\n<li>Kindergeld<\/li>\n<li>autark werden<\/li>\n<li>Lebenskompetenzen entwickeln<\/li>\n<\/ul>\n<p>Es ist ein kostenloses Programm. <a href=\"https:\/\/charlescountydss.com\/fatherhood-and-motherhood\/\" target=\"_blank\" rel=\"noopener\">Nehmen Sie am Charles County Fatherhood Program teil<\/a>.<\/p>\n\t\t\t\t<img decoding=\"async\" src=\"http:\/\/211md.org\/wp-content\/uploads\/2023\/12\/dad-at-park-with-son-flying-a-kite.jpg\" alt=\"Vater im Park mit Sohn, der einen Drachen steigen l\u00e4sst\" itemprop=\"image\" title=\"Vater im Park mit Sohn, der einen Drachen steigen l\u00e4sst\" onerror=\"this.style.display='none'\" loading=\"lazy\" \/>\n\t\t\t\t<img decoding=\"async\" src=\"http:\/\/211md.org\/wp-content\/uploads\/2023\/12\/mom-feeding-child.jpg\" alt=\"Mutter f\u00fcttert Kind\" itemprop=\"image\" title=\"Mutter f\u00fcttert Kind\" onerror=\"this.style.display='none'\" loading=\"lazy\" \/>\n\t<h2>Frauen, S\u00e4uglinge und Kinder (WIC) in Charles County<\/h2>\n<p>Das Gesundheitsamt im Charles County bietet \u00fcber WIC Ern\u00e4hrungserziehung, Stillunterst\u00fctzung und gesunde Erg\u00e4nzungsnahrung an. Das Programm verhilft Frauen, S\u00e4uglingen und Kindern zu einer ges\u00fcnderen Zukunft.<\/p>\n<p>Das Programm steht qualifizierten werdenden M\u00fcttern, M\u00fcttern nach der Geburt und Kindern zur Verf\u00fcgung. Das Programm steht zur Verf\u00fcgung:<\/p>\n<ul>\n<li>Schwangere und bis zu 6 Wochen nach der Schwangerschaft<\/li>\n<li>Frauen nach der Geburt bis zu 6 Monate nach der Geburt eines Kindes.<\/li>\n<li>Stillende M\u00fctter bis zum ersten Geburtstag ihres Babys.<\/li>\n<li>Kleinkinder bis zum ersten Geburtstag.<\/li>\n<li>Kinder bis 5 Jahre.<\/li>\n<\/ul>\n<p>Es gelten andere Qualifikationsrichtlinien.<\/p>\n<p>Es gibt B\u00fcros in ganz Maryland, darunter Charles, Calvert und St. Mary&#039;s County sowie in Lexington Park die Solomons Medical Offices und das Nanjemoy Community Center. Die Verf\u00fcgbarkeit kann je nach Standort variieren.<\/p>\n<p><a href=\"https:\/\/www.charlescountyhealth.org\/woman-infants-children-wic\/\" target=\"_blank\" rel=\"noopener\">Finden Sie heraus, ob Sie qualifiziert sind<\/a> und erfahren Sie, wann Sie an einem nahegelegenen Ort vorbeischauen k\u00f6nnen.<\/p>\n<h3>Gesundheitsamt des Charles County<\/h3>\n<p>Das Gesundheitsamt bietet auch mehrere andere Dienstleistungen an, darunter Programme f\u00fcr:<\/p>\n<ul>\n<li>Verbessere deine Gesundheit\n<ul>\n<li>Beispiele:\n<ul>\n<li>abnehmen<\/li>\n<li>Bew\u00e4ltigung chronischer Krankheiten<\/li>\n<li>Diabetespr\u00e4vention und mehr<\/li>\n<\/ul>\n<\/li>\n<\/ul>\n<\/li>\n<li>HIV-Pr\u00e4vention und Tests<\/li>\n<li>Zahnarztklinik<\/li>\n<li>Impfungen<\/li>\n<li>Krebsvorsorgeuntersuchungen<\/li>\n<li>Unterst\u00fctzung der Verhaltensgesundheit (psychische Gesundheit und Substanzkonsum)<\/li>\n<li>Dienstleistungen f\u00fcr Behinderte<\/li>\n<\/ul>\n<p>Es gibt auch andere Programme, die Ihnen und Ihrer Familie bei Ihrer Gesundheit helfen k\u00f6nnen.<\/p>\n<p><a href=\"https:\/\/www.charlescountyhealth.org\/\" target=\"_blank\" rel=\"noopener\">Erfahren Sie mehr<\/a> \u00fcber die vom Charles County Health Department angebotenen Programme und <a href=\"https:\/\/211md.org\/de\/ressourcen\/gesundheitswesen\/krankenversicherung\/\">Versicherungsprogramme<\/a> wird vom Bundesstaat Maryland angeboten, um Familien zu unterst\u00fctzen, die medizinische Versorgung ben\u00f6tigen.<\/p>\n<h2>Hilfe bei wesentlichen Bed\u00fcrfnissen<\/h2>\n<p><strong><a href=\"https:\/\/www.lifestylesofmd.org\/\" target=\"_blank\" rel=\"noopener\">LifeStyles, Inc.<\/a><\/strong>\u00a0in La Plata bietet Hilfe, Hoffnung und Transformation. Zu ihren Dienstleistungen geh\u00f6ren Lebensmittel, ein gemeinschaftlicher Kleiderschrank, Wohnunterst\u00fctzung, Transport, Steuerhilfe, Steuerhilfe und mehr.<\/p>\n<p>Sie k\u00f6nnen auch die 211 w\u00e4hlen, um mit wichtigen Ressourcen verbunden zu werden.<\/p>\n<h3><b>Energieunterst\u00fctzung<\/b><\/h3>\n<p>Wenn Sie Energieunterst\u00fctzung ben\u00f6tigen, um die Kosten Ihrer Stromrechnung zu senken oder eine Abschaltbenachrichtigung zu vermeiden, gibt es welche\u00a0<strong><a href=\"https:\/\/211md.org\/de\/ressourcen\/utility-unterstutzung\/\" target=\"_blank\" rel=\"noopener\">Zusch\u00fcsse, die \u00fcber das Office of Home Energy Programs erh\u00e4ltlich sind<\/a><\/strong><strong>.<\/strong><\/p>\n<p>Wenn Sie Hilfe beim Ausf\u00fcllen des Antrags ben\u00f6tigen oder Fragen zu den Einkommensrichtlinien oder Programmdetails haben, wenden Sie sich an die\u00a0<strong><a href=\"http:\/\/www.smtccac.org\/office-of-home-energy-program.aspx\" target=\"_blank\" rel=\"noopener\">Aktionskomitee der Southern Maryland Tri-County Community<\/a><\/strong>\u00a0(SMTCCAC, Inc.) f\u00fcr lokale Hilfe bei den staatlichen Versorgungszusch\u00fcssen.<\/p>\n<p>Sie k\u00f6nnen sich auch an Ihren Energieversorger wenden, wenn Sie mit Ihren Rechnungen im R\u00fcckstand sind. Washington Gas und SMECO k\u00f6nnen einen Zahlungsplan f\u00fcr Ihre Situation bereitstellen.<\/p>\n\t\t<h4><a href=\"\/de\/ressourcen\/alterungsbehinderung\/?utm_source=Home&#038;utm_medium=Referral&#038;utm_campaign=211Resources&#038;utm_content=Aging\" target=\"_self\">Alter &amp; Behinderung<\/a><\/h4>\n\t\t\t\t<a href=\"\/de\/ressourcen\/alterungsbehinderung\/?utm_source=Home&#038;utm_medium=Referral&#038;utm_campaign=211Resources&#038;utm_content=Aging\"  target=\"_self\" itemprop=\"url\">\n\t\t\t\t<img decoding=\"async\" src=\"https:\/\/211md.org\/wp-content\/uploads\/bb-plugin\/cache\/2025_MdInfoNet_Icon-Sets_Aging-disability-square-c466727102cae71e5f27b8539bb51945-.png\" alt=\"\" itemprop=\"image\" onerror=\"this.style.display='none'\" loading=\"lazy\" \/>\n\t\t\t\t<\/a>\n\t\t<h4><a href=\"\/de\/ressourcen\/kinder-familien\/?utm_source=Home&#038;utm_medium=Referral&#038;utm_campaign=211Resources&#038;utm_content=Children\" target=\"_self\">Kinder &amp; Familien<\/a><\/h4>\n\t\t\t\t<a href=\"\/de\/ressourcen\/kinder-familien\/?utm_source=Home&#038;utm_medium=Referral&#038;utm_campaign=211Resources&#038;utm_content=Children\"  target=\"_self\" itemprop=\"url\">\n\t\t\t\t<img decoding=\"async\" src=\"https:\/\/211md.org\/wp-content\/uploads\/bb-plugin\/cache\/2025_211_Icon-Sets_Child-care-square-f3b0d4edab3dcc467fadb5f55f4064c6-.png\" alt=\"2025_211_Icon Sets_Kinderbetreuung\" itemprop=\"image\" height=\"417\" width=\"417\" title=\"2025_211_Icon Sets_Kinderbetreuung\" onerror=\"this.style.display='none'\" loading=\"lazy\" \/>\n\t\t\t\t<\/a>\n\t\t<h4><a href=\"\/de\/ressourcen\/hausliche-familiare-gewalt\/?utm_source=Home&#038;utm_medium=Referral&#038;utm_campaign=211Resources&#038;utm_content=Domestic\" target=\"_self\">H\u00e4usliche Gewalt<\/a><\/h4>\n\t\t\t\t<a href=\"\/de\/ressourcen\/hausliche-familiare-gewalt\/?utm_source=Home&#038;utm_medium=Referral&#038;utm_campaign=211Resources&#038;utm_content=Domestic\"  target=\"_self\" itemprop=\"url\">\n\t\t\t\t<img decoding=\"async\" src=\"https:\/\/211md.org\/wp-content\/uploads\/bb-plugin\/cache\/2025_211_Icon-Sets_Domestic-Violence-square-7b597694a6f05fe90cdc376aa573bc63-.png\" alt=\"Symbol f\u00fcr h\u00e4usliche Gewalt\" itemprop=\"image\" height=\"417\" width=\"417\" title=\"2025_211_Icon Sets_H\u00e4usliche Gewalt\" onerror=\"this.style.display='none'\" loading=\"lazy\" \/>\n\t\t\t\t<\/a>\n\t\t<h4><a href=\"\/de\/ressourcen\/arbeitssuche\/?utm_source=Home&#038;utm_medium=Referral&#038;utm_campaign=211Resources&#038;utm_content=Employment\" target=\"_self\">Besch\u00e4ftigung<\/a><\/h4>\n\t\t\t\t<a href=\"\/de\/ressourcen\/arbeitssuche\/?utm_source=Home&#038;utm_medium=Referral&#038;utm_campaign=211Resources&#038;utm_content=Employment\"  target=\"_self\" itemprop=\"url\">\n\t\t\t\t<img decoding=\"async\" src=\"https:\/\/211md.org\/wp-content\/uploads\/bb-plugin\/cache\/2025_MdInfoNet_Icon-Sets_Employment-square-44707bd410e4df10a470bf130ebcea86-.png\" alt=\"\" itemprop=\"image\" onerror=\"this.style.display='none'\" loading=\"lazy\" \/>\n\t\t\t\t<\/a>\n\t\t<h4><a href=\"\/de\/ressourcen\/gesundheitswesen\/?utm_source=Home&#038;utm_medium=Referral&#038;utm_campaign=211Resources&#038;utm_content=Health%20Care\" target=\"_self\">Gesundheitsvorsorge<\/a><\/h4>\n\t\t\t\t<a href=\"\/de\/ressourcen\/gesundheitswesen\/?utm_source=Home&#038;utm_medium=Referral&#038;utm_campaign=211Resources&#038;utm_content=Health%20Care\"  target=\"_self\" itemprop=\"url\">\n\t\t\t\t<img decoding=\"async\" src=\"https:\/\/211md.org\/wp-content\/uploads\/bb-plugin\/cache\/2025_MdInfoNet_Icon-Sets_Health-Care-square-dee98a0060cbe0e7f27eda253fc12679-.png\" alt=\"\" itemprop=\"image\" onerror=\"this.style.display='none'\" loading=\"lazy\" \/>\n\t\t\t\t<\/a>\n\t\t<h4><a href=\"\/de\/ressourcen\/kinder-familien\/verwandtschaftspflege\/?utm_source=Home&#038;utm_medium=Referral&#038;utm_campaign=211Resources&#038;utm_content=Kinship\" target=\"_self\">Verwandtschaft<\/a><\/h4>\n\t\t\t\t<a href=\"\/de\/ressourcen\/kinder-familien\/verwandtschaftspflege\/?utm_source=Home&#038;utm_medium=Referral&#038;utm_campaign=211Resources&#038;utm_content=Kinship\"  target=\"_self\" itemprop=\"url\">\n\t\t\t\t<img decoding=\"async\" src=\"https:\/\/211md.org\/wp-content\/uploads\/bb-plugin\/cache\/2025_211_Icon-Sets_Kinship-square-45bdf872866f5735f842c32071109267-.png\" alt=\"Verwandtschaftssymbol\" itemprop=\"image\" height=\"417\" width=\"417\" title=\"2025_211_Icon Sets_Verwandtschaft\" onerror=\"this.style.display='none'\" loading=\"lazy\" \/>\n\t\t\t\t<\/a>\n\t\t<h4><a href=\"\/de\/ressourcen\/rechtsberatung\/?utm_source=Home&#038;utm_medium=Referral&#038;utm_campaign=211Resources&#038;utm_content=Legal\" target=\"_self\">Rechtsberatung<\/a><\/h4>\n\t\t\t\t<a href=\"\/de\/ressourcen\/rechtsberatung\/?utm_source=Home&#038;utm_medium=Referral&#038;utm_campaign=211Resources&#038;utm_content=Legal\"  target=\"_self\" itemprop=\"url\">\n\t\t\t\t<img decoding=\"async\" src=\"https:\/\/211md.org\/wp-content\/uploads\/bb-plugin\/cache\/2025_MdInfoNet_Icon-Sets_Legal-square-18fdf438feb8435588174d9046463257-.png\" alt=\"\" itemprop=\"image\" onerror=\"this.style.display='none'\" loading=\"lazy\" \/>\n\t\t\t\t<\/a>\n\t\t<h4><a href=\"\/de\/ressourcen\/psychische-gesundheit\/?utm_source=Home&#038;utm_medium=Referral&#038;utm_campaign=211Resources&#038;utm_content=Mental\" target=\"_self\">Psychische Gesundheit<\/a><\/h4>\n\t\t\t\t<a href=\"\/de\/ressourcen\/psychische-gesundheit\/?utm_source=Home&#038;utm_medium=Referral&#038;utm_campaign=211Resources&#038;utm_content=Mental\"  target=\"_self\" itemprop=\"url\">\n\t\t\t\t<img decoding=\"async\" src=\"https:\/\/211md.org\/wp-content\/uploads\/bb-plugin\/cache\/2025_MdInfoNet_Icon-Sets_Mental-Health-square-c59b38c4a993a947d4c9280fbe2d2fee-.png\" alt=\"\" itemprop=\"image\" onerror=\"this.style.display='none'\" loading=\"lazy\" \/>\n\t\t\t\t<\/a>\n\t\t<h4><a href=\"\/de\/ressourcen\/mdreentry\/?utm_source=Home&#038;utm_medium=Referral&#038;utm_campaign=211Resources&#038;utm_content=Reentry\" target=\"_self\">Wiedereintritt<\/a><\/h4>\n\t\t\t\t<a href=\"\/de\/ressourcen\/mdreentry\/?utm_source=Home&#038;utm_medium=Referral&#038;utm_campaign=211Resources&#038;utm_content=Reentry\"  target=\"_self\" itemprop=\"url\">\n\t\t\t\t<img decoding=\"async\" src=\"https:\/\/211md.org\/wp-content\/uploads\/bb-plugin\/cache\/2025_211_Icon-Sets_Reentry-square-8676fea38abd920a832f45642fe31cca-.png\" alt=\"Symbol \u201eWiedereintritt\u201c\" itemprop=\"image\" height=\"417\" width=\"417\" title=\"2025_211_Icon Sets_Wiedereintritt\" onerror=\"this.style.display='none'\" loading=\"lazy\" \/>\n\t\t\t\t<\/a>\n\t\t<h4><a href=\"\/de\/ressourcen\/substanzgebrauch\/?utm_source=Home&#038;utm_medium=Referral&#038;utm_campaign=211Resources&#038;utm_content=Substance\" target=\"_self\">Substanzgebrauch<\/a><\/h4>\n\t\t\t\t<a href=\"\/de\/ressourcen\/substanzgebrauch\/?utm_source=Home&#038;utm_medium=Referral&#038;utm_campaign=211Resources&#038;utm_content=Substance\"  target=\"_self\" itemprop=\"url\">\n\t\t\t\t<img decoding=\"async\" src=\"https:\/\/211md.org\/wp-content\/uploads\/bb-plugin\/cache\/2025_MdInfoNet_Icon-Sets_Substance-Abuse-square-9022fec9d18a64118ad685c101885b55-.png\" alt=\"\" itemprop=\"image\" onerror=\"this.style.display='none'\" loading=\"lazy\" \/>\n\t\t\t\t<\/a>\n\t\t<h4><a href=\"\/de\/ressourcen\/veteranen\/?utm_source=Home&#038;utm_medium=Referral&#038;utm_campaign=211Resources&#038;utm_content=Veterans\" target=\"_self\">Veteranen<\/a><\/h4>\n\t\t\t\t<a href=\"\/de\/ressourcen\/veteranen\/?utm_source=Home&#038;utm_medium=Referral&#038;utm_campaign=211Resources&#038;utm_content=Veterans\"  target=\"_self\" itemprop=\"url\">\n\t\t\t\t<img decoding=\"async\" src=\"https:\/\/211md.org\/wp-content\/uploads\/bb-plugin\/cache\/2025_MdInfoNet_Icon-Sets_Rating-square-6e60d00cce4faa8e0a6d4ad7366aa733-.png\" alt=\"\" itemprop=\"image\" onerror=\"this.style.display='none'\" loading=\"lazy\" \/>\n\t\t\t\t<\/a>","protected":false},"excerpt":{"rendered":"<p>Ressourcen in meiner N\u00e4he finden Jetzt suchen F\u00fcgen Sie Ihre Agentur oder Organisation zu unserer Ressourcendatenbank hinzu. 211 unterst\u00fctzt Sie in Charles County, f\u00fcr Gemeinden wie Waldorf, Saint Charles, Bennsville, Accokeek, Hughesville, Indian Head, Potomac Heights, Pisgah, Holly Haven und andere nahegelegene St\u00e4dte. W\u00e4hlen Sie 211. Erhalten Sie Zugang zu Community-Ressourcen und Support \u2013 rund um die Uhr. Finden Sie Lebensmittel in Charles\u2026<\/p>","protected":false},"author":8,"featured_media":0,"parent":750,"menu_order":0,"comment_status":"closed","ping_status":"closed","template":"","meta":{"footnotes":""},"class_list":["post-1693","page","type-page","status-publish","hentry"],"_links":{"self":[{"href":"https:\/\/211md.org\/de\/wp-json\/wp\/v2\/pages\/1693","targetHints":{"allow":["GET"]}}],"collection":[{"href":"https:\/\/211md.org\/de\/wp-json\/wp\/v2\/pages"}],"about":[{"href":"https:\/\/211md.org\/de\/wp-json\/wp\/v2\/types\/page"}],"author":[{"embeddable":true,"href":"https:\/\/211md.org\/de\/wp-json\/wp\/v2\/users\/8"}],"replies":[{"embeddable":true,"href":"https:\/\/211md.org\/de\/wp-json\/wp\/v2\/comments?post=1693"}],"version-history":[{"count":3,"href":"https:\/\/211md.org\/de\/wp-json\/wp\/v2\/pages\/1693\/revisions"}],"predecessor-version":[{"id":34077,"href":"https:\/\/211md.org\/de\/wp-json\/wp\/v2\/pages\/1693\/revisions\/34077"}],"up":[{"embeddable":true,"href":"https:\/\/211md.org\/de\/wp-json\/wp\/v2\/pages\/750"}],"wp:attachment":[{"href":"https:\/\/211md.org\/de\/wp-json\/wp\/v2\/media?parent=1693"}],"curies":[{"name":"wp","href":"https:\/\/api.w.org\/{rel}","templated":true}]}}