{"id":1694,"date":"2021-05-12T00:24:16","date_gmt":"2021-05-12T00:24:16","guid":{"rendered":"https:\/\/211md.org\/?page_id=1694"},"modified":"2025-10-29T06:56:09","modified_gmt":"2025-10-29T10:56:09","slug":"calvert-county","status":"publish","type":"page","link":"https:\/\/211md.org\/de\/resources-by-county\/calvert-county\/","title":{"rendered":"Grafschaft Calvert"},"content":{"rendered":"<h2><a href=\"https:\/\/search.211md.org\/\" target=\"_blank\"  rel=\"noopener\">Finden Sie Ressourcen in meiner N\u00e4he<\/a><\/h2>\n\t\t\t<a href=\"https:\/\/search.211md.org\/\" target=\"_blank\" rel=\"noopener\">\n\t\t\t\t\t\t\tJetzt suchen\n\t\t\t<\/a>\n\t<p><strong><a href=\"\/de\/treten-sie-unserer-datenbank-bei\/\">F\u00fcgen Sie Ihre Agentur oder Organisation zu unserer Ressourcendatenbank hinzu.<\/a><\/strong><\/p>\n\t<p>Sie sind nicht allein in Calvert County. Hilfe ist rund um die Uhr f\u00fcr Gemeinden im gesamten Landkreis verf\u00fcgbar, darunter Prince Frederick, Dares Beach, Barstow, Bowens, Fox Hill, Woodbridge, Adelina, Port Republic, Mutual, Governor Run, Chesapeake Beach und mehr.<\/p>\n<p>W\u00e4hlen Sie 211, um Ressourcen zu finden oder die 211-Datenbank zu durchsuchen.<\/p>\n\t\t<h2>\t\n\tW\u00e4hlen Sie 211<\/h2><p>Erhalten Sie Zugang zu Community-Ressourcen und unterst\u00fctzen Sie rund um die Uhr.<\/p>\n<h2>Energieunterst\u00fctzung<\/h2>\n<p>Wenn Sie Hilfe bei der Bezahlung Ihrer Stromrechnung ben\u00f6tigen, k\u00f6nnen Sie beim Office of Home Energy Programs (OHEP) einen Zuschuss beantragen. Die einkommensabh\u00e4ngigen Zusch\u00fcsse gibt es f\u00fcr Strom- und Gasrechnungen. Erhalten Sie detaillierte Informationen zum Programm und <a href=\"https:\/\/211md.org\/de\/ressourcen\/utility-unterstutzung\/\" target=\"_blank\" rel=\"noopener\">Tipps zum Ausf\u00fcllen des Antrags<\/a>.<\/p>\n<p>Wenn Sie Hilfe beim Ausf\u00fcllen der OHEP-Formulare und bei der Beantragung von Versorgungsleistungen in Calvert County ben\u00f6tigen, wenden Sie sich an die <a href=\"http:\/\/www.smtccac.org\/office-of-home-energy-program.aspx\" target=\"_blank\" rel=\"noopener\">Aktionskomitee der Southern Maryland Tri-County Community<\/a>\u00a0(SMTCCAC, Inc.) Sie haben Standorte in Huntingtown, um den Bewohnern von Calvert County dabei zu helfen, ihre Stromrechnungen erschwinglicher zu gestalten.<\/p>\n<p>Sie k\u00f6nnen sich auch an Ihren Energieversorger wenden und nach den Zahlungsmodalit\u00e4ten f\u00fcr die Rechnung fragen.<\/p>\n<p>&nbsp;<\/p>\n<h2>Psychische Gesundheit<\/h2>\n<p>F\u00fchlen Sie sich traurig, deprimiert, einsam oder \u00e4ngstlich? Ressourcen f\u00fcr psychische Gesundheit sind rund um die Uhr verf\u00fcgbar, indem Sie 9-8-8 w\u00e4hlen, um mit einem Krisenberater zu sprechen.<\/p>\n<p>Die\u00a0<a href=\"https:\/\/www.calverthealth.org\/personalhealth\/mentalhealth\/mhclinic.htm\" target=\"_blank\" rel=\"noopener\">Gesundheitsamt des Calvert County<\/a>\u00a0verf\u00fcgt au\u00dferdem \u00fcber eine Klinik f\u00fcr psychische Gesundheit, die psychiatrische Dienste anbietet, einschlie\u00dflich Untersuchungen, Medikamentenmanagement und Therapie. F\u00fcr weitere Hilfe rufen Sie das Gesundheitsamt in Prince Frederick an: 410-535-5400 x318.<\/p>\n<p>Du kannst auch <a href=\"https:\/\/search.988.mdinfonet.org\/\" target=\"_blank\" rel=\"noopener\">Durchsuchen Sie die umfassendste Ressourcendatenbank f\u00fcr Verhaltensgesundheit des Staates<\/a>, betrieben vom Maryland Information Network.<\/p>\n<h2>Finden Sie Lebensmittel in Calvert County<\/h2>\n<p>Calvert County verf\u00fcgt \u00fcber mehrere Vorratskammern und eine Gemeinschaftsk\u00fcche, um Einzelpersonen und Familien in Not zu helfen. Das More Tasty Blessings Community Kitchen &amp; Resource Center bietet jeden Donnerstag von 18:00 bis 19:00 Uhr ein kostenloses Essen vor Ort an. Die Standorte \u00e4ndern sich von Monat zu Monat, und Sie k\u00f6nnen dies tun <a href=\"http:\/\/eastjohnyouth.org\/programs\/tasty-blessings\" target=\"_blank\" rel=\"noopener\">finden Sie sie hier<\/a>.<\/p>\n<p>Senioren k\u00f6nnen sich auch unter der Rufnummer 410-535-2275 an das Hands of God Mobile Ministry wenden. W\u00e4hrend Senioren Vorrang haben, sind alle willkommen.<\/p>\n<p>Dies sind die anderen Vorratskammern in Calvert County. Die \u00d6ffnungszeiten k\u00f6nnen variieren. Rufen Sie daher an, bevor Sie zur Speisekammer gehen.<\/p>\n<p>&nbsp;<\/p>\n\t\t<h3>Speisekammer der Bayside Baptist Community<\/h3><p>Bayside Baptist Church<\/p>\n<p>3009 Chesapeake Beach Road<\/p>\n<p>Chesapeake Beach, MD 20732<\/p>\n<p>410-257-0712<\/p>\n<p>&nbsp;<\/p>\n<p>Vorverpackte Lebensmittelk\u00f6rbe f\u00fcr die Gemeinden Chesapeake Beach und North Beach.<\/p>\n<p><strong>Samstag 9:30 \u2013 11 Uhr<\/strong><\/p>\n\t<iframe src=\"https:\/\/www.google.com\/maps\/embed\/v1\/place?q=3009+Chesapeake+Beach+Road%0AChesapeake+Beach%2C+MD+20732&#038;key=AIzaSyD09zQ9PNDNNy9TadMuzRV_UsPUoWKntt8\" aria-hidden=\"true\" title=\"Bayside Community Food Pantry\"><\/iframe>\n\t\t<h3>Speisekammer der Brooks United Methodist Church<\/h3><p>5550 Mackall Road<\/p>\n<p>Saint Leonard, MD 20685<\/p>\n<p>410-586-3972<\/p>\n<p><strong>Dienstag 10 \u2013 12 Uhr\u00a0<\/strong><\/p>\n\t<iframe src=\"https:\/\/www.google.com\/maps\/embed\/v1\/place?q=5550+Mackall+Road%0ASaint+Leonard%2C+MD+20685&#038;key=AIzaSyD09zQ9PNDNNy9TadMuzRV_UsPUoWKntt8\" aria-hidden=\"true\" title=\"Brooks United Methodist Church\"><\/iframe>\n\t\t<h3>Calvert Churches Community Food Pantry<\/h3><p>100 Focksegelantrieb<\/p>\n<p>Prinz Frederick, MD 20678<\/p>\n<p>410-414-7474<\/p>\n<p>Offen f\u00fcr alle im Calvert County n\u00f6rdlich der Broomes Island Road. <a href=\"https:\/\/www.cccfp.org\/\" target=\"_blank\" rel=\"noopener\">Mehr Informationen bekommen<\/a>.<\/p>\n<p><strong>Montag, Dienstag, Mittwoch 9:00 \u2013 12:00 Uhr\u00a0<\/strong><\/p>\n\t<iframe src=\"https:\/\/www.google.com\/maps\/embed\/v1\/place?q=100+Jibsail+Drive%0APrince+Frederick%2C+MD+20678&#038;key=AIzaSyD09zQ9PNDNNy9TadMuzRV_UsPUoWKntt8\" aria-hidden=\"true\" title=\"Calvert Churches Community Food Pantry\"><\/iframe>\n\t\t<h3>Speisekammer des Calvert Lighthouse<\/h3><p>40 Clay Hammond Road<\/p>\n<p>Prinz Frederick, MD 20678<\/p>\n<p>410-535-5515<\/p>\n<p>&nbsp;<\/p>\n<p><strong>Jeden ersten Samstag im Monat 11:00 \u2013 13:00 Uhr\u00a0<\/strong><\/p>\n\t<iframe src=\"https:\/\/www.google.com\/maps\/embed\/v1\/place?q=40+Clay+Hammond+Road%0APrince+Frederick%2C+MD+20678&#038;key=AIzaSyD09zQ9PNDNNy9TadMuzRV_UsPUoWKntt8\" aria-hidden=\"true\" title=\"Speisekammer des Calvert Lighthouse\"><\/iframe>\n\t\t<h3>Chesapeake Cares Food Pantry<\/h3><p>6045 Solomons Island Road<\/p>\n<p>Huntingtown, MD 20639<\/p>\n<p><a href=\"https:\/\/chesapeakechurch.org\/food-pantry\/\" target=\"_blank\" rel=\"noopener\">Erfahren Sie mehr \u00fcber die Speisekammer<\/a>.<\/p>\n<p>410-257-3444<\/p>\n<p>&nbsp;<\/p>\n<p><strong>Dienstag 17:30 \u2013 19:30 Uhr<\/strong><\/p>\n<p><strong>Donnerstag 9:30 \u2013 12:00 Uhr<\/strong><\/p>\n\t<iframe src=\"https:\/\/www.google.com\/maps\/embed\/v1\/place?q=6045+Solomons+Island+Road%0AHuntingtown%2C+MD+20639&#038;key=AIzaSyD09zQ9PNDNNy9TadMuzRV_UsPUoWKntt8\" aria-hidden=\"true\" title=\"Chesapeake Cares Food Pantry\"><\/iframe>\n\t\t<h3>Erste lutherische Kirche<\/h3><p>6300 Southern Maryland Blvd.<\/p>\n<p>Huntingtown, MD 20639<\/p>\n<p>410-257-3030<\/p>\n<p>&nbsp;<\/p>\n<p><b>Montag \u2013 Donnerstag 9 \u2013 14 Uhr<\/b><\/p>\n\t<iframe src=\"https:\/\/www.google.com\/maps\/embed\/v1\/place?q=6300+Southern+Maryland+Blvd.%0AHuntingtown%2C+MD+20639&#038;key=AIzaSyD09zQ9PNDNNy9TadMuzRV_UsPUoWKntt8\" aria-hidden=\"true\" title=\"Erste lutherische Kirche\"><\/iframe>\n\t\t<h3>Speisekammer der Ladies of Charity<\/h3><p>Katholische Kirche St. Antonius<\/p>\n<p>8823 Dayton Avenue<\/p>\n<p>North Beach, MD 20714<\/p>\n<p>410-286-7086<\/p>\n<p>&nbsp;<\/p>\n<p><b>Dienstag 12 \u2013 14 Uhr\u00a0<\/b><\/p>\n<p><strong>2. Mittwoch im Monat 17:00 \u2013 19:00 Uhr<\/strong><\/p>\n<p><strong>Letzter Samstag im Monat 10 \u2013 12 Uhr<\/strong><\/p>\n<p><a href=\"https:\/\/stanthonycal.us\/ladies-of-charity\" target=\"_blank\" rel=\"noopener\">Siehe aktuelle \u00d6ffnungszeiten<\/a><\/p>\n\t<iframe src=\"https:\/\/www.google.com\/maps\/embed\/v1\/place?q=6300+Southern+Maryland+Blvd.%0AHuntingtown%2C+MD+20639&#038;key=AIzaSyD09zQ9PNDNNy9TadMuzRV_UsPUoWKntt8\" aria-hidden=\"true\" title=\"Erste lutherische Kirche\"><\/iframe>\n\t\t<h3>Speisekammer der Gemeinde Middleham und Saint Peter<\/h3><p>10210 HG Trueman Road<\/p>\n<p>Lusby, MD 20657<\/p>\n<p>410-326-4948<\/p>\n<p>&nbsp;<\/p>\n<p><strong>Rufen Sie an, um zur Liste hinzugef\u00fcgt zu werden.<\/strong><\/p>\n\t<iframe src=\"https:\/\/www.google.com\/maps\/embed\/v1\/place?q=10210+H+G+Trueman+Road%0ALusby%2C+MD+20657&#038;key=AIzaSyD09zQ9PNDNNy9TadMuzRV_UsPUoWKntt8\" aria-hidden=\"true\" title=\"Speisekammer der Gemeinde Middleham und Saint Peter\"><\/iframe>\n\t\t<h3>Mount Olive United Methodist Food Pantry<\/h3><p>10 Fairground Road<\/p>\n<p>Prinz Frederick, MD 20678<\/p>\n<p>410-535-5756<\/p>\n<p>&nbsp;<\/p>\n<p><strong>Jeden 2. und 4. Mittwoch im Monat 13:30 \u2013 15:30 Uhr<\/strong><\/p>\n\t<iframe src=\"https:\/\/www.google.com\/maps\/embed\/v1\/place?q=10+Fairground+Road%0APrince+Frederick%2C+MD+20678&#038;key=AIzaSyD09zQ9PNDNNy9TadMuzRV_UsPUoWKntt8\" aria-hidden=\"true\" title=\"Mount Olive United Methodist Food Pantry\"><\/iframe>\n\t\t<h3>New Life Calvert Food Pantry<\/h3><p>9690 Shepherds Creek Place<\/p>\n<p>La Plata, MD 20646<\/p>\n<p>301-609-8423<\/p>\n<p>&nbsp;<\/p>\n<p><strong>Montag \u2013 Freitag 16:00 \u2013 18:00 Uhr\u00a0<\/strong><\/p>\n<p><a href=\"https:\/\/www.newlife.live\/missions\/\" target=\"_blank\" rel=\"noopener\">Erfahren Sie mehr \u00fcber die Speisekammer<\/a>.<\/p>\n\t<iframe src=\"https:\/\/www.google.com\/maps\/embed\/v1\/place?q=9690+Shepherds+Creek+Place%0ALa+Plata%2C+MD+20646&#038;key=AIzaSyD09zQ9PNDNNy9TadMuzRV_UsPUoWKntt8\" aria-hidden=\"true\" title=\"New Life Calvert Speisekammer\"><\/iframe>\n\t\t<h3>SMILE Speisekammer des \u00d6kumenischen Ministeriums<\/h3><p>10290 HG Trueman Road<\/p>\n<p>Lusby, Maryland 20657<\/p>\n<p>410-326-0009<\/p>\n<p>Muss ein SMILE-Kunde sein. <a href=\"https:\/\/smileinc.org\/food-pantry\/\" target=\"_blank\" rel=\"noopener\">Erfahren Sie mehr<\/a> Informationen zur Anmeldung f\u00fcr SMILE-Dienste.<\/p>\n<p>&nbsp;<\/p>\n<p><strong>Montag 9.00 \u2013 10.00 Uhr<\/strong><\/p>\n<p><strong>Mittwoch 10 \u2013 14 Uhr<\/strong><\/p>\n<p><strong>Donnerstag und Freitag 10 \u2013 12 Uhr<\/strong><\/p>\n<p><strong>Samstag 9.00 \u2013 12.00 Uhr<\/strong><\/p>\n\t<iframe src=\"https:\/\/www.google.com\/maps\/embed\/v1\/place?q=10290+H.G.+Trueman+Road%0ALusby%2C+Maryland+20657&#038;key=AIzaSyD09zQ9PNDNNy9TadMuzRV_UsPUoWKntt8\" aria-hidden=\"true\" title=\"SMILE Speisekammer des \u00d6kumenischen Ministeriums\"><\/iframe>\n\t\t<h3>Speisekammer des Solomons Mission Center<\/h3><p>Solomons United Methodist Church<\/p>\n<p>14454 Solomons Island Road South<\/p>\n<p>Solomons, MD 20688<\/p>\n<p>410-326-3278<\/p>\n<p>&nbsp;<\/p>\n<p><b>Dienstag, Mittwoch, Donnerstag 10 \u2013 13 Uhr<\/b><\/p>\n\t<iframe src=\"https:\/\/www.google.com\/maps\/embed\/v1\/place?q=14454+Solomons+Island+Road+South%0ASolomons%2C+MD+20688&#038;key=AIzaSyD09zQ9PNDNNy9TadMuzRV_UsPUoWKntt8\" aria-hidden=\"true\" title=\"Solomons United Methodist Church\"><\/iframe>\n\t\t<h3>St. John Vianney Inter-Faith Food Pantry<\/h3><p>105 Vianney Lane<\/p>\n<p>Prinz Frederick, MD 20678<\/p>\n<p>410-286-1944<\/p>\n<p>&nbsp;<\/p>\n<p><b>Mittwoch 15 \u2013 18 Uhr<\/b><\/p>\n<p><a href=\"https:\/\/www.sjvchurch.net\/food-pantry\" target=\"_blank\" rel=\"noopener\">Erfahren Sie mehr \u00fcber die Speisekammer.<\/a><\/p>\n\t<iframe src=\"https:\/\/www.google.com\/maps\/embed\/v1\/place?q=105+Vianney+Lane%0APrince+Frederick%2C+MD+20678&#038;key=AIzaSyD09zQ9PNDNNy9TadMuzRV_UsPUoWKntt8\" aria-hidden=\"true\" title=\"St. John Vianney Inter-Faith Food Pantry\"><\/iframe>\n<h2>Holen Sie sich Hilfe bei anderen wichtigen Bed\u00fcrfnissen<\/h2>\n<p>Wenn Sie Hilfe bei einem anderen wichtigen Anliegen ben\u00f6tigen, k\u00f6nnen Sie:<\/p>\n<ul>\n<li>W\u00e4hlen Sie 211<\/li>\n<li>Durchsuchen Sie die 211 Ressourcen unten nach Informationen zu Programmen wie WIC und SNAP (Lebensmittelmarken).<\/li>\n<li>Sehen Sie sich die Angebote an <a href=\"https:\/\/ourcalvert.org\/services\" target=\"_blank\" rel=\"noopener\">Unser Calvert \u2013 Ressourcen f\u00fcr das Leben<\/a>, das lokale Ressourcen wie die identifiziert <a href=\"https:\/\/ourcalvert.org\/index.php\/\" target=\"_blank\" rel=\"noopener\">Calvert County Windelbank<\/a>, Organisationen, die mit Kleidung und finanzieller Unterst\u00fctzung helfen und mehr.<\/li>\n<\/ul>\n<p>Egal wo Sie wohnen, 211 steht Ihnen jederzeit zur Verf\u00fcgung.<\/p>\n\t\t<h4><a href=\"\/de\/ressourcen\/alterungsbehinderung\/?utm_source=Home&#038;utm_medium=Referral&#038;utm_campaign=211Resources&#038;utm_content=Aging\" target=\"_self\">Alter &amp; Behinderung<\/a><\/h4>\n\t\t\t\t<a href=\"\/de\/ressourcen\/alterungsbehinderung\/?utm_source=Home&#038;utm_medium=Referral&#038;utm_campaign=211Resources&#038;utm_content=Aging\"  target=\"_self\" itemprop=\"url\">\n\t\t\t\t<img decoding=\"async\" src=\"https:\/\/211md.org\/wp-content\/uploads\/bb-plugin\/cache\/2025_MdInfoNet_Icon-Sets_Aging-disability-square-c466727102cae71e5f27b8539bb51945-.png\" alt=\"\" itemprop=\"image\" onerror=\"this.style.display='none'\" loading=\"lazy\" \/>\n\t\t\t\t<\/a>\n\t\t<h4><a href=\"\/de\/ressourcen\/kinder-familien\/?utm_source=Home&#038;utm_medium=Referral&#038;utm_campaign=211Resources&#038;utm_content=Children\" target=\"_self\">Kinder &amp; Familien<\/a><\/h4>\n\t\t\t\t<a href=\"\/de\/ressourcen\/kinder-familien\/?utm_source=Home&#038;utm_medium=Referral&#038;utm_campaign=211Resources&#038;utm_content=Children\"  target=\"_self\" itemprop=\"url\">\n\t\t\t\t<img decoding=\"async\" src=\"https:\/\/211md.org\/wp-content\/uploads\/bb-plugin\/cache\/2025_211_Icon-Sets_Child-care-square-f3b0d4edab3dcc467fadb5f55f4064c6-.png\" alt=\"2025_211_Icon Sets_Kinderbetreuung\" itemprop=\"image\" height=\"417\" width=\"417\" title=\"2025_211_Icon Sets_Kinderbetreuung\" onerror=\"this.style.display='none'\" loading=\"lazy\" \/>\n\t\t\t\t<\/a>\n\t\t<h4><a href=\"\/de\/ressourcen\/hausliche-familiare-gewalt\/?utm_source=Home&#038;utm_medium=Referral&#038;utm_campaign=211Resources&#038;utm_content=Domestic\" target=\"_self\">H\u00e4usliche Gewalt<\/a><\/h4>\n\t\t\t\t<a href=\"\/de\/ressourcen\/hausliche-familiare-gewalt\/?utm_source=Home&#038;utm_medium=Referral&#038;utm_campaign=211Resources&#038;utm_content=Domestic\"  target=\"_self\" itemprop=\"url\">\n\t\t\t\t<img decoding=\"async\" src=\"https:\/\/211md.org\/wp-content\/uploads\/bb-plugin\/cache\/2025_211_Icon-Sets_Domestic-Violence-square-7b597694a6f05fe90cdc376aa573bc63-.png\" alt=\"Symbol f\u00fcr h\u00e4usliche Gewalt\" itemprop=\"image\" height=\"417\" width=\"417\" title=\"2025_211_Icon Sets_H\u00e4usliche Gewalt\" onerror=\"this.style.display='none'\" loading=\"lazy\" \/>\n\t\t\t\t<\/a>\n\t\t<h4><a href=\"\/de\/ressourcen\/arbeitssuche\/?utm_source=Home&#038;utm_medium=Referral&#038;utm_campaign=211Resources&#038;utm_content=Employment\" target=\"_self\">Besch\u00e4ftigung<\/a><\/h4>\n\t\t\t\t<a href=\"\/de\/ressourcen\/arbeitssuche\/?utm_source=Home&#038;utm_medium=Referral&#038;utm_campaign=211Resources&#038;utm_content=Employment\"  target=\"_self\" itemprop=\"url\">\n\t\t\t\t<img decoding=\"async\" src=\"https:\/\/211md.org\/wp-content\/uploads\/bb-plugin\/cache\/2025_MdInfoNet_Icon-Sets_Employment-square-44707bd410e4df10a470bf130ebcea86-.png\" alt=\"\" itemprop=\"image\" onerror=\"this.style.display='none'\" loading=\"lazy\" \/>\n\t\t\t\t<\/a>\n\t\t<h4><a href=\"\/de\/ressourcen\/gesundheitswesen\/?utm_source=Home&#038;utm_medium=Referral&#038;utm_campaign=211Resources&#038;utm_content=Health%20Care\" target=\"_self\">Gesundheitsvorsorge<\/a><\/h4>\n\t\t\t\t<a href=\"\/de\/ressourcen\/gesundheitswesen\/?utm_source=Home&#038;utm_medium=Referral&#038;utm_campaign=211Resources&#038;utm_content=Health%20Care\"  target=\"_self\" itemprop=\"url\">\n\t\t\t\t<img decoding=\"async\" src=\"https:\/\/211md.org\/wp-content\/uploads\/bb-plugin\/cache\/2025_MdInfoNet_Icon-Sets_Health-Care-square-dee98a0060cbe0e7f27eda253fc12679-.png\" alt=\"\" itemprop=\"image\" onerror=\"this.style.display='none'\" loading=\"lazy\" \/>\n\t\t\t\t<\/a>\n\t\t<h4><a href=\"\/de\/ressourcen\/kinder-familien\/verwandtschaftspflege\/?utm_source=Home&#038;utm_medium=Referral&#038;utm_campaign=211Resources&#038;utm_content=Kinship\" target=\"_self\">Verwandtschaft<\/a><\/h4>\n\t\t\t\t<a href=\"\/de\/ressourcen\/kinder-familien\/verwandtschaftspflege\/?utm_source=Home&#038;utm_medium=Referral&#038;utm_campaign=211Resources&#038;utm_content=Kinship\"  target=\"_self\" itemprop=\"url\">\n\t\t\t\t<img decoding=\"async\" src=\"https:\/\/211md.org\/wp-content\/uploads\/bb-plugin\/cache\/2025_211_Icon-Sets_Kinship-square-45bdf872866f5735f842c32071109267-.png\" alt=\"Verwandtschaftssymbol\" itemprop=\"image\" height=\"417\" width=\"417\" title=\"2025_211_Icon Sets_Verwandtschaft\" onerror=\"this.style.display='none'\" loading=\"lazy\" \/>\n\t\t\t\t<\/a>\n\t\t<h4><a href=\"\/de\/ressourcen\/rechtsberatung\/?utm_source=Home&#038;utm_medium=Referral&#038;utm_campaign=211Resources&#038;utm_content=Legal\" target=\"_self\">Rechtsberatung<\/a><\/h4>\n\t\t\t\t<a href=\"\/de\/ressourcen\/rechtsberatung\/?utm_source=Home&#038;utm_medium=Referral&#038;utm_campaign=211Resources&#038;utm_content=Legal\"  target=\"_self\" itemprop=\"url\">\n\t\t\t\t<img decoding=\"async\" src=\"https:\/\/211md.org\/wp-content\/uploads\/bb-plugin\/cache\/2025_MdInfoNet_Icon-Sets_Legal-square-18fdf438feb8435588174d9046463257-.png\" alt=\"\" itemprop=\"image\" onerror=\"this.style.display='none'\" loading=\"lazy\" \/>\n\t\t\t\t<\/a>\n\t\t<h4><a href=\"\/de\/ressourcen\/psychische-gesundheit\/?utm_source=Home&#038;utm_medium=Referral&#038;utm_campaign=211Resources&#038;utm_content=Mental\" target=\"_self\">Psychische Gesundheit<\/a><\/h4>\n\t\t\t\t<a href=\"\/de\/ressourcen\/psychische-gesundheit\/?utm_source=Home&#038;utm_medium=Referral&#038;utm_campaign=211Resources&#038;utm_content=Mental\"  target=\"_self\" itemprop=\"url\">\n\t\t\t\t<img decoding=\"async\" src=\"https:\/\/211md.org\/wp-content\/uploads\/bb-plugin\/cache\/2025_MdInfoNet_Icon-Sets_Mental-Health-square-c59b38c4a993a947d4c9280fbe2d2fee-.png\" alt=\"\" itemprop=\"image\" onerror=\"this.style.display='none'\" loading=\"lazy\" \/>\n\t\t\t\t<\/a>\n\t\t<h4><a href=\"\/de\/ressourcen\/mdreentry\/?utm_source=Home&#038;utm_medium=Referral&#038;utm_campaign=211Resources&#038;utm_content=Reentry\" target=\"_self\">Wiedereintritt<\/a><\/h4>\n\t\t\t\t<a href=\"\/de\/ressourcen\/mdreentry\/?utm_source=Home&#038;utm_medium=Referral&#038;utm_campaign=211Resources&#038;utm_content=Reentry\"  target=\"_self\" itemprop=\"url\">\n\t\t\t\t<img decoding=\"async\" src=\"https:\/\/211md.org\/wp-content\/uploads\/bb-plugin\/cache\/2025_211_Icon-Sets_Reentry-square-8676fea38abd920a832f45642fe31cca-.png\" alt=\"Symbol \u201eWiedereintritt\u201c\" itemprop=\"image\" height=\"417\" width=\"417\" title=\"2025_211_Icon Sets_Wiedereintritt\" onerror=\"this.style.display='none'\" loading=\"lazy\" \/>\n\t\t\t\t<\/a>\n\t\t<h4><a href=\"\/de\/ressourcen\/substanzgebrauch\/?utm_source=Home&#038;utm_medium=Referral&#038;utm_campaign=211Resources&#038;utm_content=Substance\" target=\"_self\">Substanzgebrauch<\/a><\/h4>\n\t\t\t\t<a href=\"\/de\/ressourcen\/substanzgebrauch\/?utm_source=Home&#038;utm_medium=Referral&#038;utm_campaign=211Resources&#038;utm_content=Substance\"  target=\"_self\" itemprop=\"url\">\n\t\t\t\t<img decoding=\"async\" src=\"https:\/\/211md.org\/wp-content\/uploads\/bb-plugin\/cache\/2025_MdInfoNet_Icon-Sets_Substance-Abuse-square-9022fec9d18a64118ad685c101885b55-.png\" alt=\"\" itemprop=\"image\" onerror=\"this.style.display='none'\" loading=\"lazy\" \/>\n\t\t\t\t<\/a>\n\t\t<h4><a href=\"\/de\/ressourcen\/veteranen\/?utm_source=Home&#038;utm_medium=Referral&#038;utm_campaign=211Resources&#038;utm_content=Veterans\" target=\"_self\">Veteranen<\/a><\/h4>\n\t\t\t\t<a href=\"\/de\/ressourcen\/veteranen\/?utm_source=Home&#038;utm_medium=Referral&#038;utm_campaign=211Resources&#038;utm_content=Veterans\"  target=\"_self\" itemprop=\"url\">\n\t\t\t\t<img decoding=\"async\" src=\"https:\/\/211md.org\/wp-content\/uploads\/bb-plugin\/cache\/2025_MdInfoNet_Icon-Sets_Rating-square-6e60d00cce4faa8e0a6d4ad7366aa733-.png\" alt=\"\" itemprop=\"image\" onerror=\"this.style.display='none'\" loading=\"lazy\" \/>\n\t\t\t\t<\/a>","protected":false},"excerpt":{"rendered":"<p>Ressourcen in meiner N\u00e4he finden Jetzt suchen F\u00fcgen Sie Ihre Agentur oder Organisation zu unserer Ressourcendatenbank hinzu. Sie sind nicht allein in Calvert County. Hilfe ist rund um die Uhr an 365 Tagen im Jahr f\u00fcr Gemeinden im gesamten County verf\u00fcgbar, darunter Prince Frederick, Dares Beach, Barstow, Bowens, Fox Hill, Woodbridge, Adelina, Port Republic, Mutual, Governor Run, Chesapeake Beach und weitere. W\u00e4hlen Sie 211, um zu finden\u2026<\/p>","protected":false},"author":8,"featured_media":0,"parent":750,"menu_order":0,"comment_status":"closed","ping_status":"closed","template":"","meta":{"footnotes":""},"class_list":["post-1694","page","type-page","status-publish","hentry"],"_links":{"self":[{"href":"https:\/\/211md.org\/de\/wp-json\/wp\/v2\/pages\/1694","targetHints":{"allow":["GET"]}}],"collection":[{"href":"https:\/\/211md.org\/de\/wp-json\/wp\/v2\/pages"}],"about":[{"href":"https:\/\/211md.org\/de\/wp-json\/wp\/v2\/types\/page"}],"author":[{"embeddable":true,"href":"https:\/\/211md.org\/de\/wp-json\/wp\/v2\/users\/8"}],"replies":[{"embeddable":true,"href":"https:\/\/211md.org\/de\/wp-json\/wp\/v2\/comments?post=1694"}],"version-history":[{"count":6,"href":"https:\/\/211md.org\/de\/wp-json\/wp\/v2\/pages\/1694\/revisions"}],"predecessor-version":[{"id":34072,"href":"https:\/\/211md.org\/de\/wp-json\/wp\/v2\/pages\/1694\/revisions\/34072"}],"up":[{"embeddable":true,"href":"https:\/\/211md.org\/de\/wp-json\/wp\/v2\/pages\/750"}],"wp:attachment":[{"href":"https:\/\/211md.org\/de\/wp-json\/wp\/v2\/media?parent=1694"}],"curies":[{"name":"wp","href":"https:\/\/api.w.org\/{rel}","templated":true}]}}