{"id":1695,"date":"2021-05-12T00:24:27","date_gmt":"2021-05-12T00:24:27","guid":{"rendered":"https:\/\/211md.org\/?page_id=1695"},"modified":"2025-10-29T07:07:49","modified_gmt":"2025-10-29T11:07:49","slug":"prince-georges-county","status":"publish","type":"page","link":"https:\/\/211md.org\/de\/resources-by-county\/prince-georges-county\/","title":{"rendered":"Prince George&#039;s County"},"content":{"rendered":"<p>211 is always available to support Prince George&#8217;s County residents. We have resources near you, no matter where you live: Hyattsville, Forestville, District Heights, Bowie, Laurel and other communities in Prince George&#8217;s County. Dial 211 any time of day and an Information and Referral Specialist can connect you to resources near you.<\/p>\n<p>Du kannst auch <a href=\"https:\/\/search.211md.org\/search?location=Prince+George%27s+County%2C+Maryland%2C+United+States&amp;coords=-76.75184%2C38.816277&amp;distance=25&amp;utm_source=County&amp;utm_medium=Referral&amp;utm_campaign=PG&amp;utm_content=\" target=\"_blank\" rel=\"noopener\">Durchsuchen Sie die Community-Ressourcendatenbank<\/a> um lokale Ressourcen anhand Ihrer Postleitzahl zu finden oder sich an eine der unten aufgef\u00fchrten Ressourcen zu wenden.<\/p>\n\t\t<h2>\t\n\tW\u00e4hlen Sie 211<\/h2><p>Erhalten Sie Zugang zu Community-Ressourcen und unterst\u00fctzen Sie rund um die Uhr.<\/p>\n\t\t\t\t<a href=\"https:\/\/search.211md.org\/search?location=Prince+George%27s+County%2C+Maryland%2C+United+States&#038;coords=-76.75184%2C38.816277&#038;distance=25&#038;utm_source=County&#038;utm_medium=Referral&#038;utm_campaign=PG&#038;utm_content=\"  target=\"_blank\" rel=\"noopener\"  itemprop=\"url\">\n\t\t\t\t<img decoding=\"async\" src=\"http:\/\/211md.org\/wp-content\/uploads\/2025\/07\/Prince-Georges-County-Resources.jpg\" alt=\"Ressourcen des Prince George&#039;s County\" itemprop=\"image\" title=\"Ressourcen des Prince George&#039;s County\" onerror=\"this.style.display='none'\" loading=\"lazy\" \/>\n\t\t\t\t<\/a>\n\t\t<h2>Ressourcen nach Postleitzahl finden<\/h2>\n\t\t<p>Finden Sie lokale Ressourcen f\u00fcr Lebensmittel, Wohnraum, Unterst\u00fctzung bei den Versorgungsleistungen, psychische Gesundheitsversorgung und mehr in der 211 Community Resource Database.<\/p>\n<p>This will take you directly to the 1400+ resources in Prince George&#8217;s County. You can then type in what you need in the box where it says &#8220;Search resources in Maryland.&#8221; Once you start typing, common searches will appear.<\/p>\n<p>Wenn Sie in einem anderen Teil des Staates suchen m\u00fcssen, \u00e4ndern Sie den Standort.<\/p>\n<p>&nbsp;<\/p>\n\t\t\t<a href=\"https:\/\/search.211md.org\/search?location=Prince+George%27s+County%2C+Maryland%2C+United+States&#038;coords=-76.75184%2C38.816277&#038;distance=25&#038;utm_source=County&#038;utm_medium=Referral&#038;utm_campaign=PG&#038;utm_content=\" target=\"_blank\" rel=\"noopener\">\n\t\t\t\t\t\t\tLokale Ressourcen finden\n\t\t\t\t\t<\/a>\n\t\t\t\t<img decoding=\"async\" src=\"http:\/\/211md.org\/wp-content\/uploads\/2023\/10\/Food-pantry-box-of-food.jpg\" alt=\"Vorratskammer mit Lebensmitteln\" itemprop=\"image\" title=\"Vorratskammer mit Lebensmitteln\" onerror=\"this.style.display='none'\" loading=\"lazy\" \/>\n\t<h2><b>Essen in Prince George&#039;s County<\/b><\/h2>\n<p>Brauche Essen?\u00a0<a href=\"http:\/\/www.pgcfec.org\/what-we-do.html\" target=\"_blank\" rel=\"noopener\">Prince George&#039;s County Food Equity Council<\/a> nutzt verschiedene Partner, um den Bewohnern dabei zu helfen, in allen Stadtteilen gesunde, erschwingliche, nachhaltige, kulturell angemessene und sichere Lebensmittel zu finden.<\/p>\n<p>Der Food Equity Council in Largo, Maryland, verf\u00fcgt \u00fcber eine aktualisierte Liste von Lebensmittelvorr\u00e4ten. Von Bowie bis Capitol Heights, <a href=\"https:\/\/pgcfec.org\/resources\/find-food-food-pantry-listings\/\" target=\"_blank\" rel=\"noopener\">Finden Sie eine Speisekammer in Ihrer N\u00e4he<\/a>.<\/p>\n<h3>Beantragung von Lebensmittelmarken<\/h3>\n<p>Lebensmittelmarken k\u00f6nnen Familien auch dabei helfen, gesunde und kosteng\u00fcnstige Mahlzeiten zuzubereiten.<\/p>\n<p>Hilfe erhalten Sie beim \u00f6rtlichen Department of Social Services (DSS) in Landover, Hyattsville oder Temple Hillls. DSS kann Ihnen auch bei anderen Vorteilsprogrammen helfen. Sie k\u00f6nnen sich auch \u00fcber andere Hilfsprogramme f\u00fcr Familien und die Anspruchsvoraussetzungen informieren. Kontaktieren Sie die <a href=\"https:\/\/www.princegeorgescountymd.gov\/1714\/Family-Investment-Division\" target=\"_blank\" rel=\"noopener\">Abteilung f\u00fcr soziale Dienste des Prince George&#039;s County<\/a> Lebensmittelmarken beantragen.<\/p>\n<p>Wenn Sie Fragen zur Funktionsweise des Lebensmittelmarkenprogramms in Maryland haben, erhalten Sie Antworten auf Ihre Fragen unter <a href=\"https:\/\/211md.org\/de\/ressourcen\/lebensmittel\/fusstapfen\/\">Informationsseite zu Lebensmittelmarken von 211.<\/a><\/p>\n\t\t<h2>\t\n\tObdachlosen-Hotline von Prince George<\/h2><p>1-888-731-0999 oder 301-864-7095<\/p>\n<h2>Notunterkunft<\/h2>\n<p>Wenn Sie eine vor\u00fcbergehende Unterkunft ben\u00f6tigen, gibt es im gesamten Prince George&#039;s County Notunterk\u00fcnfte. Die Obdachlosen-Hotline organisiert die Unterbringung. Sie k\u00f6nnen es unter 888-731-0999 oder 301-864-7095 anrufen.<\/p>\n<p>Hilfe wird 24 Stunden am Tag geleistet. Empfehlungen erfolgen nach dem Prinzip \u201eWer zuerst kommt, mahlt zuerst\u201c. <a href=\"https:\/\/www.princegeorgescountymd.gov\/1672\/Emergency-Shelter\" target=\"_blank\" rel=\"noopener\">Graf von Prinz Georg<\/a>y beschreibt die Zulassungsvoraussetzungen und die erforderliche Dokumentation.<\/p>\n<p>Im Tierheim wird Ihnen ein Fallmanager zugewiesen, der Sie unterst\u00fctzt.<\/p>\n<p>211 kann Ihnen auch dabei helfen, eine Notunterkunft in Prince George&#039;s County zu finden.<\/p>\n\t\t\t\t<img decoding=\"async\" src=\"http:\/\/211md.org\/wp-content\/uploads\/2024\/10\/211-at-City-of-Laurel-Multiservice-Center-1-363x400.jpg\" alt=\"211 im Multiservice Center der Stadt Laurel\" itemprop=\"image\" title=\"211 im Multiservice Center der Stadt Laurel\" onerror=\"this.style.display='none'\" loading=\"lazy\" \/>\n\t\t\t\t<img decoding=\"async\" src=\"https:\/\/211md.org\/wp-content\/plugins\/bb-plugin\/img\/pixel.png\" alt=\"\" itemprop=\"image\" onerror=\"this.style.display='none'\" loading=\"lazy\" \/>\n<h3>Kurzfristige Unterbringung und Unterst\u00fctzung durch die Gemeinschaft<\/h3>\n<p>Die <a href=\"https:\/\/laurelmsc.org\/\" target=\"_blank\" rel=\"noopener\">Multiservice-Center der Stadt Laurel<\/a> Dar\u00fcber hinaus bietet es kurzfristige Unterbringung und soziale Dienste f\u00fcr Menschen in einer Lebensver\u00e4nderung in den Counties Prince George&#039;s, Anne Arundel und Howard an.<\/p>\n<p>Das Tageszentrum versorgt Obdachlose mit den notwendigen Dingen wie Nahrung, Hygieneartikeln, Duschen und Kleidung. Das Team kann auch kostenlose medizinische und psychologische Dienste vermitteln.<\/p>\n<p>Die Einrichtung bietet auch Dienstleistungen im Rahmen von Partnerschaften mit kommunalen Einrichtungen und Organisationen wie 211 Maryland an. Unser Team ist einmal im Monat vor Ort, um die Einwohner Marylands mit den notwendigen Dingen zu versorgen, damit sie unabh\u00e4ngig werden k\u00f6nnen.<\/p>\n<p>Das Multiservice Center der Stadt Laurel bietet au\u00dferdem Veranstaltungen wie den achtw\u00f6chigen Kurs zur finanziellen Stabilit\u00e4t an, bei dem die Absolventen mit einem finanziellen Stipendium belohnt werden.<\/p>\n<p>Um zum Zentrum zu gelangen, stehen \u00f6ffentliche Verkehrsmittel zur Verf\u00fcgung.<\/p>\n<p>&nbsp;<\/p>\n\t<h2>Psychische Gesundheit: Community Crisis Services<\/h2>\n<p><a href=\"https:\/\/www.communitycrisis.org\/\" target=\"_blank\" rel=\"noopener\">Community Crisis Services<\/a> (CCSI), das Teil des 211 Maryland Callcenter-Netzwerks ist und sich in Hyattsville befindet, bietet mehrere Krisenreaktionsprogramme zur Unterst\u00fctzung von Prince George&#039;s County und den umliegenden Gebieten an.<\/p>\n<p>CCSI verf\u00fcgt \u00fcber eine Notunterkunft f\u00fcr Opfer h\u00e4uslicher Gewalt, koordiniert die Unterbringung in Notunterk\u00fcnften im gesamten Prince George\u2019s County und bietet Kinderschutzdienste au\u00dferhalb der Gesch\u00e4ftszeiten f\u00fcr Meldungen \u00fcber Kindesmissbrauch und Vernachl\u00e4ssigung an.<\/p>\n<p>Wenn Sie sofortige psychische Unterst\u00fctzung ben\u00f6tigen, rufen Sie 988 an oder schreiben Sie eine SMS. Sie werden mit der Suicide &amp; Crisis Lifeline verbunden, die Sie nutzen k\u00f6nnen <a href=\"https:\/\/health.maryland.gov\/bha\/Pages\/988md.aspx\" target=\"_blank\" rel=\"noopener\">Erfahren Sie, wie es in Maryland funktioniert<\/a>.<\/p>\n<p>Wenn Sie in Ihrer Gemeinde Ressourcen f\u00fcr psychische Gesundheit suchen, k\u00f6nnen Sie <a href=\"https:\/\/search.988.mdinfonet.org\/\" target=\"_blank\" rel=\"noopener\">hier suchen<\/a>.<\/p>\n<h2>Utility-Unterst\u00fctzung<\/h2>\n<p>Wenn Sie Hilfe beim Bezahlen Ihrer Stromrechnungen ben\u00f6tigen,\u00a0<a href=\"https:\/\/www.princegeorgescountymd.gov\/1677\/Energy-Assistance\" target=\"_blank\" rel=\"noopener\">Prince George&#039;s County<\/a>\u00a0bietet mehrere Hilfsprogramme f\u00fcr Versorgungsunternehmen an, darunter Zusch\u00fcsse \u00fcber das Office of Home Energy Programs (OHEP).\u00a0<a href=\"\/de\/ressourcen\/utility-unterstutzung\/\" rel=\"noopener\">Siehe Einkommensrichtlinien<\/a>, Programme und Schritt-f\u00fcr-Schritt-Anleitungen zum korrekten Ausf\u00fcllen des Antrags.<\/p>\n<p>Sie k\u00f6nnen auch Hilfe beim Ausf\u00fcllen der Energiehilfeformulare anfordern\u00a0<a href=\"https:\/\/www.princegeorgescountymd.gov\/Directory.aspx?DID=293\" target=\"_blank\" rel=\"noopener\">Abteilung f\u00fcr soziale Dienste des Prince George&#039;s County in Landover<\/a>.<\/p>\n<p>Die\u00a0<a href=\"https:\/\/search.211md.org\/search\/ef9083b7c8f7a3af6cfaf8fcde246cce\" target=\"_blank\" rel=\"noopener\">Treibstofffonds von Maryland<\/a>\u00a0kann eine zus\u00e4tzliche Ressource f\u00fcr BG&amp;E-Kunden sein.<\/p>\n<p>Lokale Unterst\u00fctzung f\u00fcr Stromrechnungen ist auch \u00fcber katholische Wohlt\u00e4tigkeitsorganisationen in Forestville verf\u00fcgbar.\u00a0<a href=\"https:\/\/www.laureladvocacy.org\/\" target=\"_blank\" rel=\"noopener\">Laurel Advocacy- und Empfehlungsdienste<\/a>\u00a0(LARS) und die Heilsarmee.<\/p>\n<h2>Finanzielle Unterst\u00fctzung<\/h2>\n<p>LARS kann auch bei Nahrungsmitteln und anderen finanziellen Bed\u00fcrfnissen helfen, wie z. B. Mietbeihilfen zur Verhinderung einer R\u00e4umung, Hilfe bei der Hinterlegung einer Kaution f\u00fcr eine dauerhafte Unterkunft und Unterst\u00fctzung bei Versorgungsunternehmen bei Mitteilungen \u00fcber Stromabschaltungen. Erfahren Sie mehr \u00fcber Programmrichtlinien und Dokumente, die Sie ben\u00f6tigen <a href=\"https:\/\/www.laureladvocacy.org\/\" target=\"_blank\" rel=\"noopener\">Zeitplan<\/a>\u00a0einen Termin f\u00fcr finanzielle Unterst\u00fctzung.<\/p>\n\t\t\t\t<img decoding=\"async\" src=\"http:\/\/211md.org\/wp-content\/uploads\/2024\/05\/utility-bills.jpg\" alt=\"Stromrechnungen\" itemprop=\"image\" title=\"Stromrechnungen\" onerror=\"this.style.display='none'\" loading=\"lazy\" \/>\n\t<h2>Kindesmissbrauch oder Vernachl\u00e4ssigung in PG melden<\/h2>\n<p>Wir alle sind daf\u00fcr verantwortlich, die Sicherheit von Kindern zu gew\u00e4hrleisten und Verdachtsf\u00e4lle von Kindesmissbrauch oder -vernachl\u00e4ssigung zu melden. Sie k\u00f6nnen die Strafverfolgungsbeh\u00f6rden anrufen oder sich an die wenden <a href=\"https:\/\/www.princegeorgescountymd.gov\/1647\/Child-Protective-Services\" target=\"_blank\" rel=\"noopener\">Abteilung f\u00fcr soziale Dienste des Prince George&#039;s County<\/a> unter der Rufnummer 301-909-2450.<\/p>\n<p>Kindesmissbrauch kann sein:<\/p>\n<ul>\n<li>K\u00f6rperlich, sexuell oder emotional oder eine Kombination davon. Der Missbrauch muss nicht sichtbar sein.<\/li>\n<li>Vers\u00e4umnis, ein Kind richtig zu betreuen oder ihm Aufmerksamkeit zu schenken.<\/li>\n<li>Sexuelle Bel\u00e4stigung oder Ausbeutung, unabh\u00e4ngig davon, ob Verletzungen vorliegen.<\/li>\n<li>Beeintr\u00e4chtigung der geistigen oder psychischen Funktionsf\u00e4higkeit eines Kindes.<\/li>\n<\/ul>\n<p>Meldungen k\u00f6nnen anonym erfolgen, Sie werden jedoch gebeten, den Aufenthaltsort des Kindes und der Betreuungsperson, das ungef\u00e4hre Alter des Kindes und die Identit\u00e4t der Personen anzugeben, die f\u00fcr den Missbrauch oder die Vernachl\u00e4ssigung verantwortlich sind.<\/p>\n<p>&nbsp;<\/p>\n\t<h2>W\u00e4hlen Sie 211<\/h2>\n<p>Wir verf\u00fcgen auch \u00fcber Top-Ressourcen f\u00fcr andere Bezirke in Maryland. <a href=\"https:\/\/211md.org\/de\/ressourcen-nach-landkreis\/\">Suche nach Landkreis<\/a>.<\/p>\n<p>Brauchen Sie Hilfe bei etwas anderem? W\u00e4hlen Sie 211 oder suchen Sie nach Ressourcen. Auf der <a href=\"https:\/\/search.211md.org\/\" target=\"_blank\" rel=\"noopener\">Suchseite<\/a>, w\u00e4hlen Sie eine Dropdown-Kategorie f\u00fcr bessere Ergebnisse und geben Sie Ihre Postleitzahl ein, um lokale Ressourcen zu finden.<\/p>\n<p>&nbsp;<\/p>\n\t\t<h4><a href=\"\/de\/ressourcen\/alterungsbehinderung\/?utm_source=Home&#038;utm_medium=Referral&#038;utm_campaign=211Resources&#038;utm_content=Aging\" target=\"_self\">Alter &amp; Behinderung<\/a><\/h4>\n\t\t\t\t<a href=\"\/de\/ressourcen\/alterungsbehinderung\/?utm_source=Home&#038;utm_medium=Referral&#038;utm_campaign=211Resources&#038;utm_content=Aging\"  target=\"_self\" itemprop=\"url\">\n\t\t\t\t<img decoding=\"async\" src=\"https:\/\/211md.org\/wp-content\/uploads\/bb-plugin\/cache\/2025_MdInfoNet_Icon-Sets_Aging-disability-square-c466727102cae71e5f27b8539bb51945-.png\" alt=\"\" itemprop=\"image\" onerror=\"this.style.display='none'\" loading=\"lazy\" \/>\n\t\t\t\t<\/a>\n\t\t<h4><a href=\"\/de\/ressourcen\/kinder-familien\/?utm_source=Home&#038;utm_medium=Referral&#038;utm_campaign=211Resources&#038;utm_content=Children\" target=\"_self\">Kinder &amp; Familien<\/a><\/h4>\n\t\t\t\t<a href=\"\/de\/ressourcen\/kinder-familien\/?utm_source=Home&#038;utm_medium=Referral&#038;utm_campaign=211Resources&#038;utm_content=Children\"  target=\"_self\" itemprop=\"url\">\n\t\t\t\t<img decoding=\"async\" src=\"https:\/\/211md.org\/wp-content\/uploads\/bb-plugin\/cache\/2025_211_Icon-Sets_Child-care-square-f3b0d4edab3dcc467fadb5f55f4064c6-.png\" alt=\"2025_211_Icon Sets_Kinderbetreuung\" itemprop=\"image\" height=\"417\" width=\"417\" title=\"2025_211_Icon Sets_Kinderbetreuung\" onerror=\"this.style.display='none'\" loading=\"lazy\" \/>\n\t\t\t\t<\/a>\n\t\t<h4><a href=\"\/de\/ressourcen\/hausliche-familiare-gewalt\/?utm_source=Home&#038;utm_medium=Referral&#038;utm_campaign=211Resources&#038;utm_content=Domestic\" target=\"_self\">H\u00e4usliche Gewalt<\/a><\/h4>\n\t\t\t\t<a href=\"\/de\/ressourcen\/hausliche-familiare-gewalt\/?utm_source=Home&#038;utm_medium=Referral&#038;utm_campaign=211Resources&#038;utm_content=Domestic\"  target=\"_self\" itemprop=\"url\">\n\t\t\t\t<img decoding=\"async\" src=\"https:\/\/211md.org\/wp-content\/uploads\/bb-plugin\/cache\/2025_211_Icon-Sets_Domestic-Violence-square-7b597694a6f05fe90cdc376aa573bc63-.png\" alt=\"Symbol f\u00fcr h\u00e4usliche Gewalt\" itemprop=\"image\" height=\"417\" width=\"417\" title=\"2025_211_Icon Sets_H\u00e4usliche Gewalt\" onerror=\"this.style.display='none'\" loading=\"lazy\" \/>\n\t\t\t\t<\/a>\n\t\t<h4><a href=\"\/de\/ressourcen\/arbeitssuche\/?utm_source=Home&#038;utm_medium=Referral&#038;utm_campaign=211Resources&#038;utm_content=Employment\" target=\"_self\">Besch\u00e4ftigung<\/a><\/h4>\n\t\t\t\t<a href=\"\/de\/ressourcen\/arbeitssuche\/?utm_source=Home&#038;utm_medium=Referral&#038;utm_campaign=211Resources&#038;utm_content=Employment\"  target=\"_self\" itemprop=\"url\">\n\t\t\t\t<img decoding=\"async\" src=\"https:\/\/211md.org\/wp-content\/uploads\/bb-plugin\/cache\/2025_MdInfoNet_Icon-Sets_Employment-square-44707bd410e4df10a470bf130ebcea86-.png\" alt=\"\" itemprop=\"image\" onerror=\"this.style.display='none'\" loading=\"lazy\" \/>\n\t\t\t\t<\/a>\n\t\t<h4><a href=\"\/de\/ressourcen\/gesundheitswesen\/?utm_source=Home&#038;utm_medium=Referral&#038;utm_campaign=211Resources&#038;utm_content=Health%20Care\" target=\"_self\">Gesundheitsvorsorge<\/a><\/h4>\n\t\t\t\t<a href=\"\/de\/ressourcen\/gesundheitswesen\/?utm_source=Home&#038;utm_medium=Referral&#038;utm_campaign=211Resources&#038;utm_content=Health%20Care\"  target=\"_self\" itemprop=\"url\">\n\t\t\t\t<img decoding=\"async\" src=\"https:\/\/211md.org\/wp-content\/uploads\/bb-plugin\/cache\/2025_MdInfoNet_Icon-Sets_Health-Care-square-dee98a0060cbe0e7f27eda253fc12679-.png\" alt=\"\" itemprop=\"image\" onerror=\"this.style.display='none'\" loading=\"lazy\" \/>\n\t\t\t\t<\/a>\n\t\t<h4><a href=\"\/de\/ressourcen\/kinder-familien\/verwandtschaftspflege\/?utm_source=Home&#038;utm_medium=Referral&#038;utm_campaign=211Resources&#038;utm_content=Kinship\" target=\"_self\">Verwandtschaft<\/a><\/h4>\n\t\t\t\t<a href=\"\/de\/ressourcen\/kinder-familien\/verwandtschaftspflege\/?utm_source=Home&#038;utm_medium=Referral&#038;utm_campaign=211Resources&#038;utm_content=Kinship\"  target=\"_self\" itemprop=\"url\">\n\t\t\t\t<img decoding=\"async\" src=\"https:\/\/211md.org\/wp-content\/uploads\/bb-plugin\/cache\/2025_211_Icon-Sets_Kinship-square-45bdf872866f5735f842c32071109267-.png\" alt=\"Verwandtschaftssymbol\" itemprop=\"image\" height=\"417\" width=\"417\" title=\"2025_211_Icon Sets_Verwandtschaft\" onerror=\"this.style.display='none'\" loading=\"lazy\" \/>\n\t\t\t\t<\/a>\n\t\t<h4><a href=\"\/de\/ressourcen\/rechtsberatung\/?utm_source=Home&#038;utm_medium=Referral&#038;utm_campaign=211Resources&#038;utm_content=Legal\" target=\"_self\">Rechtsberatung<\/a><\/h4>\n\t\t\t\t<a href=\"\/de\/ressourcen\/rechtsberatung\/?utm_source=Home&#038;utm_medium=Referral&#038;utm_campaign=211Resources&#038;utm_content=Legal\"  target=\"_self\" itemprop=\"url\">\n\t\t\t\t<img decoding=\"async\" src=\"https:\/\/211md.org\/wp-content\/uploads\/bb-plugin\/cache\/2025_MdInfoNet_Icon-Sets_Legal-square-18fdf438feb8435588174d9046463257-.png\" alt=\"\" itemprop=\"image\" onerror=\"this.style.display='none'\" loading=\"lazy\" \/>\n\t\t\t\t<\/a>\n\t\t<h4><a href=\"\/de\/ressourcen\/psychische-gesundheit\/?utm_source=Home&#038;utm_medium=Referral&#038;utm_campaign=211Resources&#038;utm_content=Mental\" target=\"_self\">Psychische Gesundheit<\/a><\/h4>\n\t\t\t\t<a href=\"\/de\/ressourcen\/psychische-gesundheit\/?utm_source=Home&#038;utm_medium=Referral&#038;utm_campaign=211Resources&#038;utm_content=Mental\"  target=\"_self\" itemprop=\"url\">\n\t\t\t\t<img decoding=\"async\" src=\"https:\/\/211md.org\/wp-content\/uploads\/bb-plugin\/cache\/2025_MdInfoNet_Icon-Sets_Mental-Health-square-c59b38c4a993a947d4c9280fbe2d2fee-.png\" alt=\"\" itemprop=\"image\" onerror=\"this.style.display='none'\" loading=\"lazy\" \/>\n\t\t\t\t<\/a>\n\t\t<h4><a href=\"\/de\/ressourcen\/mdreentry\/?utm_source=Home&#038;utm_medium=Referral&#038;utm_campaign=211Resources&#038;utm_content=Reentry\" target=\"_self\">Wiedereintritt<\/a><\/h4>\n\t\t\t\t<a href=\"\/de\/ressourcen\/mdreentry\/?utm_source=Home&#038;utm_medium=Referral&#038;utm_campaign=211Resources&#038;utm_content=Reentry\"  target=\"_self\" itemprop=\"url\">\n\t\t\t\t<img decoding=\"async\" src=\"https:\/\/211md.org\/wp-content\/uploads\/bb-plugin\/cache\/2025_211_Icon-Sets_Reentry-square-8676fea38abd920a832f45642fe31cca-.png\" alt=\"Symbol \u201eWiedereintritt\u201c\" itemprop=\"image\" height=\"417\" width=\"417\" title=\"2025_211_Icon Sets_Wiedereintritt\" onerror=\"this.style.display='none'\" loading=\"lazy\" \/>\n\t\t\t\t<\/a>\n\t\t<h4><a href=\"\/de\/ressourcen\/substanzgebrauch\/?utm_source=Home&#038;utm_medium=Referral&#038;utm_campaign=211Resources&#038;utm_content=Substance\" target=\"_self\">Substanzgebrauch<\/a><\/h4>\n\t\t\t\t<a href=\"\/de\/ressourcen\/substanzgebrauch\/?utm_source=Home&#038;utm_medium=Referral&#038;utm_campaign=211Resources&#038;utm_content=Substance\"  target=\"_self\" itemprop=\"url\">\n\t\t\t\t<img decoding=\"async\" src=\"https:\/\/211md.org\/wp-content\/uploads\/bb-plugin\/cache\/2025_MdInfoNet_Icon-Sets_Substance-Abuse-square-9022fec9d18a64118ad685c101885b55-.png\" alt=\"\" itemprop=\"image\" onerror=\"this.style.display='none'\" loading=\"lazy\" \/>\n\t\t\t\t<\/a>\n\t\t<h4><a href=\"\/de\/ressourcen\/veteranen\/?utm_source=Home&#038;utm_medium=Referral&#038;utm_campaign=211Resources&#038;utm_content=Veterans\" target=\"_self\">Veteranen<\/a><\/h4>\n\t\t\t\t<a href=\"\/de\/ressourcen\/veteranen\/?utm_source=Home&#038;utm_medium=Referral&#038;utm_campaign=211Resources&#038;utm_content=Veterans\"  target=\"_self\" itemprop=\"url\">\n\t\t\t\t<img decoding=\"async\" src=\"https:\/\/211md.org\/wp-content\/uploads\/bb-plugin\/cache\/2025_MdInfoNet_Icon-Sets_Rating-square-6e60d00cce4faa8e0a6d4ad7366aa733-.png\" alt=\"\" itemprop=\"image\" onerror=\"this.style.display='none'\" loading=\"lazy\" \/>\n\t\t\t\t<\/a>","protected":false},"excerpt":{"rendered":"<p>211 is always available to support Prince George&#8217;s County residents. We have resources near you, no matter where you live: Hyattsville, Forestville, District Heights, Bowie, Laurel and other communities in Prince George&#8217;s County. Dial 211 any time of day and an Information and Referral Specialist can connect you to resources near you. You can also&hellip;<\/p>","protected":false},"author":8,"featured_media":3897,"parent":750,"menu_order":0,"comment_status":"closed","ping_status":"closed","template":"","meta":{"footnotes":""},"class_list":["post-1695","page","type-page","status-publish","has-post-thumbnail","hentry"],"_links":{"self":[{"href":"https:\/\/211md.org\/de\/wp-json\/wp\/v2\/pages\/1695","targetHints":{"allow":["GET"]}}],"collection":[{"href":"https:\/\/211md.org\/de\/wp-json\/wp\/v2\/pages"}],"about":[{"href":"https:\/\/211md.org\/de\/wp-json\/wp\/v2\/types\/page"}],"author":[{"embeddable":true,"href":"https:\/\/211md.org\/de\/wp-json\/wp\/v2\/users\/8"}],"replies":[{"embeddable":true,"href":"https:\/\/211md.org\/de\/wp-json\/wp\/v2\/comments?post=1695"}],"version-history":[{"count":11,"href":"https:\/\/211md.org\/de\/wp-json\/wp\/v2\/pages\/1695\/revisions"}],"predecessor-version":[{"id":34087,"href":"https:\/\/211md.org\/de\/wp-json\/wp\/v2\/pages\/1695\/revisions\/34087"}],"up":[{"embeddable":true,"href":"https:\/\/211md.org\/de\/wp-json\/wp\/v2\/pages\/750"}],"wp:featuredmedia":[{"embeddable":true,"href":"https:\/\/211md.org\/de\/wp-json\/wp\/v2\/media\/3897"}],"wp:attachment":[{"href":"https:\/\/211md.org\/de\/wp-json\/wp\/v2\/media?parent=1695"}],"curies":[{"name":"wp","href":"https:\/\/api.w.org\/{rel}","templated":true}]}}