{"id":1696,"date":"2021-05-12T00:24:36","date_gmt":"2021-05-12T00:24:36","guid":{"rendered":"https:\/\/211md.org\/?page_id=1696"},"modified":"2026-03-20T16:48:27","modified_gmt":"2026-03-20T20:48:27","slug":"anne-arundel-county","status":"publish","type":"page","link":"https:\/\/211md.org\/de\/resources-by-county\/anne-arundel-county\/","title":{"rendered":"Anne Arundel County"},"content":{"rendered":"<figure data-animation-delay=\"0\" data-animation-duration=\"1\" itemscope=\"\" itemtype=\"https:\/\/schema.org\/ImageObject\">\n\t\t\t\t<img decoding=\"async\" src=\"https:\/\/stg-maryland211-staging.kinsta.cloud\/wp-content\/uploads\/2025\/08\/5-1-scaled.png\" alt=\"5\" height=\"692\" width=\"2560\" title=\"5\" onerror=\"this.style.display='none'\" loading=\"lazy\">\n\t<\/figure>\n\t\t<p>We&#8217;re making it easy to find go-to community resources in Anne Arundel County.<\/p>\n<p>211&#8217;s guide to Anne Arundel County includes some of the most common resources for basic needs such as food and utility assistance.<\/p>\n<p>Or you can get started by searching for resources by ZIP code in 211&#8217;s Community Resource Database.<\/p>\n\t\t\t<a href=\"https:\/\/search.211md.org\/\" target=\"_blank\" rel=\"noopener\">\n\t\t\t\t\t\tSearch for resources nearby\n\t\t\t\t\t<\/a>\n<figure data-animation-delay=\"0\" data-animation-duration=\"1\" itemscope=\"\" itemtype=\"https:\/\/schema.org\/ImageObject\">\n\t\t\t\t<img decoding=\"async\" src=\"https:\/\/211md.org\/wp-content\/plugins\/bb-plugin\/img\/pixel.png\" alt=\"\" onerror=\"this.style.display='none'\" loading=\"lazy\">\n\t<\/figure>\n<figure data-animation-delay=\"0\" data-animation-duration=\"1.3\" itemscope=\"\" itemtype=\"https:\/\/schema.org\/ImageObject\">\n\t\t\t\t<img decoding=\"async\" src=\"https:\/\/stg-maryland211-staging.kinsta.cloud\/wp-content\/uploads\/2025\/08\/16.png\" alt=\"16\" height=\"1000\" width=\"1000\" title=\"16\" onerror=\"this.style.display='none'\" loading=\"lazy\">\n\t<\/figure>\n<figure itemscope=\"\" itemtype=\"https:\/\/schema.org\/ImageObject\">\n\t\t\t\t<img decoding=\"async\" src=\"https:\/\/211md.org\/wp-content\/uploads\/2022\/09\/free-food-box.jpg\" alt=\"kostenlose Lebensmittelbox\" height=\"667\" width=\"1000\" title=\"Gratis-Food-Box\" onerror=\"this.style.display='none'\" loading=\"lazy\">\n\t<\/figure>\n\t<h2>Essen finden<\/h2>\n<p>Im Anne Arundel County kann Ihnen die Food Access Warm Line dabei helfen, Lebensmittelvorr\u00e4te und andere Nahrungsmittelquellen zu finden. Sie k\u00f6nnen 410-222-FOOD (3663) anrufen.<\/p>\n<p>You can also search our <a href=\"https:\/\/search.211md.org\/\" target=\"_blank\" rel=\"noopener\">Community-Ressourcendatenbank<\/a> by ZIP code or the <a href=\"https:\/\/aafoodbank.org\/pantry-map\/\" target=\"_blank\" rel=\"noopener\">Anne Arundel County Food Bank<\/a>.<\/p>\n<h3>Food and financial help<\/h3>\n<p>Serving People Across Neighborhoods (SPAN) is a community group helping individuals and families in a number of ways &#8211; through food and financial help.<\/p>\n<p>Call first to ensure you qualify for services. You can call 410-647-0089 between 10 a.m. and 1:30 p.m. Monday through Thursday. Hours may vary.<\/p>\n<p>Located in Severna Park, SPAN has two service areas. The primary area is the only one that helps with food.<\/p>\n<p>Residents in this primary area can also get financial assistance with prescriptions\/medical co-pays, utility turn-off notices, or eviction.<\/p>\n<p>The primary ZIP codes include:<\/p>\n<ul>\n<li aria-level=\"1\">21012 Arnold<\/li>\n<li aria-level=\"1\">21409 Breithals<\/li>\n<li aria-level=\"1\">21108 Millersville<\/li>\n<li aria-level=\"1\">21146 Severna-Park<\/li>\n<\/ul>\n<p>Nur in diesen Gebieten erhalten Sie Lebensmittel. Sie haben Anspruch auf Lebensmittel im ersten Monat zweimal und danach einmal im Monat.<\/p>\n\t<h2>SPAN&#8217;s Other Anne Arundel Programs<\/h2>\n<p>SPAN also has a secondary service area that provides financial assistance only. Secondary areas are eligible for:<\/p>\n<ul>\n<li>utility turn-off notices<\/li>\n<li>Vertreibung<\/li>\n<li>Rezepte<\/li>\n<li>medical co-pays<\/li>\n<\/ul>\n<p>Benefits are offered once every 12 months for those who qualify, and the benefit is up to $200 a year.<\/p>\n<p>Der sekund\u00e4re Leistungsbereich umfasst:<\/p>\n<ul>\n<li aria-level=\"1\">20755 Fort Meade<\/li>\n<li aria-level=\"1\">21090 Linthicum<\/li>\n<li aria-level=\"1\">2114 Severn<\/li>\n<li aria-level=\"1\">21225 Brooklyn Park<\/li>\n<\/ul>\n<p>There are additional ZIP codes that may also qualify, but referrals are required from other agencies.<\/p>\n<p>With a referral from NCEON (410-255-3677), people in these ZIP codes may qualify:<\/p>\n<ul>\n<li>21122 Pasadena<\/li>\n<li aria-level=\"1\">21061 Glen Burnie<\/li>\n<\/ul>\n<p>For those living in these ZIP codes, a referral is required from Crofton Christian Caring Council (<a href=\"https:\/\/www.spanhelps.org\/need_help\" target=\"_blank\" rel=\"noopener\">Die Telefonnummer variiert t\u00e4glich.<\/a>)<\/p>\n<ul>\n<li aria-level=\"1\">21032 Crownville<\/li>\n<li aria-level=\"1\">21054 Gambrills<\/li>\n<li aria-level=\"1\">21113 Odenton<\/li>\n<li aria-level=\"1\">21114 Crofton<\/li>\n<\/ul>\n<p><a href=\"https:\/\/www.spanhelps.org\/need_help\" target=\"_blank\" rel=\"noopener\">Holen Sie sich Hilfe von SPAN<\/a> oder rufen Sie bei Fragen zur Berechtigung die Nummer 410-647-0889 an.<\/p>\n<figure data-animation-delay=\"0\" data-animation-duration=\"1\" itemscope=\"\" itemtype=\"https:\/\/schema.org\/ImageObject\">\n\t\t\t\t<img decoding=\"async\" src=\"http:\/\/211md.org\/wp-content\/uploads\/2022\/09\/Woman-holding-utility-bill-and-needing-help-paying-it.jpg\" alt=\"Frau h\u00e4lt Stromrechnung in der Hand und addiert Kosten\" title=\"Frau h\u00e4lt eine Stromrechnung in der Hand und braucht Hilfe beim Bezahlen\" onerror=\"this.style.display='none'\" loading=\"lazy\">\n\t<\/figure>\n\t<h2>R\u00e4umungspr\u00e4vention<\/h2>\n<p>The Eviction Prevention Program (EPP) through the Arundel Community Development Services (ACDS) can help renters at the highest risk of eviction. There are limited funds available to those who qualify.<\/p>\n<p>It is not a long-term assistance program.<\/p>\n<p>The program helps those with an unexpected financial hardship that temporarily makes it difficult to pay rent, putting them at risk of imminent eviction and homelessness. <a href=\"https:\/\/acdsinc.org\/housing-resources\/renters\/acds-eviction-prevention-program\/\" target=\"_blank\" rel=\"noopener\">Bewerbungen werden nach dem Prinzip \u201eWer zuerst kommt, mahlt zuerst\u201c angenommen<\/a>.<\/p>\n<p>ACDS verf\u00fcgt au\u00dferdem \u00fcber ein Programm, um Hausbesitzer vor dem Verlust ihres Hauses zu sch\u00fctzen. Sie k\u00f6nnen mehr \u00fcber sie erfahren <a href=\"https:\/\/acdsinc.org\/housing-resources\/homeowners\/foreclosure-prevention\/\" target=\"_blank\" rel=\"noopener\">Beratung zur Vorbeugung von Zwangsvollstreckungen<\/a>.<\/p>\n<h3>Laurel Kurzfristige Unterbringung und Grundbed\u00fcrfnisse<\/h3>\n<p>Wenn Sie nicht im Anne Arundel County sind, k\u00f6nnen die Bewohner die <a href=\"https:\/\/laurelmsc.org\/\" target=\"_blank\" rel=\"noopener\">Tageszentrum Multiservice Center der Stadt Laurel<\/a> F\u00fcr kurzfristigen Wohnraumbedarf, Hygieneartikel, Duschen, Lebensmittel und Kleidung. Das Multiservice Center bietet au\u00dferdem Zugang zu Gesundheits- und Sozialdiensten, die bei lebensnotwendigen Bed\u00fcrfnissen helfen k\u00f6nnen. Das Center steht den Einwohnern von Anne Arundel zur Verf\u00fcgung, obwohl es in Prince George&#039;s County liegt.<\/p>\n<p>Es besteht die M\u00f6glichkeit, mit \u00f6ffentlichen Verkehrsmitteln zum Multiservice Center zu gelangen.<\/p>\n<h3>Housing And Utility Help from the Community Action Agency<\/h3>\n<p>Die&nbsp;<a href=\"https:\/\/www.aaccaa.org\/\" target=\"_blank\" rel=\"noopener\">Community Action Agency (CAC) von Anne Arundel County<\/a>&nbsp;bietet einkommensberechtigten Einwohnern Unterst\u00fctzung bei Heiz- und Stromrechnungen und wohnungsbezogenen Bed\u00fcrfnissen.<\/p>\n<p>Die Community Action Agency&nbsp;<a href=\"https:\/\/www.aaccaa.org\/housing-assistance\" target=\"_blank\" rel=\"noopener\">Wohnprogramm<\/a>&nbsp;ist eine zentrale Anlaufstelle f\u00fcr Nothilfe oder andere Bed\u00fcrfnisse, die ein unabh\u00e4ngiges Leben beeintr\u00e4chtigen. Dazu geh\u00f6ren der Zugang zu Workshops zur finanziellen Bildung und Wohnungsberatern, die helfen k\u00f6nnen, Zwangsvollstreckungen, Zwangsr\u00e4umungen und Kreditreparaturen zu verhindern, bei Programmen f\u00fcr den erstmaligen Erwerb von Eigenheimen zu helfen und bei Budgets zu helfen.<\/p>\n<p>Wenn Sie Hilfe bei der Beantragung der Versorgungsunterst\u00fctzung ben\u00f6tigen, kann die Agentur den Bewohnern helfen, sich in den von der angebotenen Programmen zurechtzufinden&nbsp;<a href=\"https:\/\/www.aaccaa.org\/energy-assistance\" target=\"_blank\" rel=\"noopener\">Maryland Office of Home Energy-Programme<\/a>&nbsp;(OHEP). You can call CAC at 410-626-1900 for help with program guidelines and applications for electric, gas or home heating bills.<\/p>\n<p>Learn more about income guidelines and how to fill out the application in <a href=\"https:\/\/211md.org\/de\/ressourcen\/utility-unterstutzung\/\" target=\"_blank\" rel=\"noopener\">211&#8217;s Utility Assistance Guide<\/a>.<\/p>\n<p>CAC bietet auch therapeutische, pr\u00e4ventive und p\u00e4dagogische Dienstleistungen und Programme f\u00fcr Anne Arundel Kinder und Jugendliche, Zugang zum Early Head Start Center; Gesundheits- und Wellnessprogramme; und sie helfen den Bewohnern, die Justizvollzugsanstalten zu verlassen und in die Gemeinde zur\u00fcckzukehren.<\/p>\n<p>&nbsp;<\/p>\n\t\t<figure itemscope=\"\" itemtype=\"https:\/\/schema.org\/ImageObject\">\n\t\t\t\t<a href=\"https:\/\/search.211md.org\/\" target=\"_blank\" rel=\"noopener\" itemprop=\"url\">\n\t\t\t\t<img decoding=\"async\" src=\"https:\/\/stg-maryland211-staging.kinsta.cloud\/wp-content\/uploads\/2025\/08\/2025_MdInfoNet_Icon-Sets-white_Locate.png\" alt=\"\" onerror=\"this.style.display='none'\" loading=\"lazy\">\n\t\t\t\t<\/a>\n\t<\/figure>\n<h2><a href=\"https:\/\/search.211md.org\/\" target=\"_blank\" rel=\"noopener\">Jetzt Ressourcen finden<\/a><\/h2><p>Finden <strong>Community-Ressourcen <\/strong>f\u00fcr Lebensmittel, Gesundheitsversorgung, Unterkunft und mehr in unserer Datenbank. Suche nach Postleitzahl.<\/p>\n\t\t\t<a href=\"https:\/\/search.211md.org\/\" target=\"_blank\" rel=\"noopener\">\n\t\t\t\t\t\t\tJetzt suchen\n\t\t\t<\/a>\n\t\t<h4><a href=\"\/de\/ressourcen\/alterungsbehinderung\/?utm_source=Home&amp;utm_medium=Referral&amp;utm_campaign=211Resources&amp;utm_content=Aging\" target=\"_self\">Alter &amp; Behinderung<\/a><\/h4><figure itemscope=\"\" itemtype=\"https:\/\/schema.org\/ImageObject\">\n\t\t\t\t<a href=\"\/de\/ressourcen\/alterungsbehinderung\/?utm_source=Home&amp;utm_medium=Referral&amp;utm_campaign=211Resources&amp;utm_content=Aging\" target=\"_self\" itemprop=\"url\">\n\t\t\t\t<img decoding=\"async\" src=\"https:\/\/211md.org\/wp-content\/uploads\/bb-plugin\/cache\/2025_MdInfoNet_Icon-Sets_Aging-disability-square-c466727102cae71e5f27b8539bb51945-.png\" alt=\"\" onerror=\"this.style.display='none'\" loading=\"lazy\">\n\t\t\t\t<\/a>\n\t<\/figure>\n\t\t<h4><a href=\"\/de\/ressourcen\/kinder-familien\/?utm_source=Home&amp;utm_medium=Referral&amp;utm_campaign=211Resources&amp;utm_content=Children\" target=\"_self\">Kinder &amp; Familien<\/a><\/h4><figure itemscope=\"\" itemtype=\"https:\/\/schema.org\/ImageObject\">\n\t\t\t\t<a href=\"\/de\/ressourcen\/kinder-familien\/?utm_source=Home&amp;utm_medium=Referral&amp;utm_campaign=211Resources&amp;utm_content=Children\" target=\"_self\" itemprop=\"url\">\n\t\t\t\t<img decoding=\"async\" src=\"https:\/\/211md.org\/wp-content\/uploads\/bb-plugin\/cache\/2025_211_Icon-Sets_Child-care-square-f3b0d4edab3dcc467fadb5f55f4064c6-.png\" alt=\"parent and child icon for child care\" height=\"417\" width=\"417\" title=\"2025_211_Icon Sets_Kinderbetreuung\" onerror=\"this.style.display='none'\" loading=\"lazy\">\n\t\t\t\t<\/a>\n\t<\/figure>\n\t\t<h4><a href=\"\/de\/ressourcen\/hausliche-familiare-gewalt\/?utm_source=Home&amp;utm_medium=Referral&amp;utm_campaign=211Resources&amp;utm_content=Domestic\" target=\"_self\">H\u00e4usliche Gewalt<\/a><\/h4><figure itemscope=\"\" itemtype=\"https:\/\/schema.org\/ImageObject\">\n\t\t\t\t<a href=\"\/de\/ressourcen\/hausliche-familiare-gewalt\/?utm_source=Home&amp;utm_medium=Referral&amp;utm_campaign=211Resources&amp;utm_content=Domestic\" target=\"_self\" itemprop=\"url\">\n\t\t\t\t<img decoding=\"async\" src=\"https:\/\/211md.org\/wp-content\/uploads\/bb-plugin\/cache\/2025_211_Icon-Sets_Domestic-Violence-square-7b597694a6f05fe90cdc376aa573bc63-.png\" alt=\"House with a heart in the middle icon\" height=\"417\" width=\"417\" title=\"2025_211_Icon Sets_H\u00e4usliche Gewalt\" onerror=\"this.style.display='none'\" loading=\"lazy\">\n\t\t\t\t<\/a>\n\t<\/figure>\n\t\t<h4><a href=\"\/de\/ressourcen\/arbeitssuche\/?utm_source=Home&amp;utm_medium=Referral&amp;utm_campaign=211Resources&amp;utm_content=Employment\" target=\"_self\">Besch\u00e4ftigung<\/a><\/h4><figure itemscope=\"\" itemtype=\"https:\/\/schema.org\/ImageObject\">\n\t\t\t\t<a href=\"\/de\/ressourcen\/arbeitssuche\/?utm_source=Home&amp;utm_medium=Referral&amp;utm_campaign=211Resources&amp;utm_content=Employment\" target=\"_self\" itemprop=\"url\">\n\t\t\t\t<img decoding=\"async\" src=\"https:\/\/211md.org\/wp-content\/uploads\/bb-plugin\/cache\/2025_MdInfoNet_Icon-Sets_Employment-square-44707bd410e4df10a470bf130ebcea86-.png\" alt=\"\" onerror=\"this.style.display='none'\" loading=\"lazy\">\n\t\t\t\t<\/a>\n\t<\/figure>\n\t\t<h4><a href=\"\/de\/ressourcen\/gesundheitswesen\/?utm_source=Home&amp;utm_medium=Referral&amp;utm_campaign=211Resources&amp;utm_content=Health%20Care\" target=\"_self\">Gesundheitsvorsorge<\/a><\/h4><figure itemscope=\"\" itemtype=\"https:\/\/schema.org\/ImageObject\">\n\t\t\t\t<a href=\"\/de\/ressourcen\/gesundheitswesen\/?utm_source=Home&amp;utm_medium=Referral&amp;utm_campaign=211Resources&amp;utm_content=Health%20Care\" target=\"_self\" itemprop=\"url\">\n\t\t\t\t<img decoding=\"async\" src=\"https:\/\/211md.org\/wp-content\/uploads\/bb-plugin\/cache\/2025_MdInfoNet_Icon-Sets_Health-Care-square-dee98a0060cbe0e7f27eda253fc12679-.png\" alt=\"\" onerror=\"this.style.display='none'\" loading=\"lazy\">\n\t\t\t\t<\/a>\n\t<\/figure>\n\t\t<h4><a href=\"\/de\/ressourcen\/kinder-familien\/verwandtschaftspflege\/?utm_source=Home&amp;utm_medium=Referral&amp;utm_campaign=211Resources&amp;utm_content=Kinship\" target=\"_self\">Verwandtschaft<\/a><\/h4><figure itemscope=\"\" itemtype=\"https:\/\/schema.org\/ImageObject\">\n\t\t\t\t<a href=\"\/de\/ressourcen\/kinder-familien\/verwandtschaftspflege\/?utm_source=Home&amp;utm_medium=Referral&amp;utm_campaign=211Resources&amp;utm_content=Kinship\" target=\"_self\" itemprop=\"url\">\n\t\t\t\t<img decoding=\"async\" src=\"https:\/\/211md.org\/wp-content\/uploads\/bb-plugin\/cache\/2025_211_Icon-Sets_Kinship-square-45bdf872866f5735f842c32071109267-.png\" alt=\"Verwandtschaftssymbol\" height=\"417\" width=\"417\" title=\"2025_211_Icon Sets_Verwandtschaft\" onerror=\"this.style.display='none'\" loading=\"lazy\">\n\t\t\t\t<\/a>\n\t<\/figure>\n\t\t<h4><a href=\"\/de\/ressourcen\/rechtsberatung\/?utm_source=Home&amp;utm_medium=Referral&amp;utm_campaign=211Resources&amp;utm_content=Legal\" target=\"_self\">Rechtsberatung<\/a><\/h4><figure itemscope=\"\" itemtype=\"https:\/\/schema.org\/ImageObject\">\n\t\t\t\t<a href=\"\/de\/ressourcen\/rechtsberatung\/?utm_source=Home&amp;utm_medium=Referral&amp;utm_campaign=211Resources&amp;utm_content=Legal\" target=\"_self\" itemprop=\"url\">\n\t\t\t\t<img decoding=\"async\" src=\"https:\/\/211md.org\/wp-content\/uploads\/bb-plugin\/cache\/2025_MdInfoNet_Icon-Sets_Legal-square-18fdf438feb8435588174d9046463257-.png\" alt=\"\" onerror=\"this.style.display='none'\" loading=\"lazy\">\n\t\t\t\t<\/a>\n\t<\/figure>\n\t\t<h4><a href=\"\/de\/ressourcen\/psychische-gesundheit\/?utm_source=Home&amp;utm_medium=Referral&amp;utm_campaign=211Resources&amp;utm_content=Mental\" target=\"_self\">Psychische Gesundheit<\/a><\/h4><figure itemscope=\"\" itemtype=\"https:\/\/schema.org\/ImageObject\">\n\t\t\t\t<a href=\"\/de\/ressourcen\/psychische-gesundheit\/?utm_source=Home&amp;utm_medium=Referral&amp;utm_campaign=211Resources&amp;utm_content=Mental\" target=\"_self\" itemprop=\"url\">\n\t\t\t\t<img decoding=\"async\" src=\"https:\/\/211md.org\/wp-content\/uploads\/bb-plugin\/cache\/2025_MdInfoNet_Icon-Sets_Mental-Health-square-c59b38c4a993a947d4c9280fbe2d2fee-.png\" alt=\"\" onerror=\"this.style.display='none'\" loading=\"lazy\">\n\t\t\t\t<\/a>\n\t<\/figure>\n\t\t<h4><a href=\"\/de\/ressourcen\/mdreentry\/?utm_source=Home&amp;utm_medium=Referral&amp;utm_campaign=211Resources&amp;utm_content=Reentry\" target=\"_self\">Wiedereintritt<\/a><\/h4><figure itemscope=\"\" itemtype=\"https:\/\/schema.org\/ImageObject\">\n\t\t\t\t<a href=\"\/de\/ressourcen\/mdreentry\/?utm_source=Home&amp;utm_medium=Referral&amp;utm_campaign=211Resources&amp;utm_content=Reentry\" target=\"_self\" itemprop=\"url\">\n\t\t\t\t<img decoding=\"async\" src=\"https:\/\/211md.org\/wp-content\/uploads\/bb-plugin\/cache\/2025_211_Icon-Sets_Reentry-square-8676fea38abd920a832f45642fe31cca-.png\" alt=\"Symbol \u201eWiedereintritt\u201c\" height=\"417\" width=\"417\" title=\"2025_211_Icon Sets_Wiedereintritt\" onerror=\"this.style.display='none'\" loading=\"lazy\">\n\t\t\t\t<\/a>\n\t<\/figure>\n\t\t<h4><a href=\"\/de\/ressourcen\/substanzgebrauch\/?utm_source=Home&amp;utm_medium=Referral&amp;utm_campaign=211Resources&amp;utm_content=Substance\" target=\"_self\">Substanzgebrauch<\/a><\/h4><figure itemscope=\"\" itemtype=\"https:\/\/schema.org\/ImageObject\">\n\t\t\t\t<a href=\"\/de\/ressourcen\/substanzgebrauch\/?utm_source=Home&amp;utm_medium=Referral&amp;utm_campaign=211Resources&amp;utm_content=Substance\" target=\"_self\" itemprop=\"url\">\n\t\t\t\t<img decoding=\"async\" src=\"https:\/\/211md.org\/wp-content\/uploads\/bb-plugin\/cache\/2025_MdInfoNet_Icon-Sets_Substance-Abuse-square-4f414f085e657267739c181957754f48-.png\" alt=\"Pills for substance Use icon\" title=\"2025_MdInfoNet_Icon-Sets_Substance-Abuse\" onerror=\"this.style.display='none'\" loading=\"lazy\">\n\t\t\t\t<\/a>\n\t<\/figure>\n\t\t<h4><a href=\"\/de\/ressourcen\/steuerdienstleistungen\/\" target=\"_self\">Steuern<\/a><\/h4><figure itemscope=\"\" itemtype=\"https:\/\/schema.org\/ImageObject\">\n\t\t\t\t<a href=\"\/de\/ressourcen\/steuerdienstleistungen\/\" target=\"_self\" itemprop=\"url\">\n\t\t\t\t<img decoding=\"async\" src=\"https:\/\/211md.org\/wp-content\/uploads\/bb-plugin\/cache\/2025_MdInfoNet_Icon-Sets_Taxes-square-e2aa520919327b1fa037ee92d1164ad1-.png\" alt=\"Piece of paper for blue tax icon\" height=\"417\" width=\"417\" title=\"2025_MdInfoNet_Icon-Sets_Taxes\" onerror=\"this.style.display='none'\" loading=\"lazy\">\n\t\t\t\t<\/a>\n\t<\/figure>\n\t\t<h4><a href=\"\/de\/ressourcen\/veteranen\/?utm_source=Home&amp;utm_medium=Referral&amp;utm_campaign=211Resources&amp;utm_content=Veterans\" target=\"_self\">Veteranen<\/a><\/h4><figure itemscope=\"\" itemtype=\"https:\/\/schema.org\/ImageObject\">\n\t\t\t\t<a href=\"\/de\/ressourcen\/veteranen\/?utm_source=Home&amp;utm_medium=Referral&amp;utm_campaign=211Resources&amp;utm_content=Veterans\" target=\"_self\" itemprop=\"url\">\n\t\t\t\t<img decoding=\"async\" src=\"https:\/\/211md.org\/wp-content\/uploads\/bb-plugin\/cache\/2025_MdInfoNet_Icon-Sets_Rating-square-6e60d00cce4faa8e0a6d4ad7366aa733-.png\" alt=\"\" onerror=\"this.style.display='none'\" loading=\"lazy\">\n\t\t\t\t<\/a>\n\t<\/figure>","protected":false},"excerpt":{"rendered":"<p>We&#8217;re making it easy to find go-to community resources in Anne Arundel County. 211&#8217;s guide to Anne Arundel County includes some of the most common resources for basic needs such as food and utility assistance. Or you can get started by searching for resources by ZIP code in 211&#8217;s Community Resource Database. Search for resources&hellip;<\/p>","protected":false},"author":8,"featured_media":0,"parent":750,"menu_order":0,"comment_status":"closed","ping_status":"closed","template":"","meta":{"footnotes":""},"class_list":["post-1696","page","type-page","status-publish","hentry"],"_links":{"self":[{"href":"https:\/\/211md.org\/de\/wp-json\/wp\/v2\/pages\/1696","targetHints":{"allow":["GET"]}}],"collection":[{"href":"https:\/\/211md.org\/de\/wp-json\/wp\/v2\/pages"}],"about":[{"href":"https:\/\/211md.org\/de\/wp-json\/wp\/v2\/types\/page"}],"author":[{"embeddable":true,"href":"https:\/\/211md.org\/de\/wp-json\/wp\/v2\/users\/8"}],"replies":[{"embeddable":true,"href":"https:\/\/211md.org\/de\/wp-json\/wp\/v2\/comments?post=1696"}],"version-history":[{"count":7,"href":"https:\/\/211md.org\/de\/wp-json\/wp\/v2\/pages\/1696\/revisions"}],"predecessor-version":[{"id":34426,"href":"https:\/\/211md.org\/de\/wp-json\/wp\/v2\/pages\/1696\/revisions\/34426"}],"up":[{"embeddable":true,"href":"https:\/\/211md.org\/de\/wp-json\/wp\/v2\/pages\/750"}],"wp:attachment":[{"href":"https:\/\/211md.org\/de\/wp-json\/wp\/v2\/media?parent=1696"}],"curies":[{"name":"wp","href":"https:\/\/api.w.org\/{rel}","templated":true}]}}