{"id":1697,"date":"2021-05-12T00:24:44","date_gmt":"2021-05-12T00:24:44","guid":{"rendered":"https:\/\/211md.org\/?page_id=1697"},"modified":"2026-01-08T09:09:33","modified_gmt":"2026-01-08T14:09:33","slug":"howard-county","status":"publish","type":"page","link":"https:\/\/211md.org\/de\/resources-by-county\/howard-county\/","title":{"rendered":"Howard County"},"content":{"rendered":"<img decoding=\"async\" src=\"https:\/\/stg-maryland211-staging.kinsta.cloud\/wp-content\/uploads\/2025\/08\/5-1-scaled.png\" alt=\"5\" itemprop=\"image\" height=\"692\" width=\"2560\" title=\"5\" onerror=\"this.style.display='none'\" loading=\"lazy\" \/>\n\t\t<p>211 has you covered whether you live in Columbia, North Laurel, Elkridge, Fulton, Savage, Ellicott City, Woodlawn, Catonsville, MacGills, Clarksville, or another area of Howard County. Find top community resources for Howard County.<\/p>\n\t\t\t<a href=\"#start\" target=\"_self\">\n\t\t\t\t\t\tErste Schritte\n\t\t\t\t\t<\/a>\n\t\t\t\t<img decoding=\"async\" src=\"https:\/\/211md.org\/wp-content\/plugins\/bb-plugin\/img\/pixel.png\" alt=\"\" itemprop=\"image\" onerror=\"this.style.display='none'\" loading=\"lazy\" \/>\n\t\t\t\t<img decoding=\"async\" src=\"https:\/\/stg-maryland211-staging.kinsta.cloud\/wp-content\/uploads\/2025\/08\/16.png\" alt=\"16\" itemprop=\"image\" height=\"1000\" width=\"1000\" title=\"16\" onerror=\"this.style.display='none'\" loading=\"lazy\" \/>\n\t<iframe src=\"https:\/\/www.google.com\/maps\/embed\/v1\/place?q=9385+Gerwig+Lane%2C+Suite+J+%0AColumbia%2C+Maryland+21046&#038;key=AIzaSyD09zQ9PNDNNy9TadMuzRV_UsPUoWKntt8\" aria-hidden=\"true\" title=\"Lebensmittelbank des Howard County\"><\/iframe>\n\t<h2><b>Lebensmittelbank des Howard County<\/b><\/h2>\n<p>Do you need food? The Howard County Food Bank located at 9385 Gerwig Lane, Suite J in Columbia, Maryland offers a grocery store layout where eligible individuals and families can choose the foods they&#8217;d like.<\/p>\n<p>Selection includes:<\/p>\n<ul>\n<li>fresh produce<\/li>\n<li>dairy<\/li>\n<li>breads<\/li>\n<li>baked goods<\/li>\n<li>frozen meat<\/li>\n<li>boxed food<\/li>\n<li>Windeln<\/li>\n<li>wipes<\/li>\n<li>Babynahrung<\/li>\n<li>formula<\/li>\n<\/ul>\n<p>Shopping hours are Tuesday through Saturday. Walk-ins are welcome during the week, and it&#8217;s by appointment only on Saturday. Hours vary, so <a href=\"https:\/\/cac-hc.org\/food-assistance\/\" target=\"_blank\" rel=\"noopener\">\u00dcberpr\u00fcfen Sie die Zeiten<\/a> f\u00fcr jeden Tag.<\/p>\n<p>Sie k\u00f6nnen zweimal im Monat einkaufen, m\u00fcssen aber Unterlagen vorlegen, um die Berechtigungsvoraussetzungen zu erf\u00fcllen, bevor Sie Hilfe von der Lebensmittelbank erhalten k\u00f6nnen. Sie k\u00f6nnen sich \u00fcber die Berechtigungsvoraussetzungen informieren und <a href=\"https:\/\/cac-hc.org\/food-assistance\/\" target=\"_blank\" rel=\"noopener\">Hier bewerben<\/a>.<\/p>\n<h3>Weitere Nahrungsquellen<\/h3>\n<p>To find other food pantries and resources in Howard County, dial 211 or search our database.<\/p>\n<p>You can also use the <a href=\"https:\/\/www.hclhic.org\/foodmap\" target=\"_blank\" rel=\"noopener\">Howard County Food Connection-Karte<\/a>, which includes transportation routes.<\/p>\n<p>&nbsp;<\/p>\n<p>&nbsp;<\/p>\n\t<h2>Beliebte Lebensmittelressourcen<\/h2>\n<p>Suchen Sie in der Community Resource Database nach Organisationen in Ihrer N\u00e4he, die mit Lebensmitteln helfen k\u00f6nnen. Dies sind g\u00e4ngige Suchvorg\u00e4nge f\u00fcr den Einstieg. Klicken Sie unten auf die passende Schaltfl\u00e4che und geben Sie auf der Ergebnisseite eine Postleitzahl ein, um Orte in der N\u00e4he zu finden.<\/p>\n\t\t\t<a href=\"https:\/\/search.211md.org\/search?query=BD-1800.2250&#038;query_label=Food+vouchers&#038;query_type=taxonomy&#038;utm_source=211&#038;utm_medium=Referral&#038;utm_campaign=Foodlink&#038;utm_content=Food%20Vouchers\" target=\"_blank\" rel=\"noopener\">\n\t\t\t\t\t\tEssensgutscheine\n\t\t\t\t\t<\/a>\n\t\t\t<a href=\"https:\/\/search.211md.org\/search?query=Food+Banks+%26+Pantries&#038;query_label=Food+Banks+%26+Pantries&#038;query_type=taxonomy\" target=\"_blank\" rel=\"noopener\">\n\t\t\t\t\t\tNahrungsmittelbank\n\t\t\t\t\t<\/a>\n\t\t\t<a href=\"https:\/\/search.211md.org\/search?query=BD-1800.2250&#038;query_type=taxonomy&#038;query_label=&#038;utm_source=&#038;utm_medium=Referral&#038;utm_campaign=Foodlink&#038;utm_content=Fresh%20Food\" target=\"_blank\" rel=\"noopener\">\n\t\t\t\t\t\tFrisches Essen\n\t\t\t\t\t<\/a>\n\t\t\t<a href=\"https:\/\/search.211md.org\/search?query=BD-1800.8200-250&#038;query_label=Formula%2FBaby+Food&#038;query_type=taxonomy&#038;utm_source=&#038;utm_medium=Referral&#038;utm_campaign=Foodlink&#038;utm_content=Baby%20Formula\" target=\"_blank\" rel=\"noopener\">\n\t\t\t\t\t\tFormel\/Babynahrung\n\t\t\t\t\t<\/a>\n\t\t\t<a href=\"https:\/\/search.211md.org\/search?query=BD-2400.2590&#038;query_type=taxonomy&#038;query_label=&#038;utm_source=&#038;utm_medium=Referral&#038;utm_campaign=Foodlink&#038;utm_content=Grocery%20Delivery\" target=\"_blank\" rel=\"noopener\">\n\t\t\t\t\t\tLebensmittellieferung\n\t\t\t\t\t<\/a>\n\t\t\t<a href=\"https:\/\/search.211md.org\/search?query=food+pantry&#038;query_label=food+pantry&#038;query_type=text\" target=\"_blank\" rel=\"noopener\">\n\t\t\t\t\t\tSpeisekammer\n\t\t\t\t\t<\/a>\n<h2>Wohnen in Howard County<\/h2>\n<p>Wenn Sie Hilfe bei der Wohnungssuche ben\u00f6tigen, wenden Sie sich bitte an die <a href=\"https:\/\/cac-hc.org\/housing-assistance\/\" target=\"_blank\" rel=\"noopener\">Community Action Council (CAC) von Howard County<\/a> vergibt Zusch\u00fcsse an:<\/p>\n<ul>\n<li>R\u00e4umung verhindern<\/li>\n<li>Hilfe bei der Zahlung der ersten Monatsmiete oder einer \u00fcberf\u00e4lligen Monatsmiete<\/li>\n<li>andere dringende Wohnbed\u00fcrfnisse<\/li>\n<\/ul>\n<p>Die Finanzierung ist sehr begrenzt, daher m\u00fcssen Sie alle Programmvoraussetzungen erf\u00fcllen. Sie k\u00f6nnen <a href=\"https:\/\/cac-hc.org\/housing-assistance\/\" target=\"_blank\" rel=\"noopener\">eine Reihe von Fragen beantworten<\/a> um zu sehen, ob Sie berechtigt sind. Aufgrund begrenzter Mittel m\u00fcssen Sie alle programmspezifischen Unterlagen einsenden, um den Prozess zu starten.<\/p>\n<h3>Laurel-Tageszentrum<\/h3>\n<p>Wenn Sie nicht in Howard County wohnen, haben Sie Anspruch auf Leistungen der <a href=\"https:\/\/laurelmsc.org\/\" target=\"_blank\" rel=\"noopener\">Multiservice-Center der Stadt Laurel<\/a>Es gibt ein Tageszentrum, das die Grundbed\u00fcrfnisse deckt, um Obdachlosigkeit vorzubeugen und Menschen in einer \u00dcbergangsphase zu unterst\u00fctzen. Duschen, Hygieneartikel, Kleidung und Lebensmittel stehen zur Verf\u00fcgung, ebenso wie Verbindungen zu anderen kommunalen Einrichtungen.<\/p>\n<p>&nbsp;<\/p>\n<h2><b>Nebenkostenabrechnungen<\/b><\/h2>\n<p>Wenn Ihre Stromrechnung \u00fcberf\u00e4llig ist, haben Sie m\u00f6glicherweise Anspruch auf Unterst\u00fctzung bei den Stromrechnungen durch das Office of Home Energy Programs (OHEP). <a href=\"https:\/\/211md.org\/de\/ressourcen\/utility-unterstutzung\/\">Lernen<\/a> zu Einkommensrichtlinien, den Arten von Zusch\u00fcssen zu Versorgungsleistungen, die den Einwohnern von Howard County zur Verf\u00fcgung stehen, und zum Ausf\u00fcllen des Antrags.<\/p>\n<p>Wenn Sie Hilfe bei der Bewerbung ben\u00f6tigen, k\u00f6nnen Sie <a href=\"https:\/\/cac-hc.org\/energy-assistance\/\" target=\"_blank\" rel=\"noopener\">Kontaktieren Sie den Community Action Council<\/a> in Kolumbien.<\/p>\n<p>&nbsp;<\/p>\n<h2><b>Psychische Gesundheit<\/b><\/h2>\n<p>Es gibt mehrere Organisationen in Howard County, die Hilfe im Bereich der psychischen Gesundheit anbieten, darunter <strong><a href=\"https:\/\/grassrootscrisis.org\/services\/crisis-intervention\/\" target=\"_blank\" rel=\"noopener\">Grassroots-Krisenintervention<\/a><\/strong><strong>.<\/strong> Sie bieten ein kostenloses, begehbares Beratungsprogramm f\u00fcr alle an, die sofortige Unterst\u00fctzung oder Krisenintervention bei psychischen, pers\u00f6nlichen, situativen oder famili\u00e4ren Krisen ben\u00f6tigen.<\/p>\n<p>Sie suchen auch am Standort Columbia Grassroots nach Substanzst\u00f6rungen.<\/p>\n<p>Sie k\u00f6nnen einen Krisenberater auch jederzeit telefonisch oder per SMS unter 988 erreichen.<\/p>\n<p>Wenn Sie einen Anbieter f\u00fcr Verhaltensgesundheit ben\u00f6tigen, <a href=\"https:\/\/search.988.mdinfonet.org\/\" target=\"_blank\" rel=\"noopener\">Suche nach einem Anbieter<\/a>.<\/p>\n<p>&nbsp;<\/p>\n\t\t<h4><a href=\"\/de\/ressourcen\/alterungsbehinderung\/?utm_source=Home&#038;utm_medium=Referral&#038;utm_campaign=211Resources&#038;utm_content=Aging\" target=\"_self\">Alter &amp; Behinderung<\/a><\/h4>\n\t\t\t\t<a href=\"\/de\/ressourcen\/alterungsbehinderung\/?utm_source=Home&#038;utm_medium=Referral&#038;utm_campaign=211Resources&#038;utm_content=Aging\"  target=\"_self\" itemprop=\"url\">\n\t\t\t\t<img decoding=\"async\" src=\"https:\/\/211md.org\/wp-content\/uploads\/bb-plugin\/cache\/2025_MdInfoNet_Icon-Sets_Aging-disability-square-c466727102cae71e5f27b8539bb51945-.png\" alt=\"\" itemprop=\"image\" onerror=\"this.style.display='none'\" loading=\"lazy\" \/>\n\t\t\t\t<\/a>\n\t\t<h4><a href=\"\/de\/ressourcen\/kinder-familien\/?utm_source=Home&#038;utm_medium=Referral&#038;utm_campaign=211Resources&#038;utm_content=Children\" target=\"_self\">Kinder &amp; Familien<\/a><\/h4>\n\t\t\t\t<a href=\"\/de\/ressourcen\/kinder-familien\/?utm_source=Home&#038;utm_medium=Referral&#038;utm_campaign=211Resources&#038;utm_content=Children\"  target=\"_self\" itemprop=\"url\">\n\t\t\t\t<img decoding=\"async\" src=\"https:\/\/211md.org\/wp-content\/uploads\/bb-plugin\/cache\/2025_211_Icon-Sets_Child-care-square-f3b0d4edab3dcc467fadb5f55f4064c6-.png\" alt=\"parent and child icon for child care\" itemprop=\"image\" height=\"417\" width=\"417\" title=\"2025_211_Icon Sets_Kinderbetreuung\" onerror=\"this.style.display='none'\" loading=\"lazy\" \/>\n\t\t\t\t<\/a>\n\t\t<h4><a href=\"\/de\/ressourcen\/hausliche-familiare-gewalt\/?utm_source=Home&#038;utm_medium=Referral&#038;utm_campaign=211Resources&#038;utm_content=Domestic\" target=\"_self\">H\u00e4usliche Gewalt<\/a><\/h4>\n\t\t\t\t<a href=\"\/de\/ressourcen\/hausliche-familiare-gewalt\/?utm_source=Home&#038;utm_medium=Referral&#038;utm_campaign=211Resources&#038;utm_content=Domestic\"  target=\"_self\" itemprop=\"url\">\n\t\t\t\t<img decoding=\"async\" src=\"https:\/\/211md.org\/wp-content\/uploads\/bb-plugin\/cache\/2025_211_Icon-Sets_Domestic-Violence-square-7b597694a6f05fe90cdc376aa573bc63-.png\" alt=\"House with a heart in the middle icon\" itemprop=\"image\" height=\"417\" width=\"417\" title=\"2025_211_Icon Sets_H\u00e4usliche Gewalt\" onerror=\"this.style.display='none'\" loading=\"lazy\" \/>\n\t\t\t\t<\/a>\n\t\t<h4><a href=\"\/de\/ressourcen\/arbeitssuche\/?utm_source=Home&#038;utm_medium=Referral&#038;utm_campaign=211Resources&#038;utm_content=Employment\" target=\"_self\">Besch\u00e4ftigung<\/a><\/h4>\n\t\t\t\t<a href=\"\/de\/ressourcen\/arbeitssuche\/?utm_source=Home&#038;utm_medium=Referral&#038;utm_campaign=211Resources&#038;utm_content=Employment\"  target=\"_self\" itemprop=\"url\">\n\t\t\t\t<img decoding=\"async\" src=\"https:\/\/211md.org\/wp-content\/uploads\/bb-plugin\/cache\/2025_MdInfoNet_Icon-Sets_Employment-square-44707bd410e4df10a470bf130ebcea86-.png\" alt=\"\" itemprop=\"image\" onerror=\"this.style.display='none'\" loading=\"lazy\" \/>\n\t\t\t\t<\/a>\n\t\t<h4><a href=\"\/de\/ressourcen\/gesundheitswesen\/?utm_source=Home&#038;utm_medium=Referral&#038;utm_campaign=211Resources&#038;utm_content=Health%20Care\" target=\"_self\">Gesundheitsvorsorge<\/a><\/h4>\n\t\t\t\t<a href=\"\/de\/ressourcen\/gesundheitswesen\/?utm_source=Home&#038;utm_medium=Referral&#038;utm_campaign=211Resources&#038;utm_content=Health%20Care\"  target=\"_self\" itemprop=\"url\">\n\t\t\t\t<img decoding=\"async\" src=\"https:\/\/211md.org\/wp-content\/uploads\/bb-plugin\/cache\/2025_MdInfoNet_Icon-Sets_Health-Care-square-dee98a0060cbe0e7f27eda253fc12679-.png\" alt=\"\" itemprop=\"image\" onerror=\"this.style.display='none'\" loading=\"lazy\" \/>\n\t\t\t\t<\/a>\n\t\t<h4><a href=\"\/de\/ressourcen\/kinder-familien\/verwandtschaftspflege\/?utm_source=Home&#038;utm_medium=Referral&#038;utm_campaign=211Resources&#038;utm_content=Kinship\" target=\"_self\">Verwandtschaft<\/a><\/h4>\n\t\t\t\t<a href=\"\/de\/ressourcen\/kinder-familien\/verwandtschaftspflege\/?utm_source=Home&#038;utm_medium=Referral&#038;utm_campaign=211Resources&#038;utm_content=Kinship\"  target=\"_self\" itemprop=\"url\">\n\t\t\t\t<img decoding=\"async\" src=\"https:\/\/211md.org\/wp-content\/uploads\/bb-plugin\/cache\/2025_211_Icon-Sets_Kinship-square-45bdf872866f5735f842c32071109267-.png\" alt=\"Verwandtschaftssymbol\" itemprop=\"image\" height=\"417\" width=\"417\" title=\"2025_211_Icon Sets_Verwandtschaft\" onerror=\"this.style.display='none'\" loading=\"lazy\" \/>\n\t\t\t\t<\/a>\n\t\t<h4><a href=\"\/de\/ressourcen\/rechtsberatung\/?utm_source=Home&#038;utm_medium=Referral&#038;utm_campaign=211Resources&#038;utm_content=Legal\" target=\"_self\">Rechtsberatung<\/a><\/h4>\n\t\t\t\t<a href=\"\/de\/ressourcen\/rechtsberatung\/?utm_source=Home&#038;utm_medium=Referral&#038;utm_campaign=211Resources&#038;utm_content=Legal\"  target=\"_self\" itemprop=\"url\">\n\t\t\t\t<img decoding=\"async\" src=\"https:\/\/211md.org\/wp-content\/uploads\/bb-plugin\/cache\/2025_MdInfoNet_Icon-Sets_Legal-square-18fdf438feb8435588174d9046463257-.png\" alt=\"\" itemprop=\"image\" onerror=\"this.style.display='none'\" loading=\"lazy\" \/>\n\t\t\t\t<\/a>\n\t\t<h4><a href=\"\/de\/ressourcen\/psychische-gesundheit\/?utm_source=Home&#038;utm_medium=Referral&#038;utm_campaign=211Resources&#038;utm_content=Mental\" target=\"_self\">Psychische Gesundheit<\/a><\/h4>\n\t\t\t\t<a href=\"\/de\/ressourcen\/psychische-gesundheit\/?utm_source=Home&#038;utm_medium=Referral&#038;utm_campaign=211Resources&#038;utm_content=Mental\"  target=\"_self\" itemprop=\"url\">\n\t\t\t\t<img decoding=\"async\" src=\"https:\/\/211md.org\/wp-content\/uploads\/bb-plugin\/cache\/2025_MdInfoNet_Icon-Sets_Mental-Health-square-c59b38c4a993a947d4c9280fbe2d2fee-.png\" alt=\"\" itemprop=\"image\" onerror=\"this.style.display='none'\" loading=\"lazy\" \/>\n\t\t\t\t<\/a>\n\t\t<h4><a href=\"\/de\/ressourcen\/mdreentry\/?utm_source=Home&#038;utm_medium=Referral&#038;utm_campaign=211Resources&#038;utm_content=Reentry\" target=\"_self\">Wiedereintritt<\/a><\/h4>\n\t\t\t\t<a href=\"\/de\/ressourcen\/mdreentry\/?utm_source=Home&#038;utm_medium=Referral&#038;utm_campaign=211Resources&#038;utm_content=Reentry\"  target=\"_self\" itemprop=\"url\">\n\t\t\t\t<img decoding=\"async\" src=\"https:\/\/211md.org\/wp-content\/uploads\/bb-plugin\/cache\/2025_211_Icon-Sets_Reentry-square-8676fea38abd920a832f45642fe31cca-.png\" alt=\"Symbol \u201eWiedereintritt\u201c\" itemprop=\"image\" height=\"417\" width=\"417\" title=\"2025_211_Icon Sets_Wiedereintritt\" onerror=\"this.style.display='none'\" loading=\"lazy\" \/>\n\t\t\t\t<\/a>\n\t\t<h4><a href=\"\/de\/ressourcen\/substanzgebrauch\/?utm_source=Home&#038;utm_medium=Referral&#038;utm_campaign=211Resources&#038;utm_content=Substance\" target=\"_self\">Substanzgebrauch<\/a><\/h4>\n\t\t\t\t<a href=\"\/de\/ressourcen\/substanzgebrauch\/?utm_source=Home&#038;utm_medium=Referral&#038;utm_campaign=211Resources&#038;utm_content=Substance\"  target=\"_self\" itemprop=\"url\">\n\t\t\t\t<img decoding=\"async\" src=\"https:\/\/211md.org\/wp-content\/uploads\/bb-plugin\/cache\/2025_MdInfoNet_Icon-Sets_Substance-Abuse-square-9022fec9d18a64118ad685c101885b55-.png\" alt=\"\" itemprop=\"image\" onerror=\"this.style.display='none'\" loading=\"lazy\" \/>\n\t\t\t\t<\/a>\n\t\t<h4><a href=\"\/de\/ressourcen\/veteranen\/?utm_source=Home&#038;utm_medium=Referral&#038;utm_campaign=211Resources&#038;utm_content=Veterans\" target=\"_self\">Veteranen<\/a><\/h4>\n\t\t\t\t<a href=\"\/de\/ressourcen\/veteranen\/?utm_source=Home&#038;utm_medium=Referral&#038;utm_campaign=211Resources&#038;utm_content=Veterans\"  target=\"_self\" itemprop=\"url\">\n\t\t\t\t<img decoding=\"async\" src=\"https:\/\/211md.org\/wp-content\/uploads\/bb-plugin\/cache\/2025_MdInfoNet_Icon-Sets_Rating-square-6e60d00cce4faa8e0a6d4ad7366aa733-.png\" alt=\"\" itemprop=\"image\" onerror=\"this.style.display='none'\" loading=\"lazy\" \/>\n\t\t\t\t<\/a>","protected":false},"excerpt":{"rendered":"<p>211 has you covered whether you live in Columbia, North Laurel, Elkridge, Fulton, Savage, Ellicott City, Woodlawn, Catonsville, MacGills, Clarksville, or another area of Howard County. Find top community resources for Howard County. Get Started Howard County Food Bank Do you need food? The Howard County Food Bank located at 9385 Gerwig Lane, Suite J&hellip;<\/p>","protected":false},"author":8,"featured_media":0,"parent":750,"menu_order":0,"comment_status":"closed","ping_status":"closed","template":"","meta":{"footnotes":""},"class_list":["post-1697","page","type-page","status-publish","hentry"],"_links":{"self":[{"href":"https:\/\/211md.org\/de\/wp-json\/wp\/v2\/pages\/1697","targetHints":{"allow":["GET"]}}],"collection":[{"href":"https:\/\/211md.org\/de\/wp-json\/wp\/v2\/pages"}],"about":[{"href":"https:\/\/211md.org\/de\/wp-json\/wp\/v2\/types\/page"}],"author":[{"embeddable":true,"href":"https:\/\/211md.org\/de\/wp-json\/wp\/v2\/users\/8"}],"replies":[{"embeddable":true,"href":"https:\/\/211md.org\/de\/wp-json\/wp\/v2\/comments?post=1697"}],"version-history":[{"count":5,"href":"https:\/\/211md.org\/de\/wp-json\/wp\/v2\/pages\/1697\/revisions"}],"predecessor-version":[{"id":34183,"href":"https:\/\/211md.org\/de\/wp-json\/wp\/v2\/pages\/1697\/revisions\/34183"}],"up":[{"embeddable":true,"href":"https:\/\/211md.org\/de\/wp-json\/wp\/v2\/pages\/750"}],"wp:attachment":[{"href":"https:\/\/211md.org\/de\/wp-json\/wp\/v2\/media?parent=1697"}],"curies":[{"name":"wp","href":"https:\/\/api.w.org\/{rel}","templated":true}]}}