{"id":1698,"date":"2021-05-12T00:24:53","date_gmt":"2021-05-12T00:24:53","guid":{"rendered":"https:\/\/211md.org\/?page_id=1698"},"modified":"2025-10-29T06:59:26","modified_gmt":"2025-10-29T10:59:26","slug":"cecil-county","status":"publish","type":"page","link":"https:\/\/211md.org\/de\/resources-by-county\/cecil-county\/","title":{"rendered":"Cecil County"},"content":{"rendered":"<h2><a href=\"https:\/\/search.211md.org\/\" target=\"_blank\"  rel=\"noopener\">Finden Sie Ressourcen in meiner N\u00e4he<\/a><\/h2>\n\t\t\t<a href=\"https:\/\/search.211md.org\/\" target=\"_blank\" rel=\"noopener\">\n\t\t\t\t\t\t\tJetzt suchen\n\t\t\t<\/a>\n\t<p><strong><a href=\"\/de\/treten-sie-unserer-datenbank-bei\/\">F\u00fcgen Sie Ihre Agentur oder Organisation zu unserer Ressourcendatenbank hinzu.<\/a><\/strong><\/p>\n\t<p>Suchen Sie Hilfe beim Bezahlen Ihrer Rechnungen? 211 kann Ihnen dabei helfen, in Cecil County Ressourcen f\u00fcr Versorgung, Lebensmittel, Wohnraum und mehr zu finden.<\/p>\n<p>Hilfe finden Sie bei:<\/p>\n<ol>\n<li><a href=\"https:\/\/search.211md.org\/\" target=\"_blank\" rel=\"noopener\">Durchsuchen der 211-Datenbank<\/a>.<\/li>\n<li>Rufen Sie eine der unten aufgef\u00fchrten Agenturen an.<\/li>\n<li>W\u00e4hlen Sie 211, um mit einem Informations- und \u00dcberweisungsspezialisten zu sprechen, der die beste Ressource f\u00fcr Ihre Situation finden kann.<\/li>\n<\/ol>\n<p>211 bietet rund um die Uhr Hilfe.<\/p>\n\t\t<h2>\t\n\tW\u00e4hlen Sie 211<\/h2><p>Erhalten Sie Zugang zu Community-Ressourcen und unterst\u00fctzen Sie rund um die Uhr.<\/p>\n<p>&nbsp;<\/p>\n<h2>Essen finden<\/h2>\n<p>Wenn Sie Hilfe beim Essen ben\u00f6tigen, ist die\u00a0<a href=\"https:\/\/search.211md.org\/search\/f1739f03a3f803f384052723112e26cc\" target=\"_blank\" rel=\"noopener\">Einsatz zur Unbefleckten Empf\u00e4ngnis<\/a>\u00a0k\u00f6nnte eine Ressource f\u00fcr Sie sein. 211 Informations- und \u00dcberweisungsspezialisten verweisen Einwohner von Cecil County an die Elkton-Speisekammer f\u00fcr verderbliche und haltbare Lebensmittel.<\/p>\n<p>In Elkton ist das\u00a0<a href=\"https:\/\/www.cecilhelp4u.com\/Help-Center.html\" target=\"_blank\" rel=\"noopener\">Hilfezentrum von Cecil County<\/a>\u00a0bietet auch Nothilfeprogramme f\u00fcr Bewohner wie Lebensmittel und Kleidung an. Die gemeinn\u00fctzige Organisation ist Teil der Human Services Division des Cecil County Department of Community Services.<\/p>\n<p>F\u00fcr die Nahrungsmittelhilfe kann ein Gespr\u00e4ch erforderlich sein. Rufen Sie 410-996-0260 an, um das Cecil County Help Center zu erreichen.<\/p>\n<p>&nbsp;<\/p>\n<h2>Unterst\u00fctzung bei psychischer Gesundheit und Substanzmissbrauch<\/h2>\n<p>Suchen Sie Beratung oder Behandlung, Genesungsunterst\u00fctzung, Entgiftung, zertifizierte Suboxone-\u00c4rzte, Veteranenunterst\u00fctzung, Schmerzlinderung, Trauerunterst\u00fctzung oder Suchtbehandlung?<\/p>\n<p>Die\u00a0<a href=\"https:\/\/www.ccgov.org\/home\/showpublisheddocument?id=21957\" target=\"_blank\" rel=\"noopener\">Alkohol- und Drogenentzugszentrum des Cecil County Health Department<\/a> (ADRC) verf\u00fcgt \u00fcber einen umfassenden Leitfaden zu Ressourcen in der Gemeinde, die Sie bei Ihrer Genesung und Ihrem Wohlbefinden unterst\u00fctzen k\u00f6nnen. Anbieter f\u00fcr Unterst\u00fctzung bei psychischer Gesundheit und Substanzgebrauch finden Sie unter:<\/p>\n<ul>\n<li>Beratung<\/li>\n<li>Suchtbehandlung<\/li>\n<li>Unterst\u00fctzung bei der Genesung<\/li>\n<li>Entgiftung<\/li>\n<li>Zentren f\u00fcr medikamentengest\u00fctzte Behandlung<\/li>\n<li>Vivitrol-Anbieter<\/li>\n<li>Suboxone-zertifizierte \u00c4rzte<\/li>\n<li>Veteranenunterst\u00fctzung (Drogen &amp; Alkohol)<\/li>\n<li>Anbieter f\u00fcr psychische Gesundheit<\/li>\n<li>Schmerzheilung<\/li>\n<li>Unterst\u00fctzung bei Suizid-Trauer<\/li>\n<\/ul>\n<p>Die\u00a0<a href=\"https:\/\/cecilcountyhealth.org\/services\/behavioral-health\/addiction-services\/\" target=\"_blank\" rel=\"noopener\">Gesundheitsamt des Cecil County<\/a> bietet auch Aufkl\u00e4rung, Beurteilung, Intervention und Behandlung zum Thema Drogenmissbrauch an. Diese Dienste stehen Jugendlichen bis hin zu Erwachsenen und ihren Familien zur Verf\u00fcgung.<\/p>\n<p>Du kannst auch <a href=\"https:\/\/search.988.mdinfonet.org\/\" target=\"_blank\" rel=\"noopener\">Durchsuchen Sie die umfassendste Ressourcendatenbank f\u00fcr Verhaltensgesundheit des Staates<\/a>, das vom Maryland Information Network betrieben wird.<\/p>\n<h3>Schreiben Sie Ihr Skript neu<\/h3>\n<p>Wenn Sie jemanden kennen, der unter Opioidmissbrauch leidet oder selbst Unterst\u00fctzung suchen,\u00a0<a href=\"https:\/\/www.rewriteyourscript.org\/\" target=\"_blank\" rel=\"noopener\">Schreiben Sie Ihr Skript neu<\/a>\u00a0bietet verschiedene Ressourcen f\u00fcr Behandlung, Genesung, Informationen zur Reaktion auf \u00dcberdosierung und Pr\u00e4vention in Cecil County.<\/p>\n<p>Finden Sie lokale Behandlungs- und Genesungszentren, die Ihnen oder jemandem, den Sie kennen, dabei helfen k\u00f6nnen, den Weg der Genesung zu finden.<\/p>\n<h3>MDHoffnung<\/h3>\n<p>Ressourcen, Support und Entsorgungsstellen f\u00fcr verschreibungspflichtige Medikamente finden Sie auch, indem Sie MDHope eine SMS an 898-211 senden.<\/p>\n<p><em>211 Maryland bietet SMS-Warnprogramme an, die regionsspezifische Ressourceninformationen oder Katastrophenwarnungen liefern. Senden Sie eine SMS mit STOP an dieselbe Nummer, um sich abzumelden. Vollst\u00e4ndige SMS-Bedingungen unter <a href=\"https:\/\/211md.org\/de\/sms\/\">https:\/\/211md.org\/sms\/<\/a> wird auch gelten.<\/em><\/p>\n<p><a href=\"\/de\/about\/textnachrichten\/md-hoffnung\/\" rel=\"noopener\">MDHoffnung<\/a>\u00a0ist ein Programm von 211 Maryland und der Rx Abuse Leadership Initiative (RALI) von Maryland.<\/p>\n<p>&nbsp;<\/p>\n<h3><b>Suche nach Hilfe nach Kategorie<\/b><\/h3>\n<p>Suchen Sie Hilfe in einer anderen Situation? <a href=\"\/de\/ressourcen\/\">Durchsuchen Sie die 211-Datenbank.<\/a><\/p>\n\t\t<h4><a href=\"\/de\/ressourcen\/alterungsbehinderung\/?utm_source=Home&#038;utm_medium=Referral&#038;utm_campaign=211Resources&#038;utm_content=Aging\" target=\"_self\">Alter &amp; Behinderung<\/a><\/h4>\n\t\t\t\t<a href=\"\/de\/ressourcen\/alterungsbehinderung\/?utm_source=Home&#038;utm_medium=Referral&#038;utm_campaign=211Resources&#038;utm_content=Aging\"  target=\"_self\" itemprop=\"url\">\n\t\t\t\t<img decoding=\"async\" src=\"https:\/\/211md.org\/wp-content\/uploads\/bb-plugin\/cache\/2025_MdInfoNet_Icon-Sets_Aging-disability-square-c466727102cae71e5f27b8539bb51945-.png\" alt=\"\" itemprop=\"image\" onerror=\"this.style.display='none'\" loading=\"lazy\" \/>\n\t\t\t\t<\/a>\n\t\t<h4><a href=\"\/de\/ressourcen\/kinder-familien\/?utm_source=Home&#038;utm_medium=Referral&#038;utm_campaign=211Resources&#038;utm_content=Children\" target=\"_self\">Kinder &amp; Familien<\/a><\/h4>\n\t\t\t\t<a href=\"\/de\/ressourcen\/kinder-familien\/?utm_source=Home&#038;utm_medium=Referral&#038;utm_campaign=211Resources&#038;utm_content=Children\"  target=\"_self\" itemprop=\"url\">\n\t\t\t\t<img decoding=\"async\" src=\"https:\/\/211md.org\/wp-content\/uploads\/bb-plugin\/cache\/2025_211_Icon-Sets_Child-care-square-f3b0d4edab3dcc467fadb5f55f4064c6-.png\" alt=\"2025_211_Icon Sets_Kinderbetreuung\" itemprop=\"image\" height=\"417\" width=\"417\" title=\"2025_211_Icon Sets_Kinderbetreuung\" onerror=\"this.style.display='none'\" loading=\"lazy\" \/>\n\t\t\t\t<\/a>\n\t\t<h4><a href=\"\/de\/ressourcen\/hausliche-familiare-gewalt\/?utm_source=Home&#038;utm_medium=Referral&#038;utm_campaign=211Resources&#038;utm_content=Domestic\" target=\"_self\">H\u00e4usliche Gewalt<\/a><\/h4>\n\t\t\t\t<a href=\"\/de\/ressourcen\/hausliche-familiare-gewalt\/?utm_source=Home&#038;utm_medium=Referral&#038;utm_campaign=211Resources&#038;utm_content=Domestic\"  target=\"_self\" itemprop=\"url\">\n\t\t\t\t<img decoding=\"async\" src=\"https:\/\/211md.org\/wp-content\/uploads\/bb-plugin\/cache\/2025_211_Icon-Sets_Domestic-Violence-square-7b597694a6f05fe90cdc376aa573bc63-.png\" alt=\"Symbol f\u00fcr h\u00e4usliche Gewalt\" itemprop=\"image\" height=\"417\" width=\"417\" title=\"2025_211_Icon Sets_H\u00e4usliche Gewalt\" onerror=\"this.style.display='none'\" loading=\"lazy\" \/>\n\t\t\t\t<\/a>\n\t\t<h4><a href=\"\/de\/ressourcen\/arbeitssuche\/?utm_source=Home&#038;utm_medium=Referral&#038;utm_campaign=211Resources&#038;utm_content=Employment\" target=\"_self\">Besch\u00e4ftigung<\/a><\/h4>\n\t\t\t\t<a href=\"\/de\/ressourcen\/arbeitssuche\/?utm_source=Home&#038;utm_medium=Referral&#038;utm_campaign=211Resources&#038;utm_content=Employment\"  target=\"_self\" itemprop=\"url\">\n\t\t\t\t<img decoding=\"async\" src=\"https:\/\/211md.org\/wp-content\/uploads\/bb-plugin\/cache\/2025_MdInfoNet_Icon-Sets_Employment-square-44707bd410e4df10a470bf130ebcea86-.png\" alt=\"\" itemprop=\"image\" onerror=\"this.style.display='none'\" loading=\"lazy\" \/>\n\t\t\t\t<\/a>\n\t\t<h4><a href=\"\/de\/ressourcen\/gesundheitswesen\/?utm_source=Home&#038;utm_medium=Referral&#038;utm_campaign=211Resources&#038;utm_content=Health%20Care\" target=\"_self\">Gesundheitsvorsorge<\/a><\/h4>\n\t\t\t\t<a href=\"\/de\/ressourcen\/gesundheitswesen\/?utm_source=Home&#038;utm_medium=Referral&#038;utm_campaign=211Resources&#038;utm_content=Health%20Care\"  target=\"_self\" itemprop=\"url\">\n\t\t\t\t<img decoding=\"async\" src=\"https:\/\/211md.org\/wp-content\/uploads\/bb-plugin\/cache\/2025_MdInfoNet_Icon-Sets_Health-Care-square-dee98a0060cbe0e7f27eda253fc12679-.png\" alt=\"\" itemprop=\"image\" onerror=\"this.style.display='none'\" loading=\"lazy\" \/>\n\t\t\t\t<\/a>\n\t\t<h4><a href=\"\/de\/ressourcen\/kinder-familien\/verwandtschaftspflege\/?utm_source=Home&#038;utm_medium=Referral&#038;utm_campaign=211Resources&#038;utm_content=Kinship\" target=\"_self\">Verwandtschaft<\/a><\/h4>\n\t\t\t\t<a href=\"\/de\/ressourcen\/kinder-familien\/verwandtschaftspflege\/?utm_source=Home&#038;utm_medium=Referral&#038;utm_campaign=211Resources&#038;utm_content=Kinship\"  target=\"_self\" itemprop=\"url\">\n\t\t\t\t<img decoding=\"async\" src=\"https:\/\/211md.org\/wp-content\/uploads\/bb-plugin\/cache\/2025_211_Icon-Sets_Kinship-square-45bdf872866f5735f842c32071109267-.png\" alt=\"Verwandtschaftssymbol\" itemprop=\"image\" height=\"417\" width=\"417\" title=\"2025_211_Icon Sets_Verwandtschaft\" onerror=\"this.style.display='none'\" loading=\"lazy\" \/>\n\t\t\t\t<\/a>\n\t\t<h4><a href=\"\/de\/ressourcen\/rechtsberatung\/?utm_source=Home&#038;utm_medium=Referral&#038;utm_campaign=211Resources&#038;utm_content=Legal\" target=\"_self\">Rechtsberatung<\/a><\/h4>\n\t\t\t\t<a href=\"\/de\/ressourcen\/rechtsberatung\/?utm_source=Home&#038;utm_medium=Referral&#038;utm_campaign=211Resources&#038;utm_content=Legal\"  target=\"_self\" itemprop=\"url\">\n\t\t\t\t<img decoding=\"async\" src=\"https:\/\/211md.org\/wp-content\/uploads\/bb-plugin\/cache\/2025_MdInfoNet_Icon-Sets_Legal-square-18fdf438feb8435588174d9046463257-.png\" alt=\"\" itemprop=\"image\" onerror=\"this.style.display='none'\" loading=\"lazy\" \/>\n\t\t\t\t<\/a>\n\t\t<h4><a href=\"\/de\/ressourcen\/psychische-gesundheit\/?utm_source=Home&#038;utm_medium=Referral&#038;utm_campaign=211Resources&#038;utm_content=Mental\" target=\"_self\">Psychische Gesundheit<\/a><\/h4>\n\t\t\t\t<a href=\"\/de\/ressourcen\/psychische-gesundheit\/?utm_source=Home&#038;utm_medium=Referral&#038;utm_campaign=211Resources&#038;utm_content=Mental\"  target=\"_self\" itemprop=\"url\">\n\t\t\t\t<img decoding=\"async\" src=\"https:\/\/211md.org\/wp-content\/uploads\/bb-plugin\/cache\/2025_MdInfoNet_Icon-Sets_Mental-Health-square-c59b38c4a993a947d4c9280fbe2d2fee-.png\" alt=\"\" itemprop=\"image\" onerror=\"this.style.display='none'\" loading=\"lazy\" \/>\n\t\t\t\t<\/a>\n\t\t<h4><a href=\"\/de\/ressourcen\/mdreentry\/?utm_source=Home&#038;utm_medium=Referral&#038;utm_campaign=211Resources&#038;utm_content=Reentry\" target=\"_self\">Wiedereintritt<\/a><\/h4>\n\t\t\t\t<a href=\"\/de\/ressourcen\/mdreentry\/?utm_source=Home&#038;utm_medium=Referral&#038;utm_campaign=211Resources&#038;utm_content=Reentry\"  target=\"_self\" itemprop=\"url\">\n\t\t\t\t<img decoding=\"async\" src=\"https:\/\/211md.org\/wp-content\/uploads\/bb-plugin\/cache\/2025_211_Icon-Sets_Reentry-square-8676fea38abd920a832f45642fe31cca-.png\" alt=\"Symbol \u201eWiedereintritt\u201c\" itemprop=\"image\" height=\"417\" width=\"417\" title=\"2025_211_Icon Sets_Wiedereintritt\" onerror=\"this.style.display='none'\" loading=\"lazy\" \/>\n\t\t\t\t<\/a>\n\t\t<h4><a href=\"\/de\/ressourcen\/substanzgebrauch\/?utm_source=Home&#038;utm_medium=Referral&#038;utm_campaign=211Resources&#038;utm_content=Substance\" target=\"_self\">Substanzgebrauch<\/a><\/h4>\n\t\t\t\t<a href=\"\/de\/ressourcen\/substanzgebrauch\/?utm_source=Home&#038;utm_medium=Referral&#038;utm_campaign=211Resources&#038;utm_content=Substance\"  target=\"_self\" itemprop=\"url\">\n\t\t\t\t<img decoding=\"async\" src=\"https:\/\/211md.org\/wp-content\/uploads\/bb-plugin\/cache\/2025_MdInfoNet_Icon-Sets_Substance-Abuse-square-9022fec9d18a64118ad685c101885b55-.png\" alt=\"\" itemprop=\"image\" onerror=\"this.style.display='none'\" loading=\"lazy\" \/>\n\t\t\t\t<\/a>\n\t\t<h4><a href=\"\/de\/ressourcen\/veteranen\/?utm_source=Home&#038;utm_medium=Referral&#038;utm_campaign=211Resources&#038;utm_content=Veterans\" target=\"_self\">Veteranen<\/a><\/h4>\n\t\t\t\t<a href=\"\/de\/ressourcen\/veteranen\/?utm_source=Home&#038;utm_medium=Referral&#038;utm_campaign=211Resources&#038;utm_content=Veterans\"  target=\"_self\" itemprop=\"url\">\n\t\t\t\t<img decoding=\"async\" src=\"https:\/\/211md.org\/wp-content\/uploads\/bb-plugin\/cache\/2025_MdInfoNet_Icon-Sets_Rating-square-6e60d00cce4faa8e0a6d4ad7366aa733-.png\" alt=\"\" itemprop=\"image\" onerror=\"this.style.display='none'\" loading=\"lazy\" \/>\n\t\t\t\t<\/a>","protected":false},"excerpt":{"rendered":"<p>Ressourcen in meiner N\u00e4he finden Jetzt suchen F\u00fcgen Sie Ihre Agentur oder Organisation zu unserer Ressourcendatenbank hinzu. Ben\u00f6tigen Sie Unterst\u00fctzung beim Bezahlen Ihrer Rechnungen? 211 hilft Ihnen, Ressourcen in Cecil County f\u00fcr Versorgungsleistungen, Lebensmittel, Wohnraum und mehr zu finden. Sie finden Hilfe durch: Durchsuchen Sie die 211-Datenbank. Rufen Sie eine der unten aufgef\u00fchrten Agenturen an. W\u00e4hlen Sie 211, um\u2026<\/p>","protected":false},"author":8,"featured_media":0,"parent":750,"menu_order":0,"comment_status":"closed","ping_status":"closed","template":"","meta":{"footnotes":""},"class_list":["post-1698","page","type-page","status-publish","hentry"],"_links":{"self":[{"href":"https:\/\/211md.org\/de\/wp-json\/wp\/v2\/pages\/1698","targetHints":{"allow":["GET"]}}],"collection":[{"href":"https:\/\/211md.org\/de\/wp-json\/wp\/v2\/pages"}],"about":[{"href":"https:\/\/211md.org\/de\/wp-json\/wp\/v2\/types\/page"}],"author":[{"embeddable":true,"href":"https:\/\/211md.org\/de\/wp-json\/wp\/v2\/users\/8"}],"replies":[{"embeddable":true,"href":"https:\/\/211md.org\/de\/wp-json\/wp\/v2\/comments?post=1698"}],"version-history":[{"count":5,"href":"https:\/\/211md.org\/de\/wp-json\/wp\/v2\/pages\/1698\/revisions"}],"predecessor-version":[{"id":34076,"href":"https:\/\/211md.org\/de\/wp-json\/wp\/v2\/pages\/1698\/revisions\/34076"}],"up":[{"embeddable":true,"href":"https:\/\/211md.org\/de\/wp-json\/wp\/v2\/pages\/750"}],"wp:attachment":[{"href":"https:\/\/211md.org\/de\/wp-json\/wp\/v2\/media?parent=1698"}],"curies":[{"name":"wp","href":"https:\/\/api.w.org\/{rel}","templated":true}]}}