{"id":1699,"date":"2021-05-12T00:25:01","date_gmt":"2021-05-12T00:25:01","guid":{"rendered":"https:\/\/211md.org\/?page_id=1699"},"modified":"2025-11-11T10:50:03","modified_gmt":"2025-11-11T15:50:03","slug":"harford-county","status":"publish","type":"page","link":"https:\/\/211md.org\/de\/resources-by-county\/harford-county\/","title":{"rendered":"Grafschaft Harford"},"content":{"rendered":"<img decoding=\"async\" src=\"https:\/\/stg-maryland211-staging.kinsta.cloud\/wp-content\/uploads\/2025\/08\/5-1-scaled.png\" alt=\"5\" itemprop=\"image\" height=\"692\" width=\"2560\" title=\"5\" onerror=\"this.style.display='none'\" loading=\"lazy\" \/>\n\t\t<p>Are you looking for help in Harford County? You&#8217;ve come to the right place. 211&#8217;s guide to food, housing, and utility support includes the top community resources in Harford County.<\/p>\n<p>Get started finding help.<\/p>\n\t\t\t<a href=\"#start\" target=\"_self\">\n\t\t\t\t\t\tErste Schritte\n\t\t\t\t\t<\/a>\n\t\t\t\t<img decoding=\"async\" src=\"https:\/\/211md.org\/wp-content\/plugins\/bb-plugin\/img\/pixel.png\" alt=\"\" itemprop=\"image\" onerror=\"this.style.display='none'\" loading=\"lazy\" \/>\n\t\t\t\t<img decoding=\"async\" src=\"https:\/\/stg-maryland211-staging.kinsta.cloud\/wp-content\/uploads\/2025\/08\/16.png\" alt=\"16\" itemprop=\"image\" height=\"1000\" width=\"1000\" title=\"16\" onerror=\"this.style.display='none'\" loading=\"lazy\" \/>\n\t\t\t\t<img decoding=\"async\" src=\"http:\/\/211md.org\/wp-content\/uploads\/2022\/09\/Grassroots-Food-Pantry.jpg\" alt=\"Grassroots Food Pantry in Columbia, MD\" itemprop=\"image\" title=\"Grassroots-Food-Pantry\" onerror=\"this.style.display='none'\" loading=\"lazy\" \/>\n\t<h2><b>Free Food in Harford County<\/b><\/h2>\n<p>There are food pantries throughout Harford County in\u00a0Bel Air, Fallston, Abingdon, Edgewood, Havre de Grace, and Aberdeen.<\/p>\n<p>The Community Action Agency also offers a food pantry.<\/p>\n<h3><b>Community Action Agency Food Pantry<\/b><\/h3>\n<p>The Community Action Agency Food Pantry and Food Bank in Edgewood, Maryland, offers emergency and supplemental food every 30 days to eligible Harford County residents.<\/p>\n<p>Eligible residents can get fresh and canned fruits, vegetables, meat, dairy products, and breads and pastries. The food lasts 3-4 days, depending on the size of the household.<\/p>\n<p><a href=\"https:\/\/harfordcaa.org\/programs\/hunger-prevention\/food-pantry\/\" target=\"_blank\" rel=\"noopener\">Pr\u00fcfen Sie, ob Sie Anspruch auf Hilfe haben<\/a> and apply for food pantry support through the Community Action Agency.<\/p>\n\t\t<h3>Find a food pantry nearby<\/h3>\n\t\t<p>There are food pantries open throughout the week in Harford County. <a href=\"https:\/\/harfordcaa.org\/programs\/hunger-prevention\/food-pantry\/#1580244729155-d66d72c2-dbe7\" target=\"_blank\" rel=\"noopener\">View Harford Community Action Agency&#8217;s food pantry event list<\/a> to find one nearby.<\/p>\n<p>Or connect directly with a CAC partner agency that provides food:<\/p>\n<ul>\n<li><a href=\"https:\/\/belairumc.org\/neighbors-in-need\/\" target=\"_blank\" rel=\"noopener\">Bel Air United Methodist Church<\/a> &#8211; Bel Air<\/li>\n<li>Char Hope Foundation<\/li>\n<li>Boys &amp; Girls Club of Harford &amp; Cecil Counties<\/li>\n<li>Extreme Family Outreach<\/li>\n<li>Fallston Presbyterian Church<\/li>\n<li><a href=\"https:\/\/gracedarlington.org\/the-3rd-saturday-food-pantry\/\" target=\"_blank\" rel=\"noopener\">Grace Memorial Episcopal Church<\/a> &#8211; Darlington<\/li>\n<li><a href=\"https:\/\/www.graceumchurch.org\/food-pantry.html\" target=\"_blank\" rel=\"noopener\">Grace United Methodist Church<\/a> &#8211; Aberdeen<\/li>\n<li>Homecoming Project<\/li>\n<li>Inner County Outreach<\/li>\n<li>Mann House<\/li>\n<li><a href=\"https:\/\/www.oakgrovebaptistmd.com\/community-1\" target=\"_blank\" rel=\"noopener\">Oak Grove Baptist Church<\/a> &#8211; Bel Air<\/li>\n<li><a href=\"http:\/\/www.rayofhopemissioncenter.com\/Services.html\" target=\"_blank\" rel=\"noopener\">Ray of Hope Mission<\/a> &#8211; Port Deposit (Cecil County)<\/li>\n<li>St. Margaret Parish<\/li>\n<li><a href=\"https:\/\/www.growwithjesus.org\/serving-others\" target=\"_blank\" rel=\"noopener\">St. Paul&#8217;s Lutheran Church<\/a> &#8211; Aberdeen<\/li>\n<li>The Kitchen Door<\/li>\n<li>Village at Lakeview Community Center<\/li>\n<\/ul>\n<p>These are the Emergency Food Assistance Program Partners:<\/p>\n<ul>\n<li>Grove Presbyterian Church<\/li>\n<li>Mason-Dixon Community Services<\/li>\n<li>Smith&#8217;s Chapel United Methodist Church<\/li>\n<li>St. Joan of Arc Good Samaritan Ministry<\/li>\n<li>St. John&#8217;s Episcopal Church (St. John&#8217;s Cupboard)<\/li>\n<li>St. Matthew Lutheran Church<\/li>\n<li>Tabitha&#8217;s House<\/li>\n<\/ul>\n<p>Not seeing a location near you. <a href=\"https:\/\/www.healthyharford.org\/healthy-living\/healthy-eating-and-nutrition\/community-grocery-and-meal-assistance-grocery-assistance\" target=\"_blank\" rel=\"noopener\">Healthy Harford<\/a> also has a list of groups offering food.<\/p>\n<p>You can also view 211&#8217;s Guide to Food Assistance Programs and learn about WIC, SNAP, and grocery discount programs.<\/p>\n\t\t\t<a href=\"https:\/\/211md.org\/de\/ressourcen\/lebensmittel\/\" target=\"_self\">\n\t\t\t\t\t\t\t211&#8217;s Food Guide\n\t\t\t<\/a>\n\t<h2>Beliebte Lebensmittelressourcen<\/h2>\n<p>Suchen Sie in der Community Resource Database nach Organisationen in Ihrer N\u00e4he, die mit Lebensmitteln helfen k\u00f6nnen. Dies sind g\u00e4ngige Suchvorg\u00e4nge f\u00fcr den Einstieg. Klicken Sie unten auf die passende Schaltfl\u00e4che und geben Sie auf der Ergebnisseite eine Postleitzahl ein, um Orte in der N\u00e4he zu finden.<\/p>\n\t\t\t<a href=\"https:\/\/search.211md.org\/search?query=BD-1800.2250&#038;query_label=Food+vouchers&#038;query_type=taxonomy&#038;utm_source=211&#038;utm_medium=Referral&#038;utm_campaign=Foodlink&#038;utm_content=Food%20Vouchers\" target=\"_blank\" rel=\"noopener\">\n\t\t\t\t\t\tEssensgutscheine\n\t\t\t\t\t<\/a>\n\t\t\t<a href=\"https:\/\/search.211md.org\/search?query=Food+Banks+%26+Pantries&#038;query_label=Food+Banks+%26+Pantries&#038;query_type=taxonomy\" target=\"_blank\" rel=\"noopener\">\n\t\t\t\t\t\tNahrungsmittelbank\n\t\t\t\t\t<\/a>\n\t\t\t<a href=\"https:\/\/search.211md.org\/search?query=BD-1800.2250&#038;query_type=taxonomy&#038;query_label=&#038;query_language=en&#038;utm_source=&#038;utm_medium=Referral&#038;utm_campaign=Foodlink&#038;utm_content=Fresh%20Food\" target=\"_blank\" rel=\"noopener\">\n\t\t\t\t\t\tFrisches Essen\n\t\t\t\t\t<\/a>\n\t\t\t<a href=\"https:\/\/search.211md.org\/search?query=BD-1800.8200-250&#038;query_label=Formula%2FBaby+Food&#038;query_type=taxonomy&#038;utm_source=&#038;utm_medium=Referral&#038;utm_campaign=Foodlink&#038;utm_content=Baby%20Formula\" target=\"_blank\" rel=\"noopener\">\n\t\t\t\t\t\tFormel\/Babynahrung\n\t\t\t\t\t<\/a>\n\t\t\t<a href=\"https:\/\/search.211md.org\/search?query=BD-2400.2590&#038;query_type=taxonomy&#038;query_label=&#038;query_language=en&#038;utm_source=&#038;utm_medium=Referral&#038;utm_campaign=Foodlink&#038;utm_content=Grocery%20Delivery\" target=\"_blank\" rel=\"noopener\">\n\t\t\t\t\t\tLebensmittellieferung\n\t\t\t\t\t<\/a>\n\t\t\t<a href=\"https:\/\/search.211md.org\/search?query=food+pantry&#038;query_label=food+pantry&#038;query_type=text\" target=\"_blank\" rel=\"noopener\">\n\t\t\t\t\t\tSpeisekammer\n\t\t\t\t\t<\/a>\n\t\t\t\t<img decoding=\"async\" src=\"http:\/\/211md.org\/wp-content\/uploads\/2025\/09\/Reviewing-documentation-needed-to-apply-for-financial-help.jpg\" alt=\"\u00dcberpr\u00fcfung der f\u00fcr die Beantragung finanzieller Hilfe erforderlichen Unterlagen\" itemprop=\"image\" title=\"\u00dcberpr\u00fcfung der f\u00fcr die Beantragung finanzieller Hilfe erforderlichen Unterlagen\" onerror=\"this.style.display='none'\" loading=\"lazy\" \/>\n<h2>Community-Gruppen, die helfen k\u00f6nnen<\/h2>\n<p>The Harford Community Action Agency can also help residents with other essential needs, in addition to food, including utility bills, housing, and case management for Peer Recovery, Pre-GED, and health insurance help. <a href=\"https:\/\/harfordcaa.org\/\" target=\"_blank\" rel=\"noopener\">Connect with the CAC<\/a>.<\/p>\n<p>Inner County Outreach\u00a0offers\u00a0<a href=\"https:\/\/www.innercountyoutreach.org\/mental-health-services\" target=\"_blank\" rel=\"noopener\">psychische Unterst\u00fctzung<\/a>, housing rehab for dilapidated and vacant homes, homebuyer education, mentoring,\u00a0support for children with a parent in prison or jail, and\u00a0<a href=\"https:\/\/innercountyoutreach.org\/re-entry\/\" target=\"_blank\" rel=\"noopener\">Wiedereinstiegsprogramme in die Gemeinschaft<\/a>\u00a0f\u00fcr die Inhaftierten.<\/p>\n<p>The\u00a0Bel Air United Methodist Church also runs the <a href=\"https:\/\/belairumc.org\/pass-it-on-ministry\/\" target=\"_blank\" rel=\"noopener\">PASS-IT-ON Ministry<\/a> to prevent BGE or Delmarva turn-offs. Residents can get help once every 12 months.<\/p>\n<p>Energy assistance is also available through state utility assistance programs. Learn how to apply for these grants with the <a href=\"https:\/\/211md.org\/de\/ressourcen\/utility-unterstutzung\/\">211 Utility Assistance Guide<\/a>.<\/p>\n\t\t\t\t<img decoding=\"async\" src=\"https:\/\/211md.org\/wp-content\/plugins\/bb-plugin\/img\/pixel.png\" alt=\"\" itemprop=\"image\" onerror=\"this.style.display='none'\" loading=\"lazy\" \/>\n\t\t\t\t<img decoding=\"async\" src=\"https:\/\/211md.org\/wp-content\/uploads\/bb-plugin\/cache\/Call-center-specialst-circle-4e9ecd7b3425be4576416abc911049bb-.jpg\" alt=\"Callcenter-Spezialist\" itemprop=\"image\" title=\"Callcenter-Spezialist\" onerror=\"this.style.display='none'\" loading=\"lazy\" \/>\n<h2>W\u00e4hlen Sie 211<\/h2><p>Sprechen Sie rund um die Uhr mit einer f\u00fcrsorglichen und mitf\u00fchlenden Person. Sie kann Sie auch mit Ressourcen verbinden.\u00a0<\/p>\n\t\t\t<a href=\"tel:%20+211\" target=\"_blank\" rel=\"noopener\">\n\t\t\t\t\t\tW\u00e4hlen Sie 211 (mobil)\n\t\t\t\t\t<\/a>\n\t\t<h4><a href=\"\/de\/ressourcen\/alterungsbehinderung\/?utm_source=Home&#038;utm_medium=Referral&#038;utm_campaign=211Resources&#038;utm_content=Aging\" target=\"_self\">Alter &amp; Behinderung<\/a><\/h4>\n\t\t\t\t<a href=\"\/de\/ressourcen\/alterungsbehinderung\/?utm_source=Home&#038;utm_medium=Referral&#038;utm_campaign=211Resources&#038;utm_content=Aging\"  target=\"_self\" itemprop=\"url\">\n\t\t\t\t<img decoding=\"async\" src=\"https:\/\/211md.org\/wp-content\/uploads\/bb-plugin\/cache\/2025_MdInfoNet_Icon-Sets_Aging-disability-square-c466727102cae71e5f27b8539bb51945-.png\" alt=\"\" itemprop=\"image\" onerror=\"this.style.display='none'\" loading=\"lazy\" \/>\n\t\t\t\t<\/a>\n\t\t<h4><a href=\"\/de\/ressourcen\/kinder-familien\/?utm_source=Home&#038;utm_medium=Referral&#038;utm_campaign=211Resources&#038;utm_content=Children\" target=\"_self\">Kinder &amp; Familien<\/a><\/h4>\n\t\t\t\t<a href=\"\/de\/ressourcen\/kinder-familien\/?utm_source=Home&#038;utm_medium=Referral&#038;utm_campaign=211Resources&#038;utm_content=Children\"  target=\"_self\" itemprop=\"url\">\n\t\t\t\t<img decoding=\"async\" src=\"https:\/\/211md.org\/wp-content\/uploads\/bb-plugin\/cache\/2025_211_Icon-Sets_Child-care-square-f3b0d4edab3dcc467fadb5f55f4064c6-.png\" alt=\"2025_211_Icon Sets_Kinderbetreuung\" itemprop=\"image\" height=\"417\" width=\"417\" title=\"2025_211_Icon Sets_Kinderbetreuung\" onerror=\"this.style.display='none'\" loading=\"lazy\" \/>\n\t\t\t\t<\/a>\n\t\t<h4><a href=\"\/de\/ressourcen\/hausliche-familiare-gewalt\/?utm_source=Home&#038;utm_medium=Referral&#038;utm_campaign=211Resources&#038;utm_content=Domestic\" target=\"_self\">H\u00e4usliche Gewalt<\/a><\/h4>\n\t\t\t\t<a href=\"\/de\/ressourcen\/hausliche-familiare-gewalt\/?utm_source=Home&#038;utm_medium=Referral&#038;utm_campaign=211Resources&#038;utm_content=Domestic\"  target=\"_self\" itemprop=\"url\">\n\t\t\t\t<img decoding=\"async\" src=\"https:\/\/211md.org\/wp-content\/uploads\/bb-plugin\/cache\/2025_211_Icon-Sets_Domestic-Violence-square-7b597694a6f05fe90cdc376aa573bc63-.png\" alt=\"Symbol f\u00fcr h\u00e4usliche Gewalt\" itemprop=\"image\" height=\"417\" width=\"417\" title=\"2025_211_Icon Sets_H\u00e4usliche Gewalt\" onerror=\"this.style.display='none'\" loading=\"lazy\" \/>\n\t\t\t\t<\/a>\n\t\t<h4><a href=\"\/de\/ressourcen\/arbeitssuche\/?utm_source=Home&#038;utm_medium=Referral&#038;utm_campaign=211Resources&#038;utm_content=Employment\" target=\"_self\">Besch\u00e4ftigung<\/a><\/h4>\n\t\t\t\t<a href=\"\/de\/ressourcen\/arbeitssuche\/?utm_source=Home&#038;utm_medium=Referral&#038;utm_campaign=211Resources&#038;utm_content=Employment\"  target=\"_self\" itemprop=\"url\">\n\t\t\t\t<img decoding=\"async\" src=\"https:\/\/211md.org\/wp-content\/uploads\/bb-plugin\/cache\/2025_MdInfoNet_Icon-Sets_Employment-square-44707bd410e4df10a470bf130ebcea86-.png\" alt=\"\" itemprop=\"image\" onerror=\"this.style.display='none'\" loading=\"lazy\" \/>\n\t\t\t\t<\/a>\n\t\t<h4><a href=\"\/de\/ressourcen\/gesundheitswesen\/?utm_source=Home&#038;utm_medium=Referral&#038;utm_campaign=211Resources&#038;utm_content=Health%20Care\" target=\"_self\">Gesundheitsvorsorge<\/a><\/h4>\n\t\t\t\t<a href=\"\/de\/ressourcen\/gesundheitswesen\/?utm_source=Home&#038;utm_medium=Referral&#038;utm_campaign=211Resources&#038;utm_content=Health%20Care\"  target=\"_self\" itemprop=\"url\">\n\t\t\t\t<img decoding=\"async\" src=\"https:\/\/211md.org\/wp-content\/uploads\/bb-plugin\/cache\/2025_MdInfoNet_Icon-Sets_Health-Care-square-dee98a0060cbe0e7f27eda253fc12679-.png\" alt=\"\" itemprop=\"image\" onerror=\"this.style.display='none'\" loading=\"lazy\" \/>\n\t\t\t\t<\/a>\n\t\t<h4><a href=\"\/de\/ressourcen\/kinder-familien\/verwandtschaftspflege\/?utm_source=Home&#038;utm_medium=Referral&#038;utm_campaign=211Resources&#038;utm_content=Kinship\" target=\"_self\">Verwandtschaft<\/a><\/h4>\n\t\t\t\t<a href=\"\/de\/ressourcen\/kinder-familien\/verwandtschaftspflege\/?utm_source=Home&#038;utm_medium=Referral&#038;utm_campaign=211Resources&#038;utm_content=Kinship\"  target=\"_self\" itemprop=\"url\">\n\t\t\t\t<img decoding=\"async\" src=\"https:\/\/211md.org\/wp-content\/uploads\/bb-plugin\/cache\/2025_211_Icon-Sets_Kinship-square-45bdf872866f5735f842c32071109267-.png\" alt=\"Verwandtschaftssymbol\" itemprop=\"image\" height=\"417\" width=\"417\" title=\"2025_211_Icon Sets_Verwandtschaft\" onerror=\"this.style.display='none'\" loading=\"lazy\" \/>\n\t\t\t\t<\/a>\n\t\t<h4><a href=\"\/de\/ressourcen\/rechtsberatung\/?utm_source=Home&#038;utm_medium=Referral&#038;utm_campaign=211Resources&#038;utm_content=Legal\" target=\"_self\">Rechtsberatung<\/a><\/h4>\n\t\t\t\t<a href=\"\/de\/ressourcen\/rechtsberatung\/?utm_source=Home&#038;utm_medium=Referral&#038;utm_campaign=211Resources&#038;utm_content=Legal\"  target=\"_self\" itemprop=\"url\">\n\t\t\t\t<img decoding=\"async\" src=\"https:\/\/211md.org\/wp-content\/uploads\/bb-plugin\/cache\/2025_MdInfoNet_Icon-Sets_Legal-square-18fdf438feb8435588174d9046463257-.png\" alt=\"\" itemprop=\"image\" onerror=\"this.style.display='none'\" loading=\"lazy\" \/>\n\t\t\t\t<\/a>\n\t\t<h4><a href=\"\/de\/ressourcen\/psychische-gesundheit\/?utm_source=Home&#038;utm_medium=Referral&#038;utm_campaign=211Resources&#038;utm_content=Mental\" target=\"_self\">Psychische Gesundheit<\/a><\/h4>\n\t\t\t\t<a href=\"\/de\/ressourcen\/psychische-gesundheit\/?utm_source=Home&#038;utm_medium=Referral&#038;utm_campaign=211Resources&#038;utm_content=Mental\"  target=\"_self\" itemprop=\"url\">\n\t\t\t\t<img decoding=\"async\" src=\"https:\/\/211md.org\/wp-content\/uploads\/bb-plugin\/cache\/2025_MdInfoNet_Icon-Sets_Mental-Health-square-c59b38c4a993a947d4c9280fbe2d2fee-.png\" alt=\"\" itemprop=\"image\" onerror=\"this.style.display='none'\" loading=\"lazy\" \/>\n\t\t\t\t<\/a>\n\t\t<h4><a href=\"\/de\/ressourcen\/mdreentry\/?utm_source=Home&#038;utm_medium=Referral&#038;utm_campaign=211Resources&#038;utm_content=Reentry\" target=\"_self\">Wiedereintritt<\/a><\/h4>\n\t\t\t\t<a href=\"\/de\/ressourcen\/mdreentry\/?utm_source=Home&#038;utm_medium=Referral&#038;utm_campaign=211Resources&#038;utm_content=Reentry\"  target=\"_self\" itemprop=\"url\">\n\t\t\t\t<img decoding=\"async\" src=\"https:\/\/211md.org\/wp-content\/uploads\/bb-plugin\/cache\/2025_211_Icon-Sets_Reentry-square-8676fea38abd920a832f45642fe31cca-.png\" alt=\"Symbol \u201eWiedereintritt\u201c\" itemprop=\"image\" height=\"417\" width=\"417\" title=\"2025_211_Icon Sets_Wiedereintritt\" onerror=\"this.style.display='none'\" loading=\"lazy\" \/>\n\t\t\t\t<\/a>\n\t\t<h4><a href=\"\/de\/ressourcen\/substanzgebrauch\/?utm_source=Home&#038;utm_medium=Referral&#038;utm_campaign=211Resources&#038;utm_content=Substance\" target=\"_self\">Substanzgebrauch<\/a><\/h4>\n\t\t\t\t<a href=\"\/de\/ressourcen\/substanzgebrauch\/?utm_source=Home&#038;utm_medium=Referral&#038;utm_campaign=211Resources&#038;utm_content=Substance\"  target=\"_self\" itemprop=\"url\">\n\t\t\t\t<img decoding=\"async\" src=\"https:\/\/211md.org\/wp-content\/uploads\/bb-plugin\/cache\/2025_MdInfoNet_Icon-Sets_Substance-Abuse-square-9022fec9d18a64118ad685c101885b55-.png\" alt=\"\" itemprop=\"image\" onerror=\"this.style.display='none'\" loading=\"lazy\" \/>\n\t\t\t\t<\/a>\n\t\t<h4><a href=\"\/de\/ressourcen\/veteranen\/?utm_source=Home&#038;utm_medium=Referral&#038;utm_campaign=211Resources&#038;utm_content=Veterans\" target=\"_self\">Veteranen<\/a><\/h4>\n\t\t\t\t<a href=\"\/de\/ressourcen\/veteranen\/?utm_source=Home&#038;utm_medium=Referral&#038;utm_campaign=211Resources&#038;utm_content=Veterans\"  target=\"_self\" itemprop=\"url\">\n\t\t\t\t<img decoding=\"async\" src=\"https:\/\/211md.org\/wp-content\/uploads\/bb-plugin\/cache\/2025_MdInfoNet_Icon-Sets_Rating-square-6e60d00cce4faa8e0a6d4ad7366aa733-.png\" alt=\"\" itemprop=\"image\" onerror=\"this.style.display='none'\" loading=\"lazy\" \/>\n\t\t\t\t<\/a>","protected":false},"excerpt":{"rendered":"<p>Are you looking for help in Harford County? You&#8217;ve come to the right place. 211&#8217;s guide to food, housing, and utility support includes the top community resources in Harford County. Get started finding help. Get Started Free Food in Harford County There are food pantries throughout Harford County in\u00a0Bel Air, Fallston, Abingdon, Edgewood, Havre de&hellip;<\/p>","protected":false},"author":8,"featured_media":34216,"parent":750,"menu_order":0,"comment_status":"closed","ping_status":"closed","template":"","meta":{"footnotes":""},"class_list":["post-1699","page","type-page","status-publish","has-post-thumbnail","hentry"],"_links":{"self":[{"href":"https:\/\/211md.org\/de\/wp-json\/wp\/v2\/pages\/1699","targetHints":{"allow":["GET"]}}],"collection":[{"href":"https:\/\/211md.org\/de\/wp-json\/wp\/v2\/pages"}],"about":[{"href":"https:\/\/211md.org\/de\/wp-json\/wp\/v2\/types\/page"}],"author":[{"embeddable":true,"href":"https:\/\/211md.org\/de\/wp-json\/wp\/v2\/users\/8"}],"replies":[{"embeddable":true,"href":"https:\/\/211md.org\/de\/wp-json\/wp\/v2\/comments?post=1699"}],"version-history":[{"count":7,"href":"https:\/\/211md.org\/de\/wp-json\/wp\/v2\/pages\/1699\/revisions"}],"predecessor-version":[{"id":34220,"href":"https:\/\/211md.org\/de\/wp-json\/wp\/v2\/pages\/1699\/revisions\/34220"}],"up":[{"embeddable":true,"href":"https:\/\/211md.org\/de\/wp-json\/wp\/v2\/pages\/750"}],"wp:featuredmedia":[{"embeddable":true,"href":"https:\/\/211md.org\/de\/wp-json\/wp\/v2\/media\/34216"}],"wp:attachment":[{"href":"https:\/\/211md.org\/de\/wp-json\/wp\/v2\/media?parent=1699"}],"curies":[{"name":"wp","href":"https:\/\/api.w.org\/{rel}","templated":true}]}}