{"id":1701,"date":"2021-05-12T00:25:17","date_gmt":"2021-05-12T00:25:17","guid":{"rendered":"https:\/\/211md.org\/?page_id=1701"},"modified":"2026-01-08T09:38:03","modified_gmt":"2026-01-08T14:38:03","slug":"baltimore-county","status":"publish","type":"page","link":"https:\/\/211md.org\/de\/resources-by-county\/baltimore-county\/","title":{"rendered":"Baltimore County"},"content":{"rendered":"<h2><a href=\"https:\/\/search.211md.org\/\" target=\"_blank\"  rel=\"noopener\">Finden Sie Ressourcen in meiner N\u00e4he<\/a><\/h2>\n\t\t\t<a href=\"https:\/\/search.211md.org\/\" target=\"_blank\" rel=\"noopener\">\n\t\t\t\t\t\t\tJetzt suchen\n\t\t\t<\/a>\n\t<p><strong><a href=\"\/de\/treten-sie-unserer-datenbank-bei\/\">F\u00fcgen Sie Ihre Agentur oder Organisation zu unserer Ressourcendatenbank hinzu.<\/a><\/strong><\/p>\n<p>Wohnen Sie in Dundalk, Woodlawn, Gyndon, Worthington, Owings Mills, Towson, Middle River, Milford Mill, Cockeysville oder einer der vielen anderen Gemeinden im Baltimore County? Wir helfen Ihnen rund um die Uhr an 365 Tagen im Jahr. W\u00e4hlen Sie 211.<\/p>\n<p>211 Maryland macht es Ihnen leicht, mit Ressourcen in Kontakt zu treten, die Ihnen dabei helfen k\u00f6nnen, erfolgreich zu sein.<\/p>\n<h2>Wohnraumwahl-Gutschein<\/h2>\n<p>Wenn Sie Hilfe bei der Zahlung der Miete ben\u00f6tigen, haben Sie m\u00f6glicherweise Anspruch darauf <a href=\"https:\/\/www.baltimorecountymd.gov\/departments\/housing\/housing-programs\" target=\"_blank\" rel=\"noopener\">Housing Choice Voucher (HCV)-Programm<\/a>, die fr\u00fcher Abschnitt 8 hie\u00df. Es kann eine Warteliste geben. Ihr Platz auf der Liste wird durch das Datum und die Uhrzeit Ihrer Bewerbung bestimmt.<\/p>\n<p><a href=\"https:\/\/baltimorecounty.myhousing.com\/?abandon=False\" target=\"_blank\" rel=\"noopener\">Beantragen Sie Wartelisten f\u00fcr Wohnraum in Baltimore County<\/a>.<\/p>\n<h2><b>Essen<\/b><\/h2>\n<p>Wenn Sie Lebensmittel ben\u00f6tigen, k\u00f6nnen Sie m\u00f6glicherweise Unterst\u00fctzung von der bekommen <a href=\"https:\/\/www.canconnects.org\/food-pantry\" target=\"_blank\" rel=\"noopener\">Community Assistance Network Community Choice Pantry<\/a>. Das einkommensabh\u00e4ngige Programm umfasst Fr\u00fchst\u00fcck, Mittagessen, Abendessen und zwei Snacks pro Tag f\u00fcr eine Woche (7 Tage). Wenn Sie dazu berechtigt sind, k\u00f6nnen Sie alle 30 Tage zus\u00e4tzliche Nahrung erhalten.<\/p>\n<p>Sie m\u00fcssen Unterlagen vorlegen, um Hilfe durch die Lebensmittelausgabe beantragen zu k\u00f6nnen. Lebensmittelprogramme und Unterst\u00fctzung finden Sie auch im Baltimore County <a href=\"https:\/\/search.211md.org\/\" target=\"_blank\" rel=\"noopener\">211-Datenbank<\/a> oder erfahren Sie mehr dar\u00fcber <a href=\"https:\/\/211md.org\/de\/ressourcen\/lebensmittel\/\">Lebensmittelprogramme wie SNAP verf\u00fcgbar<\/a> an berechtigte Einzelpersonen und Familien.<\/p>\n<h2><b>Utility-Unterst\u00fctzung<\/b><\/h2>\n<p>Das Baltimore County Department of Social Services kann Bewohnern auch bei der Beantragung von Energieunterst\u00fctzung helfen. Es gibt mehrere M\u00f6glichkeiten, Hilfe zu erhalten \u2013 mit einem staatlichen Zuschuss wie dem Maryland Energy Assistance Program (MEAP) des Office of Home Energy Programs (OHEP), dem Fuel Fund, wenn Sie BG&amp;E-Kunde sind, oder mit einem Zahlungsplan Ihres Energieversorgers BG&amp;E.\u00a0<a href=\"\/de\/ressourcen\/utility-unterstutzung\/\" rel=\"noopener\">Erfahren Sie mehr \u00fcber alle M\u00f6glichkeiten, Ihre Stromrechnung zu bezahlen<\/a>.<\/p>\n<h2>Steuervorbereitung im Baltimore County<\/h2>\n<p>Suchen Sie Hilfe bei der Steuererkl\u00e4rung? Im Baltimore County k\u00f6nnen Sie Hilfe von der CASH Campaign of Maryland erhalten. Sie haben einen Standort in Randallstown, Catonsville und Dundalk, wenn Sie $60.000 oder weniger verdient haben. <a href=\"https:\/\/cashmd.org\/baltimore-locations\/\" target=\"_blank\" rel=\"noopener\">Vereinbaren Sie einen Termin<\/a>t, um Hilfe bei Ihren Steuern in Baltimore County zu erhalten.<\/p>\n<p>Sie k\u00f6nnen auch nach einem kostenlosen Anbieter f\u00fcr Steuervorbereitungen suchen <a href=\"https:\/\/search.211md.org\/\" target=\"_blank\" rel=\"noopener\">211 Ressourcendatenbank<\/a>.<\/p>\n<h2>Neue Amerikaner<\/h2>\n<p>Wenn Sie neu in Baltimore City oder Baltimore County sind, k\u00f6nnen Sie die Nummer 211 w\u00e4hlen, um Unterst\u00fctzung bei der Einwanderung zu erhalten. Sie k\u00f6nnen <a href=\"https:\/\/211md.org\/de\/ressourcen\/neu-in-den-usa-und-maryland\/\">Ressourcen finden<\/a> die neue Amerikaner von der Ausbildung bis zur Einb\u00fcrgerung unterst\u00fctzen.<\/p>\n<p>Sie k\u00f6nnen auch spezielle Unterst\u00fctzung f\u00fcr Baltimore vom B\u00fcro f\u00fcr Einwanderungsangelegenheiten des B\u00fcrgermeisters erhalten. Sie haben <a href=\"https:\/\/mima.baltimorecity.gov\/wg\" target=\"_blank\" rel=\"noopener\">Ressourcen nach Kategorie<\/a> und auch ein <a href=\"https:\/\/mima.baltimorecity.gov\/node\/15969\" target=\"_blank\" rel=\"noopener\">Willkommen beim Baltimore Guide,<\/a> in mehreren Sprachen verf\u00fcgbar.<\/p>\n\t\t<h4><a href=\"\/de\/ressourcen\/alterungsbehinderung\/?utm_source=Home&#038;utm_medium=Referral&#038;utm_campaign=211Resources&#038;utm_content=Aging\" target=\"_self\">Alter &amp; Behinderung<\/a><\/h4>\n\t\t\t\t<a href=\"\/de\/ressourcen\/alterungsbehinderung\/?utm_source=Home&#038;utm_medium=Referral&#038;utm_campaign=211Resources&#038;utm_content=Aging\"  target=\"_self\" itemprop=\"url\">\n\t\t\t\t<img decoding=\"async\" src=\"https:\/\/211md.org\/wp-content\/uploads\/bb-plugin\/cache\/2025_MdInfoNet_Icon-Sets_Aging-disability-square-c466727102cae71e5f27b8539bb51945-.png\" alt=\"\" itemprop=\"image\" onerror=\"this.style.display='none'\" loading=\"lazy\" \/>\n\t\t\t\t<\/a>\n\t\t<h4><a href=\"\/de\/ressourcen\/kinder-familien\/?utm_source=Home&#038;utm_medium=Referral&#038;utm_campaign=211Resources&#038;utm_content=Children\" target=\"_self\">Kinder &amp; Familien<\/a><\/h4>\n\t\t\t\t<a href=\"\/de\/ressourcen\/kinder-familien\/?utm_source=Home&#038;utm_medium=Referral&#038;utm_campaign=211Resources&#038;utm_content=Children\"  target=\"_self\" itemprop=\"url\">\n\t\t\t\t<img decoding=\"async\" src=\"https:\/\/211md.org\/wp-content\/uploads\/bb-plugin\/cache\/2025_211_Icon-Sets_Child-care-square-f3b0d4edab3dcc467fadb5f55f4064c6-.png\" alt=\"2025_211_Icon Sets_Kinderbetreuung\" itemprop=\"image\" height=\"417\" width=\"417\" title=\"2025_211_Icon Sets_Kinderbetreuung\" onerror=\"this.style.display='none'\" loading=\"lazy\" \/>\n\t\t\t\t<\/a>\n\t\t<h4><a href=\"\/de\/ressourcen\/hausliche-familiare-gewalt\/?utm_source=Home&#038;utm_medium=Referral&#038;utm_campaign=211Resources&#038;utm_content=Domestic\" target=\"_self\">H\u00e4usliche Gewalt<\/a><\/h4>\n\t\t\t\t<a href=\"\/de\/ressourcen\/hausliche-familiare-gewalt\/?utm_source=Home&#038;utm_medium=Referral&#038;utm_campaign=211Resources&#038;utm_content=Domestic\"  target=\"_self\" itemprop=\"url\">\n\t\t\t\t<img decoding=\"async\" src=\"https:\/\/211md.org\/wp-content\/uploads\/bb-plugin\/cache\/2025_211_Icon-Sets_Domestic-Violence-square-7b597694a6f05fe90cdc376aa573bc63-.png\" alt=\"Symbol f\u00fcr h\u00e4usliche Gewalt\" itemprop=\"image\" height=\"417\" width=\"417\" title=\"2025_211_Icon Sets_H\u00e4usliche Gewalt\" onerror=\"this.style.display='none'\" loading=\"lazy\" \/>\n\t\t\t\t<\/a>\n\t\t<h4><a href=\"\/de\/ressourcen\/arbeitssuche\/?utm_source=Home&#038;utm_medium=Referral&#038;utm_campaign=211Resources&#038;utm_content=Employment\" target=\"_self\">Besch\u00e4ftigung<\/a><\/h4>\n\t\t\t\t<a href=\"\/de\/ressourcen\/arbeitssuche\/?utm_source=Home&#038;utm_medium=Referral&#038;utm_campaign=211Resources&#038;utm_content=Employment\"  target=\"_self\" itemprop=\"url\">\n\t\t\t\t<img decoding=\"async\" src=\"https:\/\/211md.org\/wp-content\/uploads\/bb-plugin\/cache\/2025_MdInfoNet_Icon-Sets_Employment-square-44707bd410e4df10a470bf130ebcea86-.png\" alt=\"\" itemprop=\"image\" onerror=\"this.style.display='none'\" loading=\"lazy\" \/>\n\t\t\t\t<\/a>\n\t\t<h4><a href=\"\/de\/ressourcen\/gesundheitswesen\/?utm_source=Home&#038;utm_medium=Referral&#038;utm_campaign=211Resources&#038;utm_content=Health%20Care\" target=\"_self\">Gesundheitsvorsorge<\/a><\/h4>\n\t\t\t\t<a href=\"\/de\/ressourcen\/gesundheitswesen\/?utm_source=Home&#038;utm_medium=Referral&#038;utm_campaign=211Resources&#038;utm_content=Health%20Care\"  target=\"_self\" itemprop=\"url\">\n\t\t\t\t<img decoding=\"async\" src=\"https:\/\/211md.org\/wp-content\/uploads\/bb-plugin\/cache\/2025_MdInfoNet_Icon-Sets_Health-Care-square-dee98a0060cbe0e7f27eda253fc12679-.png\" alt=\"\" itemprop=\"image\" onerror=\"this.style.display='none'\" loading=\"lazy\" \/>\n\t\t\t\t<\/a>\n\t\t<h4><a href=\"\/de\/ressourcen\/kinder-familien\/verwandtschaftspflege\/?utm_source=Home&#038;utm_medium=Referral&#038;utm_campaign=211Resources&#038;utm_content=Kinship\" target=\"_self\">Verwandtschaft<\/a><\/h4>\n\t\t\t\t<a href=\"\/de\/ressourcen\/kinder-familien\/verwandtschaftspflege\/?utm_source=Home&#038;utm_medium=Referral&#038;utm_campaign=211Resources&#038;utm_content=Kinship\"  target=\"_self\" itemprop=\"url\">\n\t\t\t\t<img decoding=\"async\" src=\"https:\/\/211md.org\/wp-content\/uploads\/bb-plugin\/cache\/2025_211_Icon-Sets_Kinship-square-45bdf872866f5735f842c32071109267-.png\" alt=\"Verwandtschaftssymbol\" itemprop=\"image\" height=\"417\" width=\"417\" title=\"2025_211_Icon Sets_Verwandtschaft\" onerror=\"this.style.display='none'\" loading=\"lazy\" \/>\n\t\t\t\t<\/a>\n\t\t<h4><a href=\"\/de\/ressourcen\/rechtsberatung\/?utm_source=Home&#038;utm_medium=Referral&#038;utm_campaign=211Resources&#038;utm_content=Legal\" target=\"_self\">Rechtsberatung<\/a><\/h4>\n\t\t\t\t<a href=\"\/de\/ressourcen\/rechtsberatung\/?utm_source=Home&#038;utm_medium=Referral&#038;utm_campaign=211Resources&#038;utm_content=Legal\"  target=\"_self\" itemprop=\"url\">\n\t\t\t\t<img decoding=\"async\" src=\"https:\/\/211md.org\/wp-content\/uploads\/bb-plugin\/cache\/2025_MdInfoNet_Icon-Sets_Legal-square-18fdf438feb8435588174d9046463257-.png\" alt=\"\" itemprop=\"image\" onerror=\"this.style.display='none'\" loading=\"lazy\" \/>\n\t\t\t\t<\/a>\n\t\t<h4><a href=\"\/de\/ressourcen\/psychische-gesundheit\/?utm_source=Home&#038;utm_medium=Referral&#038;utm_campaign=211Resources&#038;utm_content=Mental\" target=\"_self\">Psychische Gesundheit<\/a><\/h4>\n\t\t\t\t<a href=\"\/de\/ressourcen\/psychische-gesundheit\/?utm_source=Home&#038;utm_medium=Referral&#038;utm_campaign=211Resources&#038;utm_content=Mental\"  target=\"_self\" itemprop=\"url\">\n\t\t\t\t<img decoding=\"async\" src=\"https:\/\/211md.org\/wp-content\/uploads\/bb-plugin\/cache\/2025_MdInfoNet_Icon-Sets_Mental-Health-square-c59b38c4a993a947d4c9280fbe2d2fee-.png\" alt=\"\" itemprop=\"image\" onerror=\"this.style.display='none'\" loading=\"lazy\" \/>\n\t\t\t\t<\/a>\n\t\t<h4><a href=\"\/de\/ressourcen\/mdreentry\/?utm_source=Home&#038;utm_medium=Referral&#038;utm_campaign=211Resources&#038;utm_content=Reentry\" target=\"_self\">Wiedereintritt<\/a><\/h4>\n\t\t\t\t<a href=\"\/de\/ressourcen\/mdreentry\/?utm_source=Home&#038;utm_medium=Referral&#038;utm_campaign=211Resources&#038;utm_content=Reentry\"  target=\"_self\" itemprop=\"url\">\n\t\t\t\t<img decoding=\"async\" src=\"https:\/\/211md.org\/wp-content\/uploads\/bb-plugin\/cache\/2025_211_Icon-Sets_Reentry-square-8676fea38abd920a832f45642fe31cca-.png\" alt=\"Symbol \u201eWiedereintritt\u201c\" itemprop=\"image\" height=\"417\" width=\"417\" title=\"2025_211_Icon Sets_Wiedereintritt\" onerror=\"this.style.display='none'\" loading=\"lazy\" \/>\n\t\t\t\t<\/a>\n\t\t<h4><a href=\"\/de\/ressourcen\/substanzgebrauch\/?utm_source=Home&#038;utm_medium=Referral&#038;utm_campaign=211Resources&#038;utm_content=Substance\" target=\"_self\">Substanzgebrauch<\/a><\/h4>\n\t\t\t\t<a href=\"\/de\/ressourcen\/substanzgebrauch\/?utm_source=Home&#038;utm_medium=Referral&#038;utm_campaign=211Resources&#038;utm_content=Substance\"  target=\"_self\" itemprop=\"url\">\n\t\t\t\t<img decoding=\"async\" src=\"https:\/\/211md.org\/wp-content\/uploads\/bb-plugin\/cache\/2025_MdInfoNet_Icon-Sets_Substance-Abuse-square-9022fec9d18a64118ad685c101885b55-.png\" alt=\"\" itemprop=\"image\" onerror=\"this.style.display='none'\" loading=\"lazy\" \/>\n\t\t\t\t<\/a>\n\t\t<h4><a href=\"\/de\/ressourcen\/veteranen\/?utm_source=Home&#038;utm_medium=Referral&#038;utm_campaign=211Resources&#038;utm_content=Veterans\" target=\"_self\">Veteranen<\/a><\/h4>\n\t\t\t\t<a href=\"\/de\/ressourcen\/veteranen\/?utm_source=Home&#038;utm_medium=Referral&#038;utm_campaign=211Resources&#038;utm_content=Veterans\"  target=\"_self\" itemprop=\"url\">\n\t\t\t\t<img decoding=\"async\" src=\"https:\/\/211md.org\/wp-content\/uploads\/bb-plugin\/cache\/2025_MdInfoNet_Icon-Sets_Rating-square-6e60d00cce4faa8e0a6d4ad7366aa733-.png\" alt=\"\" itemprop=\"image\" onerror=\"this.style.display='none'\" loading=\"lazy\" \/>\n\t\t\t\t<\/a>","protected":false},"excerpt":{"rendered":"<p>Ressourcen in meiner N\u00e4he finden. Jetzt suchen. F\u00fcgen Sie Ihre Agentur oder Organisation zu unserer Ressourcendatenbank hinzu. Wohnen Sie in Dundalk, Woodlawn, Gyndon, Worthington, Owings Mills, Towson, Middle River, Milford Mill, Cockeysville oder einer der vielen anderen Gemeinden im Baltimore County? Wir helfen Ihnen rund um die Uhr. W\u00e4hlen Sie 211. 211 Maryland macht es Ihnen leicht, Kontakt aufzunehmen mit\u2026<\/p>","protected":false},"author":8,"featured_media":33784,"parent":750,"menu_order":0,"comment_status":"closed","ping_status":"closed","template":"","meta":{"footnotes":""},"class_list":["post-1701","page","type-page","status-publish","has-post-thumbnail","hentry"],"_links":{"self":[{"href":"https:\/\/211md.org\/de\/wp-json\/wp\/v2\/pages\/1701","targetHints":{"allow":["GET"]}}],"collection":[{"href":"https:\/\/211md.org\/de\/wp-json\/wp\/v2\/pages"}],"about":[{"href":"https:\/\/211md.org\/de\/wp-json\/wp\/v2\/types\/page"}],"author":[{"embeddable":true,"href":"https:\/\/211md.org\/de\/wp-json\/wp\/v2\/users\/8"}],"replies":[{"embeddable":true,"href":"https:\/\/211md.org\/de\/wp-json\/wp\/v2\/comments?post=1701"}],"version-history":[{"count":3,"href":"https:\/\/211md.org\/de\/wp-json\/wp\/v2\/pages\/1701\/revisions"}],"predecessor-version":[{"id":34073,"href":"https:\/\/211md.org\/de\/wp-json\/wp\/v2\/pages\/1701\/revisions\/34073"}],"up":[{"embeddable":true,"href":"https:\/\/211md.org\/de\/wp-json\/wp\/v2\/pages\/750"}],"wp:featuredmedia":[{"embeddable":true,"href":"https:\/\/211md.org\/de\/wp-json\/wp\/v2\/media\/33784"}],"wp:attachment":[{"href":"https:\/\/211md.org\/de\/wp-json\/wp\/v2\/media?parent=1701"}],"curies":[{"name":"wp","href":"https:\/\/api.w.org\/{rel}","templated":true}]}}