{"id":1702,"date":"2021-05-12T00:25:25","date_gmt":"2021-05-12T00:25:25","guid":{"rendered":"https:\/\/211md.org\/?page_id=1702"},"modified":"2025-10-29T06:58:36","modified_gmt":"2025-10-29T10:58:36","slug":"carroll-county","status":"publish","type":"page","link":"https:\/\/211md.org\/de\/resources-by-county\/carroll-county\/","title":{"rendered":"Carroll County"},"content":{"rendered":"<h2><a href=\"https:\/\/search.211md.org\/\" target=\"_blank\"  rel=\"noopener\">Finden Sie Ressourcen in meiner N\u00e4he<\/a><\/h2>\n\t\t\t<a href=\"https:\/\/search.211md.org\/\" target=\"_blank\" rel=\"noopener\">\n\t\t\t\t\t\t\tJetzt suchen\n\t\t\t<\/a>\n\t<p><strong><a href=\"\/de\/treten-sie-unserer-datenbank-bei\/\">F\u00fcgen Sie Ihre Agentur oder Organisation zu unserer Ressourcendatenbank hinzu.<\/a><\/strong><\/p>\n<p>In Carroll County bieten mehrere Einrichtungen den Einwohnern finanzielle Unterst\u00fctzung bei der Deckung von Nebenkosten, Wohnkosten und Lebensmitteln. Einige Organisationen bieten auch Unterst\u00fctzung bei psychischen Problemen und Drogenmissbrauch.<\/p>\n<p>Dieser Kurzleitfaden stellt einige der am h\u00e4ufigsten genannten Agenturen in Carroll County vor. Die Datenbank 211 umfasst mehr als 7.000 Ressourcen. Geben Sie oben ein Stichwort ein und starten Sie Ihre Suche.<\/p>\n<p>Sie k\u00f6nnen auch jederzeit die 211 w\u00e4hlen. Ein Live-Ressourcenspezialist steht Ihnen rund um die Uhr an 365 Tagen im Jahr zur Verf\u00fcgung.<\/p>\n<h3><b>Human Services-Programme von Carroll County<\/b><\/h3>\n<p>Informations- und Empfehlungsspezialisten verweisen Anrufer h\u00e4ufig an die\u00a0<strong><a href=\"https:\/\/hspinc.org\/\" target=\"_blank\" rel=\"noopener\">Human Services-Programme von Carroll County, Inc<\/a><\/strong><strong>.<\/strong>\u00a0Die gemeinn\u00fctzige Organisation bietet Hoffnung, Ver\u00e4nderung und Chancen.<\/p>\n<p>Human Services verf\u00fcgt \u00fcber mehrere Programme, um diejenigen zu unterst\u00fctzen, die sich qualifizieren und Hilfe ben\u00f6tigen:<\/p>\n<ul>\n<li aria-level=\"1\"><strong><a href=\"https:\/\/hspinc.org\/shelter\/\" target=\"_blank\" rel=\"noopener\">Unterschlupf<\/a>\u00a0<\/strong><\/li>\n<li aria-level=\"1\">R\u00e4umung und andere\u00a0<strong><a href=\"https:\/\/hspinc.org\/housing\/\" target=\"_blank\" rel=\"noopener\">Wohnbed\u00fcrfnisse<\/a><\/strong><\/li>\n<li aria-level=\"1\"><strong><a href=\"https:\/\/hspinc.org\/homeenergy\/\" target=\"_blank\" rel=\"noopener\">Utility-Hilfe<\/a><\/strong><\/li>\n<li aria-level=\"1\"><a href=\"https:\/\/hspinc.org\/vita\/\" target=\"_blank\" rel=\"noopener\">Steuern<\/a><\/li>\n<li aria-level=\"1\">Kleidung<\/li>\n<li aria-level=\"1\">Finanzielle Bildung<\/li>\n<li aria-level=\"1\">Entwicklung des Kindes<\/li>\n<\/ul>\n<p>Second Chances Free Store bietet Kleinger\u00e4te, Dekorationen, Spielzeug, Kleidung und M\u00f6bel. Im Mittelpunkt stehen diejenigen, die ihre Unterkunft verlassen.\u00a0<strong><a href=\"https:\/\/hspinc.org\/secondchances\/\" target=\"_blank\" rel=\"noopener\">Rufen Sie an, um zu erfahren, ob Sie zum Einkaufen berechtigt sind<\/a><\/strong>\u00a0und um einen Termin zu vereinbaren.<\/p>\n<p>&nbsp;<\/p>\n<h3><b>Hirtenstab in Westminster<\/b><\/h3>\n<p>Sie k\u00f6nnen sich auch an wenden\u00a0<strong><a href=\"https:\/\/www.shepstaff.org\/\" target=\"_blank\" rel=\"noopener\">Hirtenstab<\/a><\/strong>\u00a0f\u00fcr wesentliche Bed\u00fcrfnisse. Es handelt sich um ein \u00fcberkonfessionelles christliches Hilfs- und Hilfszentrum, das Bewohnern von Carroll County in Krisensituationen Hilfe bietet. Das Westminster-B\u00fcro befindet sich gegen\u00fcber der Grace Evangelical Lutheran Church.<\/p>\n<p>Sie bieten der Community viele Programme an, darunter:<\/p>\n<ul>\n<li aria-level=\"1\">Suppenk\u00fcche<\/li>\n<li aria-level=\"1\">Kleidung<\/li>\n<li aria-level=\"1\">Hygieneprodukte<\/li>\n<li aria-level=\"1\">Finanzielle Nothilfe<\/li>\n<\/ul>\n<p>Die Organisation bietet \u00fcber ihre Organisation kostenlose Haushaltsartikel f\u00fcr Hygiene und K\u00f6rperpflege an\u00a0<strong><a href=\"https:\/\/www.shepstaff.org\/services\/blessings-closet\/\" target=\"_blank\" rel=\"noopener\">Segensschrank<\/a><\/strong><strong>.<\/strong>\u00a0Zu diesen Artikeln k\u00f6nnen H\u00e4ndedesinfektionsmittel, Waschmittel, Beutel, Toilettenpapier, Shampoo, Deodorant und mehr geh\u00f6ren.<\/p>\n<p>Der Hirtenstab sorgt auch daf\u00fcr\u00a0<strong><a href=\"https:\/\/www.shepstaff.org\/services\/emergency-financial-assistance\/\" target=\"_blank\" rel=\"noopener\">finanzielle Nothilfe<\/a><\/strong>\u00a0f\u00fcr Gesundheitsversorgung, Wohnraum und haushaltsbezogene Bed\u00fcrfnisse, Versorgungsleistungen, vor\u00fcbergehende Unterbringung, Familienpflege, Transport, Beerdigungen, Jobs und andere Notfallanfragen.<\/p>\n<p>&nbsp;<\/p>\n<h3><b>Suche nach Hilfe nach Kategorie\u00a0<\/b><\/h3>\n<p>Ben\u00f6tigen Sie Hilfe? W\u00e4hlen Sie 211 oder suchen Sie nach weiteren Ressourcen nach Kategorie.<\/p>\n\t\t<h4><a href=\"\/de\/ressourcen\/alterungsbehinderung\/?utm_source=Home&#038;utm_medium=Referral&#038;utm_campaign=211Resources&#038;utm_content=Aging\" target=\"_self\">Alter &amp; Behinderung<\/a><\/h4>\n\t\t\t\t<a href=\"\/de\/ressourcen\/alterungsbehinderung\/?utm_source=Home&#038;utm_medium=Referral&#038;utm_campaign=211Resources&#038;utm_content=Aging\"  target=\"_self\" itemprop=\"url\">\n\t\t\t\t<img decoding=\"async\" src=\"https:\/\/211md.org\/wp-content\/uploads\/bb-plugin\/cache\/2025_MdInfoNet_Icon-Sets_Aging-disability-square-c466727102cae71e5f27b8539bb51945-.png\" alt=\"\" itemprop=\"image\" onerror=\"this.style.display='none'\" loading=\"lazy\" \/>\n\t\t\t\t<\/a>\n\t\t<h4><a href=\"\/de\/ressourcen\/kinder-familien\/?utm_source=Home&#038;utm_medium=Referral&#038;utm_campaign=211Resources&#038;utm_content=Children\" target=\"_self\">Kinder &amp; Familien<\/a><\/h4>\n\t\t\t\t<a href=\"\/de\/ressourcen\/kinder-familien\/?utm_source=Home&#038;utm_medium=Referral&#038;utm_campaign=211Resources&#038;utm_content=Children\"  target=\"_self\" itemprop=\"url\">\n\t\t\t\t<img decoding=\"async\" src=\"https:\/\/211md.org\/wp-content\/uploads\/bb-plugin\/cache\/2025_211_Icon-Sets_Child-care-square-f3b0d4edab3dcc467fadb5f55f4064c6-.png\" alt=\"2025_211_Icon Sets_Kinderbetreuung\" itemprop=\"image\" height=\"417\" width=\"417\" title=\"2025_211_Icon Sets_Kinderbetreuung\" onerror=\"this.style.display='none'\" loading=\"lazy\" \/>\n\t\t\t\t<\/a>\n\t\t<h4><a href=\"\/de\/ressourcen\/hausliche-familiare-gewalt\/?utm_source=Home&#038;utm_medium=Referral&#038;utm_campaign=211Resources&#038;utm_content=Domestic\" target=\"_self\">H\u00e4usliche Gewalt<\/a><\/h4>\n\t\t\t\t<a href=\"\/de\/ressourcen\/hausliche-familiare-gewalt\/?utm_source=Home&#038;utm_medium=Referral&#038;utm_campaign=211Resources&#038;utm_content=Domestic\"  target=\"_self\" itemprop=\"url\">\n\t\t\t\t<img decoding=\"async\" src=\"https:\/\/211md.org\/wp-content\/uploads\/bb-plugin\/cache\/2025_211_Icon-Sets_Domestic-Violence-square-7b597694a6f05fe90cdc376aa573bc63-.png\" alt=\"Symbol f\u00fcr h\u00e4usliche Gewalt\" itemprop=\"image\" height=\"417\" width=\"417\" title=\"2025_211_Icon Sets_H\u00e4usliche Gewalt\" onerror=\"this.style.display='none'\" loading=\"lazy\" \/>\n\t\t\t\t<\/a>\n\t\t<h4><a href=\"\/de\/ressourcen\/arbeitssuche\/?utm_source=Home&#038;utm_medium=Referral&#038;utm_campaign=211Resources&#038;utm_content=Employment\" target=\"_self\">Besch\u00e4ftigung<\/a><\/h4>\n\t\t\t\t<a href=\"\/de\/ressourcen\/arbeitssuche\/?utm_source=Home&#038;utm_medium=Referral&#038;utm_campaign=211Resources&#038;utm_content=Employment\"  target=\"_self\" itemprop=\"url\">\n\t\t\t\t<img decoding=\"async\" src=\"https:\/\/211md.org\/wp-content\/uploads\/bb-plugin\/cache\/2025_MdInfoNet_Icon-Sets_Employment-square-44707bd410e4df10a470bf130ebcea86-.png\" alt=\"\" itemprop=\"image\" onerror=\"this.style.display='none'\" loading=\"lazy\" \/>\n\t\t\t\t<\/a>\n\t\t<h4><a href=\"\/de\/ressourcen\/gesundheitswesen\/?utm_source=Home&#038;utm_medium=Referral&#038;utm_campaign=211Resources&#038;utm_content=Health%20Care\" target=\"_self\">Gesundheitsvorsorge<\/a><\/h4>\n\t\t\t\t<a href=\"\/de\/ressourcen\/gesundheitswesen\/?utm_source=Home&#038;utm_medium=Referral&#038;utm_campaign=211Resources&#038;utm_content=Health%20Care\"  target=\"_self\" itemprop=\"url\">\n\t\t\t\t<img decoding=\"async\" src=\"https:\/\/211md.org\/wp-content\/uploads\/bb-plugin\/cache\/2025_MdInfoNet_Icon-Sets_Health-Care-square-dee98a0060cbe0e7f27eda253fc12679-.png\" alt=\"\" itemprop=\"image\" onerror=\"this.style.display='none'\" loading=\"lazy\" \/>\n\t\t\t\t<\/a>\n\t\t<h4><a href=\"\/de\/ressourcen\/kinder-familien\/verwandtschaftspflege\/?utm_source=Home&#038;utm_medium=Referral&#038;utm_campaign=211Resources&#038;utm_content=Kinship\" target=\"_self\">Verwandtschaft<\/a><\/h4>\n\t\t\t\t<a href=\"\/de\/ressourcen\/kinder-familien\/verwandtschaftspflege\/?utm_source=Home&#038;utm_medium=Referral&#038;utm_campaign=211Resources&#038;utm_content=Kinship\"  target=\"_self\" itemprop=\"url\">\n\t\t\t\t<img decoding=\"async\" src=\"https:\/\/211md.org\/wp-content\/uploads\/bb-plugin\/cache\/2025_211_Icon-Sets_Kinship-square-45bdf872866f5735f842c32071109267-.png\" alt=\"Verwandtschaftssymbol\" itemprop=\"image\" height=\"417\" width=\"417\" title=\"2025_211_Icon Sets_Verwandtschaft\" onerror=\"this.style.display='none'\" loading=\"lazy\" \/>\n\t\t\t\t<\/a>\n\t\t<h4><a href=\"\/de\/ressourcen\/rechtsberatung\/?utm_source=Home&#038;utm_medium=Referral&#038;utm_campaign=211Resources&#038;utm_content=Legal\" target=\"_self\">Rechtsberatung<\/a><\/h4>\n\t\t\t\t<a href=\"\/de\/ressourcen\/rechtsberatung\/?utm_source=Home&#038;utm_medium=Referral&#038;utm_campaign=211Resources&#038;utm_content=Legal\"  target=\"_self\" itemprop=\"url\">\n\t\t\t\t<img decoding=\"async\" src=\"https:\/\/211md.org\/wp-content\/uploads\/bb-plugin\/cache\/2025_MdInfoNet_Icon-Sets_Legal-square-18fdf438feb8435588174d9046463257-.png\" alt=\"\" itemprop=\"image\" onerror=\"this.style.display='none'\" loading=\"lazy\" \/>\n\t\t\t\t<\/a>\n\t\t<h4><a href=\"\/de\/ressourcen\/psychische-gesundheit\/?utm_source=Home&#038;utm_medium=Referral&#038;utm_campaign=211Resources&#038;utm_content=Mental\" target=\"_self\">Psychische Gesundheit<\/a><\/h4>\n\t\t\t\t<a href=\"\/de\/ressourcen\/psychische-gesundheit\/?utm_source=Home&#038;utm_medium=Referral&#038;utm_campaign=211Resources&#038;utm_content=Mental\"  target=\"_self\" itemprop=\"url\">\n\t\t\t\t<img decoding=\"async\" src=\"https:\/\/211md.org\/wp-content\/uploads\/bb-plugin\/cache\/2025_MdInfoNet_Icon-Sets_Mental-Health-square-c59b38c4a993a947d4c9280fbe2d2fee-.png\" alt=\"\" itemprop=\"image\" onerror=\"this.style.display='none'\" loading=\"lazy\" \/>\n\t\t\t\t<\/a>\n\t\t<h4><a href=\"\/de\/ressourcen\/mdreentry\/?utm_source=Home&#038;utm_medium=Referral&#038;utm_campaign=211Resources&#038;utm_content=Reentry\" target=\"_self\">Wiedereintritt<\/a><\/h4>\n\t\t\t\t<a href=\"\/de\/ressourcen\/mdreentry\/?utm_source=Home&#038;utm_medium=Referral&#038;utm_campaign=211Resources&#038;utm_content=Reentry\"  target=\"_self\" itemprop=\"url\">\n\t\t\t\t<img decoding=\"async\" src=\"https:\/\/211md.org\/wp-content\/uploads\/bb-plugin\/cache\/2025_211_Icon-Sets_Reentry-square-8676fea38abd920a832f45642fe31cca-.png\" alt=\"Symbol \u201eWiedereintritt\u201c\" itemprop=\"image\" height=\"417\" width=\"417\" title=\"2025_211_Icon Sets_Wiedereintritt\" onerror=\"this.style.display='none'\" loading=\"lazy\" \/>\n\t\t\t\t<\/a>\n\t\t<h4><a href=\"\/de\/ressourcen\/substanzgebrauch\/?utm_source=Home&#038;utm_medium=Referral&#038;utm_campaign=211Resources&#038;utm_content=Substance\" target=\"_self\">Substanzgebrauch<\/a><\/h4>\n\t\t\t\t<a href=\"\/de\/ressourcen\/substanzgebrauch\/?utm_source=Home&#038;utm_medium=Referral&#038;utm_campaign=211Resources&#038;utm_content=Substance\"  target=\"_self\" itemprop=\"url\">\n\t\t\t\t<img decoding=\"async\" src=\"https:\/\/211md.org\/wp-content\/uploads\/bb-plugin\/cache\/2025_MdInfoNet_Icon-Sets_Substance-Abuse-square-9022fec9d18a64118ad685c101885b55-.png\" alt=\"\" itemprop=\"image\" onerror=\"this.style.display='none'\" loading=\"lazy\" \/>\n\t\t\t\t<\/a>\n\t\t<h4><a href=\"\/de\/ressourcen\/veteranen\/?utm_source=Home&#038;utm_medium=Referral&#038;utm_campaign=211Resources&#038;utm_content=Veterans\" target=\"_self\">Veteranen<\/a><\/h4>\n\t\t\t\t<a href=\"\/de\/ressourcen\/veteranen\/?utm_source=Home&#038;utm_medium=Referral&#038;utm_campaign=211Resources&#038;utm_content=Veterans\"  target=\"_self\" itemprop=\"url\">\n\t\t\t\t<img decoding=\"async\" src=\"https:\/\/211md.org\/wp-content\/uploads\/bb-plugin\/cache\/2025_MdInfoNet_Icon-Sets_Rating-square-6e60d00cce4faa8e0a6d4ad7366aa733-.png\" alt=\"\" itemprop=\"image\" onerror=\"this.style.display='none'\" loading=\"lazy\" \/>\n\t\t\t\t<\/a>","protected":false},"excerpt":{"rendered":"<p>Ressourcen in meiner N\u00e4he finden Jetzt suchen F\u00fcgen Sie Ihre Agentur oder Organisation zu unserer Ressourcendatenbank hinzu. In Carroll County bieten mehrere Agenturen den Einwohnern finanzielle Unterst\u00fctzung bei Nebenkosten, Wohnkosten und Lebensmitteln. Einige Organisationen unterst\u00fctzen auch bei psychischen Problemen und Drogenmissbrauch. Dieser kurze Ressourcenleitfaden bietet einige der wichtigsten\u2026<\/p>","protected":false},"author":8,"featured_media":0,"parent":750,"menu_order":0,"comment_status":"closed","ping_status":"closed","template":"","meta":{"footnotes":""},"class_list":["post-1702","page","type-page","status-publish","hentry"],"_links":{"self":[{"href":"https:\/\/211md.org\/de\/wp-json\/wp\/v2\/pages\/1702","targetHints":{"allow":["GET"]}}],"collection":[{"href":"https:\/\/211md.org\/de\/wp-json\/wp\/v2\/pages"}],"about":[{"href":"https:\/\/211md.org\/de\/wp-json\/wp\/v2\/types\/page"}],"author":[{"embeddable":true,"href":"https:\/\/211md.org\/de\/wp-json\/wp\/v2\/users\/8"}],"replies":[{"embeddable":true,"href":"https:\/\/211md.org\/de\/wp-json\/wp\/v2\/comments?post=1702"}],"version-history":[{"count":4,"href":"https:\/\/211md.org\/de\/wp-json\/wp\/v2\/pages\/1702\/revisions"}],"predecessor-version":[{"id":34075,"href":"https:\/\/211md.org\/de\/wp-json\/wp\/v2\/pages\/1702\/revisions\/34075"}],"up":[{"embeddable":true,"href":"https:\/\/211md.org\/de\/wp-json\/wp\/v2\/pages\/750"}],"wp:attachment":[{"href":"https:\/\/211md.org\/de\/wp-json\/wp\/v2\/media?parent=1702"}],"curies":[{"name":"wp","href":"https:\/\/api.w.org\/{rel}","templated":true}]}}