{"id":1703,"date":"2021-05-12T00:25:34","date_gmt":"2021-05-12T00:25:34","guid":{"rendered":"https:\/\/211md.org\/?page_id=1703"},"modified":"2026-02-04T09:38:24","modified_gmt":"2026-02-04T14:38:24","slug":"frederick-county","status":"publish","type":"page","link":"https:\/\/211md.org\/de\/resources-by-county\/frederick-county\/","title":{"rendered":"Friedrich Grafschaft"},"content":{"rendered":"<h2><a href=\"https:\/\/search.211md.org\/\" target=\"_blank\"  rel=\"noopener\">Finden Sie Ressourcen in meiner N\u00e4he<\/a><\/h2>\n\t\t\t<a href=\"https:\/\/search.211md.org\/\" target=\"_blank\" rel=\"noopener\">\n\t\t\t\t\t\t\tJetzt suchen\n\t\t\t<\/a>\n\t<p><strong><a href=\"\/de\/treten-sie-unserer-datenbank-bei\/\">F\u00fcgen Sie Ihre Agentur oder Organisation zu unserer Ressourcendatenbank hinzu.<\/a><\/strong><\/p>\n\t<p>Wohnen Sie in Frederick oder einer der umliegenden Gemeinden, darunter Ballenger Creek, Buckeystown, New Market, Mount Airy, Woodsboro, Braddock Heights oder Middletown?<\/p>\n<p>W\u00e4hlen Sie 2-1-1, um mit wichtigen Ressourcen verbunden zu werden.<\/p>\n<p>Sie k\u00f6nnen auch die Datenbank durchsuchen, um Ressourcen in Ihrer N\u00e4he zu finden.<\/p>\n\t\t<h2>\t\n\tRufen Sie 2-1-1 an<\/h2><p>Erhalten Sie Zugang zu Community-Ressourcen und unterst\u00fctzen Sie rund um die Uhr.<\/p>\n<p>&nbsp;<\/p>\n<h2>Begehbare psychiatrische Dienste im Frederick County<\/h2>\n<p>Im Frederick County ist die <strong><a href=\"https:\/\/fcmha.org\/\" target=\"_blank\" rel=\"noopener\">Vereinigung f\u00fcr psychische Gesundheit von Frederick County<\/a><\/strong> (MHA) ist ein 211-Callcenter, das rund um die Uhr Krisenunterst\u00fctzung bietet.<\/p>\n<p>MHA hat ein dringendes Anliegen <strong><a href=\"https:\/\/fcmha.org\/how-we-help\/behavioral-health\" target=\"_blank\" rel=\"noopener\">begehbarer Verhaltensgesundheitsdienst<\/a><\/strong> in Frederick, Maryland, Standort. Berater stehen rund um die Uhr zur Verf\u00fcgung, um bei psychischen, famili\u00e4ren oder Beziehungskrisen zu helfen.<\/p>\nDie begehbare Klinik befindet sich unter:<br \/>\n340 Montevue Lane<br \/>\nFrederick, MD 21702\n<p>Sie k\u00f6nnen auch deren verwenden <a href=\"https:\/\/fcmha.org\/how-we-help\/behavioral-health\/telehealth\/\" target=\"_blank\" rel=\"noopener\">virtuelle Walk-in-Dienste<\/a>.<\/p>\n<p>Wenn Sie sofortige Hilfe ben\u00f6tigen, k\u00f6nnen Sie auch 988 anrufen oder eine SMS senden<a href=\"https:\/\/search.988.mdinfonet.org\/\" target=\"_blank\" rel=\"noopener\"> Durchsuchen Sie die staatliche Ressource f\u00fcr Verhaltensgesundheit<\/a> Datenbank, betrieben durch Maryland Information Network.<\/p>\n<h3>Therapie- und Beratungsangebote<\/h3>\n<p>Auch Therapie- und psychiatrische Leistungen stehen gegen eine Staffelgeb\u00fchr zur Verf\u00fcgung. Sie k\u00f6nnen helfen bei:<\/p>\n<ul>\n<li>Paare\/Eheprobleme<\/li>\n<li>Verhaltensprobleme von Kindern<\/li>\n<li>Lebens\u00fcberg\u00e4nge oder Traumata<\/li>\n<li>Depression<\/li>\n<li>Angstst\u00f6rungen<\/li>\n<li>Wut<\/li>\n<li>Aufmerksamkeitsdefizit-Hyperaktivit\u00e4tsst\u00f6rung (ADHS).<\/li>\n<\/ul>\n<p><strong><a href=\"https:\/\/fcmha.org\/how-we-help\/counseling-services\" target=\"_blank\" rel=\"noopener\">Erfahren Sie mehr \u00fcber diese Beratungsangebote<\/a><\/strong>, und vereinbaren Sie einen Termin.<\/p>\n<p>MHA bietet auch\u00a0<strong><a href=\"https:\/\/fcmha.org\/how-we-help\/support-groups\" target=\"_blank\" rel=\"noopener\">Selbsthilfegruppen<\/a><\/strong> f\u00fcr Familien, die einen geliebten Menschen durch Suizid verloren haben und Suizid\u00fcberlebende. Sie sind nicht allein. Bew\u00e4ltige schwere Trauer, Schuld, Wut, Depression und Vergesslichkeit mit einer unterst\u00fctzenden Gruppe.<\/p>\n<h2>Medizinische Hilfe<\/h2>\n<p>Die Religi\u00f6se Koalition f\u00fcr menschliche Nothilfe sorgt <a href=\"https:\/\/thereligiouscoalition.org\/need-help\/healthcare-programs\/\" target=\"_blank\" rel=\"noopener\">verschreibungspflichtige und zahn\u00e4rztliche Assistenz<\/a>. Sie helfen jedes Jahr ein paar hundert Menschen durch diese Programme.<\/p>\n<p>Das Programm f\u00fcr verschreibungspflichtige Medikamente bietet Unterst\u00fctzung f\u00fcr Personen, die Hilfe bei der Bezahlung lebensrettender Medikamente ben\u00f6tigen. Rezepte werden in Partnerapotheken eingel\u00f6st.<\/p>\n<h3>Zahn\u00e4rztliche Hilfe<\/h3>\n<p>Das zahn\u00e4rztliche Programm steht Einwohnern von Frederick County ab 51 Jahren zur Verf\u00fcgung, die zahn\u00e4rztliche Notfallhilfe bei einfachen zahn\u00e4rztlichen Eingriffen ben\u00f6tigen.<\/p>\n<p>F\u00fcr Kinder gibt es eine Kinderzahnklinik <a href=\"https:\/\/health.frederickcountymd.gov\/264\/Dental-Clinic\" target=\"_blank\" rel=\"noopener\">Frederick County Gesundheitsamt<\/a> f\u00fcr nicht versicherte Kinder oder solche, die medizinische Hilfe in Anspruch nehmen. Zahn\u00e4rztliche Leistungen werden Kindern im Alter von 1 bis 18 Jahren angeboten, einschlie\u00dflich Kindern mit besonderen Bed\u00fcrfnissen. Kinder k\u00f6nnen routinem\u00e4\u00dfige Zahnreinigungen, R\u00f6ntgenaufnahmen, Fluorid, F\u00fcllungen, Versiegelungen und routinem\u00e4\u00dfige Extraktionen erhalten.<\/p>\n<p>W\u00e4hrend Erwachsene in der Zahnklinik des Gesundheitsministeriums nicht behandelt werden k\u00f6nnen, werden Gutscheine zur Verf\u00fcgung gestellt, um die Kosten f\u00fcr Zahnoperationen in lokalen privaten Oralchirurgen zu senken.<\/p>\n<p>Wenn Sie sich nicht f\u00fcr eines dieser zahn\u00e4rztlichen Programme in Frederick County qualifizieren, k\u00f6nnen Sie dies auch tun <a href=\"https:\/\/211md.org\/de\/ressourcen\/gesundheitswesen\/zahnpflege\/\">Informieren Sie sich \u00fcber andere zahn\u00e4rztliche Hilfestellungen<\/a> in Maryland.<\/p>\n<h3>Vorsorgeuntersuchungen<\/h3>\n<p>Die Community Health Services Division von Frederick County bietet <a href=\"https:\/\/health.frederickcountymd.gov\/218\/Preventive-Health-Services\" target=\"_blank\" rel=\"noopener\">kostenlose Gesundheitsvorsorge<\/a>. Berechtigte Personen k\u00f6nnen ein kostenloses Darmkrebs-, Brustkrebs- oder Geb\u00e4rmutterhalskrebs-Screening erhalten. Sie haben auch eine <a href=\"https:\/\/health.frederickcountymd.gov\/499\/Healthy-Hearts-Blood-Pressure-Self-Monit\" target=\"_blank\" rel=\"noopener\">Gesundes Herz-Blutdruckprogramm<\/a>, das Erwachsenen mit hohem Blutdruck Orientierung und Unterst\u00fctzung bietet.<\/p>\n<h2>Obdachlosenheim<\/h2>\n<p>Wenn Sie oder jemand, den Sie kennen, eine Notunterkunft ben\u00f6tigen, k\u00f6nnen Sie sich an die wenden <a href=\"https:\/\/thereligiouscoalition.org\/need-help\/emergency-shelter-programs\/\" target=\"_blank\" rel=\"noopener\">Alan P Linton, Jr. Notunterkunft<\/a>. Mit 88 Betten f\u00fcr obdachlose Erwachsene ist es die gr\u00f6\u00dfte Einrichtung im Frederick County.<\/p>\n<p>Die Religi\u00f6se Koalition f\u00fcr menschliche Notbed\u00fcrfnisse hat auch eine <a href=\"https:\/\/thereligiouscoalition.org\/need-help\/emergency-shelter-programs\/emergency-family-shelter\/\" target=\"_blank\" rel=\"noopener\">Notunterk\u00fcnfte f\u00fcr Familien<\/a>.<\/p>\n<p>Die Organisation arbeitet auch mit Einzelpersonen beim \u00dcbergang zu dauerhaften Unterk\u00fcnften. <a href=\"https:\/\/thereligiouscoalition.org\/need-help\/after-shelter-programs\/\" target=\"_blank\" rel=\"noopener\">Nach dem Sturm<\/a> bietet berechtigten Heimklienten ein Jahr lang Wohnhilfe. Das Programm umfasst Budgetberatung, Fallmanagementunterst\u00fctzung, m\u00f6gliche Hilfe bei der Kaution, Mietunterst\u00fctzung, Hilfe bei Versorgungsunternehmen, Schulungskurse, Hilfe bei der Verschreibung und eine \u00dcberweisung an eine Second Chance Garage f\u00fcr Hilfe bei einem Auto.<\/p>\n<h3>Transportunterst\u00fctzung<\/h3>\n<p>Wenn Sie mit einer Agentur f\u00fcr Gesundheits- und Sozialdienste in Frederick County zusammenarbeiten und Hilfe beim Transport ben\u00f6tigen, haben Sie m\u00f6glicherweise Anspruch auf Hilfe von <a href=\"https:\/\/secondchancesgarage.org\/receive-a-car\/\" target=\"_blank\" rel=\"noopener\">Zweite Chance-Garage<\/a>. Es handelt sich um ein kosteng\u00fcnstiges Fahrzeugprogramm. Die Organisation arbeitet mit <a href=\"https:\/\/secondchancesgarage.org\/partner-agencies\/\" target=\"_blank\" rel=\"noopener\">diese Partneragenturen<\/a>. Sie m\u00fcssen kontinuierliche Unterst\u00fctzung von einem von ihnen erhalten oder ein neuer Absolvent ihres Programms sein. \u00dcber die F\u00f6rderf\u00e4higkeit entscheidet die Partneragentur.<\/p>\n<p>Auch die breite \u00d6ffentlichkeit kann bei Second Chances Garage ein preisg\u00fcnstiges Auto erwerben. Es gibt keine Finanzierungs- oder Zahlungspl\u00e4ne und die Erl\u00f6se unterst\u00fctzen das Partnerprogramm f\u00fcr Bed\u00fcrftige.<\/p>\n<h2><b>Bekomme jetzt Hilfe<\/b><\/h2>\n<p>Ben\u00f6tigen Sie Hilfe bei der Steuererkl\u00e4rung, der Suche nach einer Speisekammer oder dem Ausf\u00fcllen eines Antrags auf Versorgungsunterst\u00fctzung? W\u00e4hlen Sie 2-1-1 und ein Informations- und Empfehlungsspezialist kann Ihnen rund um die Uhr behilflich sein.<\/p>\n<p>211 verbindet Sie mit einer lokalen Ressource, einschlie\u00dflich der <a href=\"https:\/\/dhs.maryland.gov\/local-offices\/frederick-county\/\" target=\"_blank\" rel=\"noopener\">Frederick County Abteilung f\u00fcr Sozialdienste<\/a>, das auch Unterst\u00fctzung bietet, darunter Lebensmittelmarken, vor\u00fcbergehende Bargeldhilfe, Kinderbetreuungsstipendien, Medicaid und mehr.<\/p>\n<p>Sie k\u00f6nnen auch nach Ressourcen nach Kategorie suchen.<\/p>\n\t\t<h4><a href=\"\/de\/ressourcen\/alterungsbehinderung\/?utm_source=Home&#038;utm_medium=Referral&#038;utm_campaign=211Resources&#038;utm_content=Aging\" target=\"_self\">Alter &amp; Behinderung<\/a><\/h4>\n\t\t\t\t<a href=\"\/de\/ressourcen\/alterungsbehinderung\/?utm_source=Home&#038;utm_medium=Referral&#038;utm_campaign=211Resources&#038;utm_content=Aging\"  target=\"_self\" itemprop=\"url\">\n\t\t\t\t<img decoding=\"async\" src=\"https:\/\/211md.org\/wp-content\/uploads\/bb-plugin\/cache\/2025_MdInfoNet_Icon-Sets_Aging-disability-square-c466727102cae71e5f27b8539bb51945-.png\" alt=\"\" itemprop=\"image\" onerror=\"this.style.display='none'\" loading=\"lazy\" \/>\n\t\t\t\t<\/a>\n\t\t<h4><a href=\"\/de\/ressourcen\/kinder-familien\/?utm_source=Home&#038;utm_medium=Referral&#038;utm_campaign=211Resources&#038;utm_content=Children\" target=\"_self\">Kinder &amp; Familien<\/a><\/h4>\n\t\t\t\t<a href=\"\/de\/ressourcen\/kinder-familien\/?utm_source=Home&#038;utm_medium=Referral&#038;utm_campaign=211Resources&#038;utm_content=Children\"  target=\"_self\" itemprop=\"url\">\n\t\t\t\t<img decoding=\"async\" src=\"https:\/\/211md.org\/wp-content\/uploads\/bb-plugin\/cache\/2025_211_Icon-Sets_Child-care-square-f3b0d4edab3dcc467fadb5f55f4064c6-.png\" alt=\"2025_211_Icon Sets_Kinderbetreuung\" itemprop=\"image\" height=\"417\" width=\"417\" title=\"2025_211_Icon Sets_Kinderbetreuung\" onerror=\"this.style.display='none'\" loading=\"lazy\" \/>\n\t\t\t\t<\/a>\n\t\t<h4><a href=\"\/de\/ressourcen\/hausliche-familiare-gewalt\/?utm_source=Home&#038;utm_medium=Referral&#038;utm_campaign=211Resources&#038;utm_content=Domestic\" target=\"_self\">H\u00e4usliche Gewalt<\/a><\/h4>\n\t\t\t\t<a href=\"\/de\/ressourcen\/hausliche-familiare-gewalt\/?utm_source=Home&#038;utm_medium=Referral&#038;utm_campaign=211Resources&#038;utm_content=Domestic\"  target=\"_self\" itemprop=\"url\">\n\t\t\t\t<img decoding=\"async\" src=\"https:\/\/211md.org\/wp-content\/uploads\/bb-plugin\/cache\/2025_211_Icon-Sets_Domestic-Violence-square-7b597694a6f05fe90cdc376aa573bc63-.png\" alt=\"Symbol f\u00fcr h\u00e4usliche Gewalt\" itemprop=\"image\" height=\"417\" width=\"417\" title=\"2025_211_Icon Sets_H\u00e4usliche Gewalt\" onerror=\"this.style.display='none'\" loading=\"lazy\" \/>\n\t\t\t\t<\/a>\n\t\t<h4><a href=\"\/de\/ressourcen\/arbeitssuche\/?utm_source=Home&#038;utm_medium=Referral&#038;utm_campaign=211Resources&#038;utm_content=Employment\" target=\"_self\">Besch\u00e4ftigung<\/a><\/h4>\n\t\t\t\t<a href=\"\/de\/ressourcen\/arbeitssuche\/?utm_source=Home&#038;utm_medium=Referral&#038;utm_campaign=211Resources&#038;utm_content=Employment\"  target=\"_self\" itemprop=\"url\">\n\t\t\t\t<img decoding=\"async\" src=\"https:\/\/211md.org\/wp-content\/uploads\/bb-plugin\/cache\/2025_MdInfoNet_Icon-Sets_Employment-square-44707bd410e4df10a470bf130ebcea86-.png\" alt=\"\" itemprop=\"image\" onerror=\"this.style.display='none'\" loading=\"lazy\" \/>\n\t\t\t\t<\/a>\n\t\t<h4><a href=\"\/de\/ressourcen\/gesundheitswesen\/?utm_source=Home&#038;utm_medium=Referral&#038;utm_campaign=211Resources&#038;utm_content=Health%20Care\" target=\"_self\">Gesundheitsvorsorge<\/a><\/h4>\n\t\t\t\t<a href=\"\/de\/ressourcen\/gesundheitswesen\/?utm_source=Home&#038;utm_medium=Referral&#038;utm_campaign=211Resources&#038;utm_content=Health%20Care\"  target=\"_self\" itemprop=\"url\">\n\t\t\t\t<img decoding=\"async\" src=\"https:\/\/211md.org\/wp-content\/uploads\/bb-plugin\/cache\/2025_MdInfoNet_Icon-Sets_Health-Care-square-dee98a0060cbe0e7f27eda253fc12679-.png\" alt=\"\" itemprop=\"image\" onerror=\"this.style.display='none'\" loading=\"lazy\" \/>\n\t\t\t\t<\/a>\n\t\t<h4><a href=\"\/de\/ressourcen\/kinder-familien\/verwandtschaftspflege\/?utm_source=Home&#038;utm_medium=Referral&#038;utm_campaign=211Resources&#038;utm_content=Kinship\" target=\"_self\">Verwandtschaft<\/a><\/h4>\n\t\t\t\t<a href=\"\/de\/ressourcen\/kinder-familien\/verwandtschaftspflege\/?utm_source=Home&#038;utm_medium=Referral&#038;utm_campaign=211Resources&#038;utm_content=Kinship\"  target=\"_self\" itemprop=\"url\">\n\t\t\t\t<img decoding=\"async\" src=\"https:\/\/211md.org\/wp-content\/uploads\/bb-plugin\/cache\/2025_211_Icon-Sets_Kinship-square-45bdf872866f5735f842c32071109267-.png\" alt=\"Verwandtschaftssymbol\" itemprop=\"image\" height=\"417\" width=\"417\" title=\"2025_211_Icon Sets_Verwandtschaft\" onerror=\"this.style.display='none'\" loading=\"lazy\" \/>\n\t\t\t\t<\/a>\n\t\t<h4><a href=\"\/de\/ressourcen\/rechtsberatung\/?utm_source=Home&#038;utm_medium=Referral&#038;utm_campaign=211Resources&#038;utm_content=Legal\" target=\"_self\">Rechtsberatung<\/a><\/h4>\n\t\t\t\t<a href=\"\/de\/ressourcen\/rechtsberatung\/?utm_source=Home&#038;utm_medium=Referral&#038;utm_campaign=211Resources&#038;utm_content=Legal\"  target=\"_self\" itemprop=\"url\">\n\t\t\t\t<img decoding=\"async\" src=\"https:\/\/211md.org\/wp-content\/uploads\/bb-plugin\/cache\/2025_MdInfoNet_Icon-Sets_Legal-square-18fdf438feb8435588174d9046463257-.png\" alt=\"\" itemprop=\"image\" onerror=\"this.style.display='none'\" loading=\"lazy\" \/>\n\t\t\t\t<\/a>\n\t\t<h4><a href=\"\/de\/ressourcen\/psychische-gesundheit\/?utm_source=Home&#038;utm_medium=Referral&#038;utm_campaign=211Resources&#038;utm_content=Mental\" target=\"_self\">Psychische Gesundheit<\/a><\/h4>\n\t\t\t\t<a href=\"\/de\/ressourcen\/psychische-gesundheit\/?utm_source=Home&#038;utm_medium=Referral&#038;utm_campaign=211Resources&#038;utm_content=Mental\"  target=\"_self\" itemprop=\"url\">\n\t\t\t\t<img decoding=\"async\" src=\"https:\/\/211md.org\/wp-content\/uploads\/bb-plugin\/cache\/2025_MdInfoNet_Icon-Sets_Mental-Health-square-c59b38c4a993a947d4c9280fbe2d2fee-.png\" alt=\"\" itemprop=\"image\" onerror=\"this.style.display='none'\" loading=\"lazy\" \/>\n\t\t\t\t<\/a>\n\t\t<h4><a href=\"\/de\/ressourcen\/mdreentry\/?utm_source=Home&#038;utm_medium=Referral&#038;utm_campaign=211Resources&#038;utm_content=Reentry\" target=\"_self\">Wiedereintritt<\/a><\/h4>\n\t\t\t\t<a href=\"\/de\/ressourcen\/mdreentry\/?utm_source=Home&#038;utm_medium=Referral&#038;utm_campaign=211Resources&#038;utm_content=Reentry\"  target=\"_self\" itemprop=\"url\">\n\t\t\t\t<img decoding=\"async\" src=\"https:\/\/211md.org\/wp-content\/uploads\/bb-plugin\/cache\/2025_211_Icon-Sets_Reentry-square-8676fea38abd920a832f45642fe31cca-.png\" alt=\"Symbol \u201eWiedereintritt\u201c\" itemprop=\"image\" height=\"417\" width=\"417\" title=\"2025_211_Icon Sets_Wiedereintritt\" onerror=\"this.style.display='none'\" loading=\"lazy\" \/>\n\t\t\t\t<\/a>\n\t\t<h4><a href=\"\/de\/ressourcen\/substanzgebrauch\/?utm_source=Home&#038;utm_medium=Referral&#038;utm_campaign=211Resources&#038;utm_content=Substance\" target=\"_self\">Substanzgebrauch<\/a><\/h4>\n\t\t\t\t<a href=\"\/de\/ressourcen\/substanzgebrauch\/?utm_source=Home&#038;utm_medium=Referral&#038;utm_campaign=211Resources&#038;utm_content=Substance\"  target=\"_self\" itemprop=\"url\">\n\t\t\t\t<img decoding=\"async\" src=\"https:\/\/211md.org\/wp-content\/uploads\/bb-plugin\/cache\/2025_MdInfoNet_Icon-Sets_Substance-Abuse-square-9022fec9d18a64118ad685c101885b55-.png\" alt=\"\" itemprop=\"image\" onerror=\"this.style.display='none'\" loading=\"lazy\" \/>\n\t\t\t\t<\/a>\n\t\t<h4><a href=\"\/de\/ressourcen\/veteranen\/?utm_source=Home&#038;utm_medium=Referral&#038;utm_campaign=211Resources&#038;utm_content=Veterans\" target=\"_self\">Veteranen<\/a><\/h4>\n\t\t\t\t<a href=\"\/de\/ressourcen\/veteranen\/?utm_source=Home&#038;utm_medium=Referral&#038;utm_campaign=211Resources&#038;utm_content=Veterans\"  target=\"_self\" itemprop=\"url\">\n\t\t\t\t<img decoding=\"async\" src=\"https:\/\/211md.org\/wp-content\/uploads\/bb-plugin\/cache\/2025_MdInfoNet_Icon-Sets_Rating-square-6e60d00cce4faa8e0a6d4ad7366aa733-.png\" alt=\"\" itemprop=\"image\" onerror=\"this.style.display='none'\" loading=\"lazy\" \/>\n\t\t\t\t<\/a>","protected":false},"excerpt":{"rendered":"<p>Finden Sie Ressourcen in meiner N\u00e4he. Jetzt suchen. F\u00fcgen Sie Ihre Agentur oder Organisation zu unserer Ressourcendatenbank hinzu. Wohnen Sie in Frederick oder einer der umliegenden Gemeinden, darunter Ballenger Creek, Buckeystown, New Market, Mount Airy, Woodsboro, Braddock Heights oder Middletown? W\u00e4hlen Sie 2-1-1, um eine Verbindung zu wichtigen Ressourcen herzustellen. Sie k\u00f6nnen auch die Datenbank durchsuchen, um Folgendes zu finden:<\/p>","protected":false},"author":8,"featured_media":3795,"parent":750,"menu_order":0,"comment_status":"closed","ping_status":"closed","template":"","meta":{"footnotes":""},"class_list":["post-1703","page","type-page","status-publish","has-post-thumbnail","hentry"],"_links":{"self":[{"href":"https:\/\/211md.org\/de\/wp-json\/wp\/v2\/pages\/1703","targetHints":{"allow":["GET"]}}],"collection":[{"href":"https:\/\/211md.org\/de\/wp-json\/wp\/v2\/pages"}],"about":[{"href":"https:\/\/211md.org\/de\/wp-json\/wp\/v2\/types\/page"}],"author":[{"embeddable":true,"href":"https:\/\/211md.org\/de\/wp-json\/wp\/v2\/users\/8"}],"replies":[{"embeddable":true,"href":"https:\/\/211md.org\/de\/wp-json\/wp\/v2\/comments?post=1703"}],"version-history":[{"count":3,"href":"https:\/\/211md.org\/de\/wp-json\/wp\/v2\/pages\/1703\/revisions"}],"predecessor-version":[{"id":34080,"href":"https:\/\/211md.org\/de\/wp-json\/wp\/v2\/pages\/1703\/revisions\/34080"}],"up":[{"embeddable":true,"href":"https:\/\/211md.org\/de\/wp-json\/wp\/v2\/pages\/750"}],"wp:featuredmedia":[{"embeddable":true,"href":"https:\/\/211md.org\/de\/wp-json\/wp\/v2\/media\/3795"}],"wp:attachment":[{"href":"https:\/\/211md.org\/de\/wp-json\/wp\/v2\/media?parent=1703"}],"curies":[{"name":"wp","href":"https:\/\/api.w.org\/{rel}","templated":true}]}}