{"id":1705,"date":"2021-05-12T00:25:51","date_gmt":"2021-05-12T00:25:51","guid":{"rendered":"https:\/\/211md.org\/?page_id=1705"},"modified":"2026-02-04T09:14:10","modified_gmt":"2026-02-04T14:14:10","slug":"allegany-county","status":"publish","type":"page","link":"https:\/\/211md.org\/de\/resources-by-county\/allegany-county\/","title":{"rendered":"Allegany County Community Resources"},"content":{"rendered":"<figure data-animation-delay=\"0\" data-animation-duration=\"1\" itemscope itemtype=\"https:\/\/schema.org\/ImageObject\">\n\t\t\t\t<img decoding=\"async\" src=\"https:\/\/stg-maryland211-staging.kinsta.cloud\/wp-content\/uploads\/2025\/08\/5-1-scaled.png\" alt=\"5\" height=\"692\" width=\"2560\" title=\"5\" onerror=\"this.style.display='none'\" loading=\"lazy\" \/>\n\t<\/figure>\n\t\t<p>In Allegany County, 211 callers often request resources for housing, utilities, food, and mental health. This quick guide directs Marylanders to local programs that can assist with these needs.<\/p>\n<p>You can also search for local organizations that can help by ZIP code in the 211 Community Resource Database.<\/p>\n\t\t\t<a href=\"https:\/\/search.211md.org\/\"  target=\"_blank\" rel=\"noopener\">\n\t\t\t\t\t\tSearch for nearby resources\n\t\t\t\t\t<\/a>\n<figure data-animation-delay=\"0\" data-animation-duration=\"1\" itemscope itemtype=\"https:\/\/schema.org\/ImageObject\">\n\t\t\t\t<img decoding=\"async\" src=\"https:\/\/211md.org\/wp-content\/plugins\/bb-plugin\/img\/pixel.png\" alt=\"\" onerror=\"this.style.display='none'\" loading=\"lazy\" \/>\n\t<\/figure>\n<figure data-animation-delay=\"0\" data-animation-duration=\"1.3\" itemscope itemtype=\"https:\/\/schema.org\/ImageObject\">\n\t\t\t\t<img decoding=\"async\" src=\"https:\/\/stg-maryland211-staging.kinsta.cloud\/wp-content\/uploads\/2025\/08\/16.png\" alt=\"16\" height=\"1000\" width=\"1000\" title=\"16\" onerror=\"this.style.display='none'\" loading=\"lazy\" \/>\n\t<\/figure>\n<figure data-animation-delay=\"0\" data-animation-duration=\"1\" itemscope itemtype=\"https:\/\/schema.org\/ImageObject\">\n\t\t\t\t<img decoding=\"async\" src=\"http:\/\/211md.org\/wp-content\/uploads\/2024\/05\/utility-bills.jpg\" alt=\"Stromrechnungen\" title=\"Stromrechnungen\" onerror=\"this.style.display='none'\" loading=\"lazy\" \/>\n\t<\/figure>\n\t\t<h2><a href=\"\/de\/ressourcen\/utility-unterstutzung\/\" target=\"_self\">Utility-Unterst\u00fctzung<\/a><\/h2><p>Do you have a shut-off notice for your utilities?<\/p>\n<p><a href=\"https:\/\/associatedcharities.net\/\" target=\"_blank\" rel=\"noopener\">Assoziierte Wohlt\u00e4tigkeitsorganisationen von Cumberland<\/a> bietet Notfallhilfe f\u00fcr Versorgungskunden, die eine Sperrmitteilung erhalten haben.<\/p>\n<p>Energy assistance grants are also available through the Maryland Office of Home Energy Programs (OHEP) for those who qualify.<\/p>\n<p>Learn more about income qualifications for OHEP\u00a0and other utility assistance programs.<\/p>\n\t\t\t<a href=\"\/de\/ressourcen\/utility-unterstutzung\/\"  target=\"_self\">\n\t\t\t\t\t\tRead 211&#8217;s Guide to Utility Assistance\n\t\t\t\t\t<\/a>\n\t<h2>Get help with food and medicine<\/h2>\n<p>In addition to utility assistance, <a href=\"https:\/\/associatedcharities.net\/\" target=\"_blank\" rel=\"noopener\">Assoziierte Wohlt\u00e4tigkeitsorganisationen von Cumberland<\/a> can also help with:<\/p>\n<ul>\n<li>Lebensmittel<\/li>\n<li>Kleidung<\/li>\n<li>verschreibungspflichtige Medikamente<\/li>\n<\/ul>\n<p>They offer food vouchers and groceries, some clothing, and short-term and long-term prescription drug help. The organization assists with emergency medication and prescriptions for immediate needs.<\/p>\n<p>Associated Charities can also help Allegany residents fill out applications for long-term prescription drug programs.<\/p>\n<p>Die\u00a0<a href=\"https:\/\/search.211md.org\/search\/676ad679e252a5170f68df86b434dbcc\" target=\"_blank\" rel=\"noopener\">Heilsarmee von Allegany und Garrett County<\/a> is another agency that can help with basic needs.<\/p>\n<p>They have a:<\/p>\n<ul>\n<li>Speisekammer<\/li>\n<li>free and reduced-cost clothing and furniture<\/li>\n<li>youth programs<\/li>\n<li>program offering financial help with utility bills, fuel, and rent<\/li>\n<\/ul>\n\t\t<h2>Ressourcen f\u00fcr psychische Gesundheit in Cumberland<\/h2>\n\t\t<p><strong>Wenn Sie sich in einer Krise befinden, rufen Sie 988 an und sprechen Sie sofort mit einem Krisenspezialisten.\u00a0<\/strong><\/p>\n<p>Die\u00a0<a href=\"https:\/\/health.maryland.gov\/allegany\/Pages\/MentalHealthServices.aspx\" target=\"_blank\" rel=\"noopener\">Gesundheitsamt des Allegany County<\/a>\u00a0in Cumberland bietet psychiatrische Dienste f\u00fcr alle Altersgruppen an. Zugelassene Therapeuten, Psychiater und Krankenpfleger k\u00f6nnen sich um psychische Gesundheitsprobleme k\u00fcmmern.<\/p>\n<p><a href=\"https:\/\/ahecwest.org\/\" target=\"_blank\" rel=\"noopener\">Maryland Area Health Education Center (AHEC) West<\/a> offers residents access to prevention, treatment, and recovery services for opioids and substance use disorders through Healing Allegany. The nine-member community-based consortium of agencies provides behavioral health and counseling services in Cumberland.\u00a0<a href=\"https:\/\/ahecwest.org\/healing-allegany\/\" target=\"_blank\" rel=\"noopener\">Finden Sie ein Healing Allegany-Programm<\/a>.<\/p>\n<h3>Find a behavioral health provider<\/h3>\n<p>You can also search for local behavioral health support. The resources are powered by Maryland Information Network, and you can filter the search results by your specific needs.<\/p>\n\t\t\t<a href=\"https:\/\/search.988.mdinfonet.org\/\" target=\"_blank\" rel=\"noopener\">\n\t\t\t\t\t\tSearch for a Provider\n\t\t\t\t\t<\/a>\n\t<h2><b>Gesundheit und Zahnpflege\u00a0<\/b><\/h2>\n<p>Die\u00a0<a href=\"https:\/\/health.maryland.gov\/allegany\/Pages\/Home.aspx\" target=\"_blank\" rel=\"noopener\">Gesundheitsamt<\/a>\u00a0bietet mehrere weitere gesundheitsbezogene Dienstleistungen an, darunter Naloxon-Schulungen, kostenlose Krebsvorsorgeuntersuchungen f\u00fcr qualifizierte Personen, Impfungen und zahn\u00e4rztliche Leistungen f\u00fcr Kinder und schwangere Frauen.<\/p>\n<p><a href=\"https:\/\/health.maryland.gov\/allegany\/Pages\/ChildandPregnantDental.aspx\" target=\"_blank\" rel=\"noopener\">Maryland Healthy Smiles Dental Programm<\/a> steht allen Kindern im Allegany County bis zum Alter von 21 Jahren und schwangeren Frauen im Medicaid-Programm von Maryland mit einer aktiven Zahnarztkarte offen.<\/p>\n<p>AHEC West bietet auch Zugang zu zahn\u00e4rztlicher Versorgung <a href=\"https:\/\/ahecwest.org\/health-right\/\" target=\"_blank\" rel=\"noopener\">Gesundheitsrecht<\/a>. Es bietet Erwachsenen mit niedrigem Einkommen Zugang zu dringenden zahn\u00e4rztlichen Leistungen wie F\u00fcllungen und Extraktionen f\u00fcr Menschen, die Schmerzen haben oder an einer Zahninfektion leiden. Das Dental Access Program hilft 400 Menschen pro Jahr.\u00a0<a href=\"https:\/\/ahecwest.org\/health-right\/\" target=\"_blank\" rel=\"noopener\">Pr\u00fcfen Sie, ob Sie Anspruch auf zahn\u00e4rztliche Hilfe haben<\/a>\u00a0durch Gesundheitsrecht.<\/p>\n<p>&nbsp;<\/p>\n<figure data-animation-delay=\"0\" data-animation-duration=\"1\" itemscope itemtype=\"https:\/\/schema.org\/ImageObject\">\n\t\t\t\t<img decoding=\"async\" src=\"https:\/\/211md.org\/wp-content\/uploads\/2024\/06\/Job-training-in-a-warehouse.jpg\" alt=\"Ausbildung im Lager\" height=\"800\" width=\"1200\" title=\"Ausbildung im Lager\" onerror=\"this.style.display='none'\" loading=\"lazy\" \/>\n\t<\/figure>\n\t\t<h2><a href=\"http:\/\/westernmarylandconsortium.org\/\" target=\"_blank\" rel=\"noopener\">Arbeitstraining<\/a><\/h2><p>If you need help finding a job, The\u00a0Western Maryland Consortium can provide job skills for residents in Allegany, Garrett and Washington counties. Services available include support with:<\/p>\n<ul>\n<li aria-level=\"1\">Lebenslauferstellung<\/li>\n<li aria-level=\"1\">Jobsuche<\/li>\n<li aria-level=\"1\">Karriereinfo<\/li>\n<li aria-level=\"1\">Interessenpr\u00fcfung und -bewertung<\/li>\n<li aria-level=\"1\">Fallmanagement<\/li>\n<li aria-level=\"1\">Workshops<\/li>\n<li aria-level=\"1\">F\u00e4higkeitentraining<\/li>\n<\/ul>\n<p>Connect with The Western Maryland Consortium.<\/p>\n\t\t\t<a href=\"http:\/\/westernmarylandconsortium.org\/\" target=\"_blank\" rel=\"noopener\">\n\t\t\t\t\t\tGet Job Help\n\t\t\t\t\t<\/a>\n\t<h3>Search nearby counties<\/h3>\n<p>You can also search for help in nearby counties as some organizations serve residents in neighboring areas. Search for help in <a href=\"https:\/\/211md.org\/de\/ressourcen-nach-landkreis\/garrett-county\/\">Garrett<\/a> und <a href=\"https:\/\/211md.org\/de\/ressourcen-nach-landkreis\/washington-county\/\">Washington Counties<\/a>.<\/p>\n\t\t<h4><a href=\"\/de\/ressourcen\/alterungsbehinderung\/?utm_source=Home&#038;utm_medium=Referral&#038;utm_campaign=211Resources&#038;utm_content=Aging\" target=\"_self\">Alter &amp; Behinderung<\/a><\/h4><figure itemscope itemtype=\"https:\/\/schema.org\/ImageObject\">\n\t\t\t\t<a href=\"\/de\/ressourcen\/alterungsbehinderung\/?utm_source=Home&#038;utm_medium=Referral&#038;utm_campaign=211Resources&#038;utm_content=Aging\"  target=\"_self\" itemprop=\"url\">\n\t\t\t\t<img decoding=\"async\" src=\"https:\/\/211md.org\/wp-content\/uploads\/bb-plugin\/cache\/2025_MdInfoNet_Icon-Sets_Aging-disability-square-c466727102cae71e5f27b8539bb51945-.png\" alt=\"\" onerror=\"this.style.display='none'\" loading=\"lazy\" \/>\n\t\t\t\t<\/a>\n\t<\/figure>\n\t\t<h4><a href=\"\/de\/ressourcen\/kinder-familien\/?utm_source=Home&#038;utm_medium=Referral&#038;utm_campaign=211Resources&#038;utm_content=Children\" target=\"_self\">Kinder &amp; Familien<\/a><\/h4><figure itemscope itemtype=\"https:\/\/schema.org\/ImageObject\">\n\t\t\t\t<a href=\"\/de\/ressourcen\/kinder-familien\/?utm_source=Home&#038;utm_medium=Referral&#038;utm_campaign=211Resources&#038;utm_content=Children\"  target=\"_self\" itemprop=\"url\">\n\t\t\t\t<img decoding=\"async\" src=\"https:\/\/211md.org\/wp-content\/uploads\/bb-plugin\/cache\/2025_211_Icon-Sets_Child-care-square-f3b0d4edab3dcc467fadb5f55f4064c6-.png\" alt=\"parent and child icon for child care\" height=\"417\" width=\"417\" title=\"2025_211_Icon Sets_Kinderbetreuung\" onerror=\"this.style.display='none'\" loading=\"lazy\" \/>\n\t\t\t\t<\/a>\n\t<\/figure>\n\t\t<h4><a href=\"\/de\/ressourcen\/hausliche-familiare-gewalt\/?utm_source=Home&#038;utm_medium=Referral&#038;utm_campaign=211Resources&#038;utm_content=Domestic\" target=\"_self\">H\u00e4usliche Gewalt<\/a><\/h4><figure itemscope itemtype=\"https:\/\/schema.org\/ImageObject\">\n\t\t\t\t<a href=\"\/de\/ressourcen\/hausliche-familiare-gewalt\/?utm_source=Home&#038;utm_medium=Referral&#038;utm_campaign=211Resources&#038;utm_content=Domestic\"  target=\"_self\" itemprop=\"url\">\n\t\t\t\t<img decoding=\"async\" src=\"https:\/\/211md.org\/wp-content\/uploads\/bb-plugin\/cache\/2025_211_Icon-Sets_Domestic-Violence-square-7b597694a6f05fe90cdc376aa573bc63-.png\" alt=\"House with a heart in the middle icon\" height=\"417\" width=\"417\" title=\"2025_211_Icon Sets_H\u00e4usliche Gewalt\" onerror=\"this.style.display='none'\" loading=\"lazy\" \/>\n\t\t\t\t<\/a>\n\t<\/figure>\n\t\t<h4><a href=\"\/de\/ressourcen\/arbeitssuche\/?utm_source=Home&#038;utm_medium=Referral&#038;utm_campaign=211Resources&#038;utm_content=Employment\" target=\"_self\">Besch\u00e4ftigung<\/a><\/h4><figure itemscope itemtype=\"https:\/\/schema.org\/ImageObject\">\n\t\t\t\t<a href=\"\/de\/ressourcen\/arbeitssuche\/?utm_source=Home&#038;utm_medium=Referral&#038;utm_campaign=211Resources&#038;utm_content=Employment\"  target=\"_self\" itemprop=\"url\">\n\t\t\t\t<img decoding=\"async\" src=\"https:\/\/211md.org\/wp-content\/uploads\/bb-plugin\/cache\/2025_MdInfoNet_Icon-Sets_Employment-square-44707bd410e4df10a470bf130ebcea86-.png\" alt=\"\" onerror=\"this.style.display='none'\" loading=\"lazy\" \/>\n\t\t\t\t<\/a>\n\t<\/figure>\n\t\t<h4><a href=\"\/de\/ressourcen\/gesundheitswesen\/?utm_source=Home&#038;utm_medium=Referral&#038;utm_campaign=211Resources&#038;utm_content=Health%20Care\" target=\"_self\">Gesundheitsvorsorge<\/a><\/h4><figure itemscope itemtype=\"https:\/\/schema.org\/ImageObject\">\n\t\t\t\t<a href=\"\/de\/ressourcen\/gesundheitswesen\/?utm_source=Home&#038;utm_medium=Referral&#038;utm_campaign=211Resources&#038;utm_content=Health%20Care\"  target=\"_self\" itemprop=\"url\">\n\t\t\t\t<img decoding=\"async\" src=\"https:\/\/211md.org\/wp-content\/uploads\/bb-plugin\/cache\/2025_MdInfoNet_Icon-Sets_Health-Care-square-dee98a0060cbe0e7f27eda253fc12679-.png\" alt=\"\" onerror=\"this.style.display='none'\" loading=\"lazy\" \/>\n\t\t\t\t<\/a>\n\t<\/figure>\n\t\t<h4><a href=\"\/de\/ressourcen\/kinder-familien\/verwandtschaftspflege\/?utm_source=Home&#038;utm_medium=Referral&#038;utm_campaign=211Resources&#038;utm_content=Kinship\" target=\"_self\">Verwandtschaft<\/a><\/h4><figure itemscope itemtype=\"https:\/\/schema.org\/ImageObject\">\n\t\t\t\t<a href=\"\/de\/ressourcen\/kinder-familien\/verwandtschaftspflege\/?utm_source=Home&#038;utm_medium=Referral&#038;utm_campaign=211Resources&#038;utm_content=Kinship\"  target=\"_self\" itemprop=\"url\">\n\t\t\t\t<img decoding=\"async\" src=\"https:\/\/211md.org\/wp-content\/uploads\/bb-plugin\/cache\/2025_211_Icon-Sets_Kinship-square-45bdf872866f5735f842c32071109267-.png\" alt=\"Verwandtschaftssymbol\" height=\"417\" width=\"417\" title=\"2025_211_Icon Sets_Verwandtschaft\" onerror=\"this.style.display='none'\" loading=\"lazy\" \/>\n\t\t\t\t<\/a>\n\t<\/figure>\n\t\t<h4><a href=\"\/de\/ressourcen\/rechtsberatung\/?utm_source=Home&#038;utm_medium=Referral&#038;utm_campaign=211Resources&#038;utm_content=Legal\" target=\"_self\">Rechtsberatung<\/a><\/h4><figure itemscope itemtype=\"https:\/\/schema.org\/ImageObject\">\n\t\t\t\t<a href=\"\/de\/ressourcen\/rechtsberatung\/?utm_source=Home&#038;utm_medium=Referral&#038;utm_campaign=211Resources&#038;utm_content=Legal\"  target=\"_self\" itemprop=\"url\">\n\t\t\t\t<img decoding=\"async\" src=\"https:\/\/211md.org\/wp-content\/uploads\/bb-plugin\/cache\/2025_MdInfoNet_Icon-Sets_Legal-square-18fdf438feb8435588174d9046463257-.png\" alt=\"\" onerror=\"this.style.display='none'\" loading=\"lazy\" \/>\n\t\t\t\t<\/a>\n\t<\/figure>\n\t\t<h4><a href=\"\/de\/ressourcen\/psychische-gesundheit\/?utm_source=Home&#038;utm_medium=Referral&#038;utm_campaign=211Resources&#038;utm_content=Mental\" target=\"_self\">Psychische Gesundheit<\/a><\/h4><figure itemscope itemtype=\"https:\/\/schema.org\/ImageObject\">\n\t\t\t\t<a href=\"\/de\/ressourcen\/psychische-gesundheit\/?utm_source=Home&#038;utm_medium=Referral&#038;utm_campaign=211Resources&#038;utm_content=Mental\"  target=\"_self\" itemprop=\"url\">\n\t\t\t\t<img decoding=\"async\" src=\"https:\/\/211md.org\/wp-content\/uploads\/bb-plugin\/cache\/2025_MdInfoNet_Icon-Sets_Mental-Health-square-c59b38c4a993a947d4c9280fbe2d2fee-.png\" alt=\"\" onerror=\"this.style.display='none'\" loading=\"lazy\" \/>\n\t\t\t\t<\/a>\n\t<\/figure>\n\t\t<h4><a href=\"\/de\/ressourcen\/mdreentry\/?utm_source=Home&#038;utm_medium=Referral&#038;utm_campaign=211Resources&#038;utm_content=Reentry\" target=\"_self\">Wiedereintritt<\/a><\/h4><figure itemscope itemtype=\"https:\/\/schema.org\/ImageObject\">\n\t\t\t\t<a href=\"\/de\/ressourcen\/mdreentry\/?utm_source=Home&#038;utm_medium=Referral&#038;utm_campaign=211Resources&#038;utm_content=Reentry\"  target=\"_self\" itemprop=\"url\">\n\t\t\t\t<img decoding=\"async\" src=\"https:\/\/211md.org\/wp-content\/uploads\/bb-plugin\/cache\/2025_211_Icon-Sets_Reentry-square-8676fea38abd920a832f45642fe31cca-.png\" alt=\"Symbol \u201eWiedereintritt\u201c\" height=\"417\" width=\"417\" title=\"2025_211_Icon Sets_Wiedereintritt\" onerror=\"this.style.display='none'\" loading=\"lazy\" \/>\n\t\t\t\t<\/a>\n\t<\/figure>\n\t\t<h4><a href=\"\/de\/ressourcen\/substanzgebrauch\/?utm_source=Home&#038;utm_medium=Referral&#038;utm_campaign=211Resources&#038;utm_content=Substance\" target=\"_self\">Substanzgebrauch<\/a><\/h4><figure itemscope itemtype=\"https:\/\/schema.org\/ImageObject\">\n\t\t\t\t<a href=\"\/de\/ressourcen\/substanzgebrauch\/?utm_source=Home&#038;utm_medium=Referral&#038;utm_campaign=211Resources&#038;utm_content=Substance\"  target=\"_self\" itemprop=\"url\">\n\t\t\t\t<img decoding=\"async\" src=\"https:\/\/211md.org\/wp-content\/uploads\/bb-plugin\/cache\/2025_MdInfoNet_Icon-Sets_Substance-Abuse-square-4f414f085e657267739c181957754f48-.png\" alt=\"Pills for substance Use icon\" title=\"2025_MdInfoNet_Icon-Sets_Substance-Abuse\" onerror=\"this.style.display='none'\" loading=\"lazy\" \/>\n\t\t\t\t<\/a>\n\t<\/figure>\n\t\t<h4><a href=\"\/de\/ressourcen\/steuerdienstleistungen\/\" target=\"_self\">Steuern<\/a><\/h4><figure itemscope itemtype=\"https:\/\/schema.org\/ImageObject\">\n\t\t\t\t<a href=\"\/de\/ressourcen\/steuerdienstleistungen\/\"  target=\"_self\" itemprop=\"url\">\n\t\t\t\t<img decoding=\"async\" src=\"https:\/\/211md.org\/wp-content\/uploads\/bb-plugin\/cache\/2025_MdInfoNet_Icon-Sets_Taxes-square-e2aa520919327b1fa037ee92d1164ad1-.png\" alt=\"Piece of paper for blue tax icon\" height=\"417\" width=\"417\" title=\"2025_MdInfoNet_Icon-Sets_Taxes\" onerror=\"this.style.display='none'\" loading=\"lazy\" \/>\n\t\t\t\t<\/a>\n\t<\/figure>\n\t\t<h4><a href=\"\/de\/ressourcen\/veteranen\/?utm_source=Home&#038;utm_medium=Referral&#038;utm_campaign=211Resources&#038;utm_content=Veterans\" target=\"_self\">Veteranen<\/a><\/h4><figure itemscope itemtype=\"https:\/\/schema.org\/ImageObject\">\n\t\t\t\t<a href=\"\/de\/ressourcen\/veteranen\/?utm_source=Home&#038;utm_medium=Referral&#038;utm_campaign=211Resources&#038;utm_content=Veterans\"  target=\"_self\" itemprop=\"url\">\n\t\t\t\t<img decoding=\"async\" src=\"https:\/\/211md.org\/wp-content\/uploads\/bb-plugin\/cache\/2025_MdInfoNet_Icon-Sets_Rating-square-6e60d00cce4faa8e0a6d4ad7366aa733-.png\" alt=\"\" onerror=\"this.style.display='none'\" loading=\"lazy\" \/>\n\t\t\t\t<\/a>\n\t<\/figure>","protected":false},"excerpt":{"rendered":"<p>In Allegany County, 211 callers often request resources for housing, utilities, food, and mental health. This quick guide directs Marylanders to local programs that can assist with these needs. You can also search for local organizations that can help by ZIP code in the 211 Community Resource Database. Search for nearby resources Utility Assistance Do&hellip;<\/p>","protected":false},"author":8,"featured_media":34322,"parent":750,"menu_order":0,"comment_status":"closed","ping_status":"closed","template":"","meta":{"footnotes":""},"class_list":["post-1705","page","type-page","status-publish","has-post-thumbnail","hentry"],"_links":{"self":[{"href":"https:\/\/211md.org\/de\/wp-json\/wp\/v2\/pages\/1705","targetHints":{"allow":["GET"]}}],"collection":[{"href":"https:\/\/211md.org\/de\/wp-json\/wp\/v2\/pages"}],"about":[{"href":"https:\/\/211md.org\/de\/wp-json\/wp\/v2\/types\/page"}],"author":[{"embeddable":true,"href":"https:\/\/211md.org\/de\/wp-json\/wp\/v2\/users\/8"}],"replies":[{"embeddable":true,"href":"https:\/\/211md.org\/de\/wp-json\/wp\/v2\/comments?post=1705"}],"version-history":[{"count":5,"href":"https:\/\/211md.org\/de\/wp-json\/wp\/v2\/pages\/1705\/revisions"}],"predecessor-version":[{"id":4621,"href":"https:\/\/211md.org\/de\/wp-json\/wp\/v2\/pages\/1705\/revisions\/4621"}],"up":[{"embeddable":true,"href":"https:\/\/211md.org\/de\/wp-json\/wp\/v2\/pages\/750"}],"wp:featuredmedia":[{"embeddable":true,"href":"https:\/\/211md.org\/de\/wp-json\/wp\/v2\/media\/34322"}],"wp:attachment":[{"href":"https:\/\/211md.org\/de\/wp-json\/wp\/v2\/media?parent=1705"}],"curies":[{"name":"wp","href":"https:\/\/api.w.org\/{rel}","templated":true}]}}