{"id":1937,"date":"2021-05-26T19:27:53","date_gmt":"2021-05-26T19:27:53","guid":{"rendered":"https:\/\/211md.org\/?page_id=1937"},"modified":"2023-10-31T14:59:25","modified_gmt":"2023-10-31T18:59:25","slug":"flucht-aus-der-traurigkeit","status":"publish","type":"page","link":"https:\/\/211md.org\/de\/escaping-sadness\/","title":{"rendered":"Der Traurigkeit entkommen"},"content":{"rendered":"<h1>\n\t\t\u00dcberw\u00e4ltigt f\u00fchlen?\n\t<\/h1>\n\t<h2>Du bist nicht allein. 211 Maryland kann helfen.<br>\nMelden Sie sich f\u00fcr inspirierende Unterst\u00fctzungsnachrichten von an<\/h2>\n<h2>MDMINDHEALTH \/ MDSALUDMENTAL.<\/h2>\n\t\t\t<a href=\"sms:\/\/898-211;?&amp;body=MDMindHealth\" target=\"_blank\" rel=\"noopener\">\n\t\t\t\t\t\t\tJetzt registrieren\n\t\t\t\t\t<\/a>\n\t\t\t<a href=\"sms:\/\/898-211;?&amp;body=MDSaludMental\" target=\"_blank\" rel=\"noopener\">\n\t\t\t\t\t\t\tRegistrieren Sie Ahora\n\t\t\t\t\t<\/a>\n\t<p>Senden Sie eine SMS an MDMindHealth an 898-211. Para Espa\u00f1ol, Text MDSaludMental a 898-211.<\/p>\n<h2>\n\t\t1TP5Der Traurigkeit entfliehen\n\t<\/h2>\n<h2>\n\t\tWie es funktioniert\n\t<\/h2>\n\t\t\t\t<img loading=\"lazy\" decoding=\"async\" src=\"https:\/\/211md.org\/wp-content\/uploads\/2021\/05\/Screen-Shot-2021-05-26-at-11.27.15-AM.svg\" alt=\"Bild der Nummer 1\" itemprop=\"image\" height=\"150\" width=\"150\" title=\"Bild der Nummer 1\" onerror=\"this.style.display='none'\">\n<h3>Text<\/h3>\t\t\n\t\t\t<p>Text&nbsp;<strong>MDMindHealth<\/strong>&nbsp;bis 898-211<\/p>\n<p>Para Espa\u00f1ol, Text&nbsp;<strong>MDSaludMental<\/strong>&nbsp;a 898-211<\/p>\nDie H\u00e4ufigkeit der Nachrichten kann variieren. Es k\u00f6nnen Nachrichten- und Datentarife anfallen.<br>\nSenden Sie eine SMS mit STOP, um sich abzumelden.&nbsp;<strong><a href=\"https:\/\/211md.org\/de\/sms\/\">Datenschutzrichtlinie und Nutzungsbedingungen<\/a>.<\/strong>\n\t\t\t\t<img loading=\"lazy\" decoding=\"async\" src=\"https:\/\/211md.org\/wp-content\/uploads\/2021\/05\/Screen-Shot-2021-05-26-at-11.27.25-AM.svg\" alt=\"Bild der Zahl 2\" itemprop=\"image\" height=\"150\" width=\"150\" title=\"Bild der Nummer 2\" onerror=\"this.style.display='none'\">\n<h3>Hole dir Unterst\u00fctzung<\/h3>\t\t\n\t\t\t<p>Wir senden unterst\u00fctzende Textnachrichten. Sie sitzen auf dem Fahrersitz. Sprechen Sie mit einem Live-Experten oder melden Sie sich jederzeit ab.<\/p>\n\t\t\t\t<img loading=\"lazy\" decoding=\"async\" src=\"https:\/\/211md.org\/wp-content\/uploads\/2021\/05\/Screen-Shot-2021-05-26-at-11.27.40-AM.svg\" alt=\"Bild der Zahl 3\" itemprop=\"image\" height=\"149\" width=\"149\" title=\"Bild der Nummer 3\" onerror=\"this.style.display='none'\">\n<h3>Trete der Community bei<\/h3>\t\t\n\t\t\t<p>Treten Sie unserer Community bei, um andere zu finden, die sich identifizieren k\u00f6nnen und weiterhin Unterst\u00fctzung erhalten.<\/p>","protected":false},"excerpt":{"rendered":"<p>\u00dcberw\u00e4ltigt f\u00fchlen? Du bist nicht allein. 211 Maryland kann helfen. Melden Sie sich f\u00fcr inspirierende Unterst\u00fctzungsbotschaften von MDMINDHEALTH \/ MDSALUDMENTAL an. Melden Sie sich jetzt an. Registrieren Sie Ahora. Senden Sie eine SMS an MDMindHealth an 898-211. Para Espa\u00f1ol, Text MDSaludMental a 898-211. #escapingsadness So funktioniert es Text Text MDMindHealth an 898-211 Para Espa\u00f1ol, Text an MDSaludMental an 898-211 Die Nachrichtenh\u00e4ufigkeit kann variieren. Nachrichten- und Datenraten k\u00f6nnen\u2026<\/p>","protected":false},"author":8,"featured_media":0,"parent":0,"menu_order":0,"comment_status":"closed","ping_status":"closed","template":"","meta":{"footnotes":""},"class_list":["post-1937","page","type-page","status-publish","hentry"],"_links":{"self":[{"href":"https:\/\/211md.org\/de\/wp-json\/wp\/v2\/pages\/1937","targetHints":{"allow":["GET"]}}],"collection":[{"href":"https:\/\/211md.org\/de\/wp-json\/wp\/v2\/pages"}],"about":[{"href":"https:\/\/211md.org\/de\/wp-json\/wp\/v2\/types\/page"}],"author":[{"embeddable":true,"href":"https:\/\/211md.org\/de\/wp-json\/wp\/v2\/users\/8"}],"replies":[{"embeddable":true,"href":"https:\/\/211md.org\/de\/wp-json\/wp\/v2\/comments?post=1937"}],"version-history":[{"count":0,"href":"https:\/\/211md.org\/de\/wp-json\/wp\/v2\/pages\/1937\/revisions"}],"wp:attachment":[{"href":"https:\/\/211md.org\/de\/wp-json\/wp\/v2\/media?parent=1937"}],"curies":[{"name":"wp","href":"https:\/\/api.w.org\/{rel}","templated":true}]}}