{"id":1955,"date":"2021-05-26T21:47:39","date_gmt":"2021-05-26T21:47:39","guid":{"rendered":"https:\/\/211md.org\/?page_id=1955"},"modified":"2024-07-26T11:25:04","modified_gmt":"2024-07-26T15:25:04","slug":"stoppt-das-stigma","status":"publish","type":"page","link":"https:\/\/211md.org\/de\/stop-the-stigma\/","title":{"rendered":"Stoppen Sie das Stigma"},"content":{"rendered":"<h1>\n\t\tStoppen Sie das Stigma\n\t<\/h1>\n\t<h2>Opioidbezogene Unterst\u00fctzung ist f\u00fcr Einzelpersonen, Freunde, Familienmitglieder und Fachleute verf\u00fcgbar.<\/h2>\n\t\t\t<a href=\"sms:\/\/898-211;?&#038;body=MDHope\" target=\"_blank\" rel=\"noopener\">\n\t\t\t\t\t\t\tJetzt registrieren\n\t\t\t\t\t<\/a>\n<p>Wenn Sie ein Mobilger\u00e4t verwenden, klicken Sie auf die Schaltfl\u00e4che, um Textnachrichten zu \u00f6ffnen. Andernfalls senden Sie MDHope eine SMS an 898-211.<\/p>\n<h2>\n\t\t#stopthestigmatd\n\t<\/h2>\n<h2>\n\t\tWie es funktioniert\n\t<\/h2>\n\t\t\t\t<img loading=\"lazy\" decoding=\"async\" src=\"https:\/\/211md.org\/wp-content\/uploads\/2021\/05\/Screen-Shot-2021-05-26-at-11.27.15-AM.svg\" alt=\"Bild der Nummer 1\" itemprop=\"image\" height=\"150\" width=\"150\" title=\"Bild der Nummer 1\" onerror=\"this.style.display='none'\"  \/>\n<h3>Text<\/h3><p>Text\u00a0<strong>MDHoffnung<\/strong>\u00a0an 898-211, um sich f\u00fcr SMS anzumelden.\u00a0<sup>1<\/sup><\/p>\n\t\t\t\t<img loading=\"lazy\" decoding=\"async\" src=\"https:\/\/211md.org\/wp-content\/uploads\/2021\/05\/Screen-Shot-2021-05-26-at-11.27.25-AM.svg\" alt=\"Bild der Zahl 2\" itemprop=\"image\" height=\"150\" width=\"150\" title=\"Bild der Nummer 2\" onerror=\"this.style.display='none'\"  \/>\n<h3>Hole dir Unterst\u00fctzung<\/h3><p>Finden Sie Behandlungsoptionen, informieren Sie sich \u00fcber Naloxon (Medikamente zur \u00dcberdosierung), greifen Sie auf Unterst\u00fctzung zu oder sprechen Sie mit einem Live-Experten.<\/p>\n\t\t\t\t<img loading=\"lazy\" decoding=\"async\" src=\"https:\/\/211md.org\/wp-content\/uploads\/2021\/05\/Screen-Shot-2021-05-26-at-11.27.40-AM.svg\" alt=\"Bild der Zahl 3\" itemprop=\"image\" height=\"149\" width=\"149\" title=\"Bild der Nummer 3\" onerror=\"this.style.display='none'\"  \/>\n<h3>Nutzen Sie unseren Facebook-Frame<\/h3><p>Zeigen Sie Ihre Unterst\u00fctzung, indem Sie unsere verwenden\u00a0<sup>2<\/sup><strong><a href=\"http:\/\/www.facebook.com\/profilepicframes\/?selected_overlay_id=213799703839814\" target=\"_blank\" rel=\"noopener\">Stoppen Sie das Stigma Facebook<\/a><\/strong>\u00a0rahmen.<\/p>\n<p><sup>1 <\/sup><em>211 Maryland bietet SMS-Warnprogramme an, die regionsspezifische Ressourceninformationen oder Katastrophenwarnungen liefern. Senden Sie eine SMS mit STOP an dieselbe Nummer, um sich abzumelden. Vollst\u00e4ndige SMS-Bedingungen unter <a href=\"https:\/\/211md.org\/de\/sms\/\">https:\/\/211md.org\/sms\/<\/a> wird auch gelten.<\/em><\/p>\n<p><sup>2<\/sup>\u00a0Gehen Sie zu Ihrem Profilbild, w\u00e4hlen Sie Rahmen hinzuf\u00fcgen und suchen Sie Stop The Stigma Maryland. Teilen Sie den Rahmen mit Freunden und Familienmitgliedern. Wenn Sie Instagram, Twitter oder LinkedIn verwenden,\u00a0<a href=\"https:\/\/211md.org\/wp-content\/uploads\/2021\/05\/stop-the-opioid-stigma-hand.jpg\" target=\"_blank\" rel=\"noopener\">Laden Sie dieses Bild herunter<\/a>\u00a0und als Profilbild verwenden.<\/p>","protected":false},"excerpt":{"rendered":"<p>\u201eStoppt die Stigmatisierung\u201c Opioidbezogene Unterst\u00fctzung steht Einzelpersonen, Freunden, Familienmitgliedern und Fachleuten zur Verf\u00fcgung. Jetzt anmelden Wenn Sie ein Mobilger\u00e4t verwenden, klicken Sie auf die Schaltfl\u00e4che, um Textnachrichten zu \u00f6ffnen. Andernfalls senden Sie MDHope eine SMS an 898-211. #stopthestigmamd So funktioniert es Text Text MDHope an 898-211, um sich f\u00fcr Textnachrichten anzumelden. 1 Holen Sie sich Unterst\u00fctzung Finden Sie Behandlungsm\u00f6glichkeiten, erhalten Sie Informationen zu Naloxon \u2026<\/p>","protected":false},"author":8,"featured_media":0,"parent":0,"menu_order":0,"comment_status":"closed","ping_status":"closed","template":"","meta":{"footnotes":""},"class_list":["post-1955","page","type-page","status-publish","hentry"],"_links":{"self":[{"href":"https:\/\/211md.org\/de\/wp-json\/wp\/v2\/pages\/1955","targetHints":{"allow":["GET"]}}],"collection":[{"href":"https:\/\/211md.org\/de\/wp-json\/wp\/v2\/pages"}],"about":[{"href":"https:\/\/211md.org\/de\/wp-json\/wp\/v2\/types\/page"}],"author":[{"embeddable":true,"href":"https:\/\/211md.org\/de\/wp-json\/wp\/v2\/users\/8"}],"replies":[{"embeddable":true,"href":"https:\/\/211md.org\/de\/wp-json\/wp\/v2\/comments?post=1955"}],"version-history":[{"count":0,"href":"https:\/\/211md.org\/de\/wp-json\/wp\/v2\/pages\/1955\/revisions"}],"wp:attachment":[{"href":"https:\/\/211md.org\/de\/wp-json\/wp\/v2\/media?parent=1955"}],"curies":[{"name":"wp","href":"https:\/\/api.w.org\/{rel}","templated":true}]}}