{"id":1963,"date":"2021-05-27T13:01:12","date_gmt":"2021-05-27T13:01:12","guid":{"rendered":"https:\/\/211md.org\/?page_id=1963"},"modified":"2023-08-02T09:40:34","modified_gmt":"2023-08-02T13:40:34","slug":"covid-miethilfe","status":"publish","type":"page","link":"https:\/\/211md.org\/de\/resources\/housing-shelter\/covid-rental-help\/","title":{"rendered":"COVID-Miethilfe"},"content":{"rendered":"<h2>Maryland Emergency Rental Assistance Program (ERAP)<\/h2>\n<p>Haben Sie aufgrund von COVID-19 Schwierigkeiten, Ihre Miete zu bezahlen? M\u00f6glicherweise haben Sie Anspruch auf finanzielle Unterst\u00fctzung bei laufenden oder \u00fcberf\u00e4lligen Mietzahlungen. Bei vielen Programmen sind die Mittel f\u00fcr Mietbeihilfen im Zusammenhang mit COVID-19 ausgesch\u00f6pft, aber Sie k\u00f6nnen m\u00f6glicherweise immer noch Hilfe von einem anderen Programm erhalten <a href=\"https:\/\/211md.org\/de\/ressourcen\/gehause-unterkunft\/\">Wohnquelle<\/a>. Wenn Sie Hilfe bei der Miete ben\u00f6tigen, rufen Sie 2-1-1 an.<\/p>\n<p>Vermieter k\u00f6nnen Mietern auch bei der Beantragung von F\u00f6rdermitteln behilflich sein.<\/p>\n\t<iframe loading=\"lazy\" width=\"560\" height=\"315\" src=\"https:\/\/www.youtube.com\/embed\/6Fomy15JX-E\" title=\"YouTube-Videoplayer\" frameborder=\"0\" allow=\"accelerometer; autoplay; clipboard-write; encrypted-media; gyroscope; picture-in-picture\" allowfullscreen><\/iframe>\n\t<p>Wie Sie Hilfe beantragen, h\u00e4ngt davon ab, wo Sie wohnen. Der\u00a0<a href=\"https:\/\/dhcd.maryland.gov\/Pages\/EvictionPrevention\/default.aspx\" target=\"_blank\" rel=\"noopener\">Ministerium f\u00fcr Wohnungswesen und Gemeindeentwicklung von Maryland<\/a> arbeitet mit lokalen Gerichtsbarkeiten und Immobilienverwaltungsgesellschaften zusammen, um Bundesmittel zu verteilen.<\/p>\n<h3><b>Finden Sie lokale Miethilfe<\/b><\/h3>\n<p>Die Finanzierung ist begrenzt und m\u00f6glicherweise erh\u00e4lt nicht jeder Haushalt Unterst\u00fctzung. W\u00e4hrend einige Programme unterschiedliche Namen haben, werden die meisten als Emergency Rental Assistance Program oder ERAP bezeichnet.<\/p>\n<p>Der Staat arbeitet bei der Verwaltung der Mittel mit lokalen Beh\u00f6rden zusammen.<\/p>\n<p>Erfahren Sie mehr \u00fcber den Bewerbungsprozess, die erforderlichen Unterlagen, Einkommensrichtlinien und Partneragenturen.<\/p>\n<p><strong>Hinweis: Viele Programme wurden beendet.<\/strong><\/p>\n<ul>\n<li><a href=\"https:\/\/covidrentrelief.alleghenycounty.us\/\" target=\"_blank\" rel=\"noopener\">Allegany ERAP \u2013 Programm beendet<\/a><\/li>\n<li><a href=\"https:\/\/acdsinc.org\/housing-resources\/renters\/acds-eviction-prevention-program\/\" target=\"_blank\" rel=\"noopener\">R\u00e4umungspr\u00e4ventionsprogramm der Anne Arundel Community Development Services (ACDS).<\/a><\/li>\n<li><a href=\"https:\/\/www.bmorechildren.com\/residents\" target=\"_blank\" rel=\"noopener\">Unterst\u00fctzung bei der Vermietung in Baltimore City<\/a><\/li>\n<li><a href=\"https:\/\/www.baltimorecountymd.gov\/departments\/housing\/eviction-prevention-program\" target=\"_blank\" rel=\"noopener\">COVID-19-R\u00e4umungspr\u00e4ventionsprogramm des Baltimore County<\/a><\/li>\n<li><a href=\"https:\/\/www.calvertcountymd.gov\/3056\/Rental-Assistance-Form\" target=\"_blank\" rel=\"noopener\">Mietunterst\u00fctzung in Calvert County<\/a><\/li>\n<li><a href=\"https:\/\/carolinemd.seamlessdocs.com\/f\/RENTUTILITY\" target=\"_blank\" rel=\"noopener\">Caroline County ERAP<\/a><\/li>\n<li><a href=\"https:\/\/www.carrollcountymd.gov\/government\/directory\/citizen-services\/housing-community-development\" target=\"_blank\" rel=\"noopener\">Carroll County<\/a><\/li>\n<li><a href=\"https:\/\/www.ccgov.org\/government\/community-services\/housing\" target=\"_blank\" rel=\"noopener\">Cecil County<\/a><\/li>\n<li>Charles County (<a href=\"https:\/\/charlescountydss.com\/eviction\" target=\"_blank\" rel=\"noopener\">Abteilung f\u00fcr Soziale Dienste<\/a>\u00a0und\u00a0<a href=\"https:\/\/www.smtccac.org\/emergency-assistance.aspx\" target=\"_blank\" rel=\"noopener\">ERAP des Southern Maryland Tri-County Community Action Committee (SMTCCAC).<\/a>) \u2013 beendet<\/li>\n<li>Dorchester County<\/li>\n<li>Frederick County \u2013 beendet, aber <a href=\"https:\/\/thereligiouscoalition.org\/need-help\/rental-assistance-program\/\" target=\"_blank\" rel=\"noopener\">Die religi\u00f6se Koalition<\/a> kann vielleicht bei der R\u00fcckmiete helfen<\/li>\n<li><a href=\"https:\/\/www.howardcountymd.gov\/DHCD-COVID\" target=\"_blank\" rel=\"noopener\">Howard County COVID-19 Wohngelderleichterung<\/a> \u2013 beendet<\/li>\n<li><a href=\"https:\/\/www.mrdc.net\/our-programs\/housing\/erap\/\" target=\"_blank\" rel=\"noopener\">Kent County Maryland Rural Development COVID-19 ERAP<\/a><\/li>\n<li><a href=\"https:\/\/www.princegeorgescountymd.gov\/3703\/Emergency-Rental-Assistance-Program\" target=\"_blank\" rel=\"noopener\">Nothilfeprogramm f\u00fcr die Miete von Prince George&#039;s County<\/a><\/li>\n<li><a href=\"https:\/\/www.qac.org\/154\/Housing\" target=\"_blank\" rel=\"noopener\">Queen Anne&#039;s County<\/a><\/li>\n<li><a href=\"https:\/\/talbotcovid19.org\/financial-assistance\/\" target=\"_blank\" rel=\"noopener\">Talbot County<\/a><\/li>\n<li><a href=\"https:\/\/www.wicomicocounty.org\/728\/Emergency-Rental-Assistance-Program\" target=\"_blank\" rel=\"noopener\">Wicomico County<\/a><\/li>\n<li><a href=\"https:\/\/dhs.maryland.gov\/local-offices\/worcester-county\/\" target=\"_blank\" rel=\"noopener\">Worcester County<\/a>\u00a0(Abteilung f\u00fcr soziale Dienste)<\/li>\n<\/ul>\n<p>Sie k\u00f6nnen 2-1-1 anrufen, um die neuesten Informationen zum Maryland Emergency Rental Assistance-Programm zu erhalten, oder 1-877-546-5595 anrufen.<\/p>\n<h3><b>Finanzielle Hilfe<\/b><\/h3>\n<p>Finanzielle Hilfe ist m\u00f6glicherweise auch \u00fcber eine \u00f6rtliche gemeinn\u00fctzige Organisation, Kirche oder Agentur verf\u00fcgbar.\u00a0<a href=\"https:\/\/search.211md.org\/search?query=BH-3800.7000&amp;query_type=taxonomy&amp;query_label=&amp;query_language=en\" target=\"_blank\" rel=\"noopener\">Durchsuchen Sie die Datenbank 211 nach wohnungsbezogenen Hilfsprogrammen<\/a>\u00a0oder rufen Sie 2-1-1 an und sprechen Sie rund um die Uhr mit einem Informations- und Empfehlungsspezialisten.<\/p>\n<h3>Rechtshilfe<\/h3>\n<p>Wenn Ihnen eine Zwangsr\u00e4umung droht und Sie rechtliche Hilfe ben\u00f6tigen,\u00a0<a href=\"\/de\/podcast\/podcast-episode-6-mvls\/\" rel=\"noopener\">Finden Sie einen kostenlosen und preisg\u00fcnstigen Rechtsdienst vor Ort<\/a>.<\/p>\n<h2>Verwandte Informationen<\/h2>\n<p><a title=\"R\u00e4umungspr\u00e4vention\" href=\"https:\/\/211md.org\/de\/ressourcen\/gehause-unterkunft\/raumungspravention\/\">R\u00e4umungspr\u00e4vention<\/a><\/p>\n<p><a href=\"https:\/\/211md.org\/de\/ressourcen\/gehause-unterkunft\/covid-miethilfe\/\">COVID-Miethilfe<\/a><\/p>\n<p><a title=\"Hypothek\/Zwangsvollstreckung \" href=\"https:\/\/211md.org\/de\/ressourcen\/gehause-unterkunft\/hypotheken-zwangsvollstreckung\/\">Hypothek\/Zwangsvollstreckung<\/a><\/p>\n<p><a href=\"https:\/\/211md.org\/de\/ressourcen\/gehause-unterkunft\/senior-housing\/\" target=\"_blank\" rel=\"noopener\">Seniorenwohnung<\/a><\/p>\n<h2>\n\t\tRessourcen finden\n\t<\/h2>\n\t\t\t\t<a href=\"\/de\/ressourcen\/alterungsbehinderung\/\" target=\"_self\" itemprop=\"url\" rel=\"noopener\">\n\t\t\t\t<img loading=\"lazy\" decoding=\"async\" src=\"https:\/\/211md.org\/wp-content\/uploads\/bb-plugin\/cache\/Mask-Group-41@2x-circle-73eaadba4cad8269faa4720e25cf1c85-.png\" alt=\"Die F\u00fc\u00dfe einer \u00e4lteren Frau und einer j\u00fcngeren Frau, die zusammen gehen\" itemprop=\"image\" height=\"500\" width=\"500\" title=\"Behindertendienste\" onerror=\"this.style.display='none'\"  \/>\n\t\t\t\t<\/a>\n\t\t<h3><a href=\"\/de\/ressourcen\/alterungsbehinderung\/\" target=\"_self\" rel=\"noopener\">Alter &amp; Behinderung<\/a><\/h3>\t\t\n\t\t\t\t<a href=\"\/de\/ressourcen\/kinder-familien\/\" target=\"_self\" itemprop=\"url\" rel=\"noopener\">\n\t\t\t\t<img loading=\"lazy\" decoding=\"async\" src=\"https:\/\/211md.org\/wp-content\/uploads\/bb-plugin\/cache\/Mask-Group-38@2x-circle-ac40d46265fbec62083cd27f6dcf23b0-.png\" alt=\"Ein kleiner Junge und ein M\u00e4dchen l\u00e4cheln und schauen in die Kamera\" itemprop=\"image\" height=\"500\" width=\"500\" title=\"Maskengruppe 38@2x\" onerror=\"this.style.display='none'\"  \/>\n\t\t\t\t<\/a>\n\t\t<h3><a href=\"\/de\/ressourcen\/kinder-familien\/\" target=\"_self\" rel=\"noopener\">Kinder &amp; Familien<\/a><\/h3>\t\t\n\t\t\t\t<a href=\"\/de\/ressourcen\/covid-19-ressourcenzentrum\/\" target=\"_self\" itemprop=\"url\" rel=\"noopener\">\n\t\t\t\t<img loading=\"lazy\" decoding=\"async\" src=\"https:\/\/211md.org\/wp-content\/uploads\/bb-plugin\/cache\/Mask-Group-35-circle-1d65595bca7a4e0f07d3d14ca4f42835-.png\" alt=\"Ein Mann und eine Frau sto\u00dfen sich mit dem Ellbogen an\" itemprop=\"image\" height=\"500\" width=\"500\" title=\"Maskengruppe 35\" onerror=\"this.style.display='none'\"  \/>\n\t\t\t\t<\/a>\n\t\t<h3><a href=\"\/de\/ressourcen\/covid-19-ressourcenzentrum\/\" target=\"_self\" rel=\"noopener\">COVID-19-Ressourcen<\/a><\/h3>\t\t\n\t\t\t\t<a href=\"\/de\/ressourcen\/hausliche-familiare-gewalt\/\" target=\"_self\" itemprop=\"url\" rel=\"noopener\">\n\t\t\t\t<img loading=\"lazy\" decoding=\"async\" src=\"https:\/\/211md.org\/wp-content\/uploads\/bb-plugin\/cache\/Mask-Group-39@2x-circle-b2589197a13c791d910f46dd10b27a87-.png\" alt=\"Zwei Paar H\u00e4nde, die sich halten\" itemprop=\"image\" height=\"500\" width=\"500\" title=\"Maskengruppe 39@2x\" onerror=\"this.style.display='none'\"  \/>\n\t\t\t\t<\/a>\n\t\t<h3><a href=\"\/de\/ressourcen\/hausliche-familiare-gewalt\/\" target=\"_self\" rel=\"noopener\">H\u00e4usliche\/famili\u00e4re Gewalt<\/a><\/h3>\t\t\n\t\t\t\t<a href=\"\/de\/ressourcen\/arbeitssuche\/\" target=\"_self\" itemprop=\"url\" rel=\"noopener\">\n\t\t\t\t<img loading=\"lazy\" decoding=\"async\" src=\"https:\/\/211md.org\/wp-content\/uploads\/bb-plugin\/cache\/Employment-circle-bf72562329e950df948954f5d3f44b2e-.png\" alt=\"Ein Automechaniker\" itemprop=\"image\" height=\"500\" width=\"500\" title=\"Besch\u00e4ftigung\" onerror=\"this.style.display='none'\"  \/>\n\t\t\t\t<\/a>\n\t\t<h3><a href=\"\/de\/ressourcen\/arbeitssuche\/\" target=\"_self\" rel=\"noopener\">Besch\u00e4ftigung<\/a><\/h3>\t\t\n\t\t\t\t<a href=\"\/de\/ressourcen\/gesundheitswesen\/\" target=\"_self\" itemprop=\"url\" rel=\"noopener\">\n\t\t\t\t<img loading=\"lazy\" decoding=\"async\" src=\"https:\/\/211md.org\/wp-content\/uploads\/bb-plugin\/cache\/Mask-Group-35@2x-circle-94be10c13e4adae1683b4589dc2f5b2f-.png\" alt=\"Doktor, der Jungenbein betrachtet\" itemprop=\"image\" height=\"500\" width=\"500\" title=\"Maskengruppe 35@2x\" onerror=\"this.style.display='none'\"  \/>\n\t\t\t\t<\/a>\n\t\t<h3><a href=\"\/de\/ressourcen\/gesundheitswesen\/\" target=\"_self\" rel=\"noopener\">Gesundheitsvorsorge<\/a><\/h3>\t\t\n\t\t\t\t<a href=\"\/de\/ressourcen\/lebensmittel\/\" target=\"_self\" itemprop=\"url\" rel=\"noopener\">\n\t\t\t\t<img loading=\"lazy\" decoding=\"async\" src=\"https:\/\/211md.org\/wp-content\/uploads\/bb-plugin\/cache\/Mask-Group-32@2x-circle-1c6d647dcaf998fa079d26735cedc92b-.png\" alt=\"Frisches Gem\u00fcse\" itemprop=\"image\" height=\"500\" width=\"500\" title=\"Maskengruppe 32@2x\" onerror=\"this.style.display='none'\"  \/>\n\t\t\t\t<\/a>\n\t\t<h3><a href=\"\/de\/ressourcen\/lebensmittel\/\" target=\"_self\" rel=\"noopener\">Essen<\/a><\/h3>\t\t\n\t\t\t\t<a href=\"\/de\/ressourcen\/gehause-unterkunft\/\" target=\"_self\" itemprop=\"url\" rel=\"noopener\">\n\t\t\t\t<img loading=\"lazy\" decoding=\"async\" src=\"https:\/\/211md.org\/wp-content\/uploads\/bb-plugin\/cache\/Mask-Group-34@2x-circle-b99c55fc16ef21f35e2f2a1f7cc37b9a-.png\" alt=\"Apartmentkomplex Balkon\" itemprop=\"image\" height=\"500\" width=\"500\" title=\"Wohnung-Komplex\" onerror=\"this.style.display='none'\"  \/>\n\t\t\t\t<\/a>\n\t\t<h3><a href=\"\/de\/ressourcen\/gehause-unterkunft\/\" target=\"_self\" rel=\"noopener\">Wohnen &amp; Obdach<\/a><\/h3>\t\t\n\t\t\t\t<a href=\"\/de\/ressourcen\/neu-in-den-usa-und-maryland\/\" target=\"_self\" itemprop=\"url\" rel=\"noopener\">\n\t\t\t\t<img loading=\"lazy\" decoding=\"async\" src=\"https:\/\/211md.org\/wp-content\/uploads\/bb-plugin\/cache\/American-flag-circle-0016cc327e27ef7aeb080f1da6c6e98b-.jpg\" alt=\"amerikanische Flagge\" itemprop=\"image\" height=\"364\" width=\"1366\" title=\"Amerikanische Flagge\" onerror=\"this.style.display='none'\"  \/>\n\t\t\t\t<\/a>\n\t\t<h3><a href=\"\/de\/ressourcen\/neu-in-den-usa-und-maryland\/\" target=\"_self\" rel=\"noopener\">Einwanderung<\/a><\/h3>\t\t\n\t\t\t\t<a href=\"\/de\/ressourcen\/rechtsberatung\/\" target=\"_self\" itemprop=\"url\" rel=\"noopener\">\n\t\t\t\t<img loading=\"lazy\" decoding=\"async\" src=\"https:\/\/211md.org\/wp-content\/uploads\/bb-plugin\/cache\/Housing-Legal-circle-9a8f3c1c72c54b6e1ce612d2993c1ad4-.png\" alt=\"Rechtshammer mit einem Plastikmodell eines Hauses daneben\" itemprop=\"image\" height=\"348\" width=\"460\" title=\"Wohnungsrecht\" onerror=\"this.style.display='none'\"  \/>\n\t\t\t\t<\/a>\n\t\t<h3><a href=\"\/de\/ressourcen\/rechtsberatung\/\" target=\"_self\" rel=\"noopener\">Rechtsberatung<\/a><\/h3>\t\t\n\t\t\t\t<a href=\"\/de\/ressourcen\/psychische-gesundheit\/\" target=\"_self\" itemprop=\"url\" rel=\"noopener\">\n\t\t\t\t<img loading=\"lazy\" decoding=\"async\" src=\"https:\/\/211md.org\/wp-content\/uploads\/bb-plugin\/cache\/Mask-Group-40@2x-circle-7bd9426367852fb3d841bc4bdc57a550-.png\" alt=\"Die Profile eines Mannes und einer Frau\" itemprop=\"image\" height=\"500\" width=\"500\" title=\"Maskengruppe 40@2x\" onerror=\"this.style.display='none'\"  \/>\n\t\t\t\t<\/a>\n\t\t<h3><a href=\"\/de\/ressourcen\/psychische-gesundheit\/\" target=\"_self\" rel=\"noopener\">Psychische Gesundheit<\/a><\/h3>\t\t\n\t\t\t\t<a href=\"\/de\/stoppen\/\" target=\"_self\" itemprop=\"url\" rel=\"noopener\">\n\t\t\t\t<img loading=\"lazy\" decoding=\"async\" src=\"https:\/\/211md.org\/wp-content\/uploads\/bb-plugin\/cache\/Background-section-MDStophate-circle-08e2bae1cf9f2ad6cc83e01e23da8cb9-.jpg\" alt=\"Hintergrund-Abschnitt-MDStophate\" itemprop=\"image\" height=\"768\" width=\"1366\" title=\"Hintergrund-Abschnitt-MDStophate\" onerror=\"this.style.display='none'\"  \/>\n\t\t\t\t<\/a>\n\t\t<h3><a href=\"\/de\/stoppen\/\" target=\"_self\" rel=\"noopener\">Stoppen Sie Hass<\/a><\/h3>\t\t\n\t\t\t\t<a href=\"\/de\/ressourcen\/substanzgebrauch\/\" target=\"_self\" itemprop=\"url\" rel=\"noopener\">\n\t\t\t\t<img loading=\"lazy\" decoding=\"async\" src=\"https:\/\/211md.org\/wp-content\/uploads\/bb-plugin\/cache\/Substance-Use-circle-ad2d564932dc31267e0c32a6fb2d915c-.png\" alt=\"Hand zerschlagende Pillen\" itemprop=\"image\" height=\"500\" width=\"500\" title=\"Substanzgebrauch\" onerror=\"this.style.display='none'\"  \/>\n\t\t\t\t<\/a>\n\t\t<h3><a href=\"\/de\/ressourcen\/substanzgebrauch\/\" target=\"_self\" rel=\"noopener\">Substanzgebrauch<\/a><\/h3>\t\t\n\t\t\t\t<a href=\"\/de\/ressourcen\/steuerdienstleistungen\/\" target=\"_self\" itemprop=\"url\" rel=\"noopener\">\n\t\t\t\t<img loading=\"lazy\" decoding=\"async\" src=\"https:\/\/211md.org\/wp-content\/uploads\/bb-plugin\/cache\/Mask-Group-34-circle-166a606e37e61188c9a17d5e634cda3c-.png\" alt=\"Person, die Einkommensteuerunterlagen ausf\u00fcllt\" itemprop=\"image\" height=\"500\" width=\"500\" title=\"Maskengruppe 34\" onerror=\"this.style.display='none'\"  \/>\n\t\t\t\t<\/a>\n\t\t<h3><a href=\"\/de\/ressourcen\/steuerdienstleistungen\/\" target=\"_self\" rel=\"noopener\">Steuerliche Dienstleistungen<\/a><\/h3>\t\t\n\t\t\t\t<a href=\"\/de\/ressourcen\/utility-unterstutzung\/\" target=\"_self\" itemprop=\"url\" rel=\"noopener\">\n\t\t\t\t<img loading=\"lazy\" decoding=\"async\" src=\"https:\/\/211md.org\/wp-content\/uploads\/bb-plugin\/cache\/Mask-Group-37@2x-circle-9661a11b9c4082079c9a1f06bc539567-.png\" alt=\"Eine leuchtende Gl\u00fchbirne\" itemprop=\"image\" height=\"500\" width=\"500\" title=\"Maskengruppe 37@2x\" onerror=\"this.style.display='none'\"  \/>\n\t\t\t\t<\/a>\n\t\t<h3><a href=\"\/de\/ressourcen\/utility-unterstutzung\/\" target=\"_self\" rel=\"noopener\">Utility-Unterst\u00fctzung<\/a><\/h3>\t\t\n\t\t\t\t<a href=\"\/de\/ressourcen\/veteranen\/\" target=\"_self\" itemprop=\"url\" rel=\"noopener\">\n\t\t\t\t<img loading=\"lazy\" decoding=\"async\" src=\"https:\/\/211md.org\/wp-content\/uploads\/bb-plugin\/cache\/Veterans-circle-b5b2b017288a5af0f61a41d0f31d0f82-.png\" alt=\"Ein Soldat, der jemandem die Hand sch\u00fcttelt und l\u00e4chelt\" itemprop=\"image\" height=\"500\" width=\"500\" title=\"Veteranen\" onerror=\"this.style.display='none'\"  \/>\n\t\t\t\t<\/a>\n\t\t<h3><a href=\"\/de\/ressourcen\/veteranen\/\" target=\"_self\" rel=\"noopener\">Veteranen<\/a><\/h3>","protected":false},"excerpt":{"rendered":"<p>Maryland Emergency Rental Assistance Program (ERAP) Haben Sie aufgrund von COVID-19 Probleme, Ihre Miete zu bezahlen? M\u00f6glicherweise haben Sie Anspruch auf finanzielle Unterst\u00fctzung bei laufenden oder \u00fcberf\u00e4lligen Mietzahlungen. Viele Programme haben die Mittel f\u00fcr Mietbeihilfen im Zusammenhang mit COVID-19 ausgesch\u00f6pft, aber Sie k\u00f6nnen m\u00f6glicherweise immer noch Hilfe \u00fcber eine andere Wohnungsquelle erhalten. Wenn du\u2026<\/p>","protected":false},"author":8,"featured_media":2434,"parent":926,"menu_order":0,"comment_status":"closed","ping_status":"closed","template":"","meta":{"footnotes":""},"class_list":["post-1963","page","type-page","status-publish","has-post-thumbnail","hentry"],"_links":{"self":[{"href":"https:\/\/211md.org\/de\/wp-json\/wp\/v2\/pages\/1963","targetHints":{"allow":["GET"]}}],"collection":[{"href":"https:\/\/211md.org\/de\/wp-json\/wp\/v2\/pages"}],"about":[{"href":"https:\/\/211md.org\/de\/wp-json\/wp\/v2\/types\/page"}],"author":[{"embeddable":true,"href":"https:\/\/211md.org\/de\/wp-json\/wp\/v2\/users\/8"}],"replies":[{"embeddable":true,"href":"https:\/\/211md.org\/de\/wp-json\/wp\/v2\/comments?post=1963"}],"version-history":[{"count":0,"href":"https:\/\/211md.org\/de\/wp-json\/wp\/v2\/pages\/1963\/revisions"}],"up":[{"embeddable":true,"href":"https:\/\/211md.org\/de\/wp-json\/wp\/v2\/pages\/926"}],"wp:featuredmedia":[{"embeddable":true,"href":"https:\/\/211md.org\/de\/wp-json\/wp\/v2\/media\/2434"}],"wp:attachment":[{"href":"https:\/\/211md.org\/de\/wp-json\/wp\/v2\/media?parent=1963"}],"curies":[{"name":"wp","href":"https:\/\/api.w.org\/{rel}","templated":true}]}}