{"id":2217,"date":"2021-06-21T08:33:23","date_gmt":"2021-06-21T12:33:23","guid":{"rendered":"https:\/\/211md.org\/?page_id=2217"},"modified":"2025-07-01T09:09:03","modified_gmt":"2025-07-01T13:09:03","slug":"healthcheck","status":"publish","type":"page","link":"https:\/\/211md.org\/de\/healthcheck\/","title":{"rendered":"211 Gesundheitscheck"},"content":{"rendered":"<h2>Check-Ins zur psychischen Gesundheit<\/h2>\n<p><b>Gesundheitscheck beendet. Wenn Sie psychologische Unterst\u00fctzung ben\u00f6tigen, rufen Sie 988 an oder schreiben Sie eine SMS. <a href=\"https:\/\/health.maryland.gov\/bha\/Pages\/988md.aspx\" target=\"_blank\" rel=\"noopener\">Erfahren Sie mehr \u00fcber 988 in Maryland<\/a>.<\/b><\/p>\n\t\t\t\t<img decoding=\"async\" src=\"http:\/\/211md.org\/wp-content\/uploads\/2021\/06\/Image-Placeholder@2x.png\" alt=\"Gesundheitskontrolle\" itemprop=\"image\" title=\"Bild-Platzhalter@2x\" onerror=\"this.style.display='none'\" loading='lazy' \/>\n<h2>Thomas Bloom Raskin<\/h2>\n<p>Sie sind nicht allein! Tommy Raskin ist auch in deinen Schuhen gelaufen. Der 25-J\u00e4hrige ist der Sohn des Kongressabgeordneten Jamie Raskin aus Takoma Park und Marylands 8. Kongressbezirk. Tommy k\u00e4mpfte mit Depressionen, bevor er sich das Leben nahm.<\/p>\n<p>Es ist sein Andenken, das wir mit dem Thomas Bloom Raskin Act\/211 Health Check ehren.<\/p>\n<p>Die proaktive telefonische Unterst\u00fctzung f\u00fcr psychische Gesundheit bietet eine pers\u00f6nliche Verbindung zu einem herzlichen, f\u00fcrsorglichen Spezialisten, der in Suizidpr\u00e4vention und Unterst\u00fctzung f\u00fcr psychische Gesundheit geschult ist.<\/p>","protected":false},"excerpt":{"rendered":"<p>Gesundheitschecks zur psychischen Gesundheit. Gesundheitscheck beendet. Wenn Sie psychische Unterst\u00fctzung ben\u00f6tigen, rufen Sie 988 an oder schreiben Sie eine SMS. Erfahren Sie mehr \u00fcber 988 in Maryland. Thomas Bloom Raskin. Sie sind nicht allein! Tommy Raskin steckte in Ihrer Situation. Der 25-J\u00e4hrige ist der Sohn des Kongressabgeordneten Jamie Raskin aus Takoma Park und dem 8. Kongressbezirk von Maryland. Tommy k\u00e4mpfte\u2026<\/p>","protected":false},"author":8,"featured_media":0,"parent":0,"menu_order":0,"comment_status":"closed","ping_status":"closed","template":"","meta":{"footnotes":""},"class_list":["post-2217","page","type-page","status-publish","hentry"],"_links":{"self":[{"href":"https:\/\/211md.org\/de\/wp-json\/wp\/v2\/pages\/2217","targetHints":{"allow":["GET"]}}],"collection":[{"href":"https:\/\/211md.org\/de\/wp-json\/wp\/v2\/pages"}],"about":[{"href":"https:\/\/211md.org\/de\/wp-json\/wp\/v2\/types\/page"}],"author":[{"embeddable":true,"href":"https:\/\/211md.org\/de\/wp-json\/wp\/v2\/users\/8"}],"replies":[{"embeddable":true,"href":"https:\/\/211md.org\/de\/wp-json\/wp\/v2\/comments?post=2217"}],"version-history":[{"count":7,"href":"https:\/\/211md.org\/de\/wp-json\/wp\/v2\/pages\/2217\/revisions"}],"predecessor-version":[{"id":4823,"href":"https:\/\/211md.org\/de\/wp-json\/wp\/v2\/pages\/2217\/revisions\/4823"}],"wp:attachment":[{"href":"https:\/\/211md.org\/de\/wp-json\/wp\/v2\/media?parent=2217"}],"curies":[{"name":"wp","href":"https:\/\/api.w.org\/{rel}","templated":true}]}}