{"id":2528,"date":"2022-01-28T11:46:44","date_gmt":"2022-01-28T16:46:44","guid":{"rendered":"https:\/\/211md.org\/?page_id=2528"},"modified":"2026-04-13T08:21:22","modified_gmt":"2026-04-13T12:21:22","slug":"211-day","status":"publish","type":"page","link":"https:\/\/211md.org\/de\/211-day\/","title":{"rendered":"211 Tag"},"content":{"rendered":"<h2>\n\t\tVon Hallo bis Hilfe, 211 ist da.\n\t<\/h2>\n\t<h3>499.000 Anrufe, Textnachrichten und Web-Chats.<\/h3>\n<p>Spenden Sie zur Feier des 211-Tages an unsere gemeinn\u00fctzige 501(c)(3)-Organisation, damit 211 weiterhin Leben ver\u00e4ndern kann.<\/p>\n\t\t\t<a href=\"\/de\/spenden\/\" target=\"_self\" role=\"button\" rel=\"noopener\">\n\t\t\t\t\t\t\tSpenden\n\t\t\t\t\t<\/a>\n<h2>\n\t\t211 Callcenter-Netzwerk\n\t<\/h2>\n\t<p>Professionell ausgebildete und zertifizierte 211 Spezialisten stehen Ihnen rund um die Uhr zur Verf\u00fcgung.<\/p>\n\t\t\t\t<img decoding=\"async\" src=\"https:\/\/211md.org\/wp-content\/uploads\/2022\/01\/211-Maryland-Call-Center-Network-CCSI.jpg\" alt=\"211-Maryland-Call-Center-Netzwerk-CCSI\" itemprop=\"image\" title=\"211-Maryland-Call-Center-Netzwerk-CCSI\" onerror=\"this.style.display='none'\">\n\t<h2>211 Tag<\/h2>\n<p>Am 11. Februar jedes Jahres feiert das 211-Netzwerk den 211-Tag. Es ist eine Hommage an die Art und Weise, wie 211 Einzelpersonen mit wesentlichen Gesundheits- und Sozialdiensten verbindet.<\/p>\n<p>Der kostenlose und vertrauliche Dienst ist in Gemeinden in den Vereinigten Staaten und Kanada rund um die Uhr verf\u00fcgbar.<\/p>\n<p><strong><a href=\"\/de\/about\/\" target=\"_blank\" rel=\"noopener\">Erfahren Sie mehr \u00fcber die Geschichte von 211 Maryland<\/a>.<\/strong><\/p>\n\t<h2>Kraft der Partnerschaften<\/h2>\n<p>Staatliche und gemeinn\u00fctzige Organisationen nutzen die Kapazit\u00e4t von 211 Maryland, um Marylander zu erreichen. Gemeinsam machen wir Maryland st\u00e4rker.<\/p>\n\t\t\t\t<img decoding=\"async\" src=\"https:\/\/211md.org\/wp-content\/uploads\/2022\/01\/Maryland-Access-Point.jpg\" alt=\"Maryland Access Point-Website\" itemprop=\"image\" title=\"Zugangspunkt Maryland\" onerror=\"this.style.display='none'\">\n<h3>Zugangspunkt Maryland<\/h3>\t\t\n<p>211 Maryland hat eine neue M\u00f6glichkeit entwickelt, \u00fcber Textnachrichten mit \u00e4lteren Erwachsenen in Kontakt zu treten, und den Zugang zu Informationen zu Alter und Behinderung verbessert, indem die langj\u00e4hrige Maryland Access Point (MAP)-Website und -Datenbank des Staates in die 211-Website und das 24\/7-Callcenter-Netzwerk integriert wurde.<\/p>\n<p>Partner: Maryland Department of Aging (MDoA)<\/p>\n\t\t\t\t<img decoding=\"async\" src=\"https:\/\/211md.org\/wp-content\/uploads\/2021\/06\/image002.png\" alt=\"Bild002\" itemprop=\"image\" title=\"Bild002\" onerror=\"this.style.display='none'\">\n<h3>211 Gesundheitscheck<\/h3>\t\t\n<p>Dieses einzigartige Programm bietet Marylandern jede Woche kostenlose und vertrauliche Unterst\u00fctzung im Bereich der psychischen Gesundheit.<\/p>\n<p>Partner: Maryland Department of Health.<\/p>\n\t\t\t\t<img decoding=\"async\" src=\"https:\/\/211md.org\/wp-content\/uploads\/2022\/01\/African-American-girl-texting.jpg\" alt=\"Afroamerikanisches M\u00e4dchen SMS\" itemprop=\"image\" title=\"Afroamerikanisches M\u00e4dchen SMS\" onerror=\"this.style.display='none'\">\n<h3>MdReady\/MdListo-Textwarnungen<\/h3>\t\t\n\t\t\t<p>Das SMS-Programm von 211 Maryland h\u00e4lt die Bewohner Marylands vor, w\u00e4hrend und nach Notf\u00e4llen im Bereich der \u00f6ffentlichen Gesundheit und Sicherheit auf dem Laufenden.<\/p>\n<p>Partner: Maryland Department of Emergency Management (MDEM)<\/p>\n\t\t\t<a href=\"\/de\/partner\/\" target=\"_self\" role=\"button\" rel=\"noopener\">\n\t\t\t\t\t\t\tLassen Sie uns zusammenarbeiten\n\t\t\t\t\t<\/a>","protected":false},"excerpt":{"rendered":"<p>Von Hallo bis Hilfe, 211 ist da. 499.000 Anrufe, Textnachrichten und Web-Chats. Spenden Sie zur Feier des 211-Tages an unsere gemeinn\u00fctzige 501(c)(3)-Organisation, damit 211 weiterhin Leben ver\u00e4ndern kann. Spenden Sie das 211-Callcenter-Netzwerk. Professionell ausgebildete und zertifizierte 211-Spezialisten stehen Ihnen rund um die Uhr zur Verf\u00fcgung. 211-Tag Am 11. Februar jedes Jahres feiert das 211-Netzwerk\u2026<\/p>","protected":false},"author":7,"featured_media":0,"parent":0,"menu_order":0,"comment_status":"closed","ping_status":"closed","template":"","meta":{"footnotes":""},"class_list":["post-2528","page","type-page","status-publish","hentry"],"_links":{"self":[{"href":"https:\/\/211md.org\/de\/wp-json\/wp\/v2\/pages\/2528","targetHints":{"allow":["GET"]}}],"collection":[{"href":"https:\/\/211md.org\/de\/wp-json\/wp\/v2\/pages"}],"about":[{"href":"https:\/\/211md.org\/de\/wp-json\/wp\/v2\/types\/page"}],"author":[{"embeddable":true,"href":"https:\/\/211md.org\/de\/wp-json\/wp\/v2\/users\/7"}],"replies":[{"embeddable":true,"href":"https:\/\/211md.org\/de\/wp-json\/wp\/v2\/comments?post=2528"}],"version-history":[{"count":1,"href":"https:\/\/211md.org\/de\/wp-json\/wp\/v2\/pages\/2528\/revisions"}],"predecessor-version":[{"id":4463,"href":"https:\/\/211md.org\/de\/wp-json\/wp\/v2\/pages\/2528\/revisions\/4463"}],"wp:attachment":[{"href":"https:\/\/211md.org\/de\/wp-json\/wp\/v2\/media?parent=2528"}],"curies":[{"name":"wp","href":"https:\/\/api.w.org\/{rel}","templated":true}]}}