{"id":2635,"date":"2022-03-21T10:48:51","date_gmt":"2022-03-21T14:48:51","guid":{"rendered":"https:\/\/211md.org\/?page_id=2635"},"modified":"2026-03-04T11:55:22","modified_gmt":"2026-03-04T16:55:22","slug":"mdyoungminds","status":"publish","type":"page","link":"https:\/\/211md.org\/de\/about\/text-messages\/mdyoungminds\/","title":{"rendered":"MDYoungMinds: Textnachrichten f\u00fcr die psychische Gesundheit von Teenagern"},"content":{"rendered":"<figure itemscope itemtype=\"https:\/\/schema.org\/ImageObject\">\n\t\t\t\t<img decoding=\"async\" src=\"http:\/\/211md.org\/wp-content\/uploads\/2025\/06\/Two-teens-talking-on-way-to-basketball-court.jpg\" alt=\"Zwei Teenager unterhalten sich auf dem Weg zum Basketballplatz\" title=\"Zwei Teenager unterhalten sich auf dem Weg zum Basketballplatz\" onerror=\"this.style.display='none'\" loading=\"lazy\" \/>\n\t<\/figure>\n\t<h2>Wie MDYoungMinds funktioniert<\/h2>\n<p>MD Young Minds ist ein SMS-Programm, das Jugendliche und Heranwachsende mit unterst\u00fctzenden Texten verbindet. Sie konzentrieren sich auf die Sorgen und Sorgen der Jugendlichen. Es ist ein Programm, das von der entwickelt wurde <a href=\"https:\/\/health.maryland.gov\/newsroom\/Pages\/Maryland-Department-of-Health-launches-Youth-Suicide-Prevention-Toolkit-and-MD-Young-Minds-progra.aspx\" target=\"_blank\" rel=\"noopener\">Gesundheitsministerium von Maryland,<\/a>\u00a0Office of Suicide Prevention und nutzt die SMS-Plattform von 211 Maryland.<\/p>\n<p>Laut der Maryland Youth Pandemic Behavior Survey 2021 erwog einer von f\u00fcnf Teenagern in Maryland im letzten Jahr einen Selbstmordversuch.<\/p>\n<p>Die fortlaufenden Botschaften erinnern Jugendliche auch daran, dass \u00fcber die 988 Suicide &amp; Crisis Lifeline immer sofortige psychologische Unterst\u00fctzung verf\u00fcgbar ist. Sie k\u00f6nnen 988 anrufen oder eine SMS senden. <a href=\"https:\/\/health.maryland.gov\/bha\/Pages\/988md.aspx\" target=\"_blank\" rel=\"noopener\">Erfahren Sie mehr \u00fcber 988 in Maryland<\/a>, ein Programm der Behavioral Health Administration des Maryland Department of Health.<\/p>\n<p>MDYoungMinds ist eine Erweiterung von <a href=\"https:\/\/211md.org\/de\/about\/textnachrichten\/md-geistesgesundheit\/\" target=\"_blank\" rel=\"noopener\">MDSindHealth\/MDSaludMental<\/a>, das englische und spanische Textnachrichten f\u00fcr Erwachsene bereitstellt.<\/p>\n<p>Melden Sie sich an, indem Sie MDYoungMinds an 898-211 senden.<\/p>\n<p><em>211 Maryland bietet SMS-Warnprogramme an, die regionalspezifische Ressourceninformationen oder Katastrophenwarnungen bereitstellen. Es k\u00f6nnen Nachrichten- und Datengeb\u00fchren anfallen und die Nachrichtenh\u00e4ufigkeit kann variieren. Um Hilfe zu erhalten, senden Sie eine SMS mit dem Text HELP. Um sich abzumelden, senden Sie eine SMS mit dem Text STOP an dieselbe Nummer. Vollst\u00e4ndige SMS-Bedingungen unter <a href=\"https:\/\/211md.org\/de\/sms\/\">https:\/\/211md.org\/sms\/<\/a>\u00a0wird auch gelten.<\/em><\/p>\n\t\t\t<a href=\"sms:\/\/898-211;?&#038;body=MDYoungMinds\" target=\"_blank\" rel=\"noopener\">\n\t\t\t\t\t\t\tSende MDYoungMinds eine SMS\n\t\t\t\t\t<\/a>","protected":false},"excerpt":{"rendered":"<p>So funktioniert MDYoungMinds MD Young Minds ist ein SMS-Programm, das Teenager und Jugendliche mit unterst\u00fctzenden Textnachrichten verbindet. Sie konzentrieren sich auf die Sorgen und N\u00f6te von Jugendlichen. Es ist ein Programm, das vom Gesundheitsministerium von Maryland, Amt f\u00fcr Suizidpr\u00e4vention, entwickelt wurde und die SMS-Plattform von 211 Maryland nutzt. In Maryland erwog jeder f\u00fcnfte Teenager einen Selbstmordversuch in\u2026<\/p>","protected":false},"author":7,"featured_media":2662,"parent":962,"menu_order":0,"comment_status":"closed","ping_status":"closed","template":"","meta":{"footnotes":""},"class_list":["post-2635","page","type-page","status-publish","has-post-thumbnail","hentry"],"_links":{"self":[{"href":"https:\/\/211md.org\/de\/wp-json\/wp\/v2\/pages\/2635","targetHints":{"allow":["GET"]}}],"collection":[{"href":"https:\/\/211md.org\/de\/wp-json\/wp\/v2\/pages"}],"about":[{"href":"https:\/\/211md.org\/de\/wp-json\/wp\/v2\/types\/page"}],"author":[{"embeddable":true,"href":"https:\/\/211md.org\/de\/wp-json\/wp\/v2\/users\/7"}],"replies":[{"embeddable":true,"href":"https:\/\/211md.org\/de\/wp-json\/wp\/v2\/comments?post=2635"}],"version-history":[{"count":2,"href":"https:\/\/211md.org\/de\/wp-json\/wp\/v2\/pages\/2635\/revisions"}],"predecessor-version":[{"id":34413,"href":"https:\/\/211md.org\/de\/wp-json\/wp\/v2\/pages\/2635\/revisions\/34413"}],"up":[{"embeddable":true,"href":"https:\/\/211md.org\/de\/wp-json\/wp\/v2\/pages\/962"}],"wp:featuredmedia":[{"embeddable":true,"href":"https:\/\/211md.org\/de\/wp-json\/wp\/v2\/media\/2662"}],"wp:attachment":[{"href":"https:\/\/211md.org\/de\/wp-json\/wp\/v2\/media?parent=2635"}],"curies":[{"name":"wp","href":"https:\/\/api.w.org\/{rel}","templated":true}]}}