{"id":2845,"date":"2022-04-13T18:12:36","date_gmt":"2022-04-13T22:12:36","guid":{"rendered":"https:\/\/211md.org\/?page_id=2845"},"modified":"2024-08-15T14:08:03","modified_gmt":"2024-08-15T18:08:03","slug":"stoppen","status":"publish","type":"page","link":"https:\/\/211md.org\/de\/stophate\/","title":{"rendered":"#MDStopHate"},"content":{"rendered":"<h1>\n\t\t#MDStopHate\n\t<\/h1>\n\t<h3><strong>Hass- und Vorurteilsverbrechen und\/oder Vorf\u00e4lle melden und<\/strong><br \/>\n<strong>Verbinden Sie sich mit Community-Ressourcen.<\/strong><\/h3>\n\t\t\t<a href=\"\/de\/stophate-form\/\" target=\"_self\" rel=\"noopener\">\n\t\t\t\t\t\t\tStoppen Sie Hass\n\t\t\t\t\t<\/a>\n\tM\u00fcssen Sie unterwegs einen Bericht erstellen? Senden Sie eine SMS mit \u201eMDStopHate\u201c an 898-211 (TXT-211), um eine Anfrage einzureichen<br \/>\nVorfall melden mit Ihrem Mobiltelefon.\n<p>&nbsp;<\/p>\n<p><em>211 Maryland bietet SMS-Warnprogramme an, die regionalspezifische Ressourceninformationen oder Katastrophenwarnungen bereitstellen. Es k\u00f6nnen Nachrichten- und Datengeb\u00fchren anfallen und die Nachrichtenh\u00e4ufigkeit kann variieren. Um Hilfe zu erhalten, senden Sie eine SMS mit dem Text HELP. Um sich abzumelden, senden Sie eine SMS mit dem Text STOP an dieselbe Nummer. Vollst\u00e4ndige SMS-Bedingungen unter\u00a0<a href=\"https:\/\/211md.org\/de\/sms\/\">https:\/\/211md.org\/sms\/<\/a>\u00a0wird auch gelten.<\/em><\/p>\n<h2>\n\t\tWie es funktioniert\n\t<\/h2>\n\t\t\t\t<a href=\"Tel.: +211\" target=\"_self\" itemprop=\"url\" rel=\"noopener\">\n\t\t\t\t<img loading=\"lazy\" decoding=\"async\" src=\"https:\/\/211md.org\/wp-content\/uploads\/2021\/05\/Screen-Shot-2021-05-26-at-11.27.15-AM.svg\" alt=\"Bild der Nummer 1\" itemprop=\"image\" height=\"150\" width=\"150\" title=\"Bild der Nummer 1\" onerror=\"this.style.display='none'\"  \/>\n\t\t\t\t<\/a>\n<h2><a href=\"Tel.: +211\" target=\"_self\" rel=\"noopener\">Live-Hotline<\/a><\/h2>Melden Sie Hass, Diskriminierung oder Mobbing und erhalten Sie per Telefon Verweise auf Community-Ressourcen<br \/>\n211.\n\t\t\t\t<a href=\"\/de\/ressourcen\/neu-in-den-usa-und-maryland\/\" target=\"_self\" itemprop=\"url\" rel=\"noopener\">\n\t\t\t\t<img loading=\"lazy\" decoding=\"async\" src=\"https:\/\/211md.org\/wp-content\/uploads\/2021\/05\/Screen-Shot-2021-05-26-at-11.27.25-AM.svg\" alt=\"Bild der Zahl 2\" itemprop=\"image\" height=\"150\" width=\"150\" title=\"Bild der Nummer 2\" onerror=\"this.style.display='none'\"  \/>\n\t\t\t\t<\/a>\n<h2><a href=\"\/de\/ressourcen\/neu-in-den-usa-und-maryland\/\" target=\"_self\" rel=\"noopener\">Ressourcenverzeichnis<\/a><\/h2><p>Greifen Sie auf jede Ressource zu, die Ihren Anforderungen entspricht, indem Sie die Online-Ressourcendatenbank von 211 Maryland durchsuchen.<\/p>\n\t\t\t\t<a href=\"\/de\/stophate-form\/\" target=\"_self\" itemprop=\"url\" rel=\"noopener\">\n\t\t\t\t<img loading=\"lazy\" decoding=\"async\" src=\"https:\/\/211md.org\/wp-content\/uploads\/2021\/05\/Screen-Shot-2021-05-26-at-11.27.40-AM.svg\" alt=\"Bild der Zahl 3\" itemprop=\"image\" height=\"149\" width=\"149\" title=\"Bild der Nummer 3\" onerror=\"this.style.display='none'\"  \/>\n\t\t\t\t<\/a>\n<h2><a href=\"\/de\/stophate-form\/\" target=\"_self\" rel=\"noopener\">Schadensbericht<\/a><\/h2><p>Melden Sie schnell und einfach selbst einen Vorfall von Hass oder Diskriminierung in Ihrer Gemeinde.<\/p>\n<h2>\n\t\tHasskriminalit\u00e4t vs. Hassvorfall\n\t<\/h2>\n\t<h3><strong>Was ist der Unterschied?<\/strong><\/h3>\nWenn Sie das Gef\u00fchl haben, dass Sie aufgrund pers\u00f6nlicher Merkmale oder Gruppenzugeh\u00f6rigkeit ins Visier genommen wurden, melden Sie den Vorfall unter 211, damit die Beh\u00f6rden feststellen k\u00f6nnen, ob ein Verbrechen begangen wurde. Erfahren Sie mehr \u00fcber den Unterschied zwischen <a href=\"https:\/\/www.justice.gov\/hatecrimes\/learn-about-hate-crimes\" target=\"_blank\" rel=\"noopener\">hasse Verbrechen<\/a> und Hassvorf\u00e4lle.\n<h3>\n\t\tHass-Vorfall\n\t<\/h3>\n<h3>\n\t\tHassverbrechen\n\t<\/h3>\n<p><strong>Ausdruck von Feindseligkeit oder Aggression, motiviert durch Voreingenommenheit.<\/strong><\/p>\n<strong>Beispiele:<br \/>\n<\/strong>Verbale Beschimpfungen wie Beschimpfungen, erniedrigende Sprache oder beleidigende Witze; rassistische oder homophobe Beleidigungen; Bel\u00e4stigung; Mobbing oder Einsch\u00fcchterung; Verbreitung von Hassliteratur\n<p><strong>Gezielte Bedrohung, Versuch oder Besch\u00e4digung aufgrund pers\u00f6nlicher Eigenschaften oder Gruppenzugeh\u00f6rigkeit.<\/strong><\/p>\n<strong>Beispiele:<br \/>\n<\/strong>Vandalismus, Bombendrohung, Brandstiftung, t\u00e4tliche Angriffe, Diebstahl, Sachbesch\u00e4digung mit Hasssymbolen, Sprache, Graffiti\n\t\t\t<a href=\"\/de\/ressourcen\/\" target=\"_self\" rel=\"noopener\">\n\t\t\t\t\t\t\tRessourcen\n\t\t\t\t\t<\/a>\n<h6>\n\t\tstoppen\n\t<\/h6>\n<h2>Melden Sie ein Hassverbrechen oder einen Hassvorfall<\/h2>\nDiskriminierung, Hass und Gewalt entgegentreten und besiegen! Sie k\u00f6nnen Hass stoppen, indem Sie ihn melden.<br \/>\nKlicken Sie unten, um \u00fcber Hasshandlungen oder Mobbing in Ihrer Gemeinde zu berichten.\n\t\t\t<a href=\"\/de\/stophate-form\/\" target=\"_self\" rel=\"noopener\">\n\t\t\t\t\t\t\tJetzt melden\n\t\t\t\t\t<\/a>\n\t<p><strong>Oder\u00a0<a href=\"Tel.: +211\">W\u00e4hlen Sie 211<\/a><\/strong><\/p>\n<h2>\n\t\tHilfe bekommen\n\t<\/h2>\n<h3>\n\t\t<a href=\"https:\/\/search.211md.org\/search?query=DF-7020.3300,DF-7020.1000,PH-3500,HH-0500.8000-150,ND-6500.3300,DF-7000&#038;query_type=taxonomy&#038;query_label=&#038;query_language=en\" title=\"Starten Sie das Einb\u00fcrgerungsverfahren\" target=\"_blank\" rel=\"noopener\">\n\t\tStarten Sie das Einb\u00fcrgerungsverfahren\n\t\t<\/a>\n\t<\/h3>\n\t\t\t\t<a href=\"https:\/\/search.211md.org\/search?query=DF-7020.3300,DF-7020.1000,PH-3500,HH-0500.8000-150,ND-6500.3300,DF-7000&#038;query_type=taxonomy&#038;query_label=&#038;query_language=en\" target=\"_blank\" rel=\"noopener\" itemprop=\"url\">\n\t\t\t\t<img loading=\"lazy\" decoding=\"async\" src=\"https:\/\/211md.org\/wp-content\/uploads\/2022\/04\/Start-the-Naturalization-Proces.jpg\" alt=\"Einb\u00fcrgerungsverfahren einleiten\" itemprop=\"image\" height=\"862\" width=\"1280\" title=\"Einb\u00fcrgerungsverfahren einleiten\" onerror=\"this.style.display='none'\"  \/>\n\t\t\t\t<\/a>\n<h3>\n\t\t<a href=\"https:\/\/search.211md.org\/search?query=PH-2400.1500,PH-1250.1800,PH-1250.1400,NL-3000.1500,HL-8700,HL-8120.7800,HD-8000,FT-8000,BM-6500.1500-800&#038;query_type=taxonomy&#038;query_label=&#038;query_language=en\" title=\"Melden Sie Kinder in Schulen an\" target=\"_blank\" rel=\"noopener\">\n\t\tMelden Sie Kinder in Schulen an\n\t\t<\/a>\n\t<\/h3>\n\t\t\t\t<a href=\"https:\/\/search.211md.org\/search?query=PH-2400.1500,PH-1250.1800,PH-1250.1400,NL-3000.1500,HL-8700,HL-8120.7800,HD-8000,FT-8000,BM-6500.1500-800&#038;query_type=taxonomy&#038;query_label=&#038;query_language=en\" target=\"_blank\" rel=\"noopener\" itemprop=\"url\">\n\t\t\t\t<img loading=\"lazy\" decoding=\"async\" src=\"https:\/\/211md.org\/wp-content\/uploads\/2022\/04\/Enroll-Children.jpg\" alt=\"Kinder anmelden\" itemprop=\"image\" height=\"853\" width=\"1280\" title=\"Kinder anmelden\" onerror=\"this.style.display='none'\"  \/>\n\t\t\t\t<\/a>\n<h3>\n\t\t<a href=\"https:\/\/search.211md.org\/search?query=HH-4500,HH-0500.0500,HH-0500.8000-150,HH-0500.2500,BM-6000.1500,BM-5050&#038;query_type=taxonomy&#038;query_label=&#038;query_language=en\" title=\"Ausbildung\" target=\"_blank\" rel=\"noopener\">\n\t\tAusbildung\n\t\t<\/a>\n\t<\/h3>\n\t\t\t\t<a href=\"https:\/\/search.211md.org\/search?query=HH-4500,HH-0500.0500,HH-0500.8000-150,HH-0500.2500,BM-6000.1500,BM-5050&#038;query_type=taxonomy&#038;query_label=&#038;query_language=en\" target=\"_blank\" rel=\"noopener\" itemprop=\"url\">\n\t\t\t\t<img loading=\"lazy\" decoding=\"async\" src=\"https:\/\/211md.org\/wp-content\/uploads\/2022\/04\/Education.jpg\" alt=\"Ausbildung\" itemprop=\"image\" height=\"842\" width=\"1280\" title=\"Ausbildung\" onerror=\"this.style.display='none'\"  \/>\n\t\t\t\t<\/a>\n<h2>\n\t\tSuche nach Hilfe nach Kategorie\n\t<\/h2>\n\t\t\t\t<a href=\"\/de\/ressourcen\/alterungsbehinderung\/\" target=\"_self\" itemprop=\"url\" rel=\"noopener\">\n\t\t\t\t<img loading=\"lazy\" decoding=\"async\" src=\"https:\/\/211md.org\/wp-content\/uploads\/bb-plugin\/cache\/Mask-Group-41@2x-circle-73eaadba4cad8269faa4720e25cf1c85-.png\" alt=\"Die F\u00fc\u00dfe einer \u00e4lteren Frau und einer j\u00fcngeren Frau, die zusammen gehen\" itemprop=\"image\" height=\"500\" width=\"500\" title=\"Behindertendienste\" onerror=\"this.style.display='none'\"  \/>\n\t\t\t\t<\/a>\n\t\t<h3><a href=\"\/de\/ressourcen\/alterungsbehinderung\/\" target=\"_self\" rel=\"noopener\">Alter &amp; Behinderung<\/a><\/h3>\t\n\t\t\t\t<a href=\"\/de\/ressourcen\/kinder-familien\/\" target=\"_self\" itemprop=\"url\" rel=\"noopener\">\n\t\t\t\t<img loading=\"lazy\" decoding=\"async\" src=\"https:\/\/211md.org\/wp-content\/uploads\/bb-plugin\/cache\/Mask-Group-38@2x-circle-ac40d46265fbec62083cd27f6dcf23b0-.png\" alt=\"Ein kleiner Junge und ein M\u00e4dchen l\u00e4cheln und schauen in die Kamera\" itemprop=\"image\" height=\"500\" width=\"500\" title=\"Maskengruppe 38@2x\" onerror=\"this.style.display='none'\"  \/>\n\t\t\t\t<\/a>\n\t\t<h3><a href=\"\/de\/ressourcen\/kinder-familien\/\" target=\"_self\" rel=\"noopener\">Kinder &amp; Familien<\/a><\/h3>\t\n\t\t\t\t<a href=\"\/de\/ressourcen\/covid-19-ressourcenzentrum\/\" target=\"_self\" itemprop=\"url\" rel=\"noopener\">\n\t\t\t\t<img decoding=\"async\" src=\"https:\/\/211md.org\/wp-content\/uploads\/bb-plugin\/cache\/Data-Post-Image-COVID-circle-abdf7e097c6f7781a4f84df775b7857e-.png\" alt=\"Eine COVID-19-Zelle\" itemprop=\"image\" title=\"Datenbeitragsbild \u2013 COVID\" onerror=\"this.style.display='none'\"  \/>\n\t\t\t\t<\/a>\n\t\t<h3><a href=\"\/de\/ressourcen\/covid-19-ressourcenzentrum\/\" target=\"_self\" rel=\"noopener\">COVID<\/a><\/h3>\t\n\t\t\t\t<a href=\"\/de\/ressourcen\/hausliche-familiare-gewalt\/\" target=\"_self\" itemprop=\"url\" rel=\"noopener\">\n\t\t\t\t<img loading=\"lazy\" decoding=\"async\" src=\"https:\/\/211md.org\/wp-content\/uploads\/bb-plugin\/cache\/Mask-Group-39@2x-circle-b2589197a13c791d910f46dd10b27a87-.png\" alt=\"Zwei Paar H\u00e4nde, die sich halten\" itemprop=\"image\" height=\"500\" width=\"500\" title=\"Maskengruppe 39@2x\" onerror=\"this.style.display='none'\"  \/>\n\t\t\t\t<\/a>\n\t\t<h3><a href=\"\/de\/ressourcen\/hausliche-familiare-gewalt\/\" target=\"_self\" rel=\"noopener\">H\u00e4usliche\/famili\u00e4re Gewalt<\/a><\/h3>\t\n\t\t\t\t<a href=\"\/de\/ressourcen\/arbeitssuche\/\" target=\"_self\" itemprop=\"url\" rel=\"noopener\">\n\t\t\t\t<img loading=\"lazy\" decoding=\"async\" src=\"https:\/\/211md.org\/wp-content\/uploads\/bb-plugin\/cache\/Employment-circle-bf72562329e950df948954f5d3f44b2e-.png\" alt=\"Ein Automechaniker\" itemprop=\"image\" height=\"500\" width=\"500\" title=\"Besch\u00e4ftigung\" onerror=\"this.style.display='none'\"  \/>\n\t\t\t\t<\/a>\n\t\t<h3><a href=\"\/de\/ressourcen\/arbeitssuche\/\" target=\"_self\" rel=\"noopener\">Besch\u00e4ftigung<\/a><\/h3>\t\n\t\t\t\t<a href=\"\/de\/ressourcen\/gesundheitswesen\/\" target=\"_self\" itemprop=\"url\" rel=\"noopener\">\n\t\t\t\t<img loading=\"lazy\" decoding=\"async\" src=\"https:\/\/211md.org\/wp-content\/uploads\/bb-plugin\/cache\/Mask-Group-35@2x-circle-94be10c13e4adae1683b4589dc2f5b2f-.png\" alt=\"Doktor, der Jungenbein betrachtet\" itemprop=\"image\" height=\"500\" width=\"500\" title=\"Maskengruppe 35@2x\" onerror=\"this.style.display='none'\"  \/>\n\t\t\t\t<\/a>\n\t\t<h3><a href=\"\/de\/ressourcen\/gesundheitswesen\/\" target=\"_self\" rel=\"noopener\">Gesundheitsvorsorge<\/a><\/h3>\t\n\t\t\t\t<a href=\"\/de\/ressourcen\/lebensmittel\/\" target=\"_self\" itemprop=\"url\" rel=\"noopener\">\n\t\t\t\t<img loading=\"lazy\" decoding=\"async\" src=\"https:\/\/211md.org\/wp-content\/uploads\/bb-plugin\/cache\/Mask-Group-32@2x-circle-1c6d647dcaf998fa079d26735cedc92b-.png\" alt=\"Frisches Gem\u00fcse\" itemprop=\"image\" height=\"500\" width=\"500\" title=\"Maskengruppe 32@2x\" onerror=\"this.style.display='none'\"  \/>\n\t\t\t\t<\/a>\n\t\t<h3><a href=\"\/de\/ressourcen\/lebensmittel\/\" target=\"_self\" rel=\"noopener\">Essen<\/a><\/h3>\t\n\t\t\t\t<a href=\"\/de\/ressourcen\/gehause-unterkunft\/\" target=\"_self\" itemprop=\"url\" rel=\"noopener\">\n\t\t\t\t<img loading=\"lazy\" decoding=\"async\" src=\"https:\/\/211md.org\/wp-content\/uploads\/bb-plugin\/cache\/Mask-Group-34@2x-circle-b99c55fc16ef21f35e2f2a1f7cc37b9a-.png\" alt=\"Apartmentkomplex Balkon\" itemprop=\"image\" height=\"500\" width=\"500\" title=\"Wohnung-Komplex\" onerror=\"this.style.display='none'\"  \/>\n\t\t\t\t<\/a>\n\t\t<h3><a href=\"\/de\/ressourcen\/gehause-unterkunft\/\" target=\"_self\" rel=\"noopener\">Wohnen &amp; Obdach<\/a><\/h3>\t\n\t\t\t\t<a href=\"\/de\/ressourcen\/neu-in-den-usa-und-maryland\/\" target=\"_self\" itemprop=\"url\" rel=\"noopener\">\n\t\t\t\t<img loading=\"lazy\" decoding=\"async\" src=\"https:\/\/211md.org\/wp-content\/uploads\/bb-plugin\/cache\/American-flag-circle-0016cc327e27ef7aeb080f1da6c6e98b-.jpg\" alt=\"Neu in den Vereinigten Staaten\" itemprop=\"image\" height=\"364\" width=\"1366\" title=\"Amerikanische Flagge\" onerror=\"this.style.display='none'\"  \/>\n\t\t\t\t<\/a>\n\t\t<h3><a href=\"\/de\/ressourcen\/neu-in-den-usa-und-maryland\/\" target=\"_self\" rel=\"noopener\">Einwanderung<\/a><\/h3>\t\n\t\t\t\t<a href=\"\/de\/ressourcen\/kinder-familien\/verwandtschaftspflege\/\" target=\"_self\" itemprop=\"url\" rel=\"noopener\">\n\t\t\t\t<img decoding=\"async\" src=\"https:\/\/211md.org\/wp-content\/uploads\/bb-plugin\/cache\/kinship-family-navigating-a-computer-circle-045fee9d587aefb20221bfea41a2cf9b-.png\" alt=\"Verwandtschaftsfamilie, die einen Computer navigiert\" itemprop=\"image\" title=\"Verwandtschaftsfamilie, die einen Computer navigiert\" onerror=\"this.style.display='none'\"  \/>\n\t\t\t\t<\/a>\n\t\t<h3><a href=\"\/de\/ressourcen\/kinder-familien\/verwandtschaftspflege\/\" target=\"_self\" rel=\"noopener\">Verwandtschaft<\/a><\/h3>\t\n\t\t\t\t<a href=\"\/de\/ressourcen\/rechtsberatung\/\" target=\"_self\" itemprop=\"url\" rel=\"noopener\">\n\t\t\t\t<img loading=\"lazy\" decoding=\"async\" src=\"https:\/\/211md.org\/wp-content\/uploads\/bb-plugin\/cache\/Housing-Legal-circle-9a8f3c1c72c54b6e1ce612d2993c1ad4-.png\" alt=\"Rechtshammer mit einem Plastikmodell eines Hauses daneben\" itemprop=\"image\" height=\"348\" width=\"460\" title=\"Wohnungsrecht\" onerror=\"this.style.display='none'\"  \/>\n\t\t\t\t<\/a>\n\t\t<h3><a href=\"\/de\/ressourcen\/rechtsberatung\/\" target=\"_self\" rel=\"noopener\">Rechtsberatung<\/a><\/h3>\t\n\t\t\t\t<a href=\"\/de\/ressourcen\/psychische-gesundheit\/\" target=\"_self\" itemprop=\"url\" rel=\"noopener\">\n\t\t\t\t<img loading=\"lazy\" decoding=\"async\" src=\"https:\/\/211md.org\/wp-content\/uploads\/bb-plugin\/cache\/Mask-Group-40@2x-circle-7bd9426367852fb3d841bc4bdc57a550-.png\" alt=\"Die Profile eines Mannes und einer Frau\" itemprop=\"image\" height=\"500\" width=\"500\" title=\"Maskengruppe 40@2x\" onerror=\"this.style.display='none'\"  \/>\n\t\t\t\t<\/a>\n\t\t<h3><a href=\"\/de\/ressourcen\/psychische-gesundheit\/\" target=\"_self\" rel=\"noopener\">Psychische Gesundheit<\/a><\/h3>\t\n\t\t\t\t<a href=\"\/de\/ressourcen\/mdreentry\/\" target=\"_self\" itemprop=\"url\" rel=\"noopener\">\n\t\t\t\t<img loading=\"lazy\" decoding=\"async\" src=\"https:\/\/211md.org\/wp-content\/uploads\/bb-plugin\/cache\/Diverse-group-of-community-members-circle-4457c114cd48613bc79a0fb50060319c-.jpg\" alt=\"Vielf\u00e4ltige Gruppe von Community-Mitgliedern\" itemprop=\"image\" height=\"800\" width=\"1200\" title=\"Vielf\u00e4ltige Gruppe von Community-Mitgliedern\" onerror=\"this.style.display='none'\"  \/>\n\t\t\t\t<\/a>\n\t\t<h3><a href=\"\/de\/ressourcen\/mdreentry\/\" target=\"_self\" rel=\"noopener\">Wiedereintritt<\/a><\/h3>\t\n\t\t\t\t<a href=\"\/de\/stoppen\/\" target=\"_self\" itemprop=\"url\" rel=\"noopener\">\n\t\t\t\t<img loading=\"lazy\" decoding=\"async\" src=\"https:\/\/211md.org\/wp-content\/uploads\/bb-plugin\/cache\/Background-section-MDStophate-circle-08e2bae1cf9f2ad6cc83e01e23da8cb9-.jpg\" alt=\"Hintergrund-Abschnitt-MDStophate\" itemprop=\"image\" height=\"768\" width=\"1366\" title=\"Hintergrund-Abschnitt-MDStophate\" onerror=\"this.style.display='none'\"  \/>\n\t\t\t\t<\/a>\n\t\t<h3><a href=\"\/de\/stoppen\/\" target=\"_self\" rel=\"noopener\">Stoppen Sie Hass<\/a><\/h3>\t\n\t\t\t\t<a href=\"\/de\/ressourcen\/substanzgebrauch\/\" target=\"_self\" itemprop=\"url\" rel=\"noopener\">\n\t\t\t\t<img loading=\"lazy\" decoding=\"async\" src=\"https:\/\/211md.org\/wp-content\/uploads\/bb-plugin\/cache\/Substance-Use-circle-ad2d564932dc31267e0c32a6fb2d915c-.png\" alt=\"Hand zerschlagende Pillen\" itemprop=\"image\" height=\"500\" width=\"500\" title=\"Substanzgebrauch\" onerror=\"this.style.display='none'\"  \/>\n\t\t\t\t<\/a>\n\t\t<h3><a href=\"\/de\/ressourcen\/substanzgebrauch\/\" target=\"_self\" rel=\"noopener\">Substanzgebrauch<\/a><\/h3>\t\n\t\t\t\t<a href=\"\/de\/ressourcen\/steuerdienstleistungen\/\" target=\"_self\" itemprop=\"url\" rel=\"noopener\">\n\t\t\t\t<img loading=\"lazy\" decoding=\"async\" src=\"https:\/\/211md.org\/wp-content\/uploads\/bb-plugin\/cache\/Mask-Group-34-circle-166a606e37e61188c9a17d5e634cda3c-.png\" alt=\"Person, die Einkommensteuerunterlagen ausf\u00fcllt\" itemprop=\"image\" height=\"500\" width=\"500\" title=\"Maskengruppe 34\" onerror=\"this.style.display='none'\"  \/>\n\t\t\t\t<\/a>\n\t\t<h3><a href=\"\/de\/ressourcen\/steuerdienstleistungen\/\" target=\"_self\" rel=\"noopener\">Steuerliche Dienstleistungen<\/a><\/h3>\t\n\t\t\t\t<a href=\"\/de\/ressourcen\/utility-unterstutzung\/\" target=\"_self\" itemprop=\"url\" rel=\"noopener\">\n\t\t\t\t<img loading=\"lazy\" decoding=\"async\" src=\"https:\/\/211md.org\/wp-content\/uploads\/bb-plugin\/cache\/Mask-Group-37@2x-circle-9661a11b9c4082079c9a1f06bc539567-.png\" alt=\"Eine leuchtende Gl\u00fchbirne\" itemprop=\"image\" height=\"500\" width=\"500\" title=\"Maskengruppe 37@2x\" onerror=\"this.style.display='none'\"  \/>\n\t\t\t\t<\/a>\n\t\t<h3><a href=\"\/de\/ressourcen\/utility-unterstutzung\/\" target=\"_self\" rel=\"noopener\">Utility-Unterst\u00fctzung<\/a><\/h3>\t\n\t\t\t\t<a href=\"\/de\/ressourcen\/veteranen\/\" target=\"_self\" itemprop=\"url\" rel=\"noopener\">\n\t\t\t\t<img decoding=\"async\" src=\"https:\/\/211md.org\/wp-content\/uploads\/bb-plugin\/cache\/Veterans-circle-7c6972a59826c74f1f658f61df785fc3-.png\" alt=\"Ein Soldat, der jemandem die Hand sch\u00fcttelt und l\u00e4chelt\" itemprop=\"image\" title=\"Veteranen\" onerror=\"this.style.display='none'\"  \/>\n\t\t\t\t<\/a>\n\t\t<h3><a href=\"\/de\/ressourcen\/veteranen\/\" target=\"_self\" rel=\"noopener\">Veteranen<\/a><\/h3>\t\n<h2>Vielen Dank an unsere Partner<\/h2>\n<p>In Zusammenarbeit mit dem Governor&#039;s Office of Community Initiatives und dem Office of Immigration Affairs verbindet 211 Maryland neue Amerikaner und Marylander mit wichtigen Diensten und erleichtert die Meldung von Hass- und Voreingenommenheitsverbrechen und\/oder Vorf\u00e4llen.<\/p>\n\t\t\t\t<img loading=\"lazy\" decoding=\"async\" src=\"https:\/\/211md.org\/wp-content\/uploads\/2022\/04\/Group-332.svg\" alt=\"Gruppe 332\" itemprop=\"image\" height=\"215\" width=\"244\" title=\"Gruppe 332\" onerror=\"this.style.display='none'\"  \/>\n\t\t\t\t<img loading=\"lazy\" decoding=\"async\" src=\"https:\/\/211md.org\/wp-content\/uploads\/2022\/04\/Group-333.svg\" alt=\"Logo des Einwanderungsb\u00fcros des Gouverneurs von Maryland\" itemprop=\"image\" height=\"215\" width=\"245\" title=\"Logo des Einwanderungsb\u00fcros des Gouverneurs von Maryland\" onerror=\"this.style.display='none'\"  \/>","protected":false},"excerpt":{"rendered":"<p>#MDStopHate Melden Sie Hass- und vorurteilsbedingte Verbrechen und\/oder Vorf\u00e4lle und nutzen Sie die Ressourcen der Community. Stoppen Sie Hass. Sie m\u00fcssen unterwegs einen Bericht erstellen? Senden Sie eine SMS mit dem Text \u201eMDStopHate\u201c an 898-211 (TXT-211), um einen Vorfallbericht mit Ihrem Mobiltelefon einzureichen. 211 Maryland bietet SMS-Warnprogramme an, die regionenspezifische Ressourceninformationen oder Katastrophenwarnungen bereitstellen. \u2026<\/p>","protected":false},"author":8,"featured_media":2665,"parent":0,"menu_order":0,"comment_status":"closed","ping_status":"closed","template":"","meta":{"footnotes":""},"class_list":["post-2845","page","type-page","status-publish","has-post-thumbnail","hentry"],"_links":{"self":[{"href":"https:\/\/211md.org\/de\/wp-json\/wp\/v2\/pages\/2845","targetHints":{"allow":["GET"]}}],"collection":[{"href":"https:\/\/211md.org\/de\/wp-json\/wp\/v2\/pages"}],"about":[{"href":"https:\/\/211md.org\/de\/wp-json\/wp\/v2\/types\/page"}],"author":[{"embeddable":true,"href":"https:\/\/211md.org\/de\/wp-json\/wp\/v2\/users\/8"}],"replies":[{"embeddable":true,"href":"https:\/\/211md.org\/de\/wp-json\/wp\/v2\/comments?post=2845"}],"version-history":[{"count":0,"href":"https:\/\/211md.org\/de\/wp-json\/wp\/v2\/pages\/2845\/revisions"}],"wp:featuredmedia":[{"embeddable":true,"href":"https:\/\/211md.org\/de\/wp-json\/wp\/v2\/media\/2665"}],"wp:attachment":[{"href":"https:\/\/211md.org\/de\/wp-json\/wp\/v2\/media?parent=2845"}],"curies":[{"name":"wp","href":"https:\/\/api.w.org\/{rel}","templated":true}]}}