{"id":3132,"date":"2022-06-14T08:07:18","date_gmt":"2022-06-14T12:07:18","guid":{"rendered":"https:\/\/211md.org\/?page_id=3132"},"modified":"2024-09-05T10:25:02","modified_gmt":"2024-09-05T14:25:02","slug":"mdhope","status":"publish","type":"page","link":"https:\/\/211md.org\/de\/resources\/substance-use\/mdhope\/","title":{"rendered":"Erhalten Sie Opioid-Unterst\u00fctzung in Maryland mit MDHope"},"content":{"rendered":"<h2>Es gibt Hoffnung, wenn Y<strong>Sie oder jemand, den Sie kennen<\/strong>w Opioide verwendet.<\/h2>\n\t<p>Senden Sie eine SMS mit MDHope an 898211. Es ist kostenlos und vertraulich.<\/p>\n\t\t\t<a href=\"sms:\/\/898-211;?&#038;body=MDHope\" target=\"_blank\" rel=\"noopener\">\n\t\t\t\t\t\t\tJetzt registrieren\n\t\t\t\t\t<\/a>\n\t<p><em>Es k\u00f6nnen Nachrichten- und Datengeb\u00fchren anfallen und die Nachrichtenfrequenz kann variieren. Um Hilfe zu erhalten, senden Sie eine SMS mit dem Text HELP. Um sich abzumelden, senden Sie eine SMS mit dem Text STOP an dieselbe Nummer. Vollst\u00e4ndige SMS-Bedingungen unter\u00a0<a href=\"https:\/\/211md.org\/de\/sms\/\">https:\/\/211md.org\/sms\/<\/a>\u00a0wird auch gelten.<\/em><\/p>\n<h2>\n\t\tWie MDHope funktioniert\n\t<\/h2>\n\t\t\t\t<img loading=\"lazy\" decoding=\"async\" src=\"https:\/\/211md.org\/wp-content\/uploads\/2021\/05\/Screen-Shot-2021-05-26-at-11.27.15-AM.svg\" alt=\"Bild der Nummer 1\" itemprop=\"image\" height=\"150\" width=\"150\" title=\"Bild der Nummer 1\" onerror=\"this.style.display='none'\"  \/>\n<h3>Text<\/h3><p>Text\u00a0<strong>MDHoffnung<\/strong>\u00a0an 898-211, um sich f\u00fcr SMS anzumelden.\u00a0<sup>1<\/sup><\/p>\n<p><sup>1<\/sup><em>211 Maryland bietet SMS-Warnprogramme an, die regionalspezifische Ressourceninformationen oder Katastrophenwarnungen bereitstellen. Es k\u00f6nnen Nachrichten- und Datengeb\u00fchren anfallen und die Nachrichtenh\u00e4ufigkeit kann variieren. Wenn Sie Hilfe ben\u00f6tigen, senden Sie eine SMS mit dem Text HELP. Um sich abzumelden, senden Sie eine SMS mit dem Text STOP an dieselbe Nummer. Die vollst\u00e4ndigen SMS-Bedingungen unter https:\/\/211md.org\/sms\/ gelten ebenfalls.<\/em><\/p>\n\t\t\t\t<img loading=\"lazy\" decoding=\"async\" src=\"https:\/\/211md.org\/wp-content\/uploads\/2021\/05\/Screen-Shot-2021-05-26-at-11.27.25-AM.svg\" alt=\"Bild der Zahl 2\" itemprop=\"image\" height=\"150\" width=\"150\" title=\"Bild der Nummer 2\" onerror=\"this.style.display='none'\"  \/>\n<h3>Geben Sie Ihre Postleitzahl ein<\/h3><p>Wenn Sie dazu aufgefordert werden, geben Sie Ihre Postleitzahl an, damit wir lokale Ressourcen finden k\u00f6nnen, die Ihnen helfen, Hoffnung zu finden.<\/p>\n\t\t\t\t<img loading=\"lazy\" decoding=\"async\" src=\"https:\/\/211md.org\/wp-content\/uploads\/2021\/05\/Screen-Shot-2021-05-26-at-11.27.40-AM.svg\" alt=\"Bild der Zahl 3\" itemprop=\"image\" height=\"149\" width=\"149\" title=\"Bild der Nummer 3\" onerror=\"this.style.display='none'\"  \/>\n<h3>Finde Hilfe<\/h3><p>Verbinden Sie sich mit lokalen Ressourcen, indem Sie uns mitteilen, ob Sie Hilfe f\u00fcr sich selbst, einen Freund, ein Familienmitglied oder einen Klienten suchen. 211 sendet Ihnen die gew\u00fcnschten Informationen, wie z. B. <a href=\"https:\/\/sundown.org\/\" target=\"_blank\" rel=\"noopener\">Behandlungszentren<\/a>, Medikamente zur Aufhebung einer \u00dcberdosierung, sichere Entsorgung von Medikamenten oder Unterst\u00fctzung bei der Pr\u00e4vention.<\/p>\n<p><strong>Sie k\u00f6nnen sich auch jederzeit mit einer lebenden Person verbinden.<\/strong><\/p>\n\t<h2>Verbinden Sie andere mit MDHope<\/h2>\n<p>Drucken Sie die herunterladbare Outreach-Karte und das Informationsblatt aus, um Marylanders mit Hoffnung zu verbinden.<\/p>\n\t\t\t\t<a href=\"\/wp-content\/uploads\/2022\/07\/2022-06_211MDHope-OutreachCard_063022_PRINT.pdf\" target=\"_blank\" rel=\"noopener\" itemprop=\"url\">\n\t\t\t\t<img loading=\"lazy\" decoding=\"async\" src=\"https:\/\/211md.org\/wp-content\/uploads\/2022\/07\/MDHope-Outreach-Card-July-2022.jpg\" alt=\"MDHope Outreach Card f\u00fcr Opioidgebrauch\" itemprop=\"image\" height=\"600\" width=\"1050\" title=\"MDHope Outreach Card Juli 2022\" onerror=\"this.style.display='none'\"  \/>\n\t\t\t\t<\/a>\n\t<p><a href=\"\/wp-content\/uploads\/2022\/07\/2022-06_211MDHope-OutreachCard_063022_PRINT.pdf\" target=\"_blank\" rel=\"noopener\"><strong>Herunterladen<\/strong><\/a><\/p>\n\t\t\t\t<a href=\"\/wp-content\/uploads\/2022\/07\/MDHope-Printable-Fact-Sheet-2022.pdf\" target=\"_blank\" rel=\"noopener\" itemprop=\"url\">\n\t\t\t\t<img loading=\"lazy\" decoding=\"async\" src=\"https:\/\/211md.org\/wp-content\/uploads\/2022\/07\/MDHope-Fact-Sheet-scaled.jpg\" alt=\"MDHope-Datenblatt\" itemprop=\"image\" height=\"2560\" width=\"1978\" title=\"MDHope-Datenblatt\" onerror=\"this.style.display='none'\"  \/>\n\t\t\t\t<\/a>\n\t<p><a href=\"\/wp-content\/uploads\/2022\/07\/MDHope-Printable-Fact-Sheet-2022.pdf\" target=\"_blank\" rel=\"noopener\"><strong>Herunterladen<\/strong><\/a><\/p>","protected":false},"excerpt":{"rendered":"<p>Es gibt Hoffnung, wenn Sie oder jemand, den Sie kennen, Opioide verwendet. Senden Sie MDHope per SMS an 898211. Es ist kostenlos und vertraulich. Jetzt anmelden. Es k\u00f6nnen Nachrichten- und Datengeb\u00fchren anfallen und die Nachrichtenh\u00e4ufigkeit kann variieren. Wenn Sie Hilfe ben\u00f6tigen, senden Sie HELP. Um sich abzumelden, senden Sie STOP an dieselbe Nummer. Es gelten auch die vollst\u00e4ndigen SMS-Bedingungen unter https:\/\/211md.org\/sms\/. So funktioniert MDHope SMS\u2026<\/p>","protected":false},"author":7,"featured_media":3172,"parent":837,"menu_order":0,"comment_status":"closed","ping_status":"closed","template":"","meta":{"footnotes":""},"class_list":["post-3132","page","type-page","status-publish","has-post-thumbnail","hentry"],"_links":{"self":[{"href":"https:\/\/211md.org\/de\/wp-json\/wp\/v2\/pages\/3132","targetHints":{"allow":["GET"]}}],"collection":[{"href":"https:\/\/211md.org\/de\/wp-json\/wp\/v2\/pages"}],"about":[{"href":"https:\/\/211md.org\/de\/wp-json\/wp\/v2\/types\/page"}],"author":[{"embeddable":true,"href":"https:\/\/211md.org\/de\/wp-json\/wp\/v2\/users\/7"}],"replies":[{"embeddable":true,"href":"https:\/\/211md.org\/de\/wp-json\/wp\/v2\/comments?post=3132"}],"version-history":[{"count":0,"href":"https:\/\/211md.org\/de\/wp-json\/wp\/v2\/pages\/3132\/revisions"}],"up":[{"embeddable":true,"href":"https:\/\/211md.org\/de\/wp-json\/wp\/v2\/pages\/837"}],"wp:featuredmedia":[{"embeddable":true,"href":"https:\/\/211md.org\/de\/wp-json\/wp\/v2\/media\/3172"}],"wp:attachment":[{"href":"https:\/\/211md.org\/de\/wp-json\/wp\/v2\/media?parent=3132"}],"curies":[{"name":"wp","href":"https:\/\/api.w.org\/{rel}","templated":true}]}}