{"id":3207,"date":"2022-09-15T16:24:14","date_gmt":"2022-09-15T20:24:14","guid":{"rendered":"https:\/\/211md.org\/?page_id=3207"},"modified":"2025-09-09T11:28:33","modified_gmt":"2025-09-09T15:28:33","slug":"warnzeichen-und-uberdosierung-hilfe","status":"publish","type":"page","link":"https:\/\/211md.org\/de\/resources\/substance-use\/warning-signs-and-overdose-help\/","title":{"rendered":"Wie man jemandem hilft, der eine \u00dcberdosis hat"},"content":{"rendered":"<img loading=\"lazy\" decoding=\"async\" src=\"https:\/\/211md.org\/wp-content\/uploads\/2022\/07\/Dad-with-hand-on-his-sons-shoulder-providing-support.jpg\" alt=\"Vater mit der Hand auf der Schulter seines Sohnes, der Unterst\u00fctzung bietet\" itemprop=\"image\" height=\"683\" width=\"1024\" title=\"Vater-mit-der-Hand-auf-der-Schulter-seines-Sohns, der Unterst\u00fctzung bietet\" onerror=\"this.style.display='none'\"  \/>\n\t<p>Sucht ist eine komplizierte Erkrankung des Gehirns. In einer medizinischen Umgebung h\u00f6ren Sie m\u00f6glicherweise Sucht, die als Substanzgebrauchsst\u00f6rung bezeichnet wird.<\/p>\n<p>Obwohl es schwierig ist, diese Situationen zu meistern, ist es entscheidend, einer Person so schnell wie m\u00f6glich die Hilfe zu geben, die sie ben\u00f6tigt.<\/p>\n<p>Einzelpersonen k\u00f6nnen auch mit psychischen Problemen oder anderen zugrunde liegenden Gesundheitsproblemen zu k\u00e4mpfen haben. Und bei Drogenkonsum besteht immer das Risiko einer t\u00f6dlichen \u00dcberdosis.<\/p>\n<h2>Warnsignale<\/h2>\n<p>Sucht kann jeden in Maryland treffen, unabh\u00e4ngig von Alter, Rasse oder Beruf.<\/p>\n<p>Sie k\u00f6nnen dazu beitragen, das Stigma der Sucht zu stoppen, indem Sie die Anzeichen einer Sucht kennen und der Person so schnell wie m\u00f6glich die Hilfe zukommen lassen, die sie ben\u00f6tigt.<\/p>\n<h3>Anzeichen einer Substanzgebrauchsst\u00f6rung<\/h3>\n<p>Dies sind die Anzeichen f\u00fcr jemanden mit einer Substanzgebrauchsst\u00f6rung.<\/p>\n<ul>\n<li>Besuchen Sie mehrere \u00c4rzte, um Rezepte zu erhalten<\/li>\n<li>Stimmungs- oder Verhaltens\u00e4nderungen<\/li>\n<li>Reizbarkeit<\/li>\n<li>R\u00fcckzug von gesellschaftlichen Veranstaltungen und Aktivit\u00e4ten<\/li>\n<li>Unerkl\u00e4rliche finanzielle Schwierigkeiten<\/li>\n<li>Schlafen zu ungew\u00f6hnlichen Zeiten<\/li>\n<li>H\u00e4ufigerer Substanzkonsum<\/li>\n<\/ul>\n<p>Stigmatisierungen hindern Menschen oft daran, die Hilfe zu bekommen, die sie brauchen.<\/p>\n<p>Wenn jemand, den Sie kennen, Anzeichen von Sucht zeigt, k\u00f6nnen Sie ihm helfen, indem Sie unterst\u00fctzende Ressourcen bereitstellen und ihn ermutigen, sich Hilfe zu holen.<\/p>\n<p>Unterst\u00fctzen Sie sie nicht, indem Sie ihnen bei der Miete helfen oder andere finanzielle Unterst\u00fctzung gew\u00e4hren.<\/p>\n<p>Entfernen Sie auch alte verschreibungspflichtige Medikamente in Ihrem Haus.\u00a0<a href=\"https:\/\/211md.org\/de\/ressourcen\/substanzgebrauch\/drogenentsorgung\/\">Es gibt kostenlose M\u00f6glichkeiten, alte Medikamente zu entsorgen<\/a>\u00a0So verhindern Sie Substanzkonsum und sch\u00fctzen die Umwelt.<\/p>\n<p>Konzentrieren Sie sich auf die Sucht und\u00a0<a href=\"https:\/\/211md.org\/de\/ressourcen\/substanzgebrauch\/\">Finden Sie Behandlungsm\u00f6glichkeiten in Maryland<\/a>.<\/p>\n<h3>Anzeichen einer \u00dcberdosierung erkennen<\/h3>\n<p>Medikamente enthalten oft das starke und t\u00f6dliche synthetische Opioid Fentanyl. Es ist 50-mal st\u00e4rker als Heroin und die h\u00e4ufigste Todesursache durch \u00dcberdosierung in Maryland.<\/p>\n<p>Man kann es nicht sehen, riechen oder schmecken. Aufgrund seiner starken Wirkung wird es h\u00e4ufig anderen Arzneimitteln zugesetzt.<\/p>\n<p>Wenn Sie sich Sorgen um jemanden machen und vermuten, dass er abh\u00e4ngig ist, sollten Sie auch auf die Anzeichen einer \u00dcberdosis achten.<\/p>\n<p>Anzeichen einer \u00dcberdosierung sind:<\/p>\n<ul>\n<li>Lautes Schnarchen oder gurgelnde Ger\u00e4usche<\/li>\n<li>Lippen oder Fingern\u00e4gel werden blau<\/li>\n<li>Blasse\/gr\u00e4uliche Haut<\/li>\n<li>Nicht ansprechbar, ohnm\u00e4chtig, nicht in der Lage zu sprechen oder eine inkoh\u00e4rente Person<\/li>\n<li>Schlaffer K\u00f6rper<\/li>\n<li>Langsamer oder stehender Herzschlag<\/li>\n<li>Flache, langsame, angehaltene oder unregelm\u00e4\u00dfige Atmung<\/li>\n<li>Schlechte Motorik und Koordination<\/li>\n<li>Kleine Pupillen, die nicht auf Licht oder Bewegung reagieren<\/li>\n<li>Krampfanf\u00e4lle<\/li>\n<li>Feuchte Haut<\/li>\n<\/ul>\n\t<h2><strong>Wie Sie mit Naloxon helfen k\u00f6nnen, ein Leben zu retten<\/strong><\/h2>\n<p>80% der Todesf\u00e4lle durch \u00dcberdosierung ereignen sich innerhalb eines Hauses, laut a\u00a0<a href=\"https:\/\/www.cdc.gov\/stopoverdose\/naloxone\/index.html\" target=\"_blank\" rel=\"noopener\">Vitalzeichenbericht des Centers for Disease Control (CDC).<\/a>.<\/p>\n<p>40% der Zeit, jemand anderes ist laut CDC anwesend.<\/p>\n<p>Naloxon hilft Umstehenden, die Auswirkungen der \u00dcberdosis umzukehren.<\/p>\n<p>Familien sollten die lebensrettenden Medikamente zur Hand haben, wenn sie jemanden kennen, der mit einer Opioidkonsumst\u00f6rung zu k\u00e4mpfen hat.<\/p>\n\t<iframe loading=\"lazy\" width=\"560\" height=\"315\" src=\"https:\/\/www.youtube.com\/embed\/Sm5Tbb8YcgQ\" title=\"YouTube-Videoplayer\" frameborder=\"0\" allow=\"accelerometer; autoplay; clipboard-write; encrypted-media; gyroscope; picture-in-picture\" allowfullscreen><\/iframe>\n\t\t<h3>Senden Sie eine SMS mit dem Text MDHope an 898211<\/h3><p>Informieren Sie sich \u00fcber Naloxon in Ihrer N\u00e4he, Entsorgungsstellen f\u00fcr verschreibungspflichtige Medikamente und Ressourcen zum Substanzgebrauch.<\/p>\n<p><em>211 Maryland bietet SMS-Warnprogramme an, die regionalspezifische Ressourceninformationen oder Katastrophenwarnungen bereitstellen. Es k\u00f6nnen Nachrichten- und Datengeb\u00fchren anfallen. Die H\u00e4ufigkeit der Nachrichten kann variieren. Um sich abzumelden, senden Sie eine SMS mit dem Text STOP an dieselbe Nummer. Wenn Sie Hilfe ben\u00f6tigen, senden Sie eine SMS mit dem Text HELP. Die vollst\u00e4ndigen SMS-Bedingungen finden Sie unter <a href=\"https:\/\/211md.org\/de\/sms\/\">https:\/\/211md.org\/sms\/<\/a> wird auch gelten.<\/em><\/p>\n\t<h3>Wo bekommt man Naloxon in Maryland<\/h3>\n<p>Wenn Sie nicht m\u00f6chten, dass Ihnen die Informationen \u00fcber MDHope per SMS zugesandt werden, gibt es andere M\u00f6glichkeiten, den n\u00e4chstgelegenen Naloxon-Anbieter in Ihrer N\u00e4he zu finden.<\/p>\n<p>Sie k\u00f6nnen auch ein Overdose Response Program (ODR) in Maryland besuchen, um Naloxon zu erhalten.\u00a0<a href=\"https:\/\/health.maryland.gov\/pha\/NALOXONE\/Pages\/Approved-Entities.aspx\" target=\"_blank\" rel=\"noopener\">Den n\u00e4chstgelegenen finden Sie hier<\/a>.<\/p>\n<p>Sie k\u00f6nnen auch in eine Apotheke gehen und das Medikament ohne Rezept und ohne Schulung bekommen. Es wird von den meisten Versicherungen und Maryland Medicaid abgedeckt. Es kann jedoch sein, dass es nicht auf Lager ist. Inventar kann variieren.<\/p>\n<p><a href=\"https:\/\/nextdistro.org\/maryland\" target=\"_blank\" rel=\"noopener\">N\u00e4chste Schadensminderung<\/a>\u00a0und das\u00a0<a href=\"https:\/\/baltimoreharmreduction.org\/\" target=\"_blank\" rel=\"noopener\">Baltimore Harm Reduction Coalition<\/a>\u00a0wird die lebensrettenden Medikamente auch kostenlos an die Einwohner von Maryland versenden. Das Programm ist f\u00fcr Personen konzipiert, die nicht bereit sind, das Medikament pers\u00f6nlich zu erhalten.<\/p>\n<p>Sie m\u00fcssen sich ein 4-min\u00fctiges Schulungsvideo ansehen, ein kurzes Quiz beantworten und Informationen zur Einnahme von Naloxon bereitstellen. Die Schulung ist in Englisch und Spanisch verf\u00fcgbar.\u00a0<a href=\"https:\/\/nextdistro.org\/maryland-language\" target=\"_blank\" rel=\"noopener\">Nimm die Ausbildung<\/a>.<\/p>\n\t<h2>Marylands barmherziges Samaritergesetz<\/h2>\n<p>Das Gesetz sieht bestimmte rechtliche Schutzma\u00dfnahmen vor, wenn Sie 9-1-1 anrufen, um einer Person zu helfen, die eine Notfall-\u00dcberdosis erleidet.<\/p>\n<p>Wenn Sie Zeuge eines medizinischen Notfalls werden, der durch eine \u00dcberdosis verursacht wurde, rufen Sie sofort 9-1-1 an.<\/p>\n<p><a href=\"https:\/\/health.maryland.gov\/qahealth\/substance-abuse\/Pages\/Good-Samaritan-Law.aspx\" target=\"_blank\" rel=\"noopener\">Marylands barmherziges Samaritergesetz<\/a>\u00a0erm\u00f6glicht es Ihnen, Hilfe zu erhalten, ohne Angst vor Verhaftung oder Strafverfolgung f\u00fcr mehrere Vergehen zu haben, darunter:<\/p>\n<ul>\n<li>5-601: Besitz oder Verwaltung von CDS<\/li>\n<li>5-619: Drogenutensilien<\/li>\n<li>5-620: Kontrollierte Utensilien<\/li>\n<li>\u00a7 10-114: Alkoholbesitz Minderj\u00e4hriger<\/li>\n<li>\u00a7 10-116: Beschaffung von Alkohol f\u00fcr Minderj\u00e4hrige<\/li>\n<li>\u00a7 10-117: Bereitstellung oder Gestattung des Alkoholkonsums durch Minderj\u00e4hrige<\/li>\n<\/ul>\n<p>Es sch\u00fctzt Sie auch vor Verst\u00f6\u00dfen gegen Bew\u00e4hrung, Bew\u00e4hrung und vorl\u00e4ufige Entlassung, wenn die Beweise f\u00fcr den Versto\u00df dadurch erlangt wurden, dass Sie Hilfe in Anspruch genommen oder Hilfe geleistet haben, die dazu beitr\u00e4gt, das Leben einer Person zu retten.<\/p>\n<p>Ziel ist es, jemandem zu helfen, der eine Notfall-\u00dcberdosis erleidet.<\/p>\n<p>Sie sind nicht gesch\u00fctzt, wenn Sie Zeuge des Notfalls sind und der Person nicht helfen. Die Strafverfolgungsbeh\u00f6rden k\u00f6nnen auch Ermittlungen durchf\u00fchren und Beweise sammeln, da dies nicht f\u00fcr Drogendelikte oder andere nicht aufgef\u00fchrte Straftaten gilt.<\/p>\n\t\t\t\t<img loading=\"lazy\" decoding=\"async\" src=\"https:\/\/211md.org\/wp-content\/uploads\/2022\/07\/Naloxone-NARCAN-nasal-spray.jpg\" alt=\"Naloxon Narcan Nasenspray\" itemprop=\"image\" height=\"683\" width=\"1024\" title=\"Naloxon-NARCAN-Nasenspray\" onerror=\"this.style.display='none'\"  \/>\n<h2>Wie man jemandem hilft, der eine \u00dcberdosis hat<\/h2>\n<p>Naloxon\/NARCAN\u00ae kehrt die Wirkung einer \u00dcberdosierung sofort um. Es gibt eine injizierbare Form oder h\u00e4ufiger ein Nasenspray. Es ist einfach anzuwenden und ohne Rezept erh\u00e4ltlich.<\/p>\n<p>Allein in Baltimore City wurden mehr als 2.800 Menschenleben gerettet.<\/p>\n<p>Wenn Sie NARCAN\u00ae zur Hand haben, k\u00f6nnen Sie damit w\u00e4hrend des Wartens auf das Eintreffen von medizinischem Personal Soforthilfe leisten.<\/p>\n<h3>Mit Naloxon<\/h3>\n<p>Naloxon ist ein Nasenspray oder ein Autoinjektor, der in die Au\u00dfenseite des Oberschenkels der Person eingesetzt wird.<\/p>\n<p>Dies sind die Schritte, die Sie befolgen m\u00fcssen, wenn Sie vermuten, dass jemand eine \u00dcberdosis hat:<\/p>\n<h4>1. Holen Sie sich ihre Aufmerksamkeit.<\/h4>\n<p>Schreien Sie die Person an und fragen Sie, ob sie Hilfe braucht.<\/p>\n<h4>2. Reiben Sie ihr Brustbein.<\/h4>\n<p>Reiben Sie Ihre Fingerkn\u00f6chel fest in der Mitte der Brust der Person auf und ab.<\/p>\n<h4>3. Rufen Sie 9-1-1 an.<\/h4>\n<h4>4. Geben Sie Naloxon.<\/h4>\n<p>F\u00fchren Sie die D\u00fcsenspitze in eines der beiden Nasenl\u00f6cher ein, bis Ihre Finger den unteren Teil der Nase der Person ber\u00fchren.<\/p>\n<p>Dr\u00fccken Sie fest, um das Medikament freizusetzen.<\/p>\n<p>Wenn die erste Dosis nach 1\u20133 Minuten nicht wirkt, wiederholen Sie die Anwendung.<\/p>\n<h4>5. Unterst\u00fctzen Sie ihre Atmung.<\/h4>\n<p>Lege die Person auf den R\u00fccken und neige ihr Kinn nach hinten. Vergewissern Sie sich, dass nichts ihre Atemwege blockiert.<\/p>\n<p>Halten Sie die Nase der Person zu und bedecken Sie ihren Mund mit Ihrem Mund. Pusten Sie 2 regelm\u00e4\u00dfige Atemz\u00fcge und wiederholen Sie den Vorgang dann alle 5 Sekunden mit einem Atemzug.<\/p>\n<p>Sie k\u00f6nnen auch Thoraxkompressionen durchf\u00fchren, wenn Sie CPR-Training haben.<\/p>\n<h4>6. Helfen Sie der Person, sich zu erholen.<\/h4>\n<p>Bleiben Sie bei der Person, bis Hilfe eintrifft.<\/p>\n<p>Wenn es der Person besser geht, legen Sie sie auf den Bauch, Gesicht und Kopf zur Seite gedreht. Legen Sie ihre Hand unter ihren Kopf und beugen Sie ihre Knie, um sich abzust\u00fctzen.<\/p>\n<p>Naloxon schadet nicht, wenn es jemandem verabreicht wird, der keine Opioide in seinem System hat.<\/p>\n<h2>Verwandte Informationen<\/h2>\n<p><a href=\"https:\/\/211md.org\/de\/ressourcen\/substanzgebrauch\/\">Behandlung finden<\/a><\/p>\n<p><a href=\"https:\/\/211md.org\/de\/ressourcen\/substanzgebrauch\/drogenentsorgung\/\">Entsorgung verschreibungspflichtiger Medikamente<\/a><\/p>\n<p><a href=\"https:\/\/211md.org\/de\/mdhope\/\">MDHoffnung<\/a><\/p>\n\t<h2>M\u00fcssen reden?<\/h2>\n\t<h2>Rufen Sie an oder schreiben Sie eine SMS an 988<\/h2>\n\t\t\t<a href=\"https:\/\/988lifeline.org\/chat\/\" target=\"_blank\" rel=\"noopener\">\n\t\t\t\t\t\t\tJetzt chatten (Englisch)\n\t\t\t\t\t<\/a>\n\t\t\t<a href=\"https:\/\/988lifeline.org\/es\/chat\/\" target=\"_blank\" rel=\"noopener\">\n\t\t\t\t\t\t\tChatea Ahora (Spanisch)\n\t\t\t\t\t<\/a>\n\t<p>Jeder, der Hilfe bei der psychischen Gesundheit oder im Zusammenhang mit Substanzgebrauch ben\u00f6tigt, kann 988 anrufen. <a href=\"https:\/\/988min.org\/\" target=\"_blank\" rel=\"noopener\"> Erfahren Sie mehr \u00fcber 988 in Maryland.<\/a><\/p>\n<h2>\n\t\tRessourcen finden\n\t<\/h2>\n\t\t\t\t<a href=\"\/de\/ressourcen\/alterungsbehinderung\/\"  target=\"_self\" itemprop=\"url\">\n\t\t\t\t<img loading=\"lazy\" decoding=\"async\" src=\"https:\/\/211md.org\/wp-content\/uploads\/bb-plugin\/cache\/Mask-Group-41@2x-circle-73eaadba4cad8269faa4720e25cf1c85-.png\" alt=\"Die F\u00fc\u00dfe einer \u00e4lteren Frau und einer j\u00fcngeren Frau, die zusammen gehen\" itemprop=\"image\" height=\"500\" width=\"500\" title=\"Behindertendienste\" onerror=\"this.style.display='none'\"  \/>\n\t\t\t\t<\/a>\n\t\t<h3><a href=\"\/de\/ressourcen\/alterungsbehinderung\/\" target=\"_self\">Alter &amp; Behinderung<\/a><\/h3>\t\n\t\t\t\t<a href=\"\/de\/ressourcen\/kinder-familien\/\"  target=\"_self\" itemprop=\"url\">\n\t\t\t\t<img loading=\"lazy\" decoding=\"async\" src=\"https:\/\/211md.org\/wp-content\/uploads\/bb-plugin\/cache\/Mask-Group-38@2x-circle-ac40d46265fbec62083cd27f6dcf23b0-.png\" alt=\"Ein kleiner Junge und ein M\u00e4dchen l\u00e4cheln und schauen in die Kamera\" itemprop=\"image\" height=\"500\" width=\"500\" title=\"Maskengruppe 38@2x\" onerror=\"this.style.display='none'\"  \/>\n\t\t\t\t<\/a>\n\t\t<h3><a href=\"\/de\/ressourcen\/kinder-familien\/\" target=\"_self\">Kinder &amp; Familien<\/a><\/h3>\t\n\t\t\t\t<a href=\"\/de\/ressourcen\/hausliche-familiare-gewalt\/\"  target=\"_self\" itemprop=\"url\">\n\t\t\t\t<img loading=\"lazy\" decoding=\"async\" src=\"https:\/\/211md.org\/wp-content\/uploads\/bb-plugin\/cache\/Mask-Group-39@2x-circle-b2589197a13c791d910f46dd10b27a87-.png\" alt=\"Zwei Paar H\u00e4nde, die sich halten\" itemprop=\"image\" height=\"500\" width=\"500\" title=\"Maskengruppe 39@2x\" onerror=\"this.style.display='none'\"  \/>\n\t\t\t\t<\/a>\n\t\t<h3><a href=\"\/de\/ressourcen\/hausliche-familiare-gewalt\/\" target=\"_self\">H\u00e4usliche\/famili\u00e4re Gewalt<\/a><\/h3>\t\n\t\t\t\t<a href=\"\/de\/ressourcen\/arbeitssuche\/\"  target=\"_self\" itemprop=\"url\">\n\t\t\t\t<img loading=\"lazy\" decoding=\"async\" src=\"https:\/\/211md.org\/wp-content\/uploads\/bb-plugin\/cache\/Employment-circle-bf72562329e950df948954f5d3f44b2e-.png\" alt=\"Ein Automechaniker\" itemprop=\"image\" height=\"500\" width=\"500\" title=\"Besch\u00e4ftigung\" onerror=\"this.style.display='none'\"  \/>\n\t\t\t\t<\/a>\n\t\t<h3><a href=\"\/de\/ressourcen\/arbeitssuche\/\" target=\"_self\">Besch\u00e4ftigung<\/a><\/h3>\t\n\t\t\t\t<a href=\"\/de\/ressourcen\/gesundheitswesen\/\"  target=\"_self\" itemprop=\"url\">\n\t\t\t\t<img loading=\"lazy\" decoding=\"async\" src=\"https:\/\/211md.org\/wp-content\/uploads\/bb-plugin\/cache\/Mask-Group-35@2x-circle-94be10c13e4adae1683b4589dc2f5b2f-.png\" alt=\"Doktor, der Jungenbein betrachtet\" itemprop=\"image\" height=\"500\" width=\"500\" title=\"Maskengruppe 35@2x\" onerror=\"this.style.display='none'\"  \/>\n\t\t\t\t<\/a>\n\t\t<h3><a href=\"\/de\/ressourcen\/gesundheitswesen\/\" target=\"_self\">Gesundheitsvorsorge<\/a><\/h3>\t\n\t\t\t\t<a href=\"\/de\/ressourcen\/lebensmittel\/\"  target=\"_self\" itemprop=\"url\">\n\t\t\t\t<img loading=\"lazy\" decoding=\"async\" src=\"https:\/\/211md.org\/wp-content\/uploads\/bb-plugin\/cache\/Mask-Group-32@2x-circle-1c6d647dcaf998fa079d26735cedc92b-.png\" alt=\"Frisches Gem\u00fcse\" itemprop=\"image\" height=\"500\" width=\"500\" title=\"Maskengruppe 32@2x\" onerror=\"this.style.display='none'\"  \/>\n\t\t\t\t<\/a>\n\t\t<h3><a href=\"\/de\/ressourcen\/lebensmittel\/\" target=\"_self\">Essen<\/a><\/h3>\t\n\t\t\t\t<a href=\"\/de\/ressourcen\/gehause-unterkunft\/\"  target=\"_self\" itemprop=\"url\">\n\t\t\t\t<img loading=\"lazy\" decoding=\"async\" src=\"https:\/\/211md.org\/wp-content\/uploads\/bb-plugin\/cache\/Mask-Group-34@2x-circle-b99c55fc16ef21f35e2f2a1f7cc37b9a-.png\" alt=\"Apartmentkomplex Balkon\" itemprop=\"image\" height=\"500\" width=\"500\" title=\"Wohnung-Komplex\" onerror=\"this.style.display='none'\"  \/>\n\t\t\t\t<\/a>\n\t\t<h3><a href=\"\/de\/ressourcen\/gehause-unterkunft\/\" target=\"_self\">Wohnen &amp; Obdach<\/a><\/h3>\t\n\t\t\t\t<a href=\"\/de\/ressourcen\/neu-in-den-usa-und-maryland\/\"  target=\"_self\" itemprop=\"url\">\n\t\t\t\t<img loading=\"lazy\" decoding=\"async\" src=\"https:\/\/211md.org\/wp-content\/uploads\/bb-plugin\/cache\/American-flag-circle-0016cc327e27ef7aeb080f1da6c6e98b-.jpg\" alt=\"Neu in den Vereinigten Staaten\" itemprop=\"image\" height=\"364\" width=\"1366\" title=\"Amerikanische Flagge\" onerror=\"this.style.display='none'\"  \/>\n\t\t\t\t<\/a>\n\t\t<h3><a href=\"\/de\/ressourcen\/neu-in-den-usa-und-maryland\/\" target=\"_self\">Einwanderung<\/a><\/h3>\t\n\t\t\t\t<a href=\"\/de\/ressourcen\/kinder-familien\/verwandtschaftspflege\/\"  target=\"_self\" itemprop=\"url\">\n\t\t\t\t<img decoding=\"async\" src=\"https:\/\/211md.org\/wp-content\/uploads\/bb-plugin\/cache\/kinship-family-navigating-a-computer-circle-045fee9d587aefb20221bfea41a2cf9b-.png\" alt=\"Verwandtschaftsfamilie, die einen Computer navigiert\" itemprop=\"image\" title=\"Verwandtschaftsfamilie, die einen Computer navigiert\" onerror=\"this.style.display='none'\"  \/>\n\t\t\t\t<\/a>\n\t\t<h3><a href=\"\/de\/ressourcen\/kinder-familien\/verwandtschaftspflege\/\" target=\"_self\">Verwandtschaft<\/a><\/h3>\t\n\t\t\t\t<a href=\"\/de\/ressourcen\/rechtsberatung\/\"  target=\"_self\" itemprop=\"url\">\n\t\t\t\t<img loading=\"lazy\" decoding=\"async\" src=\"https:\/\/211md.org\/wp-content\/uploads\/bb-plugin\/cache\/Housing-Legal-circle-9a8f3c1c72c54b6e1ce612d2993c1ad4-.png\" alt=\"Rechtshammer mit einem Plastikmodell eines Hauses daneben\" itemprop=\"image\" height=\"348\" width=\"460\" title=\"Wohnungsrecht\" onerror=\"this.style.display='none'\"  \/>\n\t\t\t\t<\/a>\n\t\t<h3><a href=\"\/de\/ressourcen\/rechtsberatung\/\" target=\"_self\">Rechtsberatung<\/a><\/h3>\t\n\t\t\t\t<a href=\"\/de\/ressourcen\/psychische-gesundheit\/\"  target=\"_self\" itemprop=\"url\">\n\t\t\t\t<img loading=\"lazy\" decoding=\"async\" src=\"https:\/\/211md.org\/wp-content\/uploads\/bb-plugin\/cache\/Mask-Group-40@2x-circle-7bd9426367852fb3d841bc4bdc57a550-.png\" alt=\"Die Profile eines Mannes und einer Frau\" itemprop=\"image\" height=\"500\" width=\"500\" title=\"Maskengruppe 40@2x\" onerror=\"this.style.display='none'\"  \/>\n\t\t\t\t<\/a>\n\t\t<h3><a href=\"\/de\/ressourcen\/psychische-gesundheit\/\" target=\"_self\">Psychische Gesundheit<\/a><\/h3>\t\n\t\t\t\t<a href=\"\/de\/ressourcen\/mdreentry\/\"  target=\"_self\" itemprop=\"url\">\n\t\t\t\t<img loading=\"lazy\" decoding=\"async\" src=\"https:\/\/211md.org\/wp-content\/uploads\/bb-plugin\/cache\/Diverse-group-of-community-members-circle-4457c114cd48613bc79a0fb50060319c-.jpg\" alt=\"Vielf\u00e4ltige Gruppe von Community-Mitgliedern\" itemprop=\"image\" height=\"800\" width=\"1200\" title=\"Vielf\u00e4ltige Gruppe von Community-Mitgliedern\" onerror=\"this.style.display='none'\"  \/>\n\t\t\t\t<\/a>\n\t\t<h3><a href=\"\/de\/ressourcen\/mdreentry\/\" target=\"_self\">Wiedereintritt<\/a><\/h3>\t\n\t\t\t\t<a href=\"\/de\/stoppen\/\"  target=\"_self\" itemprop=\"url\">\n\t\t\t\t<img loading=\"lazy\" decoding=\"async\" src=\"https:\/\/211md.org\/wp-content\/uploads\/bb-plugin\/cache\/Background-section-MDStophate-circle-08e2bae1cf9f2ad6cc83e01e23da8cb9-.jpg\" alt=\"Hintergrund-Abschnitt-MDStophate\" itemprop=\"image\" height=\"768\" width=\"1366\" title=\"Hintergrund-Abschnitt-MDStophate\" onerror=\"this.style.display='none'\"  \/>\n\t\t\t\t<\/a>\n\t\t<h3><a href=\"\/de\/stoppen\/\" target=\"_self\">Stoppen Sie Hass<\/a><\/h3>\t\n\t\t\t\t<a href=\"\/de\/ressourcen\/substanzgebrauch\/\"  target=\"_self\" itemprop=\"url\">\n\t\t\t\t<img loading=\"lazy\" decoding=\"async\" src=\"https:\/\/211md.org\/wp-content\/uploads\/bb-plugin\/cache\/Substance-Use-circle-ad2d564932dc31267e0c32a6fb2d915c-.png\" alt=\"Hand zerschlagende Pillen\" itemprop=\"image\" height=\"500\" width=\"500\" title=\"Substanzgebrauch\" onerror=\"this.style.display='none'\"  \/>\n\t\t\t\t<\/a>\n\t\t<h3><a href=\"\/de\/ressourcen\/substanzgebrauch\/\" target=\"_self\">Substanzgebrauch<\/a><\/h3>\t\n\t\t\t\t<a href=\"\/de\/ressourcen\/steuerdienstleistungen\/\"  target=\"_self\" itemprop=\"url\">\n\t\t\t\t<img loading=\"lazy\" decoding=\"async\" src=\"https:\/\/211md.org\/wp-content\/uploads\/bb-plugin\/cache\/Mask-Group-34-circle-166a606e37e61188c9a17d5e634cda3c-.png\" alt=\"Person, die Einkommensteuerunterlagen ausf\u00fcllt\" itemprop=\"image\" height=\"500\" width=\"500\" title=\"Maskengruppe 34\" onerror=\"this.style.display='none'\"  \/>\n\t\t\t\t<\/a>\n\t\t<h3><a href=\"\/de\/ressourcen\/steuerdienstleistungen\/\" target=\"_self\">Steuerliche Dienstleistungen<\/a><\/h3>\t\n\t\t\t\t<a href=\"\/de\/ressourcen\/utility-unterstutzung\/\"  target=\"_self\" itemprop=\"url\">\n\t\t\t\t<img loading=\"lazy\" decoding=\"async\" src=\"https:\/\/211md.org\/wp-content\/uploads\/bb-plugin\/cache\/Mask-Group-37@2x-circle-9661a11b9c4082079c9a1f06bc539567-.png\" alt=\"Eine leuchtende Gl\u00fchbirne\" itemprop=\"image\" height=\"500\" width=\"500\" title=\"Maskengruppe 37@2x\" onerror=\"this.style.display='none'\"  \/>\n\t\t\t\t<\/a>\n\t\t<h3><a href=\"\/de\/ressourcen\/utility-unterstutzung\/\" target=\"_self\">Utility-Unterst\u00fctzung<\/a><\/h3>\t\n\t\t\t\t<a href=\"\/de\/ressourcen\/veteranen\/\"  target=\"_self\" itemprop=\"url\">\n\t\t\t\t<img decoding=\"async\" src=\"https:\/\/211md.org\/wp-content\/uploads\/bb-plugin\/cache\/Veterans-circle-7c6972a59826c74f1f658f61df785fc3-.png\" alt=\"Ein Soldat, der jemandem die Hand sch\u00fcttelt und l\u00e4chelt\" itemprop=\"image\" title=\"Veteranen\" onerror=\"this.style.display='none'\"  \/>\n\t\t\t\t<\/a>\n\t\t<h3><a href=\"\/de\/ressourcen\/veteranen\/\" target=\"_self\">Veteranen<\/a><\/h3>","protected":false},"excerpt":{"rendered":"<p>Sucht ist eine komplizierte Erkrankung des Gehirns. In einem medizinischen Umfeld h\u00f6ren Sie m\u00f6glicherweise von einer Sucht, die als Substanzgebrauchsst\u00f6rung bezeichnet wird. Obwohl es schwierig ist, mit diesen Situationen klarzukommen, ist es von entscheidender Bedeutung, einer Person so schnell wie m\u00f6glich die Hilfe zu verschaffen, die sie ben\u00f6tigt. Einzelpersonen k\u00f6nnen auch mit psychischen Problemen oder anderen zugrunde liegenden Gesundheitsproblemen zu k\u00e4mpfen haben. Und mit Drogen...<\/p>","protected":false},"author":7,"featured_media":3209,"parent":837,"menu_order":0,"comment_status":"closed","ping_status":"closed","template":"","meta":{"footnotes":""},"class_list":["post-3207","page","type-page","status-publish","has-post-thumbnail","hentry"],"_links":{"self":[{"href":"https:\/\/211md.org\/de\/wp-json\/wp\/v2\/pages\/3207","targetHints":{"allow":["GET"]}}],"collection":[{"href":"https:\/\/211md.org\/de\/wp-json\/wp\/v2\/pages"}],"about":[{"href":"https:\/\/211md.org\/de\/wp-json\/wp\/v2\/types\/page"}],"author":[{"embeddable":true,"href":"https:\/\/211md.org\/de\/wp-json\/wp\/v2\/users\/7"}],"replies":[{"embeddable":true,"href":"https:\/\/211md.org\/de\/wp-json\/wp\/v2\/comments?post=3207"}],"version-history":[{"count":3,"href":"https:\/\/211md.org\/de\/wp-json\/wp\/v2\/pages\/3207\/revisions"}],"predecessor-version":[{"id":33795,"href":"https:\/\/211md.org\/de\/wp-json\/wp\/v2\/pages\/3207\/revisions\/33795"}],"up":[{"embeddable":true,"href":"https:\/\/211md.org\/de\/wp-json\/wp\/v2\/pages\/837"}],"wp:featuredmedia":[{"embeddable":true,"href":"https:\/\/211md.org\/de\/wp-json\/wp\/v2\/media\/3209"}],"wp:attachment":[{"href":"https:\/\/211md.org\/de\/wp-json\/wp\/v2\/media?parent=3207"}],"curies":[{"name":"wp","href":"https:\/\/api.w.org\/{rel}","templated":true}]}}