{"id":3228,"date":"2022-09-07T10:50:03","date_gmt":"2022-09-07T14:50:03","guid":{"rendered":"https:\/\/211md.org\/?page_id=3228"},"modified":"2026-02-03T15:18:39","modified_gmt":"2026-02-03T20:18:39","slug":"verwandtschaftsnavigation","status":"publish","type":"page","link":"https:\/\/211md.org\/de\/resources\/children-families\/kinship-navigation\/","title":{"rendered":"Verwandtschaftsnavigation: Wie man Unterst\u00fctzung findet und Herausforderungen \u00fcberwindet"},"content":{"rendered":"<figure data-animation-delay=\"0\" data-animation-duration=\"1\" itemscope itemtype=\"https:\/\/schema.org\/ImageObject\">\n\t\t\t\t<img decoding=\"async\" src=\"https:\/\/stg-maryland211-staging.kinsta.cloud\/wp-content\/uploads\/2025\/08\/5-1-scaled.png\" alt=\"5\" height=\"692\" width=\"2560\" title=\"5\" onerror=\"this.style.display='none'\" loading=\"lazy\" \/>\n\t<\/figure>\n\t\t<p>Kinship care provides stability, safety, and support for children in a familiar environment. In Maryland, kinship navigation services can help families access benefits and support and manage any challenges.<\/p>\n<p>Search for kinship navigation programs, or continue reading about ways to get support.<\/p>\n\t\t\t<a href=\"https:\/\/search.211md.org\/search?query=PH-2400.4000&#038;query_label=Kinship%20Navigator%20Programs&#038;query_type=taxonomy\"  target=\"_blank\" rel=\"noopener\">\n\t\t\t\t\t\tSearch for kinship navigation programs\n\t\t\t\t\t<\/a>\n<figure data-animation-delay=\"0\" data-animation-duration=\"1\" itemscope itemtype=\"https:\/\/schema.org\/ImageObject\">\n\t\t\t\t<img decoding=\"async\" src=\"https:\/\/211md.org\/wp-content\/plugins\/bb-plugin\/img\/pixel.png\" alt=\"\" onerror=\"this.style.display='none'\" loading=\"lazy\" \/>\n\t<\/figure>\n<figure data-animation-delay=\"0\" data-animation-duration=\"1.3\" itemscope itemtype=\"https:\/\/schema.org\/ImageObject\">\n\t\t\t\t<img decoding=\"async\" src=\"https:\/\/stg-maryland211-staging.kinsta.cloud\/wp-content\/uploads\/2025\/08\/16.png\" alt=\"16\" height=\"1000\" width=\"1000\" title=\"16\" onerror=\"this.style.display='none'\" loading=\"lazy\" \/>\n\t<\/figure>\n\t<p><a href=\"#start\">How kinship works<\/a>\u00a0 \u00a0| <a href=\"#resources\">Get help navigating kinship<\/a>\u00a0| <a href=\"#family\">Family dynamics<\/a><\/p>\n<figure data-animation-delay=\"0\" data-animation-duration=\"1\" itemscope itemtype=\"https:\/\/schema.org\/ImageObject\">\n\t\t\t\t<img decoding=\"async\" src=\"http:\/\/211md.org\/wp-content\/uploads\/2022\/09\/diverse-group-of-children-playing.jpg\" alt=\"vielf\u00e4ltige Gruppe spielender Kinder\" title=\"vielf\u00e4ltige-gruppe-von-spielenden-kindern\" onerror=\"this.style.display='none'\" loading=\"lazy\" \/>\n\t<\/figure>\n\t<h2>How does kinship work?<\/h2>\n<p>Many families are kinship caregivers and don&#8217;t even know it, because it was at the request of the parent due to a serious hardship. So, it&#8217;s an informal and temporary arrangement.<\/p>\n<p>Kinship caregivers provide 24\/7 care in the home of a relative or family by choice (non-relative). This keeps kids connected to their culture and community.<\/p>\n<p>The child may be placed in a caregiver&#8217;s home:<\/p>\n<ul>\n<li>at the request of the local Department of Social Services or<\/li>\n<li>through an informal request from the child&#8217;s parent if they encounter a serious hardship<\/li>\n<\/ul>\n<p>Kinship caregivers partner with the child and their biological parent.<\/p>\n<p>That new relationship can challenge family dynamics and impact the child, parent, and the caregiver&#8217;s family.<\/p>\n<p>While the 24\/7 care is supposed to be temporary, sometimes the kinship caregiver becomes part of the permanent solution by adopting the child or becoming their legal guardian.<\/p>\n<p>Kinship navigators can help caregivers navigate the process and connect them to available resources and benefits. Nationally, kinship caregivers underutilize available benefits, often because they don&#8217;t know they are a kinship caregiver or that resources and benefits exist.<\/p>\n\t\t<h3>Get Kinship Text Messages<\/h3>\n\t\t<p>Sign up for MDKinCares and learn about resources, programs, and get encouraging messages of support.<\/p>\n\t\t\t<a href=\"sms:\/\/898-211;?&#038;body=MDKinCares\"  target=\"_self\">\n\t\t\t\t\t\tSenden Sie MDKinCares eine SMS an 898211\n\t\t\t\t\t<\/a>\n\t\t<h3>Kinship Navigation Help<\/h3>\n\t\t<p>Trina Townsend cared for her niece and nephew when they were teenagers. She thought of herself as an &#8220;aunt&#8221; before learning about the available benefits.<\/p>\n<p>Trina Townsend, now the Kinship Program Specialist, joined the &#8220;What&#8217;s the 211?&#8221; podcast to discuss what it&#8217;s like to be a kinship provider.<\/p>\n<p>She went from being a single-parent family of two to a family of five. She remembers the challenges and concerns, hoping she could financially care for the children while also supporting their needs and those of her sister.<\/p>\n<p>Now educating families and connecting them to support, Trina is a resource for all kinship families.<\/p>\n\t\t\t<a href=\"https:\/\/211md.org\/de\/podcast\/dhs-kinship-caregivers\/\"  target=\"_blank\" rel=\"noopener\">\n\t\t\t\t\t\t\tListen to the podcast\n\t\t\t<\/a>\n\t\t<h3>What Benefits Are Available?<\/h3>\n\t\t<p>Kinship navigators are available to help families navigate assistance programs.<\/p>\n<p>You can dial 211 and get connected to a kinship navigator. They are knowledgeable about kinship benefits and community resources that can offer support.<\/p>\n<p>The child may be eligible for:<\/p>\n<ul>\n<li>Temporary Cash Assistance\/Child Only Grant<\/li>\n<li>food stamps\/Supplemental Nutrition Assistance Program<\/li>\n<li>child care<\/li>\n<li>Krankenversicherung<\/li>\n<li>Versorgungshilfe<\/li>\n<li>Social Security benefits<\/li>\n<\/ul>\n<p>Learn about each of these benefit programs in 211&#8217;s Kinship 101 Guide.<\/p>\n\t\t\t<a href=\"https:\/\/211md.org\/de\/ressourcen\/kinder-familien\/verwandtschaftspflege\/\"  target=\"_blank\" rel=\"noopener\">\n\t\t\t\t\t\t\tLearn About Kinship Benefits\n\t\t\t\t\t<\/a>\n\t\t<figure itemscope itemtype=\"https:\/\/schema.org\/ImageObject\">\n\t\t\t\t<img decoding=\"async\" src=\"http:\/\/211md.org\/wp-content\/uploads\/2025\/08\/2025_MdInfoNet_Icon-Sets_Access-Information.png\" alt=\"information icon\" title=\"2025_MdInfoNet_Icon-Sets_Access-Information\" onerror=\"this.style.display='none'\" loading=\"lazy\" \/>\n\t<\/figure>\n<h2>Information for Kinship Families<\/h2><p>211 Maryland can connect kinship families to information and resources to address essential needs. Dial 211 to talk with someone.<\/p>\n\t\t\t<a href=\"https:\/\/211md.org\/de\/ressourcen\/gehause-unterkunft\/\"  target=\"_self\">\n\t\t\t\t\t\tGeh\u00e4use\n\t\t\t\t\t<\/a>\n\t\t\t<a href=\"https:\/\/211md.org\/de\/ressourcen\/substanzgebrauch\/\"  target=\"_self\">\n\t\t\t\t\t\tEssen\n\t\t\t\t\t<\/a>\n\t\t\t<a href=\"https:\/\/211md.org\/de\/ressourcen\/psychische-gesundheit\/\"  target=\"_self\">\n\t\t\t\t\t\tPsychische Gesundheit\n\t\t\t\t\t<\/a>\n\t\t\t<a href=\"https:\/\/211md.org\/de\/ressourcen\/rechtsberatung\/\"  target=\"_self\">\n\t\t\t\t\t\tRechtliches\n\t\t\t\t\t<\/a>\n\t\t\t<a href=\"https:\/\/211md.org\/de\/ressourcen\/utility-unterstutzung\/\"  target=\"_self\">\n\t\t\t\t\t\tDienstprogramme\n\t\t\t\t\t<\/a>\n\t\t\t<a href=\"https:\/\/211md.org\/de\/ressourcen\/gesundheitswesen\/\"  target=\"_self\">\n\t\t\t\t\t\tGesundheitsvorsorge\n\t\t\t\t\t<\/a>\n<figure itemscope itemtype=\"https:\/\/schema.org\/ImageObject\">\n\t\t\t\t<img decoding=\"async\" src=\"https:\/\/211md.org\/wp-content\/plugins\/bb-plugin\/img\/pixel.png\" alt=\"\" onerror=\"this.style.display='none'\" loading=\"lazy\" \/>\n\t<\/figure>\n<figure data-animation-delay=\"0\" data-animation-duration=\"1\" itemscope itemtype=\"https:\/\/schema.org\/ImageObject\">\n\t\t\t\t<img decoding=\"async\" src=\"http:\/\/211md.org\/wp-content\/uploads\/2025\/10\/two-brothers-talking-about-life-on-couch-with-basketball.jpg\" alt=\"two brothers talking about life\" title=\"zwei Br\u00fcder reden \u00fcber das Leben auf der Couch mit Basketball\" onerror=\"this.style.display='none'\" loading=\"lazy\" \/>\n\t<\/figure>\n\t<h2>Community Resources for Kinship Caregivers<\/h2>\n<p>Kinship caregivers keep children connected to family and culture, so it can be a very positive experience. Connect with resources and support to navigate kinship.<\/p>\n<p>Community organizations throughout Maryland are available to help.<\/p>\n<h3>Virtual and Home Visits<\/h3>\n<p>In Prince George&#8217;s County, you can contact the <a href=\"https:\/\/progressivelifecenter.org\/kinship-care\/\" target=\"_blank\" rel=\"noopener\">Progressives Lebenszentrum<\/a>, a private care organization that provides kinship support. Virtual and home visits are available for emotional support, guidance, and they also provide access to counseling and financial assistance.<\/p>\n<h3>Video training<\/h3>\n<p>Die\u00a0<a href=\"https:\/\/capacity.childwelfare.gov\/states\/topics\/foster-care-permanency\/kinship-care-series\/videos\" target=\"_blank\" rel=\"noopener\">Kooperationszentrum f\u00fcr den Aufbau von Kapazit\u00e4ten f\u00fcr das Wohlergehen von Kindern<\/a> video series helps families learn from others who have overcome kinship challenges for the benefit and well-being of the child.<\/p>\n<p>Die <a href=\"https:\/\/www.aecf.org\/blog\/training-series-coping-with-the-unique-challenges-of-kinship-care\" target=\"_blank\" rel=\"noopener\">Annie E. Casey Foundation<\/a> offers a training series with tips to help with feelings of loss and ambivalence when a relative comes to live with you. The training series also tackles important themes like guilt, hope, and denial.<\/p>\n\t\t<iframe loading=\"lazy\" width=\"560\" height=\"315\" src=\"https:\/\/www.youtube.com\/embed\/DhFC9VbK9l8\" title=\"YouTube-Videoplayer\" frameborder=\"0\" allow=\"accelerometer; autoplay; clipboard-write; encrypted-media; gyroscope; picture-in-picture\" allowfullscreen><\/iframe>\t\n\t\t<iframe loading=\"lazy\" width=\"560\" height=\"315\" src=\"https:\/\/www.youtube.com\/embed\/nmaZ9x-8yf4\" title=\"YouTube-Videoplayer\" frameborder=\"0\" allow=\"accelerometer; autoplay; clipboard-write; encrypted-media; gyroscope; picture-in-picture\" allowfullscreen><\/iframe>\t\n<h2>Festanstellung<\/h2>\n<p>While kinship care is temporary, the placement with a kinship caregiver can last longer than expected. Kinship caregivers should plan for that possibility.<\/p>\n<p>Local kinship navigator can also help to find a path forward, temporarily and permanently, for the child.<\/p>\n<p>If the child is in foster care, the Department of Social Services will work to find a permanent solution. If the child can&#8217;t return to their biological parents, the kinship caregiver can become the permanent legal guardian through adoption, legal custody, or guardianship.<\/p>\n<figure itemscope itemtype=\"https:\/\/schema.org\/ImageObject\">\n\t\t\t\t<img decoding=\"async\" src=\"https:\/\/211md.org\/wp-content\/plugins\/bb-plugin\/img\/pixel.png\" alt=\"\" onerror=\"this.style.display='none'\" loading=\"lazy\" \/>\n\t<\/figure>\n\t\t<figure itemscope itemtype=\"https:\/\/schema.org\/ImageObject\">\n\t\t\t\t<img decoding=\"async\" src=\"https:\/\/211md.org\/wp-content\/uploads\/bb-plugin\/cache\/Call-center-specialst-circle-4e9ecd7b3425be4576416abc911049bb-.jpg\" alt=\"Callcenter-Spezialist\" title=\"Callcenter-Spezialist\" onerror=\"this.style.display='none'\" loading=\"lazy\" \/>\n\t<\/figure>\n<h2>W\u00e4hlen Sie 211<\/h2><p>Sprechen Sie rund um die Uhr mit einer f\u00fcrsorglichen und mitf\u00fchlenden Person. Sie kann Sie auch mit Ressourcen verbinden.\u00a0<\/p>\n\t\t\t<a href=\"tel:%20+211\"  target=\"_blank\" rel=\"noopener\">\n\t\t\t\t\t\tW\u00e4hlen Sie 211 (mobil)\n\t\t\t\t\t<\/a>\n<figure itemscope itemtype=\"https:\/\/schema.org\/ImageObject\">\n\t\t\t\t<img decoding=\"async\" src=\"http:\/\/211md.org\/wp-content\/uploads\/2025\/10\/Dad-texting-on-phone-with-baby-in-hands.jpg\" alt=\"Papa schreibt SMS mit Baby in den H\u00e4nden\" title=\"Papa schreibt SMS mit Baby in den H\u00e4nden\" onerror=\"this.style.display='none'\" loading=\"lazy\" \/>\n\t<\/figure>\n<h2><strong>Navigating Challenges: Family Dynamics<\/strong><\/h2>\n<p>Depending on the circumstances leading up to the temporary living arrangement, kinship may challenge family dynamics.<\/p>\n<p>This can include the child, kinship caregiver, and biological parent(s).<\/p>\n<ul>\n<li>The child may need support managing stress or help to heal from trauma.<\/li>\n<li>The living arrangement can interrupt the caregiver&#8217;s plans, priorities, and privacy.<\/li>\n<li>Die Eltern und Betreuer m\u00fcssen sich m\u00f6glicherweise herausfordernden Gef\u00fchlen wie Schuld, Scham, Wut, Misstrauen, Groll und Verlust stellen.<\/li>\n<\/ul>\n<p>It can also erode trust within the family. The biological parent may have to earn back the relative&#8217;s trust to once again care for the child.<\/p>\n<p>Both the parent and kinship caregiver may also find it challenging to respect boundaries, as these are new or have changed.<\/p>\n<p>The caregiver should help the parent find the support they need to heal, with the ultimate goal of returning the child to the parent&#8217;s care when possible.<\/p>\n\t<h3>What can you do?<\/h3>\n<p>As the kinship caregiver, you should be prepared to help the parent get the therapy, counseling, or support they need.<\/p>\n<p>Die Eltern und Angeh\u00f6rigen werden ermutigt:<\/p>\n<ul>\n<li>H\u00f6ren Sie zu und unterst\u00fctzen Sie sich gegenseitig.<\/li>\n<li>Seien Sie ehrlich in Bezug auf Bed\u00fcrfnisse und Bedenken.<\/li>\n<li>Zeigen Sie Empathie f\u00fcr die Herausforderungen des anderen.<\/li>\n<li>Erkennen Sie Schwierigkeiten f\u00fcr alle Beteiligten an.<\/li>\n<\/ul>\n<p>Also, dial 211 and talk to a trained professional who can help connect you to kinship resources and community support.<\/p>\n<h2>\n\t\t\tOther Resources for Kinship Families\t<\/h2>\n\t\t<figure itemscope itemtype=\"https:\/\/schema.org\/ImageObject\">\n\t\t\t\t<a href=\"https:\/\/search.211md.org\/\" target=\"_blank\" rel=\"noopener\" itemprop=\"url\">\n\t\t\t\t<img decoding=\"async\" src=\"https:\/\/stg-maryland211-staging.kinsta.cloud\/wp-content\/uploads\/2025\/08\/2025_MdInfoNet_Icon-Sets-white_Locate.png\" alt=\"\" onerror=\"this.style.display='none'\" loading=\"lazy\" \/>\n\t\t\t\t<\/a>\n\t<\/figure>\n<h2><a href=\"https:\/\/search.211md.org\/\" target=\"_blank\" rel=\"noopener\">Jetzt Ressourcen finden<\/a><\/h2><p>Finden <strong>Community-Ressourcen <\/strong>f\u00fcr Lebensmittel, Gesundheitsversorgung, Unterkunft und mehr in unserer Datenbank. Suche nach Postleitzahl.<\/p>\n\t\t\t<a href=\"https:\/\/search.211md.org\/\" target=\"_blank\" rel=\"noopener\">\n\t\t\t\t\t\t\tJetzt suchen\n\t\t\t<\/a>\n\t\t<h4><a href=\"\/de\/ressourcen\/alterungsbehinderung\/?utm_source=Home&#038;utm_medium=Referral&#038;utm_campaign=211Resources&#038;utm_content=Aging\" target=\"_self\">Alter &amp; Behinderung<\/a><\/h4><figure itemscope itemtype=\"https:\/\/schema.org\/ImageObject\">\n\t\t\t\t<a href=\"\/de\/ressourcen\/alterungsbehinderung\/?utm_source=Home&#038;utm_medium=Referral&#038;utm_campaign=211Resources&#038;utm_content=Aging\"  target=\"_self\" itemprop=\"url\">\n\t\t\t\t<img decoding=\"async\" src=\"https:\/\/211md.org\/wp-content\/uploads\/bb-plugin\/cache\/2025_MdInfoNet_Icon-Sets_Aging-disability-square-c466727102cae71e5f27b8539bb51945-.png\" alt=\"\" onerror=\"this.style.display='none'\" loading=\"lazy\" \/>\n\t\t\t\t<\/a>\n\t<\/figure>\n\t\t<h4><a href=\"\/de\/ressourcen\/kinder-familien\/?utm_source=Home&#038;utm_medium=Referral&#038;utm_campaign=211Resources&#038;utm_content=Children\" target=\"_self\">Kinder &amp; Familien<\/a><\/h4><figure itemscope itemtype=\"https:\/\/schema.org\/ImageObject\">\n\t\t\t\t<a href=\"\/de\/ressourcen\/kinder-familien\/?utm_source=Home&#038;utm_medium=Referral&#038;utm_campaign=211Resources&#038;utm_content=Children\"  target=\"_self\" itemprop=\"url\">\n\t\t\t\t<img decoding=\"async\" src=\"https:\/\/211md.org\/wp-content\/uploads\/bb-plugin\/cache\/2025_211_Icon-Sets_Child-care-square-f3b0d4edab3dcc467fadb5f55f4064c6-.png\" alt=\"parent and child icon for child care\" height=\"417\" width=\"417\" title=\"2025_211_Icon Sets_Kinderbetreuung\" onerror=\"this.style.display='none'\" loading=\"lazy\" \/>\n\t\t\t\t<\/a>\n\t<\/figure>\n\t\t<h4><a href=\"\/de\/ressourcen\/hausliche-familiare-gewalt\/?utm_source=Home&#038;utm_medium=Referral&#038;utm_campaign=211Resources&#038;utm_content=Domestic\" target=\"_self\">H\u00e4usliche Gewalt<\/a><\/h4><figure itemscope itemtype=\"https:\/\/schema.org\/ImageObject\">\n\t\t\t\t<a href=\"\/de\/ressourcen\/hausliche-familiare-gewalt\/?utm_source=Home&#038;utm_medium=Referral&#038;utm_campaign=211Resources&#038;utm_content=Domestic\"  target=\"_self\" itemprop=\"url\">\n\t\t\t\t<img decoding=\"async\" src=\"https:\/\/211md.org\/wp-content\/uploads\/bb-plugin\/cache\/2025_211_Icon-Sets_Domestic-Violence-square-7b597694a6f05fe90cdc376aa573bc63-.png\" alt=\"House with a heart in the middle icon\" height=\"417\" width=\"417\" title=\"2025_211_Icon Sets_H\u00e4usliche Gewalt\" onerror=\"this.style.display='none'\" loading=\"lazy\" \/>\n\t\t\t\t<\/a>\n\t<\/figure>\n\t\t<h4><a href=\"\/de\/ressourcen\/arbeitssuche\/?utm_source=Home&#038;utm_medium=Referral&#038;utm_campaign=211Resources&#038;utm_content=Employment\" target=\"_self\">Besch\u00e4ftigung<\/a><\/h4><figure itemscope itemtype=\"https:\/\/schema.org\/ImageObject\">\n\t\t\t\t<a href=\"\/de\/ressourcen\/arbeitssuche\/?utm_source=Home&#038;utm_medium=Referral&#038;utm_campaign=211Resources&#038;utm_content=Employment\"  target=\"_self\" itemprop=\"url\">\n\t\t\t\t<img decoding=\"async\" src=\"https:\/\/211md.org\/wp-content\/uploads\/bb-plugin\/cache\/2025_MdInfoNet_Icon-Sets_Employment-square-44707bd410e4df10a470bf130ebcea86-.png\" alt=\"\" onerror=\"this.style.display='none'\" loading=\"lazy\" \/>\n\t\t\t\t<\/a>\n\t<\/figure>\n\t\t<h4><a href=\"\/de\/ressourcen\/gesundheitswesen\/?utm_source=Home&#038;utm_medium=Referral&#038;utm_campaign=211Resources&#038;utm_content=Health%20Care\" target=\"_self\">Gesundheitsvorsorge<\/a><\/h4><figure itemscope itemtype=\"https:\/\/schema.org\/ImageObject\">\n\t\t\t\t<a href=\"\/de\/ressourcen\/gesundheitswesen\/?utm_source=Home&#038;utm_medium=Referral&#038;utm_campaign=211Resources&#038;utm_content=Health%20Care\"  target=\"_self\" itemprop=\"url\">\n\t\t\t\t<img decoding=\"async\" src=\"https:\/\/211md.org\/wp-content\/uploads\/bb-plugin\/cache\/2025_MdInfoNet_Icon-Sets_Health-Care-square-dee98a0060cbe0e7f27eda253fc12679-.png\" alt=\"\" onerror=\"this.style.display='none'\" loading=\"lazy\" \/>\n\t\t\t\t<\/a>\n\t<\/figure>\n\t\t<h4><a href=\"\/de\/ressourcen\/kinder-familien\/verwandtschaftspflege\/?utm_source=Home&#038;utm_medium=Referral&#038;utm_campaign=211Resources&#038;utm_content=Kinship\" target=\"_self\">Verwandtschaft<\/a><\/h4><figure itemscope itemtype=\"https:\/\/schema.org\/ImageObject\">\n\t\t\t\t<a href=\"\/de\/ressourcen\/kinder-familien\/verwandtschaftspflege\/?utm_source=Home&#038;utm_medium=Referral&#038;utm_campaign=211Resources&#038;utm_content=Kinship\"  target=\"_self\" itemprop=\"url\">\n\t\t\t\t<img decoding=\"async\" src=\"https:\/\/211md.org\/wp-content\/uploads\/bb-plugin\/cache\/2025_211_Icon-Sets_Kinship-square-45bdf872866f5735f842c32071109267-.png\" alt=\"Verwandtschaftssymbol\" height=\"417\" width=\"417\" title=\"2025_211_Icon Sets_Verwandtschaft\" onerror=\"this.style.display='none'\" loading=\"lazy\" \/>\n\t\t\t\t<\/a>\n\t<\/figure>\n\t\t<h4><a href=\"\/de\/ressourcen\/rechtsberatung\/?utm_source=Home&#038;utm_medium=Referral&#038;utm_campaign=211Resources&#038;utm_content=Legal\" target=\"_self\">Rechtsberatung<\/a><\/h4><figure itemscope itemtype=\"https:\/\/schema.org\/ImageObject\">\n\t\t\t\t<a href=\"\/de\/ressourcen\/rechtsberatung\/?utm_source=Home&#038;utm_medium=Referral&#038;utm_campaign=211Resources&#038;utm_content=Legal\"  target=\"_self\" itemprop=\"url\">\n\t\t\t\t<img decoding=\"async\" src=\"https:\/\/211md.org\/wp-content\/uploads\/bb-plugin\/cache\/2025_MdInfoNet_Icon-Sets_Legal-square-18fdf438feb8435588174d9046463257-.png\" alt=\"\" onerror=\"this.style.display='none'\" loading=\"lazy\" \/>\n\t\t\t\t<\/a>\n\t<\/figure>\n\t\t<h4><a href=\"\/de\/ressourcen\/psychische-gesundheit\/?utm_source=Home&#038;utm_medium=Referral&#038;utm_campaign=211Resources&#038;utm_content=Mental\" target=\"_self\">Psychische Gesundheit<\/a><\/h4><figure itemscope itemtype=\"https:\/\/schema.org\/ImageObject\">\n\t\t\t\t<a href=\"\/de\/ressourcen\/psychische-gesundheit\/?utm_source=Home&#038;utm_medium=Referral&#038;utm_campaign=211Resources&#038;utm_content=Mental\"  target=\"_self\" itemprop=\"url\">\n\t\t\t\t<img decoding=\"async\" src=\"https:\/\/211md.org\/wp-content\/uploads\/bb-plugin\/cache\/2025_MdInfoNet_Icon-Sets_Mental-Health-square-c59b38c4a993a947d4c9280fbe2d2fee-.png\" alt=\"\" onerror=\"this.style.display='none'\" loading=\"lazy\" \/>\n\t\t\t\t<\/a>\n\t<\/figure>\n\t\t<h4><a href=\"\/de\/ressourcen\/mdreentry\/?utm_source=Home&#038;utm_medium=Referral&#038;utm_campaign=211Resources&#038;utm_content=Reentry\" target=\"_self\">Wiedereintritt<\/a><\/h4><figure itemscope itemtype=\"https:\/\/schema.org\/ImageObject\">\n\t\t\t\t<a href=\"\/de\/ressourcen\/mdreentry\/?utm_source=Home&#038;utm_medium=Referral&#038;utm_campaign=211Resources&#038;utm_content=Reentry\"  target=\"_self\" itemprop=\"url\">\n\t\t\t\t<img decoding=\"async\" src=\"https:\/\/211md.org\/wp-content\/uploads\/bb-plugin\/cache\/2025_211_Icon-Sets_Reentry-square-8676fea38abd920a832f45642fe31cca-.png\" alt=\"Symbol \u201eWiedereintritt\u201c\" height=\"417\" width=\"417\" title=\"2025_211_Icon Sets_Wiedereintritt\" onerror=\"this.style.display='none'\" loading=\"lazy\" \/>\n\t\t\t\t<\/a>\n\t<\/figure>\n\t\t<h4><a href=\"\/de\/ressourcen\/substanzgebrauch\/?utm_source=Home&#038;utm_medium=Referral&#038;utm_campaign=211Resources&#038;utm_content=Substance\" target=\"_self\">Substanzgebrauch<\/a><\/h4><figure itemscope itemtype=\"https:\/\/schema.org\/ImageObject\">\n\t\t\t\t<a href=\"\/de\/ressourcen\/substanzgebrauch\/?utm_source=Home&#038;utm_medium=Referral&#038;utm_campaign=211Resources&#038;utm_content=Substance\"  target=\"_self\" itemprop=\"url\">\n\t\t\t\t<img decoding=\"async\" src=\"https:\/\/211md.org\/wp-content\/uploads\/bb-plugin\/cache\/2025_MdInfoNet_Icon-Sets_Substance-Abuse-square-9022fec9d18a64118ad685c101885b55-.png\" alt=\"\" onerror=\"this.style.display='none'\" loading=\"lazy\" \/>\n\t\t\t\t<\/a>\n\t<\/figure>\n\t\t<h4><a href=\"\/de\/ressourcen\/veteranen\/?utm_source=Home&#038;utm_medium=Referral&#038;utm_campaign=211Resources&#038;utm_content=Veterans\" target=\"_self\">Veteranen<\/a><\/h4><figure itemscope itemtype=\"https:\/\/schema.org\/ImageObject\">\n\t\t\t\t<a href=\"\/de\/ressourcen\/veteranen\/?utm_source=Home&#038;utm_medium=Referral&#038;utm_campaign=211Resources&#038;utm_content=Veterans\"  target=\"_self\" itemprop=\"url\">\n\t\t\t\t<img decoding=\"async\" src=\"https:\/\/211md.org\/wp-content\/uploads\/bb-plugin\/cache\/2025_MdInfoNet_Icon-Sets_Rating-square-6e60d00cce4faa8e0a6d4ad7366aa733-.png\" alt=\"\" onerror=\"this.style.display='none'\" loading=\"lazy\" \/>\n\t\t\t\t<\/a>\n\t<\/figure>","protected":false},"excerpt":{"rendered":"<p>Kinship care provides stability, safety, and support for children in a familiar environment. In Maryland, kinship navigation services can help families access benefits and support and manage any challenges. Search for kinship navigation programs, or continue reading about ways to get support. Search for kinship navigation programs How kinship works\u00a0 \u00a0| Get help navigating kinship\u00a0|&hellip;<\/p>","protected":false},"author":7,"featured_media":3226,"parent":839,"menu_order":0,"comment_status":"closed","ping_status":"closed","template":"","meta":{"footnotes":""},"class_list":["post-3228","page","type-page","status-publish","has-post-thumbnail","hentry"],"_links":{"self":[{"href":"https:\/\/211md.org\/de\/wp-json\/wp\/v2\/pages\/3228","targetHints":{"allow":["GET"]}}],"collection":[{"href":"https:\/\/211md.org\/de\/wp-json\/wp\/v2\/pages"}],"about":[{"href":"https:\/\/211md.org\/de\/wp-json\/wp\/v2\/types\/page"}],"author":[{"embeddable":true,"href":"https:\/\/211md.org\/de\/wp-json\/wp\/v2\/users\/7"}],"replies":[{"embeddable":true,"href":"https:\/\/211md.org\/de\/wp-json\/wp\/v2\/comments?post=3228"}],"version-history":[{"count":2,"href":"https:\/\/211md.org\/de\/wp-json\/wp\/v2\/pages\/3228\/revisions"}],"predecessor-version":[{"id":33980,"href":"https:\/\/211md.org\/de\/wp-json\/wp\/v2\/pages\/3228\/revisions\/33980"}],"up":[{"embeddable":true,"href":"https:\/\/211md.org\/de\/wp-json\/wp\/v2\/pages\/839"}],"wp:featuredmedia":[{"embeddable":true,"href":"https:\/\/211md.org\/de\/wp-json\/wp\/v2\/media\/3226"}],"wp:attachment":[{"href":"https:\/\/211md.org\/de\/wp-json\/wp\/v2\/media?parent=3228"}],"curies":[{"name":"wp","href":"https:\/\/api.w.org\/{rel}","templated":true}]}}