{"id":3547,"date":"2022-12-08T16:52:55","date_gmt":"2022-12-08T21:52:55","guid":{"rendered":"https:\/\/211md.org\/?page_id=3547"},"modified":"2026-02-02T08:38:51","modified_gmt":"2026-02-02T13:38:51","slug":"bedingungen","status":"publish","type":"page","link":"https:\/\/211md.org\/de\/terms\/","title":{"rendered":"Nutzungsbedingungen"},"content":{"rendered":"<p><strong>G\u00fcltig ab 29. April 2022<\/strong><\/p>\n<p>WICHTIG \u2013 DIES IST EINE RECHTLICHE VEREINBARUNG ZWISCHEN IHNEN (im Folgenden als \u201eSie\u201c oder \u201eBenutzer\u201c oder mit \u201eIhrem\u201c bezeichnet) UND DEM MARYLAND INFORMATION NETWORK 2-1-1 MARYLAND, INC. (im Folgenden als \u201e211MD\u201c bezeichnet), DIE ANWENDET JEDES MAL, WENN SIE DIE WEBSITE VON 211MD UNTER www.211md.org UND ALLE ANDEREN ONLINE-EIGENSCHAFTEN, DIE VON ZEIT ZU ZEIT VON 211MD KONTROLLIERT ODER BETREIBEN WERDEN, NUTZEN ODER ZUGRIFFEN (im Folgenden zusammenfassend als \u201eWebsite\u201c bezeichnet). SIE SOLLTEN DAHER DIE FOLGENDEN GESCH\u00c4FTSBEDINGUNGEN, DIE IN DIESER NUTZUNGSVEREINBARUNG (\u201eNutzungsbedingungen\u201c) ENTHALTEN sind, SORGF\u00c4LTIG LESEN, DA SIE IHRE NUTZUNG DER WEBSITE REGELN. Wenn Sie diesen Nutzungsbedingungen nicht zustimmen, ist es Ihnen nicht gestattet, die Website zu nutzen oder anderweitig darauf zuzugreifen.<\/p>\n<p><strong>1. INHALT.<\/strong>&nbsp;Die Website ist kein Ersatz f\u00fcr professionelle medizinische Beratung, professionelle medizinische oder juristische Dienstleistungen oder polizeiliche Durchsetzung. Wenn Sie denken, dass Sie einen Notfall erleben, rufen Sie sofort 911 an.<\/p>\n<p><strong>2. LIZENZGEW\u00c4HRUNG.<\/strong>&nbsp;Die Website ist Eigentum von 211MD und wird von 211MD zur Verf\u00fcgung gestellt, und diese Nutzungsbedingungen bieten Ihnen eine pers\u00f6nliche, widerrufliche, beschr\u00e4nkte, nicht ausschlie\u00dfliche, nicht \u00fcbertragbare und nicht unterlizenzierbare Lizenz zur Nutzung der Website unter der Bedingung, dass Sie diese Nutzungsbedingungen weiterhin einhalten. Sie d\u00fcrfen Materialien und Informationen von der Website ausschlie\u00dflich f\u00fcr Ihren pers\u00f6nlichen Gebrauch und nur zu Bildungszwecken ausdrucken und herunterladen, vorausgesetzt, dass alle Ausdrucke alle Urheberrechts- und anderen anwendbaren Hinweise enthalten, die in diesen Materialien und Informationen enthalten sind, und dass Sie diese nicht weiter verteilen oder offenlegen Materialien und Informationen. Sie d\u00fcrfen die Website oder Materialien \u00fcber die Website nicht f\u00fcr nicht autorisierte Zwecke, einschlie\u00dflich, aber nicht beschr\u00e4nkt auf kommerzielle Zwecke, aufrufen oder verwenden.<\/p>\n<p><strong>3. EINSCHR\u00c4NKUNGEN DER LIZENZGEW\u00c4HRUNG.<\/strong>&nbsp;Diese Nutzungsbedingungen sind nur eine Lizenz und keine Abtretung oder Verkauf. 211MD \u00fcbertr\u00e4gt kein Eigentum oder geistige Eigentumsrechte oder Titel an und auf die Website an Sie oder andere Personen. Dar\u00fcber hinaus beh\u00e4lt sich 211MD alle Rechte vor, die nicht ausdr\u00fccklich durch diese Nutzungsbedingungen gew\u00e4hrt werden. Dementsprechend d\u00fcrfen Sie keine Eigentumshinweise oder -bezeichnungen \u00e4ndern, \u00fcbersetzen, dekompilieren, abgeleitete Werke erstellen, kopieren, verteilen, disassemblieren, senden, \u00fcbertragen, ver\u00f6ffentlichen, entfernen oder \u00e4ndern, lizenzieren, unterlizenzieren, \u00fcbertragen, verkaufen, spiegeln , Framen, Verwerten, Vermieten, Verleasen, Private Label, Gew\u00e4hren eines Sicherheitsinteresses an oder anderweitiges Verwenden der Website in einer hierin nicht ausdr\u00fccklich erlaubten Weise. Dar\u00fcber hinaus d\u00fcrfen Sie Kopien von Materialien der Website, Bilder und Grafiken nicht getrennt vom begleitenden Text modifizieren oder Urheberrechts-, Marken- oder Eigentumsrechtsvermerke von Kopien von Materialien l\u00f6schen oder \u00e4ndern.<\/p>\n<p><strong>4. VERPFLICHTUNGEN DES BENUTZERS.<\/strong>&nbsp;Durch den Zugriff auf oder die Nutzung der Website versichern und garantieren Sie, dass Sie mindestens achtzehn (18) Jahre alt sind (oder das gesetzliche Vollj\u00e4hrigkeitsalter erreicht haben, je nachdem, was h\u00f6her ist) und jederzeit wahre, genaue, aktuelle und vollst\u00e4ndige Informationen, wenn Sie Informationen oder Materialien auf oder \u00fcber die Website \u00fcbermitteln, einschlie\u00dflich, aber nicht beschr\u00e4nkt auf, wenn Sie Informationen \u00fcber ein Website-\u00dcbermittlungsformular bereitstellen. Dar\u00fcber hinaus erkl\u00e4ren Sie sich damit einverstanden, alle geltenden lokalen, staatlichen, nationalen und internationalen Gesetze und Vorschriften in Bezug auf Ihre Nutzung der Website einzuhalten. Sie erkennen auch an und stimmen zu, dass die Nutzung des Internets ausschlie\u00dflich auf Ihr eigenes Risiko erfolgt.<\/p>\n<p><strong>5. KONTO.<\/strong>&nbsp;F\u00fcr die Registrierung eines Kontos zur Nutzung kontobeschr\u00e4nkter Bereiche oder Tools der Website sind m\u00f6glicherweise Zugangsdaten wie eine E-Mail-Adresse, ein Benutzername, eine Telefonnummer oder ein Passwort oder die Einhaltung anderer besonderer Zugangsanforderungen erforderlich, die von 211MD nach eigenem Ermessen festgelegt werden von Zeit zu Zeit. Sie stimmen hiermit zu, Ihre Zugangsdaten als vertrauliche Informationen zu betrachten und zu behandeln und stimmen zu, dass Ihr Konto f\u00fcr Sie pers\u00f6nlich ist und Sie die Kontoinformationen keiner anderen Person zug\u00e4nglich machen. Sie m\u00fcssen 211MD unverz\u00fcglich benachrichtigen, wenn Sie einen Verlust oder Diebstahl oder eine unbefugte Nutzung Ihrer Zugangsdaten vermuten oder davon Kenntnis erlangen. 211MD hat das Recht, nach eigenem Ermessen Benutzernamen, Passw\u00f6rter oder andere Kennungen zu deaktivieren, wenn Sie nach Ansicht von 211MD gegen eine Bestimmung dieser Nutzungsbedingungen versto\u00dfen haben oder aus irgendeinem Grund oder ohne Grund.<\/p>\n<p><strong>6. NUTZERBEITR\u00c4GE. T<\/strong>Die Website kann interaktive Funktionen enthalten, die es Ihnen erm\u00f6glichen, Inhalte auf oder \u00fcber die Website einzureichen, zu ver\u00f6ffentlichen oder an andere Benutzer zu \u00fcbertragen (\u201eBenutzerbeitr\u00e4ge\u201c). Durch die Ver\u00f6ffentlichung eines Benutzerbeitrags auf der Website gew\u00e4hren Sie 211D das Recht, jeden Teil des gesamten Benutzerbeitrags zu verwenden, zu reproduzieren, zu \u00e4ndern, anzuzeigen und auf andere Weise an Dritte zu \u00fcbertragen oder offenzulegen. Durch das Posten eines Benutzerbeitrags garantieren Sie, dass Sie alle Rechte an dem Benutzerbeitrag besitzen und dass der Benutzerbeitrag diesen Nutzungsbedingungen entspricht. 211MD haftet Ihnen oder einer anderen Partei gegen\u00fcber nicht f\u00fcr den Inhalt oder die Richtigkeit der von Ihnen oder einem anderen Benutzer der Website geposteten Benutzerbeitr\u00e4ge. 211MD beh\u00e4lt sich au\u00dferdem das Recht vor, Benutzerbeitr\u00e4ge ohne Angabe von Gr\u00fcnden zu entfernen oder deren Ver\u00f6ffentlichung zu verweigern.<\/p>\n<p><strong>7. EIGENTUMSRECHTE.<\/strong>&nbsp;Die Website ist Eigentum von The Maryland Information Network 2-1-1 Maryland, Inc. Copyright 2021-2022 \u00a9 211 Maryland und\/oder seine Lizenzgeber. Alle Rechte vorbehalten. Alle herunterladbaren oder druckbaren Informationen oder Materialien, die \u00fcber die Website verf\u00fcgbar sind, sind, sofern nicht anders angegeben, Eigentum von 211MD und\/oder seinen Lizenzgebern. 211 MARYLAND, 2-1-1 MD, Maryland Information Network und alle anderen Namen, Logos und Symbole, die 211MD und seine Dienste identifizieren, sind gesch\u00fctzte Marken von 211MD, und jede Verwendung dieser Marken ohne die ausdr\u00fcckliche schriftliche Genehmigung von 211MD ist strengstens untersagt. Andere erw\u00e4hnte Dienstleistungen, Produkte oder Firmennamen k\u00f6nnen Warenzeichen und\/oder Dienstleistungsmarken ihrer jeweiligen Eigent\u00fcmer sein.<\/p>\n<p><strong>8. SONSTIGE GESCH\u00c4FTSBEDINGUNGEN.<\/strong>&nbsp;Zus\u00e4tzliche Hinweise, Gesch\u00e4ftsbedingungen k\u00f6nnen f\u00fcr digitale Abonnements, Teilnahme an Umfragen, Zahlung, SMS (Short Message Service)-Kommunikation oder Teilnahme an einem Programm oder einer Veranstaltung (sofern zutreffend) gelten. Sie erkl\u00e4ren sich damit einverstanden, sich an solche anderen Hinweise, Bedingungen und Konditionen zu halten, sofern zutreffend. Wenn es einen Konflikt zwischen diesen Nutzungsbedingungen und diesen zus\u00e4tzlichen Hinweisen, Bedingungen und Bedingungen gibt, wird 211MD jeden Konflikt nach Treu und Glauben nach eigenem Ermessen l\u00f6sen, aber die letzteren Bedingungen haben im Allgemeinen Vorrang in Bezug auf ihren jeweiligen Gegenstand.<\/p>\n<p><strong>9. R\u00dcCKMELDUNG.<\/strong>&nbsp;211MD freut sich \u00fcber Ihr Feedback und Ihre Vorschl\u00e4ge zu den Dienstleistungen von 211MD oder zur Verbesserung der Website. Durch die \u00dcbermittlung von Vorschl\u00e4gen, Informationen, Materialien oder anderen Inhalten (zusammen \u201eFeedback\u201c) an 211MD erkl\u00e4ren und garantieren Sie, dass Sie alle Rechte an diesem Feedback besitzen und dass das Feedback nicht die Rechte Dritter verletzt oder verletzt. Dar\u00fcber hinaus gew\u00e4hrt die \u00dcbermittlung von Feedback 211MD eine unwiderrufliche, unbefristete und geb\u00fchrenfreie Lizenz, dieses Feedback auf beliebige Weise, f\u00fcr jeden Zweck und in jedem Medium zur F\u00f6rderung der Mission von 211MD zu nutzen.<\/p>\n<p><strong>10. DATENSCHUTZERKL\u00c4RUNG.<\/strong>&nbsp;Bitte sehen&nbsp;<a href=\"https:\/\/211md.org\/de\/datenschutz-bestimmungen\/#privacy\" target=\"_blank\" rel=\"noopener\">Datenschutzrichtlinie von 211MD<\/a>&nbsp;Hier finden Sie eine Zusammenfassung der Erhebungs- und Nutzungspraktiken von 211MD f\u00fcr personenbezogene Daten. Sie erkennen au\u00dferdem an und stimmen zu, dass 211MD zus\u00e4tzlich zu den in der Datenschutzrichtlinie genannten Informationen im Rahmen seines #MDStopHate-Meldedienstes f\u00fcr Hassverbrechen oder im Rahmen anderer 211MD-Meldedienste Dritter identifizierende Informationen \u00fcber Sie an Beh\u00f6rden senden kann.<\/p>\n<p><strong>11. LINKS ZU ANDEREN SEITEN.<\/strong>&nbsp;211MD kann nach eigenem Ermessen Links zu anderen Websites von Drittanbietern bereitstellen oder Zugriff auf eine oder mehrere Seiten von Drittanbietern auf einer oder mehreren Social-Media-Plattformen gew\u00e4hren. Solche anderen Websites oder Seiten, einschlie\u00dflich Social-Media-Plattformen, werden von Dritten unterhalten, \u00fcber die 211MD keine Kontrolle aus\u00fcbt. Diese Links implizieren keine Billigung in Bezug auf Dritte oder die von Dritten bereitgestellten Informationen, Produkte oder Dienstleistungen, es sei denn, 211MD gibt ausdr\u00fccklich etwas anderes an.<\/p>\n<p><strong>12. HAFTUNGSAUSSCHLUSS.<\/strong>&nbsp;DIE WEBSITE WIRD \u201eWIE BESEHEN\u201c UND \u201eWIE VERF\u00dcGBAR\u201c ZUR VERF\u00dcGUNG GESTELLT UND KANN FEHLER, AUSLASSUNGEN ODER ANDERE UNGENAUIGKEITEN ENTHALTEN. 211MD LEHNT AUSDR\u00dcCKLICH ALLE AUSDR\u00dcCKLICHEN ODER STILLSCHWEIGENDEN GEW\u00c4HRLEISTUNGEN AB, EINSCHLIESSLICH, OHNE BESCHR\u00c4NKUNG, JEGLICHE GEW\u00c4HRLEISTUNG DER MARKTG\u00c4NGIGKEIT, EIGNUNG F\u00dcR EINEN BESTIMMTEN ZWECK ODER NICHTVERLETZUNG.<\/p>\n<p><strong>13. HAFTUNGSBESCHR\u00c4NKUNG.<\/strong>&nbsp;Im gr\u00f6\u00dftm\u00f6glichen gesetzlich vorgesehenen Umfang stellen Sie 211MD ausdr\u00fccklich von jeglichen Schadensanspr\u00fcchen frei, die sich aus einer Ursache ergeben, die au\u00dferhalb der Kontrolle von 211MD liegt. Dar\u00fcber hinaus ist 211MD in keinem Fall haftbar f\u00fcr indirekte, strafende, zuf\u00e4llige, besondere oder Folgesch\u00e4den, die sich aus der Nutzung der Website oder aus der Verz\u00f6gerung oder Unm\u00f6glichkeit der Nutzung der Website ergeben oder damit in Zusammenhang stehen, selbst wenn 211MD WURDE AUF DIE M\u00d6GLICHKEIT SOLCHER SCH\u00c4DEN HINGEWIESEN. Ungeachtet des Vorstehenden besteht die gesamte Haftung von 211MD f\u00fcr einen Versto\u00df gegen diese Nutzungsbedingungen in der Einstellung der Nutzung der Website und aus jedem anderen Grund im Zusammenhang mit Ihrer Nutzung der Website f\u00fcr einen Betrag von h\u00f6chstens einhundert ($100) Dollar.<\/p>\n<p>EINIGE GERICHTSBARKEITEN ERLAUBEN DEN HAFTUNGSAUSSCHLUSS, DEN AUSSCHLUSS ODER DIE BESCHR\u00c4NKUNG BESTIMMTER GEW\u00c4HRLEISTUNGEN, BEDINGUNGEN, HAFTUNG UND SCH\u00c4DEN NICHT UND DEMENTSPRECHEND GELTEN EINIGE DER OBEN GENANNTEN HAFTUNGSAUSSCHL\u00dcSSE UND EINSCHR\u00c4NKUNGEN M\u00d6GLICHERWEISE NICHT F\u00dcR SIE. IN DIESEN GERICHTSBARKEITEN IST DIE HAFTUNG VON 211MD AUF DEN VOLLST\u00c4NDIGEN UMFANG BESCHR\u00c4NKT, DER NACH ANWENDBAREM RECHT ZUL\u00c4SSIG IST.<\/p>\n<p><strong>14. DURCHF\u00dcHRUNG DER SICHERHEIT.<\/strong>&nbsp;Sie d\u00fcrfen die Website oder die Daten, Systeme, Netzwerke oder Dienste von 211MD nicht dazu nutzen, illegales, missbr\u00e4uchliches oder unverantwortliches Verhalten zu begehen, zu f\u00f6rdern oder zu f\u00f6rdern, einschlie\u00dflich, aber nicht beschr\u00e4nkt auf den Zugriff auf oder die Nutzung der Daten, Systeme oder Netzwerke von 211MD in einem unbefugte Weise, der Versuch, die Schwachstellen des Systems oder Netzwerks von 211MD zu untersuchen, zu scannen oder zu testen, die Umgehung von Sicherheits- oder Authentifizierungsma\u00dfnahmen, die \u00dcberwachung von Daten oder Datenverkehr, die St\u00f6rung von Diensten, das Sammeln oder Verwenden von E-Mail-Adressen oder anderen Identifikatoren auf der Website, das Sammeln oder die Verwendung von Informationen der Website ohne die Zustimmung von 211MD (hier oder anderweitig), die Verwendung falscher, irref\u00fchrender oder irref\u00fchrender TCP-IP-Paket-Header-Informationen, die Nutzung der Website zur Verbreitung von Software oder Tools zum Sammeln von Informationen, die Verbreitung von Werbung oder die Teilnahme an anderen Aktivit\u00e4ten Verhalten, das wahrscheinlich zu Vergeltungsma\u00dfnahmen gegen 211MD oder seine Daten, Systeme oder sein Netzwerk f\u00fchrt. Die tats\u00e4chliche oder versuchte unbefugte Nutzung der Website kann straf- und\/oder zivilrechtlich verfolgt werden, einschlie\u00dflich, aber nicht beschr\u00e4nkt auf, Strafen nach dem Computer Fraud and Abuse Act von 1986 nach US-Bundesrecht. 211MD beh\u00e4lt sich das Recht vor, Aktivit\u00e4ten auf der Website anzuzeigen, zu \u00fcberwachen und\/oder aufzuzeichnen, um die Sicherheit der Website zu gew\u00e4hrleisten. Solche aufgezeichneten Aktivit\u00e4ten unterliegen der \u00dcberpr\u00fcfung durch Strafverfolgungsbeh\u00f6rden. 211MD wird au\u00dferdem allen Gerichtsbeschl\u00fcssen oder Vorladungen nachkommen, die Informationsanfragen beinhalten. 211MD beh\u00e4lt sich das Recht vor, jederzeit den Betrieb oder den Zugriff auf die Website oder einen Teil der Website auszusetzen oder zu beenden.<\/p>\n<strong>15. Unterlassungsanspruch.<\/strong>&nbsp;Sie stimmen zu, dass 211MD zus\u00e4tzlich zu anderen verf\u00fcgbaren Rechtsmitteln berechtigt ist, eine einstweilige Verf\u00fcgung oder einen anderen angemessenen Rechtsbehelf von einem zust\u00e4ndigen Gericht zu beantragen und zugesprochen zu bekommen, um jede drohende oder tats\u00e4chliche Verletzung Ihrer Verpflichtungen gem\u00e4\u00df einer Bestimmung dieser Nutzungsbedingungen zu unterbinden . Dementsprechend verzichten Sie hiermit auf jegliche Anforderung, dass 211MD eine Kaution oder andere Sicherheit stellt, falls 211MD eine einstweilige Verf\u00fcgung oder einen billigkeitsrechtlichen Rechtsbehelf beantragt oder 211MD zuerkannt wird, um eine Bestimmung dieser Nutzungsbedingungen durchzusetzen.<br>\n16. LAUFZEIT UND K\u00dcNDIGUNG. Diese Nutzungsbedingungen treten in dem Moment in Kraft, in dem Sie best\u00e4tigen (z. B. durch Ankreuzen eines K\u00e4stchens), dass Sie die Allgemeinen Gesch\u00e4ftsbedingungen der Website gelesen und verstanden haben und damit einverstanden sind, sie einzuhalten, indem Sie sich f\u00fcr ein Konto auf der Website registrieren Website nutzen, \u00fcber die Website auf eine Informationsanfrage reagieren und\/oder mit dem Herunterladen, Zugreifen auf oder der Nutzung der Website beginnen, je nachdem, welche Aktion oder welches Ereignis fr\u00fcher eintritt. 211MD beh\u00e4lt sich das Recht vor, Ihnen jederzeit und aus angemessenen Gr\u00fcnden den Zugriff auf die Website oder einen Teil davon zu verweigern. Diese Nutzungsbedingungen enden ebenfalls automatisch, wenn Sie ihre Allgemeinen Gesch\u00e4ftsbedingungen nicht einhalten, vorbehaltlich der Fortbestehensrechte bestimmter aufgef\u00fchrter Bestimmungen unten. Die K\u00fcndigung wird ohne vorherige Ank\u00fcndigung wirksam. Sie k\u00f6nnen diese Nutzungsbedingungen auch jederzeit k\u00fcndigen, indem Sie die Nutzung der Website einstellen. Alle anwendbaren Bestimmungen dieser Nutzungsbedingungen bleiben jedoch auch nach der K\u00fcndigung bestehen, wie unten angegeben, und bei jedem erneuten Zugriff oder jeder erneuten Nutzung der Website werden diese Nutzungsbedingungen erneut angewendet (dann in Kraft). zu dir. Nach der K\u00fcndigung m\u00fcssen Sie alle in Ihrem Besitz befindlichen Kopien jeglicher Aspekte der Website vernichten. Die Bestimmungen bez\u00fcglich der Eigentumsrechte von 211MD, des Feedbacks, des Haftungsausschlusses (der Gew\u00e4hrleistung), der Haftungsbeschr\u00e4nkungen, des Verzichts und der Salvatorischen Klausel, der gesamten Vereinbarung, des Unterlassungsanspruchs und des geltenden Rechts bleiben auch nach der Beendigung dieser Nutzungsbedingungen aus irgendeinem Grund bestehen.\n<p><strong>17. GELTENDES RECHT.<\/strong>&nbsp;Die Website wird von 211MD von seinen B\u00fcros in den Vereinigten Staaten aus kontrolliert und betrieben. Diese Nutzungsbedingungen wurden in \u00dcbereinstimmung mit den Gesetzen des Bundesstaates Maryland erstellt und werden in \u00dcbereinstimmung mit diesen ausgelegt und durchgesetzt, wie sie f\u00fcr Vereinbarungen gelten, die im Bundesstaat Maryland abgeschlossen und vollst\u00e4ndig erf\u00fcllt werden. Alle Klagen zur Durchsetzung dieser Nutzungsbedingungen werden vor den Gerichten des US-Bundesstaates Maryland erhoben, und alle Parteien dieser Nutzungsbedingungen stimmen ausdr\u00fccklich zu, der Gerichtsbarkeit dieser Gerichte zu unterliegen. Der Zugriff auf die Website ist f\u00fcr bestimmte Personen oder in bestimmten L\u00e4ndern m\u00f6glicherweise nicht legal. Wenn Sie von au\u00dferhalb der Vereinigten Staaten auf die Website zugreifen, tun Sie dies auf eigene Initiative und sind f\u00fcr die Einhaltung der \u00f6rtlichen Gesetze verantwortlich. Eine gedruckte Version dieser Nutzungsbedingungen und aller damit verbundenen Mitteilungen in elektronischer Form sind in Gerichts- oder Verwaltungsverfahren zul\u00e4ssig.<\/p>\n<p><strong>18. VERZICHT UND SALVATORISCHE KLAUSEL.<\/strong>&nbsp;Das Vers\u00e4umnis, auf der strikten Einhaltung einer der Bedingungen dieser Nutzungsbedingungen zu bestehen, gilt nicht als Verzicht auf sp\u00e4tere Nichterf\u00fcllung oder Nichterf\u00fcllung. Kein Verzicht von 211MD auf ein Recht aus diesen Nutzungsbedingungen gilt als Verzicht auf andere Rechte oder Bestimmungen oder als Verzicht auf dieselben Rechte oder Bestimmungen zu einem anderen Zeitpunkt. Wenn sich herausstellt, dass ein Teil dieser Nutzungsbedingungen gem\u00e4\u00df geltendem Recht ung\u00fcltig oder nicht durchsetzbar ist, einschlie\u00dflich, aber nicht beschr\u00e4nkt auf die oben genannten Gew\u00e4hrleistungsausschl\u00fcsse, Gerichtsstand, Anspr\u00fcche und Haftungsbeschr\u00e4nkungen, gilt die ung\u00fcltige oder nicht durchsetzbare Bestimmung als ersetzt durch eine g\u00fcltige, durchsetzbare Bestimmung, die der Absicht der urspr\u00fcnglichen Bestimmung am deutlichsten entspricht, und der Rest dieser Nutzungsbedingungen bleibt in Kraft.<\/p>\n<p><strong>19. GESAMTE VEREINBARUNG.<\/strong>&nbsp;Infolge dieser Nutzungsbedingungen oder Ihrer Nutzung der Website besteht zwischen Ihnen und 211MD kein Joint Venture, keine Partnerschaft, kein Besch\u00e4ftigungsverh\u00e4ltnis, kein verbundenes Unternehmen oder keine Agenturbeziehung. Diese Nutzungsbedingungen stellen die gesamte Vereinbarung zwischen Ihnen und 211MD in Bezug auf die Nutzung der Website dar und ersetzen alle vorherigen oder gleichzeitigen Mitteilungen und Vorschl\u00e4ge, ob elektronisch, m\u00fcndlich oder schriftlich, zwischen Ihnen und 211MD in Bezug auf die Website. Ohne die vorherige schriftliche Zustimmung von 211MD d\u00fcrfen Sie keine Rechte aus diesen Nutzungsbedingungen abtreten, delegieren oder \u00fcbertragen. Bitte beachten Sie, dass 211MD sich das Recht vorbeh\u00e4lt, die Gesch\u00e4ftsbedingungen dieser Nutzungsbedingungen zu \u00e4ndern, indem eine \u00fcberarbeitete Nutzungsbedingungen und eine entsprechende Ank\u00fcndigung der \u00fcberarbeiteten Nutzungsbedingungen ver\u00f6ffentlicht oder Ihnen per Post und\/oder E-Mail mitgeteilt werden. Dar\u00fcber hinaus kann 211MD beliebige Aspekte, Programme oder Funktionen der Website hinzuf\u00fcgen, \u00e4ndern oder l\u00f6schen, aber 211MD ist nicht verpflichtet, Upgrades, Verbesserungen oder \u00c4nderungen hinzuzuf\u00fcgen. Ihre fortgesetzte Nutzung der Website nach einer angek\u00fcndigten \u00c4nderung gilt abschlie\u00dfend als Zustimmung zu einer \u00c4nderung der Bedingungen dieser Nutzungsbedingungen. Dementsprechend wird von Ihnen erwartet, regelm\u00e4\u00dfig nach Ank\u00fcndigungen zu suchen und diese Nutzungsbedingungen zu \u00fcberpr\u00fcfen.<\/p>\n<p><strong>20. KONTAKT.<\/strong>&nbsp;Wenn Sie Fragen zur Website haben oder an weiteren Informationen \u00fcber 211MD interessiert sind, wenden Sie sich bitte unter info@211md.org (E-Mail) an 211MD.<\/p>","protected":false},"excerpt":{"rendered":"<p>G\u00fcltig ab 29. April 2022. WICHTIG \u2013 DIES IST EINE RECHTLICHE VEREINBARUNG ZWISCHEN IHNEN (im Folgenden als \u201eSie\u201c oder \u201eBenutzer\u201c oder mit \u201eIhrem\u201c bezeichnet) UND DEM MARYLAND INFORMATION NETWORK 2-1-1 MARYLAND, INC. (im Folgenden als \u201eSie\u201c bezeichnet). als \u201e211MD\u201c), die jedes Mal gilt, wenn Sie die Website von 211MD unter www.211md.org und alle anderen von Ihnen kontrollierten Online-Eigenschaften nutzen oder darauf zugreifen.<\/p>","protected":false},"author":13,"featured_media":0,"parent":0,"menu_order":0,"comment_status":"closed","ping_status":"closed","template":"","meta":{"footnotes":""},"class_list":["post-3547","page","type-page","status-publish","hentry"],"_links":{"self":[{"href":"https:\/\/211md.org\/de\/wp-json\/wp\/v2\/pages\/3547","targetHints":{"allow":["GET"]}}],"collection":[{"href":"https:\/\/211md.org\/de\/wp-json\/wp\/v2\/pages"}],"about":[{"href":"https:\/\/211md.org\/de\/wp-json\/wp\/v2\/types\/page"}],"author":[{"embeddable":true,"href":"https:\/\/211md.org\/de\/wp-json\/wp\/v2\/users\/13"}],"replies":[{"embeddable":true,"href":"https:\/\/211md.org\/de\/wp-json\/wp\/v2\/comments?post=3547"}],"version-history":[{"count":0,"href":"https:\/\/211md.org\/de\/wp-json\/wp\/v2\/pages\/3547\/revisions"}],"wp:attachment":[{"href":"https:\/\/211md.org\/de\/wp-json\/wp\/v2\/media?parent=3547"}],"curies":[{"name":"wp","href":"https:\/\/api.w.org\/{rel}","templated":true}]}}